{"id":957,"date":"2020-07-31T12:05:04","date_gmt":"2020-07-31T12:05:04","guid":{"rendered":"https:\/\/www.coach-hunter.com\/content\/?page_id=957"},"modified":"2020-09-14T13:47:33","modified_gmt":"2020-09-14T13:47:33","slug":"dejeps-basket-ball","status":"publish","type":"page","link":"https:\/\/www.coach-hunter.com\/content\/dejeps-basket-ball\/","title":{"rendered":"Tout sur le DEJEPS Basket-ball avec Coach Hunter"},"content":{"rendered":"\n<p>Le <strong>dipl\u00f4me d&rsquo;Etat de la jeunesse, de l\u2019\u00e9ducation populaire et du sport<\/strong> est un dipl\u00f4me class\u00e9 niveau III au <strong>RNCP<\/strong>. La mention Basket-ball entre dans les <a class=\"callAction\" href=\"https:\/\/www.coach-hunter.com\/content\/dejeps-sports-collectifs\/\">DEJEPS Sports Collectifs<\/a>.<br>Le <strong>DEJEPS Basket-ball<\/strong> permet d&rsquo;exercer en tant que <strong>coach sportif<\/strong> et <strong>entra\u00eeneur de basket-ball<\/strong>. En particulier, il pourra animer des <strong>cours de sport<\/strong> et des <strong>s\u00e9ances d&rsquo;entrainement<\/strong> aupr\u00e8s d&rsquo;individuels et de groupes.<\/p>\n\n\n\n<div class=\"wp-block-image\"><figure class=\"aligncenter size-large\"><img loading=\"lazy\" decoding=\"async\" width=\"626\" height=\"417\" src=\"https:\/\/www.coach-hunter.com\/content\/wp-content\/uploads\/2020\/07\/dejeps-basket-ball-Copie.jpg\" alt=\"DEJEPS Basket-ball\" class=\"wp-image-959\" srcset=\"https:\/\/www.coach-hunter.com\/content\/wp-content\/uploads\/2020\/07\/dejeps-basket-ball-Copie.jpg 626w, https:\/\/www.coach-hunter.com\/content\/wp-content\/uploads\/2020\/07\/dejeps-basket-ball-Copie-300x200.jpg 300w\" sizes=\"auto, (max-width: 626px) 85vw, 626px\" \/><\/figure><\/div>\n\n\n\n<div class='flexo'><div class=\"lames2\">\n\n\n\n<h2 class=\"wp-block-heading\">Les objectifs du&nbsp;DE JEPS sp\u00e9cialit\u00e9 perfectionnement sportif mention Basket-ball<\/h2>\n\n\n\n<p>Le dipl\u00f4me d Etat du DEJEPS Basket Ball forme <strong>des professionnels<\/strong> de l&rsquo;entrainement personnalis\u00e9 dans cette discipline. L\u2019entra\u00eeneur dipl\u00f4m\u00e9 sera amen\u00e9 \u00e0 proposer des actions de <strong>perfectionnement sportif en basket ball.<\/strong><\/p>\n\n\n\n<p>Le dipl\u00f4m\u00e9 pourra exercer le m\u00e9tier d&rsquo;entra\u00eeneur de basket ball dans le cadre d&rsquo;<strong>associations sportives affili\u00e9es \u00e0 la F\u00e9d\u00e9ration Fran\u00e7aise de Basket Ball<\/strong> (<a href=\"http:\/\/www.ffbb.com\/jouer\/trouver-un-club\" target=\"_blank\" rel=\"noreferrer noopener\">FFBB<\/a>). Il pourra alors peut \u00eatre amen\u00e9 \u00e0 intervenir aupr\u00e8s de publics <strong>comp\u00e9titeurs<\/strong> (\u00e9quipe en championnat de France, par exemple). L\u2019entra\u00eeneur put aussi proposer ses services pour du <strong>sport en entreprise<\/strong> et du <strong>coaching personnel<\/strong>. Dans ce cas, il devra concevoir, en toute autonomie, les <strong>programmes d&rsquo;entrainement<\/strong> adapt\u00e9s \u00e0 ces sujets-ci.<\/p>\n\n\n\n<p>Le DEJEPS Basket-ball fait partie des <strong>dipl\u00f4mes d entra\u00eeneur f\u00e9d\u00e9ral de basket ball<\/strong>. A ce titre, le titulaire du DEJEPS aura aussi pour mission de <strong>coordonner la mise en oeuvre des projets <\/strong>de la structure dans laquelle il travaille.<\/p>\n\n\n\n<\/div><div class=\"lames2\">\n\n\n\n<h2 class=\"wp-block-heading\">Quel parcours pour obtenir le DEJEPS Basket-Ball ?<\/h2>\n\n\n\n<p>Le candidat au DEJEPS Basket-Ball devra \u00eatre <strong>capable de conduire une d\u00e9marche de perfectionnement sportif<\/strong> adapt\u00e9e au public concern\u00e9. Il devra donc attester de comp\u00e9tences en mati\u00e8re d&rsquo;entrainement sportif et de <strong>pr\u00e9paration physique<\/strong>.<\/p>\n\n\n\n<p>Toutefois, l&rsquo;obtention de ce dipl\u00f4me d&rsquo;Etat n\u00e9cessite de<strong> <\/strong>justifier d\u2019une <strong>exp\u00e9rience&nbsp;pr\u00e9alable d\u2019encadrement<\/strong> dans la discipline concern\u00e9e. Il s&rsquo;agit notamment d&rsquo;une exp\u00e9rience en club sportif en tant qu\u2019entra\u00eeneur d&rsquo;\u00e9quipe, assistant ou principal.<\/p>\n\n\n\n<p>Par ailleurs, il vous faudra r\u00e9ussir une <strong>\u00e9preuve de pratique p\u00e9dagogique<\/strong>. Si vous pouvez justifier d&rsquo;un <strong>CQP <\/strong>ou d&rsquo;un <strong>BEES 1<\/strong> mention Basket-ball, vous ne passerez que les \u00e9preuves \u00e9crites et orales.<\/p>\n\n\n\n<p><strong>Accessibilit\u00e9<\/strong> : Il faut \u00eatre titulaire du PSC1 ou d\u2019un dipl\u00f4me \u00e9quivalent.<br><strong>Dur\u00e9e de formation<\/strong>&nbsp;:&nbsp;1200 heures dont : 700 heures en centre de formation, 500 heures en structure sportive<br><strong>Co\u00fbt de la formation<\/strong>&nbsp;:&nbsp;9 000 \u20ac environ<\/p>\n\n\n\n<\/div><\/div>\n\n\n\n<h2 class=\"wp-block-heading\">D\u2019autres DEJEPS Sports collectifs :<\/h2>\n\n\n\n<ul class=\"wp-block-list\"><li><a href=\"https:\/\/www.coach-hunter.com\/content\/dejeps-handball\/\">DEJEPS Handball<\/a><\/li><li><a href=\"https:\/\/www.coach-hunter.com\/content\/dejeps-rugby\/\">DEJEPS Rugby<\/a><\/li><li><a href=\"https:\/\/www.coach-hunter.com\/content\/dejeps-volley-ball\/\">DEJEPS Volley-ball<\/a><\/li><li><a href=\"https:\/\/www.coach-hunter.com\/content\/dejeps-water-polo\/\"><a href=\"https:\/\/www.coach-hunter.com\/content\/dejeps-water-polo\/\">DEJEPS Water-polo<\/a><\/a><\/li><\/ul>\n","protected":false},"excerpt":{"rendered":"<p>Le dipl\u00f4me d&rsquo;Etat de la jeunesse, de l\u2019\u00e9ducation populaire et du sport est un dipl\u00f4me class\u00e9 niveau III au RNCP. La mention Basket-ball entre dans les DEJEPS Sports Collectifs.Le DEJEPS Basket-ball permet d&rsquo;exercer en tant que coach sportif et entra\u00eeneur de basket-ball. En particulier, il pourra animer des cours de sport et des s\u00e9ances d&rsquo;entrainement &hellip; <a href=\"https:\/\/www.coach-hunter.com\/content\/dejeps-basket-ball\/\" class=\"more-link\">Continuer la lecture<span class=\"screen-reader-text\"> de &laquo;&nbsp;Tout sur le DEJEPS Basket-ball avec Coach Hunter&nbsp;&raquo;<\/span><\/a><\/p>\n","protected":false},"author":5,"featured_media":0,"parent":0,"menu_order":0,"comment_status":"closed","ping_status":"closed","template":"","meta":{"footnotes":""},"class_list":["post-957","page","type-page","status-publish","hentry"],"yoast_head":"<!-- This site is optimized with the Yoast SEO plugin v27.5 - https:\/\/yoast.com\/product\/yoast-seo-wordpress\/ -->\n<title>DEJEPS Basket-ball pour devenir un coach sportif sp\u00e9cialis\u00e9<\/title>\n<meta name=\"description\" content=\"Le DEJEPS Basket-ball est un dipl\u00f4me d&#039;Etat qui permet d&#039;exercer comme coach sportif aupr\u00e8s de de clubs sportifs ou de particuliers.\" \/>\n<meta name=\"robots\" content=\"index, follow, max-snippet:-1, max-image-preview:large, max-video-preview:-1\" \/>\n<link rel=\"canonical\" href=\"https:\/\/www.coach-hunter.com\/content\/dejeps-basket-ball\/\" \/>\n<meta property=\"og:locale\" content=\"fr_FR\" \/>\n<meta property=\"og:type\" content=\"article\" \/>\n<meta property=\"og:title\" content=\"DEJEPS Basket-ball pour devenir un coach sportif sp\u00e9cialis\u00e9\" \/>\n<meta property=\"og:description\" content=\"Le DEJEPS Basket-ball est un dipl\u00f4me d&#039;Etat qui permet d&#039;exercer comme coach sportif aupr\u00e8s de de clubs sportifs ou de particuliers.\" \/>\n<meta property=\"og:url\" content=\"https:\/\/www.coach-hunter.com\/content\/dejeps-basket-ball\/\" \/>\n<meta property=\"og:site_name\" content=\"Blog Coach Hunter\" \/>\n<meta property=\"article:modified_time\" content=\"2020-09-14T13:47:33+00:00\" \/>\n<meta property=\"og:image\" content=\"https:\/\/www.coach-hunter.com\/content\/wp-content\/uploads\/2020\/07\/dejeps-basket-ball-Copie.jpg\" \/>\n\t<meta property=\"og:image:width\" content=\"626\" \/>\n\t<meta property=\"og:image:height\" content=\"417\" \/>\n\t<meta property=\"og:image:type\" content=\"image\/jpeg\" \/>\n<meta name=\"twitter:card\" content=\"summary_large_image\" \/>\n<meta name=\"twitter:label1\" content=\"Dur\u00e9e de lecture estim\u00e9e\" \/>\n\t<meta name=\"twitter:data1\" content=\"2 minutes\" \/>\n<script type=\"application\/ld+json\" class=\"yoast-schema-graph\">{\"@context\":\"https:\\\/\\\/schema.org\",\"@graph\":[{\"@type\":\"WebPage\",\"@id\":\"https:\\\/\\\/www.coach-hunter.com\\\/content\\\/dejeps-basket-ball\\\/\",\"url\":\"https:\\\/\\\/www.coach-hunter.com\\\/content\\\/dejeps-basket-ball\\\/\",\"name\":\"DEJEPS Basket-ball pour devenir un coach sportif sp\u00e9cialis\u00e9\",\"isPartOf\":{\"@id\":\"https:\\\/\\\/www.coach-hunter.com\\\/content\\\/#website\"},\"primaryImageOfPage\":{\"@id\":\"https:\\\/\\\/www.coach-hunter.com\\\/content\\\/dejeps-basket-ball\\\/#primaryimage\"},\"image\":{\"@id\":\"https:\\\/\\\/www.coach-hunter.com\\\/content\\\/dejeps-basket-ball\\\/#primaryimage\"},\"thumbnailUrl\":\"https:\\\/\\\/www.coach-hunter.com\\\/content\\\/wp-content\\\/uploads\\\/2020\\\/07\\\/dejeps-basket-ball-Copie.jpg\",\"datePublished\":\"2020-07-31T12:05:04+00:00\",\"dateModified\":\"2020-09-14T13:47:33+00:00\",\"description\":\"Le DEJEPS Basket-ball est un dipl\u00f4me d'Etat qui permet d'exercer comme coach sportif aupr\u00e8s de de clubs sportifs ou de particuliers.\",\"breadcrumb\":{\"@id\":\"https:\\\/\\\/www.coach-hunter.com\\\/content\\\/dejeps-basket-ball\\\/#breadcrumb\"},\"inLanguage\":\"fr-FR\",\"potentialAction\":[{\"@type\":\"ReadAction\",\"target\":[\"https:\\\/\\\/www.coach-hunter.com\\\/content\\\/dejeps-basket-ball\\\/\"]}]},{\"@type\":\"ImageObject\",\"inLanguage\":\"fr-FR\",\"@id\":\"https:\\\/\\\/www.coach-hunter.com\\\/content\\\/dejeps-basket-ball\\\/#primaryimage\",\"url\":\"https:\\\/\\\/www.coach-hunter.com\\\/content\\\/wp-content\\\/uploads\\\/2020\\\/07\\\/dejeps-basket-ball-Copie.jpg\",\"contentUrl\":\"https:\\\/\\\/www.coach-hunter.com\\\/content\\\/wp-content\\\/uploads\\\/2020\\\/07\\\/dejeps-basket-ball-Copie.jpg\",\"width\":626,\"height\":417},{\"@type\":\"BreadcrumbList\",\"@id\":\"https:\\\/\\\/www.coach-hunter.com\\\/content\\\/dejeps-basket-ball\\\/#breadcrumb\",\"itemListElement\":[{\"@type\":\"ListItem\",\"position\":1,\"name\":\"Accueil\",\"item\":\"https:\\\/\\\/www.coach-hunter.com\\\/content\\\/\"},{\"@type\":\"ListItem\",\"position\":2,\"name\":\"Tout sur le DEJEPS Basket-ball avec Coach Hunter\"}]},{\"@type\":\"WebSite\",\"@id\":\"https:\\\/\\\/www.coach-hunter.com\\\/content\\\/#website\",\"url\":\"https:\\\/\\\/www.coach-hunter.com\\\/content\\\/\",\"name\":\"Blog Coach Hunter\",\"description\":\"\",\"potentialAction\":[{\"@type\":\"SearchAction\",\"target\":{\"@type\":\"EntryPoint\",\"urlTemplate\":\"https:\\\/\\\/www.coach-hunter.com\\\/content\\\/?s={search_term_string}\"},\"query-input\":{\"@type\":\"PropertyValueSpecification\",\"valueRequired\":true,\"valueName\":\"search_term_string\"}}],\"inLanguage\":\"fr-FR\"}]}<\/script>\n<!-- \/ Yoast SEO plugin. -->","yoast_head_json":{"title":"DEJEPS Basket-ball pour devenir un coach sportif sp\u00e9cialis\u00e9","description":"Le DEJEPS Basket-ball est un dipl\u00f4me d'Etat qui permet d'exercer comme coach sportif aupr\u00e8s de de clubs sportifs ou de particuliers.","robots":{"index":"index","follow":"follow","max-snippet":"max-snippet:-1","max-image-preview":"max-image-preview:large","max-video-preview":"max-video-preview:-1"},"canonical":"https:\/\/www.coach-hunter.com\/content\/dejeps-basket-ball\/","og_locale":"fr_FR","og_type":"article","og_title":"DEJEPS Basket-ball pour devenir un coach sportif sp\u00e9cialis\u00e9","og_description":"Le DEJEPS Basket-ball est un dipl\u00f4me d'Etat qui permet d'exercer comme coach sportif aupr\u00e8s de de clubs sportifs ou de particuliers.","og_url":"https:\/\/www.coach-hunter.com\/content\/dejeps-basket-ball\/","og_site_name":"Blog Coach Hunter","article_modified_time":"2020-09-14T13:47:33+00:00","og_image":[{"width":626,"height":417,"url":"https:\/\/www.coach-hunter.com\/content\/wp-content\/uploads\/2020\/07\/dejeps-basket-ball-Copie.jpg","type":"image\/jpeg"}],"twitter_card":"summary_large_image","twitter_misc":{"Dur\u00e9e de lecture estim\u00e9e":"2 minutes"},"schema":{"@context":"https:\/\/schema.org","@graph":[{"@type":"WebPage","@id":"https:\/\/www.coach-hunter.com\/content\/dejeps-basket-ball\/","url":"https:\/\/www.coach-hunter.com\/content\/dejeps-basket-ball\/","name":"DEJEPS Basket-ball pour devenir un coach sportif sp\u00e9cialis\u00e9","isPartOf":{"@id":"https:\/\/www.coach-hunter.com\/content\/#website"},"primaryImageOfPage":{"@id":"https:\/\/www.coach-hunter.com\/content\/dejeps-basket-ball\/#primaryimage"},"image":{"@id":"https:\/\/www.coach-hunter.com\/content\/dejeps-basket-ball\/#primaryimage"},"thumbnailUrl":"https:\/\/www.coach-hunter.com\/content\/wp-content\/uploads\/2020\/07\/dejeps-basket-ball-Copie.jpg","datePublished":"2020-07-31T12:05:04+00:00","dateModified":"2020-09-14T13:47:33+00:00","description":"Le DEJEPS Basket-ball est un dipl\u00f4me d'Etat qui permet d'exercer comme coach sportif aupr\u00e8s de de clubs sportifs ou de particuliers.","breadcrumb":{"@id":"https:\/\/www.coach-hunter.com\/content\/dejeps-basket-ball\/#breadcrumb"},"inLanguage":"fr-FR","potentialAction":[{"@type":"ReadAction","target":["https:\/\/www.coach-hunter.com\/content\/dejeps-basket-ball\/"]}]},{"@type":"ImageObject","inLanguage":"fr-FR","@id":"https:\/\/www.coach-hunter.com\/content\/dejeps-basket-ball\/#primaryimage","url":"https:\/\/www.coach-hunter.com\/content\/wp-content\/uploads\/2020\/07\/dejeps-basket-ball-Copie.jpg","contentUrl":"https:\/\/www.coach-hunter.com\/content\/wp-content\/uploads\/2020\/07\/dejeps-basket-ball-Copie.jpg","width":626,"height":417},{"@type":"BreadcrumbList","@id":"https:\/\/www.coach-hunter.com\/content\/dejeps-basket-ball\/#breadcrumb","itemListElement":[{"@type":"ListItem","position":1,"name":"Accueil","item":"https:\/\/www.coach-hunter.com\/content\/"},{"@type":"ListItem","position":2,"name":"Tout sur le DEJEPS Basket-ball avec Coach Hunter"}]},{"@type":"WebSite","@id":"https:\/\/www.coach-hunter.com\/content\/#website","url":"https:\/\/www.coach-hunter.com\/content\/","name":"Blog Coach Hunter","description":"","potentialAction":[{"@type":"SearchAction","target":{"@type":"EntryPoint","urlTemplate":"https:\/\/www.coach-hunter.com\/content\/?s={search_term_string}"},"query-input":{"@type":"PropertyValueSpecification","valueRequired":true,"valueName":"search_term_string"}}],"inLanguage":"fr-FR"}]}},"_links":{"self":[{"href":"https:\/\/www.coach-hunter.com\/content\/wp-json\/wp\/v2\/pages\/957","targetHints":{"allow":["GET"]}}],"collection":[{"href":"https:\/\/www.coach-hunter.com\/content\/wp-json\/wp\/v2\/pages"}],"about":[{"href":"https:\/\/www.coach-hunter.com\/content\/wp-json\/wp\/v2\/types\/page"}],"author":[{"embeddable":true,"href":"https:\/\/www.coach-hunter.com\/content\/wp-json\/wp\/v2\/users\/5"}],"replies":[{"embeddable":true,"href":"https:\/\/www.coach-hunter.com\/content\/wp-json\/wp\/v2\/comments?post=957"}],"version-history":[{"count":13,"href":"https:\/\/www.coach-hunter.com\/content\/wp-json\/wp\/v2\/pages\/957\/revisions"}],"predecessor-version":[{"id":1614,"href":"https:\/\/www.coach-hunter.com\/content\/wp-json\/wp\/v2\/pages\/957\/revisions\/1614"}],"wp:attachment":[{"href":"https:\/\/www.coach-hunter.com\/content\/wp-json\/wp\/v2\/media?parent=957"}],"curies":[{"name":"wp","href":"https:\/\/api.w.org\/{rel}","templated":true}]}}