{"id":84,"date":"2018-03-13T17:42:55","date_gmt":"2018-03-13T17:42:55","guid":{"rendered":"https:\/\/www.coach-hunter.com\/content\/?page_id=84"},"modified":"2024-03-20T10:49:06","modified_gmt":"2024-03-20T10:49:06","slug":"motivation-sportive","status":"publish","type":"page","link":"https:\/\/www.coach-hunter.com\/content\/motivation-sportive\/","title":{"rendered":"L&rsquo;envie de faire du sport avec un coach motivation"},"content":{"rendered":"\n<p>Le manque de motivation sportive, m\u00eame s&rsquo;il n&rsquo;est pas r\u00e9ellement un <a class=\"callAction\" href=\"https:\/\/www.coach-hunter.com\/content\/\">objectif sportif<\/a>, est une des raisons pour laquelle les individus on recourt \u00e0 un coach sportif. Quand on est dans une spirale de d\u00e9motivation, toutes les raisons sont bonnes. Il fait froid, j&rsquo;ai mal l\u00e0, et j&rsquo;en passe&#8230; Bien choisir son activit\u00e9 sportive, \u00eatre dans les meilleurs conditions et faire appel \u00e0 un coach motivation \u00e0 domicile peuvent \u00eatre des solutions pour retrouver le plaisir de faire du sport.<\/p>\n\n\n<div class=\"wp-block-image\">\n<figure class=\"aligncenter\"><img loading=\"lazy\" decoding=\"async\" width=\"1024\" height=\"1024\" src=\"https:\/\/www.coach-hunter.com\/content\/wp-content\/uploads\/2018\/03\/Motiv-1024x1024.jpg\" alt=\"Motivation sportive\" class=\"wp-image-85\" srcset=\"https:\/\/www.coach-hunter.com\/content\/wp-content\/uploads\/2018\/03\/Motiv-1024x1024.jpg 1024w, https:\/\/www.coach-hunter.com\/content\/wp-content\/uploads\/2018\/03\/Motiv-150x150.jpg 150w, https:\/\/www.coach-hunter.com\/content\/wp-content\/uploads\/2018\/03\/Motiv-300x300.jpg 300w, https:\/\/www.coach-hunter.com\/content\/wp-content\/uploads\/2018\/03\/Motiv-768x768.jpg 768w, https:\/\/www.coach-hunter.com\/content\/wp-content\/uploads\/2018\/03\/Motiv-1200x1200.jpg 1200w, https:\/\/www.coach-hunter.com\/content\/wp-content\/uploads\/2018\/03\/Motiv.jpg 1400w\" sizes=\"auto, (max-width: 709px) 85vw, (max-width: 909px) 67vw, (max-width: 1362px) 62vw, 840px\" \/><\/figure>\n<\/div>\n\n\n<h2 class=\"wp-block-heading\">Comment se motiver \u00e0 faire du sport (avec ou sans coach motivation) ?<\/h2>\n\n\n\n<p>Il est souvent difficile de se motiver \u00e0 faire du sport. En effet, de nos jours, nous sommes motiv\u00e9s le plus souvent pour <strong>atteindre un objectif<\/strong> comme perdre du poids par exemple (motivation extrins\u00e8que). Malheureusement, sans <strong>le plaisir de faire les choses<\/strong>, le d\u00e9couragement arrive et l&rsquo;arr\u00eat de l&rsquo;activit\u00e9 suit. C&rsquo;est ce que l&rsquo;on appelle la <strong>motivation intrins\u00e8que<\/strong>.<\/p>\n\n\n\n<p>Il est donc important de choisir une <strong>activit\u00e9 sportive qui vous pla\u00eet<\/strong>. Le lien social peut \u00eatre aussi une source de motivation. Dans la plupart des cas, <strong>faire du sport entre amis\/en famille<\/strong> est plus int\u00e9ressant.<\/p>\n\n\n\n<p>Vous avez aussi le choix de faire <strong>appel \u00e0 l&rsquo;un de nos coachs motivation<\/strong>. Un personal trainer vous donne les clefs du succ\u00e8s pour trouver la motivation sportive et de vous y mettre durablement.<\/p>\n\n\n\n<h2 class=\"wp-block-heading\">Pourquoi faire appel \u00e0 un coach en motivation ?<\/h2>\n\n\n\n<p>De nombreuses raisons peuvent causer un manque de motivation \u00e0 pratiquer une activit\u00e9 sportive. Souvent, vous n&rsquo;avez pas <strong>la foi d&rsquo;aller seul \u00e0 la salle de sport<\/strong> ou vous <strong>manquez de temps<\/strong>. Le coach motivation peut alors venir \u00e0 domicile, avec un programme d&rsquo;entra\u00eenement personnalis\u00e9.<\/p>\n\n\n\n<p>Il se peut aussi que vous soyez d\u00e9courag\u00e9 car vous n&rsquo;<strong>obtenez pas les r\u00e9sultats voulus<\/strong>. Cela peut \u00eatre d\u00fb \u00e0 une routine sportive, \u00e0 une mauvaise pratique ou encore un programme inadapt\u00e9. Un coach est l\u00e0 pour r\u00e9soudre votre probl\u00e8me. Vous avez certainement besoins de conseils sp\u00e9cifiques afin de pouvoir <strong>atteindre vos propres objectifs<\/strong>.<\/p>\n\n\n\n<p>D&rsquo;autres raisons plus ou moins personnelles peuvent \u00eatre aussi la cause. Le <strong>retour au sport apr\u00e8s une blessure<\/strong>, la<strong> garde des enfants<\/strong>, une <strong>maladie<\/strong> ou encore l&rsquo;<strong>arr\u00eat de toute activit\u00e9 sportive<\/strong> pendant un long moment sont autant de sources de d\u00e9couragement. Pour ces raisons, un coach sportif est vraiment la solution id\u00e9ale pour vous et vous en dit plus dans notre sujet.<\/p>\n\n\n\n<h3 class=\"wp-block-heading\">Pr\u00e9paration physique et coach mental<\/h3>\n\n\n\n<p>Certains pr\u00e9parateurs physiques sont tout sp\u00e9cifiquement form\u00e9s au coaching mental. Cette sp\u00e9cialit\u00e9 leur permet d&rsquo;aider leurs \u00e9l\u00e8ves \u00e0 modifier leur mode de pens\u00e9e, de sorte \u00e0 les rendre plus motiv\u00e9s, mais aussi plus positifs et plus productifs dans leur pratique et dans tous les aspects de leur vie. <\/p>\n\n\n\n<p>Le <a class=\"callAction\" href=\"https:\/\/www.coach-hunter.com\/content\/coach-mental\/\">coach mental<\/a> ne s&rsquo;adresse d&rsquo;ailleurs pas qu&rsquo;aux athl\u00e8tes, puisqu&rsquo;il peut aussi prendre en charge les personnes ambitieuses sur le plan professionnel (comme les entrepreneurs) ou tout simplement celles qui veulent gagner en confiance en elles et d\u00e9velopper leurs soft skills !<\/p>\n\n\n\n<h2 class=\"wp-block-heading\">Quel est le meilleur moment pour faire du sport ?<\/h2>\n\n\n\n<p>Comme tout le monde, vous avez constat\u00e9 que vos performances sportives n&rsquo;\u00e9taient pas les m\u00eames selon l&rsquo;heure \u00e0 laquelle vous pratiquez. Vous vous sentez peut \u00eatre plus en forme le matin ou le soir ? Vous pr\u00e9f\u00e9rez faire du sport pour vous vider la t\u00eate et enfin \u00eatre d\u00e9tendu en fin de journ\u00e9e, ou bien encore, vous pr\u00e9f\u00e9rez aller \u00e0 la salle entre midi et deux pour avoir toutes les machines pour vous \ud83d\ude09<\/p>\n\n\n\n<p>Quel est le <a class=\"callAction\" href=\"https:\/\/www.coach-hunter.com\/content\/meilleur-moment-sport\/\">meilleur moment pour faire du sport<\/a> ? On vous dit tout sur les cycles biologiques dont nous d\u00e9pendons et qui affectent nos capacit\u00e9s physiques. Cependant, il est tout \u00e0 fait possible d&rsquo;avoir un coaching de motivation \u00e0 n&rsquo;importe quelle heure de la journ\u00e9e avec coach-hunter.<\/p>\n\n\n\n<p>Pour aller plus loin sur le rapport entre sport et motivation, nous avons d\u00e9nicher pour vous ce <a href=\"http:\/\/www.cfaomnisports.fr\/index_htm_files\/FT%201%20La%20motivation.pdf\">rapport.<\/a> Il est tr\u00e8s int\u00e9ressant pour son d\u00e9veloppement personnel.<\/p>\n\n\n\n<h2 class=\"wp-block-heading\">Motivation sportive : internet et sport font-ils bon m\u00e9nage ?<\/h2>\n\n\n\n<p><strong>Achat sur internet<\/strong>, <strong>r\u00e9seaux sociaux<\/strong> qui nous permettent un contact permanent avec nos proches, des <strong>millions d&rsquo;informations<\/strong> qui semblent permettent de r\u00e9pondre \u00e0 tout. Ainsi, internet a d\u00e9finitivement chang\u00e9 notre mani\u00e8re de vivre. Dans le sport, le constat est le m\u00eame !<\/p>\n\n\n\n<p>On peut alors trouver des centaines d&rsquo;<strong>applications pour faire du sport<\/strong> ou trouver tous les parcours possibles pour courir. Mais attention, toutes les informations qu&rsquo;il y a ne sont pas fiables et prendre du recul par rapport \u00e0 ce sujet semble \u00eatre une bonne id\u00e9e. On vous dit tout sur la relation entre <a class=\"callAction\" href=\"https:\/\/www.coach-hunter.com\/content\/internet-sport\/\">internet et sport<\/a> dans notre sujet pr\u00e9par\u00e9 par notre \u00e9ducateur sportif.<\/p>\n\n\n\n<h2 class=\"wp-block-heading\">Nos autres objectifs sportifs :<\/h2>\n\n\n\n<ul class=\"wp-block-list\">\n<li>Oubliez vos kilos en trop avec un <a href=\"https:\/\/www.coach-hunter.com\/content\/perte-de-poids\/\">coach perte de poids<\/a><\/li>\n\n\n\n<li><a href=\"https:\/\/www.coach-hunter.com\/content\/sport-au-feminin\/\">Coach sportif pour femme<\/a> : objectifs et conseils demand\u00e9s<\/li>\n\n\n\n<li><a href=\"https:\/\/www.coach-hunter.com\/content\/sante\/\">Coach sant\u00e9<\/a>, une vie saine gr\u00e2ce au sport<\/li>\n\n\n\n<li>Atteindre ses objectifs rapidement avec un <a href=\"https:\/\/www.coach-hunter.com\/content\/nutrition\/\">coach nutrition<\/a><\/li>\n<\/ul>\n","protected":false},"excerpt":{"rendered":"<p>Le manque de motivation sportive, m\u00eame s&rsquo;il n&rsquo;est pas r\u00e9ellement un objectif sportif, est une des raisons pour laquelle les individus on recourt \u00e0 un coach sportif. Quand on est dans une spirale de d\u00e9motivation, toutes les raisons sont bonnes. Il fait froid, j&rsquo;ai mal l\u00e0, et j&rsquo;en passe&#8230; Bien choisir son activit\u00e9 sportive, \u00eatre &hellip; <a href=\"https:\/\/www.coach-hunter.com\/content\/motivation-sportive\/\" class=\"more-link\">Continuer la lecture<span class=\"screen-reader-text\"> de &laquo;&nbsp;L&rsquo;envie de faire du sport avec un coach motivation&nbsp;&raquo;<\/span><\/a><\/p>\n","protected":false},"author":2,"featured_media":0,"parent":0,"menu_order":0,"comment_status":"open","ping_status":"closed","template":"","meta":{"footnotes":""},"class_list":["post-84","page","type-page","status-publish","hentry"],"yoast_head":"<!-- This site is optimized with the Yoast SEO plugin v27.5 - https:\/\/yoast.com\/product\/yoast-seo-wordpress\/ -->\n<title>Coach motivation : retrouver le plaisir de faire du sport<\/title>\n<meta name=\"description\" content=\"Un coach motivation vous procure des conseils pour retrouver l&#039;envie de se mettre au sport et de vous y tenir durablement.\" \/>\n<meta name=\"robots\" content=\"index, follow, max-snippet:-1, max-image-preview:large, max-video-preview:-1\" \/>\n<link rel=\"canonical\" href=\"https:\/\/www.coach-hunter.com\/content\/motivation-sportive\/\" \/>\n<meta property=\"og:locale\" content=\"fr_FR\" \/>\n<meta property=\"og:type\" content=\"article\" \/>\n<meta property=\"og:title\" content=\"Coach motivation : retrouver le plaisir de faire du sport\" \/>\n<meta property=\"og:description\" content=\"Un coach motivation vous procure des conseils pour retrouver l&#039;envie de se mettre au sport et de vous y tenir durablement.\" \/>\n<meta property=\"og:url\" content=\"https:\/\/www.coach-hunter.com\/content\/motivation-sportive\/\" \/>\n<meta property=\"og:site_name\" content=\"Blog Coach Hunter\" \/>\n<meta property=\"article:modified_time\" content=\"2024-03-20T10:49:06+00:00\" \/>\n<meta property=\"og:image\" content=\"https:\/\/www.coach-hunter.com\/content\/wp-content\/uploads\/2018\/03\/Motiv-1024x1024.jpg\" \/>\n<meta name=\"twitter:card\" content=\"summary_large_image\" \/>\n<meta name=\"twitter:label1\" content=\"Dur\u00e9e de lecture estim\u00e9e\" \/>\n\t<meta name=\"twitter:data1\" content=\"4 minutes\" \/>\n<script type=\"application\/ld+json\" class=\"yoast-schema-graph\">{\"@context\":\"https:\\\/\\\/schema.org\",\"@graph\":[{\"@type\":\"WebPage\",\"@id\":\"https:\\\/\\\/www.coach-hunter.com\\\/content\\\/motivation-sportive\\\/\",\"url\":\"https:\\\/\\\/www.coach-hunter.com\\\/content\\\/motivation-sportive\\\/\",\"name\":\"Coach motivation : retrouver le plaisir de faire du sport\",\"isPartOf\":{\"@id\":\"https:\\\/\\\/www.coach-hunter.com\\\/content\\\/#website\"},\"primaryImageOfPage\":{\"@id\":\"https:\\\/\\\/www.coach-hunter.com\\\/content\\\/motivation-sportive\\\/#primaryimage\"},\"image\":{\"@id\":\"https:\\\/\\\/www.coach-hunter.com\\\/content\\\/motivation-sportive\\\/#primaryimage\"},\"thumbnailUrl\":\"https:\\\/\\\/www.coach-hunter.com\\\/content\\\/wp-content\\\/uploads\\\/2018\\\/03\\\/Motiv-1024x1024.jpg\",\"datePublished\":\"2018-03-13T17:42:55+00:00\",\"dateModified\":\"2024-03-20T10:49:06+00:00\",\"description\":\"Un coach motivation vous procure des conseils pour retrouver l'envie de se mettre au sport et de vous y tenir durablement.\",\"breadcrumb\":{\"@id\":\"https:\\\/\\\/www.coach-hunter.com\\\/content\\\/motivation-sportive\\\/#breadcrumb\"},\"inLanguage\":\"fr-FR\",\"potentialAction\":[{\"@type\":\"ReadAction\",\"target\":[\"https:\\\/\\\/www.coach-hunter.com\\\/content\\\/motivation-sportive\\\/\"]}]},{\"@type\":\"ImageObject\",\"inLanguage\":\"fr-FR\",\"@id\":\"https:\\\/\\\/www.coach-hunter.com\\\/content\\\/motivation-sportive\\\/#primaryimage\",\"url\":\"https:\\\/\\\/www.coach-hunter.com\\\/content\\\/wp-content\\\/uploads\\\/2018\\\/03\\\/Motiv.jpg\",\"contentUrl\":\"https:\\\/\\\/www.coach-hunter.com\\\/content\\\/wp-content\\\/uploads\\\/2018\\\/03\\\/Motiv.jpg\",\"width\":1400,\"height\":1400},{\"@type\":\"BreadcrumbList\",\"@id\":\"https:\\\/\\\/www.coach-hunter.com\\\/content\\\/motivation-sportive\\\/#breadcrumb\",\"itemListElement\":[{\"@type\":\"ListItem\",\"position\":1,\"name\":\"Accueil\",\"item\":\"https:\\\/\\\/www.coach-hunter.com\\\/content\\\/\"},{\"@type\":\"ListItem\",\"position\":2,\"name\":\"L&rsquo;envie de faire du sport avec un coach motivation\"}]},{\"@type\":\"WebSite\",\"@id\":\"https:\\\/\\\/www.coach-hunter.com\\\/content\\\/#website\",\"url\":\"https:\\\/\\\/www.coach-hunter.com\\\/content\\\/\",\"name\":\"Blog Coach Hunter\",\"description\":\"\",\"potentialAction\":[{\"@type\":\"SearchAction\",\"target\":{\"@type\":\"EntryPoint\",\"urlTemplate\":\"https:\\\/\\\/www.coach-hunter.com\\\/content\\\/?s={search_term_string}\"},\"query-input\":{\"@type\":\"PropertyValueSpecification\",\"valueRequired\":true,\"valueName\":\"search_term_string\"}}],\"inLanguage\":\"fr-FR\"}]}<\/script>\n<!-- \/ Yoast SEO plugin. -->","yoast_head_json":{"title":"Coach motivation : retrouver le plaisir de faire du sport","description":"Un coach motivation vous procure des conseils pour retrouver l'envie de se mettre au sport et de vous y tenir durablement.","robots":{"index":"index","follow":"follow","max-snippet":"max-snippet:-1","max-image-preview":"max-image-preview:large","max-video-preview":"max-video-preview:-1"},"canonical":"https:\/\/www.coach-hunter.com\/content\/motivation-sportive\/","og_locale":"fr_FR","og_type":"article","og_title":"Coach motivation : retrouver le plaisir de faire du sport","og_description":"Un coach motivation vous procure des conseils pour retrouver l'envie de se mettre au sport et de vous y tenir durablement.","og_url":"https:\/\/www.coach-hunter.com\/content\/motivation-sportive\/","og_site_name":"Blog Coach Hunter","article_modified_time":"2024-03-20T10:49:06+00:00","og_image":[{"url":"https:\/\/www.coach-hunter.com\/content\/wp-content\/uploads\/2018\/03\/Motiv-1024x1024.jpg","type":"","width":"","height":""}],"twitter_card":"summary_large_image","twitter_misc":{"Dur\u00e9e de lecture estim\u00e9e":"4 minutes"},"schema":{"@context":"https:\/\/schema.org","@graph":[{"@type":"WebPage","@id":"https:\/\/www.coach-hunter.com\/content\/motivation-sportive\/","url":"https:\/\/www.coach-hunter.com\/content\/motivation-sportive\/","name":"Coach motivation : retrouver le plaisir de faire du sport","isPartOf":{"@id":"https:\/\/www.coach-hunter.com\/content\/#website"},"primaryImageOfPage":{"@id":"https:\/\/www.coach-hunter.com\/content\/motivation-sportive\/#primaryimage"},"image":{"@id":"https:\/\/www.coach-hunter.com\/content\/motivation-sportive\/#primaryimage"},"thumbnailUrl":"https:\/\/www.coach-hunter.com\/content\/wp-content\/uploads\/2018\/03\/Motiv-1024x1024.jpg","datePublished":"2018-03-13T17:42:55+00:00","dateModified":"2024-03-20T10:49:06+00:00","description":"Un coach motivation vous procure des conseils pour retrouver l'envie de se mettre au sport et de vous y tenir durablement.","breadcrumb":{"@id":"https:\/\/www.coach-hunter.com\/content\/motivation-sportive\/#breadcrumb"},"inLanguage":"fr-FR","potentialAction":[{"@type":"ReadAction","target":["https:\/\/www.coach-hunter.com\/content\/motivation-sportive\/"]}]},{"@type":"ImageObject","inLanguage":"fr-FR","@id":"https:\/\/www.coach-hunter.com\/content\/motivation-sportive\/#primaryimage","url":"https:\/\/www.coach-hunter.com\/content\/wp-content\/uploads\/2018\/03\/Motiv.jpg","contentUrl":"https:\/\/www.coach-hunter.com\/content\/wp-content\/uploads\/2018\/03\/Motiv.jpg","width":1400,"height":1400},{"@type":"BreadcrumbList","@id":"https:\/\/www.coach-hunter.com\/content\/motivation-sportive\/#breadcrumb","itemListElement":[{"@type":"ListItem","position":1,"name":"Accueil","item":"https:\/\/www.coach-hunter.com\/content\/"},{"@type":"ListItem","position":2,"name":"L&rsquo;envie de faire du sport avec un coach motivation"}]},{"@type":"WebSite","@id":"https:\/\/www.coach-hunter.com\/content\/#website","url":"https:\/\/www.coach-hunter.com\/content\/","name":"Blog Coach Hunter","description":"","potentialAction":[{"@type":"SearchAction","target":{"@type":"EntryPoint","urlTemplate":"https:\/\/www.coach-hunter.com\/content\/?s={search_term_string}"},"query-input":{"@type":"PropertyValueSpecification","valueRequired":true,"valueName":"search_term_string"}}],"inLanguage":"fr-FR"}]}},"_links":{"self":[{"href":"https:\/\/www.coach-hunter.com\/content\/wp-json\/wp\/v2\/pages\/84","targetHints":{"allow":["GET"]}}],"collection":[{"href":"https:\/\/www.coach-hunter.com\/content\/wp-json\/wp\/v2\/pages"}],"about":[{"href":"https:\/\/www.coach-hunter.com\/content\/wp-json\/wp\/v2\/types\/page"}],"author":[{"embeddable":true,"href":"https:\/\/www.coach-hunter.com\/content\/wp-json\/wp\/v2\/users\/2"}],"replies":[{"embeddable":true,"href":"https:\/\/www.coach-hunter.com\/content\/wp-json\/wp\/v2\/comments?post=84"}],"version-history":[{"count":19,"href":"https:\/\/www.coach-hunter.com\/content\/wp-json\/wp\/v2\/pages\/84\/revisions"}],"predecessor-version":[{"id":2158,"href":"https:\/\/www.coach-hunter.com\/content\/wp-json\/wp\/v2\/pages\/84\/revisions\/2158"}],"wp:attachment":[{"href":"https:\/\/www.coach-hunter.com\/content\/wp-json\/wp\/v2\/media?parent=84"}],"curies":[{"name":"wp","href":"https:\/\/api.w.org\/{rel}","templated":true}]}}