{"id":76,"date":"2018-03-13T16:34:44","date_gmt":"2018-03-13T16:34:44","guid":{"rendered":"https:\/\/www.coach-hunter.com\/content\/?page_id=76"},"modified":"2025-04-25T09:21:59","modified_gmt":"2025-04-25T09:21:59","slug":"sport-au-feminin","status":"publish","type":"page","link":"https:\/\/www.coach-hunter.com\/content\/sport-au-feminin\/","title":{"rendered":"Coach sportif pour femme : objectifs et conseils demand\u00e9s"},"content":{"rendered":"<p>La gent f\u00e9minine repr\u00e9sente la majorit\u00e9 de notre client\u00e8le. C&rsquo;est pourquoi nous avons voulu lui d\u00e9dier une cat\u00e9gorie d&rsquo;<a class=\"callAction\" href=\"https:\/\/www.coach-hunter.com\/content\/\">objectif sportif<\/a> qui lui est propre. Entre maigrir des cuisses et perdre de la cellulite, avoir un ventre plat et des conseils sport au f\u00e9minin pour pratiquer dans les meilleures conditions, votre coach sportif pour femme r\u00e9pond aux questions que vous vous posez toutes ! Mais avant, un peu d&rsquo;histoire &#8230;<\/p>\n<p><img loading=\"lazy\" decoding=\"async\" class=\"aligncenter wp-image-77 size-large\" src=\"https:\/\/www.coach-hunter.com\/content\/wp-content\/uploads\/2018\/03\/Objectif-feminin-1024x685.jpg\" alt=\"Sport au f\u00e9minin : les objectifs\" width=\"840\" height=\"562\" srcset=\"https:\/\/www.coach-hunter.com\/content\/wp-content\/uploads\/2018\/03\/Objectif-feminin-1024x685.jpg 1024w, https:\/\/www.coach-hunter.com\/content\/wp-content\/uploads\/2018\/03\/Objectif-feminin-300x201.jpg 300w, https:\/\/www.coach-hunter.com\/content\/wp-content\/uploads\/2018\/03\/Objectif-feminin-768x514.jpg 768w, https:\/\/www.coach-hunter.com\/content\/wp-content\/uploads\/2018\/03\/Objectif-feminin-1200x803.jpg 1200w, https:\/\/www.coach-hunter.com\/content\/wp-content\/uploads\/2018\/03\/Objectif-feminin.jpg 1500w\" sizes=\"auto, (max-width: 709px) 85vw, (max-width: 909px) 67vw, (max-width: 1362px) 62vw, 840px\" \/><\/p>\n<h2>Coach sportif pour femme : un peu d&rsquo;histoire<\/h2>\n<h3 style=\"text-align: justify;\">Les femmes aux\u00a0 Jeux Olympiques<\/h3>\n<p style=\"text-align: justify;\">80% des abonn\u00e9s \u00e0 nos activit\u00e9s de coaching sportif sont\u2026 des femmes ! Nous avons donc voulu nous pencher sur l&rsquo;histoire du sport au f\u00e9minin. Aujourd\u2019hui, de plus en plus de femmes <strong>participent \u00e0 des comp\u00e9titions sportives<\/strong> et ce, \u00e0 tous les niveaux. Il a tout de m\u00eame fallu attendre les deux derni\u00e8res \u00e9ditions des Jeux olympiques pour que toutes les disciplines concernent les femmes.<\/p>\n<p style=\"text-align: justify;\">La boxe est un sport f\u00e9minin qui a refait son apparition aux JO de Londres et le saut \u00e0 ski f\u00e9minin \u00e0 Sotchi. Gr\u00e2ce \u00e0 ces avanc\u00e9es, <strong>les femmes ont pu participer \u00e0 toutes les \u00e9preuves propos\u00e9es<\/strong>. C\u2019\u00e9tait la premi\u00e8re fois que cela arrivait depuis la cr\u00e9ation des Jeux Olympiques par Pierre de Coubertin. Le fondateur des JO lui-m\u00eame n\u2019\u00e9tait pas pour l\u2019inscription des femmes aux \u00e9preuves !<\/p>\n<p><img loading=\"lazy\" decoding=\"async\" class=\"aligncenter wp-image-150 size-large\" src=\"https:\/\/www.coach-hunter.com\/content\/wp-content\/uploads\/2018\/03\/femme-sport--1024x682.jpg\" alt=\"Sport chez la femme avant\" width=\"840\" height=\"559\" srcset=\"https:\/\/www.coach-hunter.com\/content\/wp-content\/uploads\/2018\/03\/femme-sport--1024x682.jpg 1024w, https:\/\/www.coach-hunter.com\/content\/wp-content\/uploads\/2018\/03\/femme-sport--300x200.jpg 300w, https:\/\/www.coach-hunter.com\/content\/wp-content\/uploads\/2018\/03\/femme-sport--768x511.jpg 768w, https:\/\/www.coach-hunter.com\/content\/wp-content\/uploads\/2018\/03\/femme-sport--1200x799.jpg 1200w, https:\/\/www.coach-hunter.com\/content\/wp-content\/uploads\/2018\/03\/femme-sport-.jpg 1352w\" sizes=\"auto, (max-width: 709px) 85vw, (max-width: 909px) 67vw, (max-width: 1362px) 62vw, 840px\" \/><\/p>\n<p style=\"text-align: justify;\">On voit donc une vraie progression vers la <strong>parit\u00e9 au niveau du sport professionnel<\/strong>. D\u2019autant plus que le nombre de sportifs \u00e9tait presque \u00e9gal au nombre de sportives lors des deux derniers Jeux Olympiques ! Mais qu\u2019en est-il des femmes ordinaires qui g\u00e8rent le m\u00e9tro-boulot-dodo, sans parler de la famille et des amis ? C\u2019est ce que nous allons voir tout de suite.<\/p>\n<p>Vous trouverez dans ce <a href=\"http:\/\/espritbleu.franceolympique.com\/espritbleu\/fichiers\/File\/JO\/JO_PyeongChang\/Presse\/DP%20J-100%20PYEONGCHANG6.pdf\">lien<\/a>, les derniers r\u00e9sultats f\u00e9minin au J.O de PyongChang en f\u00e9vrier 2018<\/p>\n<h3 style=\"text-align: justify;\">Du sport, pour tous et toutes<\/h3>\n<p style=\"text-align: justify;\">Selon l\u2019INSEE, les petits gar\u00e7ons et les petites filles pratiquent environ autant de sport l\u2019un que l\u2019autre. Il faut dire que les cours d\u2019\u00e9ducation physique et sportive dans les \u00e9coles n\u2019y sont pas pour rien ! De plus, on encourage les enfants \u00e0 pratiquer une discipline sportive dans leur temps libre.<\/p>\n<p style=\"text-align: justify;\">Toutefois, \u00e0 25 ans, on constate <strong>une diff\u00e9rence entre hommes et femmes<\/strong> \u00e0 ce niveau. 90% des jeunes hommes d\u00e9clarent pratiquer du sport r\u00e9guli\u00e8rement contre moins de 80% pour les jeunes femmes. De nombreux facteurs entrent en cause que ce soit chez les hommes ou les femmes, mais ce n&rsquo;est pas une raison pour ne plus pratiquer.<\/p>\n<p><img loading=\"lazy\" decoding=\"async\" class=\"aligncenter wp-image-149 size-full\" src=\"https:\/\/www.coach-hunter.com\/content\/wp-content\/uploads\/2018\/03\/sport-fe\u0301minin.jpg\" alt=\"Sport chez les femmes\" width=\"900\" height=\"506\" srcset=\"https:\/\/www.coach-hunter.com\/content\/wp-content\/uploads\/2018\/03\/sport-fe\u0301minin.jpg 900w, https:\/\/www.coach-hunter.com\/content\/wp-content\/uploads\/2018\/03\/sport-fe\u0301minin-300x169.jpg 300w, https:\/\/www.coach-hunter.com\/content\/wp-content\/uploads\/2018\/03\/sport-fe\u0301minin-768x432.jpg 768w\" sizes=\"auto, (max-width: 709px) 85vw, (max-width: 909px) 67vw, (max-width: 1362px) 62vw, 840px\" \/><\/p>\n<h3 style=\"text-align: justify;\">Trouver le temps de faire du sport<\/h3>\n<p style=\"text-align: justify;\">Pas \u00e9vident d&rsquo;<strong>agencer son emploi du temps<\/strong> pour faire des <strong>s\u00e9ances de sport r\u00e9guli\u00e8rement<\/strong>. Les distractions et les occupations vari\u00e9es sont si nombreuses ! S&rsquo;il n&rsquo;est pas facile de <a class=\"callAction\" href=\"https:\/\/www.coach-hunter.com\/content\/trouver-le-temps-de-faire-du-sport\/\">trouver le temps de faire du sport<\/a>, des femmes y parviennent en pratiquant tr\u00e8s t\u00f4t le matin ou tard le soir \u00e0 la salle de fitness ou \u00e0 domicile.<\/p>\n<p style=\"text-align: justify;\">Le <strong>sport \u00e0 domicile<\/strong> est souvent n\u00e9glig\u00e9 par manque de motivation, d&rsquo;accessoires ou encore de connaissances. C&rsquo;est pourquoi un <strong>personal trainer peut vous proposer un programme sportif avec des exercices adapt\u00e9s<\/strong> \u00e0 votre condition physique.<\/p>\n<p style=\"text-align: justify;\">En plus de cela, il existe une <strong>multitude d&rsquo;activit\u00e9s vari\u00e9es<\/strong> qui peuvent vous int\u00e9resser comme la gym douce, l&rsquo;aquafitness et le Pilates. Si vous avez toujours du mal \u00e0 vous y mettre, ces quelques astuces suppl\u00e9mentaires devraient vous aider \u00e0 vous motiver \u00e0 faire du sport.<\/p>\n<h2>Les objectifs les plus demand\u00e9s \u00e0 un coach sportif pour femme<\/h2>\n<h3>Avoir un ventre plat<\/h3>\n<p>Avoir un ventre plat et des abdominaux l\u00e9g\u00e8rement dessin\u00e9s est un objectif pour beaucoup de femmes. Faire des r\u00e9p\u00e9titions d&rsquo;abdos type crunch ou se servir d&rsquo;un appareil d&rsquo;\u00e9lectrostimulation ne suffisent pas toujours et c&rsquo;est g\u00e9n\u00e9ralement chronophage.<\/p>\n<p>Un coach sportif pour femme est \u00e0 m\u00eame de vous <strong>proposer des exercices sp\u00e9cifiques<\/strong> pour avoir des r\u00e9sultats. De par ses \u00e9tudes et son exp\u00e9rience, il poss\u00e8de des connaissances sur le corps humain que vous ne trouverez pas forc\u00e9ment dans les magazines. Il saura rep\u00e9rer vos d\u00e9faillances et vous faire travailler en cons\u00e9quence pour garder la ligne.<\/p>\n<h3>Retrouver la forme apr\u00e8s l&rsquo;accouchement et\/ou pendant la grossesse<\/h3>\n<p>La grossesse est une p\u00e9riode tr\u00e8s sp\u00e9ciale pour toutes les futures mamans. Mais c&rsquo;est aussi un moment o\u00f9 l&rsquo;on peut diminuer son activit\u00e9 physique, faute de connaissances et par peur de mal faire. Pourtant, faire du sport est excellent aussi bien pour la femme enceinte que pour son futur b\u00e9b\u00e9 !<\/p>\n<p>C&rsquo;est pourquoi nos <strong>coachs sp\u00e9cialis\u00e9s en pr\u00e9 et post natal<\/strong> accompagnent r\u00e9guli\u00e8rement les femmes dans leur pratique autour de la grossesse. Avant, pour qu&rsquo;elles puissent rester tonique, limiter les maux de dos ou encore se pr\u00e9parer \u00e0 l&rsquo;arriv\u00e9e de b\u00e9b\u00e9. Ensuite, ils les aident \u00e0 <a class=\"callAction\" href=\"https:\/\/www.coach-hunter.com\/content\/reprendre-le-sport-apres-accouchement-conseils-methode\/\">reprendre le sport apr\u00e8s l&rsquo;accouchement<\/a>, pour consolider leur p\u00e9rin\u00e9e, retrouver la ligne et se reconnecter \u00e0 leur corps.<\/p>\n<h3>Maigrir des cuisses<\/h3>\n<p>Cette question, beaucoup de filles se la pose. Et ce n\u2019est pas pour rien : qui n\u2019aimerait pas avoir de belles <strong>jambes toniques <\/strong>et <strong>sans cellulite<\/strong> ? Les raisons d&rsquo;une prise de masse grasse \u00e0 ce niveau de notre anatomie peuvent \u00eatre nombreuses : trop peu d&rsquo;exercice, alimentation inadapt\u00e9e et pas saine, m\u00e9tabolisme qui a tendance \u00e0 stocker les graisses\u2026<\/p>\n<p>Nous allons alors voir qu&rsquo;avec une <strong>alimentation saine<\/strong> et une <strong>activit\u00e9 physique r\u00e9guli\u00e8re<\/strong> et adapt\u00e9e, vous allez <strong>perdre du poids<\/strong> et <strong>affiner vos cuisses<\/strong>.<\/p>\n<h3>Att\u00e9nuer ou faire dispara\u00eetre la cellulite<\/h3>\n<p>Selon le petit Larousse, la cellulite est une \u00ab\u00a0inflammation du tissu sous-cutan\u00e9 provoquant un gonflement de la peau, prenant un aspect capitonn\u00e9\u00a0\u00bb. Qu&rsquo;on l&rsquo;appelle \u00ab\u00a0<strong>effet peau d&rsquo;orange<\/strong>\u00a0\u00bb , \u00ab\u00a0<strong>culotte de cheval<\/strong>\u00a0\u00bb ou encore \u00ab\u00a0<strong>capiton<\/strong>\u00a0\u00bb , la cellulite est un probl\u00e8me qui touche 80% des femmes.<\/p>\n<p>Cr\u00e8me miracle, massage drainant, sport \u00e0 outrance, vous \u00eates nombreuses \u00e0 vouloir trouver une solution durable pour vous en d\u00e9barrasser. Nous allons vous aider dans notre article sur la <a class=\"callAction\" href=\"https:\/\/www.coach-hunter.com\/content\/cellulite\/\">cellulite<\/a> \u00e0 identifier son type pour vous permettre d&rsquo;agir en utilisant la solution qui vous convient. Vous allez pouvoir l&rsquo;att\u00e9nuer fortement ou la voir dispara\u00eetre et enfin vous <strong>sentir mieux dans votre corps<\/strong>.<\/p>\n<h2>Autre conseil du coach sportif pour femme : l\u2019importance du soutien-gorge de sport<\/h2>\n<p>Nous terminons par un conseil de pro car trop souvent n\u00e9glig\u00e9, le choix du soutien gorge ! On est tous au courant des <strong>effets positifs du sport sur la sant\u00e9<\/strong>. Il est cependant important pour vous Mesdames de porter un <a class=\"callAction\" href=\"https:\/\/www.coach-hunter.com\/content\/soutien-gorge-sport\/\">soutien-gorge de sport<\/a> adapt\u00e9 pendant l\u2019effort afin de <strong>prot\u00e9ger les tissus mammaires des chocs<\/strong>.<\/p>\n<p>Pour aller plus loin sur le sport au f\u00e9minin , nous avons d\u00e9couvert pour vous cette <a href=\"http:\/\/eure.franceolympique.com\/vaucluse\/fichiers\/File\/FEMMES_ET_SPORT_2009\/presentation_youri_filloz.pdf\">\u00e9tude<\/a> qui montre l&rsquo;\u00e9volution et les avanc\u00e9es du sport chez les femmes. Nous pensons qu&rsquo;aucun sport ne devrait \u00eatre exclusivement r\u00e9serv\u00e9 aux hommes, c&rsquo;est aussi \u00e7a la parit\u00e9 !<\/p>\n<p>N&rsquo;h\u00e9sitez plus, prenez un ou une coach personnelle pour des s\u00e9ances de coaching \u00e0 domicile. Pour n&rsquo;importe quel objectif, que ce soit pour une remise en forme ou augmenter ses performances physiques par exemple, vous trouverez votre bonheur chez coach-hunter.<\/p>\n<h2>Nos autres objectifs sportifs :<\/h2>\n<ul>\n<li>Oubliez vos kilos en trop avec un <a href=\"https:\/\/www.coach-hunter.com\/content\/perte-de-poids\/\">coach perte de poids<\/a><\/li>\n<li>L&rsquo;envie de faire du sport avec un <a href=\"https:\/\/www.coach-hunter.com\/content\/motivation-sportive\/\">coach motivation<\/a><\/li>\n<li><a href=\"https:\/\/www.coach-hunter.com\/content\/sante\/\">Coach sant\u00e9<\/a>, une vie saine gr\u00e2ce au sport<\/li>\n<li>Atteindre ses objectifs rapidement avec un <a href=\"https:\/\/www.coach-hunter.com\/content\/nutrition\/\">coach nutrition<\/a><\/li>\n<\/ul>\n","protected":false},"excerpt":{"rendered":"<p>La gent f\u00e9minine repr\u00e9sente la majorit\u00e9 de notre client\u00e8le. C&rsquo;est pourquoi nous avons voulu lui d\u00e9dier une cat\u00e9gorie d&rsquo;objectif sportif qui lui est propre. Entre maigrir des cuisses et perdre de la cellulite, avoir un ventre plat et des conseils sport au f\u00e9minin pour pratiquer dans les meilleures conditions, votre coach sportif pour femme r\u00e9pond &hellip; <a href=\"https:\/\/www.coach-hunter.com\/content\/sport-au-feminin\/\" class=\"more-link\">Continuer la lecture<span class=\"screen-reader-text\"> de &laquo;&nbsp;Coach sportif pour femme : objectifs et conseils demand\u00e9s&nbsp;&raquo;<\/span><\/a><\/p>\n","protected":false},"author":2,"featured_media":0,"parent":0,"menu_order":0,"comment_status":"open","ping_status":"closed","template":"","meta":{"footnotes":""},"class_list":["post-76","page","type-page","status-publish","hentry"],"yoast_head":"<!-- This site is optimized with the Yoast SEO plugin v27.5 - https:\/\/yoast.com\/product\/yoast-seo-wordpress\/ -->\n<title>Coach sportif pour femme : des conseils pour atteindre vos objectifs<\/title>\n<meta name=\"description\" content=\"Un coach sportif pour femme donne les objectifs les plus r\u00e9pandus chez la gent f\u00e9minine, comment les atteindre et communique quelques conseils.\" \/>\n<meta name=\"robots\" content=\"index, follow, max-snippet:-1, max-image-preview:large, max-video-preview:-1\" \/>\n<link rel=\"canonical\" href=\"https:\/\/www.coach-hunter.com\/content\/sport-au-feminin\/\" \/>\n<meta property=\"og:locale\" content=\"fr_FR\" \/>\n<meta property=\"og:type\" content=\"article\" \/>\n<meta property=\"og:title\" content=\"Coach sportif pour femme : des conseils pour atteindre vos objectifs\" \/>\n<meta property=\"og:description\" content=\"Un coach sportif pour femme donne les objectifs les plus r\u00e9pandus chez la gent f\u00e9minine, comment les atteindre et communique quelques conseils.\" \/>\n<meta property=\"og:url\" content=\"https:\/\/www.coach-hunter.com\/content\/sport-au-feminin\/\" \/>\n<meta property=\"og:site_name\" content=\"Blog Coach Hunter\" \/>\n<meta property=\"article:modified_time\" content=\"2025-04-25T09:21:59+00:00\" \/>\n<meta property=\"og:image\" content=\"https:\/\/www.coach-hunter.com\/content\/wp-content\/uploads\/2018\/03\/Objectif-feminin.jpg\" \/>\n\t<meta property=\"og:image:width\" content=\"1500\" \/>\n\t<meta property=\"og:image:height\" content=\"1004\" \/>\n\t<meta property=\"og:image:type\" content=\"image\/jpeg\" \/>\n<meta name=\"twitter:card\" content=\"summary_large_image\" \/>\n<meta name=\"twitter:label1\" content=\"Dur\u00e9e de lecture estim\u00e9e\" \/>\n\t<meta name=\"twitter:data1\" content=\"7 minutes\" \/>\n<script type=\"application\/ld+json\" class=\"yoast-schema-graph\">{\"@context\":\"https:\\\/\\\/schema.org\",\"@graph\":[{\"@type\":\"WebPage\",\"@id\":\"https:\\\/\\\/www.coach-hunter.com\\\/content\\\/sport-au-feminin\\\/\",\"url\":\"https:\\\/\\\/www.coach-hunter.com\\\/content\\\/sport-au-feminin\\\/\",\"name\":\"Coach sportif pour femme : des conseils pour atteindre vos objectifs\",\"isPartOf\":{\"@id\":\"https:\\\/\\\/www.coach-hunter.com\\\/content\\\/#website\"},\"primaryImageOfPage\":{\"@id\":\"https:\\\/\\\/www.coach-hunter.com\\\/content\\\/sport-au-feminin\\\/#primaryimage\"},\"image\":{\"@id\":\"https:\\\/\\\/www.coach-hunter.com\\\/content\\\/sport-au-feminin\\\/#primaryimage\"},\"thumbnailUrl\":\"https:\\\/\\\/www.coach-hunter.com\\\/content\\\/wp-content\\\/uploads\\\/2018\\\/03\\\/Objectif-feminin-1024x685.jpg\",\"datePublished\":\"2018-03-13T16:34:44+00:00\",\"dateModified\":\"2025-04-25T09:21:59+00:00\",\"description\":\"Un coach sportif pour femme donne les objectifs les plus r\u00e9pandus chez la gent f\u00e9minine, comment les atteindre et communique quelques conseils.\",\"breadcrumb\":{\"@id\":\"https:\\\/\\\/www.coach-hunter.com\\\/content\\\/sport-au-feminin\\\/#breadcrumb\"},\"inLanguage\":\"fr-FR\",\"potentialAction\":[{\"@type\":\"ReadAction\",\"target\":[\"https:\\\/\\\/www.coach-hunter.com\\\/content\\\/sport-au-feminin\\\/\"]}]},{\"@type\":\"ImageObject\",\"inLanguage\":\"fr-FR\",\"@id\":\"https:\\\/\\\/www.coach-hunter.com\\\/content\\\/sport-au-feminin\\\/#primaryimage\",\"url\":\"https:\\\/\\\/www.coach-hunter.com\\\/content\\\/wp-content\\\/uploads\\\/2018\\\/03\\\/Objectif-feminin.jpg\",\"contentUrl\":\"https:\\\/\\\/www.coach-hunter.com\\\/content\\\/wp-content\\\/uploads\\\/2018\\\/03\\\/Objectif-feminin.jpg\",\"width\":1500,\"height\":1004},{\"@type\":\"BreadcrumbList\",\"@id\":\"https:\\\/\\\/www.coach-hunter.com\\\/content\\\/sport-au-feminin\\\/#breadcrumb\",\"itemListElement\":[{\"@type\":\"ListItem\",\"position\":1,\"name\":\"Accueil\",\"item\":\"https:\\\/\\\/www.coach-hunter.com\\\/content\\\/\"},{\"@type\":\"ListItem\",\"position\":2,\"name\":\"Coach sportif pour femme : objectifs et conseils demand\u00e9s\"}]},{\"@type\":\"WebSite\",\"@id\":\"https:\\\/\\\/www.coach-hunter.com\\\/content\\\/#website\",\"url\":\"https:\\\/\\\/www.coach-hunter.com\\\/content\\\/\",\"name\":\"Blog Coach Hunter\",\"description\":\"\",\"potentialAction\":[{\"@type\":\"SearchAction\",\"target\":{\"@type\":\"EntryPoint\",\"urlTemplate\":\"https:\\\/\\\/www.coach-hunter.com\\\/content\\\/?s={search_term_string}\"},\"query-input\":{\"@type\":\"PropertyValueSpecification\",\"valueRequired\":true,\"valueName\":\"search_term_string\"}}],\"inLanguage\":\"fr-FR\"}]}<\/script>\n<!-- \/ Yoast SEO plugin. -->","yoast_head_json":{"title":"Coach sportif pour femme : des conseils pour atteindre vos objectifs","description":"Un coach sportif pour femme donne les objectifs les plus r\u00e9pandus chez la gent f\u00e9minine, comment les atteindre et communique quelques conseils.","robots":{"index":"index","follow":"follow","max-snippet":"max-snippet:-1","max-image-preview":"max-image-preview:large","max-video-preview":"max-video-preview:-1"},"canonical":"https:\/\/www.coach-hunter.com\/content\/sport-au-feminin\/","og_locale":"fr_FR","og_type":"article","og_title":"Coach sportif pour femme : des conseils pour atteindre vos objectifs","og_description":"Un coach sportif pour femme donne les objectifs les plus r\u00e9pandus chez la gent f\u00e9minine, comment les atteindre et communique quelques conseils.","og_url":"https:\/\/www.coach-hunter.com\/content\/sport-au-feminin\/","og_site_name":"Blog Coach Hunter","article_modified_time":"2025-04-25T09:21:59+00:00","og_image":[{"width":1500,"height":1004,"url":"https:\/\/www.coach-hunter.com\/content\/wp-content\/uploads\/2018\/03\/Objectif-feminin.jpg","type":"image\/jpeg"}],"twitter_card":"summary_large_image","twitter_misc":{"Dur\u00e9e de lecture estim\u00e9e":"7 minutes"},"schema":{"@context":"https:\/\/schema.org","@graph":[{"@type":"WebPage","@id":"https:\/\/www.coach-hunter.com\/content\/sport-au-feminin\/","url":"https:\/\/www.coach-hunter.com\/content\/sport-au-feminin\/","name":"Coach sportif pour femme : des conseils pour atteindre vos objectifs","isPartOf":{"@id":"https:\/\/www.coach-hunter.com\/content\/#website"},"primaryImageOfPage":{"@id":"https:\/\/www.coach-hunter.com\/content\/sport-au-feminin\/#primaryimage"},"image":{"@id":"https:\/\/www.coach-hunter.com\/content\/sport-au-feminin\/#primaryimage"},"thumbnailUrl":"https:\/\/www.coach-hunter.com\/content\/wp-content\/uploads\/2018\/03\/Objectif-feminin-1024x685.jpg","datePublished":"2018-03-13T16:34:44+00:00","dateModified":"2025-04-25T09:21:59+00:00","description":"Un coach sportif pour femme donne les objectifs les plus r\u00e9pandus chez la gent f\u00e9minine, comment les atteindre et communique quelques conseils.","breadcrumb":{"@id":"https:\/\/www.coach-hunter.com\/content\/sport-au-feminin\/#breadcrumb"},"inLanguage":"fr-FR","potentialAction":[{"@type":"ReadAction","target":["https:\/\/www.coach-hunter.com\/content\/sport-au-feminin\/"]}]},{"@type":"ImageObject","inLanguage":"fr-FR","@id":"https:\/\/www.coach-hunter.com\/content\/sport-au-feminin\/#primaryimage","url":"https:\/\/www.coach-hunter.com\/content\/wp-content\/uploads\/2018\/03\/Objectif-feminin.jpg","contentUrl":"https:\/\/www.coach-hunter.com\/content\/wp-content\/uploads\/2018\/03\/Objectif-feminin.jpg","width":1500,"height":1004},{"@type":"BreadcrumbList","@id":"https:\/\/www.coach-hunter.com\/content\/sport-au-feminin\/#breadcrumb","itemListElement":[{"@type":"ListItem","position":1,"name":"Accueil","item":"https:\/\/www.coach-hunter.com\/content\/"},{"@type":"ListItem","position":2,"name":"Coach sportif pour femme : objectifs et conseils demand\u00e9s"}]},{"@type":"WebSite","@id":"https:\/\/www.coach-hunter.com\/content\/#website","url":"https:\/\/www.coach-hunter.com\/content\/","name":"Blog Coach Hunter","description":"","potentialAction":[{"@type":"SearchAction","target":{"@type":"EntryPoint","urlTemplate":"https:\/\/www.coach-hunter.com\/content\/?s={search_term_string}"},"query-input":{"@type":"PropertyValueSpecification","valueRequired":true,"valueName":"search_term_string"}}],"inLanguage":"fr-FR"}]}},"_links":{"self":[{"href":"https:\/\/www.coach-hunter.com\/content\/wp-json\/wp\/v2\/pages\/76","targetHints":{"allow":["GET"]}}],"collection":[{"href":"https:\/\/www.coach-hunter.com\/content\/wp-json\/wp\/v2\/pages"}],"about":[{"href":"https:\/\/www.coach-hunter.com\/content\/wp-json\/wp\/v2\/types\/page"}],"author":[{"embeddable":true,"href":"https:\/\/www.coach-hunter.com\/content\/wp-json\/wp\/v2\/users\/2"}],"replies":[{"embeddable":true,"href":"https:\/\/www.coach-hunter.com\/content\/wp-json\/wp\/v2\/comments?post=76"}],"version-history":[{"count":26,"href":"https:\/\/www.coach-hunter.com\/content\/wp-json\/wp\/v2\/pages\/76\/revisions"}],"predecessor-version":[{"id":2220,"href":"https:\/\/www.coach-hunter.com\/content\/wp-json\/wp\/v2\/pages\/76\/revisions\/2220"}],"wp:attachment":[{"href":"https:\/\/www.coach-hunter.com\/content\/wp-json\/wp\/v2\/media?parent=76"}],"curies":[{"name":"wp","href":"https:\/\/api.w.org\/{rel}","templated":true}]}}