{"id":719,"date":"2020-07-21T12:00:07","date_gmt":"2020-07-21T12:00:07","guid":{"rendered":"https:\/\/www.coach-hunter.com\/content\/?page_id=719"},"modified":"2020-11-02T13:59:16","modified_gmt":"2020-11-02T13:59:16","slug":"dejeps","status":"publish","type":"page","link":"https:\/\/www.coach-hunter.com\/content\/dejeps\/","title":{"rendered":"Le DEJEPS, le dipl\u00f4me du perfectionnement sportif"},"content":{"rendered":"\n<p>Les <strong>DEJEPS<\/strong>, ou <strong>Dipl\u00f4mes d&rsquo;\u00c9tat de la jeunesse de l&rsquo; \u00e9ducation populaire et du sport<\/strong>, sont des <a class=\"callAction\" href=\"https:\/\/www.coach-hunter.com\/content\/diplomes-coach-sportif\/\">dipl\u00f4mes coach sportif<\/a> obtenus dans les <strong>centres de formation<\/strong> agr\u00e9\u00e9s par les <strong>directions r\u00e9gionales de la Jeunesse, des Sports et de la Coh\u00e9sion Sociale<\/strong> (<a rel=\"noreferrer noopener\" href=\"http:\/\/drdjscs.gouv.fr\/\" target=\"_blank\">DRJSCS<\/a>). Ces dipl\u00f4mes sont class\u00e9s de degr\u00e9 5 (anciennement dipl\u00f4me niveau III, bac +2) au r\u00e9pertoire national des certifications professionnelles RNCP. <\/p>\n\n\n\n<p>Les titulaires du dipl\u00f4me encadreront les <strong>pratiques sportives et de loisirs<\/strong> dans des structures sportives ou aupr\u00e8s de particuliers.  Vous trouverez ici les diff\u00e9rentes <strong>mentions du DEJEPS<\/strong> !<\/p>\n\n\n\n<div class=\"wp-block-image\"><figure class=\"aligncenter size-large\"><img loading=\"lazy\" decoding=\"async\" width=\"626\" height=\"417\" src=\"https:\/\/www.coach-hunter.com\/content\/wp-content\/uploads\/2020\/06\/dejeps.jpg\" alt=\"dejeps\" class=\"wp-image-721\" srcset=\"https:\/\/www.coach-hunter.com\/content\/wp-content\/uploads\/2020\/06\/dejeps.jpg 626w, https:\/\/www.coach-hunter.com\/content\/wp-content\/uploads\/2020\/06\/dejeps-300x200.jpg 300w\" sizes=\"auto, (max-width: 626px) 85vw, 626px\" \/><\/figure><\/div>\n\n\n\n<div class='flexo'><div class=\"lames2\">\n\n\n\n<h2 class=\"wp-block-heading\">DEJEPS Sports de combat<\/h2>\n\n\n\n<div class=\"wp-block-image\"><figure class=\"aligncenter size-large\"><img loading=\"lazy\" decoding=\"async\" width=\"626\" height=\"417\" src=\"https:\/\/www.coach-hunter.com\/content\/wp-content\/uploads\/2020\/09\/dejeps-sports-de-combat1-Copie.jpg\" alt=\"dejeps\" class=\"wp-image-1391\" srcset=\"https:\/\/www.coach-hunter.com\/content\/wp-content\/uploads\/2020\/09\/dejeps-sports-de-combat1-Copie.jpg 626w, https:\/\/www.coach-hunter.com\/content\/wp-content\/uploads\/2020\/09\/dejeps-sports-de-combat1-Copie-300x200.jpg 300w\" sizes=\"auto, (max-width: 626px) 85vw, 626px\" \/><\/figure><\/div>\n\n\n\n<p>Ici, nous vous pr\u00e9sentons tous les <a class=\"callAction\" href=\"https:\/\/www.coach-hunter.com\/content\/dejeps-sports-de-combat\/\">DEJEPS Sports de combat<\/a>. Autrement dit, vous pourrez retrouver les <strong>dipl\u00f4mes d&rsquo;Etat<\/strong> professionnalisant dans diff\u00e9rents types de boxe. On pense notamment au <strong>DEJEPS Boxe anglaise<\/strong>, ou \u00e0 celui d\u00e9di\u00e9 au full contact, \u00e0 la savate, \u00e0 la boxe tha\u00ef&#8230;<\/p>\n\n\n\n<p>Cette cat\u00e9gorie regroupe \u00e9galement tous les <strong>arts martiaux<\/strong>, comme le judo, le karat\u00e9 ou le wu-shu. Chaque DEJEPS est propos\u00e9 par la F\u00e9d\u00e9ration organisatrice du sport concern\u00e9. Par exemple, pour devenir un <strong>coach sportif<\/strong> sp\u00e9cialiste du kung-fu, il faudra vous adresser \u00e0 la <strong>F\u00e9d\u00e9ration Fran\u00e7aise de Karat\u00e9 et disciplines associ\u00e9es<\/strong> (<a href=\"https:\/\/www.ffkarate.fr\/wushu-arts-martiaux-chinois\/\">FFKarat\u00e9<\/a>).<\/p>\n\n\n\n<p>Enfin, vous pourrez retrouver les dipl\u00f4mes d&rsquo;Etat formant \u00e0 l&rsquo;encadrement du <strong>Taekwondo <\/strong>et de l&rsquo;A\u00efkido. <\/p>\n\n\n\n<\/div><div class=\"lames2\">\n\n\n\n<h2 class=\"wp-block-heading\">DEJEPS Sports collectifs<\/h2>\n\n\n\n<div class=\"wp-block-image\"><figure class=\"aligncenter size-large\"><img loading=\"lazy\" decoding=\"async\" width=\"626\" height=\"417\" src=\"https:\/\/www.coach-hunter.com\/content\/wp-content\/uploads\/2020\/09\/dejeps-sports-collectifs-1-Copie.jpg\" alt=\"dejeps\" class=\"wp-image-1392\" srcset=\"https:\/\/www.coach-hunter.com\/content\/wp-content\/uploads\/2020\/09\/dejeps-sports-collectifs-1-Copie.jpg 626w, https:\/\/www.coach-hunter.com\/content\/wp-content\/uploads\/2020\/09\/dejeps-sports-collectifs-1-Copie-300x200.jpg 300w\" sizes=\"auto, (max-width: 626px) 85vw, 626px\" \/><\/figure><\/div>\n\n\n\n<p>De nombreux coachs sportifs se dirigent vers les <a class=\"callAction\" href=\"https:\/\/www.coach-hunter.com\/content\/dejeps-sports-collectifs\/\">DEJEPS Sports collectifs<\/a> afin de travailler dans le <strong>secteur sportif professionnel<\/strong>. En effet, avec la formation du DEJEPS, les dipl\u00f4m\u00e9s pourront exercer au sein d&rsquo;un <strong>club sportif<\/strong>. Il y encadrera alors des <strong>athl\u00e8tes <\/strong>de haut niveau. <\/p>\n\n\n\n<p>A titre d&rsquo;exemple, le <strong>DEJEPS Rugby<\/strong> permet de superviser la mise en \u0153uvre des programmes d&rsquo;entrainement d&rsquo;une \u00e9quipe de rugby \u00e0 XV. Dans ce cadre, le professionnel devra \u00eatre capable de proposer une <strong>d\u00e9marche de perfectionnement sportif<\/strong> adapt\u00e9e. Cette derni\u00e8re suivra aussi les recommandations de la <strong>direction technique nationale<\/strong> en rugby.<\/p>\n\n\n\n<p>Les DEJEPS relatifs aux sports collectifs offrent aussi des perspectives d&#8217;emploi \u00e0 <strong>finalit\u00e9 \u00e9ducative<\/strong>. En effet, les sp\u00e9cialistes de l&rsquo;<strong>animation sportive<\/strong> en football ou handball sont fortement recherch\u00e9s par les <strong>associations scolaires<\/strong>. Ils devront alors encadrer un jeune public.<\/p>\n\n\n\n<\/div><div class=\"lames2\">\n\n\n\n<h2 class=\"wp-block-heading\">DEJEPS Gyms douces<\/h2>\n\n\n\n<div class=\"wp-block-image\"><figure class=\"aligncenter size-large\"><img loading=\"lazy\" decoding=\"async\" width=\"626\" height=\"417\" src=\"https:\/\/www.coach-hunter.com\/content\/wp-content\/uploads\/2020\/09\/dejeps-gyms-douces-1-Copie.jpg\" alt=\"dejeps\" class=\"wp-image-1393\" srcset=\"https:\/\/www.coach-hunter.com\/content\/wp-content\/uploads\/2020\/09\/dejeps-gyms-douces-1-Copie.jpg 626w, https:\/\/www.coach-hunter.com\/content\/wp-content\/uploads\/2020\/09\/dejeps-gyms-douces-1-Copie-300x200.jpg 300w\" sizes=\"auto, (max-width: 626px) 85vw, 626px\" \/><\/figure><\/div>\n\n\n\n<p>Les <a class=\"callAction\" href=\"https:\/\/www.coach-hunter.com\/content\/dejeps-gyms-douces\/\">DEJEPS Gyms douces<\/a> s&rsquo;adressent aux coachs sportifs sp\u00e9cialis\u00e9s dans le domaine des <strong>activit\u00e9s physiques adapt\u00e9es<\/strong>, ou APA. L&rsquo; activit\u00e9 professionnelle du dipl\u00f4m\u00e9 consistera \u00e0 proposer des programmes de <strong>remise en forme<\/strong> et de r\u00e9athl\u00e9tisation \u00e0 diff\u00e9rents publics. Il pourra utiliser pour cela diff\u00e9rents sports et m\u00e9thodes d&rsquo;entrainement.<\/p>\n\n\n\n<p>Toutefois, l&rsquo;entr\u00e9e en formation dans certaines mentions et conditionn\u00e9e par des <strong>exigences pr\u00e9alables<\/strong>. C&rsquo;est notamment le cas de la mention <strong>Activit\u00e9s physiques et sportives adapt\u00e9es<\/strong>, et de la mention <strong>Arts \u00e9nerg\u00e9tiques chinois<\/strong>. De ce fait, le candidat devra justifier de l\u2019obtention d&rsquo;un <strong>Certificat de Qualification Professionnel<\/strong> (CQP).<\/p>\n\n\n\n<\/div><div class=\"lames2\">\n\n\n\n<h2 class=\"wp-block-heading\">DEJEPS Sports de courses<\/h2>\n\n\n\n<div class=\"wp-block-image\"><figure class=\"aligncenter size-large\"><img loading=\"lazy\" decoding=\"async\" width=\"626\" height=\"417\" src=\"https:\/\/www.coach-hunter.com\/content\/wp-content\/uploads\/2020\/09\/dejeps-sports-de-courses-1-Copie.jpg\" alt=\"dipl\u00f4me d'\u00e9tat de la jeunesse de l'\u00e9ducation populaire et du sport\" class=\"wp-image-1394\" srcset=\"https:\/\/www.coach-hunter.com\/content\/wp-content\/uploads\/2020\/09\/dejeps-sports-de-courses-1-Copie.jpg 626w, https:\/\/www.coach-hunter.com\/content\/wp-content\/uploads\/2020\/09\/dejeps-sports-de-courses-1-Copie-300x200.jpg 300w\" sizes=\"auto, (max-width: 626px) 85vw, 626px\" \/><\/figure><\/div>\n\n\n\n<p>Les <a class=\"callAction\" href=\"https:\/\/www.coach-hunter.com\/content\/dejeps-sports-de-courses\/\">DEJEPS Sports de courses<\/a> regroupent toutes les disciplines o\u00f9 la performance est relative \u00e0 une dur\u00e9e. Le chronom\u00e9trage est le point commun de ces sports. Vous trouverez donc ici les dipl\u00f4mes pour encadrer la pratique de l&rsquo;<strong>athl\u00e9tisme<\/strong> et du <strong>cyclisme <\/strong>sous ses diff\u00e9rentes formes (v\u00e9lo traditionnel, ou VTT). <\/p>\n\n\n\n<p>Le <strong>DEJEPS Natation<\/strong> comporte lui aussi une sp\u00e9cialit\u00e9 \u00ab\u00a0course\u00a0\u00bb. Ce dipl\u00f4me permet donc d&rsquo;exercer en tant qu&rsquo;<strong>entra\u00eeneur de natation<\/strong>. Attention, certains centres de formation ne proposent pas le cursus pour devenir <strong>ma\u00eetre nageur sauveteur<\/strong>. <\/p>\n\n\n\n<p>Enfin, ces dipl\u00f4mes sont particuli\u00e8rement recherch\u00e9s par les <strong>collectivit\u00e9s locales<\/strong> afin de surveiller leurs <strong>stades <\/strong>et <strong>piscines municipales<\/strong>.<\/p>\n\n\n\n<\/div><div class=\"lames2\">\n\n\n\n<h2 class=\"wp-block-heading\">DEJEPS Autre mention<\/h2>\n\n\n\n<div class=\"wp-block-image\"><figure class=\"aligncenter size-large\"><img loading=\"lazy\" decoding=\"async\" width=\"626\" height=\"417\" src=\"https:\/\/www.coach-hunter.com\/content\/wp-content\/uploads\/2020\/09\/dejeps-autre-mention-1-Copie.jpg\" alt=\"diplome d etat de la jeunesse de l education populaire et du sport\" class=\"wp-image-1395\" srcset=\"https:\/\/www.coach-hunter.com\/content\/wp-content\/uploads\/2020\/09\/dejeps-autre-mention-1-Copie.jpg 626w, https:\/\/www.coach-hunter.com\/content\/wp-content\/uploads\/2020\/09\/dejeps-autre-mention-1-Copie-300x200.jpg 300w\" sizes=\"auto, (max-width: 626px) 85vw, 626px\" \/><\/figure><\/div>\n\n\n\n<p>Vous trouverez ici les <a class=\"callAction\" href=\"https:\/\/www.coach-hunter.com\/content\/dejeps-autre-mention\/\">autres mentions du DEJEPS<\/a> ! Il s&rsquo;agit des dipl\u00f4mes relevant du champ de l animation sportive. On pense par exemple \u00e0 des s\u00e9ances de <strong>gymnastique rythmique<\/strong>, \u00e0 des cours de <strong>tennis<\/strong>, ou encore \u00e0 des le\u00e7ons de <strong>golf<\/strong>. <\/p>\n\n\n\n<p>Ces formations permettent d&rsquo;encadrer tout type de public dans des <strong>structures sportives<\/strong> ou \u00e0 domicile. A noter que certaines mentions sont plus polyvalentes que d&rsquo;autres toutefois. En effet, les formations de gymnastique permettront aussi de superviser des cours aupr\u00e8s d&rsquo;un public d&rsquo;enfants ou de seniors. La <strong>discipline sportive<\/strong> sera utilis\u00e9e dans le but de d\u00e9velopper les <strong>facult\u00e9s motrices<\/strong>.<\/p>\n\n\n\n<\/div><\/div>\n\n\n\n<h2 class=\"wp-block-heading\">D&rsquo;autres dipl\u00f4mes pour coach sportif :<\/h2>\n\n\n\n<ul class=\"wp-block-list\"><li>Les <a href=\"https:\/\/www.coach-hunter.com\/content\/bpjeps\/\">BPJEPS<\/a> : Brevet professionnel de la jeunesse, de l\u2019\u00e9ducation populaire et du sport<\/li><li>Les <a href=\"https:\/\/www.coach-hunter.com\/content\/diplomes-staps\/\">dipl\u00f4mes du STAPS<\/a> : Dipl\u00f4me d\u2019\u00c9tat de la jeunesse, de l\u2019 \u00e9ducation populaire et du sport<\/li><li>Le <a href=\"https:\/\/www.coach-hunter.com\/content\/certificat-de-qualification-professionnelle\/\">CQP<\/a> : Certificat de Qualification Professionnelles<\/li><\/ul>\n","protected":false},"excerpt":{"rendered":"<p>Les DEJEPS, ou Dipl\u00f4mes d&rsquo;\u00c9tat de la jeunesse de l&rsquo; \u00e9ducation populaire et du sport, sont des dipl\u00f4mes coach sportif obtenus dans les centres de formation agr\u00e9\u00e9s par les directions r\u00e9gionales de la Jeunesse, des Sports et de la Coh\u00e9sion Sociale (DRJSCS). Ces dipl\u00f4mes sont class\u00e9s de degr\u00e9 5 (anciennement dipl\u00f4me niveau III, bac +2) &hellip; <a href=\"https:\/\/www.coach-hunter.com\/content\/dejeps\/\" class=\"more-link\">Continuer la lecture<span class=\"screen-reader-text\"> de &laquo;&nbsp;Le DEJEPS, le dipl\u00f4me du perfectionnement sportif&nbsp;&raquo;<\/span><\/a><\/p>\n","protected":false},"author":5,"featured_media":0,"parent":0,"menu_order":0,"comment_status":"closed","ping_status":"closed","template":"","meta":{"footnotes":""},"class_list":["post-719","page","type-page","status-publish","hentry"],"yoast_head":"<!-- This site is optimized with the Yoast SEO plugin v27.6 - https:\/\/yoast.com\/product\/yoast-seo-wordpress\/ -->\n<title>DEJEPS : votre dipl\u00f4me de niveau III pour devenir coach sportif !<\/title>\n<meta name=\"description\" content=\"Coach Hunter vous pr\u00e9sente toutes les mentions du DEJEPS qui s&#039;offrent \u00e0 vous ! Devenez un personal trainer expert dans une discipline sportive !\" \/>\n<meta name=\"robots\" content=\"index, follow, max-snippet:-1, max-image-preview:large, max-video-preview:-1\" \/>\n<link rel=\"canonical\" href=\"https:\/\/www.coach-hunter.com\/content\/dejeps\/\" \/>\n<meta property=\"og:locale\" content=\"fr_FR\" \/>\n<meta property=\"og:type\" content=\"article\" \/>\n<meta property=\"og:title\" content=\"DEJEPS : votre dipl\u00f4me de niveau III pour devenir coach sportif !\" \/>\n<meta property=\"og:description\" content=\"Coach Hunter vous pr\u00e9sente toutes les mentions du DEJEPS qui s&#039;offrent \u00e0 vous ! Devenez un personal trainer expert dans une discipline sportive !\" \/>\n<meta property=\"og:url\" content=\"https:\/\/www.coach-hunter.com\/content\/dejeps\/\" \/>\n<meta property=\"og:site_name\" content=\"Blog Coach Hunter\" \/>\n<meta property=\"article:modified_time\" content=\"2020-11-02T13:59:16+00:00\" \/>\n<meta property=\"og:image\" content=\"https:\/\/www.coach-hunter.com\/content\/wp-content\/uploads\/2020\/06\/dejeps.jpg\" \/>\n\t<meta property=\"og:image:width\" content=\"626\" \/>\n\t<meta property=\"og:image:height\" content=\"417\" \/>\n\t<meta property=\"og:image:type\" content=\"image\/jpeg\" \/>\n<meta name=\"twitter:card\" content=\"summary_large_image\" \/>\n<meta name=\"twitter:label1\" content=\"Dur\u00e9e de lecture estim\u00e9e\" \/>\n\t<meta name=\"twitter:data1\" content=\"4 minutes\" \/>\n<script type=\"application\/ld+json\" class=\"yoast-schema-graph\">{\"@context\":\"https:\\\/\\\/schema.org\",\"@graph\":[{\"@type\":\"WebPage\",\"@id\":\"https:\\\/\\\/www.coach-hunter.com\\\/content\\\/dejeps\\\/\",\"url\":\"https:\\\/\\\/www.coach-hunter.com\\\/content\\\/dejeps\\\/\",\"name\":\"DEJEPS : votre dipl\u00f4me de niveau III pour devenir coach sportif !\",\"isPartOf\":{\"@id\":\"https:\\\/\\\/www.coach-hunter.com\\\/content\\\/#website\"},\"primaryImageOfPage\":{\"@id\":\"https:\\\/\\\/www.coach-hunter.com\\\/content\\\/dejeps\\\/#primaryimage\"},\"image\":{\"@id\":\"https:\\\/\\\/www.coach-hunter.com\\\/content\\\/dejeps\\\/#primaryimage\"},\"thumbnailUrl\":\"https:\\\/\\\/www.coach-hunter.com\\\/content\\\/wp-content\\\/uploads\\\/2020\\\/06\\\/dejeps.jpg\",\"datePublished\":\"2020-07-21T12:00:07+00:00\",\"dateModified\":\"2020-11-02T13:59:16+00:00\",\"description\":\"Coach Hunter vous pr\u00e9sente toutes les mentions du DEJEPS qui s'offrent \u00e0 vous ! Devenez un personal trainer expert dans une discipline sportive !\",\"breadcrumb\":{\"@id\":\"https:\\\/\\\/www.coach-hunter.com\\\/content\\\/dejeps\\\/#breadcrumb\"},\"inLanguage\":\"fr-FR\",\"potentialAction\":[{\"@type\":\"ReadAction\",\"target\":[\"https:\\\/\\\/www.coach-hunter.com\\\/content\\\/dejeps\\\/\"]}]},{\"@type\":\"ImageObject\",\"inLanguage\":\"fr-FR\",\"@id\":\"https:\\\/\\\/www.coach-hunter.com\\\/content\\\/dejeps\\\/#primaryimage\",\"url\":\"https:\\\/\\\/www.coach-hunter.com\\\/content\\\/wp-content\\\/uploads\\\/2020\\\/06\\\/dejeps.jpg\",\"contentUrl\":\"https:\\\/\\\/www.coach-hunter.com\\\/content\\\/wp-content\\\/uploads\\\/2020\\\/06\\\/dejeps.jpg\",\"width\":626,\"height\":417},{\"@type\":\"BreadcrumbList\",\"@id\":\"https:\\\/\\\/www.coach-hunter.com\\\/content\\\/dejeps\\\/#breadcrumb\",\"itemListElement\":[{\"@type\":\"ListItem\",\"position\":1,\"name\":\"Accueil\",\"item\":\"https:\\\/\\\/www.coach-hunter.com\\\/content\\\/\"},{\"@type\":\"ListItem\",\"position\":2,\"name\":\"Le DEJEPS, le dipl\u00f4me du perfectionnement sportif\"}]},{\"@type\":\"WebSite\",\"@id\":\"https:\\\/\\\/www.coach-hunter.com\\\/content\\\/#website\",\"url\":\"https:\\\/\\\/www.coach-hunter.com\\\/content\\\/\",\"name\":\"Blog Coach Hunter\",\"description\":\"\",\"potentialAction\":[{\"@type\":\"SearchAction\",\"target\":{\"@type\":\"EntryPoint\",\"urlTemplate\":\"https:\\\/\\\/www.coach-hunter.com\\\/content\\\/?s={search_term_string}\"},\"query-input\":{\"@type\":\"PropertyValueSpecification\",\"valueRequired\":true,\"valueName\":\"search_term_string\"}}],\"inLanguage\":\"fr-FR\"}]}<\/script>\n<!-- \/ Yoast SEO plugin. -->","yoast_head_json":{"title":"DEJEPS : votre dipl\u00f4me de niveau III pour devenir coach sportif !","description":"Coach Hunter vous pr\u00e9sente toutes les mentions du DEJEPS qui s'offrent \u00e0 vous ! Devenez un personal trainer expert dans une discipline sportive !","robots":{"index":"index","follow":"follow","max-snippet":"max-snippet:-1","max-image-preview":"max-image-preview:large","max-video-preview":"max-video-preview:-1"},"canonical":"https:\/\/www.coach-hunter.com\/content\/dejeps\/","og_locale":"fr_FR","og_type":"article","og_title":"DEJEPS : votre dipl\u00f4me de niveau III pour devenir coach sportif !","og_description":"Coach Hunter vous pr\u00e9sente toutes les mentions du DEJEPS qui s'offrent \u00e0 vous ! Devenez un personal trainer expert dans une discipline sportive !","og_url":"https:\/\/www.coach-hunter.com\/content\/dejeps\/","og_site_name":"Blog Coach Hunter","article_modified_time":"2020-11-02T13:59:16+00:00","og_image":[{"width":626,"height":417,"url":"https:\/\/www.coach-hunter.com\/content\/wp-content\/uploads\/2020\/06\/dejeps.jpg","type":"image\/jpeg"}],"twitter_card":"summary_large_image","twitter_misc":{"Dur\u00e9e de lecture estim\u00e9e":"4 minutes"},"schema":{"@context":"https:\/\/schema.org","@graph":[{"@type":"WebPage","@id":"https:\/\/www.coach-hunter.com\/content\/dejeps\/","url":"https:\/\/www.coach-hunter.com\/content\/dejeps\/","name":"DEJEPS : votre dipl\u00f4me de niveau III pour devenir coach sportif !","isPartOf":{"@id":"https:\/\/www.coach-hunter.com\/content\/#website"},"primaryImageOfPage":{"@id":"https:\/\/www.coach-hunter.com\/content\/dejeps\/#primaryimage"},"image":{"@id":"https:\/\/www.coach-hunter.com\/content\/dejeps\/#primaryimage"},"thumbnailUrl":"https:\/\/www.coach-hunter.com\/content\/wp-content\/uploads\/2020\/06\/dejeps.jpg","datePublished":"2020-07-21T12:00:07+00:00","dateModified":"2020-11-02T13:59:16+00:00","description":"Coach Hunter vous pr\u00e9sente toutes les mentions du DEJEPS qui s'offrent \u00e0 vous ! Devenez un personal trainer expert dans une discipline sportive !","breadcrumb":{"@id":"https:\/\/www.coach-hunter.com\/content\/dejeps\/#breadcrumb"},"inLanguage":"fr-FR","potentialAction":[{"@type":"ReadAction","target":["https:\/\/www.coach-hunter.com\/content\/dejeps\/"]}]},{"@type":"ImageObject","inLanguage":"fr-FR","@id":"https:\/\/www.coach-hunter.com\/content\/dejeps\/#primaryimage","url":"https:\/\/www.coach-hunter.com\/content\/wp-content\/uploads\/2020\/06\/dejeps.jpg","contentUrl":"https:\/\/www.coach-hunter.com\/content\/wp-content\/uploads\/2020\/06\/dejeps.jpg","width":626,"height":417},{"@type":"BreadcrumbList","@id":"https:\/\/www.coach-hunter.com\/content\/dejeps\/#breadcrumb","itemListElement":[{"@type":"ListItem","position":1,"name":"Accueil","item":"https:\/\/www.coach-hunter.com\/content\/"},{"@type":"ListItem","position":2,"name":"Le DEJEPS, le dipl\u00f4me du perfectionnement sportif"}]},{"@type":"WebSite","@id":"https:\/\/www.coach-hunter.com\/content\/#website","url":"https:\/\/www.coach-hunter.com\/content\/","name":"Blog Coach Hunter","description":"","potentialAction":[{"@type":"SearchAction","target":{"@type":"EntryPoint","urlTemplate":"https:\/\/www.coach-hunter.com\/content\/?s={search_term_string}"},"query-input":{"@type":"PropertyValueSpecification","valueRequired":true,"valueName":"search_term_string"}}],"inLanguage":"fr-FR"}]}},"_links":{"self":[{"href":"https:\/\/www.coach-hunter.com\/content\/wp-json\/wp\/v2\/pages\/719","targetHints":{"allow":["GET"]}}],"collection":[{"href":"https:\/\/www.coach-hunter.com\/content\/wp-json\/wp\/v2\/pages"}],"about":[{"href":"https:\/\/www.coach-hunter.com\/content\/wp-json\/wp\/v2\/types\/page"}],"author":[{"embeddable":true,"href":"https:\/\/www.coach-hunter.com\/content\/wp-json\/wp\/v2\/users\/5"}],"replies":[{"embeddable":true,"href":"https:\/\/www.coach-hunter.com\/content\/wp-json\/wp\/v2\/comments?post=719"}],"version-history":[{"count":37,"href":"https:\/\/www.coach-hunter.com\/content\/wp-json\/wp\/v2\/pages\/719\/revisions"}],"predecessor-version":[{"id":1941,"href":"https:\/\/www.coach-hunter.com\/content\/wp-json\/wp\/v2\/pages\/719\/revisions\/1941"}],"wp:attachment":[{"href":"https:\/\/www.coach-hunter.com\/content\/wp-json\/wp\/v2\/media?parent=719"}],"curies":[{"name":"wp","href":"https:\/\/api.w.org\/{rel}","templated":true}]}}