{"id":683,"date":"2020-07-07T12:43:03","date_gmt":"2020-07-07T12:43:03","guid":{"rendered":"https:\/\/www.coach-hunter.com\/content\/?page_id=683"},"modified":"2020-09-08T13:20:46","modified_gmt":"2020-09-08T13:20:46","slug":"bpjeps-volley-ball","status":"publish","type":"page","link":"https:\/\/www.coach-hunter.com\/content\/bpjeps-volley-ball\/","title":{"rendered":"BPJEPS Volley-ball, votre sp\u00e9cialisation de coach sportif !"},"content":{"rendered":"\n<p>Les <a class=\"callAction\" href=\"https:\/\/www.coach-hunter.com\/content\/bpjeps-sports-collectifs\/\">BPJEPS Sports collectifs<\/a> sont des dipl\u00f4mes d&rsquo;Etat permettant \u00e0 leurs titulaires d&rsquo;encadrer l&rsquo;activit\u00e9 sportive en tant que <strong>coach sportif<\/strong>. Les d\u00e9tenteurs du <strong>BPJEPS Volley-ball<\/strong> peuvent animer des <strong>s\u00e9ances de sports<\/strong> autour de cette discipline sportive, aupr\u00e8s d&rsquo;\u00e9quipes, de collectifs associatifs ou de particuliers.<\/p>\n\n\n\n<div class=\"wp-block-image\"><figure class=\"aligncenter size-large\"><img loading=\"lazy\" decoding=\"async\" width=\"626\" height=\"417\" src=\"https:\/\/www.coach-hunter.com\/content\/wp-content\/uploads\/2020\/06\/bpjeps-volley-ball.jpg\" alt=\"Bpjeps Volley Ball\" class=\"wp-image-685\" srcset=\"https:\/\/www.coach-hunter.com\/content\/wp-content\/uploads\/2020\/06\/bpjeps-volley-ball.jpg 626w, https:\/\/www.coach-hunter.com\/content\/wp-content\/uploads\/2020\/06\/bpjeps-volley-ball-300x200.jpg 300w\" sizes=\"auto, (max-width: 626px) 85vw, 626px\" \/><\/figure><\/div>\n\n\n\n<div class='flexo'><div class=\"lames2\">\n\n\n\n<h2 class=\"wp-block-heading\">Les objectifs du&nbsp;BPJEPS sp\u00e9cialit\u00e9 \u00c9ducateur sportif mention Volley-ball<\/h2>\n\n\n\n<p>Le <strong>BPJEPS sp\u00e9cialit\u00e9 Volley-ball<\/strong> vise au d\u00e9veloppement de projet d animation sportive dans le champs des <strong>activit\u00e9s en sports collectifs<\/strong>. La mention volley ball met l&rsquo;accent sur cette discipline sportive. Le d\u00e9tenteur du dipl\u00f4me devra <strong>concevoir des s\u00e9ances<\/strong> et des <strong>cycles d&rsquo;animation<\/strong> autour du volley ball et de ses disciplines associ\u00e9es, comme le beach volley.<\/p>\n\n\n\n<p>Aussi, le dipl\u00f4me conf\u00e8re \u00e0 son titulaire la responsabilit\u00e9 des <strong>actions des communication et de promotion de la structure<\/strong> qui l\u2019accueille. Il pourra ainsi avoir en charge la conception des projets de la structure. Par ailleurs, il pourra \u00eatre amen\u00e9 \u00e0 exercer dans les collectivit\u00e9s territoriales. En tant qu\u2019administrateur dans les collectivit\u00e9s locales, son r\u00f4le sera de <strong>d\u00e9velopper le volley ball dans les espaces publics<\/strong>.<\/p>\n\n\n\n<\/div><div class=\"lames2\">\n\n\n\n<h2 class=\"wp-block-heading\">Quel parcours pour obtenir le BPJEPS ASC Volley-ball?<\/h2>\n\n\n\n<p>Le <strong>BPJEPS sp\u00e9cialit\u00e9 activit\u00e9s sports collectifs mention Volley Ball<\/strong> permet d\u2019acqu\u00e9rir des comp\u00e9tences dans la <strong>gestion d&rsquo;\u00e9quipes de sport<\/strong>. Ce sont des activit\u00e9s sportives de sports collectifs qui n\u00e9cessitent notamment des <strong>notions d&rsquo;arbitrage<\/strong>. Un <strong>test de s\u00e9lection<\/strong> portant sur la conduite des s\u00e9ances aura donc lieu pour <strong>valider les comp\u00e9tences du candidat<\/strong>.<\/p>\n\n\n\n<p><strong>Accessibilit\u00e9<\/strong> : d\u00e8s l&rsquo;\u00e2ge de 18 ans, avec le BAFA ou une exp\u00e9rience d&rsquo;animateur. Il faut \u00eatre titulaire du certificat de participation \u00e0 la Journ\u00e9e D\u00e9fense et Citoyennet\u00e9 (JDC ) pour les 18 &#8211; 25 ans et du PSC1 ou d\u2019un dipl\u00f4me \u00e9quivalent.<br><strong>Dur\u00e9e de formation<\/strong>&nbsp;:&nbsp;1 an \u00e0 18 mois dans un organisme agr\u00e9\u00e9 par les Directions r\u00e9gionales de la jeunesse, des sports et de la coh\u00e9sion sociale (DRJSCS).<br><strong>Co\u00fbt de la formation<\/strong>&nbsp;:&nbsp;de 4 500 \u00e0 7 000 \u20ac<\/p>\n\n\n\n<\/div><\/div>\n\n\n\n<h2 class=\"wp-block-heading\">D\u2019autres BPJEPS Sports collectifs :<\/h2>\n\n\n\n<ul class=\"wp-block-list\"><li><a href=\"https:\/\/www.coach-hunter.com\/content\/bpjeps-basket-ball\/\">BPJEPS Basket-Ball<\/a><\/li><li><a href=\"https:\/\/www.coach-hunter.com\/content\/bpjeps-football\/\">BPJEPS Football<\/a><\/li><li><a href=\"https:\/\/www.coach-hunter.com\/content\/bpjeps-handball\/\">BPJEPS Handball<\/a><\/li><li><a href=\"https:\/\/www.coach-hunter.com\/content\/bpjeps-rugby-le-diplome-coach-sportif-du-rugby-a-xv\/\">BPJEPS Rugby<\/a><\/li><\/ul>\n","protected":false},"excerpt":{"rendered":"<p>Les BPJEPS Sports collectifs sont des dipl\u00f4mes d&rsquo;Etat permettant \u00e0 leurs titulaires d&rsquo;encadrer l&rsquo;activit\u00e9 sportive en tant que coach sportif. Les d\u00e9tenteurs du BPJEPS Volley-ball peuvent animer des s\u00e9ances de sports autour de cette discipline sportive, aupr\u00e8s d&rsquo;\u00e9quipes, de collectifs associatifs ou de particuliers. Les objectifs du&nbsp;BPJEPS sp\u00e9cialit\u00e9 \u00c9ducateur sportif mention Volley-ball Le BPJEPS sp\u00e9cialit\u00e9 &hellip; <a href=\"https:\/\/www.coach-hunter.com\/content\/bpjeps-volley-ball\/\" class=\"more-link\">Continuer la lecture<span class=\"screen-reader-text\"> de &laquo;&nbsp;BPJEPS Volley-ball, votre sp\u00e9cialisation de coach sportif !&nbsp;&raquo;<\/span><\/a><\/p>\n","protected":false},"author":5,"featured_media":0,"parent":0,"menu_order":0,"comment_status":"closed","ping_status":"closed","template":"","meta":{"footnotes":""},"class_list":["post-683","page","type-page","status-publish","hentry"],"yoast_head":"<!-- This site is optimized with the Yoast SEO plugin v27.5 - https:\/\/yoast.com\/product\/yoast-seo-wordpress\/ -->\n<title>BPJEPS Volley-ball : devenez un coach sportif sp\u00e9cialis\u00e9 en volley !<\/title>\n<meta name=\"description\" content=\"Le BPJEPS Volley-Ball permet de former des coachs sportifs sp\u00e9cialis\u00e9s dans l&#039;encadrement de s\u00e9ances de volley ball et beach volley.\" \/>\n<meta name=\"robots\" content=\"index, follow, max-snippet:-1, max-image-preview:large, max-video-preview:-1\" \/>\n<link rel=\"canonical\" href=\"https:\/\/www.coach-hunter.com\/content\/bpjeps-volley-ball\/\" \/>\n<meta property=\"og:locale\" content=\"fr_FR\" \/>\n<meta property=\"og:type\" content=\"article\" \/>\n<meta property=\"og:title\" content=\"BPJEPS Volley-ball : devenez un coach sportif sp\u00e9cialis\u00e9 en volley !\" \/>\n<meta property=\"og:description\" content=\"Le BPJEPS Volley-Ball permet de former des coachs sportifs sp\u00e9cialis\u00e9s dans l&#039;encadrement de s\u00e9ances de volley ball et beach volley.\" \/>\n<meta property=\"og:url\" content=\"https:\/\/www.coach-hunter.com\/content\/bpjeps-volley-ball\/\" \/>\n<meta property=\"og:site_name\" content=\"Blog Coach Hunter\" \/>\n<meta property=\"article:modified_time\" content=\"2020-09-08T13:20:46+00:00\" \/>\n<meta property=\"og:image\" content=\"https:\/\/www.coach-hunter.com\/content\/wp-content\/uploads\/2020\/06\/bpjeps-volley-ball.jpg\" \/>\n\t<meta property=\"og:image:width\" content=\"626\" \/>\n\t<meta property=\"og:image:height\" content=\"417\" \/>\n\t<meta property=\"og:image:type\" content=\"image\/jpeg\" \/>\n<meta name=\"twitter:card\" content=\"summary_large_image\" \/>\n<meta name=\"twitter:label1\" content=\"Dur\u00e9e de lecture estim\u00e9e\" \/>\n\t<meta name=\"twitter:data1\" content=\"2 minutes\" \/>\n<script type=\"application\/ld+json\" class=\"yoast-schema-graph\">{\"@context\":\"https:\\\/\\\/schema.org\",\"@graph\":[{\"@type\":\"WebPage\",\"@id\":\"https:\\\/\\\/www.coach-hunter.com\\\/content\\\/bpjeps-volley-ball\\\/\",\"url\":\"https:\\\/\\\/www.coach-hunter.com\\\/content\\\/bpjeps-volley-ball\\\/\",\"name\":\"BPJEPS Volley-ball : devenez un coach sportif sp\u00e9cialis\u00e9 en volley !\",\"isPartOf\":{\"@id\":\"https:\\\/\\\/www.coach-hunter.com\\\/content\\\/#website\"},\"primaryImageOfPage\":{\"@id\":\"https:\\\/\\\/www.coach-hunter.com\\\/content\\\/bpjeps-volley-ball\\\/#primaryimage\"},\"image\":{\"@id\":\"https:\\\/\\\/www.coach-hunter.com\\\/content\\\/bpjeps-volley-ball\\\/#primaryimage\"},\"thumbnailUrl\":\"https:\\\/\\\/www.coach-hunter.com\\\/content\\\/wp-content\\\/uploads\\\/2020\\\/06\\\/bpjeps-volley-ball.jpg\",\"datePublished\":\"2020-07-07T12:43:03+00:00\",\"dateModified\":\"2020-09-08T13:20:46+00:00\",\"description\":\"Le BPJEPS Volley-Ball permet de former des coachs sportifs sp\u00e9cialis\u00e9s dans l'encadrement de s\u00e9ances de volley ball et beach volley.\",\"breadcrumb\":{\"@id\":\"https:\\\/\\\/www.coach-hunter.com\\\/content\\\/bpjeps-volley-ball\\\/#breadcrumb\"},\"inLanguage\":\"fr-FR\",\"potentialAction\":[{\"@type\":\"ReadAction\",\"target\":[\"https:\\\/\\\/www.coach-hunter.com\\\/content\\\/bpjeps-volley-ball\\\/\"]}]},{\"@type\":\"ImageObject\",\"inLanguage\":\"fr-FR\",\"@id\":\"https:\\\/\\\/www.coach-hunter.com\\\/content\\\/bpjeps-volley-ball\\\/#primaryimage\",\"url\":\"https:\\\/\\\/www.coach-hunter.com\\\/content\\\/wp-content\\\/uploads\\\/2020\\\/06\\\/bpjeps-volley-ball.jpg\",\"contentUrl\":\"https:\\\/\\\/www.coach-hunter.com\\\/content\\\/wp-content\\\/uploads\\\/2020\\\/06\\\/bpjeps-volley-ball.jpg\",\"width\":626,\"height\":417},{\"@type\":\"BreadcrumbList\",\"@id\":\"https:\\\/\\\/www.coach-hunter.com\\\/content\\\/bpjeps-volley-ball\\\/#breadcrumb\",\"itemListElement\":[{\"@type\":\"ListItem\",\"position\":1,\"name\":\"Accueil\",\"item\":\"https:\\\/\\\/www.coach-hunter.com\\\/content\\\/\"},{\"@type\":\"ListItem\",\"position\":2,\"name\":\"BPJEPS Volley-ball, votre sp\u00e9cialisation de coach sportif !\"}]},{\"@type\":\"WebSite\",\"@id\":\"https:\\\/\\\/www.coach-hunter.com\\\/content\\\/#website\",\"url\":\"https:\\\/\\\/www.coach-hunter.com\\\/content\\\/\",\"name\":\"Blog Coach Hunter\",\"description\":\"\",\"potentialAction\":[{\"@type\":\"SearchAction\",\"target\":{\"@type\":\"EntryPoint\",\"urlTemplate\":\"https:\\\/\\\/www.coach-hunter.com\\\/content\\\/?s={search_term_string}\"},\"query-input\":{\"@type\":\"PropertyValueSpecification\",\"valueRequired\":true,\"valueName\":\"search_term_string\"}}],\"inLanguage\":\"fr-FR\"}]}<\/script>\n<!-- \/ Yoast SEO plugin. -->","yoast_head_json":{"title":"BPJEPS Volley-ball : devenez un coach sportif sp\u00e9cialis\u00e9 en volley !","description":"Le BPJEPS Volley-Ball permet de former des coachs sportifs sp\u00e9cialis\u00e9s dans l'encadrement de s\u00e9ances de volley ball et beach volley.","robots":{"index":"index","follow":"follow","max-snippet":"max-snippet:-1","max-image-preview":"max-image-preview:large","max-video-preview":"max-video-preview:-1"},"canonical":"https:\/\/www.coach-hunter.com\/content\/bpjeps-volley-ball\/","og_locale":"fr_FR","og_type":"article","og_title":"BPJEPS Volley-ball : devenez un coach sportif sp\u00e9cialis\u00e9 en volley !","og_description":"Le BPJEPS Volley-Ball permet de former des coachs sportifs sp\u00e9cialis\u00e9s dans l'encadrement de s\u00e9ances de volley ball et beach volley.","og_url":"https:\/\/www.coach-hunter.com\/content\/bpjeps-volley-ball\/","og_site_name":"Blog Coach Hunter","article_modified_time":"2020-09-08T13:20:46+00:00","og_image":[{"width":626,"height":417,"url":"https:\/\/www.coach-hunter.com\/content\/wp-content\/uploads\/2020\/06\/bpjeps-volley-ball.jpg","type":"image\/jpeg"}],"twitter_card":"summary_large_image","twitter_misc":{"Dur\u00e9e de lecture estim\u00e9e":"2 minutes"},"schema":{"@context":"https:\/\/schema.org","@graph":[{"@type":"WebPage","@id":"https:\/\/www.coach-hunter.com\/content\/bpjeps-volley-ball\/","url":"https:\/\/www.coach-hunter.com\/content\/bpjeps-volley-ball\/","name":"BPJEPS Volley-ball : devenez un coach sportif sp\u00e9cialis\u00e9 en volley !","isPartOf":{"@id":"https:\/\/www.coach-hunter.com\/content\/#website"},"primaryImageOfPage":{"@id":"https:\/\/www.coach-hunter.com\/content\/bpjeps-volley-ball\/#primaryimage"},"image":{"@id":"https:\/\/www.coach-hunter.com\/content\/bpjeps-volley-ball\/#primaryimage"},"thumbnailUrl":"https:\/\/www.coach-hunter.com\/content\/wp-content\/uploads\/2020\/06\/bpjeps-volley-ball.jpg","datePublished":"2020-07-07T12:43:03+00:00","dateModified":"2020-09-08T13:20:46+00:00","description":"Le BPJEPS Volley-Ball permet de former des coachs sportifs sp\u00e9cialis\u00e9s dans l'encadrement de s\u00e9ances de volley ball et beach volley.","breadcrumb":{"@id":"https:\/\/www.coach-hunter.com\/content\/bpjeps-volley-ball\/#breadcrumb"},"inLanguage":"fr-FR","potentialAction":[{"@type":"ReadAction","target":["https:\/\/www.coach-hunter.com\/content\/bpjeps-volley-ball\/"]}]},{"@type":"ImageObject","inLanguage":"fr-FR","@id":"https:\/\/www.coach-hunter.com\/content\/bpjeps-volley-ball\/#primaryimage","url":"https:\/\/www.coach-hunter.com\/content\/wp-content\/uploads\/2020\/06\/bpjeps-volley-ball.jpg","contentUrl":"https:\/\/www.coach-hunter.com\/content\/wp-content\/uploads\/2020\/06\/bpjeps-volley-ball.jpg","width":626,"height":417},{"@type":"BreadcrumbList","@id":"https:\/\/www.coach-hunter.com\/content\/bpjeps-volley-ball\/#breadcrumb","itemListElement":[{"@type":"ListItem","position":1,"name":"Accueil","item":"https:\/\/www.coach-hunter.com\/content\/"},{"@type":"ListItem","position":2,"name":"BPJEPS Volley-ball, votre sp\u00e9cialisation de coach sportif !"}]},{"@type":"WebSite","@id":"https:\/\/www.coach-hunter.com\/content\/#website","url":"https:\/\/www.coach-hunter.com\/content\/","name":"Blog Coach Hunter","description":"","potentialAction":[{"@type":"SearchAction","target":{"@type":"EntryPoint","urlTemplate":"https:\/\/www.coach-hunter.com\/content\/?s={search_term_string}"},"query-input":{"@type":"PropertyValueSpecification","valueRequired":true,"valueName":"search_term_string"}}],"inLanguage":"fr-FR"}]}},"_links":{"self":[{"href":"https:\/\/www.coach-hunter.com\/content\/wp-json\/wp\/v2\/pages\/683","targetHints":{"allow":["GET"]}}],"collection":[{"href":"https:\/\/www.coach-hunter.com\/content\/wp-json\/wp\/v2\/pages"}],"about":[{"href":"https:\/\/www.coach-hunter.com\/content\/wp-json\/wp\/v2\/types\/page"}],"author":[{"embeddable":true,"href":"https:\/\/www.coach-hunter.com\/content\/wp-json\/wp\/v2\/users\/5"}],"replies":[{"embeddable":true,"href":"https:\/\/www.coach-hunter.com\/content\/wp-json\/wp\/v2\/comments?post=683"}],"version-history":[{"count":13,"href":"https:\/\/www.coach-hunter.com\/content\/wp-json\/wp\/v2\/pages\/683\/revisions"}],"predecessor-version":[{"id":1538,"href":"https:\/\/www.coach-hunter.com\/content\/wp-json\/wp\/v2\/pages\/683\/revisions\/1538"}],"wp:attachment":[{"href":"https:\/\/www.coach-hunter.com\/content\/wp-json\/wp\/v2\/media?parent=683"}],"curies":[{"name":"wp","href":"https:\/\/api.w.org\/{rel}","templated":true}]}}