{"id":68,"date":"2018-03-13T14:47:19","date_gmt":"2018-03-13T14:47:19","guid":{"rendered":"https:\/\/www.coach-hunter.com\/content\/?page_id=68"},"modified":"2022-09-05T07:02:37","modified_gmt":"2022-09-05T07:02:37","slug":"perte-de-poids","status":"publish","type":"page","link":"https:\/\/www.coach-hunter.com\/content\/perte-de-poids\/","title":{"rendered":"Oubliez vos kilos en trop avec un coach perte de poids"},"content":{"rendered":"<p>Quand on fait appel \u00e0 un coach sportif, la perte de poids est l&rsquo;un des objectifs qui revient le plus ! Selon une \u00e9tude parue dans <em>Le monde<\/em>, 1 fran\u00e7ais sur 2 serrait en surpoids (ou ob\u00e9sit\u00e9). En terme d&rsquo;<a class=\"callAction\" href=\"https:\/\/www.coach-hunter.com\/content\/\">objectif sportif<\/a>, il est vrai que la plupart de nos clients font appel \u00e0 nous pour maigrir et redessiner leurs silhouettes. Voici quelques conseils d&rsquo;un coach perte de poids pour avoir des r\u00e9sultats optimaux.<\/p>\n<p><img loading=\"lazy\" decoding=\"async\" class=\"aligncenter wp-image-69 size-large\" src=\"https:\/\/www.coach-hunter.com\/content\/wp-content\/uploads\/2018\/03\/Perte-de-poids-1024x682.jpg\" alt=\"Perte de poids\" width=\"840\" height=\"559\" srcset=\"https:\/\/www.coach-hunter.com\/content\/wp-content\/uploads\/2018\/03\/Perte-de-poids.jpg 1024w, https:\/\/www.coach-hunter.com\/content\/wp-content\/uploads\/2018\/03\/Perte-de-poids-300x200.jpg 300w, https:\/\/www.coach-hunter.com\/content\/wp-content\/uploads\/2018\/03\/Perte-de-poids-768x512.jpg 768w\" sizes=\"auto, (max-width: 709px) 85vw, (max-width: 909px) 67vw, (max-width: 1362px) 62vw, 840px\" \/><\/p>\n<h2>Les causes les plus fr\u00e9quentes d&rsquo;une prise de poids<\/h2>\n<p>Pour commencer, si vous voulez maigrir, il faut conna\u00eetre la <strong>source de votre prise de masse grasse<\/strong>. Dans la plupart des cas, elle est due \u00e0 une <strong>mauvaise alimentation<\/strong> ou une <strong>nutrition non adapt\u00e9e<\/strong> \u00e0 votre profil. En effet, dans les pays occidentaux, la nourriture est abondante et de moins en moins de bonne qualit\u00e9. Ainsi, il va falloir faire un r\u00e9\u00e9quilibrage alimentaire pour <strong>vivre en bonne sant\u00e9<\/strong> et <strong>perdre quelques kilos<\/strong>.<\/p>\n<p>De plus, l&rsquo;augmentation du surpoids est corr\u00e9l\u00e9e \u00e0 l&rsquo;<strong>augmentation de la s\u00e9dentarit\u00e9<\/strong>. Effectivement, dans nos modes de vies actuels, l&rsquo;activit\u00e9 physique tant \u00e0 baisser d&rsquo;ann\u00e9e en ann\u00e9e. Il n&rsquo;y a donc pas de miracle, il va falloir <strong>se mettre au sport<\/strong> pour perdre du poids durablement.<\/p>\n<h2>Astuces alimentaires de notre coach perte de poids<\/h2>\n<h3>Ne faites pas confiance aux r\u00e9gimes miracles !<\/h3>\n<p>Vous le savez, il existe de nombreux <strong>programmes minceurs<\/strong> ou de <strong>r\u00e9gimes alimentaires<\/strong> \u00e9voquant une perte de poids \u00e9norme en quelques semaines. Mais chez coach-hunter, nous ne sommes pas pour des restrictions pouvant mettre votre sant\u00e9 en danger \u00e0 cause de carences alimentaires. De plus, ces r\u00e9gimes provoquent pour la plupart, un <strong>effet yo-yo<\/strong>, o\u00f9 vous allez reprendre encore plus de poids.<\/p>\n<p>Ainsi, nous sommes pour une <strong>alimentation \u00e9quilibr\u00e9e<\/strong> et <strong>vari\u00e9e<\/strong>. Facile \u00e0 dire mais pas \u00e0 faire ? Voici <a href=\"https:\/\/pepswork.com\/2018\/07\/16\/nouvelles-recommandations-nutritionnelles-du-pnns-2018-2022\/\">quelques recommandations du PNNS<\/a> pour changer vos habitudes alimentaires et commencer \u00e0 manger mieux.<\/p>\n<p>Mais avant cela, nous vous donnons quelques conseils \u00e0 appliquer d\u00e8s maintenant. C&rsquo;est la meilleure solution pour des <strong>r\u00e9sultats au long terme<\/strong>.<\/p>\n<h3>Mettez vous \u00e0 cuisiner<\/h3>\n<p>\u00c0 d\u00e9faut de suivre un r\u00e9gime drastique, le meilleur conseil que nous puissions vous donner, est de vous <strong>mettre au fourneau<\/strong>. \u00c9vitez les plats micro-ondables ou \u00e0 r\u00e9chauffer au four. Ils sont g\u00e9n\u00e9ralement trop riches en sel, en graisses satur\u00e9es, en sucres simples et\/ou en addictifs.<\/p>\n<p>Nous vous disons pas de cuisiner pendant des heures par jour, mais des repas simples sont r\u00e9alisables en quelques minutes avec des <strong>produits meilleurs pour la sant\u00e9<\/strong> compar\u00e9s aux plats industriels. Le but ici n&rsquo;est pas de manger moins mais de <strong>manger mieux<\/strong> ! De plus, au vu des prix des repas industriels, votre budget alimentaire sera soulag\u00e9.<\/p>\n<h3>Supprimer les boissons gazeuses sucr\u00e9es<\/h3>\n<p>Elles font grossir, causes des caries, ab\u00eement les os, ont des effets canc\u00e9rig\u00e8nes. Bref, elles ne sont pas bonnes pour notre sant\u00e9, \u00e7a tout le monde le sait. Et pourtant, c&rsquo;est une habitude difficile \u00e0 chasser car elles sont tr\u00e8s addictives.<\/p>\n<p>Les boissons gazeuses contiennent beaucoup de sucres g\u00e9n\u00e9ralement. Pour exemple, nous pouvons citer une canette de coca contenant 7 morceaux de sucre. Ainsi, essayez de les diminuer progressivement et de les remplacer par des boissons moins caloriques ou des boissons gazeuses de type Perrier, Badoit, &#8230;<\/p>\n<h2>Programme d&rsquo;entra\u00eenement avec un coach perte de poids<\/h2>\n<h3>La m\u00e9thode traditionnelle<\/h3>\n<p>Dans tous les cas, n&rsquo;importe quelle pratique sportive vous aidera dans votre objectif. Nous allons vous parler des techniques qui marchent les mieux pour perdre du poids rapidement. Dans cette partie, ce sont les <strong>activit\u00e9s cardio<\/strong> sur une longue dur\u00e9e et \u00e0 intensit\u00e9 faible\/mod\u00e9r\u00e9e.<\/p>\n<p>En effet, en r\u00e9alisant des <strong>efforts longs<\/strong>, vous allez puiser dans vos graisses pour avoir l&rsquo;\u00e9nergie n\u00e9cessaire. Nous vous conseillons alors de faire une s\u00e9ance de sport de plus de <strong>40-45 minutes<\/strong>. Bien-\u00e9videmment, <strong>adaptez la difficult\u00e9<\/strong> \u00e0 votre condition physique. Si vous n&rsquo;\u00eates pas du tout sportif, commencez \u00e0 vous remettre en forme avec des s\u00e9ances plus courtes ou avec une intensit\u00e9 faible.<\/p>\n<p>Il existe bon nombre d&rsquo;<strong>activit\u00e9s sportives<\/strong> que vous pouvez pratiquer dans ce cas : marche\/course \u00e0 pied, cyclisme, natation, v\u00e9lo elliptique, rameur, &#8230; A vous de choisir celle qui vous convient le mieux et que vous prenez <strong>plaisir \u00e0 faire<\/strong>. Cependant, si vous \u00eates en ob\u00e9sit\u00e9, nous vous conseillons de vous renseigner avec votre m\u00e9decin avant de commencer toute activit\u00e9.<\/p>\n<h3>Les autres m\u00e9thodes plus fun avec un coach perte de poids !<\/h3>\n<p>En effet, d&rsquo;autres m\u00e9thodes voient le jour qui sont aussi efficaces pour <strong>perdre du poids rapidement<\/strong>.&nbsp;Nos coachs sportifs \u00e0 domicile sauront vous proposer un <strong>programme sur-mesure<\/strong> en fonction de vos besoins et de vos capacit\u00e9s.<\/p>\n<p>Il y a ainsi les <strong>s\u00e9ances de HIIT<\/strong>, qui consiste \u00e0 travailler sur un encha\u00eenement de tr\u00e8s haute intensit\u00e9 et de moyenne intensit\u00e9. Pas accessible aux d\u00e9butants, la s\u00e9ance est tr\u00e8s intense mais courte.<\/p>\n<p>De plus, les <strong>s\u00e9ances de fitness<\/strong>&nbsp;comme le Step peuvent vous convenir, ou encore le <a class=\"callAction\" href=\"https:\/\/www.coach-hunter.com\/content\/cross-training-a-la-maison\/\">cross-training \u00e0 la maison<\/a> et bien-d&rsquo;autres. A vous de choisir celle qui vous donne envie. Dans tous les cas, coach-hunter propose son aide avec des programmes de coaching sportif \u00e0 domicile.<\/p>\n<p>Pour aller plus loin sur le rapport entre activit\u00e9 physique et poids corporel, c&rsquo;est <a href=\"http:\/\/www.kino-quebec.qc.ca\/publications\/AvisPoids%20CorporelMars2008.pdf\">ici<\/a> !<\/p>\n<h2>Nos autres objectifs sportifs :<\/h2>\n<ul>\n<li><a href=\"https:\/\/www.coach-hunter.com\/content\/sport-au-feminin\/\">Coach sportif pour femme<\/a> : objectifs et conseils demand\u00e9s<\/li>\n<li>L&rsquo;envie de faire du sport avec un <a href=\"https:\/\/www.coach-hunter.com\/content\/motivation-sportive\/\">coach motivation<\/a><\/li>\n<li><a href=\"https:\/\/www.coach-hunter.com\/content\/sante\/\">Coach sant\u00e9<\/a>, une vie saine gr\u00e2ce au sport<\/li>\n<li>Atteindre ses objectifs rapidement avec un <a href=\"https:\/\/www.coach-hunter.com\/content\/nutrition\/\">coach nutrition<\/a><\/li>\n<\/ul>\n","protected":false},"excerpt":{"rendered":"<p>Quand on fait appel \u00e0 un coach sportif, la perte de poids est l&rsquo;un des objectifs qui revient le plus ! Selon une \u00e9tude parue dans Le monde, 1 fran\u00e7ais sur 2 serrait en surpoids (ou ob\u00e9sit\u00e9). En terme d&rsquo;objectif sportif, il est vrai que la plupart de nos clients font appel \u00e0 nous pour &hellip; <a href=\"https:\/\/www.coach-hunter.com\/content\/perte-de-poids\/\" class=\"more-link\">Continuer la lecture<span class=\"screen-reader-text\"> de &laquo;&nbsp;Oubliez vos kilos en trop avec un coach perte de poids&nbsp;&raquo;<\/span><\/a><\/p>\n","protected":false},"author":2,"featured_media":0,"parent":0,"menu_order":0,"comment_status":"open","ping_status":"closed","template":"","meta":{"footnotes":""},"class_list":["post-68","page","type-page","status-publish","hentry"],"yoast_head":"<!-- This site is optimized with the Yoast SEO plugin v27.5 - https:\/\/yoast.com\/product\/yoast-seo-wordpress\/ -->\n<title>Coach perte de poids : comment avoir des r\u00e9sultats rapides et durables ?<\/title>\n<meta name=\"description\" content=\"Entre alimentation saine et activit\u00e9 physique, un coach perte de poids vous donne les clefs pour atteindre vos objectifs efficacement.\" \/>\n<meta name=\"robots\" content=\"index, follow, max-snippet:-1, max-image-preview:large, max-video-preview:-1\" \/>\n<link rel=\"canonical\" href=\"https:\/\/www.coach-hunter.com\/content\/perte-de-poids\/\" \/>\n<meta property=\"og:locale\" content=\"fr_FR\" \/>\n<meta property=\"og:type\" content=\"article\" \/>\n<meta property=\"og:title\" content=\"Coach perte de poids : comment avoir des r\u00e9sultats rapides et durables ?\" \/>\n<meta property=\"og:description\" content=\"Entre alimentation saine et activit\u00e9 physique, un coach perte de poids vous donne les clefs pour atteindre vos objectifs efficacement.\" \/>\n<meta property=\"og:url\" content=\"https:\/\/www.coach-hunter.com\/content\/perte-de-poids\/\" \/>\n<meta property=\"og:site_name\" content=\"Blog Coach Hunter\" \/>\n<meta property=\"article:modified_time\" content=\"2022-09-05T07:02:37+00:00\" \/>\n<meta property=\"og:image\" content=\"https:\/\/www.coach-hunter.com\/content\/wp-content\/uploads\/2018\/03\/Perte-de-poids-1024x682.jpg\" \/>\n<meta name=\"twitter:card\" content=\"summary_large_image\" \/>\n<meta name=\"twitter:label1\" content=\"Dur\u00e9e de lecture estim\u00e9e\" \/>\n\t<meta name=\"twitter:data1\" content=\"5 minutes\" \/>\n<script type=\"application\/ld+json\" class=\"yoast-schema-graph\">{\"@context\":\"https:\\\/\\\/schema.org\",\"@graph\":[{\"@type\":\"WebPage\",\"@id\":\"https:\\\/\\\/www.coach-hunter.com\\\/content\\\/perte-de-poids\\\/\",\"url\":\"https:\\\/\\\/www.coach-hunter.com\\\/content\\\/perte-de-poids\\\/\",\"name\":\"Coach perte de poids : comment avoir des r\u00e9sultats rapides et durables ?\",\"isPartOf\":{\"@id\":\"https:\\\/\\\/www.coach-hunter.com\\\/content\\\/#website\"},\"primaryImageOfPage\":{\"@id\":\"https:\\\/\\\/www.coach-hunter.com\\\/content\\\/perte-de-poids\\\/#primaryimage\"},\"image\":{\"@id\":\"https:\\\/\\\/www.coach-hunter.com\\\/content\\\/perte-de-poids\\\/#primaryimage\"},\"thumbnailUrl\":\"https:\\\/\\\/www.coach-hunter.com\\\/content\\\/wp-content\\\/uploads\\\/2018\\\/03\\\/Perte-de-poids-1024x682.jpg\",\"datePublished\":\"2018-03-13T14:47:19+00:00\",\"dateModified\":\"2022-09-05T07:02:37+00:00\",\"description\":\"Entre alimentation saine et activit\u00e9 physique, un coach perte de poids vous donne les clefs pour atteindre vos objectifs efficacement.\",\"breadcrumb\":{\"@id\":\"https:\\\/\\\/www.coach-hunter.com\\\/content\\\/perte-de-poids\\\/#breadcrumb\"},\"inLanguage\":\"fr-FR\",\"potentialAction\":[{\"@type\":\"ReadAction\",\"target\":[\"https:\\\/\\\/www.coach-hunter.com\\\/content\\\/perte-de-poids\\\/\"]}]},{\"@type\":\"ImageObject\",\"inLanguage\":\"fr-FR\",\"@id\":\"https:\\\/\\\/www.coach-hunter.com\\\/content\\\/perte-de-poids\\\/#primaryimage\",\"url\":\"https:\\\/\\\/www.coach-hunter.com\\\/content\\\/wp-content\\\/uploads\\\/2018\\\/03\\\/Perte-de-poids.jpg\",\"contentUrl\":\"https:\\\/\\\/www.coach-hunter.com\\\/content\\\/wp-content\\\/uploads\\\/2018\\\/03\\\/Perte-de-poids.jpg\",\"width\":1024,\"height\":682},{\"@type\":\"BreadcrumbList\",\"@id\":\"https:\\\/\\\/www.coach-hunter.com\\\/content\\\/perte-de-poids\\\/#breadcrumb\",\"itemListElement\":[{\"@type\":\"ListItem\",\"position\":1,\"name\":\"Accueil\",\"item\":\"https:\\\/\\\/www.coach-hunter.com\\\/content\\\/\"},{\"@type\":\"ListItem\",\"position\":2,\"name\":\"Oubliez vos kilos en trop avec un coach perte de poids\"}]},{\"@type\":\"WebSite\",\"@id\":\"https:\\\/\\\/www.coach-hunter.com\\\/content\\\/#website\",\"url\":\"https:\\\/\\\/www.coach-hunter.com\\\/content\\\/\",\"name\":\"Blog Coach Hunter\",\"description\":\"\",\"potentialAction\":[{\"@type\":\"SearchAction\",\"target\":{\"@type\":\"EntryPoint\",\"urlTemplate\":\"https:\\\/\\\/www.coach-hunter.com\\\/content\\\/?s={search_term_string}\"},\"query-input\":{\"@type\":\"PropertyValueSpecification\",\"valueRequired\":true,\"valueName\":\"search_term_string\"}}],\"inLanguage\":\"fr-FR\"}]}<\/script>\n<!-- \/ Yoast SEO plugin. -->","yoast_head_json":{"title":"Coach perte de poids : comment avoir des r\u00e9sultats rapides et durables ?","description":"Entre alimentation saine et activit\u00e9 physique, un coach perte de poids vous donne les clefs pour atteindre vos objectifs efficacement.","robots":{"index":"index","follow":"follow","max-snippet":"max-snippet:-1","max-image-preview":"max-image-preview:large","max-video-preview":"max-video-preview:-1"},"canonical":"https:\/\/www.coach-hunter.com\/content\/perte-de-poids\/","og_locale":"fr_FR","og_type":"article","og_title":"Coach perte de poids : comment avoir des r\u00e9sultats rapides et durables ?","og_description":"Entre alimentation saine et activit\u00e9 physique, un coach perte de poids vous donne les clefs pour atteindre vos objectifs efficacement.","og_url":"https:\/\/www.coach-hunter.com\/content\/perte-de-poids\/","og_site_name":"Blog Coach Hunter","article_modified_time":"2022-09-05T07:02:37+00:00","og_image":[{"url":"https:\/\/www.coach-hunter.com\/content\/wp-content\/uploads\/2018\/03\/Perte-de-poids-1024x682.jpg","type":"","width":"","height":""}],"twitter_card":"summary_large_image","twitter_misc":{"Dur\u00e9e de lecture estim\u00e9e":"5 minutes"},"schema":{"@context":"https:\/\/schema.org","@graph":[{"@type":"WebPage","@id":"https:\/\/www.coach-hunter.com\/content\/perte-de-poids\/","url":"https:\/\/www.coach-hunter.com\/content\/perte-de-poids\/","name":"Coach perte de poids : comment avoir des r\u00e9sultats rapides et durables ?","isPartOf":{"@id":"https:\/\/www.coach-hunter.com\/content\/#website"},"primaryImageOfPage":{"@id":"https:\/\/www.coach-hunter.com\/content\/perte-de-poids\/#primaryimage"},"image":{"@id":"https:\/\/www.coach-hunter.com\/content\/perte-de-poids\/#primaryimage"},"thumbnailUrl":"https:\/\/www.coach-hunter.com\/content\/wp-content\/uploads\/2018\/03\/Perte-de-poids-1024x682.jpg","datePublished":"2018-03-13T14:47:19+00:00","dateModified":"2022-09-05T07:02:37+00:00","description":"Entre alimentation saine et activit\u00e9 physique, un coach perte de poids vous donne les clefs pour atteindre vos objectifs efficacement.","breadcrumb":{"@id":"https:\/\/www.coach-hunter.com\/content\/perte-de-poids\/#breadcrumb"},"inLanguage":"fr-FR","potentialAction":[{"@type":"ReadAction","target":["https:\/\/www.coach-hunter.com\/content\/perte-de-poids\/"]}]},{"@type":"ImageObject","inLanguage":"fr-FR","@id":"https:\/\/www.coach-hunter.com\/content\/perte-de-poids\/#primaryimage","url":"https:\/\/www.coach-hunter.com\/content\/wp-content\/uploads\/2018\/03\/Perte-de-poids.jpg","contentUrl":"https:\/\/www.coach-hunter.com\/content\/wp-content\/uploads\/2018\/03\/Perte-de-poids.jpg","width":1024,"height":682},{"@type":"BreadcrumbList","@id":"https:\/\/www.coach-hunter.com\/content\/perte-de-poids\/#breadcrumb","itemListElement":[{"@type":"ListItem","position":1,"name":"Accueil","item":"https:\/\/www.coach-hunter.com\/content\/"},{"@type":"ListItem","position":2,"name":"Oubliez vos kilos en trop avec un coach perte de poids"}]},{"@type":"WebSite","@id":"https:\/\/www.coach-hunter.com\/content\/#website","url":"https:\/\/www.coach-hunter.com\/content\/","name":"Blog Coach Hunter","description":"","potentialAction":[{"@type":"SearchAction","target":{"@type":"EntryPoint","urlTemplate":"https:\/\/www.coach-hunter.com\/content\/?s={search_term_string}"},"query-input":{"@type":"PropertyValueSpecification","valueRequired":true,"valueName":"search_term_string"}}],"inLanguage":"fr-FR"}]}},"_links":{"self":[{"href":"https:\/\/www.coach-hunter.com\/content\/wp-json\/wp\/v2\/pages\/68","targetHints":{"allow":["GET"]}}],"collection":[{"href":"https:\/\/www.coach-hunter.com\/content\/wp-json\/wp\/v2\/pages"}],"about":[{"href":"https:\/\/www.coach-hunter.com\/content\/wp-json\/wp\/v2\/types\/page"}],"author":[{"embeddable":true,"href":"https:\/\/www.coach-hunter.com\/content\/wp-json\/wp\/v2\/users\/2"}],"replies":[{"embeddable":true,"href":"https:\/\/www.coach-hunter.com\/content\/wp-json\/wp\/v2\/comments?post=68"}],"version-history":[{"count":26,"href":"https:\/\/www.coach-hunter.com\/content\/wp-json\/wp\/v2\/pages\/68\/revisions"}],"predecessor-version":[{"id":2069,"href":"https:\/\/www.coach-hunter.com\/content\/wp-json\/wp\/v2\/pages\/68\/revisions\/2069"}],"wp:attachment":[{"href":"https:\/\/www.coach-hunter.com\/content\/wp-json\/wp\/v2\/media?parent=68"}],"curies":[{"name":"wp","href":"https:\/\/api.w.org\/{rel}","templated":true}]}}