{"id":653,"date":"2020-06-05T15:55:36","date_gmt":"2020-06-05T15:55:36","guid":{"rendered":"https:\/\/www.coach-hunter.com\/content\/?page_id=653"},"modified":"2020-11-02T13:59:47","modified_gmt":"2020-11-02T13:59:47","slug":"bpjeps","status":"publish","type":"page","link":"https:\/\/www.coach-hunter.com\/content\/bpjeps\/","title":{"rendered":"Les BPJEPS, les dipl\u00f4mes pour coach sportif professionnel"},"content":{"rendered":"\n<p>Les <strong>BPJEPS<\/strong>, ou brevets professionnels de la jeunesse de l&rsquo; \u00e9ducation populaire et du sport, sont des <a class=\"callAction\" href=\"https:\/\/www.coach-hunter.com\/content\/diplomes-coach-sportif\/\">dipl\u00f4mes coach sportif<\/a> d\u00e9livr\u00e9s par les CREPS. Ces derniers sont des organismes de formation publics. Ces dipl\u00f4mes sont enregistr\u00e9s au r\u00e9pertoire national des certifications professionnelles <a href=\"https:\/\/certificationprofessionnelle.fr\/\" target=\"_blank\" rel=\"noreferrer noopener\">RNCP<\/a>, et sont de degr\u00e9 4. <\/p>\n\n\n\n<p>Les d\u00e9tenteurs du dipl\u00f4me encadrent les pratiques sportives et de loisirs tous publics.  Vous trouverez ici les diff\u00e9rentes <strong>mentions du BPJEPS<\/strong> !<\/p>\n\n\n\n<div class=\"wp-block-image\"><figure class=\"aligncenter size-large\"><img loading=\"lazy\" decoding=\"async\" width=\"626\" height=\"417\" src=\"https:\/\/www.coach-hunter.com\/content\/wp-content\/uploads\/2020\/06\/bpjeps.jpg\" alt=\"bpjeps\" class=\"wp-image-655\" srcset=\"https:\/\/www.coach-hunter.com\/content\/wp-content\/uploads\/2020\/06\/bpjeps.jpg 626w, https:\/\/www.coach-hunter.com\/content\/wp-content\/uploads\/2020\/06\/bpjeps-300x200.jpg 300w\" sizes=\"auto, (max-width: 626px) 85vw, 626px\" \/><\/figure><\/div>\n\n\n\n<div class='flexo'><div class=\"lames2\">\n\n\n\n<h2 class=\"wp-block-heading\">BPJEPS Sports collectifs<\/h2>\n\n\n\n<div class=\"wp-block-image\"><figure class=\"aligncenter size-large\"><img loading=\"lazy\" decoding=\"async\" width=\"626\" height=\"417\" src=\"https:\/\/www.coach-hunter.com\/content\/wp-content\/uploads\/2020\/09\/bpjeps-sports-collectifs-Copie-1.jpg\" alt=\"bpjeps\" class=\"wp-image-1514\" srcset=\"https:\/\/www.coach-hunter.com\/content\/wp-content\/uploads\/2020\/09\/bpjeps-sports-collectifs-Copie-1.jpg 626w, https:\/\/www.coach-hunter.com\/content\/wp-content\/uploads\/2020\/09\/bpjeps-sports-collectifs-Copie-1-300x200.jpg 300w\" sizes=\"auto, (max-width: 626px) 85vw, 626px\" \/><\/figure><\/div>\n\n\n\n<p>Les <a class=\"callAction\" href=\"https:\/\/www.coach-hunter.com\/content\/bpjeps-sports-collectifs\/\">BPJEPS Sports collectifs<\/a> appartiennent \u00e0 une m\u00eame sp\u00e9cialit\u00e9. Cette derni\u00e8re est connue sous l&rsquo;acronyme ASC, pour \u00ab\u00a0<strong>Activit\u00e9 Sports Collectifs<\/strong>\u00ab\u00a0. Ce parcours comporte ensuite diff\u00e9rentes mentions afin de se sp\u00e9cialiser dans un des sports collectifs propos\u00e9s. Le candidat pourra ainsi postuler pour le parcours Football, Rugby \u00e0 XV, Handball&#8230; Vous retrouverez sur <strong>Coach Hunter<\/strong> des articles d\u00e9di\u00e9s \u00e0 ces diff\u00e9rentes mentions.<\/p>\n\n\n\n<p>Le d\u00e9tenteur du dipl\u00f4me devra assurer l\u2019initiation et la poursuite des s\u00e9ances de sport aupr\u00e8s de son public. Ce dernier pouvant d&rsquo;ailleurs se composer d&rsquo;adultes ou d&rsquo;enfants selon la structure sportive donn\u00e9e.<br>Tout titulaire du <strong>BPJEPS ASC<\/strong> peut exercer ses fonctions en association sportive, en milieu scolaire, ou en entreprise, selon ses pr\u00e9f\u00e9rences.<\/p>\n\n\n\n<p>Par ailleurs, le d\u00e9tenteur du dipl\u00f4me devra assurer le suivi des entra\u00eenements dans le cadre d&rsquo;un public comp\u00e9titeur \u00e0 niveau r\u00e9gional.<br>Enfin, cette sp\u00e9cialit\u00e9 forme ses \u00e9tudiants \u00e0 l&rsquo;encadrement de cours handisport pour une discipline sportive et collective donn\u00e9e.<\/p>\n\n\n\n<\/div><div class=\"lames2\">\n\n\n\n<h2 class=\"wp-block-heading\">BPJEPS Sports de combat<\/h2>\n\n\n\n<div class=\"wp-block-image\"><figure class=\"aligncenter size-large\"><img loading=\"lazy\" decoding=\"async\" width=\"626\" height=\"417\" src=\"https:\/\/www.coach-hunter.com\/content\/wp-content\/uploads\/2020\/09\/bpjeps-sports-de-combat-Copie-1.jpg\" alt=\"bpjeps\" class=\"wp-image-1515\" srcset=\"https:\/\/www.coach-hunter.com\/content\/wp-content\/uploads\/2020\/09\/bpjeps-sports-de-combat-Copie-1.jpg 626w, https:\/\/www.coach-hunter.com\/content\/wp-content\/uploads\/2020\/09\/bpjeps-sports-de-combat-Copie-1-300x200.jpg 300w\" sizes=\"auto, (max-width: 626px) 85vw, 626px\" \/><\/figure><\/div>\n\n\n\n<p>Les <a class=\"callAction\" href=\"https:\/\/www.coach-hunter.com\/content\/bpjeps-sports-de-combat\/\">BPJEPS Sports de combat<\/a> correspondent en premier \u00e0 la sp\u00e9cialit\u00e9 nomm\u00e9e \u00ab\u00a0<strong>Activit\u00e9s pugilistiques<\/strong>\u00ab\u00a0. L&rsquo;\u00e9tudiant s\u00e9lectionn\u00e9 pour ce parcours choisit ensuite la mention dans laquelle il va \u00e9voluer. Entre autre, il devra choisir parmi la boxe anglaise, la savate, le kick boxing, le full contact et le muay thai. Une fois dipl\u00f4m\u00e9, le titulaire du BPJEPS exercera ses fonctions de <strong>coach sportif<\/strong> aupr\u00e8s de divers publics.<\/p>\n\n\n\n<p>Dans le cadre des activit\u00e9s pugilistiques, il pourrait donc \u00eatre responsable d&rsquo;un public d&rsquo;enfants. Ces disciplines pr\u00e9sentant des b\u00e9n\u00e9fices en termes d&rsquo;\u00e9ducation, l\u2019animateur sportif devra utiliser des <strong>supports p\u00e9dagogiques<\/strong> pour enseigner le sport \u00e0 ses \u00e9l\u00e8ves. Dans une autre registre, il devra aussi assurer la s\u00e9curit\u00e9 de son public, et ce, d\u00e8s son arriv\u00e9e dans la structure sportive.<\/p>\n\n\n\n<p>Nous avons ajout\u00e9 dans cette rubrique deux <strong>BPJEPS Arts martiaux<\/strong>, \u00e0 savoir le Judo et le Karat\u00e9. Ainsi, vous aurez un aper\u00e7u global de tous les BP JEPS Sport de combat pr\u00e9sents dans l&rsquo;offre de formation.<\/p>\n\n\n\n<\/div><div class=\"lames2\">\n\n\n\n<h2 class=\"wp-block-heading\">BPJEPS (autre mention)<\/h2>\n\n\n\n<div class=\"wp-block-image\"><figure class=\"aligncenter size-large\"><img loading=\"lazy\" decoding=\"async\" width=\"626\" height=\"417\" src=\"https:\/\/www.coach-hunter.com\/content\/wp-content\/uploads\/2020\/09\/bpjeps-autre-mention-Copie.jpg\" alt=\"bpjeps\" class=\"wp-image-1516\" srcset=\"https:\/\/www.coach-hunter.com\/content\/wp-content\/uploads\/2020\/09\/bpjeps-autre-mention-Copie.jpg 626w, https:\/\/www.coach-hunter.com\/content\/wp-content\/uploads\/2020\/09\/bpjeps-autre-mention-Copie-300x200.jpg 300w\" sizes=\"auto, (max-width: 626px) 85vw, 626px\" \/><\/figure><\/div>\n\n\n\n<p>Vous retrouverez ici les <a class=\"callAction\" href=\"https:\/\/www.coach-hunter.com\/content\/bpjeps-autre-mention\/\">autres mentions du BPJEPS<\/a> ! Ces derni\u00e8res sont toutes inclues dans la sp\u00e9cialit\u00e9 \u00ab\u00a0\u00c9ducateur sportif\u00a0\u00bb. Elles vous apporteront des <strong>comp\u00e9tences professionnelles<\/strong> sp\u00e9cifiques \u00e0 une discipline donn\u00e9e. A contrario des deux rubriques pr\u00e9c\u00e9dentes, plus g\u00e9n\u00e9ralistes dans leur programme p\u00e9dagogique.<\/p>\n\n\n\n<p>Ainsi, vous pourrez en apprendre plus sur le BPJEPS <strong>activit\u00e9s gymniques de la forme<\/strong>, not\u00e9 AF. Avec la mention APT \u00ab\u00a0<strong>Activit\u00e9s physiques pour tous<\/strong>\u00ab\u00a0, il s&rsquo;agit du bin\u00f4me recherch\u00e9 par le secteur de la forme et des salles de sport pour encadrer des cours collectifs divers. <\/p>\n\n\n\n<p>Enfin, nous vous proposons de passer en revue des sp\u00e9cialit\u00e9s consid\u00e9r\u00e9s plus \u00ab\u00a0de niches\u00a0\u00bb. Aussi, nous vous proposerons un article d\u00e9di\u00e9 au <strong>BPJEPS Golf<\/strong>, permettant de devenir moniteur professionnel dans toute structure golfique. Ce dernier et le DEJEPS Golf sont les seuls <strong>dipl\u00f4mes d&rsquo;Etat<\/strong> permettant d&rsquo;officialiser ses <strong>comp\u00e9tences de coach sportif<\/strong> en golf.<\/p>\n\n\n\n<p>Enfin, si vous ne trouvez pas le sport qui vous int\u00e9resse ici, n&rsquo;h\u00e9sitez pas \u00e0 nous contacter. Faites nous part de vos <strong>requ\u00eates <\/strong>sp\u00e9cifiques \u00e0 propos d&rsquo;autres mentions du BPJEPS. Nous \u00e9crirons des nouveaux articles afin de vous apporter tous les d\u00e9tails sur ces formations.<\/p>\n\n\n\n<\/div><\/div>\n\n\n\n<h2 class=\"wp-block-heading\">D\u2019autres dipl\u00f4mes pour coach sportif :<\/h2>\n\n\n\n<ul class=\"wp-block-list\"><li>Les\u00a0<a href=\"https:\/\/www.coach-hunter.com\/content\/dejeps\/\">DEJEPS<\/a> : Dipl\u00f4me d\u2019\u00c9tat de la jeunesse, de l\u2019 \u00e9ducation populaire et du sport<\/li><li>Les <a href=\"https:\/\/www.coach-hunter.com\/content\/diplomes-staps\/\">dipl\u00f4mes du STAPS<\/a> : Dipl\u00f4me d\u2019\u00c9tat de la jeunesse, de l\u2019 \u00e9ducation populaire et du sport<\/li><li>Le <a href=\"https:\/\/www.coach-hunter.com\/content\/certificat-de-qualification-professionnelle\/\">CQP<\/a> : Certificat de Qualification Professionnelles<\/li><\/ul>\n\n\n\n<p><\/p>\n","protected":false},"excerpt":{"rendered":"<p>Les BPJEPS, ou brevets professionnels de la jeunesse de l&rsquo; \u00e9ducation populaire et du sport, sont des dipl\u00f4mes coach sportif d\u00e9livr\u00e9s par les CREPS. Ces derniers sont des organismes de formation publics. Ces dipl\u00f4mes sont enregistr\u00e9s au r\u00e9pertoire national des certifications professionnelles RNCP, et sont de degr\u00e9 4. Les d\u00e9tenteurs du dipl\u00f4me encadrent les pratiques &hellip; <a href=\"https:\/\/www.coach-hunter.com\/content\/bpjeps\/\" class=\"more-link\">Continuer la lecture<span class=\"screen-reader-text\"> de &laquo;&nbsp;Les BPJEPS, les dipl\u00f4mes pour coach sportif professionnel&nbsp;&raquo;<\/span><\/a><\/p>\n","protected":false},"author":5,"featured_media":0,"parent":0,"menu_order":0,"comment_status":"closed","ping_status":"closed","template":"","meta":{"footnotes":""},"class_list":["post-653","page","type-page","status-publish","hentry"],"yoast_head":"<!-- This site is optimized with the Yoast SEO plugin v27.5 - https:\/\/yoast.com\/product\/yoast-seo-wordpress\/ -->\n<title>BPJEPS : les dipl\u00f4mes des CREPS pour devenir coach sportif !<\/title>\n<meta name=\"description\" content=\"Vous trouverez ici tous les dipl\u00f4mes du BPJEPS vers lesquels vous pouvez vous dirigez ! Coach Hunter vous explique leurs particularit\u00e9s !\" \/>\n<meta name=\"robots\" content=\"index, follow, max-snippet:-1, max-image-preview:large, max-video-preview:-1\" \/>\n<link rel=\"canonical\" href=\"https:\/\/www.coach-hunter.com\/content\/bpjeps\/\" \/>\n<meta property=\"og:locale\" content=\"fr_FR\" \/>\n<meta property=\"og:type\" content=\"article\" \/>\n<meta property=\"og:title\" content=\"BPJEPS : les dipl\u00f4mes des CREPS pour devenir coach sportif !\" \/>\n<meta property=\"og:description\" content=\"Vous trouverez ici tous les dipl\u00f4mes du BPJEPS vers lesquels vous pouvez vous dirigez ! Coach Hunter vous explique leurs particularit\u00e9s !\" \/>\n<meta property=\"og:url\" content=\"https:\/\/www.coach-hunter.com\/content\/bpjeps\/\" \/>\n<meta property=\"og:site_name\" content=\"Blog Coach Hunter\" \/>\n<meta property=\"article:modified_time\" content=\"2020-11-02T13:59:47+00:00\" \/>\n<meta property=\"og:image\" content=\"https:\/\/www.coach-hunter.com\/content\/wp-content\/uploads\/2020\/06\/bpjeps.jpg\" \/>\n\t<meta property=\"og:image:width\" content=\"626\" \/>\n\t<meta property=\"og:image:height\" content=\"417\" \/>\n\t<meta property=\"og:image:type\" content=\"image\/jpeg\" \/>\n<meta name=\"twitter:card\" content=\"summary_large_image\" \/>\n<meta name=\"twitter:label1\" content=\"Dur\u00e9e de lecture estim\u00e9e\" \/>\n\t<meta name=\"twitter:data1\" content=\"3 minutes\" \/>\n<script type=\"application\/ld+json\" class=\"yoast-schema-graph\">{\"@context\":\"https:\\\/\\\/schema.org\",\"@graph\":[{\"@type\":\"WebPage\",\"@id\":\"https:\\\/\\\/www.coach-hunter.com\\\/content\\\/bpjeps\\\/\",\"url\":\"https:\\\/\\\/www.coach-hunter.com\\\/content\\\/bpjeps\\\/\",\"name\":\"BPJEPS : les dipl\u00f4mes des CREPS pour devenir coach sportif !\",\"isPartOf\":{\"@id\":\"https:\\\/\\\/www.coach-hunter.com\\\/content\\\/#website\"},\"primaryImageOfPage\":{\"@id\":\"https:\\\/\\\/www.coach-hunter.com\\\/content\\\/bpjeps\\\/#primaryimage\"},\"image\":{\"@id\":\"https:\\\/\\\/www.coach-hunter.com\\\/content\\\/bpjeps\\\/#primaryimage\"},\"thumbnailUrl\":\"https:\\\/\\\/www.coach-hunter.com\\\/content\\\/wp-content\\\/uploads\\\/2020\\\/06\\\/bpjeps.jpg\",\"datePublished\":\"2020-06-05T15:55:36+00:00\",\"dateModified\":\"2020-11-02T13:59:47+00:00\",\"description\":\"Vous trouverez ici tous les dipl\u00f4mes du BPJEPS vers lesquels vous pouvez vous dirigez ! Coach Hunter vous explique leurs particularit\u00e9s !\",\"breadcrumb\":{\"@id\":\"https:\\\/\\\/www.coach-hunter.com\\\/content\\\/bpjeps\\\/#breadcrumb\"},\"inLanguage\":\"fr-FR\",\"potentialAction\":[{\"@type\":\"ReadAction\",\"target\":[\"https:\\\/\\\/www.coach-hunter.com\\\/content\\\/bpjeps\\\/\"]}]},{\"@type\":\"ImageObject\",\"inLanguage\":\"fr-FR\",\"@id\":\"https:\\\/\\\/www.coach-hunter.com\\\/content\\\/bpjeps\\\/#primaryimage\",\"url\":\"https:\\\/\\\/www.coach-hunter.com\\\/content\\\/wp-content\\\/uploads\\\/2020\\\/06\\\/bpjeps.jpg\",\"contentUrl\":\"https:\\\/\\\/www.coach-hunter.com\\\/content\\\/wp-content\\\/uploads\\\/2020\\\/06\\\/bpjeps.jpg\",\"width\":626,\"height\":417},{\"@type\":\"BreadcrumbList\",\"@id\":\"https:\\\/\\\/www.coach-hunter.com\\\/content\\\/bpjeps\\\/#breadcrumb\",\"itemListElement\":[{\"@type\":\"ListItem\",\"position\":1,\"name\":\"Accueil\",\"item\":\"https:\\\/\\\/www.coach-hunter.com\\\/content\\\/\"},{\"@type\":\"ListItem\",\"position\":2,\"name\":\"Les BPJEPS, les dipl\u00f4mes pour coach sportif professionnel\"}]},{\"@type\":\"WebSite\",\"@id\":\"https:\\\/\\\/www.coach-hunter.com\\\/content\\\/#website\",\"url\":\"https:\\\/\\\/www.coach-hunter.com\\\/content\\\/\",\"name\":\"Blog Coach Hunter\",\"description\":\"\",\"potentialAction\":[{\"@type\":\"SearchAction\",\"target\":{\"@type\":\"EntryPoint\",\"urlTemplate\":\"https:\\\/\\\/www.coach-hunter.com\\\/content\\\/?s={search_term_string}\"},\"query-input\":{\"@type\":\"PropertyValueSpecification\",\"valueRequired\":true,\"valueName\":\"search_term_string\"}}],\"inLanguage\":\"fr-FR\"}]}<\/script>\n<!-- \/ Yoast SEO plugin. -->","yoast_head_json":{"title":"BPJEPS : les dipl\u00f4mes des CREPS pour devenir coach sportif !","description":"Vous trouverez ici tous les dipl\u00f4mes du BPJEPS vers lesquels vous pouvez vous dirigez ! Coach Hunter vous explique leurs particularit\u00e9s !","robots":{"index":"index","follow":"follow","max-snippet":"max-snippet:-1","max-image-preview":"max-image-preview:large","max-video-preview":"max-video-preview:-1"},"canonical":"https:\/\/www.coach-hunter.com\/content\/bpjeps\/","og_locale":"fr_FR","og_type":"article","og_title":"BPJEPS : les dipl\u00f4mes des CREPS pour devenir coach sportif !","og_description":"Vous trouverez ici tous les dipl\u00f4mes du BPJEPS vers lesquels vous pouvez vous dirigez ! Coach Hunter vous explique leurs particularit\u00e9s !","og_url":"https:\/\/www.coach-hunter.com\/content\/bpjeps\/","og_site_name":"Blog Coach Hunter","article_modified_time":"2020-11-02T13:59:47+00:00","og_image":[{"width":626,"height":417,"url":"https:\/\/www.coach-hunter.com\/content\/wp-content\/uploads\/2020\/06\/bpjeps.jpg","type":"image\/jpeg"}],"twitter_card":"summary_large_image","twitter_misc":{"Dur\u00e9e de lecture estim\u00e9e":"3 minutes"},"schema":{"@context":"https:\/\/schema.org","@graph":[{"@type":"WebPage","@id":"https:\/\/www.coach-hunter.com\/content\/bpjeps\/","url":"https:\/\/www.coach-hunter.com\/content\/bpjeps\/","name":"BPJEPS : les dipl\u00f4mes des CREPS pour devenir coach sportif !","isPartOf":{"@id":"https:\/\/www.coach-hunter.com\/content\/#website"},"primaryImageOfPage":{"@id":"https:\/\/www.coach-hunter.com\/content\/bpjeps\/#primaryimage"},"image":{"@id":"https:\/\/www.coach-hunter.com\/content\/bpjeps\/#primaryimage"},"thumbnailUrl":"https:\/\/www.coach-hunter.com\/content\/wp-content\/uploads\/2020\/06\/bpjeps.jpg","datePublished":"2020-06-05T15:55:36+00:00","dateModified":"2020-11-02T13:59:47+00:00","description":"Vous trouverez ici tous les dipl\u00f4mes du BPJEPS vers lesquels vous pouvez vous dirigez ! Coach Hunter vous explique leurs particularit\u00e9s !","breadcrumb":{"@id":"https:\/\/www.coach-hunter.com\/content\/bpjeps\/#breadcrumb"},"inLanguage":"fr-FR","potentialAction":[{"@type":"ReadAction","target":["https:\/\/www.coach-hunter.com\/content\/bpjeps\/"]}]},{"@type":"ImageObject","inLanguage":"fr-FR","@id":"https:\/\/www.coach-hunter.com\/content\/bpjeps\/#primaryimage","url":"https:\/\/www.coach-hunter.com\/content\/wp-content\/uploads\/2020\/06\/bpjeps.jpg","contentUrl":"https:\/\/www.coach-hunter.com\/content\/wp-content\/uploads\/2020\/06\/bpjeps.jpg","width":626,"height":417},{"@type":"BreadcrumbList","@id":"https:\/\/www.coach-hunter.com\/content\/bpjeps\/#breadcrumb","itemListElement":[{"@type":"ListItem","position":1,"name":"Accueil","item":"https:\/\/www.coach-hunter.com\/content\/"},{"@type":"ListItem","position":2,"name":"Les BPJEPS, les dipl\u00f4mes pour coach sportif professionnel"}]},{"@type":"WebSite","@id":"https:\/\/www.coach-hunter.com\/content\/#website","url":"https:\/\/www.coach-hunter.com\/content\/","name":"Blog Coach Hunter","description":"","potentialAction":[{"@type":"SearchAction","target":{"@type":"EntryPoint","urlTemplate":"https:\/\/www.coach-hunter.com\/content\/?s={search_term_string}"},"query-input":{"@type":"PropertyValueSpecification","valueRequired":true,"valueName":"search_term_string"}}],"inLanguage":"fr-FR"}]}},"_links":{"self":[{"href":"https:\/\/www.coach-hunter.com\/content\/wp-json\/wp\/v2\/pages\/653","targetHints":{"allow":["GET"]}}],"collection":[{"href":"https:\/\/www.coach-hunter.com\/content\/wp-json\/wp\/v2\/pages"}],"about":[{"href":"https:\/\/www.coach-hunter.com\/content\/wp-json\/wp\/v2\/types\/page"}],"author":[{"embeddable":true,"href":"https:\/\/www.coach-hunter.com\/content\/wp-json\/wp\/v2\/users\/5"}],"replies":[{"embeddable":true,"href":"https:\/\/www.coach-hunter.com\/content\/wp-json\/wp\/v2\/comments?post=653"}],"version-history":[{"count":30,"href":"https:\/\/www.coach-hunter.com\/content\/wp-json\/wp\/v2\/pages\/653\/revisions"}],"predecessor-version":[{"id":1942,"href":"https:\/\/www.coach-hunter.com\/content\/wp-json\/wp\/v2\/pages\/653\/revisions\/1942"}],"wp:attachment":[{"href":"https:\/\/www.coach-hunter.com\/content\/wp-json\/wp\/v2\/media?parent=653"}],"curies":[{"name":"wp","href":"https:\/\/api.w.org\/{rel}","templated":true}]}}