{"id":608,"date":"2020-07-10T11:45:41","date_gmt":"2020-07-10T11:45:41","guid":{"rendered":"https:\/\/www.coach-hunter.com\/content\/?page_id=608"},"modified":"2020-09-08T13:22:55","modified_gmt":"2020-09-08T13:22:55","slug":"bpjeps-handball","status":"publish","type":"page","link":"https:\/\/www.coach-hunter.com\/content\/bpjeps-handball\/","title":{"rendered":"BPJEPS Handball, la sp\u00e9cialisation d\u2019entra\u00eeneur sportif"},"content":{"rendered":"\n<p>Le <a class=\"callAction\" href=\"https:\/\/www.coach-hunter.com\/content\/bpjeps-sports-collectifs\/\">BPJEPS Sports collectifs<\/a> est un <strong>brevet professionnel<\/strong>. Il permet \u00e0 ses dipl\u00f4m\u00e9s d&rsquo;encadrer les <strong>activit\u00e9s physiques et sportives<\/strong> en tant que <strong>coach sportif<\/strong>. Le <strong>BPJEPS Handball <\/strong>permet \u00e0 son d\u00e9tenteur d&rsquo;animer les <strong>s\u00e9ances de sports<\/strong> autour de cette discipline sportive. Il peut agir aupr\u00e8s d&rsquo;individuels en vue de se perfectionner, ou de petits groupes pour une pratique collective.<\/p>\n\n\n\n<div class=\"wp-block-image\"><figure class=\"aligncenter size-large\"><img loading=\"lazy\" decoding=\"async\" width=\"626\" height=\"417\" src=\"https:\/\/www.coach-hunter.com\/content\/wp-content\/uploads\/2020\/06\/handball-bpjeps.jpg\" alt=\"bpjeps handball\" class=\"wp-image-609\" srcset=\"https:\/\/www.coach-hunter.com\/content\/wp-content\/uploads\/2020\/06\/handball-bpjeps.jpg 626w, https:\/\/www.coach-hunter.com\/content\/wp-content\/uploads\/2020\/06\/handball-bpjeps-300x200.jpg 300w\" sizes=\"auto, (max-width: 626px) 85vw, 626px\" \/><\/figure><\/div>\n\n\n\n<div class='flexo'><div class=\"lames2\">\n\n\n\n<h2 class=\"wp-block-heading\">Les objectifs du&nbsp;BPJEPS sp\u00e9cialit\u00e9 Educateur Sportif mention Handball<\/h2>\n\n\n\n<p>Le <strong>BPJEPS mention Handball<\/strong> a pour but de former des <strong>professionnels <\/strong>exer\u00e7ant dans le champ des <strong>sports collectifs<\/strong>, ici en particulier le handball. Le dipl\u00f4m\u00e9 devra <strong>concevoir<\/strong>, <strong>organiser <\/strong>et <strong>r\u00e9aliser des projets d&rsquo;animation<\/strong> autour de ce sport. Il pourra intervenir en tant que <strong>responsable p\u00e9dagogique<\/strong> et professionnel de la jeunesse, afin de promouvoir le handball aupr\u00e8s des plus jeunes.<\/p>\n\n\n\n<p>Il fera la <strong>promotion de la structure<\/strong> dans laquelle il se trouve, et mettre en oeuvre les projets de la structure. La conduite de s\u00e9ances sera sous responsabilit\u00e9. Son <strong>activit\u00e9 professionnelle<\/strong> devra suivre les recommandations de la <strong>direction technique nationale du Handball<\/strong>.<\/p>\n\n\n\n<\/div><div class=\"lames2\">\n\n\n\n<h2 class=\"wp-block-heading\">Quel parcours pour obtenir le BPJEPS ASC Handball ?<\/h2>\n\n\n\n<p>Le <strong>BPJEPS&nbsp;sp\u00e9cialit\u00e9 activit\u00e9s sports collectifs, mention \u00ab\u00a0handball\u00a0\u00bb <\/strong>est le dipl\u00f4me de r\u00e9f\u00e9rence pour exercer le m\u00e9tier d\u2019<strong>\u00e9ducateur sportif<\/strong> dans ce sport. Le dipl\u00f4m\u00e9 aura des fonction d&rsquo;initiation de d\u00e9couverte et d&rsquo;animation sportive des <strong>cours de handball<\/strong>.<\/p>\n\n\n\n<p>Pour obtenir ce dipl\u00f4me, le candidat doit r\u00e9pondre \u00e0 des <strong>exigences pr\u00e9alables<\/strong>. Outre le test \u00e9crit et oral, le candidat devra conduire, en toute autonomie, une <strong>s\u00e9ance d&rsquo;entra\u00eenement<\/strong> en handball.<\/p>\n\n\n\n<p><strong>Accessibilit\u00e9<\/strong> : d\u00e8s l&rsquo;\u00e2ge de 18 ans, avec le BAFA ou une exp\u00e9rience d&rsquo;animateur. Il faut \u00eatre titulaire du certificat de participation \u00e0 la Journ\u00e9e D\u00e9fense et Citoyennet\u00e9 (JDC ) pour les 18 &#8211; 25 ans et du PSC1 ou d\u2019un dipl\u00f4me \u00e9quivalent.<br><strong>Dur\u00e9e de formation<\/strong>&nbsp;:&nbsp;1 an \u00e0 18 mois dans un organisme agr\u00e9\u00e9 par les Directions r\u00e9gionales de la jeunesse, des sports et de la coh\u00e9sion sociale (DRJSCS).<br><strong>Co\u00fbt de la formation<\/strong>&nbsp;:&nbsp;de 4 500 \u00e0 7 000 \u20ac<\/p>\n\n\n\n<\/div><\/div>\n\n\n\n<h2 class=\"wp-block-heading\">D\u2019autres BPJEPS Sports collectifs :<\/h2>\n\n\n\n<ul class=\"wp-block-list\"><li><a href=\"https:\/\/www.coach-hunter.com\/content\/bpjeps-basket-ball\/\">BPJEPS Basket-ball<\/a><\/li><li><a href=\"https:\/\/www.coach-hunter.com\/content\/bpjeps-football\/\">BPJEPS Football<\/a><\/li><li><a href=\"https:\/\/www.coach-hunter.com\/content\/bpjeps-rugby-le-diplome-coach-sportif-du-rugby-a-xv\/\">BPJEPS Rugby<\/a><\/li><li><a href=\"https:\/\/www.coach-hunter.com\/content\/bpjeps-volley-ball\/\">BPJEPS Volley-ball<\/a><\/li><\/ul>\n","protected":false},"excerpt":{"rendered":"<p>Le BPJEPS Sports collectifs est un brevet professionnel. Il permet \u00e0 ses dipl\u00f4m\u00e9s d&rsquo;encadrer les activit\u00e9s physiques et sportives en tant que coach sportif. Le BPJEPS Handball permet \u00e0 son d\u00e9tenteur d&rsquo;animer les s\u00e9ances de sports autour de cette discipline sportive. Il peut agir aupr\u00e8s d&rsquo;individuels en vue de se perfectionner, ou de petits groupes &hellip; <a href=\"https:\/\/www.coach-hunter.com\/content\/bpjeps-handball\/\" class=\"more-link\">Continuer la lecture<span class=\"screen-reader-text\"> de &laquo;&nbsp;BPJEPS Handball, la sp\u00e9cialisation d\u2019entra\u00eeneur sportif&nbsp;&raquo;<\/span><\/a><\/p>\n","protected":false},"author":5,"featured_media":0,"parent":0,"menu_order":0,"comment_status":"closed","ping_status":"closed","template":"","meta":{"footnotes":""},"class_list":["post-608","page","type-page","status-publish","hentry"],"yoast_head":"<!-- This site is optimized with the Yoast SEO plugin v27.6 - https:\/\/yoast.com\/product\/yoast-seo-wordpress\/ -->\n<title>BPJEPS Handball : devenez un coach sportif sp\u00e9cialis\u00e9 en handball !<\/title>\n<meta name=\"description\" content=\"Que vous apportera le BPJEPS Handball ? Comment l&#039;obtient-on ? Coach Hunter r\u00e9pond \u00e0 vos questions !\" \/>\n<meta name=\"robots\" content=\"index, follow, max-snippet:-1, max-image-preview:large, max-video-preview:-1\" \/>\n<link rel=\"canonical\" href=\"https:\/\/www.coach-hunter.com\/content\/bpjeps-handball\/\" \/>\n<meta property=\"og:locale\" content=\"fr_FR\" \/>\n<meta property=\"og:type\" content=\"article\" \/>\n<meta property=\"og:title\" content=\"BPJEPS Handball : devenez un coach sportif sp\u00e9cialis\u00e9 en handball !\" \/>\n<meta property=\"og:description\" content=\"Que vous apportera le BPJEPS Handball ? Comment l&#039;obtient-on ? Coach Hunter r\u00e9pond \u00e0 vos questions !\" \/>\n<meta property=\"og:url\" content=\"https:\/\/www.coach-hunter.com\/content\/bpjeps-handball\/\" \/>\n<meta property=\"og:site_name\" content=\"Blog Coach Hunter\" \/>\n<meta property=\"article:modified_time\" content=\"2020-09-08T13:22:55+00:00\" \/>\n<meta property=\"og:image\" content=\"https:\/\/www.coach-hunter.com\/content\/wp-content\/uploads\/2020\/06\/handball-bpjeps.jpg\" \/>\n\t<meta property=\"og:image:width\" content=\"626\" \/>\n\t<meta property=\"og:image:height\" content=\"417\" \/>\n\t<meta property=\"og:image:type\" content=\"image\/jpeg\" \/>\n<meta name=\"twitter:card\" content=\"summary_large_image\" \/>\n<meta name=\"twitter:label1\" content=\"Dur\u00e9e de lecture estim\u00e9e\" \/>\n\t<meta name=\"twitter:data1\" content=\"2 minutes\" \/>\n<script type=\"application\/ld+json\" class=\"yoast-schema-graph\">{\"@context\":\"https:\\\/\\\/schema.org\",\"@graph\":[{\"@type\":\"WebPage\",\"@id\":\"https:\\\/\\\/www.coach-hunter.com\\\/content\\\/bpjeps-handball\\\/\",\"url\":\"https:\\\/\\\/www.coach-hunter.com\\\/content\\\/bpjeps-handball\\\/\",\"name\":\"BPJEPS Handball : devenez un coach sportif sp\u00e9cialis\u00e9 en handball !\",\"isPartOf\":{\"@id\":\"https:\\\/\\\/www.coach-hunter.com\\\/content\\\/#website\"},\"primaryImageOfPage\":{\"@id\":\"https:\\\/\\\/www.coach-hunter.com\\\/content\\\/bpjeps-handball\\\/#primaryimage\"},\"image\":{\"@id\":\"https:\\\/\\\/www.coach-hunter.com\\\/content\\\/bpjeps-handball\\\/#primaryimage\"},\"thumbnailUrl\":\"https:\\\/\\\/www.coach-hunter.com\\\/content\\\/wp-content\\\/uploads\\\/2020\\\/06\\\/handball-bpjeps.jpg\",\"datePublished\":\"2020-07-10T11:45:41+00:00\",\"dateModified\":\"2020-09-08T13:22:55+00:00\",\"description\":\"Que vous apportera le BPJEPS Handball ? Comment l'obtient-on ? Coach Hunter r\u00e9pond \u00e0 vos questions !\",\"breadcrumb\":{\"@id\":\"https:\\\/\\\/www.coach-hunter.com\\\/content\\\/bpjeps-handball\\\/#breadcrumb\"},\"inLanguage\":\"fr-FR\",\"potentialAction\":[{\"@type\":\"ReadAction\",\"target\":[\"https:\\\/\\\/www.coach-hunter.com\\\/content\\\/bpjeps-handball\\\/\"]}]},{\"@type\":\"ImageObject\",\"inLanguage\":\"fr-FR\",\"@id\":\"https:\\\/\\\/www.coach-hunter.com\\\/content\\\/bpjeps-handball\\\/#primaryimage\",\"url\":\"https:\\\/\\\/www.coach-hunter.com\\\/content\\\/wp-content\\\/uploads\\\/2020\\\/06\\\/handball-bpjeps.jpg\",\"contentUrl\":\"https:\\\/\\\/www.coach-hunter.com\\\/content\\\/wp-content\\\/uploads\\\/2020\\\/06\\\/handball-bpjeps.jpg\",\"width\":626,\"height\":417},{\"@type\":\"BreadcrumbList\",\"@id\":\"https:\\\/\\\/www.coach-hunter.com\\\/content\\\/bpjeps-handball\\\/#breadcrumb\",\"itemListElement\":[{\"@type\":\"ListItem\",\"position\":1,\"name\":\"Accueil\",\"item\":\"https:\\\/\\\/www.coach-hunter.com\\\/content\\\/\"},{\"@type\":\"ListItem\",\"position\":2,\"name\":\"BPJEPS Handball, la sp\u00e9cialisation d\u2019entra\u00eeneur sportif\"}]},{\"@type\":\"WebSite\",\"@id\":\"https:\\\/\\\/www.coach-hunter.com\\\/content\\\/#website\",\"url\":\"https:\\\/\\\/www.coach-hunter.com\\\/content\\\/\",\"name\":\"Blog Coach Hunter\",\"description\":\"\",\"potentialAction\":[{\"@type\":\"SearchAction\",\"target\":{\"@type\":\"EntryPoint\",\"urlTemplate\":\"https:\\\/\\\/www.coach-hunter.com\\\/content\\\/?s={search_term_string}\"},\"query-input\":{\"@type\":\"PropertyValueSpecification\",\"valueRequired\":true,\"valueName\":\"search_term_string\"}}],\"inLanguage\":\"fr-FR\"}]}<\/script>\n<!-- \/ Yoast SEO plugin. -->","yoast_head_json":{"title":"BPJEPS Handball : devenez un coach sportif sp\u00e9cialis\u00e9 en handball !","description":"Que vous apportera le BPJEPS Handball ? Comment l'obtient-on ? Coach Hunter r\u00e9pond \u00e0 vos questions !","robots":{"index":"index","follow":"follow","max-snippet":"max-snippet:-1","max-image-preview":"max-image-preview:large","max-video-preview":"max-video-preview:-1"},"canonical":"https:\/\/www.coach-hunter.com\/content\/bpjeps-handball\/","og_locale":"fr_FR","og_type":"article","og_title":"BPJEPS Handball : devenez un coach sportif sp\u00e9cialis\u00e9 en handball !","og_description":"Que vous apportera le BPJEPS Handball ? Comment l'obtient-on ? Coach Hunter r\u00e9pond \u00e0 vos questions !","og_url":"https:\/\/www.coach-hunter.com\/content\/bpjeps-handball\/","og_site_name":"Blog Coach Hunter","article_modified_time":"2020-09-08T13:22:55+00:00","og_image":[{"width":626,"height":417,"url":"https:\/\/www.coach-hunter.com\/content\/wp-content\/uploads\/2020\/06\/handball-bpjeps.jpg","type":"image\/jpeg"}],"twitter_card":"summary_large_image","twitter_misc":{"Dur\u00e9e de lecture estim\u00e9e":"2 minutes"},"schema":{"@context":"https:\/\/schema.org","@graph":[{"@type":"WebPage","@id":"https:\/\/www.coach-hunter.com\/content\/bpjeps-handball\/","url":"https:\/\/www.coach-hunter.com\/content\/bpjeps-handball\/","name":"BPJEPS Handball : devenez un coach sportif sp\u00e9cialis\u00e9 en handball !","isPartOf":{"@id":"https:\/\/www.coach-hunter.com\/content\/#website"},"primaryImageOfPage":{"@id":"https:\/\/www.coach-hunter.com\/content\/bpjeps-handball\/#primaryimage"},"image":{"@id":"https:\/\/www.coach-hunter.com\/content\/bpjeps-handball\/#primaryimage"},"thumbnailUrl":"https:\/\/www.coach-hunter.com\/content\/wp-content\/uploads\/2020\/06\/handball-bpjeps.jpg","datePublished":"2020-07-10T11:45:41+00:00","dateModified":"2020-09-08T13:22:55+00:00","description":"Que vous apportera le BPJEPS Handball ? Comment l'obtient-on ? Coach Hunter r\u00e9pond \u00e0 vos questions !","breadcrumb":{"@id":"https:\/\/www.coach-hunter.com\/content\/bpjeps-handball\/#breadcrumb"},"inLanguage":"fr-FR","potentialAction":[{"@type":"ReadAction","target":["https:\/\/www.coach-hunter.com\/content\/bpjeps-handball\/"]}]},{"@type":"ImageObject","inLanguage":"fr-FR","@id":"https:\/\/www.coach-hunter.com\/content\/bpjeps-handball\/#primaryimage","url":"https:\/\/www.coach-hunter.com\/content\/wp-content\/uploads\/2020\/06\/handball-bpjeps.jpg","contentUrl":"https:\/\/www.coach-hunter.com\/content\/wp-content\/uploads\/2020\/06\/handball-bpjeps.jpg","width":626,"height":417},{"@type":"BreadcrumbList","@id":"https:\/\/www.coach-hunter.com\/content\/bpjeps-handball\/#breadcrumb","itemListElement":[{"@type":"ListItem","position":1,"name":"Accueil","item":"https:\/\/www.coach-hunter.com\/content\/"},{"@type":"ListItem","position":2,"name":"BPJEPS Handball, la sp\u00e9cialisation d\u2019entra\u00eeneur sportif"}]},{"@type":"WebSite","@id":"https:\/\/www.coach-hunter.com\/content\/#website","url":"https:\/\/www.coach-hunter.com\/content\/","name":"Blog Coach Hunter","description":"","potentialAction":[{"@type":"SearchAction","target":{"@type":"EntryPoint","urlTemplate":"https:\/\/www.coach-hunter.com\/content\/?s={search_term_string}"},"query-input":{"@type":"PropertyValueSpecification","valueRequired":true,"valueName":"search_term_string"}}],"inLanguage":"fr-FR"}]}},"_links":{"self":[{"href":"https:\/\/www.coach-hunter.com\/content\/wp-json\/wp\/v2\/pages\/608","targetHints":{"allow":["GET"]}}],"collection":[{"href":"https:\/\/www.coach-hunter.com\/content\/wp-json\/wp\/v2\/pages"}],"about":[{"href":"https:\/\/www.coach-hunter.com\/content\/wp-json\/wp\/v2\/types\/page"}],"author":[{"embeddable":true,"href":"https:\/\/www.coach-hunter.com\/content\/wp-json\/wp\/v2\/users\/5"}],"replies":[{"embeddable":true,"href":"https:\/\/www.coach-hunter.com\/content\/wp-json\/wp\/v2\/comments?post=608"}],"version-history":[{"count":13,"href":"https:\/\/www.coach-hunter.com\/content\/wp-json\/wp\/v2\/pages\/608\/revisions"}],"predecessor-version":[{"id":1541,"href":"https:\/\/www.coach-hunter.com\/content\/wp-json\/wp\/v2\/pages\/608\/revisions\/1541"}],"wp:attachment":[{"href":"https:\/\/www.coach-hunter.com\/content\/wp-json\/wp\/v2\/media?parent=608"}],"curies":[{"name":"wp","href":"https:\/\/api.w.org\/{rel}","templated":true}]}}