{"id":599,"date":"2020-06-10T12:11:51","date_gmt":"2020-06-10T12:11:51","guid":{"rendered":"https:\/\/www.coach-hunter.com\/content\/?page_id=599"},"modified":"2020-09-08T13:40:44","modified_gmt":"2020-09-08T13:40:44","slug":"bpjeps-golf","status":"publish","type":"page","link":"https:\/\/www.coach-hunter.com\/content\/bpjeps-golf\/","title":{"rendered":"BPJEPS Golf, dipl\u00f4me coach sportif pour ma\u00eetriser le Green !"},"content":{"rendered":"\n<p>Les <a class=\"callAction\" href=\"https:\/\/www.coach-hunter.com\/content\/bpjeps-autre-mention\/\">autres mentions du BPJEPS<\/a> permettent \u00e0 leurs d\u00e9tenteurs d&rsquo;exercer en tant que <strong>coach sportif<\/strong>. Le dipl\u00f4me du <strong>BPJEPS Golf<\/strong> permet \u00e0 son titulaire de proposer des <strong>cours de sports<\/strong>, ax\u00e9s sur cette pratique sportive, \u00e0 des particuliers ou dans le cadre d&rsquo;associations.<\/p>\n\n\n\n<div class=\"wp-block-image\"><figure class=\"aligncenter size-large\"><img loading=\"lazy\" decoding=\"async\" width=\"626\" height=\"417\" src=\"https:\/\/www.coach-hunter.com\/content\/wp-content\/uploads\/2020\/06\/bpjeps-golf.jpg\" alt=\"BPJEPS Golf\" class=\"wp-image-600\" srcset=\"https:\/\/www.coach-hunter.com\/content\/wp-content\/uploads\/2020\/06\/bpjeps-golf.jpg 626w, https:\/\/www.coach-hunter.com\/content\/wp-content\/uploads\/2020\/06\/bpjeps-golf-300x200.jpg 300w\" sizes=\"auto, (max-width: 626px) 85vw, 626px\" \/><\/figure><\/div>\n\n\n\n<div class='flexo'><div class=\"lames2\">\n\n\n\n<h2 class=\"wp-block-heading\">Les objectifs du&nbsp;BPJEPS sp\u00e9cialit\u00e9 Educateur Sportif mention Golf<\/h2>\n\n\n\n<p>Le but du BPJEPS ayant pour mention \u201cgolf\u201d est de former des coachs sportifs capables d&rsquo;<strong>encadrer la pratique<\/strong> de ce sport. En tant que <strong>moniteur de golf<\/strong>, le professionnel promouvra la <strong>discipline sportive<\/strong>, avec ses valeurs et bienfaits sur la sant\u00e9, par le biais d&rsquo;<strong>animations<\/strong>. Ainsi, il devra mettre en \u0153uvre les animations s&rsquo; inscrivant dans le <strong>projet national de d\u00e9veloppement du golf<\/strong>.<\/p>\n\n\n\n<p>L\u2019objectif principal du <strong>BPJEPS mention Golf<\/strong> est de mettre en oeuvre l&rsquo;<strong>animation de l&rsquo; activit\u00e9 golf<\/strong>. Par ailleurs, l\u2019entra\u00eeneur pourrait avoir \u00e0&nbsp;pr\u00e9parer les golfeurs au <strong>premier niveau de comp\u00e9tition f\u00e9d\u00e9rale<\/strong>. Toutefois, le dipl\u00f4m\u00e9 du BPJEPS Golf n&rsquo;exerce pas uniquement en tant qu&rsquo;<strong>enseignant<\/strong> ou professionnel de la jeunesse. En effet, on lui demandera aussi de participer au&nbsp;fonctionnement et <strong>management de la structure&nbsp;sportive<\/strong> dans laquelle il se trouve. Ses retours permettront notamment de lancer de <strong>nouveaux projets<\/strong> dans la structure qui l\u2019accueille.<\/p>\n\n\n\n<\/div><div class=\"lames2\">\n\n\n\n<h2 class=\"wp-block-heading\">Quel parcours pour obtenir le BPJEPS Golf ?<\/h2>\n\n\n\n<p>Le BPJEPS&nbsp;mention Golf est le dipl\u00f4me de r\u00e9f\u00e9rence pour l&rsquo;animation de <strong>cours de golf<\/strong>. Il est de niveau bac et propose 2 sp\u00e9cialit\u00e9s, <strong>\u00e9ducateur sportif ou animateur<\/strong>. Pour obtenir ce dipl\u00f4me, il faut aussi \u00eatre capable de justifier d&rsquo;un&nbsp;<strong>niveau technique<\/strong>&nbsp;suffisant. En outre, l&rsquo;<strong>attestation de niveau de jeu<\/strong> sera d\u00e9livr\u00e9e par le <strong>directeur technique national du golf<\/strong>.<\/p>\n\n\n\n<p><strong>Accessibilit\u00e9<\/strong> : d\u00e8s l&rsquo;\u00e2ge de 18 ans, avec le BAFA ou une exp\u00e9rience d&rsquo;animateur. Il faut \u00eatre titulaire du certificat de participation \u00e0 la Journ\u00e9e D\u00e9fense et Citoyennet\u00e9 (JDC ) pour les 18 &#8211; 25 ans et du PSC1 ou d\u2019un dipl\u00f4me \u00e9quivalent.<br><strong>Dur\u00e9e de formation<\/strong>&nbsp;:&nbsp;1 an \u00e0 18 mois dans un organisme agr\u00e9\u00e9 par les Directions r\u00e9gionales de la jeunesse, des sports et de la coh\u00e9sion sociale (DRJSCS).<br><strong>Co\u00fbt de la formation<\/strong>&nbsp;:&nbsp;de 6 000 \u00e0 8 700 \u20ac<\/p>\n\n\n\n<\/div><\/div>\n\n\n\n<h2 class=\"wp-block-heading\">D\u2019autres mentions du BPJEPS :<\/h2>\n\n\n\n<ul class=\"wp-block-list\"><li><a href=\"https:\/\/www.coach-hunter.com\/content\/bpjeps-activites-gymniques\/\">BPJEPS Activit\u00e9s gymniques<\/a><\/li><li><a href=\"https:\/\/www.coach-hunter.com\/content\/bpjeps-activites-physiques-pour-tous\/\">BPJEPS Activit\u00e9s physiques pour tous<\/a><\/li><li><a href=\"https:\/\/www.coach-hunter.com\/content\/bpjeps-cyclisme\/\">BPJEPS Cyclisme<\/a><\/li><li><a href=\"https:\/\/www.coach-hunter.com\/content\/bpjeps-forme-en-cours-collectifs\/\">BPJEPS Forme en cours collectifs<\/a><\/li><li><a href=\"https:\/\/www.coach-hunter.com\/content\/bpjeps-haltere-musculation-forme-sur-plateau\/\">BPJEPS Halt\u00e8re Musculation et Forme sur Plateau<\/a><\/li><li><a href=\"https:\/\/www.coach-hunter.com\/content\/bpjeps-natation-comment-reussir-sa-formation-mns\/\">BPJEPS Natation<\/a><\/li><li><a href=\"https:\/\/www.coach-hunter.com\/content\/bpjeps-patinage-sur-glace\/\">BPJEPS Patinage sur glace<\/a><\/li><\/ul>\n","protected":false},"excerpt":{"rendered":"<p>Les autres mentions du BPJEPS permettent \u00e0 leurs d\u00e9tenteurs d&rsquo;exercer en tant que coach sportif. Le dipl\u00f4me du BPJEPS Golf permet \u00e0 son titulaire de proposer des cours de sports, ax\u00e9s sur cette pratique sportive, \u00e0 des particuliers ou dans le cadre d&rsquo;associations. Les objectifs du&nbsp;BPJEPS sp\u00e9cialit\u00e9 Educateur Sportif mention Golf Le but du BPJEPS &hellip; <a href=\"https:\/\/www.coach-hunter.com\/content\/bpjeps-golf\/\" class=\"more-link\">Continuer la lecture<span class=\"screen-reader-text\"> de &laquo;&nbsp;BPJEPS Golf, dipl\u00f4me coach sportif pour ma\u00eetriser le Green !&nbsp;&raquo;<\/span><\/a><\/p>\n","protected":false},"author":5,"featured_media":0,"parent":0,"menu_order":0,"comment_status":"closed","ping_status":"closed","template":"","meta":{"footnotes":""},"class_list":["post-599","page","type-page","status-publish","hentry"],"yoast_head":"<!-- This site is optimized with the Yoast SEO plugin v27.6 - https:\/\/yoast.com\/product\/yoast-seo-wordpress\/ -->\n<title>BPJEPS Golf : devenir un coach sportif sp\u00e9cialis\u00e9 en golf<\/title>\n<meta name=\"description\" content=\"Quels sont les objectifs du BPJEPS Golf et comment l&#039;obtient-on ? Coach Hunter vous renseigne sur comment devenir un coach sportif sp\u00e9cialis\u00e9 en Golf !\" \/>\n<meta name=\"robots\" content=\"index, follow, max-snippet:-1, max-image-preview:large, max-video-preview:-1\" \/>\n<link rel=\"canonical\" href=\"https:\/\/www.coach-hunter.com\/content\/bpjeps-golf\/\" \/>\n<meta property=\"og:locale\" content=\"fr_FR\" \/>\n<meta property=\"og:type\" content=\"article\" \/>\n<meta property=\"og:title\" content=\"BPJEPS Golf : devenir un coach sportif sp\u00e9cialis\u00e9 en golf\" \/>\n<meta property=\"og:description\" content=\"Quels sont les objectifs du BPJEPS Golf et comment l&#039;obtient-on ? Coach Hunter vous renseigne sur comment devenir un coach sportif sp\u00e9cialis\u00e9 en Golf !\" \/>\n<meta property=\"og:url\" content=\"https:\/\/www.coach-hunter.com\/content\/bpjeps-golf\/\" \/>\n<meta property=\"og:site_name\" content=\"Blog Coach Hunter\" \/>\n<meta property=\"article:modified_time\" content=\"2020-09-08T13:40:44+00:00\" \/>\n<meta property=\"og:image\" content=\"https:\/\/www.coach-hunter.com\/content\/wp-content\/uploads\/2020\/06\/bpjeps-golf.jpg\" \/>\n\t<meta property=\"og:image:width\" content=\"626\" \/>\n\t<meta property=\"og:image:height\" content=\"417\" \/>\n\t<meta property=\"og:image:type\" content=\"image\/jpeg\" \/>\n<meta name=\"twitter:card\" content=\"summary_large_image\" \/>\n<meta name=\"twitter:label1\" content=\"Dur\u00e9e de lecture estim\u00e9e\" \/>\n\t<meta name=\"twitter:data1\" content=\"2 minutes\" \/>\n<script type=\"application\/ld+json\" class=\"yoast-schema-graph\">{\"@context\":\"https:\\\/\\\/schema.org\",\"@graph\":[{\"@type\":\"WebPage\",\"@id\":\"https:\\\/\\\/www.coach-hunter.com\\\/content\\\/bpjeps-golf\\\/\",\"url\":\"https:\\\/\\\/www.coach-hunter.com\\\/content\\\/bpjeps-golf\\\/\",\"name\":\"BPJEPS Golf : devenir un coach sportif sp\u00e9cialis\u00e9 en golf\",\"isPartOf\":{\"@id\":\"https:\\\/\\\/www.coach-hunter.com\\\/content\\\/#website\"},\"primaryImageOfPage\":{\"@id\":\"https:\\\/\\\/www.coach-hunter.com\\\/content\\\/bpjeps-golf\\\/#primaryimage\"},\"image\":{\"@id\":\"https:\\\/\\\/www.coach-hunter.com\\\/content\\\/bpjeps-golf\\\/#primaryimage\"},\"thumbnailUrl\":\"https:\\\/\\\/www.coach-hunter.com\\\/content\\\/wp-content\\\/uploads\\\/2020\\\/06\\\/bpjeps-golf.jpg\",\"datePublished\":\"2020-06-10T12:11:51+00:00\",\"dateModified\":\"2020-09-08T13:40:44+00:00\",\"description\":\"Quels sont les objectifs du BPJEPS Golf et comment l'obtient-on ? Coach Hunter vous renseigne sur comment devenir un coach sportif sp\u00e9cialis\u00e9 en Golf !\",\"breadcrumb\":{\"@id\":\"https:\\\/\\\/www.coach-hunter.com\\\/content\\\/bpjeps-golf\\\/#breadcrumb\"},\"inLanguage\":\"fr-FR\",\"potentialAction\":[{\"@type\":\"ReadAction\",\"target\":[\"https:\\\/\\\/www.coach-hunter.com\\\/content\\\/bpjeps-golf\\\/\"]}]},{\"@type\":\"ImageObject\",\"inLanguage\":\"fr-FR\",\"@id\":\"https:\\\/\\\/www.coach-hunter.com\\\/content\\\/bpjeps-golf\\\/#primaryimage\",\"url\":\"https:\\\/\\\/www.coach-hunter.com\\\/content\\\/wp-content\\\/uploads\\\/2020\\\/06\\\/bpjeps-golf.jpg\",\"contentUrl\":\"https:\\\/\\\/www.coach-hunter.com\\\/content\\\/wp-content\\\/uploads\\\/2020\\\/06\\\/bpjeps-golf.jpg\",\"width\":626,\"height\":417},{\"@type\":\"BreadcrumbList\",\"@id\":\"https:\\\/\\\/www.coach-hunter.com\\\/content\\\/bpjeps-golf\\\/#breadcrumb\",\"itemListElement\":[{\"@type\":\"ListItem\",\"position\":1,\"name\":\"Accueil\",\"item\":\"https:\\\/\\\/www.coach-hunter.com\\\/content\\\/\"},{\"@type\":\"ListItem\",\"position\":2,\"name\":\"BPJEPS Golf, dipl\u00f4me coach sportif pour ma\u00eetriser le Green !\"}]},{\"@type\":\"WebSite\",\"@id\":\"https:\\\/\\\/www.coach-hunter.com\\\/content\\\/#website\",\"url\":\"https:\\\/\\\/www.coach-hunter.com\\\/content\\\/\",\"name\":\"Blog Coach Hunter\",\"description\":\"\",\"potentialAction\":[{\"@type\":\"SearchAction\",\"target\":{\"@type\":\"EntryPoint\",\"urlTemplate\":\"https:\\\/\\\/www.coach-hunter.com\\\/content\\\/?s={search_term_string}\"},\"query-input\":{\"@type\":\"PropertyValueSpecification\",\"valueRequired\":true,\"valueName\":\"search_term_string\"}}],\"inLanguage\":\"fr-FR\"}]}<\/script>\n<!-- \/ Yoast SEO plugin. -->","yoast_head_json":{"title":"BPJEPS Golf : devenir un coach sportif sp\u00e9cialis\u00e9 en golf","description":"Quels sont les objectifs du BPJEPS Golf et comment l'obtient-on ? Coach Hunter vous renseigne sur comment devenir un coach sportif sp\u00e9cialis\u00e9 en Golf !","robots":{"index":"index","follow":"follow","max-snippet":"max-snippet:-1","max-image-preview":"max-image-preview:large","max-video-preview":"max-video-preview:-1"},"canonical":"https:\/\/www.coach-hunter.com\/content\/bpjeps-golf\/","og_locale":"fr_FR","og_type":"article","og_title":"BPJEPS Golf : devenir un coach sportif sp\u00e9cialis\u00e9 en golf","og_description":"Quels sont les objectifs du BPJEPS Golf et comment l'obtient-on ? Coach Hunter vous renseigne sur comment devenir un coach sportif sp\u00e9cialis\u00e9 en Golf !","og_url":"https:\/\/www.coach-hunter.com\/content\/bpjeps-golf\/","og_site_name":"Blog Coach Hunter","article_modified_time":"2020-09-08T13:40:44+00:00","og_image":[{"width":626,"height":417,"url":"https:\/\/www.coach-hunter.com\/content\/wp-content\/uploads\/2020\/06\/bpjeps-golf.jpg","type":"image\/jpeg"}],"twitter_card":"summary_large_image","twitter_misc":{"Dur\u00e9e de lecture estim\u00e9e":"2 minutes"},"schema":{"@context":"https:\/\/schema.org","@graph":[{"@type":"WebPage","@id":"https:\/\/www.coach-hunter.com\/content\/bpjeps-golf\/","url":"https:\/\/www.coach-hunter.com\/content\/bpjeps-golf\/","name":"BPJEPS Golf : devenir un coach sportif sp\u00e9cialis\u00e9 en golf","isPartOf":{"@id":"https:\/\/www.coach-hunter.com\/content\/#website"},"primaryImageOfPage":{"@id":"https:\/\/www.coach-hunter.com\/content\/bpjeps-golf\/#primaryimage"},"image":{"@id":"https:\/\/www.coach-hunter.com\/content\/bpjeps-golf\/#primaryimage"},"thumbnailUrl":"https:\/\/www.coach-hunter.com\/content\/wp-content\/uploads\/2020\/06\/bpjeps-golf.jpg","datePublished":"2020-06-10T12:11:51+00:00","dateModified":"2020-09-08T13:40:44+00:00","description":"Quels sont les objectifs du BPJEPS Golf et comment l'obtient-on ? Coach Hunter vous renseigne sur comment devenir un coach sportif sp\u00e9cialis\u00e9 en Golf !","breadcrumb":{"@id":"https:\/\/www.coach-hunter.com\/content\/bpjeps-golf\/#breadcrumb"},"inLanguage":"fr-FR","potentialAction":[{"@type":"ReadAction","target":["https:\/\/www.coach-hunter.com\/content\/bpjeps-golf\/"]}]},{"@type":"ImageObject","inLanguage":"fr-FR","@id":"https:\/\/www.coach-hunter.com\/content\/bpjeps-golf\/#primaryimage","url":"https:\/\/www.coach-hunter.com\/content\/wp-content\/uploads\/2020\/06\/bpjeps-golf.jpg","contentUrl":"https:\/\/www.coach-hunter.com\/content\/wp-content\/uploads\/2020\/06\/bpjeps-golf.jpg","width":626,"height":417},{"@type":"BreadcrumbList","@id":"https:\/\/www.coach-hunter.com\/content\/bpjeps-golf\/#breadcrumb","itemListElement":[{"@type":"ListItem","position":1,"name":"Accueil","item":"https:\/\/www.coach-hunter.com\/content\/"},{"@type":"ListItem","position":2,"name":"BPJEPS Golf, dipl\u00f4me coach sportif pour ma\u00eetriser le Green !"}]},{"@type":"WebSite","@id":"https:\/\/www.coach-hunter.com\/content\/#website","url":"https:\/\/www.coach-hunter.com\/content\/","name":"Blog Coach Hunter","description":"","potentialAction":[{"@type":"SearchAction","target":{"@type":"EntryPoint","urlTemplate":"https:\/\/www.coach-hunter.com\/content\/?s={search_term_string}"},"query-input":{"@type":"PropertyValueSpecification","valueRequired":true,"valueName":"search_term_string"}}],"inLanguage":"fr-FR"}]}},"_links":{"self":[{"href":"https:\/\/www.coach-hunter.com\/content\/wp-json\/wp\/v2\/pages\/599","targetHints":{"allow":["GET"]}}],"collection":[{"href":"https:\/\/www.coach-hunter.com\/content\/wp-json\/wp\/v2\/pages"}],"about":[{"href":"https:\/\/www.coach-hunter.com\/content\/wp-json\/wp\/v2\/types\/page"}],"author":[{"embeddable":true,"href":"https:\/\/www.coach-hunter.com\/content\/wp-json\/wp\/v2\/users\/5"}],"replies":[{"embeddable":true,"href":"https:\/\/www.coach-hunter.com\/content\/wp-json\/wp\/v2\/comments?post=599"}],"version-history":[{"count":25,"href":"https:\/\/www.coach-hunter.com\/content\/wp-json\/wp\/v2\/pages\/599\/revisions"}],"predecessor-version":[{"id":1548,"href":"https:\/\/www.coach-hunter.com\/content\/wp-json\/wp\/v2\/pages\/599\/revisions\/1548"}],"wp:attachment":[{"href":"https:\/\/www.coach-hunter.com\/content\/wp-json\/wp\/v2\/media?parent=599"}],"curies":[{"name":"wp","href":"https:\/\/api.w.org\/{rel}","templated":true}]}}