{"id":582,"date":"2020-10-09T12:27:33","date_gmt":"2020-10-09T12:27:33","guid":{"rendered":"https:\/\/www.coach-hunter.com\/content\/?page_id=582"},"modified":"2020-12-09T16:25:58","modified_gmt":"2020-12-09T16:25:58","slug":"master-staps-optimisation-de-la-performance-sportive","status":"publish","type":"page","link":"https:\/\/www.coach-hunter.com\/content\/master-staps-optimisation-de-la-performance-sportive\/","title":{"rendered":"Master STAPS optimisation de la performance sportive"},"content":{"rendered":"\n<p>Le <strong>Master STAPS Optimisation de la Performance Sportive<\/strong> vous permet d\u2019acqu\u00e9rir des connaissances pointues en termes d\u2019<strong>entra\u00eenement<\/strong>, de <strong>pr\u00e9paration physique<\/strong> et de <strong>r\u00e9 athl\u00e9tisation<\/strong>. Gr\u00e2ce \u00e0 ce <a class=\"callAction\" href=\"https:\/\/www.coach-hunter.com\/content\/master-staps\/\">Master STAPS<\/a>, vous n\u2019\u00eates plus un simple ex\u00e9cutant mais plut\u00f4t un v\u00e9ritable <strong>concepteur<\/strong>. L\u2019une de vos missions sera de d\u00e9velopper des <strong>protocoles d\u2019entra\u00eenement<\/strong> au service du projet sportif de performance. <\/p>\n\n\n\n<p>Expert dans votre domaine, vous pourrez viser de grandes structures sportives ayant besoin de vos comp\u00e9tences. <strong>Coach Hunter<\/strong> vous accompagne dans votre projet afin de gagner plus rapidement en exp\u00e9rience de terrain.&nbsp;<\/p>\n\n\n\n<div class='flexo'><div class=\"lames2\">\n\n\n\n<h2 class=\"wp-block-heading\"><strong>Devenez un expert de l\u2019entra\u00eenement et de la pr\u00e9paration physique gr\u00e2ce au Master STAPS Optimisation de la Performance Sportive<\/strong><\/h2>\n\n\n\n<div class=\"wp-block-image\"><figure class=\"aligncenter size-large\"><img loading=\"lazy\" decoding=\"async\" width=\"1024\" height=\"576\" src=\"https:\/\/www.coach-hunter.com\/content\/wp-content\/uploads\/2020\/08\/Optimized-runner-cropped-1024x576.jpg\" alt=\"Master STAPS optimisation de la performance sportive : athl\u00e9tisme\" class=\"wp-image-1273\" srcset=\"https:\/\/www.coach-hunter.com\/content\/wp-content\/uploads\/2020\/08\/Optimized-runner-cropped-1024x576.jpg 1024w, https:\/\/www.coach-hunter.com\/content\/wp-content\/uploads\/2020\/08\/Optimized-runner-cropped-300x169.jpg 300w, https:\/\/www.coach-hunter.com\/content\/wp-content\/uploads\/2020\/08\/Optimized-runner-cropped-768x432.jpg 768w, https:\/\/www.coach-hunter.com\/content\/wp-content\/uploads\/2020\/08\/Optimized-runner-cropped.jpg 1200w\" sizes=\"auto, (max-width: 709px) 85vw, (max-width: 909px) 67vw, (max-width: 1362px) 62vw, 840px\" \/><\/figure><\/div>\n\n\n\n<p>Si vous avez toujours r\u00eav\u00e9 de devenir un <strong>pr\u00e9parateur physique pour sportifs de haut niveau<\/strong>, le Master STAPS Optimisation de la Performance Sportive est fait pour vous. L\u2019objectif est clair, \u00e0 savoir \u00e9lever le niveau de l\u2019encadrement sportif fran\u00e7ais. Avec les <strong>Jeux Olympiques Paris 2024<\/strong>, l\u2019engouement donn\u00e9 \u00e0 cette formation prend tout son sens.&nbsp;<\/p>\n\n\n\n<p>On attend de vous, entre autres, de&nbsp;:&nbsp;<\/p>\n\n\n\n<ul class=\"wp-block-list\"><li><strong>Concevoir des protocoles d\u2019entra\u00eenement ainsi que des programmes d\u2019entra\u00eenement au service de la performance<\/strong><\/li><li><strong>Ma\u00eetriser les outils num\u00e9riques pour permettre \u00e0 vos athl\u00e8tes de franchir un palier, se comparer ou \u00e9viter la blessure<\/strong><\/li><li><strong>Savoir analyser les donn\u00e9es recueillies afin d\u2019optimiser la performance<\/strong><\/li><li><strong>Prendre en compte les caract\u00e9ristiques et les besoins individuels de l\u2019athl\u00e8te, en fonction de son \u00e2ge, son niveau, ses objectifs ainsi que son \u00e9tat de forme<\/strong><\/li><li><strong>Coordonner le staff&nbsp;<\/strong><\/li><li><strong>Garder une veille active sur les innovations scientifiques en se formant tout au long de sa vie ou en mettant vous-m\u00eame en place un plan de formation.<\/strong><\/li><\/ul>\n\n\n\n<p>Vous l\u2019aurez donc compris, votre r\u00f4le est de viser l\u2019excellence d\u2019o\u00f9 l\u2019intitul\u00e9 du master mention STAPS entra\u00eenement et optimisation de la performance sportive.<br>Avec un Bac +5 en poche, tous les r\u00eaves sont permis. A vous de gagner en exp\u00e9rience afin d\u2019\u00eatre reconnu comme une r\u00e9f\u00e9rence dans le domaine de l\u2019entra\u00eenement et de la performance.&nbsp;<\/p>\n\n\n\n<\/div><div class=\"lames2\">\n\n\n\n<h2 class=\"wp-block-heading\"><strong>Pr\u00e9sentation du Master STAPS Optimisation de la Performance Sportive<\/strong><\/h2>\n\n\n\n<div class=\"wp-block-image\"><figure class=\"aligncenter size-large\"><img loading=\"lazy\" decoding=\"async\" width=\"1024\" height=\"683\" src=\"https:\/\/www.coach-hunter.com\/content\/wp-content\/uploads\/2020\/08\/Optimized-0-1024x683.jpeg\" alt=\"Master STAPS optimisation de la performance sportive : natation\" class=\"wp-image-1274\" srcset=\"https:\/\/www.coach-hunter.com\/content\/wp-content\/uploads\/2020\/08\/Optimized-0-1024x683.jpeg 1024w, https:\/\/www.coach-hunter.com\/content\/wp-content\/uploads\/2020\/08\/Optimized-0-300x200.jpeg 300w, https:\/\/www.coach-hunter.com\/content\/wp-content\/uploads\/2020\/08\/Optimized-0-768x512.jpeg 768w, https:\/\/www.coach-hunter.com\/content\/wp-content\/uploads\/2020\/08\/Optimized-0.jpeg 1200w\" sizes=\"auto, (max-width: 709px) 85vw, (max-width: 909px) 67vw, (max-width: 1362px) 62vw, 840px\" \/><\/figure><\/div>\n\n\n\n<p>\u00catre titulaire d&rsquo;une <strong>Licence STAPS \u00ab&nbsp;entra\u00eenement sportif&nbsp;\u00bb <\/strong>est le parcours classique de nombreux \u00e9tudiants en <strong>Master EOPS<\/strong>. En effet, il faut savoir que les places sont limit\u00e9es, d\u2019o\u00f9 l\u2019\u00e9tude des dossiers de candidature. Avec deux ann\u00e9es d\u2019\u00e9tudes suppl\u00e9mentaires, vous pourrez postuler \u00e0 des emplois d\u2019ing\u00e9nieur de la <strong>performance humaine<\/strong> gr\u00e2ce aux comp\u00e9tences scientifiques acquises.&nbsp;<\/p>\n\n\n\n<p>Le Master EOPS se d\u00e9roule en 2ans au sein d\u2019une facult\u00e9 des sciences du sport (<a href=\"https:\/\/www.francecompetences.fr\/recherche\/rncp\/32169\/\" target=\"_blank\" rel=\"noreferrer noopener\">en savoir plus<\/a>). Pr\u00e8s de 20 universit\u00e9s STAPS proposent ce cursus en formation initiale ou continue. Dans ce dernier cas, il s\u2019agit essentiellement de professionnels en activit\u00e9 dans les domaines de l\u2019entra\u00eenement et la pr\u00e9paration physique. De fait, en tant que <strong>coach sportif<\/strong>, vous pouvez int\u00e9grer ce Master STAPS afin d\u2019acqu\u00e9rir de nouvelles comp\u00e9tences imm\u00e9diatement utilisables.&nbsp;<\/p>\n\n\n\n<p>Les <strong>stages <\/strong>ont plus une place centrale. G\u00e9n\u00e9ralement, le volume horaire est de 150h minimum en 1<sup>\u00e8re<\/sup>&nbsp;ann\u00e9e de master et 250h en M2 au c\u00f4t\u00e9 d\u2019un ma\u00eetre de stage. L\u2019id\u00e9e est de consacrer l\u2019ensemble du <strong>semestre <\/strong>4 aux stages et au m\u00e9moire. <\/p>\n\n\n\n<p>En effet, lors des stages, il n\u2019est pas rare que la structure vous propose une promesse d\u2019<strong>embauche<\/strong> d\u00e8s votre sortie. De fait, vous encha\u00eenerez fin d\u2019\u00e9tudes et <strong>vie professionnelle<\/strong>.&nbsp;<\/p>\n\n\n\n<\/div><div class=\"lames2\">\n\n\n\n<h2 class=\"wp-block-heading\">Quelles sont les mati\u00e8res \u00e9tudi\u00e9es en Master EOPS ? <\/h2>\n\n\n\n<p>Parmi les disciplines enseign\u00e9es en Master, on retrouve&nbsp;:&nbsp;<\/p>\n\n\n\n<ul class=\"wp-block-list\"><li><strong>Biom\u00e9canique, Physiologie, Neurophysiologie<\/strong><\/li><li><strong>R\u00e9athl\u00e9tisation, Sport et Sant\u00e9, Nutrition<\/strong><\/li><li><strong>M\u00e9trologie et outils de mesure<\/strong><\/li><li><strong>Statistiques et traitement de donn\u00e9es<\/strong><\/li><li><strong>M\u00e9thode d\u2019analyse de la performance<\/strong><\/li><li><strong>Adaptation aux conditions extr\u00eames<\/strong><\/li><li><strong>Adaptation cellulaires et mol\u00e9culaires \u00e0 l\u2019effort<\/strong><\/li><li><strong>Analyse 3D de la performance, Analyse vid\u00e9o<\/strong><\/li><li><strong>R\u00e9alit\u00e9 virtuelle au service de la performance<\/strong><\/li><li><strong>Pr\u00e9paration mentale<\/strong><\/li><li><strong>\u00c9thique, D\u00e9ontologie, Droit<\/strong><\/li><li><strong>Management<\/strong><\/li><li><strong>Anglais<\/strong><\/li><li><strong>Stage&nbsp;<\/strong><\/li><\/ul>\n\n\n\n<p>Votre formation est donc tr\u00e8s compl\u00e8te, tourn\u00e9e vers l\u2019avenir, l\u2019optimisation de la performance, la sant\u00e9 de l\u2019athl\u00e8te sans oublier l\u2019importance de la pr\u00e9paration mentale. En effet, la pr\u00e9paration physique ne peut pas \u00eatre dissoci\u00e9e de la nutrition sportive ou de l\u2019aspect psychologique. Au regard de la <strong>qualit\u00e9 de formation<\/strong>, un \u00e9tudiant assidu, motiv\u00e9 et ambitieux peut donc \u00eatre promu \u00e0 un bel avenir professionnel lui permettant de vivre de sa passion.&nbsp;&nbsp;&nbsp;<\/p>\n\n\n\n<\/div><div class=\"lames2\">\n\n\n\n<h2 class=\"wp-block-heading\"><strong>D\u00e9bouch\u00e9s, r\u00e9orientation, poursuite d\u2019\u00e9tudes<\/strong><\/h2>\n\n\n\n<p>Les titulaires du Master STAPS Optimisation de la Performance Sportive peuvent postuler \u00e0 des postes de&nbsp;:<\/p>\n\n\n\n<ul class=\"wp-block-list\"><li><strong>Pr\u00e9parateur physique<\/strong><\/li><li><strong>Pr\u00e9parateur mental<\/strong><\/li><li><strong>Entra\u00eeneur<\/strong><\/li><li><strong><a href=\"https:\/\/www.coach-hunter.com\/coach-sportif\">Coach Sportif<\/a><\/strong><\/li><li><strong>Ing\u00e9nieur de la performance humaine<\/strong><\/li><li><strong>Directeur de p\u00f4le sportif<\/strong><\/li><\/ul>\n\n\n\n<p>Dans le cas d\u2019une <strong>r\u00e9orientation<\/strong>, d\u2019autres Master STAPS sont envisageables. On pense aux&nbsp;<strong>Masters <\/strong>:&nbsp;<\/p>\n\n\n\n<ul class=\"wp-block-list\"><li><strong>MEEF <\/strong>pour se tourner vers l\u2019enseignement de l\u2019EPS<\/li><li>Activit\u00e9 Physique Adapt\u00e9e et Sant\u00e9 \u00ab&nbsp;<strong>APAS&nbsp;<\/strong>\u00bb<\/li><li>Management du sport \u00ab&nbsp;<strong>MS&nbsp;<\/strong>\u00bb<\/li><li>Ing\u00e9nierie et ergonomie de l\u2019activit\u00e9 physique \u00ab&nbsp;<strong>IEAP&nbsp;<\/strong>\u00bb<\/li><\/ul>\n\n\n\n<p>Le niveau Master est hybride permettant \u00e0 l\u2019\u00e9tudiant de s\u2019ins\u00e9rer sur le march\u00e9 de l\u2019emploi ou de viser des poursuites d&rsquo;\u00e9tudes en <strong>Doctorat<\/strong>, afin de soutenir une th\u00e8se. Dans ce cas, vous pourrez devenir enseignant &#8211; chercheur.&nbsp;<\/p>\n\n\n\n<\/div><div class=\"lames2\">\n\n\n\n<h2 class=\"wp-block-heading\"><strong>Le coaching sportif, un passage incontournable avec Coach Hunter<\/strong><\/h2>\n\n\n\n<div class=\"wp-block-image\"><figure class=\"aligncenter size-large\"><img loading=\"lazy\" decoding=\"async\" width=\"1024\" height=\"576\" src=\"https:\/\/www.coach-hunter.com\/content\/wp-content\/uploads\/2020\/08\/Optimized-michal-kwiatkowski_3448437-1024x576.jpg\" alt=\"Master STAPS optimisation de la performance sportive : velo\" class=\"wp-image-1275\" srcset=\"https:\/\/www.coach-hunter.com\/content\/wp-content\/uploads\/2020\/08\/Optimized-michal-kwiatkowski_3448437-1024x576.jpg 1024w, https:\/\/www.coach-hunter.com\/content\/wp-content\/uploads\/2020\/08\/Optimized-michal-kwiatkowski_3448437-300x169.jpg 300w, https:\/\/www.coach-hunter.com\/content\/wp-content\/uploads\/2020\/08\/Optimized-michal-kwiatkowski_3448437-768x432.jpg 768w, https:\/\/www.coach-hunter.com\/content\/wp-content\/uploads\/2020\/08\/Optimized-michal-kwiatkowski_3448437.jpg 1200w\" sizes=\"auto, (max-width: 709px) 85vw, (max-width: 909px) 67vw, (max-width: 1362px) 62vw, 840px\" \/><\/figure><\/div>\n\n\n\n<p>Coach Hunter est un r\u00e9seau de coachs sportifs dipl\u00f4m\u00e9s dans toute la France. Pour vous, l\u2019int\u00e9r\u00eat est double&nbsp;selon vos besoins&nbsp;:&nbsp;<\/p>\n\n\n\n<ul class=\"wp-block-list\"><li><strong>Se faire coacher&nbsp;<\/strong><\/li><li><strong>Devenir coach sportif<\/strong><\/li><\/ul>\n\n\n\n<p>En effet, de nombreux coachs du r\u00e9seau sont titulaires d\u2019un Master STAPS Optimisation de la Performance Sportive.<br><\/p>\n\n\n\n<p>Sur Coach Hunter, vous avez imm\u00e9diatement acc\u00e8s aux <strong>dipl\u00f4mes du coach<\/strong>, ses tarifs, sa personnalit\u00e9, son <strong>exp\u00e9rience professionnelle<\/strong> ainsi que les avis clients. Qu\u2019il s\u2019agisse d\u2019une <strong>perte de poids<\/strong>, prise de muscles, gain d\u2019endurance ou am\u00e9lioration de votre sant\u00e9, nos coachs vous proposeront des <strong>s\u00e9ances 100% individualis\u00e9es<\/strong>. Ils interviennent \u00e0 domicile ou en ext\u00e9rieur selon votre envie et vos disponibilit\u00e9s.<\/p>\n\n\n\n<p>D\u00e8s l\u2019obtention de votre <strong>Licence STAPS<\/strong> et votre <strong>carte professionnelle d\u2019\u00e9ducateur sportif<\/strong>, vous pourrez postuler sur Coach Hunter pour int\u00e9grer le r\u00e9seau. Cette exp\u00e9rience professionnelle de terrain apportera une r\u00e9elle plus-value \u00e0 votre <strong>CV<\/strong>.&nbsp;<\/p>\n\n\n\n<\/div><\/div>\n\n\n\n<h2 class=\"wp-block-heading\"><strong>Conclusion<\/strong><\/h2>\n\n\n\n<p>En r\u00e9sum\u00e9, le Master STAPS Optimisation de la Performance Sportive est l\u2019un des meilleurs parcours pour <strong>devenir pr\u00e9parateur physique, mental ou entra\u00eeneur sportif<\/strong>. Vous serez un pr\u00e9parateur physique polyvalent, capable de vous adapter \u00e0 tous les disciplines sportives ainsi qu\u2019\u00e0 tous les niveaux de pratique. En tant que concepteur, vous \u00eates comp\u00e9tent pour \u00eatre force de proposition afin d\u2019<strong>optimiser la performance de vos athl\u00e8tes<\/strong>. Bien entendu, l\u2019aspect sant\u00e9, r\u00e9athl\u00e9tisation ainsi que la nutrition sportive feront parties de vos comp\u00e9tences.&nbsp;<\/p>\n\n\n\n<p>Si vous souhaitez aiguiser votre esprit critique, avoir une analyse r\u00e9flexive afin de concevoir une planification, une programmation et des m\u00e9thodes pour optimiser le potentiel de vos athl\u00e8tes, ce Master EOPS est fait pour vous.&nbsp;<\/p>\n\n\n\n<p>De grandes structures n\u2019h\u00e9siteront pas \u00e0 faire appel \u00e0 vos comp\u00e9tences. On pense, par exemple, aux <strong>f\u00e9d\u00e9rations sportives<\/strong> (Football, Rugby, Tennis, Basket, etc), aux clubs, aux salles de sport ou \u00e0 des p\u00f4les d\u2019excellence sportive.&nbsp;<\/p>\n\n\n\n<p>Coach Hunter vous accompagne afin de mettre toutes les chances de votre c\u00f4t\u00e9. Que vous souhaitiez <strong>faire appel \u00e0 un coach<\/strong> d\u00e9j\u00e0 titulaire d\u2019un Master STAPS Optimisation de la Performance Sportive ou int\u00e9grer le r\u00e9seau pour gagner en exp\u00e9rience, nous avons une solution adapt\u00e9e.<\/p>\n\n\n\n<h2 class=\"wp-block-heading\">D&rsquo;autres Master STAPS :<\/h2>\n\n\n\n<ul class=\"wp-block-list\"><li><a href=\"https:\/\/www.coach-hunter.com\/content\/master-staps-activite-physique-adaptee\/\">Master STAPS Activit\u00e9 physique adapt\u00e9e<\/a><\/li><li><a href=\"https:\/\/www.coach-hunter.com\/content\/master-staps-management-du-sport\/\">Master STAPS Management du Sport<\/a><\/li><li><a href=\"https:\/\/www.coach-hunter.com\/content\/master-staps-autres-mentions\/\">Master STAPS autres mentions<\/a><\/li><\/ul>\n","protected":false},"excerpt":{"rendered":"<p>Le Master STAPS Optimisation de la Performance Sportive vous permet d\u2019acqu\u00e9rir des connaissances pointues en termes d\u2019entra\u00eenement, de pr\u00e9paration physique et de r\u00e9 athl\u00e9tisation. Gr\u00e2ce \u00e0 ce Master STAPS, vous n\u2019\u00eates plus un simple ex\u00e9cutant mais plut\u00f4t un v\u00e9ritable concepteur. L\u2019une de vos missions sera de d\u00e9velopper des protocoles d\u2019entra\u00eenement au service du projet sportif &hellip; <a href=\"https:\/\/www.coach-hunter.com\/content\/master-staps-optimisation-de-la-performance-sportive\/\" class=\"more-link\">Continuer la lecture<span class=\"screen-reader-text\"> de &laquo;&nbsp;Master STAPS optimisation de la performance sportive&nbsp;&raquo;<\/span><\/a><\/p>\n","protected":false},"author":6,"featured_media":0,"parent":0,"menu_order":0,"comment_status":"closed","ping_status":"closed","template":"","meta":{"footnotes":""},"class_list":["post-582","page","type-page","status-publish","hentry"],"yoast_head":"<!-- This site is optimized with the Yoast SEO plugin v25.9 - https:\/\/yoast.com\/wordpress\/plugins\/seo\/ -->\n<title>Master STAPS optimisation de la performance sportive - de A \u00e0 Z<\/title>\n<meta name=\"description\" content=\"Le Master STAPS optimisation de la performance sportive permet de devenir un pr\u00e9parateur physique de haut niveau. Coach Hunter vous accompagne pour r\u00e9ussir\" \/>\n<meta name=\"robots\" content=\"index, follow, max-snippet:-1, max-image-preview:large, max-video-preview:-1\" \/>\n<link rel=\"canonical\" href=\"https:\/\/www.coach-hunter.com\/content\/master-staps-optimisation-de-la-performance-sportive\/\" \/>\n<meta property=\"og:locale\" content=\"fr_FR\" \/>\n<meta property=\"og:type\" content=\"article\" \/>\n<meta property=\"og:title\" content=\"Master STAPS optimisation de la performance sportive - de A \u00e0 Z\" \/>\n<meta property=\"og:description\" content=\"Le Master STAPS optimisation de la performance sportive permet de devenir un pr\u00e9parateur physique de haut niveau. Coach Hunter vous accompagne pour r\u00e9ussir\" \/>\n<meta property=\"og:url\" content=\"https:\/\/www.coach-hunter.com\/content\/master-staps-optimisation-de-la-performance-sportive\/\" \/>\n<meta property=\"og:site_name\" content=\"Blog Coach Hunter\" \/>\n<meta property=\"article:modified_time\" content=\"2020-12-09T16:25:58+00:00\" \/>\n<meta property=\"og:image\" content=\"https:\/\/www.coach-hunter.com\/content\/wp-content\/uploads\/2020\/08\/Optimized-runner-cropped-1024x576.jpg\" \/>\n<meta name=\"twitter:card\" content=\"summary_large_image\" \/>\n<meta name=\"twitter:label1\" content=\"Dur\u00e9e de lecture estim\u00e9e\" \/>\n\t<meta name=\"twitter:data1\" content=\"7 minutes\" \/>\n<script type=\"application\/ld+json\" class=\"yoast-schema-graph\">{\"@context\":\"https:\/\/schema.org\",\"@graph\":[{\"@type\":\"WebPage\",\"@id\":\"https:\/\/www.coach-hunter.com\/content\/master-staps-optimisation-de-la-performance-sportive\/\",\"url\":\"https:\/\/www.coach-hunter.com\/content\/master-staps-optimisation-de-la-performance-sportive\/\",\"name\":\"Master STAPS optimisation de la performance sportive - de A \u00e0 Z\",\"isPartOf\":{\"@id\":\"https:\/\/www.coach-hunter.com\/content\/#website\"},\"primaryImageOfPage\":{\"@id\":\"https:\/\/www.coach-hunter.com\/content\/master-staps-optimisation-de-la-performance-sportive\/#primaryimage\"},\"image\":{\"@id\":\"https:\/\/www.coach-hunter.com\/content\/master-staps-optimisation-de-la-performance-sportive\/#primaryimage\"},\"thumbnailUrl\":\"https:\/\/www.coach-hunter.com\/content\/wp-content\/uploads\/2020\/08\/Optimized-runner-cropped-1024x576.jpg\",\"datePublished\":\"2020-10-09T12:27:33+00:00\",\"dateModified\":\"2020-12-09T16:25:58+00:00\",\"description\":\"Le Master STAPS optimisation de la performance sportive permet de devenir un pr\u00e9parateur physique de haut niveau. Coach Hunter vous accompagne pour r\u00e9ussir\",\"breadcrumb\":{\"@id\":\"https:\/\/www.coach-hunter.com\/content\/master-staps-optimisation-de-la-performance-sportive\/#breadcrumb\"},\"inLanguage\":\"fr-FR\",\"potentialAction\":[{\"@type\":\"ReadAction\",\"target\":[\"https:\/\/www.coach-hunter.com\/content\/master-staps-optimisation-de-la-performance-sportive\/\"]}]},{\"@type\":\"ImageObject\",\"inLanguage\":\"fr-FR\",\"@id\":\"https:\/\/www.coach-hunter.com\/content\/master-staps-optimisation-de-la-performance-sportive\/#primaryimage\",\"url\":\"https:\/\/www.coach-hunter.com\/content\/wp-content\/uploads\/2020\/08\/Optimized-runner-cropped.jpg\",\"contentUrl\":\"https:\/\/www.coach-hunter.com\/content\/wp-content\/uploads\/2020\/08\/Optimized-runner-cropped.jpg\",\"width\":1200,\"height\":675},{\"@type\":\"BreadcrumbList\",\"@id\":\"https:\/\/www.coach-hunter.com\/content\/master-staps-optimisation-de-la-performance-sportive\/#breadcrumb\",\"itemListElement\":[{\"@type\":\"ListItem\",\"position\":1,\"name\":\"Accueil\",\"item\":\"https:\/\/www.coach-hunter.com\/content\/\"},{\"@type\":\"ListItem\",\"position\":2,\"name\":\"Master STAPS optimisation de la performance sportive\"}]},{\"@type\":\"WebSite\",\"@id\":\"https:\/\/www.coach-hunter.com\/content\/#website\",\"url\":\"https:\/\/www.coach-hunter.com\/content\/\",\"name\":\"Blog Coach Hunter\",\"description\":\"\",\"potentialAction\":[{\"@type\":\"SearchAction\",\"target\":{\"@type\":\"EntryPoint\",\"urlTemplate\":\"https:\/\/www.coach-hunter.com\/content\/?s={search_term_string}\"},\"query-input\":{\"@type\":\"PropertyValueSpecification\",\"valueRequired\":true,\"valueName\":\"search_term_string\"}}],\"inLanguage\":\"fr-FR\"}]}<\/script>\n<!-- \/ Yoast SEO plugin. -->","yoast_head_json":{"title":"Master STAPS optimisation de la performance sportive - de A \u00e0 Z","description":"Le Master STAPS optimisation de la performance sportive permet de devenir un pr\u00e9parateur physique de haut niveau. Coach Hunter vous accompagne pour r\u00e9ussir","robots":{"index":"index","follow":"follow","max-snippet":"max-snippet:-1","max-image-preview":"max-image-preview:large","max-video-preview":"max-video-preview:-1"},"canonical":"https:\/\/www.coach-hunter.com\/content\/master-staps-optimisation-de-la-performance-sportive\/","og_locale":"fr_FR","og_type":"article","og_title":"Master STAPS optimisation de la performance sportive - de A \u00e0 Z","og_description":"Le Master STAPS optimisation de la performance sportive permet de devenir un pr\u00e9parateur physique de haut niveau. Coach Hunter vous accompagne pour r\u00e9ussir","og_url":"https:\/\/www.coach-hunter.com\/content\/master-staps-optimisation-de-la-performance-sportive\/","og_site_name":"Blog Coach Hunter","article_modified_time":"2020-12-09T16:25:58+00:00","og_image":[{"url":"https:\/\/www.coach-hunter.com\/content\/wp-content\/uploads\/2020\/08\/Optimized-runner-cropped-1024x576.jpg","type":"","width":"","height":""}],"twitter_card":"summary_large_image","twitter_misc":{"Dur\u00e9e de lecture estim\u00e9e":"7 minutes"},"schema":{"@context":"https:\/\/schema.org","@graph":[{"@type":"WebPage","@id":"https:\/\/www.coach-hunter.com\/content\/master-staps-optimisation-de-la-performance-sportive\/","url":"https:\/\/www.coach-hunter.com\/content\/master-staps-optimisation-de-la-performance-sportive\/","name":"Master STAPS optimisation de la performance sportive - de A \u00e0 Z","isPartOf":{"@id":"https:\/\/www.coach-hunter.com\/content\/#website"},"primaryImageOfPage":{"@id":"https:\/\/www.coach-hunter.com\/content\/master-staps-optimisation-de-la-performance-sportive\/#primaryimage"},"image":{"@id":"https:\/\/www.coach-hunter.com\/content\/master-staps-optimisation-de-la-performance-sportive\/#primaryimage"},"thumbnailUrl":"https:\/\/www.coach-hunter.com\/content\/wp-content\/uploads\/2020\/08\/Optimized-runner-cropped-1024x576.jpg","datePublished":"2020-10-09T12:27:33+00:00","dateModified":"2020-12-09T16:25:58+00:00","description":"Le Master STAPS optimisation de la performance sportive permet de devenir un pr\u00e9parateur physique de haut niveau. Coach Hunter vous accompagne pour r\u00e9ussir","breadcrumb":{"@id":"https:\/\/www.coach-hunter.com\/content\/master-staps-optimisation-de-la-performance-sportive\/#breadcrumb"},"inLanguage":"fr-FR","potentialAction":[{"@type":"ReadAction","target":["https:\/\/www.coach-hunter.com\/content\/master-staps-optimisation-de-la-performance-sportive\/"]}]},{"@type":"ImageObject","inLanguage":"fr-FR","@id":"https:\/\/www.coach-hunter.com\/content\/master-staps-optimisation-de-la-performance-sportive\/#primaryimage","url":"https:\/\/www.coach-hunter.com\/content\/wp-content\/uploads\/2020\/08\/Optimized-runner-cropped.jpg","contentUrl":"https:\/\/www.coach-hunter.com\/content\/wp-content\/uploads\/2020\/08\/Optimized-runner-cropped.jpg","width":1200,"height":675},{"@type":"BreadcrumbList","@id":"https:\/\/www.coach-hunter.com\/content\/master-staps-optimisation-de-la-performance-sportive\/#breadcrumb","itemListElement":[{"@type":"ListItem","position":1,"name":"Accueil","item":"https:\/\/www.coach-hunter.com\/content\/"},{"@type":"ListItem","position":2,"name":"Master STAPS optimisation de la performance sportive"}]},{"@type":"WebSite","@id":"https:\/\/www.coach-hunter.com\/content\/#website","url":"https:\/\/www.coach-hunter.com\/content\/","name":"Blog Coach Hunter","description":"","potentialAction":[{"@type":"SearchAction","target":{"@type":"EntryPoint","urlTemplate":"https:\/\/www.coach-hunter.com\/content\/?s={search_term_string}"},"query-input":{"@type":"PropertyValueSpecification","valueRequired":true,"valueName":"search_term_string"}}],"inLanguage":"fr-FR"}]}},"_links":{"self":[{"href":"https:\/\/www.coach-hunter.com\/content\/wp-json\/wp\/v2\/pages\/582","targetHints":{"allow":["GET"]}}],"collection":[{"href":"https:\/\/www.coach-hunter.com\/content\/wp-json\/wp\/v2\/pages"}],"about":[{"href":"https:\/\/www.coach-hunter.com\/content\/wp-json\/wp\/v2\/types\/page"}],"author":[{"embeddable":true,"href":"https:\/\/www.coach-hunter.com\/content\/wp-json\/wp\/v2\/users\/6"}],"replies":[{"embeddable":true,"href":"https:\/\/www.coach-hunter.com\/content\/wp-json\/wp\/v2\/comments?post=582"}],"version-history":[{"count":7,"href":"https:\/\/www.coach-hunter.com\/content\/wp-json\/wp\/v2\/pages\/582\/revisions"}],"predecessor-version":[{"id":2042,"href":"https:\/\/www.coach-hunter.com\/content\/wp-json\/wp\/v2\/pages\/582\/revisions\/2042"}],"wp:attachment":[{"href":"https:\/\/www.coach-hunter.com\/content\/wp-json\/wp\/v2\/media?parent=582"}],"curies":[{"name":"wp","href":"https:\/\/api.w.org\/{rel}","templated":true}]}}