{"id":578,"date":"2020-09-29T11:55:22","date_gmt":"2020-09-29T11:55:22","guid":{"rendered":"https:\/\/www.coach-hunter.com\/content\/?page_id=578"},"modified":"2020-10-05T13:43:32","modified_gmt":"2020-10-05T13:43:32","slug":"licence-staps-entrainement-sportif","status":"publish","type":"page","link":"https:\/\/www.coach-hunter.com\/content\/licence-staps-entrainement-sportif\/","title":{"rendered":"Licence STAPS entra\u00eenement sportif : Conseils de coach"},"content":{"rendered":"\n<p>La <strong>Licence STAPS entra\u00eenement sportif<\/strong> est un passage incontournable pour devenir coach sportif. Il s\u2019agit de l\u2019une des 4 formations majeures en <a class=\"callAction\" href=\"https:\/\/www.coach-hunter.com\/content\/licence-staps\/\">licence STAPS<\/a> au c\u00f4t\u00e9 de l\u2019<strong>activit\u00e9 physique adapt\u00e9<\/strong>e, l\u2019<strong>\u00e9ducation &amp; motricit\u00e9<\/strong> et le <strong>management du sport<\/strong>. <\/p>\n\n\n\n<p>De fait, vous n\u2019aurez pas de difficult\u00e9 \u00e0 int\u00e9grer cette licence STAPS pr\u00e8s de chez vous. Plus que la simple <strong>r\u00e9ussite au dipl\u00f4me<\/strong>, il convient de voir plus loin afin de trouver facilement un emploi \u00e0 la sortie. D\u00e9couvrez tout ce qu\u2019il faut savoir afin de r\u00e9ussir vos <strong>ann\u00e9es STAPS<\/strong> (sciences et techniques des activit\u00e9s physiques et sportives) et d\u00e9crocher un emploi p\u00e9renne.&nbsp;<\/p>\n\n\n\n<div class='flexo'><div class=\"lames2\">\n\n\n\n<h2 class=\"wp-block-heading\"><strong>Acc\u00e9dez au m\u00e9tier d\u2019entra\u00eeneur sportif \/ Pr\u00e9parateur physique<\/strong> gr\u00e2ce \u00e0 la Licence STAPS entra\u00eenement sportif<\/h2>\n\n\n\n<div class=\"wp-block-image\"><figure class=\"aligncenter size-large\"><img loading=\"lazy\" decoding=\"async\" width=\"1024\" height=\"683\" src=\"https:\/\/www.coach-hunter.com\/content\/wp-content\/uploads\/2020\/08\/Optimized-D58WHzgWwAAdEEi.jpg\" alt=\"Licence STAPS entra\u00eenement sportif\" class=\"wp-image-1261\" srcset=\"https:\/\/www.coach-hunter.com\/content\/wp-content\/uploads\/2020\/08\/Optimized-D58WHzgWwAAdEEi.jpg 1024w, https:\/\/www.coach-hunter.com\/content\/wp-content\/uploads\/2020\/08\/Optimized-D58WHzgWwAAdEEi-300x200.jpg 300w, https:\/\/www.coach-hunter.com\/content\/wp-content\/uploads\/2020\/08\/Optimized-D58WHzgWwAAdEEi-768x512.jpg 768w\" sizes=\"auto, (max-width: 709px) 85vw, (max-width: 909px) 67vw, (max-width: 1362px) 62vw, 840px\" \/><\/figure><\/div>\n\n\n\n<p>La licence STAPS entra\u00eenement sportif peut mener au m\u00e9tier d\u2019<strong>entra\u00eeneur sportif<\/strong>, coach sportif, <strong>pr\u00e9parateur physique ou mental<\/strong> ainsi que <strong>directeur technique<\/strong> de structure priv\u00e9e \u00e0 objectif sportif. Cette licence STAPS mention Entra\u00eenement sportif int\u00e9resse chaque ann\u00e9e plusieurs milliers d\u2019\u00e9tudiants. Or, mal pr\u00e9par\u00e9 ou mal conseill\u00e9, plus de la moiti\u00e9 arr\u00eateront leur \u00e9tude avant d\u2019atteindre la 3<sup>\u00e8me<\/sup>&nbsp;ann\u00e9e. Pour vous \u00e9viter cet \u00e9cueil, mieux vaut \u00eatre bien renseign\u00e9.&nbsp;<\/p>\n\n\n\n<p>Le m\u00e9tier d\u2019entra\u00eeneur ou de pr\u00e9parateur physique laisse r\u00eaveur. Qui n\u2019a jamais envi\u00e9 les entra\u00eeneurs de grands clubs de football europ\u00e9ens ou les pr\u00e9parateurs physiques d\u2019athl\u00e8tes de haut niveau. Avant d\u2019en arriver l\u00e0, il faudra \u00eatre dipl\u00f4m\u00e9, \u00eatre comp\u00e9tent, avoir une bonne dose d\u2019exp\u00e9rience et faire confiance \u00e0 sa bonne \u00e9toile.&nbsp;<\/p>\n\n\n\n<\/div><div class=\"lames2\">\n\n\n\n<h2 class=\"wp-block-heading\"><strong>Pr\u00e9sentation de la licence STAPS entra\u00eenement sportif<\/strong><\/h2>\n\n\n\n<p>A en croire la fiche&nbsp;<a href=\"https:\/\/www.francecompetences.fr\/recherche\/rncp\/24542\/\" target=\"_blank\" rel=\"noreferrer noopener\">RNCP24542<\/a>&nbsp;posant les bases du dipl\u00f4me, pas moins de 35 universit\u00e9s STAPS en France proposent la licence STAPS entra\u00eenement sportif. Parmi les 3 grands domaines de comp\u00e9tences, on distingue la&nbsp;:&nbsp;<\/p>\n\n\n\n<ul class=\"wp-block-list\"><li><strong>Conception de programmes d\u2019entra\u00eenement \u00e0 partir du diagnostic op\u00e9r\u00e9<\/strong><\/li><li><strong>Conduite de s\u00e9ances d\u2019entra\u00eenement<\/strong><\/li><li><strong>Protection des sportifs<\/strong><\/li><\/ul>\n\n\n\n<p>L\u2019entra\u00eeneur intervient donc avant, pendant et apr\u00e8s la s\u00e9ance afin d\u2019assurer une r\u00e9elle continuit\u00e9.&nbsp;<\/p>\n\n\n\n<p>Cette licence g\u00e9n\u00e9rale s\u2019inscrit sur 3 ann\u00e9es. C\u00f4t\u00e9 enseignement, la L1 et la L2 sont communes aux trois autres mentions de la <strong>fili\u00e8re STAPS<\/strong>. Seules quelques options en L2 permettront de vous familiariser avec l\u2019entra\u00eenement sportif. Ce n\u2019est r\u00e9ellement qu\u2019en licence 3 que vous suivrez un cursus 100% orient\u00e9 entra\u00eenement et pr\u00e9paration physique.&nbsp;<\/p>\n\n\n\n<p>Parmi les disciplines enseign\u00e9es en L3, on retrouve&nbsp;:&nbsp;<\/p>\n\n\n\n<ul class=\"wp-block-list\"><li>Biom\u00e9canique musculaire, physiologie de l\u2019exercice et sociologie<\/li><li>Apprentissage moteur<\/li><li>Programmation de l\u2019entra\u00eenement<\/li><li>Neurophysiologie, psychologie cognitive<\/li><li>Sciences humaines et sociales<\/li><li>Outils d\u2019analyse de la pratique (vid\u00e9o et statistique)<\/li><li>Anglais<\/li><li>Stage<\/li><\/ul>\n\n\n\n<\/div><div class=\"lames2\">\n\n\n\n<h2 class=\"wp-block-heading\"><strong>Ce qu\u2019il faut savoir avant de se lancer\u2026<\/strong><\/h2>\n\n\n\n<p>Il est toujours int\u00e9ressant de savoir \u00e0 quoi s\u2019attendre avant de d\u00e9marrer ses \u00e9tudes en STAPS. L\u2019une des informations les plus importantes est que vous allez passer plus de temps en amphith\u00e9\u00e2tre que sur les terrains de sport. Les <strong>activit\u00e9s physiques et sportives<\/strong> (APS) ne repr\u00e9sentent que 20% de votre emploi du temps. <\/p>\n\n\n\n<p>Pour r\u00e9ussir licence STAPS entra\u00eenement sportif, il convient donc d\u2019\u00eatre sportif polyvalent mais surtout avoir un profil scientifique. Si tel n\u2019est pas votre cas, accrochez-vous, r\u00e9visez r\u00e9guli\u00e8rement et faites-vous aider par un syst\u00e8me de tutorat par exemple.&nbsp;<\/p>\n\n\n\n<p>Ensuite, vous aurez compris que l\u2019aspect \u00ab&nbsp;entra\u00eenement et sportif&nbsp;\u00bb ne sera appr\u00e9hend\u00e9 qu\u2019en L3. Avant \u00e7a, il s\u2019agira d\u2019un parcours tr\u00e8s g\u00e9n\u00e9raliste. N\u00e9anmoins, il s\u2019agit d\u2019un passage oblig\u00e9 pour tous les \u00e9tudiants STAPS de France. Le taux de r\u00e9ussite en licence STAPS entra\u00eenement sportif est d\u2019environ 75%.&nbsp;<\/p>\n\n\n\n<p>Dipl\u00f4me en poche, vous serez apte \u00e0 encadrer en autonomie, aupr\u00e8s de tout public&nbsp;:&nbsp;<\/p>\n\n\n\n<ul class=\"wp-block-list\"><li><strong>Des APS \u00e0 un niveau d\u2019initiation, d\u2019entretien ou de loisir<\/strong><\/li><li><strong>Des APS \u00e0 des fins d\u2019am\u00e9lioration de la performance ou de d\u00e9veloppement personnel parmi le tennis, la natation, le football, le handball, l\u2019athl\u00e9tisme, le rugby et le basketball.<\/strong>&nbsp;<\/li><\/ul>\n\n\n\n<\/div><div class=\"lames2\">\n\n\n\n<h2 class=\"wp-block-heading\"><strong>D\u00e9bouch\u00e9s, salaires, poursuites d\u2019\u00e9tudes<\/strong><\/h2>\n\n\n\n<div class=\"wp-block-image\"><figure class=\"aligncenter size-large\"><img loading=\"lazy\" decoding=\"async\" width=\"1024\" height=\"683\" src=\"https:\/\/www.coach-hunter.com\/content\/wp-content\/uploads\/2020\/08\/Optimized-POREc_Valamar-Riviera-uz-Nogometni-klub-Istra-Tar-i-Nogometni-klub-Funtana-1024x683.jpg\" alt=\"Licence STAPS entra\u00eenement sportif\" class=\"wp-image-1262\" srcset=\"https:\/\/www.coach-hunter.com\/content\/wp-content\/uploads\/2020\/08\/Optimized-POREc_Valamar-Riviera-uz-Nogometni-klub-Istra-Tar-i-Nogometni-klub-Funtana-1024x683.jpg 1024w, https:\/\/www.coach-hunter.com\/content\/wp-content\/uploads\/2020\/08\/Optimized-POREc_Valamar-Riviera-uz-Nogometni-klub-Istra-Tar-i-Nogometni-klub-Funtana-300x200.jpg 300w, https:\/\/www.coach-hunter.com\/content\/wp-content\/uploads\/2020\/08\/Optimized-POREc_Valamar-Riviera-uz-Nogometni-klub-Istra-Tar-i-Nogometni-klub-Funtana-768x512.jpg 768w, https:\/\/www.coach-hunter.com\/content\/wp-content\/uploads\/2020\/08\/Optimized-POREc_Valamar-Riviera-uz-Nogometni-klub-Istra-Tar-i-Nogometni-klub-Funtana.jpg 1200w\" sizes=\"auto, (max-width: 709px) 85vw, (max-width: 909px) 67vw, (max-width: 1362px) 62vw, 840px\" \/><\/figure><\/div>\n\n\n\n<p>Vous pouvez int\u00e9grer le march\u00e9 de l\u2019emploi d\u00e8s l\u2019obtention de votre licence. En effet, cette L3 STAPS vous octroie la possibilit\u00e9 d\u2019obtenir une carte professionnelle d\u2019\u00e9ducateur sportif. Un bac+3 ouvre \u00e9galement la voie \u00e0 certains concours de la fonction publique \u00e0 l\u2019image du concours ETAPS. Vous pourrez ainsi devenir \u00e9ducateur territorial des APS.&nbsp;<\/p>\n\n\n\n<p>De plus, selon les structures et les besoins, certains emplois peuvent \u00eatre \u00e0 votre port\u00e9e&nbsp;:&nbsp;<\/p>\n\n\n\n<ul class=\"wp-block-list\"><li><strong>Entra\u00eeneur<\/strong><\/li><li><strong>Pr\u00e9parateur physique<\/strong><\/li><li><strong>Coach Sportif<\/strong><\/li><li><strong>Emplois contractuels dans les f\u00e9d\u00e9rations sportives, clubs ou comit\u00e9s sportifs.&nbsp;&nbsp;<\/strong><\/li><\/ul>\n\n\n\n<p>Cependant, s\u2019agissant d\u2019une <strong>licence g\u00e9n\u00e9rale<\/strong>, de nombreux \u00e9tudiants s&rsquo;orientent vers des poursuites d&rsquo;\u00e9tudes en <strong>Master STAPS Entra\u00eenement et optimisation de la performance sportive<\/strong>. Ce Bac+5 permet d\u2019acc\u00e9der \u00e0 des emplois avec davantage de responsabilit\u00e9s et d\u2019expertise.&nbsp;<\/p>\n\n\n\n<p>On peut estimer que le salaire d\u2019un entra\u00eeneur d\u00e9butant oscille autour de 1700 euros. N\u00e9anmoins, ce nombre est anecdotique car votre r\u00e9mun\u00e9ration d\u00e9pendra de la taille de votre structure, son niveau, vos responsabilit\u00e9s et bien d\u2019autres param\u00e8tres qui peuvent rapidement faire grimper la grille tarifaire.&nbsp;<\/p>\n\n\n\n<\/div><div class=\"lames2\">\n\n\n\n<h2 class=\"wp-block-heading\"><strong>Coach Hunter pour aujourd\u2019hui et pour longtemps&nbsp;&nbsp;<\/strong><\/h2>\n\n\n\n<div class=\"wp-block-image\"><figure class=\"aligncenter size-large\"><img loading=\"lazy\" decoding=\"async\" width=\"1024\" height=\"637\" src=\"https:\/\/www.coach-hunter.com\/content\/wp-content\/uploads\/2020\/08\/Optimized-1OIOado-5VkoUJW-eABjbUg-1024x637.jpeg\" alt=\"Licence STAPS entra\u00eenement sportif\" class=\"wp-image-1263\" srcset=\"https:\/\/www.coach-hunter.com\/content\/wp-content\/uploads\/2020\/08\/Optimized-1OIOado-5VkoUJW-eABjbUg-1024x637.jpeg 1024w, https:\/\/www.coach-hunter.com\/content\/wp-content\/uploads\/2020\/08\/Optimized-1OIOado-5VkoUJW-eABjbUg-300x187.jpeg 300w, https:\/\/www.coach-hunter.com\/content\/wp-content\/uploads\/2020\/08\/Optimized-1OIOado-5VkoUJW-eABjbUg-768x478.jpeg 768w, https:\/\/www.coach-hunter.com\/content\/wp-content\/uploads\/2020\/08\/Optimized-1OIOado-5VkoUJW-eABjbUg.jpeg 1200w\" sizes=\"auto, (max-width: 709px) 85vw, (max-width: 909px) 67vw, (max-width: 1362px) 62vw, 840px\" \/><\/figure><\/div>\n\n\n\n<p><strong>Coach Hunter<\/strong> est un <strong>r\u00e9seau de coachs sportifs<\/strong> partout en France. L\u2019enjeu est de vous mettre rapidement et simplement <strong>en relation avec un professionnel<\/strong> de la remise en forme afin d\u2019atteindre vos objectifs.&nbsp;<\/p>\n\n\n\n<p>Aujourd\u2019hui, Coach Hunter dispose de plusieurs coachs titulaires d\u2019une Licence STAPS entra\u00eenement sportif. <\/p>\n\n\n\n<p>C\u2019est notamment le cas de&nbsp;<a class=\"callAction\" href=\"https:\/\/www.coach-hunter.com\/profil\/22696\">Hugo, coach sportif sur Paris<\/a>.&nbsp;<\/p>\n\n\n\n<p>Gr\u00e2ce \u00e0 ses dipl\u00f4mes et son exp\u00e9rience, il pourra&nbsp;:&nbsp;<\/p>\n\n\n\n<ul class=\"wp-block-list\"><li>Vous pr\u00e9parer physiquement pour avoir davantage de facilit\u00e9 dans les diff\u00e9rentes activit\u00e9s physiques et sportives en STAPS<\/li><li>Vous transmettre de pr\u00e9cieux conseils afin de r\u00e9ussir votre Licence.&nbsp;<\/li><\/ul>\n\n\n\n<p>Lui-m\u00eame titulaire de cette licence ES, il s\u2019agit d\u2019un point d\u2019appui non n\u00e9gligeable et d\u2019un accompagnement de qualit\u00e9 tout au long de votre cursus universitaire.&nbsp;<\/p>\n\n\n\n<p>Plus tard, une fois votre dipl\u00f4me en poche, vous pourrez \u00e0 votre tour postuler pour devenir coach sportif Coach Hunter. En int\u00e9grant l\u2019une des entreprises leaders dans le <strong>coaching \u00e0 domicile<\/strong>, vous b\u00e9n\u00e9ficierez d\u2019une solide <strong>exp\u00e9rience professionnelle<\/strong>.&nbsp;<\/p>\n\n\n\n<p>De fait, si vous souhaitez perdre du poids, prendre du muscle, am\u00e9liorer votre explosivit\u00e9 ou encore votre endurance, Coach Hunter peut vous y aider. Pour chaque coach du r\u00e9seau, vous avez acc\u00e8s \u00e0 sa fiche. Cette derni\u00e8re permet d\u2019avoir connaissance en un clic \u00e0 ses dipl\u00f4mes, sa personnalit\u00e9, son exp\u00e9rience professionnelle, ses tarifs ainsi que les avis clients. Que vous souhaitiez vous am\u00e9liorer en athl\u00e9tisme, gymnastique, boxe ou encore basketball, il y aura toujours un <strong>coach sportif sp\u00e9cialiste pr\u00e8s de chez vous<\/strong>.&nbsp;&nbsp;<\/p>\n\n\n\n<\/div><\/div>\n\n\n\n<h2 class=\"wp-block-heading\"><strong>Conclusion&nbsp;<\/strong><\/h2>\n\n\n\n<p>En r\u00e9sum\u00e9, la licence STAPS entra\u00eenement sportif est une voie royale pour acc\u00e9der au <strong>m\u00e9tier d\u2019entra\u00eeneur, de pr\u00e9parateur physique ou de coach sportif<\/strong>. En s\u2019ins\u00e9rant d\u00e8s la licence ou en poursuivant en Master, vous pourrez enfin vivre de votre passion. <\/p>\n\n\n\n<p>A termes, vous pourrez vous sp\u00e9cialiser afin d\u2019<strong>acqu\u00e9rir des comp\u00e9tences en nutrition, r\u00e9cup\u00e9ration ou en pr\u00e9paration mentale<\/strong>. L\u2019une des richesses de ce m\u00e9tier est sa polyvalence. <\/p>\n\n\n\n<p>En effet, vous pouvez intervenir aupr\u00e8s de tout public et tout objectif. De fait, difficile de conna\u00eetre la routine. La Licence STAPS entra\u00eenement sportif est donc une excellente alternative pour tous les passionn\u00e9s de sport.<\/p>\n\n\n\n<h2 class=\"wp-block-heading\">D&rsquo;autres licences STAPS :<\/h2>\n\n\n\n<ul class=\"wp-block-list\"><li><a href=\"https:\/\/www.coach-hunter.com\/content\/licence-staps-activite-physique-adaptee\/\">Licence Staps Activit\u00e9 physique adapt\u00e9e<\/a><\/li><li><a href=\"https:\/\/www.coach-hunter.com\/content\/licence-staps-education-et-motricite\/\">Licence Staps Education et Motricit\u00e9<\/a><\/li><li>La rubrique\u00a0<a href=\"https:\/\/www.coach-hunter.com\/content\/licence-staps-autre-mention\/\">Licence Staps Autre mention<\/a><\/li><\/ul>\n","protected":false},"excerpt":{"rendered":"<p>La Licence STAPS entra\u00eenement sportif est un passage incontournable pour devenir coach sportif. Il s\u2019agit de l\u2019une des 4 formations majeures en licence STAPS au c\u00f4t\u00e9 de l\u2019activit\u00e9 physique adapt\u00e9e, l\u2019\u00e9ducation &amp; motricit\u00e9 et le management du sport. De fait, vous n\u2019aurez pas de difficult\u00e9 \u00e0 int\u00e9grer cette licence STAPS pr\u00e8s de chez vous. Plus &hellip; <a href=\"https:\/\/www.coach-hunter.com\/content\/licence-staps-entrainement-sportif\/\" class=\"more-link\">Continuer la lecture<span class=\"screen-reader-text\"> de &laquo;&nbsp;Licence STAPS entra\u00eenement sportif : Conseils de coach&nbsp;&raquo;<\/span><\/a><\/p>\n","protected":false},"author":6,"featured_media":0,"parent":0,"menu_order":0,"comment_status":"closed","ping_status":"closed","template":"","meta":{"footnotes":""},"class_list":["post-578","page","type-page","status-publish","hentry"],"yoast_head":"<!-- This site is optimized with the Yoast SEO plugin v27.5 - https:\/\/yoast.com\/product\/yoast-seo-wordpress\/ -->\n<title>Licence STAPS entra\u00eenement sportif pour devenir Pr\u00e9parateur Physique<\/title>\n<meta name=\"description\" content=\"La Licence STAPS entra\u00eenement sportif permet de devenir entra\u00eeneur ou pr\u00e9parateur physique. Coach Hunter vous accompagne vers la r\u00e9ussite de votre dipl\u00f4me.\" \/>\n<meta name=\"robots\" content=\"index, follow, max-snippet:-1, max-image-preview:large, max-video-preview:-1\" \/>\n<link rel=\"canonical\" href=\"https:\/\/www.coach-hunter.com\/content\/licence-staps-entrainement-sportif\/\" \/>\n<meta property=\"og:locale\" content=\"fr_FR\" \/>\n<meta property=\"og:type\" content=\"article\" \/>\n<meta property=\"og:title\" content=\"Licence STAPS entra\u00eenement sportif pour devenir Pr\u00e9parateur Physique\" \/>\n<meta property=\"og:description\" content=\"La Licence STAPS entra\u00eenement sportif permet de devenir entra\u00eeneur ou pr\u00e9parateur physique. Coach Hunter vous accompagne vers la r\u00e9ussite de votre dipl\u00f4me.\" \/>\n<meta property=\"og:url\" content=\"https:\/\/www.coach-hunter.com\/content\/licence-staps-entrainement-sportif\/\" \/>\n<meta property=\"og:site_name\" content=\"Blog Coach Hunter\" \/>\n<meta property=\"article:modified_time\" content=\"2020-10-05T13:43:32+00:00\" \/>\n<meta property=\"og:image\" content=\"https:\/\/www.coach-hunter.com\/content\/wp-content\/uploads\/2020\/08\/Optimized-D58WHzgWwAAdEEi.jpg\" \/>\n\t<meta property=\"og:image:width\" content=\"1024\" \/>\n\t<meta property=\"og:image:height\" content=\"683\" \/>\n\t<meta property=\"og:image:type\" content=\"image\/jpeg\" \/>\n<meta name=\"twitter:card\" content=\"summary_large_image\" \/>\n<meta name=\"twitter:label1\" content=\"Dur\u00e9e de lecture estim\u00e9e\" \/>\n\t<meta name=\"twitter:data1\" content=\"7 minutes\" \/>\n<script type=\"application\/ld+json\" class=\"yoast-schema-graph\">{\"@context\":\"https:\\\/\\\/schema.org\",\"@graph\":[{\"@type\":\"WebPage\",\"@id\":\"https:\\\/\\\/www.coach-hunter.com\\\/content\\\/licence-staps-entrainement-sportif\\\/\",\"url\":\"https:\\\/\\\/www.coach-hunter.com\\\/content\\\/licence-staps-entrainement-sportif\\\/\",\"name\":\"Licence STAPS entra\u00eenement sportif pour devenir Pr\u00e9parateur Physique\",\"isPartOf\":{\"@id\":\"https:\\\/\\\/www.coach-hunter.com\\\/content\\\/#website\"},\"primaryImageOfPage\":{\"@id\":\"https:\\\/\\\/www.coach-hunter.com\\\/content\\\/licence-staps-entrainement-sportif\\\/#primaryimage\"},\"image\":{\"@id\":\"https:\\\/\\\/www.coach-hunter.com\\\/content\\\/licence-staps-entrainement-sportif\\\/#primaryimage\"},\"thumbnailUrl\":\"https:\\\/\\\/www.coach-hunter.com\\\/content\\\/wp-content\\\/uploads\\\/2020\\\/08\\\/Optimized-D58WHzgWwAAdEEi.jpg\",\"datePublished\":\"2020-09-29T11:55:22+00:00\",\"dateModified\":\"2020-10-05T13:43:32+00:00\",\"description\":\"La Licence STAPS entra\u00eenement sportif permet de devenir entra\u00eeneur ou pr\u00e9parateur physique. Coach Hunter vous accompagne vers la r\u00e9ussite de votre dipl\u00f4me.\",\"breadcrumb\":{\"@id\":\"https:\\\/\\\/www.coach-hunter.com\\\/content\\\/licence-staps-entrainement-sportif\\\/#breadcrumb\"},\"inLanguage\":\"fr-FR\",\"potentialAction\":[{\"@type\":\"ReadAction\",\"target\":[\"https:\\\/\\\/www.coach-hunter.com\\\/content\\\/licence-staps-entrainement-sportif\\\/\"]}]},{\"@type\":\"ImageObject\",\"inLanguage\":\"fr-FR\",\"@id\":\"https:\\\/\\\/www.coach-hunter.com\\\/content\\\/licence-staps-entrainement-sportif\\\/#primaryimage\",\"url\":\"https:\\\/\\\/www.coach-hunter.com\\\/content\\\/wp-content\\\/uploads\\\/2020\\\/08\\\/Optimized-D58WHzgWwAAdEEi.jpg\",\"contentUrl\":\"https:\\\/\\\/www.coach-hunter.com\\\/content\\\/wp-content\\\/uploads\\\/2020\\\/08\\\/Optimized-D58WHzgWwAAdEEi.jpg\",\"width\":1024,\"height\":683},{\"@type\":\"BreadcrumbList\",\"@id\":\"https:\\\/\\\/www.coach-hunter.com\\\/content\\\/licence-staps-entrainement-sportif\\\/#breadcrumb\",\"itemListElement\":[{\"@type\":\"ListItem\",\"position\":1,\"name\":\"Accueil\",\"item\":\"https:\\\/\\\/www.coach-hunter.com\\\/content\\\/\"},{\"@type\":\"ListItem\",\"position\":2,\"name\":\"Licence STAPS entra\u00eenement sportif : Conseils de coach\"}]},{\"@type\":\"WebSite\",\"@id\":\"https:\\\/\\\/www.coach-hunter.com\\\/content\\\/#website\",\"url\":\"https:\\\/\\\/www.coach-hunter.com\\\/content\\\/\",\"name\":\"Blog Coach Hunter\",\"description\":\"\",\"potentialAction\":[{\"@type\":\"SearchAction\",\"target\":{\"@type\":\"EntryPoint\",\"urlTemplate\":\"https:\\\/\\\/www.coach-hunter.com\\\/content\\\/?s={search_term_string}\"},\"query-input\":{\"@type\":\"PropertyValueSpecification\",\"valueRequired\":true,\"valueName\":\"search_term_string\"}}],\"inLanguage\":\"fr-FR\"}]}<\/script>\n<!-- \/ Yoast SEO plugin. -->","yoast_head_json":{"title":"Licence STAPS entra\u00eenement sportif pour devenir Pr\u00e9parateur Physique","description":"La Licence STAPS entra\u00eenement sportif permet de devenir entra\u00eeneur ou pr\u00e9parateur physique. Coach Hunter vous accompagne vers la r\u00e9ussite de votre dipl\u00f4me.","robots":{"index":"index","follow":"follow","max-snippet":"max-snippet:-1","max-image-preview":"max-image-preview:large","max-video-preview":"max-video-preview:-1"},"canonical":"https:\/\/www.coach-hunter.com\/content\/licence-staps-entrainement-sportif\/","og_locale":"fr_FR","og_type":"article","og_title":"Licence STAPS entra\u00eenement sportif pour devenir Pr\u00e9parateur Physique","og_description":"La Licence STAPS entra\u00eenement sportif permet de devenir entra\u00eeneur ou pr\u00e9parateur physique. Coach Hunter vous accompagne vers la r\u00e9ussite de votre dipl\u00f4me.","og_url":"https:\/\/www.coach-hunter.com\/content\/licence-staps-entrainement-sportif\/","og_site_name":"Blog Coach Hunter","article_modified_time":"2020-10-05T13:43:32+00:00","og_image":[{"width":1024,"height":683,"url":"https:\/\/www.coach-hunter.com\/content\/wp-content\/uploads\/2020\/08\/Optimized-D58WHzgWwAAdEEi.jpg","type":"image\/jpeg"}],"twitter_card":"summary_large_image","twitter_misc":{"Dur\u00e9e de lecture estim\u00e9e":"7 minutes"},"schema":{"@context":"https:\/\/schema.org","@graph":[{"@type":"WebPage","@id":"https:\/\/www.coach-hunter.com\/content\/licence-staps-entrainement-sportif\/","url":"https:\/\/www.coach-hunter.com\/content\/licence-staps-entrainement-sportif\/","name":"Licence STAPS entra\u00eenement sportif pour devenir Pr\u00e9parateur Physique","isPartOf":{"@id":"https:\/\/www.coach-hunter.com\/content\/#website"},"primaryImageOfPage":{"@id":"https:\/\/www.coach-hunter.com\/content\/licence-staps-entrainement-sportif\/#primaryimage"},"image":{"@id":"https:\/\/www.coach-hunter.com\/content\/licence-staps-entrainement-sportif\/#primaryimage"},"thumbnailUrl":"https:\/\/www.coach-hunter.com\/content\/wp-content\/uploads\/2020\/08\/Optimized-D58WHzgWwAAdEEi.jpg","datePublished":"2020-09-29T11:55:22+00:00","dateModified":"2020-10-05T13:43:32+00:00","description":"La Licence STAPS entra\u00eenement sportif permet de devenir entra\u00eeneur ou pr\u00e9parateur physique. Coach Hunter vous accompagne vers la r\u00e9ussite de votre dipl\u00f4me.","breadcrumb":{"@id":"https:\/\/www.coach-hunter.com\/content\/licence-staps-entrainement-sportif\/#breadcrumb"},"inLanguage":"fr-FR","potentialAction":[{"@type":"ReadAction","target":["https:\/\/www.coach-hunter.com\/content\/licence-staps-entrainement-sportif\/"]}]},{"@type":"ImageObject","inLanguage":"fr-FR","@id":"https:\/\/www.coach-hunter.com\/content\/licence-staps-entrainement-sportif\/#primaryimage","url":"https:\/\/www.coach-hunter.com\/content\/wp-content\/uploads\/2020\/08\/Optimized-D58WHzgWwAAdEEi.jpg","contentUrl":"https:\/\/www.coach-hunter.com\/content\/wp-content\/uploads\/2020\/08\/Optimized-D58WHzgWwAAdEEi.jpg","width":1024,"height":683},{"@type":"BreadcrumbList","@id":"https:\/\/www.coach-hunter.com\/content\/licence-staps-entrainement-sportif\/#breadcrumb","itemListElement":[{"@type":"ListItem","position":1,"name":"Accueil","item":"https:\/\/www.coach-hunter.com\/content\/"},{"@type":"ListItem","position":2,"name":"Licence STAPS entra\u00eenement sportif : Conseils de coach"}]},{"@type":"WebSite","@id":"https:\/\/www.coach-hunter.com\/content\/#website","url":"https:\/\/www.coach-hunter.com\/content\/","name":"Blog Coach Hunter","description":"","potentialAction":[{"@type":"SearchAction","target":{"@type":"EntryPoint","urlTemplate":"https:\/\/www.coach-hunter.com\/content\/?s={search_term_string}"},"query-input":{"@type":"PropertyValueSpecification","valueRequired":true,"valueName":"search_term_string"}}],"inLanguage":"fr-FR"}]}},"_links":{"self":[{"href":"https:\/\/www.coach-hunter.com\/content\/wp-json\/wp\/v2\/pages\/578","targetHints":{"allow":["GET"]}}],"collection":[{"href":"https:\/\/www.coach-hunter.com\/content\/wp-json\/wp\/v2\/pages"}],"about":[{"href":"https:\/\/www.coach-hunter.com\/content\/wp-json\/wp\/v2\/types\/page"}],"author":[{"embeddable":true,"href":"https:\/\/www.coach-hunter.com\/content\/wp-json\/wp\/v2\/users\/6"}],"replies":[{"embeddable":true,"href":"https:\/\/www.coach-hunter.com\/content\/wp-json\/wp\/v2\/comments?post=578"}],"version-history":[{"count":5,"href":"https:\/\/www.coach-hunter.com\/content\/wp-json\/wp\/v2\/pages\/578\/revisions"}],"predecessor-version":[{"id":1774,"href":"https:\/\/www.coach-hunter.com\/content\/wp-json\/wp\/v2\/pages\/578\/revisions\/1774"}],"wp:attachment":[{"href":"https:\/\/www.coach-hunter.com\/content\/wp-json\/wp\/v2\/media?parent=578"}],"curies":[{"name":"wp","href":"https:\/\/api.w.org\/{rel}","templated":true}]}}