{"id":574,"date":"2020-09-25T12:09:07","date_gmt":"2020-09-25T12:09:07","guid":{"rendered":"https:\/\/www.coach-hunter.com\/content\/?page_id=574"},"modified":"2020-10-05T13:43:24","modified_gmt":"2020-10-05T13:43:24","slug":"licence-staps-activite-physique-adaptee","status":"publish","type":"page","link":"https:\/\/www.coach-hunter.com\/content\/licence-staps-activite-physique-adaptee\/","title":{"rendered":"Licence STAPS activit\u00e9 physique adapt\u00e9e : Conseils d&rsquo;expert"},"content":{"rendered":"\n<p>La <strong>Licence STAPS Activit\u00e9 Physique Adapt\u00e9e<\/strong> permet d\u2019acc\u00e9der au m\u00e9tier d\u2019enseignant en activit\u00e9 physique adapt\u00e9e. L\u2019enjeu de cette <a class=\"callAction\" href=\"https:\/\/www.coach-hunter.com\/content\/licence-staps\/\">Licence Staps<\/a> est de vous transmettre tous les savoirs et l\u2019exp\u00e9rience n\u00e9cessaires afin de participer \u00e0 la conception, la conduite et l\u2019\u00e9valuation de divers programmes aupr\u00e8s d\u2019un public \u00e0 besoin particulier. Ce secteur en pleine croissance, riche en \u00e9change et en \u00e9motion se pr\u00e9pare au sein d\u2019une <strong>formation STAPS<\/strong>. <strong>Coach Hunter<\/strong> vous accompagne afin de r\u00e9ussir votre <strong>Licence 3 APA-S<\/strong> avec brio.&nbsp;<\/p>\n\n\n\n<div class='flexo'><div class=\"lames2\">\n\n\n\n<h2 class=\"wp-block-heading\"><strong>Devenez enseignant APA avec la Licence STAPS Activit\u00e9 Physique Adapt\u00e9e<\/strong><\/h2>\n\n\n\n<div class=\"wp-block-image\"><figure class=\"aligncenter size-large\"><img loading=\"lazy\" decoding=\"async\" width=\"1024\" height=\"490\" src=\"https:\/\/www.coach-hunter.com\/content\/wp-content\/uploads\/2020\/08\/Optimized-155077-1024x490.jpg\" alt=\"Licence STAPS activit\u00e9 physique adapt\u00e9e\" class=\"wp-image-1250\" srcset=\"https:\/\/www.coach-hunter.com\/content\/wp-content\/uploads\/2020\/08\/Optimized-155077-1024x490.jpg 1024w, https:\/\/www.coach-hunter.com\/content\/wp-content\/uploads\/2020\/08\/Optimized-155077-300x144.jpg 300w, https:\/\/www.coach-hunter.com\/content\/wp-content\/uploads\/2020\/08\/Optimized-155077-768x367.jpg 768w, https:\/\/www.coach-hunter.com\/content\/wp-content\/uploads\/2020\/08\/Optimized-155077.jpg 1200w\" sizes=\"auto, (max-width: 709px) 85vw, (max-width: 909px) 67vw, (max-width: 1362px) 62vw, 840px\" \/><\/figure><\/div>\n\n\n\n<p>Si vous souhaitez vous rendre utile aux autres en liant votre passion pour le sport, cette Licence STAPS Activit\u00e9 Physique Adapt\u00e9e est ainsi faite pour vous. L\u2019enjeu est d\u2019acc\u00e9der au m\u00e9tier d\u2019<strong>enseignant en activit\u00e9 physique adapt\u00e9<\/strong> (APA) en milieu sp\u00e9cialis\u00e9, maison de retraite ou encore p\u00f4le sport sant\u00e9.&nbsp;<\/p>\n\n\n\n<p>Pour devenir enseignant APA, vous devrez ainsi valider votre Licence 3 APA-S, d\u2019une dur\u00e9e de 3ans, au sein d\u2019une UFR STAPS (sciences et techniques des activit\u00e9s physiques et sportives).<\/p>\n\n\n\n<p>Au sein de votre m\u00e9tier, trois grands axes se d\u00e9gagent&nbsp;:&nbsp;<\/p>\n\n\n\n<ul class=\"wp-block-list\"><li><strong>La pr\u00e9vention<\/strong><\/li><li><strong>La r\u00e9adaptation<\/strong><\/li><li><strong>L\u2019int\u00e9gration par l\u2019activit\u00e9 physique<\/strong><\/li><\/ul>\n\n\n\n<p>En effet, vous aurez \u00e0 charge, en autonomie ou en \u00e9quipe de viser une pr\u00e9vention, une r\u00e9\u00e9ducation, une r\u00e9adaptation ou bien une r\u00e9insertion sociale via une pratique physique adapt\u00e9e. Parmi les individus, il s\u2019agit g\u00e9n\u00e9ralement de publics s\u00e9niors ou toutes personnes souffrant d\u2019affections de longue dur\u00e9e (ALD). Il peut s\u2019agir d\u2019AVC invalidant, de cancer, d&rsquo;insuffisances cardiaques graves ainsi que des situations de handicaps physiques ou mentales.&nbsp;<\/p>\n\n\n\n<p>Ces individus ne peuvent donc pas pratiquer de sport ou d\u2019activit\u00e9 physique dans leur forme brute. De fait, le r\u00f4le des enseignants APA est d\u2019adapter la pratique aux possibilit\u00e9s motrices et mentales du public dont vous avez la charge.&nbsp;<\/p>\n\n\n\n<\/div><div class=\"lames2\">\n\n\n\n<h2 class=\"wp-block-heading\"><strong>Pr\u00e9sentation de la&nbsp;<\/strong><strong>Licence STAPS Activit\u00e9 Physique Adapt\u00e9e et Sant\u00e9<\/strong><\/h2>\n\n\n\n<p>La <strong>Licence STAPS APA<\/strong> se pr\u00e9pare en 3 ans. Afin de d\u00e9crocher votre L3, vous devrez acqu\u00e9rir 180 ECTS. Comme tout cursus universitaire, vous devrez \u00eatre titulaire du baccalaur\u00e9at ou dipl\u00f4me \u00e9quivalent. Un profil scientifique est appr\u00e9ci\u00e9 pour r\u00e9ussir en STAPS. <\/p>\n\n\n\n<p>Les candidatures se font essentiellement sur Parcoursup pour les bacheliers et directement au sein de l\u2019universit\u00e9 pour les autres candidats.&nbsp;<\/p>\n\n\n\n<p>Absolument toutes les informations sur la Licence STAPS Activit\u00e9 Physique Adapt\u00e9e et Sant\u00e9 sont \u00e0 retrouver sur la&nbsp;<a href=\"https:\/\/www.francecompetences.fr\/recherche\/rncp\/24540\/\" target=\"_blank\" rel=\"noreferrer noopener\">fiche RNCP24540.<\/a><\/p>\n\n\n\n<p>Le parcours de formation se veut de plus en plus sp\u00e9cialis\u00e9 au fil des 3 ans. En 1<sup>\u00e8re<\/sup>&nbsp;ann\u00e9e STAPS, vous aurez un enseignement g\u00e9n\u00e9ral. Par cons\u00e9quent, ceci vous permettra de faire un choix \u00e9clair\u00e9 pour votre orientation professionnelle&nbsp;: enseignant d\u2019EPS, enseignant APA, pr\u00e9parateur physique, management du sport, ergonomie du sport. En 3<sup>\u00e8me<\/sup>&nbsp;ann\u00e9e de licence, vous rentrez au c\u0153ur de votre probl\u00e9matique.&nbsp;<\/p>\n\n\n\n<p>Parmi les <strong>mati\u00e8res enseign\u00e9es en L3 APA-S<\/strong>, vous retrouverez&nbsp;:&nbsp;<\/p>\n\n\n\n<ul class=\"wp-block-list\"><li>Sociologie du Handicap et de la Sant\u00e9<\/li><li>Psychologie du Handicap<\/li><li>Maladies chroniques<\/li><li>Maladies et troubles mentaux<\/li><li>D\u00e9ficiences physiques et vieillissement<\/li><li>Biom\u00e9canique en APA<\/li><li>Physiologie de l\u2019exercice en APA<br>\u00c9ducation th\u00e9rapeutique<\/li><li>Anglais<\/li><li>APSA&nbsp;: natation, judo, escalade, activit\u00e9s athl\u00e9tiques, basket, etc.&nbsp;<\/li><li>Stage en milieux professionnels.&nbsp;<\/li><\/ul>\n\n\n\n<p>Ces semaines de stage d\u2019une dur\u00e9e totale de 160h minimum sont d\u2019une importance capitale. En effet, outre une possibilit\u00e9 d\u2019embauche imm\u00e9diate, l\u2019enjeu est d\u2019acqu\u00e9rir de l\u2019exp\u00e9rience dans ce secteur professionnel. En identifiant avec pr\u00e9cision les attentes ainsi que les besoins des structures sp\u00e9cialis\u00e9es, vous pourrez vous faire une id\u00e9e plus pr\u00e9cise de vos motivations lors de votre future recherche d\u2019employeur.&nbsp;<\/p>\n\n\n\n<\/div><div class=\"lames2\">\n\n\n\n<h2 class=\"wp-block-heading\"><strong>A quoi s\u2019attendre en formation STAPS&nbsp;?&nbsp;<\/strong><\/h2>\n\n\n\n<p>La formation STAPS est exigeante. L\u2019\u00e9tudiant doit jongler entre des pratiques sportives et th\u00e9oriques. Une bonne <strong>hygi\u00e8ne de vie<\/strong>, du s\u00e9rieux et de l\u2019organisation sont indispensables pour r\u00e9ussir en STAPS.&nbsp;<\/p>\n\n\n\n<p>En L1, les enseignements seront communs aux diff\u00e9rentes sp\u00e9cialit\u00e9s STAPS \u00e0 savoir APA-S, \u00e9ducation motricit\u00e9, ergonomie du sport et management.&nbsp;<\/p>\n\n\n\n<p>En 2\u00e8me ann\u00e9e, on vous demandera de choisir des options en rapport avec votre future orientation. De fait, vous commencez progressivement \u00e0 vous orienter vers APA. Ces options ne sont pas r\u00e9dhibitoires. <\/p>\n\n\n\n<p>De fait, un \u00e9tudiant ayant choisi des options \u00ab&nbsp;\u00e9ducation motricit\u00e9&nbsp;\u00bb pour devenir <strong>enseignant d\u2019EPS<\/strong> pourra basculer en L3 APA. Au m\u00eame titre, vous pourrez basculer vers un enseignement plus professionnel comme le licence professionnelle sant\u00e9 vieillissement et activit\u00e9s physiques adapt\u00e9es.<\/p>\n\n\n\n<p>En L3, vous vous sp\u00e9cialisez pour ins\u00e9rer le march\u00e9 de l\u2019emploi ou poursuivre vos \u00e9tudes en Master.&nbsp;<\/p>\n\n\n\n<p>En STAPS, ne pensez pas faire du sport tous les jours, loin de l\u00e0. Les activit\u00e9s physiques et sportives sont minoritaires puis serviront de support pour faire acqu\u00e9rir des comp\u00e9tences aux personnes dont vous aurez la charge. La majorit\u00e9 des cours se d\u00e9rouleront en amphith\u00e9\u00e2tre ou en salle de cours par petits groupes.&nbsp;<\/p>\n\n\n\n<\/div><div class=\"lames2\">\n\n\n\n<h2 class=\"wp-block-heading\"><strong>Perspectives, poursuites d\u2019\u00e9tudes et d\u00e9bouch\u00e9s<\/strong><\/h2>\n\n\n\n<div class=\"wp-block-image\"><figure class=\"aligncenter size-large\"><img loading=\"lazy\" decoding=\"async\" width=\"1024\" height=\"550\" src=\"https:\/\/www.coach-hunter.com\/content\/wp-content\/uploads\/2020\/08\/Optimized-bijzondere-mensen-001-1024x550.jpg\" alt=\"Licence STAPS activit\u00e9 physique adapt\u00e9e\" class=\"wp-image-1252\" srcset=\"https:\/\/www.coach-hunter.com\/content\/wp-content\/uploads\/2020\/08\/Optimized-bijzondere-mensen-001-1024x550.jpg 1024w, https:\/\/www.coach-hunter.com\/content\/wp-content\/uploads\/2020\/08\/Optimized-bijzondere-mensen-001-300x161.jpg 300w, https:\/\/www.coach-hunter.com\/content\/wp-content\/uploads\/2020\/08\/Optimized-bijzondere-mensen-001-768x412.jpg 768w, https:\/\/www.coach-hunter.com\/content\/wp-content\/uploads\/2020\/08\/Optimized-bijzondere-mensen-001.jpg 1200w\" sizes=\"auto, (max-width: 709px) 85vw, (max-width: 909px) 67vw, (max-width: 1362px) 62vw, 840px\" \/><\/figure><\/div>\n\n\n\n<p>Le taux de r\u00e9ussite en Licence STAPS Activit\u00e9 Physique Adapt\u00e9e et Sant\u00e9 oscille autour de 85%. Vous devrez obtenir une moyenne de 10 sur 20 pour r\u00e9ussir. Dipl\u00f4me en poche, les offres de recrutement ne manquent pas. En effet, vous pouvez intervenir dans le secteur&nbsp;:&nbsp;<\/p>\n\n\n\n<p>M\u00e9dico social&nbsp;: Institut m\u00e9dico-\u00e9ducatif (IME), p\u00e9dagogique (IMP), maison d\u2019accueil sp\u00e9cialis\u00e9e (MAS) ou maison d\u2019enfants \u00e0 caract\u00e8re social (MECS).&nbsp;<\/p>\n\n\n\n<p>Sanitaire priv\u00e9 et public&nbsp;: H\u00f4pital au sein d\u2019un service psychiatrique, oncologique ou en r\u00e9adaptation fonctionnelle. Centre de thermalisme.&nbsp;<\/p>\n\n\n\n<p>Associatif&nbsp;: Tous les \u00e9tablissements sportifs, de loisir, et de pr\u00e9vention.&nbsp;<\/p>\n\n\n\n<p>De la justice et de la d\u00e9saffiliation&nbsp;: \u00e9tablissements p\u00e9nitentiaires.<\/p>\n\n\n\n<p>Concr\u00e8tement, vous pourrez postuler \u00e0 un emploi de&nbsp;:&nbsp;<\/p>\n\n\n\n<ul class=\"wp-block-list\"><li><strong>Coordonnateur de programmes d\u2019int\u00e9gration par l\u2019APA<\/strong><\/li><li><strong>Professeur en APA en milieu sp\u00e9cialis\u00e9<\/strong><\/li><li><strong>Entra\u00eeneur en APA<\/strong><\/li><li><strong>Cadre formateur en APA, en AP et Parcours Sant\u00e9<\/strong><\/li><li><strong>\u00c9ducateurs sp\u00e9cialis\u00e9s en APA<\/strong><\/li><li><strong>Coach Sportif<\/strong><\/li><\/ul>\n\n\n\n<p>Vous constaterez donc que selon vos affinit\u00e9s, vous pourrez intervenir aupr\u00e8s d\u2019enfants, d\u2019adolescents, d\u2019adultes ou de s\u00e9niors aux profils tr\u00e8s divers. Il peut s\u2019agir d\u2019accidents, de maladies, de troubles moteurs ou psychologiques.&nbsp;<\/p>\n\n\n\n<p>Cette entr\u00e9e dans le m\u00e9tier concerne la moiti\u00e9 des \u00e9tudiants. Les autres poursuivent leurs \u00e9tudes en Master Activit\u00e9s physiques adapt\u00e9es et sant\u00e9. Quelques \u00e9tudiants se r\u00e9orientent en STAPS, dans un autre domaine ou s\u2019inscrivent \u00e0 des concours de la fonction publique.&nbsp;<\/p>\n\n\n\n<\/div><div class=\"lames2\">\n\n\n\n<h2 class=\"wp-block-heading\"><strong>Coach Hunter \u00e0 vos c\u00f4t\u00e9s pour r\u00e9ussir votre Licence APAS<\/strong><\/h2>\n\n\n\n<div class=\"wp-block-image\"><figure class=\"aligncenter size-large\"><img loading=\"lazy\" decoding=\"async\" width=\"1024\" height=\"768\" src=\"https:\/\/www.coach-hunter.com\/content\/wp-content\/uploads\/2020\/08\/Optimized-APA-seniors.jpg\" alt=\"Licence STAPS activit\u00e9 physique adapt\u00e9e :  coach\" class=\"wp-image-1251\" srcset=\"https:\/\/www.coach-hunter.com\/content\/wp-content\/uploads\/2020\/08\/Optimized-APA-seniors.jpg 1024w, https:\/\/www.coach-hunter.com\/content\/wp-content\/uploads\/2020\/08\/Optimized-APA-seniors-300x225.jpg 300w, https:\/\/www.coach-hunter.com\/content\/wp-content\/uploads\/2020\/08\/Optimized-APA-seniors-768x576.jpg 768w\" sizes=\"auto, (max-width: 709px) 85vw, (max-width: 909px) 67vw, (max-width: 1362px) 62vw, 840px\" \/><\/figure><\/div>\n\n\n\n<p>Rien de mieux que de profiter de l\u2019exp\u00e9rience d\u2019autrui pour r\u00e9ussir. C\u2019est exactement ce que vous propose Coach Hunter.&nbsp;<\/p>\n\n\n\n<p><a class=\"callAction\" href=\"https:\/\/www.coach-hunter.com\/profil\/23385\">Marion, Coach Sportive \u00e0 Marseille<\/a>&nbsp;est titulaire d\u2019une Licence et Master APA. Fort de son exp\u00e9rience, elle est intervenue aupr\u00e8s de malades divers&nbsp;: lombalgie, scl\u00e9rose en plaques, cancer, mucoviscidose, anorexie mentale, etc. Aussi \u00e0 l\u2019aise avec des enfants que des s\u00e9niors, elle pourra vous transmettre ses comp\u00e9tences ainsi que de pr\u00e9cieux conseils pour r\u00e9ussir.&nbsp;<\/p>\n\n\n\n<p>Sp\u00e9cialis\u00e9e en gymnastique, circuit training, kick boxing ainsi que nutrition, cette coach sportive est disponible pour vous pr\u00e9parer physiquement \u00e0 r\u00e9ussir votre formation STAPS.<\/p>\n\n\n\n<p>Coach Hunter a donc pour but de vous <strong>mettre en relation avec un coach sportif<\/strong> pr\u00e8s de chez vous correspondant \u00e0 vos attentes. Outre une pr\u00e9paration physique et mentale indispensable pour r\u00e9ussir en STAPS, son exp\u00e9rience vous sera utile pour r\u00e9ussir vos oraux, trouver un stage et en savoir plus sur votre futur m\u00e9tier.&nbsp;<\/p>\n\n\n\n<\/div><\/div>\n\n\n\n<h2 class=\"wp-block-heading\"><strong>Conclusion<\/strong><\/h2>\n\n\n\n<p>En r\u00e9sum\u00e9, La Licence STAPS Activit\u00e9 Physique Adapt\u00e9e vous permet d\u2019intervenir et de coordonner des actions d\u2019<strong>activit\u00e9s physiques adapt\u00e9es et sant\u00e9<\/strong>. De fait, au sein de votre structure, vous participerez \u00e0 la conception de projet, \u00e0 la conception, l\u2019organisation, la conduite et l\u2019\u00e9valuation des programmes d\u2019intervention.&nbsp;<\/p>\n\n\n\n<p>Votre r\u00f4le a donc clairement une incidence sur la vie quotidienne des personnes dont vous aurez la charge. Gr\u00e2ce \u00e0 une activit\u00e9 physique adapt\u00e9e, elles pourront gagner confiance en soi, retrouver une bonne estime de soi, de l\u2019autonomie, du plaisir ou encore de la mobilit\u00e9. Ces comp\u00e9tences leur permettront de mieux vivre avec leur pathologie mais aussi de se r\u00e9ins\u00e9rer socialement.&nbsp;<\/p>\n\n\n\n<p>Enfin, gr\u00e2ce \u00e0 votre formation STAPS, vous pourrez demander votre carte professionnelle d\u2019\u00e9ducateur sportif et ainsi devenir coach sportif au sein du r\u00e9seau Coach Hunter. Fort de sa popularit\u00e9 sur l\u2019ensemble du territoire, Coach Hunter cr\u00e9e du lien afin de trouver exactement le <strong>coach sportif<\/strong> dont vous avez besoin pour se reprendre en main, perdre du poids, gagner du muscle, r\u00e9ussir votre <strong>concours <\/strong>ou votre formation en Licence STAPS Activit\u00e9 Physique Adapt\u00e9e.&nbsp;<\/p>\n\n\n\n<h2 class=\"wp-block-heading\">D&rsquo;autres licences Staps<\/h2>\n\n\n\n<ul class=\"wp-block-list\"><li><a href=\"https:\/\/www.coach-hunter.com\/content\/licence-staps-education-et-motricite\/\">Licence Staps Education et Motricit\u00e9<\/a><\/li><li><a href=\"https:\/\/www.coach-hunter.com\/content\/licence-staps-entrainement-sportif\/\">Licence Staps Entrainement Sportif<\/a><\/li><li>La rubrique\u00a0<a href=\"https:\/\/www.coach-hunter.com\/content\/licence-staps-autre-mention\/\">Licence Staps Autre mention<\/a><\/li><\/ul>\n","protected":false},"excerpt":{"rendered":"<p>La Licence STAPS Activit\u00e9 Physique Adapt\u00e9e permet d\u2019acc\u00e9der au m\u00e9tier d\u2019enseignant en activit\u00e9 physique adapt\u00e9e. L\u2019enjeu de cette Licence Staps est de vous transmettre tous les savoirs et l\u2019exp\u00e9rience n\u00e9cessaires afin de participer \u00e0 la conception, la conduite et l\u2019\u00e9valuation de divers programmes aupr\u00e8s d\u2019un public \u00e0 besoin particulier. Ce secteur en pleine croissance, riche &hellip; <a href=\"https:\/\/www.coach-hunter.com\/content\/licence-staps-activite-physique-adaptee\/\" class=\"more-link\">Continuer la lecture<span class=\"screen-reader-text\"> de &laquo;&nbsp;Licence STAPS activit\u00e9 physique adapt\u00e9e : Conseils d&rsquo;expert&nbsp;&raquo;<\/span><\/a><\/p>\n","protected":false},"author":6,"featured_media":0,"parent":0,"menu_order":0,"comment_status":"closed","ping_status":"closed","template":"","meta":{"footnotes":""},"class_list":["post-574","page","type-page","status-publish","hentry"],"yoast_head":"<!-- This site is optimized with the Yoast SEO plugin v27.5 - https:\/\/yoast.com\/product\/yoast-seo-wordpress\/ -->\n<title>Licence STAPS activit\u00e9 physique adapt\u00e9e : Conseils de coach pour r\u00e9ussir<\/title>\n<meta name=\"description\" content=\"La Licence STAPS activit\u00e9 physique adapt\u00e9e permet de devenir enseignant APA. D\u00e9couvrez tout ce qu&#039;il faut savoir pour bien pr\u00e9parer ses \u00e9tudes STAPS APA-S\" \/>\n<meta name=\"robots\" content=\"index, follow, max-snippet:-1, max-image-preview:large, max-video-preview:-1\" \/>\n<link rel=\"canonical\" href=\"https:\/\/www.coach-hunter.com\/content\/licence-staps-activite-physique-adaptee\/\" \/>\n<meta property=\"og:locale\" content=\"fr_FR\" \/>\n<meta property=\"og:type\" content=\"article\" \/>\n<meta property=\"og:title\" content=\"Licence STAPS activit\u00e9 physique adapt\u00e9e : Conseils de coach pour r\u00e9ussir\" \/>\n<meta property=\"og:description\" content=\"La Licence STAPS activit\u00e9 physique adapt\u00e9e permet de devenir enseignant APA. D\u00e9couvrez tout ce qu&#039;il faut savoir pour bien pr\u00e9parer ses \u00e9tudes STAPS APA-S\" \/>\n<meta property=\"og:url\" content=\"https:\/\/www.coach-hunter.com\/content\/licence-staps-activite-physique-adaptee\/\" \/>\n<meta property=\"og:site_name\" content=\"Blog Coach Hunter\" \/>\n<meta property=\"article:modified_time\" content=\"2020-10-05T13:43:24+00:00\" \/>\n<meta property=\"og:image\" content=\"https:\/\/www.coach-hunter.com\/content\/wp-content\/uploads\/2020\/08\/Optimized-155077.jpg\" \/>\n\t<meta property=\"og:image:width\" content=\"1200\" \/>\n\t<meta property=\"og:image:height\" content=\"574\" \/>\n\t<meta property=\"og:image:type\" content=\"image\/jpeg\" \/>\n<meta name=\"twitter:card\" content=\"summary_large_image\" \/>\n<meta name=\"twitter:label1\" content=\"Dur\u00e9e de lecture estim\u00e9e\" \/>\n\t<meta name=\"twitter:data1\" content=\"8 minutes\" \/>\n<script type=\"application\/ld+json\" class=\"yoast-schema-graph\">{\"@context\":\"https:\\\/\\\/schema.org\",\"@graph\":[{\"@type\":\"WebPage\",\"@id\":\"https:\\\/\\\/www.coach-hunter.com\\\/content\\\/licence-staps-activite-physique-adaptee\\\/\",\"url\":\"https:\\\/\\\/www.coach-hunter.com\\\/content\\\/licence-staps-activite-physique-adaptee\\\/\",\"name\":\"Licence STAPS activit\u00e9 physique adapt\u00e9e : Conseils de coach pour r\u00e9ussir\",\"isPartOf\":{\"@id\":\"https:\\\/\\\/www.coach-hunter.com\\\/content\\\/#website\"},\"primaryImageOfPage\":{\"@id\":\"https:\\\/\\\/www.coach-hunter.com\\\/content\\\/licence-staps-activite-physique-adaptee\\\/#primaryimage\"},\"image\":{\"@id\":\"https:\\\/\\\/www.coach-hunter.com\\\/content\\\/licence-staps-activite-physique-adaptee\\\/#primaryimage\"},\"thumbnailUrl\":\"https:\\\/\\\/www.coach-hunter.com\\\/content\\\/wp-content\\\/uploads\\\/2020\\\/08\\\/Optimized-155077-1024x490.jpg\",\"datePublished\":\"2020-09-25T12:09:07+00:00\",\"dateModified\":\"2020-10-05T13:43:24+00:00\",\"description\":\"La Licence STAPS activit\u00e9 physique adapt\u00e9e permet de devenir enseignant APA. D\u00e9couvrez tout ce qu'il faut savoir pour bien pr\u00e9parer ses \u00e9tudes STAPS APA-S\",\"breadcrumb\":{\"@id\":\"https:\\\/\\\/www.coach-hunter.com\\\/content\\\/licence-staps-activite-physique-adaptee\\\/#breadcrumb\"},\"inLanguage\":\"fr-FR\",\"potentialAction\":[{\"@type\":\"ReadAction\",\"target\":[\"https:\\\/\\\/www.coach-hunter.com\\\/content\\\/licence-staps-activite-physique-adaptee\\\/\"]}]},{\"@type\":\"ImageObject\",\"inLanguage\":\"fr-FR\",\"@id\":\"https:\\\/\\\/www.coach-hunter.com\\\/content\\\/licence-staps-activite-physique-adaptee\\\/#primaryimage\",\"url\":\"https:\\\/\\\/www.coach-hunter.com\\\/content\\\/wp-content\\\/uploads\\\/2020\\\/08\\\/Optimized-155077.jpg\",\"contentUrl\":\"https:\\\/\\\/www.coach-hunter.com\\\/content\\\/wp-content\\\/uploads\\\/2020\\\/08\\\/Optimized-155077.jpg\",\"width\":1200,\"height\":574},{\"@type\":\"BreadcrumbList\",\"@id\":\"https:\\\/\\\/www.coach-hunter.com\\\/content\\\/licence-staps-activite-physique-adaptee\\\/#breadcrumb\",\"itemListElement\":[{\"@type\":\"ListItem\",\"position\":1,\"name\":\"Accueil\",\"item\":\"https:\\\/\\\/www.coach-hunter.com\\\/content\\\/\"},{\"@type\":\"ListItem\",\"position\":2,\"name\":\"Licence STAPS activit\u00e9 physique adapt\u00e9e : Conseils d&rsquo;expert\"}]},{\"@type\":\"WebSite\",\"@id\":\"https:\\\/\\\/www.coach-hunter.com\\\/content\\\/#website\",\"url\":\"https:\\\/\\\/www.coach-hunter.com\\\/content\\\/\",\"name\":\"Blog Coach Hunter\",\"description\":\"\",\"potentialAction\":[{\"@type\":\"SearchAction\",\"target\":{\"@type\":\"EntryPoint\",\"urlTemplate\":\"https:\\\/\\\/www.coach-hunter.com\\\/content\\\/?s={search_term_string}\"},\"query-input\":{\"@type\":\"PropertyValueSpecification\",\"valueRequired\":true,\"valueName\":\"search_term_string\"}}],\"inLanguage\":\"fr-FR\"}]}<\/script>\n<!-- \/ Yoast SEO plugin. -->","yoast_head_json":{"title":"Licence STAPS activit\u00e9 physique adapt\u00e9e : Conseils de coach pour r\u00e9ussir","description":"La Licence STAPS activit\u00e9 physique adapt\u00e9e permet de devenir enseignant APA. D\u00e9couvrez tout ce qu'il faut savoir pour bien pr\u00e9parer ses \u00e9tudes STAPS APA-S","robots":{"index":"index","follow":"follow","max-snippet":"max-snippet:-1","max-image-preview":"max-image-preview:large","max-video-preview":"max-video-preview:-1"},"canonical":"https:\/\/www.coach-hunter.com\/content\/licence-staps-activite-physique-adaptee\/","og_locale":"fr_FR","og_type":"article","og_title":"Licence STAPS activit\u00e9 physique adapt\u00e9e : Conseils de coach pour r\u00e9ussir","og_description":"La Licence STAPS activit\u00e9 physique adapt\u00e9e permet de devenir enseignant APA. D\u00e9couvrez tout ce qu'il faut savoir pour bien pr\u00e9parer ses \u00e9tudes STAPS APA-S","og_url":"https:\/\/www.coach-hunter.com\/content\/licence-staps-activite-physique-adaptee\/","og_site_name":"Blog Coach Hunter","article_modified_time":"2020-10-05T13:43:24+00:00","og_image":[{"width":1200,"height":574,"url":"https:\/\/www.coach-hunter.com\/content\/wp-content\/uploads\/2020\/08\/Optimized-155077.jpg","type":"image\/jpeg"}],"twitter_card":"summary_large_image","twitter_misc":{"Dur\u00e9e de lecture estim\u00e9e":"8 minutes"},"schema":{"@context":"https:\/\/schema.org","@graph":[{"@type":"WebPage","@id":"https:\/\/www.coach-hunter.com\/content\/licence-staps-activite-physique-adaptee\/","url":"https:\/\/www.coach-hunter.com\/content\/licence-staps-activite-physique-adaptee\/","name":"Licence STAPS activit\u00e9 physique adapt\u00e9e : Conseils de coach pour r\u00e9ussir","isPartOf":{"@id":"https:\/\/www.coach-hunter.com\/content\/#website"},"primaryImageOfPage":{"@id":"https:\/\/www.coach-hunter.com\/content\/licence-staps-activite-physique-adaptee\/#primaryimage"},"image":{"@id":"https:\/\/www.coach-hunter.com\/content\/licence-staps-activite-physique-adaptee\/#primaryimage"},"thumbnailUrl":"https:\/\/www.coach-hunter.com\/content\/wp-content\/uploads\/2020\/08\/Optimized-155077-1024x490.jpg","datePublished":"2020-09-25T12:09:07+00:00","dateModified":"2020-10-05T13:43:24+00:00","description":"La Licence STAPS activit\u00e9 physique adapt\u00e9e permet de devenir enseignant APA. D\u00e9couvrez tout ce qu'il faut savoir pour bien pr\u00e9parer ses \u00e9tudes STAPS APA-S","breadcrumb":{"@id":"https:\/\/www.coach-hunter.com\/content\/licence-staps-activite-physique-adaptee\/#breadcrumb"},"inLanguage":"fr-FR","potentialAction":[{"@type":"ReadAction","target":["https:\/\/www.coach-hunter.com\/content\/licence-staps-activite-physique-adaptee\/"]}]},{"@type":"ImageObject","inLanguage":"fr-FR","@id":"https:\/\/www.coach-hunter.com\/content\/licence-staps-activite-physique-adaptee\/#primaryimage","url":"https:\/\/www.coach-hunter.com\/content\/wp-content\/uploads\/2020\/08\/Optimized-155077.jpg","contentUrl":"https:\/\/www.coach-hunter.com\/content\/wp-content\/uploads\/2020\/08\/Optimized-155077.jpg","width":1200,"height":574},{"@type":"BreadcrumbList","@id":"https:\/\/www.coach-hunter.com\/content\/licence-staps-activite-physique-adaptee\/#breadcrumb","itemListElement":[{"@type":"ListItem","position":1,"name":"Accueil","item":"https:\/\/www.coach-hunter.com\/content\/"},{"@type":"ListItem","position":2,"name":"Licence STAPS activit\u00e9 physique adapt\u00e9e : Conseils d&rsquo;expert"}]},{"@type":"WebSite","@id":"https:\/\/www.coach-hunter.com\/content\/#website","url":"https:\/\/www.coach-hunter.com\/content\/","name":"Blog Coach Hunter","description":"","potentialAction":[{"@type":"SearchAction","target":{"@type":"EntryPoint","urlTemplate":"https:\/\/www.coach-hunter.com\/content\/?s={search_term_string}"},"query-input":{"@type":"PropertyValueSpecification","valueRequired":true,"valueName":"search_term_string"}}],"inLanguage":"fr-FR"}]}},"_links":{"self":[{"href":"https:\/\/www.coach-hunter.com\/content\/wp-json\/wp\/v2\/pages\/574","targetHints":{"allow":["GET"]}}],"collection":[{"href":"https:\/\/www.coach-hunter.com\/content\/wp-json\/wp\/v2\/pages"}],"about":[{"href":"https:\/\/www.coach-hunter.com\/content\/wp-json\/wp\/v2\/types\/page"}],"author":[{"embeddable":true,"href":"https:\/\/www.coach-hunter.com\/content\/wp-json\/wp\/v2\/users\/6"}],"replies":[{"embeddable":true,"href":"https:\/\/www.coach-hunter.com\/content\/wp-json\/wp\/v2\/comments?post=574"}],"version-history":[{"count":8,"href":"https:\/\/www.coach-hunter.com\/content\/wp-json\/wp\/v2\/pages\/574\/revisions"}],"predecessor-version":[{"id":1773,"href":"https:\/\/www.coach-hunter.com\/content\/wp-json\/wp\/v2\/pages\/574\/revisions\/1773"}],"wp:attachment":[{"href":"https:\/\/www.coach-hunter.com\/content\/wp-json\/wp\/v2\/media?parent=574"}],"curies":[{"name":"wp","href":"https:\/\/api.w.org\/{rel}","templated":true}]}}