{"id":572,"date":"2020-09-22T11:47:21","date_gmt":"2020-09-22T11:47:21","guid":{"rendered":"https:\/\/www.coach-hunter.com\/content\/?page_id=572"},"modified":"2020-10-02T12:37:34","modified_gmt":"2020-10-02T12:37:34","slug":"deust-metiers-de-la-forme","status":"publish","type":"page","link":"https:\/\/www.coach-hunter.com\/content\/deust-metiers-de-la-forme\/","title":{"rendered":"DEUST m\u00e9tiers de la forme : nos conseils pour r\u00e9ussir"},"content":{"rendered":"\n<p>Les dipl\u00f4mes <a class=\"callAction\" href=\"https:\/\/www.coach-hunter.com\/content\/deust-staps\/\">DEUST Staps<\/a> permettent d&rsquo;exercer diff\u00e9rents m\u00e9tiers selon la mention choisie. Le <strong>DEUST M\u00e9tiers de la forme<\/strong> a pour volont\u00e9 de r\u00e9pondre \u00e0 la forte demande en mati\u00e8re de fitness et musculation. Qu\u2019il s\u2019agisse du nombre de pratiquants ou du nombre de <strong>salles de fitness<\/strong>, le secteur est en pleine <strong>expansion<\/strong>. Dans notre soci\u00e9t\u00e9, le <strong>culte du corps<\/strong> et de la <strong>remise en forme<\/strong> n\u2019a jamais \u00e9t\u00e9 aussi pr\u00e9sent qu\u2019aujourd\u2019hui. Afin de vous mettre \u00e0 niveau et r\u00e9ussir votre <strong>dipl\u00f4me universitaire<\/strong>, le r\u00e9seau <strong>Coach Hunter<\/strong> dispose de centaines de <strong>coachs sportifs<\/strong> pr\u00e8s de chez vous.&nbsp;<\/p>\n\n\n\n<div class='flexo'><div class=\"lames2\">\n\n\n\n<h2 class=\"wp-block-heading\"><strong>Un dipl\u00f4me universitaire pour devenir coach sportif<\/strong><\/h2>\n\n\n\n<div class=\"wp-block-image\"><figure class=\"aligncenter size-large\"><img loading=\"lazy\" decoding=\"async\" width=\"1024\" height=\"683\" src=\"https:\/\/www.coach-hunter.com\/content\/wp-content\/uploads\/2020\/07\/Optimized-events-photos-6-1024x683.jpg\" alt=\"DEUST m\u00e9tiers de la forme\" class=\"wp-image-1103\" srcset=\"https:\/\/www.coach-hunter.com\/content\/wp-content\/uploads\/2020\/07\/Optimized-events-photos-6-1024x683.jpg 1024w, https:\/\/www.coach-hunter.com\/content\/wp-content\/uploads\/2020\/07\/Optimized-events-photos-6-300x200.jpg 300w, https:\/\/www.coach-hunter.com\/content\/wp-content\/uploads\/2020\/07\/Optimized-events-photos-6-768x512.jpg 768w, https:\/\/www.coach-hunter.com\/content\/wp-content\/uploads\/2020\/07\/Optimized-events-photos-6.jpg 1200w\" sizes=\"auto, (max-width: 709px) 85vw, (max-width: 909px) 67vw, (max-width: 1362px) 62vw, 840px\" \/><\/figure><\/div>\n\n\n\n<p>Le nombre de coachs sportifs ou de salles de sport ne cessent de cro\u00eetre. Or, sur les r\u00e9seaux sociaux ou au sein m\u00eame de votre salle de musculation, les personnes dipl\u00f4m\u00e9es se font rares.&nbsp;<\/p>\n\n\n\n<p>Ceci tant \u00e0 fragiliser l\u2019image et le m\u00e9tier de coach sportif. Afin de tenter de palier \u00e0 cela, certains \u00e9tablissements ont d\u00e9cid\u00e9 d\u2019encadrer cette pratique avec l\u2019obtention du DEUST M\u00e9tiers de la forme. Que ce soit \u00e0 Lyon, Angoul\u00eame, Toulouse, Rennes, Perpignan, Cr\u00e9teil ou Strasbourg, l\u2019enjeu est de former des techniciens des <strong>activit\u00e9s fitness et musculation<\/strong> ainsi que des assistants d\u2019exploitation. <\/p>\n\n\n\n<p>Concr\u00e8tement, \u00e0 l\u2019issue de ce Bac+2, vous serez apte \u00e0 enseigner ainsi que participer \u00e0 l\u2019exploitation d\u2019un centre de remise en forme.<\/p>\n\n\n\n<p>Ce dipl\u00f4me a \u00e9t\u00e9 pens\u00e9 en relation \u00e9troite avec le syndicat national des professionnels de la remise en forme. De fait, les d\u00e9bouch\u00e9s sont multiples puisque la demande est forte actuellement au sein de notre pays.&nbsp;<\/p>\n\n\n\n<p>Les dipl\u00f4m\u00e9s DEUST M\u00e9tiers de la forme interviennent majoritairement dans le <strong>secteur priv\u00e9<\/strong>&nbsp;: clubs de fitness, centres de loisirs, centres de thalassoth\u00e9rapie, secteur associatif. Ils peuvent intervenir en ayant un statut de salari\u00e9 ou d\u2019ind\u00e9pendant en \u00e9tant micro-entrepreneur.&nbsp;<\/p>\n\n\n\n<p>Au sein du secteur publique, le milieu scolaire ou encore le service des sports de votre mairie peuvent avoir recours \u00e0 vos comp\u00e9tences.&nbsp;<\/p>\n\n\n\n<\/div><div class=\"lames2\">\n\n\n\n<h2 class=\"wp-block-heading\"><strong>Contenu de la formation DEUST m\u00e9tiers de la forme<\/strong><\/h2>\n\n\n\n<p>Le DEUST M\u00e9tiers de la forme s\u2019\u00e9tend sur 2ans. Au total, 1200h de <strong>formation <\/strong>ainsi qu\u2019un <strong>stage professionnel<\/strong> de 400h minimum seront \u00e0 effectuer. Ces enveloppes horaires peuvent diff\u00e9rer selon l\u2019\u00e9tablissement. G\u00e9n\u00e9ralement, les universit\u00e9s accueillent un nombre limit\u00e9 de candidats. <\/p>\n\n\n\n<p>L\u2019inscription se fait prioritairement via la plateforme \u00ab&nbsp;<strong>parcoursup&nbsp;<\/strong>\u00bb, \u00e0 l\u2019exception des candidats plus \u00e2g\u00e9s (au-del\u00e0 de 25ans) qui prendront contact directement avec l\u2019<strong>universit\u00e9<\/strong> pour en conna\u00eetre les modalit\u00e9s. Le DEUST m\u00e9tiers de la forme est ouvert en formation initiale, continue et en apprentissage.&nbsp;<\/p>\n\n\n\n<p>Au cours de vos \u00e9tudes universitaires, de grands th\u00e8mes seront abord\u00e9s&nbsp;:&nbsp;<\/p>\n\n\n\n<ul class=\"wp-block-list\"><li>Devenir assistant d\u2019exploitation&nbsp;<\/li><li>Prendre en charge un pratiquant<\/li><li>Analyser le fonctionnement anatomo-physiologique du sportif<\/li><li>Enseigner les m\u00e9thodes et techniques des activit\u00e9s physiques et sportives de mise en forme<\/li><li>Communiquer en situation professionnelle<\/li><li>S\u2019ins\u00e9rer dans la voie professionnelle<\/li><\/ul>\n\n\n\n<p>Concr\u00e8tement, vous \u00e9tudierez&nbsp;le marketing, la comptabilit\u00e9, la l\u00e9gislation, la sociologie, la physiologie, l\u2019anatomie ainsi que la biom\u00e9canique. A ceci se rajoute les cours d\u2019anglais, d\u2019informatique ainsi que les cours th\u00e9oriques de remise en forme pour une mise en application lors de stages professionnels. Ces mati\u00e8res s\u2019inscrivent dans la lign\u00e9e des \u00e9tudes poursuivies en Facult\u00e9 des Sciences du Sport dans le cadre d\u2019une Licence STAPS.&nbsp;<\/p>\n\n\n\n<p>Comme pour bon nombres d\u2019\u00e9tudes universitaires, vous devrez \u00eatre titulaire d\u2019un dipl\u00f4me de niveau IV \u00e0 savoir Baccalaur\u00e9at ou \u00e9quivalent.&nbsp;<\/p>\n\n\n\n<\/div><div class=\"lames2\">\n\n\n\n<h2 class=\"wp-block-heading\"><strong>DEUST ou BPJEPS Activit\u00e9s de la forme&nbsp;?<\/strong><\/h2>\n\n\n\n<div class=\"wp-block-image\"><figure class=\"aligncenter size-large\"><img loading=\"lazy\" decoding=\"async\" width=\"1024\" height=\"684\" src=\"https:\/\/www.coach-hunter.com\/content\/wp-content\/uploads\/2020\/07\/Optimized-shutterstock_417189259-1-scaled-1-1024x684.jpg\" alt=\"DEUST m\u00e9tiers de la forme\" class=\"wp-image-1104\" srcset=\"https:\/\/www.coach-hunter.com\/content\/wp-content\/uploads\/2020\/07\/Optimized-shutterstock_417189259-1-scaled-1-1024x684.jpg 1024w, https:\/\/www.coach-hunter.com\/content\/wp-content\/uploads\/2020\/07\/Optimized-shutterstock_417189259-1-scaled-1-300x200.jpg 300w, https:\/\/www.coach-hunter.com\/content\/wp-content\/uploads\/2020\/07\/Optimized-shutterstock_417189259-1-scaled-1-768x513.jpg 768w, https:\/\/www.coach-hunter.com\/content\/wp-content\/uploads\/2020\/07\/Optimized-shutterstock_417189259-1-scaled-1.jpg 1200w\" sizes=\"auto, (max-width: 709px) 85vw, (max-width: 909px) 67vw, (max-width: 1362px) 62vw, 840px\" \/><\/figure><\/div>\n\n\n\n<p>A premi\u00e8re vue, le DEUST m\u00e9tiers de la forme peut \u00eatre confondu avec le BPJEPS Activit\u00e9s de la forme. Certes la finalit\u00e9 demeure l\u2019encadrement des activit\u00e9s physiques. Or, le DEUST insiste \u00e9galement sur la responsabilit\u00e9 dans la gestion d\u2019une entreprise telle qu\u2019une salle de fitness. De fait, le BPJEPS consacre la moiti\u00e9 de son parcours de formation (600h) aux <strong>stages p\u00e9dagogiques<\/strong> tandis que le DEUST s\u2019orientera vers une entr\u00e9e plus th\u00e9orique, bien que l\u2019immersion en entreprise soit pr\u00e9sente (400h).&nbsp;<\/p>\n\n\n\n<p>Ensuite, ce qui diff\u00e8re entre ces deux formations est la dur\u00e9e, le co\u00fbt ainsi que les crit\u00e8res d\u2019entr\u00e9e en formation. Le baccalaur\u00e9at est un pr\u00e9-requis pour acc\u00e9der au DEUST, dipl\u00f4me universitaire. Pour le BPJEPS, les candidats devront valider des tests de s\u00e9lection compos\u00e9s d\u2019\u00e9preuves physiques, d\u2019un entretien oral pr\u00e9sentant le <strong>projet professionnel<\/strong> et d\u2019un test \u00e9crit de culture g\u00e9n\u00e9rale.&nbsp;<\/p>\n\n\n\n<p>Ces deux dipl\u00f4mes comprennent environ 1200h de formation, r\u00e9alis\u00e9 en 1an pour le BPJEPS, 2ans pour le DEUST. Enfin, vous n\u2019aurez qu\u2019\u00e0 vous acquitter des frais de scolarit\u00e9 \u00e0 l\u2019universit\u00e9. Par contre, le montant du BPJEPS avoisine les 6000 euros.&nbsp;<\/p>\n\n\n\n<\/div><div class=\"lames2\">\n\n\n\n<h2 class=\"wp-block-heading\"><strong>La pr\u00e9paration physique Coach Hunter&nbsp;<\/strong><\/h2>\n\n\n\n<div class=\"wp-block-image\"><figure class=\"aligncenter size-large\"><img loading=\"lazy\" decoding=\"async\" width=\"1024\" height=\"681\" src=\"https:\/\/www.coach-hunter.com\/content\/wp-content\/uploads\/2020\/07\/Optimized-2fbd04_c5d6b7e8747a4e659632b37f27864631-1024x681.jpg\" alt=\"DEUST m\u00e9tiers de la forme\" class=\"wp-image-1106\" srcset=\"https:\/\/www.coach-hunter.com\/content\/wp-content\/uploads\/2020\/07\/Optimized-2fbd04_c5d6b7e8747a4e659632b37f27864631-1024x681.jpg 1024w, https:\/\/www.coach-hunter.com\/content\/wp-content\/uploads\/2020\/07\/Optimized-2fbd04_c5d6b7e8747a4e659632b37f27864631-300x200.jpg 300w, https:\/\/www.coach-hunter.com\/content\/wp-content\/uploads\/2020\/07\/Optimized-2fbd04_c5d6b7e8747a4e659632b37f27864631-768x511.jpg 768w, https:\/\/www.coach-hunter.com\/content\/wp-content\/uploads\/2020\/07\/Optimized-2fbd04_c5d6b7e8747a4e659632b37f27864631.jpg 1200w\" sizes=\"auto, (max-width: 709px) 85vw, (max-width: 909px) 67vw, (max-width: 1362px) 62vw, 840px\" \/><\/figure><\/div>\n\n\n\n<p>De nombreux postulants au DEUST M\u00e9tiers de la forme deviendront coachs sportifs \u00e0 domicile aupr\u00e8s du r\u00e9seau Coach Hunter. Or, avant \u00e7a, certains d\u2019entre eux veulent mettre toutes les chances de leur c\u00f4t\u00e9 pour y arriver. Pour cela, ils feront appel \u00e0 un coaching individualis\u00e9.&nbsp;<\/p>\n\n\n\n<p>En effet, le DEUST <a href=\"http:\/\/www.onisep.fr\/Ressources\/Univers-Formation\/Formations\/Post-bac\/deust-metiers-de-la-forme\" target=\"_blank\" rel=\"noreferrer noopener\">m\u00e9tiers de la forme<\/a> n\u2019exige pas de tests physiques permettant d\u2019attester de vos capacit\u00e9s \u00e0 suivre la formation. De fait, comme toute formation universitaire, de nombreux \u00e9tudiants abandonnent les bancs de la fac d\u00e8s le mois de d\u00e9cembre, faute de bons r\u00e9sultats par exemple. Pour \u00e9viter cela, vous devrez \u00eatre pr\u00eat physiquement d\u00e8s la rentr\u00e9e scolaire gr\u00e2ce \u00e0 un renforcement musculaire adapt\u00e9.<\/p>\n\n\n\n<p><a class=\"callAction\" href=\"https:\/\/www.coach-hunter.com\/profil\/38449\">Laurent, coach sportif sur Paris<\/a>&nbsp;est titulaire du DEUST M\u00e9tiers de la forme. Ce profil de coach sportif est donc tr\u00e8s int\u00e9ressant pour vous pr\u00e9parer physiquement \u00e0 <strong>r\u00e9ussir votre dipl\u00f4me<\/strong>. Bien entendu, au regard de son exp\u00e9rience, il pourra vous donner de pr\u00e9cieux conseils en termes de nutrition sportive, de r\u00e9cup\u00e9ration ainsi que d\u2019anatomie afin de prendre une longueur d\u2019avance sur vos camarades. <\/p>\n\n\n\n<p>Votre parcours de formation pr\u00e9voit un enseignement de la physiologie \u00e0 l\u2019exercice ou encore de la connaissance du monde professionnel. N\u2019h\u00e9sitez pas \u00e0 questionner votre coach afin d\u2019acqu\u00e9rir de pr\u00e9cieuses informations.&nbsp;<\/p>\n\n\n\n<\/div><\/div>\n\n\n\n<h2 class=\"wp-block-heading\"><strong>Conclusion&nbsp;<\/strong><\/h2>\n\n\n\n<p>En r\u00e9sum\u00e9, le DEUST m\u00e9tiers de la forme est une formation int\u00e9ressante pour devenir coach sportif ou assistant d\u2019exploitation au sein d\u2019une salle de sport. Les acquisitions, \u00e9tal\u00e9es sur 2ans vous permettront de mieux les assimiler. Ensuite, le co\u00fbt r\u00e9duit de la formation est un crit\u00e8re non n\u00e9gligeable lorsque l\u2019on est \u00e9tudiant. Bien que ce dipl\u00f4me soit con\u00e7u pour une insertion professionnelle, des poursuites d\u2019\u00e9tudes sont possibles en Licence professionnelle puis Master dans le cas d\u2019un besoin de formation compl\u00e9mentaire ou d\u2019une r\u00e9orientation professionnelle.&nbsp;<\/p>\n\n\n\n<p>Avec 1200h de formation, ce dipl\u00f4me n\u2019est pas \u00e0 prendre \u00e0 la l\u00e9g\u00e8re. Vous devrez \u00eatre assidu et travailleur pour d\u00e9crocher votre Bac+2 en fin de formation. Les coachs sportifs du r\u00e9seau Coach Hunter, sp\u00e9cialis\u00e9s fitness et musculation sont aptes et dipl\u00f4m\u00e9s. <\/p>\n\n\n\n<p>Ils vous proposeront des s\u00e9ances de sport \u00e0 domicile ou en ext\u00e9rieur. L\u2019objectif est clairement de mettre toutes les chances de votre c\u00f4t\u00e9. De fait, d\u00e8s maintenant, partez du bon pied pour r\u00e9ussir votre DEUST M\u00e9tiers de la forme.&nbsp;<\/p>\n\n\n\n<h2 class=\"wp-block-heading\">D&rsquo;autres DEUST Staps :<\/h2>\n\n\n\n<ul class=\"wp-block-list\"><li>Le <a href=\"https:\/\/www.coach-hunter.com\/content\/deust-animation-et-gestion-des-activites-physiques\/\">DEUST animation et gestion des activit\u00e9s physiques et sportives<\/a><\/li><li><a href=\"https:\/\/www.coach-hunter.com\/content\/deust-activites-physiques-et-sportives-adaptees\/\">DEUST\u00a0Activit\u00e9s physiques et sportives adapt\u00e9es<\/a><\/li><li>Le <a href=\"https:\/\/www.coach-hunter.com\/content\/deust-manager-de-club-sportif\/\">DEUST manager de club sportif<\/a><\/li><li><a href=\"https:\/\/www.coach-hunter.com\/content\/deust-autre-mention\/\">DEUST Autre mention<\/a><\/li><\/ul>\n","protected":false},"excerpt":{"rendered":"<p>Les dipl\u00f4mes DEUST Staps permettent d&rsquo;exercer diff\u00e9rents m\u00e9tiers selon la mention choisie. Le DEUST M\u00e9tiers de la forme a pour volont\u00e9 de r\u00e9pondre \u00e0 la forte demande en mati\u00e8re de fitness et musculation. Qu\u2019il s\u2019agisse du nombre de pratiquants ou du nombre de salles de fitness, le secteur est en pleine expansion. Dans notre soci\u00e9t\u00e9, &hellip; <a href=\"https:\/\/www.coach-hunter.com\/content\/deust-metiers-de-la-forme\/\" class=\"more-link\">Continuer la lecture<span class=\"screen-reader-text\"> de &laquo;&nbsp;DEUST m\u00e9tiers de la forme : nos conseils pour r\u00e9ussir&nbsp;&raquo;<\/span><\/a><\/p>\n","protected":false},"author":6,"featured_media":0,"parent":0,"menu_order":0,"comment_status":"closed","ping_status":"closed","template":"","meta":{"footnotes":""},"class_list":["post-572","page","type-page","status-publish","hentry"],"yoast_head":"<!-- This site is optimized with the Yoast SEO plugin v25.9 - https:\/\/yoast.com\/wordpress\/plugins\/seo\/ -->\n<title>DEUST m\u00e9tiers de la forme : suivez les conseils d&#039;un coach<\/title>\n<meta name=\"description\" content=\"Le DEUST m\u00e9tiers de la forme permet de devenir coach sportif. Coach Hunter est \u00e0 vos c\u00f4t\u00e9s pour r\u00e9ussir votre dipl\u00f4me haut la main.\" \/>\n<meta name=\"robots\" content=\"index, follow, max-snippet:-1, max-image-preview:large, max-video-preview:-1\" \/>\n<link rel=\"canonical\" href=\"https:\/\/www.coach-hunter.com\/content\/deust-metiers-de-la-forme\/\" \/>\n<meta property=\"og:locale\" content=\"fr_FR\" \/>\n<meta property=\"og:type\" content=\"article\" \/>\n<meta property=\"og:title\" content=\"DEUST m\u00e9tiers de la forme : suivez les conseils d&#039;un coach\" \/>\n<meta property=\"og:description\" content=\"Le DEUST m\u00e9tiers de la forme permet de devenir coach sportif. Coach Hunter est \u00e0 vos c\u00f4t\u00e9s pour r\u00e9ussir votre dipl\u00f4me haut la main.\" \/>\n<meta property=\"og:url\" content=\"https:\/\/www.coach-hunter.com\/content\/deust-metiers-de-la-forme\/\" \/>\n<meta property=\"og:site_name\" content=\"Blog Coach Hunter\" \/>\n<meta property=\"article:modified_time\" content=\"2020-10-02T12:37:34+00:00\" \/>\n<meta property=\"og:image\" content=\"https:\/\/www.coach-hunter.com\/content\/wp-content\/uploads\/2020\/07\/Optimized-events-photos-6.jpg\" \/>\n\t<meta property=\"og:image:width\" content=\"1200\" \/>\n\t<meta property=\"og:image:height\" content=\"800\" \/>\n\t<meta property=\"og:image:type\" content=\"image\/jpeg\" \/>\n<meta name=\"twitter:card\" content=\"summary_large_image\" \/>\n<meta name=\"twitter:label1\" content=\"Dur\u00e9e de lecture estim\u00e9e\" \/>\n\t<meta name=\"twitter:data1\" content=\"7 minutes\" \/>\n<script type=\"application\/ld+json\" class=\"yoast-schema-graph\">{\"@context\":\"https:\/\/schema.org\",\"@graph\":[{\"@type\":\"WebPage\",\"@id\":\"https:\/\/www.coach-hunter.com\/content\/deust-metiers-de-la-forme\/\",\"url\":\"https:\/\/www.coach-hunter.com\/content\/deust-metiers-de-la-forme\/\",\"name\":\"DEUST m\u00e9tiers de la forme : suivez les conseils d'un coach\",\"isPartOf\":{\"@id\":\"https:\/\/www.coach-hunter.com\/content\/#website\"},\"primaryImageOfPage\":{\"@id\":\"https:\/\/www.coach-hunter.com\/content\/deust-metiers-de-la-forme\/#primaryimage\"},\"image\":{\"@id\":\"https:\/\/www.coach-hunter.com\/content\/deust-metiers-de-la-forme\/#primaryimage\"},\"thumbnailUrl\":\"https:\/\/www.coach-hunter.com\/content\/wp-content\/uploads\/2020\/07\/Optimized-events-photos-6-1024x683.jpg\",\"datePublished\":\"2020-09-22T11:47:21+00:00\",\"dateModified\":\"2020-10-02T12:37:34+00:00\",\"description\":\"Le DEUST m\u00e9tiers de la forme permet de devenir coach sportif. Coach Hunter est \u00e0 vos c\u00f4t\u00e9s pour r\u00e9ussir votre dipl\u00f4me haut la main.\",\"breadcrumb\":{\"@id\":\"https:\/\/www.coach-hunter.com\/content\/deust-metiers-de-la-forme\/#breadcrumb\"},\"inLanguage\":\"fr-FR\",\"potentialAction\":[{\"@type\":\"ReadAction\",\"target\":[\"https:\/\/www.coach-hunter.com\/content\/deust-metiers-de-la-forme\/\"]}]},{\"@type\":\"ImageObject\",\"inLanguage\":\"fr-FR\",\"@id\":\"https:\/\/www.coach-hunter.com\/content\/deust-metiers-de-la-forme\/#primaryimage\",\"url\":\"https:\/\/www.coach-hunter.com\/content\/wp-content\/uploads\/2020\/07\/Optimized-events-photos-6.jpg\",\"contentUrl\":\"https:\/\/www.coach-hunter.com\/content\/wp-content\/uploads\/2020\/07\/Optimized-events-photos-6.jpg\",\"width\":1200,\"height\":800},{\"@type\":\"BreadcrumbList\",\"@id\":\"https:\/\/www.coach-hunter.com\/content\/deust-metiers-de-la-forme\/#breadcrumb\",\"itemListElement\":[{\"@type\":\"ListItem\",\"position\":1,\"name\":\"Accueil\",\"item\":\"https:\/\/www.coach-hunter.com\/content\/\"},{\"@type\":\"ListItem\",\"position\":2,\"name\":\"DEUST m\u00e9tiers de la forme : nos conseils pour r\u00e9ussir\"}]},{\"@type\":\"WebSite\",\"@id\":\"https:\/\/www.coach-hunter.com\/content\/#website\",\"url\":\"https:\/\/www.coach-hunter.com\/content\/\",\"name\":\"Blog Coach Hunter\",\"description\":\"\",\"potentialAction\":[{\"@type\":\"SearchAction\",\"target\":{\"@type\":\"EntryPoint\",\"urlTemplate\":\"https:\/\/www.coach-hunter.com\/content\/?s={search_term_string}\"},\"query-input\":{\"@type\":\"PropertyValueSpecification\",\"valueRequired\":true,\"valueName\":\"search_term_string\"}}],\"inLanguage\":\"fr-FR\"}]}<\/script>\n<!-- \/ Yoast SEO plugin. -->","yoast_head_json":{"title":"DEUST m\u00e9tiers de la forme : suivez les conseils d'un coach","description":"Le DEUST m\u00e9tiers de la forme permet de devenir coach sportif. Coach Hunter est \u00e0 vos c\u00f4t\u00e9s pour r\u00e9ussir votre dipl\u00f4me haut la main.","robots":{"index":"index","follow":"follow","max-snippet":"max-snippet:-1","max-image-preview":"max-image-preview:large","max-video-preview":"max-video-preview:-1"},"canonical":"https:\/\/www.coach-hunter.com\/content\/deust-metiers-de-la-forme\/","og_locale":"fr_FR","og_type":"article","og_title":"DEUST m\u00e9tiers de la forme : suivez les conseils d'un coach","og_description":"Le DEUST m\u00e9tiers de la forme permet de devenir coach sportif. Coach Hunter est \u00e0 vos c\u00f4t\u00e9s pour r\u00e9ussir votre dipl\u00f4me haut la main.","og_url":"https:\/\/www.coach-hunter.com\/content\/deust-metiers-de-la-forme\/","og_site_name":"Blog Coach Hunter","article_modified_time":"2020-10-02T12:37:34+00:00","og_image":[{"width":1200,"height":800,"url":"https:\/\/www.coach-hunter.com\/content\/wp-content\/uploads\/2020\/07\/Optimized-events-photos-6.jpg","type":"image\/jpeg"}],"twitter_card":"summary_large_image","twitter_misc":{"Dur\u00e9e de lecture estim\u00e9e":"7 minutes"},"schema":{"@context":"https:\/\/schema.org","@graph":[{"@type":"WebPage","@id":"https:\/\/www.coach-hunter.com\/content\/deust-metiers-de-la-forme\/","url":"https:\/\/www.coach-hunter.com\/content\/deust-metiers-de-la-forme\/","name":"DEUST m\u00e9tiers de la forme : suivez les conseils d'un coach","isPartOf":{"@id":"https:\/\/www.coach-hunter.com\/content\/#website"},"primaryImageOfPage":{"@id":"https:\/\/www.coach-hunter.com\/content\/deust-metiers-de-la-forme\/#primaryimage"},"image":{"@id":"https:\/\/www.coach-hunter.com\/content\/deust-metiers-de-la-forme\/#primaryimage"},"thumbnailUrl":"https:\/\/www.coach-hunter.com\/content\/wp-content\/uploads\/2020\/07\/Optimized-events-photos-6-1024x683.jpg","datePublished":"2020-09-22T11:47:21+00:00","dateModified":"2020-10-02T12:37:34+00:00","description":"Le DEUST m\u00e9tiers de la forme permet de devenir coach sportif. Coach Hunter est \u00e0 vos c\u00f4t\u00e9s pour r\u00e9ussir votre dipl\u00f4me haut la main.","breadcrumb":{"@id":"https:\/\/www.coach-hunter.com\/content\/deust-metiers-de-la-forme\/#breadcrumb"},"inLanguage":"fr-FR","potentialAction":[{"@type":"ReadAction","target":["https:\/\/www.coach-hunter.com\/content\/deust-metiers-de-la-forme\/"]}]},{"@type":"ImageObject","inLanguage":"fr-FR","@id":"https:\/\/www.coach-hunter.com\/content\/deust-metiers-de-la-forme\/#primaryimage","url":"https:\/\/www.coach-hunter.com\/content\/wp-content\/uploads\/2020\/07\/Optimized-events-photos-6.jpg","contentUrl":"https:\/\/www.coach-hunter.com\/content\/wp-content\/uploads\/2020\/07\/Optimized-events-photos-6.jpg","width":1200,"height":800},{"@type":"BreadcrumbList","@id":"https:\/\/www.coach-hunter.com\/content\/deust-metiers-de-la-forme\/#breadcrumb","itemListElement":[{"@type":"ListItem","position":1,"name":"Accueil","item":"https:\/\/www.coach-hunter.com\/content\/"},{"@type":"ListItem","position":2,"name":"DEUST m\u00e9tiers de la forme : nos conseils pour r\u00e9ussir"}]},{"@type":"WebSite","@id":"https:\/\/www.coach-hunter.com\/content\/#website","url":"https:\/\/www.coach-hunter.com\/content\/","name":"Blog Coach Hunter","description":"","potentialAction":[{"@type":"SearchAction","target":{"@type":"EntryPoint","urlTemplate":"https:\/\/www.coach-hunter.com\/content\/?s={search_term_string}"},"query-input":{"@type":"PropertyValueSpecification","valueRequired":true,"valueName":"search_term_string"}}],"inLanguage":"fr-FR"}]}},"_links":{"self":[{"href":"https:\/\/www.coach-hunter.com\/content\/wp-json\/wp\/v2\/pages\/572","targetHints":{"allow":["GET"]}}],"collection":[{"href":"https:\/\/www.coach-hunter.com\/content\/wp-json\/wp\/v2\/pages"}],"about":[{"href":"https:\/\/www.coach-hunter.com\/content\/wp-json\/wp\/v2\/types\/page"}],"author":[{"embeddable":true,"href":"https:\/\/www.coach-hunter.com\/content\/wp-json\/wp\/v2\/users\/6"}],"replies":[{"embeddable":true,"href":"https:\/\/www.coach-hunter.com\/content\/wp-json\/wp\/v2\/comments?post=572"}],"version-history":[{"count":6,"href":"https:\/\/www.coach-hunter.com\/content\/wp-json\/wp\/v2\/pages\/572\/revisions"}],"predecessor-version":[{"id":1747,"href":"https:\/\/www.coach-hunter.com\/content\/wp-json\/wp\/v2\/pages\/572\/revisions\/1747"}],"wp:attachment":[{"href":"https:\/\/www.coach-hunter.com\/content\/wp-json\/wp\/v2\/media?parent=572"}],"curies":[{"name":"wp","href":"https:\/\/api.w.org\/{rel}","templated":true}]}}