{"id":570,"date":"2020-09-21T15:40:51","date_gmt":"2020-09-21T15:40:51","guid":{"rendered":"https:\/\/www.coach-hunter.com\/content\/?page_id=570"},"modified":"2020-10-27T17:01:00","modified_gmt":"2020-10-27T17:01:00","slug":"deust-animation-et-gestion-des-activites-physiques","status":"publish","type":"page","link":"https:\/\/www.coach-hunter.com\/content\/deust-animation-et-gestion-des-activites-physiques\/","title":{"rendered":"DEUST animation et gestion des activit\u00e9s physiques"},"content":{"rendered":"\n<p>Le<strong> DEUST animation et gestion des activit\u00e9s physiques et sportives ou culturelles<\/strong> se d\u00e9roule en fili\u00e8re STAPS. Si l\u2019animation et la gestion de services sportifs vous int\u00e9ressent, ce <a class=\"callAction\" href=\"https:\/\/www.coach-hunter.com\/content\/deust-staps\/\">DEUST STAPS<\/a> est fait pour vous. L\u2019objectif est de pr\u00e9parer des professionnels aptes \u00e0 animer diverses pratiques sportives, aupr\u00e8s de publics vari\u00e9s, tout en participant \u00e0 des actions de gestion et de promotion. Pour r\u00e9ussir, Coach Hunter met \u00e0 votre disposition des coachs sportifs pr\u00e8s de chez vous afin de vous accompagner efficacement.<\/p>\n\n\n\n<div class='flexo'><div class=\"lames2\">\n\n\n\n<h2 class=\"wp-block-heading\"><strong>Devenez animateur et gestionnaire dans le domaine sportif<\/strong><\/h2>\n\n\n\n<div class=\"wp-block-image\"><figure class=\"aligncenter size-large\"><img loading=\"lazy\" decoding=\"async\" width=\"1024\" height=\"683\" src=\"https:\/\/www.coach-hunter.com\/content\/wp-content\/uploads\/2020\/07\/Optimized-trening-zunaj-motivacija_biggalleryimage-1024x683.jpg\" alt=\"DEUST animation et gestion des activit\u00e9s physiques\" class=\"wp-image-1099\" srcset=\"https:\/\/www.coach-hunter.com\/content\/wp-content\/uploads\/2020\/07\/Optimized-trening-zunaj-motivacija_biggalleryimage-1024x683.jpg 1024w, https:\/\/www.coach-hunter.com\/content\/wp-content\/uploads\/2020\/07\/Optimized-trening-zunaj-motivacija_biggalleryimage-300x200.jpg 300w, https:\/\/www.coach-hunter.com\/content\/wp-content\/uploads\/2020\/07\/Optimized-trening-zunaj-motivacija_biggalleryimage-768x512.jpg 768w, https:\/\/www.coach-hunter.com\/content\/wp-content\/uploads\/2020\/07\/Optimized-trening-zunaj-motivacija_biggalleryimage.jpg 1200w\" sizes=\"auto, (max-width: 709px) 85vw, (max-width: 909px) 67vw, (max-width: 1362px) 62vw, 840px\" \/><\/figure><\/div>\n\n\n\n<p>De nombreux \u00e9tudiants r\u00eavent de travailler dans le domaine sportif sans forc\u00e9ment vouloir se lancer dans de longues \u00e9tudes. La formation DEUST&nbsp;animation et gestion des activit\u00e9s physiques, sportives ou culturelles est l\u2019une des solutions. Une fois le dipl\u00f4me en poche, vous pourrez exercer des fonctions&nbsp;:&nbsp;<\/p>\n\n\n\n<ul class=\"wp-block-list\"><li>D\u2019animation dans le champ des activit\u00e9s sportives et culturelles<\/li><li>De gestion des structures sportives et culturelles<\/li><\/ul>\n\n\n\n<p>Pour exercer ces r\u00f4les, vous devrez acqu\u00e9rir au sein de l\u2019universit\u00e9 STAPS (sciences et techniques des activit\u00e9s physiques et sportives) plusieurs comp\u00e9tences&nbsp;:&nbsp;<\/p>\n\n\n\n<ul class=\"wp-block-list\"><li>Gestion administrative et financi\u00e8re<\/li><li>D\u00e9veloppement et conduite des projets d\u2019animation<\/li><li>Promotion des activit\u00e9s physiques, sportives ou culturelles par le biais de manifestations ou d\u2019\u00e9v\u00e8nements<\/li><li>Animation des s\u00e9ances d\u2019activit\u00e9s physiques, sportives et artistiques&nbsp;<\/li><\/ul>\n\n\n\n<p>Le dipl\u00f4me est inscrit au&nbsp;<a rel=\"noreferrer noopener\" href=\"https:\/\/www.francecompetences.fr\/recherche\/rncp\/30176\" target=\"_blank\">r\u00e9pertoire nationale des certifications professionnelles.<\/a>&nbsp;Reportez-vous y afin d\u2019en savoir plus sur les comp\u00e9tences attest\u00e9es ainsi que l\u2019ensemble des modalit\u00e9s de ce DEUST. En effet, c\u2019est cette fiche RNCP qui encadre votre&nbsp;DEUST animation et gestion des activit\u00e9s physiques, sportives ou culturelles.&nbsp;<\/p>\n\n\n\n<\/div><div class=\"lames2\">\n\n\n\n<h2 class=\"wp-block-heading\"><strong>Pr\u00e9sentation du&nbsp;DEUST animation et gestion des activit\u00e9s physiques<\/strong><\/h2>\n\n\n\n<div class=\"wp-block-image\"><figure class=\"aligncenter size-large\"><img loading=\"lazy\" decoding=\"async\" width=\"822\" height=\"462\" src=\"https:\/\/www.coach-hunter.com\/content\/wp-content\/uploads\/2020\/07\/Optimized-estrategia.jpg\" alt=\"DEUST animation et gestion des activit\u00e9s physiques\" class=\"wp-image-1100\" srcset=\"https:\/\/www.coach-hunter.com\/content\/wp-content\/uploads\/2020\/07\/Optimized-estrategia.jpg 822w, https:\/\/www.coach-hunter.com\/content\/wp-content\/uploads\/2020\/07\/Optimized-estrategia-300x169.jpg 300w, https:\/\/www.coach-hunter.com\/content\/wp-content\/uploads\/2020\/07\/Optimized-estrategia-768x432.jpg 768w\" sizes=\"auto, (max-width: 822px) 85vw, 822px\" \/><\/figure><\/div>\n\n\n\n<p>Le DEUST AGAPSC est un dipl\u00f4me de niveau bac+2. L\u2019enjeu est de vous ins\u00e9rer dans le monde professionnel \u00e0 l\u2019issue de votre formation. Au programme, une alternance entre cours th\u00e9oriques et stages p\u00e9dagogiques en entreprise. G\u00e9n\u00e9ralement, 200h de stage \/ an sont programm\u00e9s. <\/p>\n\n\n\n<p>Ce moment privil\u00e9gi\u00e9 vous permettra donc de mettre en pratique ce que vous avez appris tout en vous confrontant au c\u0153ur du m\u00e9tier.&nbsp;<\/p>\n\n\n\n<p>Sur les bancs de la facult\u00e9, ce dipl\u00f4me d\u2019\u00e9tudes universitaires scientifiques et techniques se d\u00e9coupera en 4 semestres. Vous y \u00e9tudierez l\u2019anatomie ainsi que la physiologie, la psychologie, la sociologie, le domaine juridique et r\u00e9glementaire concernant la s\u00e9curit\u00e9 des installations sportives ou encore l\u2019anglais. Des cours d\u2019informatique (PIX), de secourisme (PSE1), d\u2019expression \u00e9crite et orale seront au programme. C\u00f4t\u00e9 sport, vous pratiquerez la natation, les sports collectifs ou encore les activit\u00e9s de pleine nature.&nbsp;<\/p>\n\n\n\n<p>Le programme est donc complet et \u00e9quilibr\u00e9 en termes d\u2019animation sportive mais \u00e9galement de gestions des ressources humaines et financi\u00e8res.&nbsp;<\/p>\n\n\n\n<p>Le DEUST est \u00e9ligible au contrat de professionnalisation et \u00e0 la d\u00e9marche VAE (validation des acquis de l\u2019exp\u00e9rience).&nbsp;<\/p>\n\n\n\n<\/div><div class=\"lames2\">\n\n\n\n<h2 class=\"wp-block-heading\"><strong>R\u00e9ussir son DEUST en fili\u00e8re STAPS<\/strong><\/h2>\n\n\n\n<p>Pour r\u00e9ussir votre dipl\u00f4me, il vous faudra acqu\u00e9rir 120 ECTS. Comme tout dipl\u00f4me universitaire, il vous faudra obtenir une moyenne g\u00e9n\u00e9rale de 10 pour valider la formation.&nbsp;<\/p>\n\n\n\n<p>L\u2019inscription en STAPS pour votre DEUST&nbsp;animation et gestion des activit\u00e9s physiques se d\u00e9roule sur Parcoursup pour les \u00e9l\u00e8ves de terminales. Pour tous les autres candidats, rapprochez-vous de l\u2019universit\u00e9 STAPS la plus proche de chez vous. Ce dipl\u00f4me est s\u00e9lectif. De fait, votre dossier d\u2019inscription sera examin\u00e9 afin de conna\u00eetre vos exp\u00e9riences pass\u00e9es en mati\u00e8re d\u2019animation sportive ou de gestion, votre pratique sportive, vos qualifications ou dipl\u00f4mes d\u00e9j\u00e0 obtenus ainsi que votre projet professionnel. <\/p>\n\n\n\n<p>On ne s\u2019engage pas dans ce secteur professionnel \u00ab&nbsp;au hasard&nbsp;\u00bb. Ayez une r\u00e9flexion sur vos motivations, vos objectifs et vos envies \u00e0 moyen et long terme.&nbsp;&nbsp;<\/p>\n\n\n\n<p>Pour r\u00e9ussir votre DEUST AGAPSC sans emb\u00fbche, il est pr\u00e9f\u00e9rable d\u2019avoir un profil scientifique au regard des disciplines enseign\u00e9es. N\u00e9anmoins, ceci se suffit pas. Des connaissances transversales et g\u00e9n\u00e9rales seront b\u00e9n\u00e9fiques.&nbsp;<\/p>\n\n\n\n<p>Ce dipl\u00f4me Bac +2 STAPS vous octroie la possiblit\u00e9 de demander une carte professionnelle d\u2019\u00e9ducateur sportif. De fait, vous pourrez devenir, par exemple, coach sportif \u00e0 l\u2019issue de votre DEUST AGAPSC.&nbsp;<\/p>\n\n\n\n<\/div><div class=\"lames2\">\n\n\n\n<h2 class=\"wp-block-heading\"><strong>&nbsp;Le stage p\u00e9dagogique, un moment cl\u00e9 de la formation<\/strong><\/h2>\n\n\n\n<p>Le volume horaire des stages p\u00e9dagogiques est cons\u00e9quent. Par exemple, l\u2019universit\u00e9 STAPS de Franche-Comt\u00e9 pr\u00e9voit&nbsp;en DEUST 1<sup>\u00e8re<\/sup>&nbsp;ann\u00e9e un stage d\u2019intervention de 200h dans le champ de l\u2019animation sportive ainsi que de l\u2019observation de la gestion de structure \u00e0 raison de 50h.&nbsp;<br>En 2<sup>\u00e8me<\/sup>&nbsp;ann\u00e9e, un stage de 50h est pr\u00e9vu pour r\u00e9aliser un audit et faire des pr\u00e9conisations tandis que le stage pour r\u00e9aliser un projet d\u2019intervention sera de 250h.&nbsp;<\/p>\n\n\n\n<p>L\u2019enjeu est de pr\u00e9parer les \u00e9tudiants aux diff\u00e9rentes facettes et exigences de l\u2019emploi. Dans l\u2019id\u00e9al, ayez une id\u00e9e de votre souhait de stage avant votre entr\u00e9e en formation. Ceci sera appr\u00e9ci\u00e9 par les enseignants.<\/p>\n\n\n\n<p>Le stage en entreprise peut d\u00e9boucher sur une promesse d\u2019embauche. Cet aspect n\u2019est pas anodin. De fait, travaillez avec s\u00e9rieux, soyez assidu et choisissez une entreprise qui vous corresponde.&nbsp;<\/p>\n\n\n\n<p>N\u00e9anmoins, stage peut rimer avec r\u00e9orientation. En effet, c\u2019est aussi l\u2019occasion de se rendre compte que l\u2019on s\u2019est tromp\u00e9 de voie. Si \u00e0 l\u2019issue de votre DEUST AGAPSC, vous ne souhaitez pas int\u00e9grer le march\u00e9 de l\u2019emploi, il existe une possibilit\u00e9 de poursuite d\u2019\u00e9tudes en licence professionnelle STAPS ou en L3 STAPS si vos notes vous le permettent.&nbsp;<\/p>\n\n\n\n<\/div><div class=\"lames2\">\n\n\n\n<h2 class=\"wp-block-heading\"><strong>Coach Hunter vous aide pour r\u00e9ussir votre&nbsp;DEUST animation et gestion des activit\u00e9s physiques<\/strong><\/h2>\n\n\n\n<div class=\"wp-block-image\"><figure class=\"aligncenter size-large\"><img loading=\"lazy\" decoding=\"async\" width=\"1024\" height=\"614\" src=\"https:\/\/www.coach-hunter.com\/content\/wp-content\/uploads\/2020\/07\/Optimized-8688956-0-image-a-9_1547808031835-1024x614.jpg\" alt=\"DEUST animation et gestion des activit\u00e9s physiques\" class=\"wp-image-1101\" srcset=\"https:\/\/www.coach-hunter.com\/content\/wp-content\/uploads\/2020\/07\/Optimized-8688956-0-image-a-9_1547808031835-1024x614.jpg 1024w, https:\/\/www.coach-hunter.com\/content\/wp-content\/uploads\/2020\/07\/Optimized-8688956-0-image-a-9_1547808031835-300x180.jpg 300w, https:\/\/www.coach-hunter.com\/content\/wp-content\/uploads\/2020\/07\/Optimized-8688956-0-image-a-9_1547808031835-768x461.jpg 768w, https:\/\/www.coach-hunter.com\/content\/wp-content\/uploads\/2020\/07\/Optimized-8688956-0-image-a-9_1547808031835.jpg 1200w\" sizes=\"auto, (max-width: 709px) 85vw, (max-width: 909px) 67vw, (max-width: 1362px) 62vw, 840px\" \/><\/figure><\/div>\n\n\n\n<p>Coach Hunter est un grand r\u00e9seau de coachs sportifs dipl\u00f4m\u00e9s dans toute la France. Parmi eux, il y a donc s\u00fbrement un coach sportif \u00e0 domicile titulaire du DEUST animation et gestion des activit\u00e9s physiques pr\u00e8s de chez vous.&nbsp;<\/p>\n\n\n\n<p><a class=\"callAction\" href=\"https:\/\/www.coach-hunter.com\/profil\/31060\">Corentin \u00e0 Boulogne-sur-Mer<\/a>&nbsp;est notamment titulaire du DEUST AGAPSC. Il vous pr\u00e9pare physiquement afin de r\u00e9ussir votre entr\u00e9e en formation ainsi que votre dipl\u00f4me. <\/p>\n\n\n\n<p>Gr\u00e2ce \u00e0 son exp\u00e9rience, il pourra vous transmettre de pr\u00e9cieux conseils en expression \u00e9crite, orale ou encore sciences humaines et sociales. Ces domaines de comp\u00e9tence sont au c\u0153ur de votre formation. Avoir un coach sportif \u00e0 ses c\u00f4t\u00e9s vous permettra de prendre une belle longueur d\u2019avance par rapport aux autres \u00e9tudiants.&nbsp;<\/p>\n\n\n\n<p>Vous devrez \u00eatre pr\u00eat physiquement mais surtout polyvalent. L\u2019enjeu d\u2019un coaching sportif pour vous serait de travailler sp\u00e9cifiquement vos points faibles (endurance, coordination, souplesse, renforcement musculaire, etc). En fili\u00e8re STAPS, vous aurez \u00e0 subir des tests physiques tout en \u00e9tant confront\u00e9 \u00e0 une pluralit\u00e9 de disciplines sportives lors de vos pratiques.&nbsp;<\/p>\n\n\n\n<\/div><\/div>\n\n\n\n<h2 class=\"wp-block-heading\"><strong>Conclusion<\/strong><\/h2>\n\n\n\n<p>En r\u00e9sum\u00e9,&nbsp;Coach Hunter vous aide \u00e0 r\u00e9ussir votre dipl\u00f4me. Nos coachs sportifs interviennent \u00e0 domicile ou en ext\u00e9rieur avec tout le mat\u00e9riel dont vous avez besoin (\u00e9lastiques, halt\u00e8res, step, boxe, corde \u00e0 sauter, etc). Il s\u2019adapte \u00e0 votre emploi du temps, vos contraintes et vos disponiblit\u00e9s pour planifier les s\u00e9ances de sport 100% sur-mesure.&nbsp;<\/p>\n\n\n\n<p>Le&nbsp;DEUST animation et gestion des activit\u00e9s physiques vous permettra de participer au d\u00e9veloppement de la structure pour laquelle vous travaillez. Il peut s\u2019agir d\u2019une structure publique ou priv\u00e9e marchand ou non marchand ayant pour but l\u2019animation et la pratique des activit\u00e9s sportives. On pense par exemple au centre de loisirs, de vacances ou encore aux clubs sportifs.<\/p>\n\n\n\n<p>De fait, vous aurez \u00e0 charge d\u2019animer des s\u00e9ances d\u2019activit\u00e9s physiques, sportives et artistiques, organiser des \u00e9v\u00e9nements sportives tout en participant \u00e0 la gestion administrative et financi\u00e8re. Vous pourrez donc jongler entre le m\u00e9tier d\u2019\u00e9ducateur, animateur, formation ou encore gestionnaire. Coach Hunter est \u00e0 vos c\u00f4t\u00e9s afin de r\u00e9ussir votre DEUST AGAPSC.&nbsp;<\/p>\n\n\n\n<h2 class=\"wp-block-heading\">D&rsquo;autres DEUST Staps :<\/h2>\n\n\n\n<ul class=\"wp-block-list\"><li>Le <a href=\"https:\/\/www.coach-hunter.com\/content\/deust-activites-physiques-et-sportives-adaptees\/\">DEUST&nbsp;Activit\u00e9s physiques et sportives adapt\u00e9es<\/a><\/li><li><a href=\"https:\/\/www.coach-hunter.com\/content\/deust-metiers-de-la-forme\/\">DEUST M\u00e9tiers de la forme<\/a><\/li><li>Le <a href=\"https:\/\/www.coach-hunter.com\/content\/deust-manager-de-club-sportif\/\">DEUST manager de club sportif<\/a><\/li><li><a href=\"https:\/\/www.coach-hunter.com\/content\/deust-autre-mention\/\">DEUST Autre mention<\/a><\/li><\/ul>\n","protected":false},"excerpt":{"rendered":"<p>Le DEUST animation et gestion des activit\u00e9s physiques et sportives ou culturelles se d\u00e9roule en fili\u00e8re STAPS. Si l\u2019animation et la gestion de services sportifs vous int\u00e9ressent, ce DEUST STAPS est fait pour vous. L\u2019objectif est de pr\u00e9parer des professionnels aptes \u00e0 animer diverses pratiques sportives, aupr\u00e8s de publics vari\u00e9s, tout en participant \u00e0 des &hellip; <a href=\"https:\/\/www.coach-hunter.com\/content\/deust-animation-et-gestion-des-activites-physiques\/\" class=\"more-link\">Continuer la lecture<span class=\"screen-reader-text\"> de &laquo;&nbsp;DEUST animation et gestion des activit\u00e9s physiques&nbsp;&raquo;<\/span><\/a><\/p>\n","protected":false},"author":6,"featured_media":0,"parent":0,"menu_order":0,"comment_status":"closed","ping_status":"closed","template":"","meta":{"footnotes":""},"class_list":["post-570","page","type-page","status-publish","hentry"],"yoast_head":"<!-- This site is optimized with the Yoast SEO plugin v25.9 - https:\/\/yoast.com\/wordpress\/plugins\/seo\/ -->\n<title>DEUST : g\u00e9rer et animer des s\u00e9ances d&#039;activit\u00e9s physiques<\/title>\n<meta name=\"description\" content=\"Le DEUST animation et gestion des activit\u00e9s physiques permet de s&#039;investir pleinement dans une structure sportive. Nos coachs vous accompagnent.\" \/>\n<meta name=\"robots\" content=\"index, follow, max-snippet:-1, max-image-preview:large, max-video-preview:-1\" \/>\n<link rel=\"canonical\" href=\"https:\/\/www.coach-hunter.com\/content\/deust-animation-et-gestion-des-activites-physiques\/\" \/>\n<meta property=\"og:locale\" content=\"fr_FR\" \/>\n<meta property=\"og:type\" content=\"article\" \/>\n<meta property=\"og:title\" content=\"DEUST : g\u00e9rer et animer des s\u00e9ances d&#039;activit\u00e9s physiques\" \/>\n<meta property=\"og:description\" content=\"Le DEUST animation et gestion des activit\u00e9s physiques permet de s&#039;investir pleinement dans une structure sportive. Nos coachs vous accompagnent.\" \/>\n<meta property=\"og:url\" content=\"https:\/\/www.coach-hunter.com\/content\/deust-animation-et-gestion-des-activites-physiques\/\" \/>\n<meta property=\"og:site_name\" content=\"Blog Coach Hunter\" \/>\n<meta property=\"article:modified_time\" content=\"2020-10-27T17:01:00+00:00\" \/>\n<meta property=\"og:image\" content=\"https:\/\/www.coach-hunter.com\/content\/wp-content\/uploads\/2020\/07\/Optimized-trening-zunaj-motivacija_biggalleryimage.jpg\" \/>\n\t<meta property=\"og:image:width\" content=\"1200\" \/>\n\t<meta property=\"og:image:height\" content=\"800\" \/>\n\t<meta property=\"og:image:type\" content=\"image\/jpeg\" \/>\n<meta name=\"twitter:card\" content=\"summary_large_image\" \/>\n<meta name=\"twitter:label1\" content=\"Dur\u00e9e de lecture estim\u00e9e\" \/>\n\t<meta name=\"twitter:data1\" content=\"7 minutes\" \/>\n<script type=\"application\/ld+json\" class=\"yoast-schema-graph\">{\"@context\":\"https:\/\/schema.org\",\"@graph\":[{\"@type\":\"WebPage\",\"@id\":\"https:\/\/www.coach-hunter.com\/content\/deust-animation-et-gestion-des-activites-physiques\/\",\"url\":\"https:\/\/www.coach-hunter.com\/content\/deust-animation-et-gestion-des-activites-physiques\/\",\"name\":\"DEUST : g\u00e9rer et animer des s\u00e9ances d'activit\u00e9s physiques\",\"isPartOf\":{\"@id\":\"https:\/\/www.coach-hunter.com\/content\/#website\"},\"primaryImageOfPage\":{\"@id\":\"https:\/\/www.coach-hunter.com\/content\/deust-animation-et-gestion-des-activites-physiques\/#primaryimage\"},\"image\":{\"@id\":\"https:\/\/www.coach-hunter.com\/content\/deust-animation-et-gestion-des-activites-physiques\/#primaryimage\"},\"thumbnailUrl\":\"https:\/\/www.coach-hunter.com\/content\/wp-content\/uploads\/2020\/07\/Optimized-trening-zunaj-motivacija_biggalleryimage-1024x683.jpg\",\"datePublished\":\"2020-09-21T15:40:51+00:00\",\"dateModified\":\"2020-10-27T17:01:00+00:00\",\"description\":\"Le DEUST animation et gestion des activit\u00e9s physiques permet de s'investir pleinement dans une structure sportive. Nos coachs vous accompagnent.\",\"breadcrumb\":{\"@id\":\"https:\/\/www.coach-hunter.com\/content\/deust-animation-et-gestion-des-activites-physiques\/#breadcrumb\"},\"inLanguage\":\"fr-FR\",\"potentialAction\":[{\"@type\":\"ReadAction\",\"target\":[\"https:\/\/www.coach-hunter.com\/content\/deust-animation-et-gestion-des-activites-physiques\/\"]}]},{\"@type\":\"ImageObject\",\"inLanguage\":\"fr-FR\",\"@id\":\"https:\/\/www.coach-hunter.com\/content\/deust-animation-et-gestion-des-activites-physiques\/#primaryimage\",\"url\":\"https:\/\/www.coach-hunter.com\/content\/wp-content\/uploads\/2020\/07\/Optimized-trening-zunaj-motivacija_biggalleryimage.jpg\",\"contentUrl\":\"https:\/\/www.coach-hunter.com\/content\/wp-content\/uploads\/2020\/07\/Optimized-trening-zunaj-motivacija_biggalleryimage.jpg\",\"width\":1200,\"height\":800},{\"@type\":\"BreadcrumbList\",\"@id\":\"https:\/\/www.coach-hunter.com\/content\/deust-animation-et-gestion-des-activites-physiques\/#breadcrumb\",\"itemListElement\":[{\"@type\":\"ListItem\",\"position\":1,\"name\":\"Accueil\",\"item\":\"https:\/\/www.coach-hunter.com\/content\/\"},{\"@type\":\"ListItem\",\"position\":2,\"name\":\"DEUST animation et gestion des activit\u00e9s physiques\"}]},{\"@type\":\"WebSite\",\"@id\":\"https:\/\/www.coach-hunter.com\/content\/#website\",\"url\":\"https:\/\/www.coach-hunter.com\/content\/\",\"name\":\"Blog Coach Hunter\",\"description\":\"\",\"potentialAction\":[{\"@type\":\"SearchAction\",\"target\":{\"@type\":\"EntryPoint\",\"urlTemplate\":\"https:\/\/www.coach-hunter.com\/content\/?s={search_term_string}\"},\"query-input\":{\"@type\":\"PropertyValueSpecification\",\"valueRequired\":true,\"valueName\":\"search_term_string\"}}],\"inLanguage\":\"fr-FR\"}]}<\/script>\n<!-- \/ Yoast SEO plugin. -->","yoast_head_json":{"title":"DEUST : g\u00e9rer et animer des s\u00e9ances d'activit\u00e9s physiques","description":"Le DEUST animation et gestion des activit\u00e9s physiques permet de s'investir pleinement dans une structure sportive. Nos coachs vous accompagnent.","robots":{"index":"index","follow":"follow","max-snippet":"max-snippet:-1","max-image-preview":"max-image-preview:large","max-video-preview":"max-video-preview:-1"},"canonical":"https:\/\/www.coach-hunter.com\/content\/deust-animation-et-gestion-des-activites-physiques\/","og_locale":"fr_FR","og_type":"article","og_title":"DEUST : g\u00e9rer et animer des s\u00e9ances d'activit\u00e9s physiques","og_description":"Le DEUST animation et gestion des activit\u00e9s physiques permet de s'investir pleinement dans une structure sportive. Nos coachs vous accompagnent.","og_url":"https:\/\/www.coach-hunter.com\/content\/deust-animation-et-gestion-des-activites-physiques\/","og_site_name":"Blog Coach Hunter","article_modified_time":"2020-10-27T17:01:00+00:00","og_image":[{"width":1200,"height":800,"url":"https:\/\/www.coach-hunter.com\/content\/wp-content\/uploads\/2020\/07\/Optimized-trening-zunaj-motivacija_biggalleryimage.jpg","type":"image\/jpeg"}],"twitter_card":"summary_large_image","twitter_misc":{"Dur\u00e9e de lecture estim\u00e9e":"7 minutes"},"schema":{"@context":"https:\/\/schema.org","@graph":[{"@type":"WebPage","@id":"https:\/\/www.coach-hunter.com\/content\/deust-animation-et-gestion-des-activites-physiques\/","url":"https:\/\/www.coach-hunter.com\/content\/deust-animation-et-gestion-des-activites-physiques\/","name":"DEUST : g\u00e9rer et animer des s\u00e9ances d'activit\u00e9s physiques","isPartOf":{"@id":"https:\/\/www.coach-hunter.com\/content\/#website"},"primaryImageOfPage":{"@id":"https:\/\/www.coach-hunter.com\/content\/deust-animation-et-gestion-des-activites-physiques\/#primaryimage"},"image":{"@id":"https:\/\/www.coach-hunter.com\/content\/deust-animation-et-gestion-des-activites-physiques\/#primaryimage"},"thumbnailUrl":"https:\/\/www.coach-hunter.com\/content\/wp-content\/uploads\/2020\/07\/Optimized-trening-zunaj-motivacija_biggalleryimage-1024x683.jpg","datePublished":"2020-09-21T15:40:51+00:00","dateModified":"2020-10-27T17:01:00+00:00","description":"Le DEUST animation et gestion des activit\u00e9s physiques permet de s'investir pleinement dans une structure sportive. Nos coachs vous accompagnent.","breadcrumb":{"@id":"https:\/\/www.coach-hunter.com\/content\/deust-animation-et-gestion-des-activites-physiques\/#breadcrumb"},"inLanguage":"fr-FR","potentialAction":[{"@type":"ReadAction","target":["https:\/\/www.coach-hunter.com\/content\/deust-animation-et-gestion-des-activites-physiques\/"]}]},{"@type":"ImageObject","inLanguage":"fr-FR","@id":"https:\/\/www.coach-hunter.com\/content\/deust-animation-et-gestion-des-activites-physiques\/#primaryimage","url":"https:\/\/www.coach-hunter.com\/content\/wp-content\/uploads\/2020\/07\/Optimized-trening-zunaj-motivacija_biggalleryimage.jpg","contentUrl":"https:\/\/www.coach-hunter.com\/content\/wp-content\/uploads\/2020\/07\/Optimized-trening-zunaj-motivacija_biggalleryimage.jpg","width":1200,"height":800},{"@type":"BreadcrumbList","@id":"https:\/\/www.coach-hunter.com\/content\/deust-animation-et-gestion-des-activites-physiques\/#breadcrumb","itemListElement":[{"@type":"ListItem","position":1,"name":"Accueil","item":"https:\/\/www.coach-hunter.com\/content\/"},{"@type":"ListItem","position":2,"name":"DEUST animation et gestion des activit\u00e9s physiques"}]},{"@type":"WebSite","@id":"https:\/\/www.coach-hunter.com\/content\/#website","url":"https:\/\/www.coach-hunter.com\/content\/","name":"Blog Coach Hunter","description":"","potentialAction":[{"@type":"SearchAction","target":{"@type":"EntryPoint","urlTemplate":"https:\/\/www.coach-hunter.com\/content\/?s={search_term_string}"},"query-input":{"@type":"PropertyValueSpecification","valueRequired":true,"valueName":"search_term_string"}}],"inLanguage":"fr-FR"}]}},"_links":{"self":[{"href":"https:\/\/www.coach-hunter.com\/content\/wp-json\/wp\/v2\/pages\/570","targetHints":{"allow":["GET"]}}],"collection":[{"href":"https:\/\/www.coach-hunter.com\/content\/wp-json\/wp\/v2\/pages"}],"about":[{"href":"https:\/\/www.coach-hunter.com\/content\/wp-json\/wp\/v2\/types\/page"}],"author":[{"embeddable":true,"href":"https:\/\/www.coach-hunter.com\/content\/wp-json\/wp\/v2\/users\/6"}],"replies":[{"embeddable":true,"href":"https:\/\/www.coach-hunter.com\/content\/wp-json\/wp\/v2\/comments?post=570"}],"version-history":[{"count":8,"href":"https:\/\/www.coach-hunter.com\/content\/wp-json\/wp\/v2\/pages\/570\/revisions"}],"predecessor-version":[{"id":1932,"href":"https:\/\/www.coach-hunter.com\/content\/wp-json\/wp\/v2\/pages\/570\/revisions\/1932"}],"wp:attachment":[{"href":"https:\/\/www.coach-hunter.com\/content\/wp-json\/wp\/v2\/media?parent=570"}],"curies":[{"name":"wp","href":"https:\/\/api.w.org\/{rel}","templated":true}]}}