{"id":568,"date":"2020-09-17T09:40:20","date_gmt":"2020-09-17T09:40:20","guid":{"rendered":"https:\/\/www.coach-hunter.com\/content\/?page_id=568"},"modified":"2020-10-02T12:38:03","modified_gmt":"2020-10-02T12:38:03","slug":"deust-activites-physiques-et-sportives-adaptees","status":"publish","type":"page","link":"https:\/\/www.coach-hunter.com\/content\/deust-activites-physiques-et-sportives-adaptees\/","title":{"rendered":"DEUST activit\u00e9s physiques et sportives adapt\u00e9es"},"content":{"rendered":"\n<p>Le <strong>DEUST activit\u00e9s physiques et sportives adapt\u00e9es<\/strong> est une formation universitaire courte. En effet, en 2 ans apr\u00e8s votre baccalaur\u00e9at, vous obtiendrez votre dipl\u00f4me <a class=\"callAction\" href=\"https:\/\/www.coach-hunter.com\/content\/deust-staps\/\">DEUST STAPS<\/a>. Ce dernier vous permettra donc de travailler dans le domaine des activit\u00e9s physiques et sportives adapt\u00e9es. <\/p>\n\n\n\n<p>Votre r\u00f4le sera de prendre appui sur la pratique sportive afin d\u2019am\u00e9liorer le quotidien de personnes souffrant d\u2019affections de longue dur\u00e9e (ALD). Notre r\u00e9seau Coach Hunter peut vous aider afin de r\u00e9ussir votre cursus universitaire STAPS.&nbsp;<\/p>\n\n\n\n<div class='flexo'><div class=\"lames2\">\n\n\n\n<h2 class=\"wp-block-heading\"><strong>Pr\u00e9sentation du DEUST Activit\u00e9s Physiques et Sportives Adapt\u00e9es<\/strong><\/h2>\n\n\n\n<div class=\"wp-block-image\"><figure class=\"aligncenter size-large\"><img loading=\"lazy\" decoding=\"async\" width=\"1020\" height=\"485\" src=\"https:\/\/www.coach-hunter.com\/content\/wp-content\/uploads\/2020\/07\/Optimized-senior-sportovanie.jpg\" alt=\"DEUST activit\u00e9s physiques et sportives adapt\u00e9es\" class=\"wp-image-1092\" srcset=\"https:\/\/www.coach-hunter.com\/content\/wp-content\/uploads\/2020\/07\/Optimized-senior-sportovanie.jpg 1020w, https:\/\/www.coach-hunter.com\/content\/wp-content\/uploads\/2020\/07\/Optimized-senior-sportovanie-300x143.jpg 300w, https:\/\/www.coach-hunter.com\/content\/wp-content\/uploads\/2020\/07\/Optimized-senior-sportovanie-768x365.jpg 768w\" sizes=\"auto, (max-width: 709px) 85vw, (max-width: 909px) 67vw, (max-width: 1362px) 62vw, 840px\" \/><\/figure><\/div>\n\n\n\n<p>Le DEUST activit\u00e9s physiques et sportives adapt\u00e9es est une formation universitaire en 2 ans. En France, la Facult\u00e9 des sciences du sport de Strasbourg propose notamment ce DEUST \u00ab&nbsp;Sport Adapt\u00e9&nbsp;\u00bb. L\u2019enjeu est de vous former afin d\u2019intervenir aupr\u00e8s de personnes d\u00e9ficientes intellectuelles ou atteintes de troubles psychiques. En effet, une activit\u00e9 physique adapt\u00e9e est b\u00e9n\u00e9fique dans un objectif de pr\u00e9vention, de r\u00e9adaptation et de r\u00e9insertion sociale.&nbsp;<\/p>\n\n\n\n<p>Comme tout cursus universitaire, la formation est divis\u00e9e en semestre. De fait, vous devrez r\u00e9ussir haut la main vos 4 semestres et acqu\u00e9rir 120 ECTS. A titre d\u2019exemple, voici quelques apprentissages au programme.<\/p>\n\n\n\n<figure class=\"wp-block-table\"><table><tbody><tr><td class=\"has-text-align-center\" data-align=\"center\"><strong>1<sup>\u00e8re<\/sup>&nbsp;ann\u00e9e&nbsp;<\/strong><\/td><td class=\"has-text-align-center\" data-align=\"center\"><strong>2<sup>\u00e8me<\/sup>&nbsp;ann\u00e9e<\/strong><\/td><\/tr><tr><td class=\"has-text-align-center\" data-align=\"center\">&nbsp;D\u00e9ficience intellectuelle et souffrance psychique<br>Connaissances et repr\u00e9sentations sur le handicap<br>Didactique des activit\u00e9s physiques et sportives<br>Anglais<br>D\u00e9veloppement de l\u2019enfant<br>Connaissances du polyhandicap<br>Informatique<br>Organisation d\u2019\u00e9v\u00e9nements<br>Stage p\u00e9dagogique&nbsp;<\/td><td class=\"has-text-align-center\" data-align=\"center\">&nbsp;Les dispositifs institutionnels<br>Analyse de projet<br>Connaissances et repr\u00e9sentations de la souffrance psychique<br>Connaissance de l\u2019adolescence<br>Responsabilit\u00e9 \u00e9ducative et th\u00e9rapeutique<br>Projet professionnel<br>Didactique des APS<br>Stage p\u00e9dagogique&nbsp;<\/td><\/tr><\/tbody><\/table><figcaption>DEUST activit\u00e9s physiques et sportives adapt\u00e9es<\/figcaption><\/figure>\n\n\n\n<\/div><div class=\"lames2\">\n\n\n\n<h2 class=\"wp-block-heading\"><strong>Une formation universitaire courte<\/strong><\/h2>\n\n\n\n<p>L\u2019acc\u00e8s \u00e0 cette formation se d\u00e9roule sur Parcoursup ou directement aupr\u00e8s de l\u2019\u00e9tablissement, suivant votre profil (lyc\u00e9en ou reprise d\u2019\u00e9tude). Si votre dossier est retenu, l\u2019universit\u00e9 pourra vous proposer un entretien individuel afin d\u2019en savoir plus sur votre projet professionnel ainsi que vos ambitions. En effet, les places \u00e9tant limit\u00e9es, il convient d\u2019avoir des arguments pertinents \u00e0 exposer.&nbsp;<\/p>\n\n\n\n<p>Le DEUST activit\u00e9s physiques et sportives adapt\u00e9es peut \u00eatre propos\u00e9 en formation initiale, continue ou en contrat de professionnalisation.&nbsp;<\/p>\n\n\n\n<p>Int\u00e9gr\u00e9 \u00e0 la facult\u00e9 des sciences du sport, vous devrez \u00eatre vous-m\u00eame passionn\u00e9 et pratiquant r\u00e9gulier d\u2019activit\u00e9s sportives afin de transmettre vos comp\u00e9tences. N\u2019ayez crainte, aucun niveau sportif n\u2019est requis \u00e0 l\u2019entr\u00e9e. Cependant, une sp\u00e9cialit\u00e9 sportive pratiqu\u00e9e depuis l\u2019enfance ou bien une passion \u00e9clectique vous ayant permis de pratiquer plusieurs sports est un atout non n\u00e9gligeable.<\/p>\n\n\n\n<p>Si bon nombre d\u2019\u00e9tudiants s\u2019orientent vers un DEUST activit\u00e9s physiques et sportives adapt\u00e9es c\u2019est en raison de la dur\u00e9e d\u2019\u00e9tude. Au bout de 2ans seulement, vous int\u00e9grerez le march\u00e9 de l\u2019emploi, dipl\u00f4me en poche.<\/p>\n\n\n\n<\/div><div class=\"lames2\">\n\n\n\n<h2 class=\"wp-block-heading\"><strong>Quels m\u00e9tiers&nbsp;? Quels d\u00e9bouch\u00e9s&nbsp;?&nbsp;<\/strong><\/h2>\n\n\n\n<div class=\"wp-block-image\"><figure class=\"aligncenter size-large\"><img loading=\"lazy\" decoding=\"async\" width=\"1024\" height=\"573\" src=\"https:\/\/www.coach-hunter.com\/content\/wp-content\/uploads\/2020\/07\/Optimized-salle-de-sport-et-handicap-1-1024x573.jpg\" alt=\"DEUST activit\u00e9s physiques et sportives adapt\u00e9es basket\" class=\"wp-image-1095\" srcset=\"https:\/\/www.coach-hunter.com\/content\/wp-content\/uploads\/2020\/07\/Optimized-salle-de-sport-et-handicap-1-1024x573.jpg 1024w, https:\/\/www.coach-hunter.com\/content\/wp-content\/uploads\/2020\/07\/Optimized-salle-de-sport-et-handicap-1-300x168.jpg 300w, https:\/\/www.coach-hunter.com\/content\/wp-content\/uploads\/2020\/07\/Optimized-salle-de-sport-et-handicap-1-768x429.jpg 768w, https:\/\/www.coach-hunter.com\/content\/wp-content\/uploads\/2020\/07\/Optimized-salle-de-sport-et-handicap-1.jpg 1200w\" sizes=\"auto, (max-width: 709px) 85vw, (max-width: 909px) 67vw, (max-width: 1362px) 62vw, 840px\" \/><\/figure><\/div>\n\n\n\n<p>Le DEUST activit\u00e9s physiques et sportives adapt\u00e9es vous permet d\u2019exercer le m\u00e9tier d\u2019\u00e9ducateur sportif aupr\u00e8s de personnes ayant des besoins particuliers. Il s\u2019agit g\u00e9n\u00e9ralement d\u2019ALD, \u00e0 savoir&nbsp;:&nbsp;<\/p>\n\n\n\n<ul class=\"wp-block-list\"><li>D\u00e9ficiences intellectuelles ou troubles psychiques<\/li><li>Handicaps physiques ou mentaux<\/li><li>Cancers<\/li><li>Troubles li\u00e9s aux vieillissements<\/li><\/ul>\n\n\n\n<p>Votre r\u00f4le au sein d\u2019une structure sp\u00e9cialis\u00e9e est donc de concevoir, coordonner, conduire et \u00e9valuer des projets adapt\u00e9s aux personnes accueillies. G\u00e9n\u00e9ralement au sein d\u2019une \u00e9quipe, vous mettrez en place un travail collectif afin de choisir les APSA et les modes d\u2019intervention les plus pertinents.&nbsp;<\/p>\n\n\n\n<p>Le DEUST activit\u00e9s physiques et sportives adapt\u00e9es est con\u00e7u pour une insertion imm\u00e9diate sur le march\u00e9 du travail. Cependant, quelques \u00e9tudiants poursuivent leur \u00e9tude en licence pro pour devenir coordinateur de projet ou en Licence 3.&nbsp;<\/p>\n\n\n\n<p>L\u2019\u00e9ducateur sportif APA peut intervenir au&nbsp;sein d\u2019un centre de soin de suite et de r\u00e9adaptation (SRR), d\u2019un centre d\u2019h\u00e9bergement et de r\u00e9insertion sociale, d\u2019un h\u00f4pital, d\u2019une association sportive ou \u00e9galement un \u00e9tablissement pour personnes \u00e2g\u00e9es. De fait, les recruteurs ne manquent pas et votre profil est recherch\u00e9 afin d\u2019am\u00e9liorer le bien-\u00eatre de nombreux patients (enfants, adolescents, adultes).&nbsp;<\/p>\n\n\n\n<\/div><div class=\"lames2\">\n\n\n\n<h2 class=\"wp-block-heading\"><strong>L\u2019importance des stages en milieu professionnel<\/strong><\/h2>\n\n\n\n<div class=\"wp-block-image\"><figure class=\"aligncenter size-large\"><img loading=\"lazy\" decoding=\"async\" width=\"1024\" height=\"682\" src=\"https:\/\/www.coach-hunter.com\/content\/wp-content\/uploads\/2020\/07\/Optimized-1HhKfsqQ0DTERMwuweX2HXg-1024x682.jpg\" alt=\"DEUST activit\u00e9s physiques et sportives adapt\u00e9es\" class=\"wp-image-1094\" srcset=\"https:\/\/www.coach-hunter.com\/content\/wp-content\/uploads\/2020\/07\/Optimized-1HhKfsqQ0DTERMwuweX2HXg-1024x682.jpg 1024w, https:\/\/www.coach-hunter.com\/content\/wp-content\/uploads\/2020\/07\/Optimized-1HhKfsqQ0DTERMwuweX2HXg-300x200.jpg 300w, https:\/\/www.coach-hunter.com\/content\/wp-content\/uploads\/2020\/07\/Optimized-1HhKfsqQ0DTERMwuweX2HXg-768x511.jpg 768w, https:\/\/www.coach-hunter.com\/content\/wp-content\/uploads\/2020\/07\/Optimized-1HhKfsqQ0DTERMwuweX2HXg.jpg 1200w\" sizes=\"auto, (max-width: 709px) 85vw, (max-width: 909px) 67vw, (max-width: 1362px) 62vw, 840px\" \/><\/figure><\/div>\n\n\n\n<p>Toutes les formations courtes laissent une place de choix aux stages en milieu professionnel. En effet, le DEUST activit\u00e9s physiques et sportives adapt\u00e9es ne d\u00e9roge pas \u00e0 la r\u00e8gle. Qu\u2019il s\u2019agisse de stage d\u2019observation et\/ou d\u2019intervention, ne le choisissez pas \u00e0 la l\u00e9g\u00e8re. D&rsquo;ailleurs, il n\u2019est pas rare que les stages p\u00e9dagogiques d\u00e9bouchent rapidement sur un emploi d\u00e8s la fin de votre cursus.&nbsp;<\/p>\n\n\n\n<p>Ces stages sont une occasion unique de se familiariser avec les exigences du m\u00e9tier. Toujours enrichissant, ils vous permettront notamment d\u2019\u00e9changer avec d\u2019autres titulaires d\u2019un DEUST activit\u00e9s physiques et sportives adapt\u00e9es ou une qualification sup\u00e9rieure afin d\u2019avoir une vue d\u2019ensemble.&nbsp;<\/p>\n\n\n\n<p>La validation peut passer par un rapport de stage et\/ou un m\u00e9moire. Une bonne pr\u00e9paration et de l&rsquo;assiduit\u00e9 permet de fournir un travail de qualit\u00e9.&nbsp;<\/p>\n\n\n\n<p>N\u2019h\u00e9sitez pas \u00e0 prendre contact avec des structures de stage avant votre entr\u00e9e en formation. De fait, en anticipant votre demande, vous \u00e9viterez quelque peu la concurrence. Si vous souhaitez travailler aupr\u00e8s d\u2019enfants, intervenir aupr\u00e8s d\u2019un service de psychiatrie infanto-juv\u00e9nile est une option int\u00e9ressante. Pour les adolescents, les instituts m\u00e9dico-\u00e9ducatifs (IME) pourront \u00eatre contact\u00e9s. <\/p>\n\n\n\n<p>En effet, ces derniers sont des \u00e9tablissements m\u00e9dico-\u00e9ducatifs accueillant un jeune public (3 \u00e0 20 ans) ayant une d\u00e9ficience intellectuelle avec ou sans troubles associ\u00e9s. Ces \u00e9tablissements ont 1001 projets sportifs pour les enfants et adolescents (tennis, judo, natation, VTT, \u00e9quitation, etc).&nbsp;<\/p>\n\n\n\n<\/div><div class=\"lames2\">\n\n\n\n<h2 class=\"wp-block-heading\"><strong>Coach Hunter pour r\u00e9ussir votre ann\u00e9e en STAPS<\/strong><\/h2>\n\n\n\n<p>Pr\u00e9parez votre DEUST activit\u00e9s physiques et sportives adapt\u00e9es \u00e0 travers la fili\u00e8re STAPS avec s\u00e9rieux. Pour vous accompagner, de nombreux coachs sportifs du r\u00e9seau Coach Hunter sont sp\u00e9cialis\u00e9s en&nbsp;<a class=\"callAction\" href=\"https:\/\/www.coach-hunter.com\/sport\/activites-physiques-adaptees\">Activit\u00e9s Physiques Adapt\u00e9es<\/a>.&nbsp;<\/p>\n\n\n\n<p><a class=\"callAction\" href=\"https:\/\/www.coach-hunter.com\/profil\/22444\">St\u00e9phane, coach sportif sur Marseille<\/a>&nbsp;est titulaire d\u2019un DEUST, Licence et Master STAPS Activit\u00e9 physique adapt\u00e9e. Pour vous, ce profil est donc tr\u00e8s int\u00e9ressant. Ce coach sportif pourra vous pr\u00e9parer physiquement avant d\u2019int\u00e9grer la fili\u00e8re STAPS. En parall\u00e8le, il vous distillera de pr\u00e9cieux conseils pour r\u00e9ussir votre dipl\u00f4me ainsi que votre avenir professionnel.&nbsp;<\/p>\n\n\n\n<p>Prendre contact avec un coach sportif exp\u00e9riment\u00e9, titulaire d\u2019un dipl\u00f4me APA vous permettra donc de mettre toutes les chances de votre c\u00f4t\u00e9. En effet, mieux que quiconque, il conna\u00eet les structures d\u2019APA au niveau local.&nbsp;<\/p>\n\n\n\n<\/div><\/div>\n\n\n\n<h2 class=\"wp-block-heading\"><strong>Conclusion<\/strong><\/h2>\n\n\n\n<p>En r\u00e9sum\u00e9, le DEUST activit\u00e9s physiques et sportives adapt\u00e9es est un dipl\u00f4me permettant de devenir \u00e9ducateur sportif aupr\u00e8s d\u2019un public \u00e0 besoins particuliers. Les personnes souffrant d\u2019ALD, de maladies mentales ou d\u2019un handicap physique ont grandement besoin d\u2019activit\u00e9s physiques et sportives adapt\u00e9es.&nbsp;<\/p>\n\n\n\n<p>Votre intervention, s\u2019inscrivant sur la dur\u00e9e, contribue donc \u00e0 lutter contre les inadaptations sociales, physiques et mentales. A votre niveau, vous pouvez grandement influer sur la vie de ces personnes o\u00f9 la pratique sportive est un moment fort de leur journ\u00e9e. Outre une augmentation de l\u2019estime de soi, l\u2019activit\u00e9 physique adapt\u00e9e est une occasion de gagner en autonomie et d\u2019acqu\u00e9rir des comp\u00e9tences qui pourront \u00eatre utile dans la vie en soci\u00e9t\u00e9.&nbsp;<\/p>\n\n\n\n<p>Les coachs sportifs du r\u00e9seau Coach Hunter sont disponibles 7j\/7 pour vous pr\u00e9parer physiquement \u00e0 l\u2019obtention de votre DEUST tout en vous transmettant de pr\u00e9cieux conseils. Appuyez-vous sur ces interlocuteurs privil\u00e9gi\u00e9s. <\/p>\n\n\n\n<h2 class=\"wp-block-heading\">D&rsquo;autres DEUST Staps :<\/h2>\n\n\n\n<ul class=\"wp-block-list\"><li>Le <a href=\"https:\/\/www.coach-hunter.com\/content\/deust-animation-et-gestion-des-activites-physiques\/\">DEUST animation et gestion des activit\u00e9s physiques et sportives<\/a><\/li><li><a href=\"https:\/\/www.coach-hunter.com\/content\/deust-metiers-de-la-forme\/\">DEUST m\u00e9tiers de  la forme<\/a><\/li><li>Le <a href=\"https:\/\/www.coach-hunter.com\/content\/deust-manager-de-club-sportif\/\">DEUST manager de club sportif<\/a><\/li><li><a href=\"https:\/\/www.coach-hunter.com\/content\/deust-autre-mention\/\">DEUST Autre mention<\/a><\/li><\/ul>\n","protected":false},"excerpt":{"rendered":"<p>Le DEUST activit\u00e9s physiques et sportives adapt\u00e9es est une formation universitaire courte. En effet, en 2 ans apr\u00e8s votre baccalaur\u00e9at, vous obtiendrez votre dipl\u00f4me DEUST STAPS. Ce dernier vous permettra donc de travailler dans le domaine des activit\u00e9s physiques et sportives adapt\u00e9es. Votre r\u00f4le sera de prendre appui sur la pratique sportive afin d\u2019am\u00e9liorer le &hellip; <a href=\"https:\/\/www.coach-hunter.com\/content\/deust-activites-physiques-et-sportives-adaptees\/\" class=\"more-link\">Continuer la lecture<span class=\"screen-reader-text\"> de &laquo;&nbsp;DEUST activit\u00e9s physiques et sportives adapt\u00e9es&nbsp;&raquo;<\/span><\/a><\/p>\n","protected":false},"author":6,"featured_media":0,"parent":0,"menu_order":0,"comment_status":"closed","ping_status":"closed","template":"","meta":{"footnotes":""},"class_list":["post-568","page","type-page","status-publish","hentry"],"yoast_head":"<!-- This site is optimized with the Yoast SEO plugin v27.5 - https:\/\/yoast.com\/product\/yoast-seo-wordpress\/ -->\n<title>DEUST activit\u00e9s physiques et sportives adapt\u00e9es : Suivez le coach<\/title>\n<meta name=\"description\" content=\"Le DEUST activit\u00e9s physiques et sportives adapt\u00e9es permet de travailler au c\u00f4t\u00e9 d&#039;un public \u00e0 besoins particuliers. Suivez nos conseils pour r\u00e9ussir.\" \/>\n<meta name=\"robots\" content=\"index, follow, max-snippet:-1, max-image-preview:large, max-video-preview:-1\" \/>\n<link rel=\"canonical\" href=\"https:\/\/www.coach-hunter.com\/content\/deust-activites-physiques-et-sportives-adaptees\/\" \/>\n<meta property=\"og:locale\" content=\"fr_FR\" \/>\n<meta property=\"og:type\" content=\"article\" \/>\n<meta property=\"og:title\" content=\"DEUST activit\u00e9s physiques et sportives adapt\u00e9es : Suivez le coach\" \/>\n<meta property=\"og:description\" content=\"Le DEUST activit\u00e9s physiques et sportives adapt\u00e9es permet de travailler au c\u00f4t\u00e9 d&#039;un public \u00e0 besoins particuliers. Suivez nos conseils pour r\u00e9ussir.\" \/>\n<meta property=\"og:url\" content=\"https:\/\/www.coach-hunter.com\/content\/deust-activites-physiques-et-sportives-adaptees\/\" \/>\n<meta property=\"og:site_name\" content=\"Blog Coach Hunter\" \/>\n<meta property=\"article:modified_time\" content=\"2020-10-02T12:38:03+00:00\" \/>\n<meta property=\"og:image\" content=\"https:\/\/www.coach-hunter.com\/content\/wp-content\/uploads\/2020\/07\/Optimized-senior-sportovanie.jpg\" \/>\n\t<meta property=\"og:image:width\" content=\"1020\" \/>\n\t<meta property=\"og:image:height\" content=\"485\" \/>\n\t<meta property=\"og:image:type\" content=\"image\/jpeg\" \/>\n<meta name=\"twitter:card\" content=\"summary_large_image\" \/>\n<meta name=\"twitter:label1\" content=\"Dur\u00e9e de lecture estim\u00e9e\" \/>\n\t<meta name=\"twitter:data1\" content=\"7 minutes\" \/>\n<script type=\"application\/ld+json\" class=\"yoast-schema-graph\">{\"@context\":\"https:\\\/\\\/schema.org\",\"@graph\":[{\"@type\":\"WebPage\",\"@id\":\"https:\\\/\\\/www.coach-hunter.com\\\/content\\\/deust-activites-physiques-et-sportives-adaptees\\\/\",\"url\":\"https:\\\/\\\/www.coach-hunter.com\\\/content\\\/deust-activites-physiques-et-sportives-adaptees\\\/\",\"name\":\"DEUST activit\u00e9s physiques et sportives adapt\u00e9es : Suivez le coach\",\"isPartOf\":{\"@id\":\"https:\\\/\\\/www.coach-hunter.com\\\/content\\\/#website\"},\"primaryImageOfPage\":{\"@id\":\"https:\\\/\\\/www.coach-hunter.com\\\/content\\\/deust-activites-physiques-et-sportives-adaptees\\\/#primaryimage\"},\"image\":{\"@id\":\"https:\\\/\\\/www.coach-hunter.com\\\/content\\\/deust-activites-physiques-et-sportives-adaptees\\\/#primaryimage\"},\"thumbnailUrl\":\"https:\\\/\\\/www.coach-hunter.com\\\/content\\\/wp-content\\\/uploads\\\/2020\\\/07\\\/Optimized-senior-sportovanie.jpg\",\"datePublished\":\"2020-09-17T09:40:20+00:00\",\"dateModified\":\"2020-10-02T12:38:03+00:00\",\"description\":\"Le DEUST activit\u00e9s physiques et sportives adapt\u00e9es permet de travailler au c\u00f4t\u00e9 d'un public \u00e0 besoins particuliers. Suivez nos conseils pour r\u00e9ussir.\",\"breadcrumb\":{\"@id\":\"https:\\\/\\\/www.coach-hunter.com\\\/content\\\/deust-activites-physiques-et-sportives-adaptees\\\/#breadcrumb\"},\"inLanguage\":\"fr-FR\",\"potentialAction\":[{\"@type\":\"ReadAction\",\"target\":[\"https:\\\/\\\/www.coach-hunter.com\\\/content\\\/deust-activites-physiques-et-sportives-adaptees\\\/\"]}]},{\"@type\":\"ImageObject\",\"inLanguage\":\"fr-FR\",\"@id\":\"https:\\\/\\\/www.coach-hunter.com\\\/content\\\/deust-activites-physiques-et-sportives-adaptees\\\/#primaryimage\",\"url\":\"https:\\\/\\\/www.coach-hunter.com\\\/content\\\/wp-content\\\/uploads\\\/2020\\\/07\\\/Optimized-senior-sportovanie.jpg\",\"contentUrl\":\"https:\\\/\\\/www.coach-hunter.com\\\/content\\\/wp-content\\\/uploads\\\/2020\\\/07\\\/Optimized-senior-sportovanie.jpg\",\"width\":1020,\"height\":485},{\"@type\":\"BreadcrumbList\",\"@id\":\"https:\\\/\\\/www.coach-hunter.com\\\/content\\\/deust-activites-physiques-et-sportives-adaptees\\\/#breadcrumb\",\"itemListElement\":[{\"@type\":\"ListItem\",\"position\":1,\"name\":\"Accueil\",\"item\":\"https:\\\/\\\/www.coach-hunter.com\\\/content\\\/\"},{\"@type\":\"ListItem\",\"position\":2,\"name\":\"DEUST activit\u00e9s physiques et sportives adapt\u00e9es\"}]},{\"@type\":\"WebSite\",\"@id\":\"https:\\\/\\\/www.coach-hunter.com\\\/content\\\/#website\",\"url\":\"https:\\\/\\\/www.coach-hunter.com\\\/content\\\/\",\"name\":\"Blog Coach Hunter\",\"description\":\"\",\"potentialAction\":[{\"@type\":\"SearchAction\",\"target\":{\"@type\":\"EntryPoint\",\"urlTemplate\":\"https:\\\/\\\/www.coach-hunter.com\\\/content\\\/?s={search_term_string}\"},\"query-input\":{\"@type\":\"PropertyValueSpecification\",\"valueRequired\":true,\"valueName\":\"search_term_string\"}}],\"inLanguage\":\"fr-FR\"}]}<\/script>\n<!-- \/ Yoast SEO plugin. -->","yoast_head_json":{"title":"DEUST activit\u00e9s physiques et sportives adapt\u00e9es : Suivez le coach","description":"Le DEUST activit\u00e9s physiques et sportives adapt\u00e9es permet de travailler au c\u00f4t\u00e9 d'un public \u00e0 besoins particuliers. Suivez nos conseils pour r\u00e9ussir.","robots":{"index":"index","follow":"follow","max-snippet":"max-snippet:-1","max-image-preview":"max-image-preview:large","max-video-preview":"max-video-preview:-1"},"canonical":"https:\/\/www.coach-hunter.com\/content\/deust-activites-physiques-et-sportives-adaptees\/","og_locale":"fr_FR","og_type":"article","og_title":"DEUST activit\u00e9s physiques et sportives adapt\u00e9es : Suivez le coach","og_description":"Le DEUST activit\u00e9s physiques et sportives adapt\u00e9es permet de travailler au c\u00f4t\u00e9 d'un public \u00e0 besoins particuliers. Suivez nos conseils pour r\u00e9ussir.","og_url":"https:\/\/www.coach-hunter.com\/content\/deust-activites-physiques-et-sportives-adaptees\/","og_site_name":"Blog Coach Hunter","article_modified_time":"2020-10-02T12:38:03+00:00","og_image":[{"width":1020,"height":485,"url":"https:\/\/www.coach-hunter.com\/content\/wp-content\/uploads\/2020\/07\/Optimized-senior-sportovanie.jpg","type":"image\/jpeg"}],"twitter_card":"summary_large_image","twitter_misc":{"Dur\u00e9e de lecture estim\u00e9e":"7 minutes"},"schema":{"@context":"https:\/\/schema.org","@graph":[{"@type":"WebPage","@id":"https:\/\/www.coach-hunter.com\/content\/deust-activites-physiques-et-sportives-adaptees\/","url":"https:\/\/www.coach-hunter.com\/content\/deust-activites-physiques-et-sportives-adaptees\/","name":"DEUST activit\u00e9s physiques et sportives adapt\u00e9es : Suivez le coach","isPartOf":{"@id":"https:\/\/www.coach-hunter.com\/content\/#website"},"primaryImageOfPage":{"@id":"https:\/\/www.coach-hunter.com\/content\/deust-activites-physiques-et-sportives-adaptees\/#primaryimage"},"image":{"@id":"https:\/\/www.coach-hunter.com\/content\/deust-activites-physiques-et-sportives-adaptees\/#primaryimage"},"thumbnailUrl":"https:\/\/www.coach-hunter.com\/content\/wp-content\/uploads\/2020\/07\/Optimized-senior-sportovanie.jpg","datePublished":"2020-09-17T09:40:20+00:00","dateModified":"2020-10-02T12:38:03+00:00","description":"Le DEUST activit\u00e9s physiques et sportives adapt\u00e9es permet de travailler au c\u00f4t\u00e9 d'un public \u00e0 besoins particuliers. Suivez nos conseils pour r\u00e9ussir.","breadcrumb":{"@id":"https:\/\/www.coach-hunter.com\/content\/deust-activites-physiques-et-sportives-adaptees\/#breadcrumb"},"inLanguage":"fr-FR","potentialAction":[{"@type":"ReadAction","target":["https:\/\/www.coach-hunter.com\/content\/deust-activites-physiques-et-sportives-adaptees\/"]}]},{"@type":"ImageObject","inLanguage":"fr-FR","@id":"https:\/\/www.coach-hunter.com\/content\/deust-activites-physiques-et-sportives-adaptees\/#primaryimage","url":"https:\/\/www.coach-hunter.com\/content\/wp-content\/uploads\/2020\/07\/Optimized-senior-sportovanie.jpg","contentUrl":"https:\/\/www.coach-hunter.com\/content\/wp-content\/uploads\/2020\/07\/Optimized-senior-sportovanie.jpg","width":1020,"height":485},{"@type":"BreadcrumbList","@id":"https:\/\/www.coach-hunter.com\/content\/deust-activites-physiques-et-sportives-adaptees\/#breadcrumb","itemListElement":[{"@type":"ListItem","position":1,"name":"Accueil","item":"https:\/\/www.coach-hunter.com\/content\/"},{"@type":"ListItem","position":2,"name":"DEUST activit\u00e9s physiques et sportives adapt\u00e9es"}]},{"@type":"WebSite","@id":"https:\/\/www.coach-hunter.com\/content\/#website","url":"https:\/\/www.coach-hunter.com\/content\/","name":"Blog Coach Hunter","description":"","potentialAction":[{"@type":"SearchAction","target":{"@type":"EntryPoint","urlTemplate":"https:\/\/www.coach-hunter.com\/content\/?s={search_term_string}"},"query-input":{"@type":"PropertyValueSpecification","valueRequired":true,"valueName":"search_term_string"}}],"inLanguage":"fr-FR"}]}},"_links":{"self":[{"href":"https:\/\/www.coach-hunter.com\/content\/wp-json\/wp\/v2\/pages\/568","targetHints":{"allow":["GET"]}}],"collection":[{"href":"https:\/\/www.coach-hunter.com\/content\/wp-json\/wp\/v2\/pages"}],"about":[{"href":"https:\/\/www.coach-hunter.com\/content\/wp-json\/wp\/v2\/types\/page"}],"author":[{"embeddable":true,"href":"https:\/\/www.coach-hunter.com\/content\/wp-json\/wp\/v2\/users\/6"}],"replies":[{"embeddable":true,"href":"https:\/\/www.coach-hunter.com\/content\/wp-json\/wp\/v2\/comments?post=568"}],"version-history":[{"count":10,"href":"https:\/\/www.coach-hunter.com\/content\/wp-json\/wp\/v2\/pages\/568\/revisions"}],"predecessor-version":[{"id":1749,"href":"https:\/\/www.coach-hunter.com\/content\/wp-json\/wp\/v2\/pages\/568\/revisions\/1749"}],"wp:attachment":[{"href":"https:\/\/www.coach-hunter.com\/content\/wp-json\/wp\/v2\/media?parent=568"}],"curies":[{"name":"wp","href":"https:\/\/api.w.org\/{rel}","templated":true}]}}