{"id":562,"date":"2020-06-29T13:07:54","date_gmt":"2020-06-29T13:07:54","guid":{"rendered":"https:\/\/www.coach-hunter.com\/content\/?page_id=562"},"modified":"2020-09-08T13:22:19","modified_gmt":"2020-09-08T13:22:19","slug":"bpjeps-football","status":"publish","type":"page","link":"https:\/\/www.coach-hunter.com\/content\/bpjeps-football\/","title":{"rendered":"BPJEPS Football : Un secteur qui recrute !"},"content":{"rendered":"\n<p>Le <strong>BPJEPS Football<\/strong> est un dipl\u00f4me <a class=\"callAction\" href=\"https:\/\/www.coach-hunter.com\/content\/bpjeps-sports-collectifs\/\">BPJEPS Sports collectifs<\/a> id\u00e9al pour enfin vivre de sa passion. Certes, tout le monde a r\u00eav\u00e9 un jour de devenir footballeur professionnel. Or, seule une infime minorit\u00e9 de sportifs y parviennent. Le <strong>BPJEPS Activit\u00e9s Sports Collectifs mention football<\/strong> est une alternative int\u00e9ressante pour travailler dans ce domaine et \u00eatre utile aux futures g\u00e9n\u00e9rations. <\/p>\n\n\n\n<p><strong>Coach Hunter<\/strong> vous accompagne afin de mettre toutes les chances de votre c\u00f4t\u00e9. Ne laissez pas passer votre r\u00eave une deuxi\u00e8me fois.&nbsp;<\/p>\n\n\n\n<div class='flexo'><div class=\"lames2\">\n\n\n\n<h2 class=\"wp-block-heading\"><strong>BPJEPS Football pour devenir entra\u00eeneur de foot mais pas seulement\u2026<\/strong><\/h2>\n\n\n\n<div class=\"wp-block-image\"><figure class=\"aligncenter size-large\"><img loading=\"lazy\" decoding=\"async\" width=\"1024\" height=\"682\" src=\"https:\/\/www.coach-hunter.com\/content\/wp-content\/uploads\/2020\/06\/Optimized-Children-In-Soccer-Team-Having-Training-With-Coach-000016408032_Large-min-1024x682.jpg\" alt=\"BPJEPS Football\" class=\"wp-image-769\" srcset=\"https:\/\/www.coach-hunter.com\/content\/wp-content\/uploads\/2020\/06\/Optimized-Children-In-Soccer-Team-Having-Training-With-Coach-000016408032_Large-min-1024x682.jpg 1024w, https:\/\/www.coach-hunter.com\/content\/wp-content\/uploads\/2020\/06\/Optimized-Children-In-Soccer-Team-Having-Training-With-Coach-000016408032_Large-min-300x200.jpg 300w, https:\/\/www.coach-hunter.com\/content\/wp-content\/uploads\/2020\/06\/Optimized-Children-In-Soccer-Team-Having-Training-With-Coach-000016408032_Large-min-768x511.jpg 768w, https:\/\/www.coach-hunter.com\/content\/wp-content\/uploads\/2020\/06\/Optimized-Children-In-Soccer-Team-Having-Training-With-Coach-000016408032_Large-min.jpg 1200w\" sizes=\"auto, (max-width: 709px) 85vw, (max-width: 909px) 67vw, (max-width: 1362px) 62vw, 840px\" \/><\/figure><\/div>\n\n\n\n<p>Oui, le BPJEPS Football permet de devenir <strong>entra\u00eeneur de football<\/strong> sur les cat\u00e9gories de jeunes, <strong>jusqu\u2019\u00e0 U17<\/strong>. Or, l\u2019intitul\u00e9 exact de ce <strong>brevet professionnel de la jeunesse, de l\u2019\u00e9ducation populaire et du sport<\/strong> est BPJEPS Activit\u00e9s Sports Collectifs mention Football. Vous aurez donc compris qu\u2019\u00e0 l\u2019issue de cette formation, vous deviendrez un <strong>animateur<\/strong> sp\u00e9cialit\u00e9 activit\u00e9s sports collectifs ayant le football comme domaine de pr\u00e9dilection. Cette double comp\u00e9tence est indispensable pour trouver facilement un emploi \u00e0 la sortie.&nbsp;<\/p>\n\n\n\n<p>C\u00f4t\u00e9 sports collectifs, vous pourrez intervenir en tant qu\u2019initiateur basket-ball, handball, hockey sur gazon, rugby \u00e0 XIII, rugby \u00e0 XV et volley-ball.&nbsp;<\/p>\n\n\n\n<p>N\u2019ayez crainte. Nul besoin d\u2019\u00eatre un expert incontestable dans toutes les <strong>disciplines sportives<\/strong>. Cependant, il convient de les avoir d\u00e9j\u00e0 pratiqu\u00e9 et d\u2019avoir quelques notions que les examinateurs appr\u00e9cieront.&nbsp;<\/p>\n\n\n\n<\/div><div class=\"lames2\">\n\n\n\n<h2 class=\"wp-block-heading\"><strong>Pr\u00e9sentation du BPJEPS Football<\/strong><\/h2>\n\n\n\n<p>La <strong>formation sport collectif<\/strong> mention football dure environ 10 mois pour 1200 h de formation. 600 h sont consacr\u00e9es aux <strong>cours th\u00e9oriques<\/strong> et 600 h aux <strong>stages p\u00e9dagogiques<\/strong>.&nbsp;<\/p>\n\n\n\n<p>Comme \u00e9nonc\u00e9 pr\u00e9c\u00e9demment, vous devrez acqu\u00e9rir et d\u00e9velopper des <strong>comp\u00e9tences <\/strong>aussi bien dans le domaine du football que dans les sports collectifs. Ces derni\u00e8res seront valid\u00e9es par l\u2019<strong>acquisition d\u2019unit\u00e9s capitalisables<\/strong>. Vous participerez \u00e0 l\u2019\u00e9laboration ainsi qu\u2019\u00e0 la mise en \u0153uvre d\u2019un <strong>projet p\u00e9dagogique<\/strong>. Vous participerez \u00e9galement au fonctionnement d\u2019une structure&nbsp;: connaissance du milieu socio-professionnel, \u00e9laboration et conduite de projet professionnel.&nbsp;<\/p>\n\n\n\n<p>Afin de pr\u00e9parer au mieux votre entr\u00e9e en formation, nous vous conseillons de rechercher activement un stage p\u00e9dagogique, vous pr\u00e9parer physiquement ainsi que prendre connaissance des exigences pr\u00e9alables.&nbsp;<\/p>\n\n\n\n<p>Le <strong>co\u00fbt de la formation<\/strong> s\u2019\u00e9l\u00e8ve \u00e0 6500&nbsp;euros environ. Certes des aides financi\u00e8res sont possibles (mission locale, p\u00f4le emploi, clubs, cong\u00e9s individuel de formation, etc). Cependant, au regard de l\u2019investissement personnel et financier, ne laissez pas de place au hasard. Faites-vous aider par un coach sportif pour analyser vos points forts ainsi que vos faiblesses.&nbsp;<\/p>\n\n\n\n<\/div><div class=\"lames2\">\n\n\n\n<h2 class=\"wp-block-heading\"><strong>Un secteur qui recrute&nbsp;?&nbsp;<\/strong><\/h2>\n\n\n\n<div class=\"wp-block-image\"><figure class=\"aligncenter size-large\"><img loading=\"lazy\" decoding=\"async\" width=\"1024\" height=\"621\" src=\"https:\/\/www.coach-hunter.com\/content\/wp-content\/uploads\/2020\/06\/Optimized-VERENIGING-1.jpg\" alt=\"BPJEPS Sports collectifs mention football\" class=\"wp-image-770\" srcset=\"https:\/\/www.coach-hunter.com\/content\/wp-content\/uploads\/2020\/06\/Optimized-VERENIGING-1.jpg 1024w, https:\/\/www.coach-hunter.com\/content\/wp-content\/uploads\/2020\/06\/Optimized-VERENIGING-1-300x182.jpg 300w, https:\/\/www.coach-hunter.com\/content\/wp-content\/uploads\/2020\/06\/Optimized-VERENIGING-1-768x466.jpg 768w\" sizes=\"auto, (max-width: 709px) 85vw, (max-width: 909px) 67vw, (max-width: 1362px) 62vw, 840px\" \/><\/figure><\/div>\n\n\n\n<p>Bien \u00e9videmment, les <strong>clubs de football<\/strong> ainsi que les <strong>structures priv\u00e9es de foot \u00e0 5 indoor<\/strong> seront vos premiers employeurs. Cependant, il n\u2019est pas rare que le jeune dipl\u00f4m\u00e9 se retrouve dans l\u2019obligation de cumuler les contrats pour atteindre un nombre d\u2019heure acceptable. De fait, orientez-vous aussi du c\u00f4t\u00e9 du milieu associatif, scolaire ou encore les centres de loisir. Vous pourrez faire valoir vos comp\u00e9tences footballistiques mais surtout votre statut d\u2019<strong>animateur sportif polyvalent<\/strong>.&nbsp;<\/p>\n\n\n\n<p>En n\u2019\u00e9tant pas restrictif mais plut\u00f4t ouvert sur les sports collectifs, nous pouvons affirmer que les titulaires du BPJEPS Football trouvent un emploi \u00e0 l\u2019issue de leur formation. Bien entendu, vous n\u2019int\u00e9grerez pas directement le grands clubs de football europ\u00e9ens d\u00e8s votre sortie. Cependant, avec de l\u2019exp\u00e9rience et une reconnaissance de votre travail, vous pourrez gravir les \u00e9chelons pour faire votre place au sein d\u2019un <strong>club de football affili\u00e9 \u00e0 la FFF<\/strong>.&nbsp;<\/p>\n\n\n\n<\/div><div class=\"lames2\">\n\n\n\n<h2 class=\"wp-block-heading\"><strong>Pr\u00e9-requis pour acc\u00e9der au BPJEPS Sports Collectifs mention football<\/strong><\/h2>\n\n\n\n<figure class=\"wp-block-table\"><table><tbody><tr><td><strong>Age requis<\/strong><\/td><td>18 ans minimum<\/td><\/tr><tr><td><strong>Dipl\u00f4me requis<\/strong><\/td><td>Etre titulaire d\u2019une attestation de formation&nbsp;: PSC1, AFPS, PSE1, PSE2, AFGSU ou SST en cours de validit\u00e9.<\/td><\/tr><tr><td><strong>Conditions<\/strong><\/td><td>&#8211; Satisfaire aux tests de s\u00e9lection<br>&#8211; Entretien orale&nbsp;<br>&#8211; Epreuve \u00e9crite<\/td><\/tr><tr><td><strong>Documents n\u00e9cessaires<\/strong><\/td><td>&#8211; Dossier d&rsquo;inscription complet<br>&#8211; Certificat m\u00e9dical de non contre indication \u00e0 la pratique et \u00e0 l\u2019enseignement des sports collectifs<\/td><\/tr><tr><td><strong>Epreuves<\/strong><\/td><td>&#8211; Deux s\u00e9quences d&rsquo;opposition de 20min<br>&#8211; Un parcours d&rsquo;habilet\u00e9 motrice en sports collectifs<\/td><\/tr><\/tbody><\/table><\/figure>\n\n\n\n<p>Bien qu\u2019il s\u2019agit d\u2019un BPJEPS Football, les <strong>centres de formation<\/strong> n\u2019h\u00e9sitent pas, lors des tests de s\u00e9lection, \u00e0 vous confronter \u00e0 une opposition aussi bien au pied, qu\u2019\u00e0 la main. Il peut s\u2019agir de volley-ball, de basket ball, de handball, etc.&nbsp;<\/p>\n\n\n\n<p>A ceci se rajoute un&nbsp;<a href=\"https:\/\/www.youtube.com\/watch?v=QQWSInQ7QIo\" target=\"_blank\" rel=\"noreferrer noopener\">parcours de motricit\u00e9 en sports collectifs<\/a>. Soyez habile et agile&nbsp;! Vous devrez r\u00e9aliser un <strong>slalom <\/strong>avec un ballon de basket, un slalom en football, des <strong>passes <\/strong>avec un ballon de rugby, un franchissement de haies, des <strong>tirs <\/strong>au Handball ainsi que des acc\u00e9l\u00e9rations avec \/ sans ballon. Bien \u00e9videmment, le parcours sera <strong>chronom\u00e9tr\u00e9 <\/strong>et votre gestuelle analys\u00e9e par le jury. Par cons\u00e9quent, il convient d\u2019avoir quelques notions en sports collectifs en ayant mani\u00e9 le ballon \u00e0 plusieurs reprises avant votre entr\u00e9e en formation.&nbsp;<\/p>\n\n\n\n<\/div><div class=\"lames2\">\n\n\n\n<h2 class=\"wp-block-heading\"><strong>Avec Coach Hunter, vous serez pr\u00eat physiquement le jour J<\/strong><\/h2>\n\n\n\n<div class=\"wp-block-image\"><figure class=\"aligncenter size-large\"><img loading=\"lazy\" decoding=\"async\" width=\"1024\" height=\"683\" src=\"https:\/\/www.coach-hunter.com\/content\/wp-content\/uploads\/2020\/06\/Optimized-551948121RM110_Nike_Global__original-1024x683.jpg\" alt=\"BPJEPS Football\" class=\"wp-image-771\" srcset=\"https:\/\/www.coach-hunter.com\/content\/wp-content\/uploads\/2020\/06\/Optimized-551948121RM110_Nike_Global__original-1024x683.jpg 1024w, https:\/\/www.coach-hunter.com\/content\/wp-content\/uploads\/2020\/06\/Optimized-551948121RM110_Nike_Global__original-300x200.jpg 300w, https:\/\/www.coach-hunter.com\/content\/wp-content\/uploads\/2020\/06\/Optimized-551948121RM110_Nike_Global__original-768x512.jpg 768w, https:\/\/www.coach-hunter.com\/content\/wp-content\/uploads\/2020\/06\/Optimized-551948121RM110_Nike_Global__original.jpg 1200w\" sizes=\"auto, (max-width: 709px) 85vw, (max-width: 909px) 67vw, (max-width: 1362px) 62vw, 840px\" \/><\/figure><\/div>\n\n\n\n<p>Le <strong>coaching sportif \u00e0 domicile<\/strong> ne se limite pas \u00e0 la perte de poids ou au renforcement musculaire. Chaque ann\u00e9e, des centaines de <strong>futurs candidats <\/strong>font appel \u00e0 un coach sportif dipl\u00f4m\u00e9.  Ils ont pour mission de les aider \u00e0 se mettre \u00e0 niveau dans de nombreuses activit\u00e9s physiques. <\/p>\n\n\n\n<p>On pense aux <strong>candidats BPJEPS Football<\/strong> mais \u00e9galement au concours de l\u2019arm\u00e9e de terre, de la police nationale ou encore de sapeurs-pompiers. De nombreux hommes et femmes de tout \u00e2ge ont d\u00e9j\u00e0 fait confiance \u00e0&nbsp;Coach Hunter.<\/p>\n\n\n\n<p>Au sein de notre r\u00e9seau, nous pouvons vous mettre en relation avec des <strong>coachs sportifs<\/strong>. Dipl\u00f4m\u00e9s, titulaires du BPJEPS Football, nombreux d&rsquo;entre eux sont de v\u00e9ritables acteurs dans le monde du football de <strong>haut-niveau<\/strong>. <\/p>\n\n\n\n<p>A titre d\u2019exemple, notre&nbsp;<a class=\"callAction\" href=\"https:\/\/www.coach-hunter.com\/profil\/30884\">coach Thomas, en Bourgogne<\/a>&nbsp;est un ancien joueur du centre de formation du FC Gueugnon. Il est aussi actuellement <strong>pr\u00e9parateur physique<\/strong> de l\u2019AJ Auxerre et d\u2019une \u00e9quipe f\u00e9minine professionnelle de volley-ball. C\u2019est typiquement le profil de coach sportif qui peut vous aider \u00e0 obtenir votre BPJEPS Football.&nbsp;&nbsp;<\/p>\n\n\n\n<p>Gr\u00e2ce \u00e0 un r\u00e9seau de <strong>coachs sportifs dipl\u00f4m\u00e9s<\/strong> pr\u00e8s de chez vous, vous mettrez toutes les chances de votre c\u00f4t\u00e9 pour devenir un <strong>expert <\/strong>des sports collectifs. L\u2019objectif est clairement de <strong>vous pr\u00e9parer physiquement<\/strong> afin de r\u00e9ussir haut la main les tests de s\u00e9lection ainsi que votre future activit\u00e9 professionnelle. Gr\u00e2ce \u00e0 son exp\u00e9rience, le coach sportif pourra vous conseiller \u00e9galement afin de pr\u00e9parer au mieux votre entretien oral et ainsi diminuer votre stress le jour J.&nbsp;<\/p>\n\n\n\n<\/div><\/div>\n\n\n\n<h2 class=\"wp-block-heading\"><strong>Conclusion<\/strong><\/h2>\n\n\n\n<p>En r\u00e9sum\u00e9, le BPJEPS Football est un excellent choix pour obtenir une <strong>double comp\u00e9tence<\/strong> en football ainsi qu\u2019en sports collectifs. Cette bivalence est reconnue par les recruteurs.&nbsp;<\/p>\n\n\n\n<p>Au regard de l\u2019investissement financier et humain de cette formation <strong>BPJEPS ASC Football<\/strong>, ne laissez pas de place \u00e0 l\u2019impr\u00e9vu.&nbsp;<\/p>\n\n\n\n<p>Coach Hunter vous propose de vous pr\u00e9parer \u00e0 affronter les tests de s\u00e9lection gr\u00e2ce \u00e0 un coaching \u00e0 domicile ou en ext\u00e9rieur avant et\/ou pendant votre formation. Vous \u00eates libre de choisir le coach correspondant le mieux \u00e0 vos attentes parmi plusieurs centaines d\u2019experts disponibles pr\u00e8s de chez vous.&nbsp;<\/p>\n\n\n\n<p>En positionnant le filtre des recherches sur&nbsp;<a class=\"callAction\" href=\"https:\/\/www.coach-hunter.com\/sport\/football\">Football<\/a>, vous avez imm\u00e9diatement une vue d\u2019ensemble des meilleurs sp\u00e9cialistes football et sports collectifs de Coach Hunter. Vous pouvez alors visualiser sa fiche, vous renseigner sur son exp\u00e9rience professionnelle, sa disponibilit\u00e9 et ses tarifs. Il ne vous reste plus qu\u2019\u00e0 le contacter pour d\u00e9marrer ensemble votre pr\u00e9paration physique 100% individualis\u00e9e.&nbsp;&nbsp;<\/p>\n\n\n\n<h2 class=\"wp-block-heading\">D\u2019autres BPJEPS Sports collectifs :<\/h2>\n\n\n\n<ul class=\"wp-block-list\"><li><a href=\"https:\/\/www.coach-hunter.com\/content\/bpjeps-basket-ball\/\">BPJEPS Basket-ball<\/a><\/li><li><a href=\"https:\/\/www.coach-hunter.com\/content\/bpjeps-handball\/\">BPJEPS Handball<\/a><\/li><li><a href=\"https:\/\/www.coach-hunter.com\/content\/bpjeps-rugby-le-diplome-coach-sportif-du-rugby-a-xv\/\">BPJEPS Rugby<\/a><\/li><li><a href=\"https:\/\/www.coach-hunter.com\/content\/bpjeps-volley-ball\/\">BPJEPS Volley-ball<\/a><\/li><\/ul>\n","protected":false},"excerpt":{"rendered":"<p>Le BPJEPS Football est un dipl\u00f4me BPJEPS Sports collectifs id\u00e9al pour enfin vivre de sa passion. Certes, tout le monde a r\u00eav\u00e9 un jour de devenir footballeur professionnel. Or, seule une infime minorit\u00e9 de sportifs y parviennent. Le BPJEPS Activit\u00e9s Sports Collectifs mention football est une alternative int\u00e9ressante pour travailler dans ce domaine et \u00eatre &hellip; <a href=\"https:\/\/www.coach-hunter.com\/content\/bpjeps-football\/\" class=\"more-link\">Continuer la lecture<span class=\"screen-reader-text\"> de &laquo;&nbsp;BPJEPS Football : Un secteur qui recrute !&nbsp;&raquo;<\/span><\/a><\/p>\n","protected":false},"author":6,"featured_media":0,"parent":0,"menu_order":0,"comment_status":"closed","ping_status":"closed","template":"","meta":{"footnotes":""},"class_list":["post-562","page","type-page","status-publish","hentry"],"yoast_head":"<!-- This site is optimized with the Yoast SEO plugin v27.5 - https:\/\/yoast.com\/product\/yoast-seo-wordpress\/ -->\n<title>BPJEPS Football : Faites appel \u00e0 un coach sportif pour r\u00e9ussir vos tests<\/title>\n<meta name=\"description\" content=\"Le BPJEPS Football requiert un bon niveau global en sports collectifs. Afin de r\u00e9ussir vos tests d&#039;entr\u00e9e, nos coachs sportifs peuvent vous accompagner.\" \/>\n<meta name=\"robots\" content=\"index, follow, max-snippet:-1, max-image-preview:large, max-video-preview:-1\" \/>\n<link rel=\"canonical\" href=\"https:\/\/www.coach-hunter.com\/content\/bpjeps-football\/\" \/>\n<meta property=\"og:locale\" content=\"fr_FR\" \/>\n<meta property=\"og:type\" content=\"article\" \/>\n<meta property=\"og:title\" content=\"BPJEPS Football : Faites appel \u00e0 un coach sportif pour r\u00e9ussir vos tests\" \/>\n<meta property=\"og:description\" content=\"Le BPJEPS Football requiert un bon niveau global en sports collectifs. Afin de r\u00e9ussir vos tests d&#039;entr\u00e9e, nos coachs sportifs peuvent vous accompagner.\" \/>\n<meta property=\"og:url\" content=\"https:\/\/www.coach-hunter.com\/content\/bpjeps-football\/\" \/>\n<meta property=\"og:site_name\" content=\"Blog Coach Hunter\" \/>\n<meta property=\"article:modified_time\" content=\"2020-09-08T13:22:19+00:00\" \/>\n<meta property=\"og:image\" content=\"https:\/\/www.coach-hunter.com\/content\/wp-content\/uploads\/2020\/06\/Optimized-Children-In-Soccer-Team-Having-Training-With-Coach-000016408032_Large-min.jpg\" \/>\n\t<meta property=\"og:image:width\" content=\"1200\" \/>\n\t<meta property=\"og:image:height\" content=\"799\" \/>\n\t<meta property=\"og:image:type\" content=\"image\/jpeg\" \/>\n<meta name=\"twitter:card\" content=\"summary_large_image\" \/>\n<meta name=\"twitter:label1\" content=\"Dur\u00e9e de lecture estim\u00e9e\" \/>\n\t<meta name=\"twitter:data1\" content=\"7 minutes\" \/>\n<script type=\"application\/ld+json\" class=\"yoast-schema-graph\">{\"@context\":\"https:\\\/\\\/schema.org\",\"@graph\":[{\"@type\":\"WebPage\",\"@id\":\"https:\\\/\\\/www.coach-hunter.com\\\/content\\\/bpjeps-football\\\/\",\"url\":\"https:\\\/\\\/www.coach-hunter.com\\\/content\\\/bpjeps-football\\\/\",\"name\":\"BPJEPS Football : Faites appel \u00e0 un coach sportif pour r\u00e9ussir vos tests\",\"isPartOf\":{\"@id\":\"https:\\\/\\\/www.coach-hunter.com\\\/content\\\/#website\"},\"primaryImageOfPage\":{\"@id\":\"https:\\\/\\\/www.coach-hunter.com\\\/content\\\/bpjeps-football\\\/#primaryimage\"},\"image\":{\"@id\":\"https:\\\/\\\/www.coach-hunter.com\\\/content\\\/bpjeps-football\\\/#primaryimage\"},\"thumbnailUrl\":\"https:\\\/\\\/www.coach-hunter.com\\\/content\\\/wp-content\\\/uploads\\\/2020\\\/06\\\/Optimized-Children-In-Soccer-Team-Having-Training-With-Coach-000016408032_Large-min-1024x682.jpg\",\"datePublished\":\"2020-06-29T13:07:54+00:00\",\"dateModified\":\"2020-09-08T13:22:19+00:00\",\"description\":\"Le BPJEPS Football requiert un bon niveau global en sports collectifs. Afin de r\u00e9ussir vos tests d'entr\u00e9e, nos coachs sportifs peuvent vous accompagner.\",\"breadcrumb\":{\"@id\":\"https:\\\/\\\/www.coach-hunter.com\\\/content\\\/bpjeps-football\\\/#breadcrumb\"},\"inLanguage\":\"fr-FR\",\"potentialAction\":[{\"@type\":\"ReadAction\",\"target\":[\"https:\\\/\\\/www.coach-hunter.com\\\/content\\\/bpjeps-football\\\/\"]}]},{\"@type\":\"ImageObject\",\"inLanguage\":\"fr-FR\",\"@id\":\"https:\\\/\\\/www.coach-hunter.com\\\/content\\\/bpjeps-football\\\/#primaryimage\",\"url\":\"https:\\\/\\\/www.coach-hunter.com\\\/content\\\/wp-content\\\/uploads\\\/2020\\\/06\\\/Optimized-Children-In-Soccer-Team-Having-Training-With-Coach-000016408032_Large-min.jpg\",\"contentUrl\":\"https:\\\/\\\/www.coach-hunter.com\\\/content\\\/wp-content\\\/uploads\\\/2020\\\/06\\\/Optimized-Children-In-Soccer-Team-Having-Training-With-Coach-000016408032_Large-min.jpg\",\"width\":1200,\"height\":799},{\"@type\":\"BreadcrumbList\",\"@id\":\"https:\\\/\\\/www.coach-hunter.com\\\/content\\\/bpjeps-football\\\/#breadcrumb\",\"itemListElement\":[{\"@type\":\"ListItem\",\"position\":1,\"name\":\"Accueil\",\"item\":\"https:\\\/\\\/www.coach-hunter.com\\\/content\\\/\"},{\"@type\":\"ListItem\",\"position\":2,\"name\":\"BPJEPS Football : Un secteur qui recrute !\"}]},{\"@type\":\"WebSite\",\"@id\":\"https:\\\/\\\/www.coach-hunter.com\\\/content\\\/#website\",\"url\":\"https:\\\/\\\/www.coach-hunter.com\\\/content\\\/\",\"name\":\"Blog Coach Hunter\",\"description\":\"\",\"potentialAction\":[{\"@type\":\"SearchAction\",\"target\":{\"@type\":\"EntryPoint\",\"urlTemplate\":\"https:\\\/\\\/www.coach-hunter.com\\\/content\\\/?s={search_term_string}\"},\"query-input\":{\"@type\":\"PropertyValueSpecification\",\"valueRequired\":true,\"valueName\":\"search_term_string\"}}],\"inLanguage\":\"fr-FR\"}]}<\/script>\n<!-- \/ Yoast SEO plugin. -->","yoast_head_json":{"title":"BPJEPS Football : Faites appel \u00e0 un coach sportif pour r\u00e9ussir vos tests","description":"Le BPJEPS Football requiert un bon niveau global en sports collectifs. Afin de r\u00e9ussir vos tests d'entr\u00e9e, nos coachs sportifs peuvent vous accompagner.","robots":{"index":"index","follow":"follow","max-snippet":"max-snippet:-1","max-image-preview":"max-image-preview:large","max-video-preview":"max-video-preview:-1"},"canonical":"https:\/\/www.coach-hunter.com\/content\/bpjeps-football\/","og_locale":"fr_FR","og_type":"article","og_title":"BPJEPS Football : Faites appel \u00e0 un coach sportif pour r\u00e9ussir vos tests","og_description":"Le BPJEPS Football requiert un bon niveau global en sports collectifs. Afin de r\u00e9ussir vos tests d'entr\u00e9e, nos coachs sportifs peuvent vous accompagner.","og_url":"https:\/\/www.coach-hunter.com\/content\/bpjeps-football\/","og_site_name":"Blog Coach Hunter","article_modified_time":"2020-09-08T13:22:19+00:00","og_image":[{"width":1200,"height":799,"url":"https:\/\/www.coach-hunter.com\/content\/wp-content\/uploads\/2020\/06\/Optimized-Children-In-Soccer-Team-Having-Training-With-Coach-000016408032_Large-min.jpg","type":"image\/jpeg"}],"twitter_card":"summary_large_image","twitter_misc":{"Dur\u00e9e de lecture estim\u00e9e":"7 minutes"},"schema":{"@context":"https:\/\/schema.org","@graph":[{"@type":"WebPage","@id":"https:\/\/www.coach-hunter.com\/content\/bpjeps-football\/","url":"https:\/\/www.coach-hunter.com\/content\/bpjeps-football\/","name":"BPJEPS Football : Faites appel \u00e0 un coach sportif pour r\u00e9ussir vos tests","isPartOf":{"@id":"https:\/\/www.coach-hunter.com\/content\/#website"},"primaryImageOfPage":{"@id":"https:\/\/www.coach-hunter.com\/content\/bpjeps-football\/#primaryimage"},"image":{"@id":"https:\/\/www.coach-hunter.com\/content\/bpjeps-football\/#primaryimage"},"thumbnailUrl":"https:\/\/www.coach-hunter.com\/content\/wp-content\/uploads\/2020\/06\/Optimized-Children-In-Soccer-Team-Having-Training-With-Coach-000016408032_Large-min-1024x682.jpg","datePublished":"2020-06-29T13:07:54+00:00","dateModified":"2020-09-08T13:22:19+00:00","description":"Le BPJEPS Football requiert un bon niveau global en sports collectifs. Afin de r\u00e9ussir vos tests d'entr\u00e9e, nos coachs sportifs peuvent vous accompagner.","breadcrumb":{"@id":"https:\/\/www.coach-hunter.com\/content\/bpjeps-football\/#breadcrumb"},"inLanguage":"fr-FR","potentialAction":[{"@type":"ReadAction","target":["https:\/\/www.coach-hunter.com\/content\/bpjeps-football\/"]}]},{"@type":"ImageObject","inLanguage":"fr-FR","@id":"https:\/\/www.coach-hunter.com\/content\/bpjeps-football\/#primaryimage","url":"https:\/\/www.coach-hunter.com\/content\/wp-content\/uploads\/2020\/06\/Optimized-Children-In-Soccer-Team-Having-Training-With-Coach-000016408032_Large-min.jpg","contentUrl":"https:\/\/www.coach-hunter.com\/content\/wp-content\/uploads\/2020\/06\/Optimized-Children-In-Soccer-Team-Having-Training-With-Coach-000016408032_Large-min.jpg","width":1200,"height":799},{"@type":"BreadcrumbList","@id":"https:\/\/www.coach-hunter.com\/content\/bpjeps-football\/#breadcrumb","itemListElement":[{"@type":"ListItem","position":1,"name":"Accueil","item":"https:\/\/www.coach-hunter.com\/content\/"},{"@type":"ListItem","position":2,"name":"BPJEPS Football : Un secteur qui recrute !"}]},{"@type":"WebSite","@id":"https:\/\/www.coach-hunter.com\/content\/#website","url":"https:\/\/www.coach-hunter.com\/content\/","name":"Blog Coach Hunter","description":"","potentialAction":[{"@type":"SearchAction","target":{"@type":"EntryPoint","urlTemplate":"https:\/\/www.coach-hunter.com\/content\/?s={search_term_string}"},"query-input":{"@type":"PropertyValueSpecification","valueRequired":true,"valueName":"search_term_string"}}],"inLanguage":"fr-FR"}]}},"_links":{"self":[{"href":"https:\/\/www.coach-hunter.com\/content\/wp-json\/wp\/v2\/pages\/562","targetHints":{"allow":["GET"]}}],"collection":[{"href":"https:\/\/www.coach-hunter.com\/content\/wp-json\/wp\/v2\/pages"}],"about":[{"href":"https:\/\/www.coach-hunter.com\/content\/wp-json\/wp\/v2\/types\/page"}],"author":[{"embeddable":true,"href":"https:\/\/www.coach-hunter.com\/content\/wp-json\/wp\/v2\/users\/6"}],"replies":[{"embeddable":true,"href":"https:\/\/www.coach-hunter.com\/content\/wp-json\/wp\/v2\/comments?post=562"}],"version-history":[{"count":18,"href":"https:\/\/www.coach-hunter.com\/content\/wp-json\/wp\/v2\/pages\/562\/revisions"}],"predecessor-version":[{"id":1540,"href":"https:\/\/www.coach-hunter.com\/content\/wp-json\/wp\/v2\/pages\/562\/revisions\/1540"}],"wp:attachment":[{"href":"https:\/\/www.coach-hunter.com\/content\/wp-json\/wp\/v2\/media?parent=562"}],"curies":[{"name":"wp","href":"https:\/\/api.w.org\/{rel}","templated":true}]}}