{"id":560,"date":"2020-07-13T12:35:25","date_gmt":"2020-07-13T12:35:25","guid":{"rendered":"https:\/\/www.coach-hunter.com\/content\/?page_id=560"},"modified":"2020-09-08T13:38:46","modified_gmt":"2020-09-08T13:38:46","slug":"bpjeps-forme-en-cours-collectifs","status":"publish","type":"page","link":"https:\/\/www.coach-hunter.com\/content\/bpjeps-forme-en-cours-collectifs\/","title":{"rendered":"BPJEPS Forme en cours collectifs pour devenir coach sportif"},"content":{"rendered":"\n<p>Il existe d&rsquo;<a class=\"callAction\" href=\"https:\/\/www.coach-hunter.com\/content\/bpjeps-autre-mention\/\">autres mentions du BPJEPS<\/a>, plus adapt\u00e9s \u00e0 l&rsquo;encadrement de groupes. C&rsquo;est le cas du <strong>BPJEPS Forme en cours collectifs<\/strong>, qui est la voie royale pour devenir coach sportif. Gr\u00e2ce \u00e0 cette formation, vous devenez un expert de la remise en forme et du fitness. <strong>Coach Hunter<\/strong> dispose de <strong>coachs sportifs \u00e0 domicile<\/strong> titulaires d\u2019un <strong>BPJEPS AF option cours collectifs<\/strong>. N\u2019h\u00e9sitez pas \u00e0 les solliciter afin de b\u00e9n\u00e9ficier d\u2019un encadrement de qualit\u00e9 pour r\u00e9ussir haut la main vos tests d\u2019exigences pr\u00e9alables ainsi que votre avenir professionnel.&nbsp;&nbsp;<\/p>\n\n\n\n<div class='flexo'><div class=\"lames2\">\n\n\n\n<h2 class=\"wp-block-heading\"><strong>Devenez coach sportif avec le BPJEPS Forme en cours collectifs.&nbsp;&nbsp;<\/strong><\/h2>\n\n\n\n<div class=\"wp-block-image\"><figure class=\"aligncenter size-large\"><img loading=\"lazy\" decoding=\"async\" width=\"1024\" height=\"683\" src=\"https:\/\/www.coach-hunter.com\/content\/wp-content\/uploads\/2020\/06\/Optimized-3ee3a1ca001d90b88ca9e33d578f7f5b-1-1024x683.jpg\" alt=\"BPJEPS Forme en cours collectifs : step\" class=\"wp-image-777\" srcset=\"https:\/\/www.coach-hunter.com\/content\/wp-content\/uploads\/2020\/06\/Optimized-3ee3a1ca001d90b88ca9e33d578f7f5b-1-1024x683.jpg 1024w, https:\/\/www.coach-hunter.com\/content\/wp-content\/uploads\/2020\/06\/Optimized-3ee3a1ca001d90b88ca9e33d578f7f5b-1-300x200.jpg 300w, https:\/\/www.coach-hunter.com\/content\/wp-content\/uploads\/2020\/06\/Optimized-3ee3a1ca001d90b88ca9e33d578f7f5b-1-768x512.jpg 768w, https:\/\/www.coach-hunter.com\/content\/wp-content\/uploads\/2020\/06\/Optimized-3ee3a1ca001d90b88ca9e33d578f7f5b-1.jpg 1200w\" sizes=\"auto, (max-width: 709px) 85vw, (max-width: 909px) 67vw, (max-width: 1362px) 62vw, 840px\" \/><\/figure><\/div>\n\n\n\n<p>Le BPJEPS Forme en cours collectifs est l\u2019un des plus demand\u00e9s chaque ann\u00e9e. Il faut dire que cette <strong>formation courte<\/strong> vous donne rapidement acc\u00e8s au monde du <strong>fitness <\/strong>et de la <strong>remise en forme<\/strong> en tant que salari\u00e9 ou travailleur ind\u00e9pendant. Ax\u00e9 sur les cours collectifs, ce BPJEPS n\u2019est pas pour autant restrictif. En effet, \u00e0 l\u2019issue de votre&nbsp;formation, vous devenez un <strong>animateur des activit\u00e9s de la forme<\/strong> au sens large. <\/p>\n\n\n\n<p>Coaching \u00e0 domicile, \u00e0 distance, en salle de sport mais aussi <strong>\u00e9ducateur sportif<\/strong> dans le milieu scolaire ou dans un \u00e9tablissement thermal. Bref, suivez votre instinct et votre passion afin de choisir le m\u00e9tier correspondant \u00e0 vos envies.<\/p>\n\n\n\n<p>Ce <strong>BPJEPS Activit\u00e9s de la forme option cours collectifs<\/strong> est tr\u00e8s recherch\u00e9 par les <strong>salles de sport<\/strong> (fitness et remise en forme). En effet, il s\u2019agit de l\u2019employeur principal des futurs dipl\u00f4m\u00e9s. Comme le rappelle le&nbsp;<a href=\"http:\/\/www.sports.gouv.fr\/IMG\/pdf\/bp_af_-_annexes_-_5_septembre_2016.pdf\" target=\"_blank\" rel=\"noreferrer noopener\">r\u00e9f\u00e9rentiel professionnel&nbsp;<\/a>: \u00ab&nbsp;L\u2019emploi se trouve principalement dans le secteur marchand et majoritairement au sein de centres de fitness ou en nombre plus r\u00e9duit dans le secteur associatif. Le m\u00e9tier est souvent exerc\u00e9 \u00e0 temps plein ou en cumul de plusieurs temps partiels r\u00e9alis\u00e9s aupr\u00e8s de plusieurs employeurs et dans diff\u00e9rents secteurs&nbsp;\u00bb.&nbsp;<\/p>\n\n\n\n<p>Du body combat, au RPM, en passant par le traditionnel cours de cuisses\/abdos\/fessiers ainsi que la Zumba, votre <strong>formation BPJEPS AF<\/strong> a pour ambition de vous confronter \u00e0 une large palette. N\u00e9anmoins, face \u00e0 la multiplication des concepts et \u00e0 l\u2019\u00e9volution permanente du monde du fitness, nous vous conseillons de porter un \u0153il attentif aux nouveaut\u00e9s afin de continuer \u00e0 se former tout au long de sa vie.&nbsp;<\/p>\n\n\n\n<\/div><div class=\"lames2\">\n\n\n\n<h2 class=\"wp-block-heading\"><strong>Pr\u00e9sentation du BPJEPS Forme en cours collectifs<\/strong><\/h2>\n\n\n\n<div class=\"wp-block-image\"><figure class=\"aligncenter size-large\"><img loading=\"lazy\" decoding=\"async\" width=\"900\" height=\"900\" src=\"https:\/\/www.coach-hunter.com\/content\/wp-content\/uploads\/2020\/06\/Optimized-75de1508-83a6-4275-8135-c440b2f13894-media-e-b-d-ebddc081-ff46-4d8c-9e92-b14a05f1e63d.jpeg\" alt=\"BPJEPS Forme en cours collectifs\" class=\"wp-image-778\" srcset=\"https:\/\/www.coach-hunter.com\/content\/wp-content\/uploads\/2020\/06\/Optimized-75de1508-83a6-4275-8135-c440b2f13894-media-e-b-d-ebddc081-ff46-4d8c-9e92-b14a05f1e63d.jpeg 900w, https:\/\/www.coach-hunter.com\/content\/wp-content\/uploads\/2020\/06\/Optimized-75de1508-83a6-4275-8135-c440b2f13894-media-e-b-d-ebddc081-ff46-4d8c-9e92-b14a05f1e63d-300x300.jpeg 300w, https:\/\/www.coach-hunter.com\/content\/wp-content\/uploads\/2020\/06\/Optimized-75de1508-83a6-4275-8135-c440b2f13894-media-e-b-d-ebddc081-ff46-4d8c-9e92-b14a05f1e63d-150x150.jpeg 150w, https:\/\/www.coach-hunter.com\/content\/wp-content\/uploads\/2020\/06\/Optimized-75de1508-83a6-4275-8135-c440b2f13894-media-e-b-d-ebddc081-ff46-4d8c-9e92-b14a05f1e63d-768x768.jpeg 768w\" sizes=\"auto, (max-width: 709px) 85vw, (max-width: 909px) 67vw, (max-width: 1362px) 62vw, 840px\" \/><\/figure><\/div>\n\n\n\n<p>Les <strong>stages p\u00e9dagogiques<\/strong> occupent une place de choix dans le parcours de formation de ce <strong>brevet professionnel, de l\u2019\u00e9ducation populaire et du sport<\/strong>. Certes, vous allez devoir ma\u00eetriser la th\u00e9orie, int\u00e9grer les enjeux de tel ou tel cours collectif. Cependant, vous serez jug\u00e9 par les adh\u00e9rents de votre salle de sport. De fait, autant s\u2019y confronter le plus t\u00f4t possible, d\u00e8s votre formation initiale.&nbsp;<\/p>\n\n\n\n<p>Sur un total de 1200 h de formation, la moiti\u00e9 sera consacr\u00e9e aux <strong>stages<\/strong>, l\u2019autre moiti\u00e9 aux cours th\u00e9oriques en <strong>centre de formation<\/strong>. Nous vous encourageons donc tr\u00e8s vivement \u00e0 prendre contact avec des structures de stage avant votre entr\u00e9e en formation.&nbsp;<\/p>\n\n\n\n<p>Le BPJEPS AF cours collectifs dure environ 9 mois pour un co\u00fbt de 6000 euros. Des aides au financement sont possibles (p\u00f4le emploi, mission locale, contrat d\u2019apprentissage ainsi que le cr\u00e9dit de formation). De fait, vous devez \u00eatre motiv\u00e9 \u00e0 100% et pr\u00eat physiquement pour r\u00e9ussir co\u00fbte que co\u00fbte, sans emb\u00fbche, votre ann\u00e9e de formation.&nbsp;<\/p>\n\n\n\n<p>Le BPJEPS Forme en cours collectifs vous permet de <strong>conduire un projet d\u2019animation et participer \u00e0 la vie, \u00e0 l\u2019organisation et \u00e0 la gestion de la structure<\/strong>. Ce dipl\u00f4me de niveau IV (baccalaur\u00e9at) permettra donc d\u2019attester de vos comp\u00e9tences dans le champ des activit\u00e9s de la forme et de votre capacit\u00e9 \u00e0 encadrer tout public. A l\u2019heure des r\u00e9seaux sociaux o\u00f9 de nombreux \u00ab&nbsp;pseudos coachs &#8211; influenceurs&nbsp;\u00bb exercent sans dipl\u00f4me, nous vous encourageons \u00e0 d\u00e9crocher votre BPJEPS Activit\u00e9s de la Forme pour acqu\u00e9rir de solides <strong>comp\u00e9tences professionnelles<\/strong>.&nbsp;<\/p>\n\n\n\n<\/div><div class=\"lames2\">\n\n\n\n<h2 class=\"wp-block-heading\"><strong>Comment acc\u00e8der \u00e0 cette formation&nbsp;?&nbsp;<\/strong><\/h2>\n\n\n\n<p>D\u00e8s votre inscription (m\u00eame avant), soyez pr\u00eat \u00e0 d\u00e9marrer votre pr\u00e9paration physique. En effet, face aux nombreux candidats, des <strong>tests de s\u00e9lection<\/strong> sont organis\u00e9s. Ils se composent de deux \u00e9preuves \u00e0 savoir un test d\u2019endurance Luc L\u00e9ger ainsi qu\u2019une d\u00e9monstration technique de 1h.&nbsp;<\/p>\n\n\n\n<figure class=\"wp-block-table\"><table><tbody><tr><td><strong>Age requis<\/strong><\/td><td>18 ans minimum<\/td><\/tr><tr><td><strong>Certificat<\/strong><\/td><td>Etre titulaire d\u2019une attestation de formation&nbsp;: PSC1, AFPS, PSE1, PSE2, AFGSU ou SST en cours de validit\u00e9.&nbsp;<\/td><\/tr><tr><td><strong>Conditions<\/strong><\/td><td>Satisfaire aux tests de s\u00e9lection<br>Entretien oral<br>Epreuve \u00e9crite de culture g\u00e9n\u00e9rale sportive<\/td><\/tr><tr><td><strong>Documents n\u00e9cessaires<\/strong><\/td><td>Dossier d&rsquo;inscription complet<br>Certificat m\u00e9dical de non contre indication \u00e0 la pratique des \u00ab&nbsp;activit\u00e9s de la forme&nbsp;\u00bb datant de moins de 1an.&nbsp;<\/td><\/tr><tr><td><strong>Epreuves<\/strong><\/td><td>Un test de Luc L\u00e9ger<br>Une d\u00e9monstration technique de 1h<\/td><\/tr><tr><td><strong>Temps&nbsp;&nbsp;\/ R\u00e9p\u00e9titions&nbsp;&nbsp;\u00e0 r\u00e9aliser pour \u00eatre admis<\/strong><\/td><td>H : Hommes \/ F : Femmes<br><strong>Luc L\u00e9ger<\/strong>&nbsp;: H Palier 9 \/ F Palier 7<br><strong>D\u00e9monstration :<\/strong>&nbsp;10min d\u2019\u00e9chauffement<br>20min de passage en STEP \u00e0 un ryhtme de 128 \u00e0 132 BPM<br>20min de passage en renforcement musculaire (squat, fentes, pompes, gainage)<br>10min de retour au calme sur 5 \u00e9tirements<\/td><\/tr><\/tbody><\/table><\/figure>\n\n\n\n<p>Le r\u00e9f\u00e9rentiel professionnel pr\u00e9voit avec pr\u00e9cision les dispenses et \u00e9quivalences concernant ces tests techniques \u00e0 l\u2019entr\u00e9e en formation. On pense notamment aux sportifs de haut niveau, au BP AGFF, au CQP ALS ainsi qu\u2019aux titulaires d\u2019un brevet f\u00e9d\u00e9ral d\u00e9livr\u00e9 par la FFG.&nbsp;<\/p>\n\n\n\n<\/div><div class=\"lames2\">\n\n\n\n<h2 class=\"wp-block-heading\"><strong>Coach Hunter pr\u00e9pare les candidats au BPJEPS Forme en cours collectifs<\/strong><\/h2>\n\n\n\n<p>Au cours de la m\u00eame demi-journ\u00e9e, vous devrez encha\u00eener ces diff\u00e9rentes \u00e9preuves. De fait, outre une bonne gestion du stress, il convient d\u2019\u00eatre pr\u00eat physiquement et mentalement pour r\u00e9ussir.&nbsp;<\/p>\n\n\n\n<p><strong>Coach Hunter<\/strong>&nbsp;dispose, au sein de son r\u00e9seau, de nombreux coachs sportifs titulaire du BPJEPS AF option cours collectifs. C\u2019est notamment le cas de&nbsp;<a class=\"callAction\" href=\"https:\/\/www.coach-hunter.com\/profil\/30306\">Julie sur Aix-en-Provence<\/a>. Elle est disponible pour prendre en charge les futurs candidats au BPJEPS Forme en cours collectifs. <\/p>\n\n\n\n<p>Par le biais d\u2019un <strong>coaching individuel<\/strong> \u00e0 domicile, elle vous pr\u00e9pare physiquement, vous conseille et vous transmets de nombreuses <strong>informations<\/strong>. L&rsquo;objectif est de vous mettre dans les <strong>meilleures conditions<\/strong> pour r\u00e9ussir \u00e0 votre tour votre <strong>avenir professionnel<\/strong>. N\u2019h\u00e9sitez pas \u00e0 vous rapprocher de Coach Hunter pour trouver le meilleur coach sportif pr\u00e8s de chez vous.&nbsp;<\/p>\n\n\n\n<p>R\u00e9ussir son BPJEPS AF option cours collectifs requiert d\u2019augmenter votre r\u00e9sistance \u00e0 la fatigue, votre coordination, votre force ainsi que votre endurance. Ces qualit\u00e9s seront d\u00e9terminantes. A ceci se rajoute une <strong>pr\u00e9paration physique<\/strong> sp\u00e9cifique et continue afin d\u2019<strong>\u00e9viter la blessure<\/strong>. <\/p>\n\n\n\n<p>De nombreux candidats ou professeur de fitness se blessent en raison des chocs r\u00e9p\u00e9t\u00e9s, par exemple, lors des cours collectifs \u00e0 r\u00e9p\u00e9tition. Gr\u00e2ce \u00e0 une am\u00e9lioration de votre posture, votre technique ainsi que vos qualit\u00e9s intrins\u00e8ques, vous mettrez toutes les chances de votre c\u00f4t\u00e9 pour r\u00e9ussir.&nbsp;<\/p>\n\n\n\n<div class=\"wp-block-image\"><figure class=\"aligncenter size-large\"><img loading=\"lazy\" decoding=\"async\" width=\"1024\" height=\"683\" src=\"https:\/\/www.coach-hunter.com\/content\/wp-content\/uploads\/2020\/06\/Optimized-Pilates-class-568c11ec3df78ccc154e9a66-1024x683.jpg\" alt=\"BPJEPS Forme en cours collectifs : coach\" class=\"wp-image-779\" srcset=\"https:\/\/www.coach-hunter.com\/content\/wp-content\/uploads\/2020\/06\/Optimized-Pilates-class-568c11ec3df78ccc154e9a66-1024x683.jpg 1024w, https:\/\/www.coach-hunter.com\/content\/wp-content\/uploads\/2020\/06\/Optimized-Pilates-class-568c11ec3df78ccc154e9a66-300x200.jpg 300w, https:\/\/www.coach-hunter.com\/content\/wp-content\/uploads\/2020\/06\/Optimized-Pilates-class-568c11ec3df78ccc154e9a66-768x512.jpg 768w, https:\/\/www.coach-hunter.com\/content\/wp-content\/uploads\/2020\/06\/Optimized-Pilates-class-568c11ec3df78ccc154e9a66.jpg 1200w\" sizes=\"auto, (max-width: 709px) 85vw, (max-width: 909px) 67vw, (max-width: 1362px) 62vw, 840px\" \/><\/figure><\/div>\n\n\n\n<p>Nos coachs sportifs ont des notions en <strong>nutrition <\/strong>qui pourraient bien faire la diff\u00e9rence. Savoir quoi manger, \u00e0 quel moment et pour quel objectif est utile. Il vous permettra lors de votre entretien oral de vous d\u00e9marquer des autres candidats. Etre accompagn\u00e9 par un <strong>coach sportif Coach Hunter<\/strong> avant mais aussi pendant votre BPJEPS Forme en cours collectifs s\u2019av\u00e8re \u00eatre une strat\u00e9gie payante.&nbsp;<\/p>\n\n\n\n<\/div><\/div>\n\n\n\n<h2 class=\"wp-block-heading\"><strong>Conclusion<\/strong><\/h2>\n\n\n\n<p>Le BPJEPS Forme en cours collectifs est donc une formation int\u00e9ressante. A vous le <strong>secteur de la remise en forme<\/strong> ainsi que du fitness. Ce dipl\u00f4me vous permettra donc d\u2019intervenir dans une salle de sport ou comme coach sportif \u00e0 domicile. L&rsquo;<strong>enseignement<\/strong> hybride propos\u00e9 vous permettra d&rsquo;acqu\u00e9rir des comp\u00e9tences professionnelles utilisables imm\u00e9diatement. <\/p>\n\n\n\n<p>Vous souhaitez r\u00e9ussir haut la main vos tests d\u2019entr\u00e9e en formation ainsi que votre ann\u00e9e de formation ? Nous vous encourageons \u00e0 vous rapprocher d\u2019un coach sportif Coach Hunter <strong>d\u00e9j\u00e0 titulaire du BPJEPS AF Sports Collectifs<\/strong>.&nbsp;<\/p>\n\n\n\n<p>Gr\u00e2ce \u00e0 2 s\u00e9ances par semaine, \u00e0 minima 2 mois avant vos tests de s\u00e9lection, vous profiterez de son exp\u00e9rience et de son expertise. L&rsquo;enjeu est d&rsquo;\u00eatre pr\u00eat physiquement et mentalement.&nbsp;<\/p>\n\n\n\n<p>Enfin, si l\u2019univers de la <strong>musculation <\/strong>vous passionne, sachez que ce BPJEPS Activit\u00e9s de la forme se d\u00e9cline \u00e9galement avec l\u2019<strong>option Halt\u00e9rophilie &#8211; Musculation<\/strong>.&nbsp;<\/p>\n\n\n\n<h2 class=\"wp-block-heading\">D\u2019autres mentions du BPJEPS :<\/h2>\n\n\n\n<ul class=\"wp-block-list\"><li><a href=\"https:\/\/www.coach-hunter.com\/content\/bpjeps-activites-gymniques\/\">BPJEPS Activit\u00e9s gymniques<\/a><\/li><li><a href=\"https:\/\/www.coach-hunter.com\/content\/bpjeps-activites-physiques-pour-tous\/\">BPJEPS Activit\u00e9s physiques pour tous<\/a><\/li><li><a href=\"https:\/\/www.coach-hunter.com\/content\/bpjeps-cyclisme\/\">BPJEPS Cyclisme<\/a><\/li><li><a href=\"https:\/\/www.coach-hunter.com\/content\/bpjeps-golf\/\">BPJEPS Golf<\/a><\/li><li><a href=\"https:\/\/www.coach-hunter.com\/content\/bpjeps-haltere-musculation-forme-sur-plateau\/\">BPJEPS Halt\u00e8re Musculation et Forme sur Plateau<\/a><\/li><li><a href=\"https:\/\/www.coach-hunter.com\/content\/bpjeps-natation-comment-reussir-sa-formation-mns\/\">BPJEPS Natation<\/a><\/li><li><a href=\"https:\/\/www.coach-hunter.com\/content\/bpjeps-patinage-sur-glace\/\">BPJEPS Patinage sur glace<\/a><\/li><\/ul>\n","protected":false},"excerpt":{"rendered":"<p>Il existe d&rsquo;autres mentions du BPJEPS, plus adapt\u00e9s \u00e0 l&rsquo;encadrement de groupes. C&rsquo;est le cas du BPJEPS Forme en cours collectifs, qui est la voie royale pour devenir coach sportif. Gr\u00e2ce \u00e0 cette formation, vous devenez un expert de la remise en forme et du fitness. Coach Hunter dispose de coachs sportifs \u00e0 domicile titulaires &hellip; <a href=\"https:\/\/www.coach-hunter.com\/content\/bpjeps-forme-en-cours-collectifs\/\" class=\"more-link\">Continuer la lecture<span class=\"screen-reader-text\"> de &laquo;&nbsp;BPJEPS Forme en cours collectifs pour devenir coach sportif&nbsp;&raquo;<\/span><\/a><\/p>\n","protected":false},"author":6,"featured_media":0,"parent":0,"menu_order":0,"comment_status":"closed","ping_status":"closed","template":"","meta":{"footnotes":""},"class_list":["post-560","page","type-page","status-publish","hentry"],"yoast_head":"<!-- This site is optimized with the Yoast SEO plugin v27.6 - https:\/\/yoast.com\/product\/yoast-seo-wordpress\/ -->\n<title>BPJEPS Forme en cours collectifs : Comment r\u00e9ussir le test de s\u00e9lection ?<\/title>\n<meta name=\"description\" content=\"Le BPJEPS Forme en cours collectifs permet de devenir coach sportif et d&#039;animer des s\u00e9ances de cours collectifs. Coach Hunter vous accompagne pour r\u00e9ussir.\" \/>\n<meta name=\"robots\" content=\"index, follow, max-snippet:-1, max-image-preview:large, max-video-preview:-1\" \/>\n<link rel=\"canonical\" href=\"https:\/\/www.coach-hunter.com\/content\/bpjeps-forme-en-cours-collectifs\/\" \/>\n<meta property=\"og:locale\" content=\"fr_FR\" \/>\n<meta property=\"og:type\" content=\"article\" \/>\n<meta property=\"og:title\" content=\"BPJEPS Forme en cours collectifs : Comment r\u00e9ussir le test de s\u00e9lection ?\" \/>\n<meta property=\"og:description\" content=\"Le BPJEPS Forme en cours collectifs permet de devenir coach sportif et d&#039;animer des s\u00e9ances de cours collectifs. Coach Hunter vous accompagne pour r\u00e9ussir.\" \/>\n<meta property=\"og:url\" content=\"https:\/\/www.coach-hunter.com\/content\/bpjeps-forme-en-cours-collectifs\/\" \/>\n<meta property=\"og:site_name\" content=\"Blog Coach Hunter\" \/>\n<meta property=\"article:modified_time\" content=\"2020-09-08T13:38:46+00:00\" \/>\n<meta property=\"og:image\" content=\"https:\/\/www.coach-hunter.com\/content\/wp-content\/uploads\/2020\/06\/Optimized-3ee3a1ca001d90b88ca9e33d578f7f5b-1.jpg\" \/>\n\t<meta property=\"og:image:width\" content=\"1200\" \/>\n\t<meta property=\"og:image:height\" content=\"800\" \/>\n\t<meta property=\"og:image:type\" content=\"image\/jpeg\" \/>\n<meta name=\"twitter:card\" content=\"summary_large_image\" \/>\n<meta name=\"twitter:label1\" content=\"Dur\u00e9e de lecture estim\u00e9e\" \/>\n\t<meta name=\"twitter:data1\" content=\"7 minutes\" \/>\n<script type=\"application\/ld+json\" class=\"yoast-schema-graph\">{\"@context\":\"https:\\\/\\\/schema.org\",\"@graph\":[{\"@type\":\"WebPage\",\"@id\":\"https:\\\/\\\/www.coach-hunter.com\\\/content\\\/bpjeps-forme-en-cours-collectifs\\\/\",\"url\":\"https:\\\/\\\/www.coach-hunter.com\\\/content\\\/bpjeps-forme-en-cours-collectifs\\\/\",\"name\":\"BPJEPS Forme en cours collectifs : Comment r\u00e9ussir le test de s\u00e9lection ?\",\"isPartOf\":{\"@id\":\"https:\\\/\\\/www.coach-hunter.com\\\/content\\\/#website\"},\"primaryImageOfPage\":{\"@id\":\"https:\\\/\\\/www.coach-hunter.com\\\/content\\\/bpjeps-forme-en-cours-collectifs\\\/#primaryimage\"},\"image\":{\"@id\":\"https:\\\/\\\/www.coach-hunter.com\\\/content\\\/bpjeps-forme-en-cours-collectifs\\\/#primaryimage\"},\"thumbnailUrl\":\"https:\\\/\\\/www.coach-hunter.com\\\/content\\\/wp-content\\\/uploads\\\/2020\\\/06\\\/Optimized-3ee3a1ca001d90b88ca9e33d578f7f5b-1-1024x683.jpg\",\"datePublished\":\"2020-07-13T12:35:25+00:00\",\"dateModified\":\"2020-09-08T13:38:46+00:00\",\"description\":\"Le BPJEPS Forme en cours collectifs permet de devenir coach sportif et d'animer des s\u00e9ances de cours collectifs. Coach Hunter vous accompagne pour r\u00e9ussir.\",\"breadcrumb\":{\"@id\":\"https:\\\/\\\/www.coach-hunter.com\\\/content\\\/bpjeps-forme-en-cours-collectifs\\\/#breadcrumb\"},\"inLanguage\":\"fr-FR\",\"potentialAction\":[{\"@type\":\"ReadAction\",\"target\":[\"https:\\\/\\\/www.coach-hunter.com\\\/content\\\/bpjeps-forme-en-cours-collectifs\\\/\"]}]},{\"@type\":\"ImageObject\",\"inLanguage\":\"fr-FR\",\"@id\":\"https:\\\/\\\/www.coach-hunter.com\\\/content\\\/bpjeps-forme-en-cours-collectifs\\\/#primaryimage\",\"url\":\"https:\\\/\\\/www.coach-hunter.com\\\/content\\\/wp-content\\\/uploads\\\/2020\\\/06\\\/Optimized-3ee3a1ca001d90b88ca9e33d578f7f5b-1.jpg\",\"contentUrl\":\"https:\\\/\\\/www.coach-hunter.com\\\/content\\\/wp-content\\\/uploads\\\/2020\\\/06\\\/Optimized-3ee3a1ca001d90b88ca9e33d578f7f5b-1.jpg\",\"width\":1200,\"height\":800},{\"@type\":\"BreadcrumbList\",\"@id\":\"https:\\\/\\\/www.coach-hunter.com\\\/content\\\/bpjeps-forme-en-cours-collectifs\\\/#breadcrumb\",\"itemListElement\":[{\"@type\":\"ListItem\",\"position\":1,\"name\":\"Accueil\",\"item\":\"https:\\\/\\\/www.coach-hunter.com\\\/content\\\/\"},{\"@type\":\"ListItem\",\"position\":2,\"name\":\"BPJEPS Forme en cours collectifs pour devenir coach sportif\"}]},{\"@type\":\"WebSite\",\"@id\":\"https:\\\/\\\/www.coach-hunter.com\\\/content\\\/#website\",\"url\":\"https:\\\/\\\/www.coach-hunter.com\\\/content\\\/\",\"name\":\"Blog Coach Hunter\",\"description\":\"\",\"potentialAction\":[{\"@type\":\"SearchAction\",\"target\":{\"@type\":\"EntryPoint\",\"urlTemplate\":\"https:\\\/\\\/www.coach-hunter.com\\\/content\\\/?s={search_term_string}\"},\"query-input\":{\"@type\":\"PropertyValueSpecification\",\"valueRequired\":true,\"valueName\":\"search_term_string\"}}],\"inLanguage\":\"fr-FR\"}]}<\/script>\n<!-- \/ Yoast SEO plugin. -->","yoast_head_json":{"title":"BPJEPS Forme en cours collectifs : Comment r\u00e9ussir le test de s\u00e9lection ?","description":"Le BPJEPS Forme en cours collectifs permet de devenir coach sportif et d'animer des s\u00e9ances de cours collectifs. Coach Hunter vous accompagne pour r\u00e9ussir.","robots":{"index":"index","follow":"follow","max-snippet":"max-snippet:-1","max-image-preview":"max-image-preview:large","max-video-preview":"max-video-preview:-1"},"canonical":"https:\/\/www.coach-hunter.com\/content\/bpjeps-forme-en-cours-collectifs\/","og_locale":"fr_FR","og_type":"article","og_title":"BPJEPS Forme en cours collectifs : Comment r\u00e9ussir le test de s\u00e9lection ?","og_description":"Le BPJEPS Forme en cours collectifs permet de devenir coach sportif et d'animer des s\u00e9ances de cours collectifs. Coach Hunter vous accompagne pour r\u00e9ussir.","og_url":"https:\/\/www.coach-hunter.com\/content\/bpjeps-forme-en-cours-collectifs\/","og_site_name":"Blog Coach Hunter","article_modified_time":"2020-09-08T13:38:46+00:00","og_image":[{"width":1200,"height":800,"url":"https:\/\/www.coach-hunter.com\/content\/wp-content\/uploads\/2020\/06\/Optimized-3ee3a1ca001d90b88ca9e33d578f7f5b-1.jpg","type":"image\/jpeg"}],"twitter_card":"summary_large_image","twitter_misc":{"Dur\u00e9e de lecture estim\u00e9e":"7 minutes"},"schema":{"@context":"https:\/\/schema.org","@graph":[{"@type":"WebPage","@id":"https:\/\/www.coach-hunter.com\/content\/bpjeps-forme-en-cours-collectifs\/","url":"https:\/\/www.coach-hunter.com\/content\/bpjeps-forme-en-cours-collectifs\/","name":"BPJEPS Forme en cours collectifs : Comment r\u00e9ussir le test de s\u00e9lection ?","isPartOf":{"@id":"https:\/\/www.coach-hunter.com\/content\/#website"},"primaryImageOfPage":{"@id":"https:\/\/www.coach-hunter.com\/content\/bpjeps-forme-en-cours-collectifs\/#primaryimage"},"image":{"@id":"https:\/\/www.coach-hunter.com\/content\/bpjeps-forme-en-cours-collectifs\/#primaryimage"},"thumbnailUrl":"https:\/\/www.coach-hunter.com\/content\/wp-content\/uploads\/2020\/06\/Optimized-3ee3a1ca001d90b88ca9e33d578f7f5b-1-1024x683.jpg","datePublished":"2020-07-13T12:35:25+00:00","dateModified":"2020-09-08T13:38:46+00:00","description":"Le BPJEPS Forme en cours collectifs permet de devenir coach sportif et d'animer des s\u00e9ances de cours collectifs. Coach Hunter vous accompagne pour r\u00e9ussir.","breadcrumb":{"@id":"https:\/\/www.coach-hunter.com\/content\/bpjeps-forme-en-cours-collectifs\/#breadcrumb"},"inLanguage":"fr-FR","potentialAction":[{"@type":"ReadAction","target":["https:\/\/www.coach-hunter.com\/content\/bpjeps-forme-en-cours-collectifs\/"]}]},{"@type":"ImageObject","inLanguage":"fr-FR","@id":"https:\/\/www.coach-hunter.com\/content\/bpjeps-forme-en-cours-collectifs\/#primaryimage","url":"https:\/\/www.coach-hunter.com\/content\/wp-content\/uploads\/2020\/06\/Optimized-3ee3a1ca001d90b88ca9e33d578f7f5b-1.jpg","contentUrl":"https:\/\/www.coach-hunter.com\/content\/wp-content\/uploads\/2020\/06\/Optimized-3ee3a1ca001d90b88ca9e33d578f7f5b-1.jpg","width":1200,"height":800},{"@type":"BreadcrumbList","@id":"https:\/\/www.coach-hunter.com\/content\/bpjeps-forme-en-cours-collectifs\/#breadcrumb","itemListElement":[{"@type":"ListItem","position":1,"name":"Accueil","item":"https:\/\/www.coach-hunter.com\/content\/"},{"@type":"ListItem","position":2,"name":"BPJEPS Forme en cours collectifs pour devenir coach sportif"}]},{"@type":"WebSite","@id":"https:\/\/www.coach-hunter.com\/content\/#website","url":"https:\/\/www.coach-hunter.com\/content\/","name":"Blog Coach Hunter","description":"","potentialAction":[{"@type":"SearchAction","target":{"@type":"EntryPoint","urlTemplate":"https:\/\/www.coach-hunter.com\/content\/?s={search_term_string}"},"query-input":{"@type":"PropertyValueSpecification","valueRequired":true,"valueName":"search_term_string"}}],"inLanguage":"fr-FR"}]}},"_links":{"self":[{"href":"https:\/\/www.coach-hunter.com\/content\/wp-json\/wp\/v2\/pages\/560","targetHints":{"allow":["GET"]}}],"collection":[{"href":"https:\/\/www.coach-hunter.com\/content\/wp-json\/wp\/v2\/pages"}],"about":[{"href":"https:\/\/www.coach-hunter.com\/content\/wp-json\/wp\/v2\/types\/page"}],"author":[{"embeddable":true,"href":"https:\/\/www.coach-hunter.com\/content\/wp-json\/wp\/v2\/users\/6"}],"replies":[{"embeddable":true,"href":"https:\/\/www.coach-hunter.com\/content\/wp-json\/wp\/v2\/comments?post=560"}],"version-history":[{"count":11,"href":"https:\/\/www.coach-hunter.com\/content\/wp-json\/wp\/v2\/pages\/560\/revisions"}],"predecessor-version":[{"id":1547,"href":"https:\/\/www.coach-hunter.com\/content\/wp-json\/wp\/v2\/pages\/560\/revisions\/1547"}],"wp:attachment":[{"href":"https:\/\/www.coach-hunter.com\/content\/wp-json\/wp\/v2\/media?parent=560"}],"curies":[{"name":"wp","href":"https:\/\/api.w.org\/{rel}","templated":true}]}}