{"id":56,"date":"2018-03-12T15:40:16","date_gmt":"2018-03-12T15:40:16","guid":{"rendered":"https:\/\/www.coach-hunter.com\/content\/?page_id=56"},"modified":"2024-05-17T14:55:05","modified_gmt":"2024-05-17T14:55:05","slug":"sante","status":"publish","type":"page","link":"https:\/\/www.coach-hunter.com\/content\/sante\/","title":{"rendered":"Coach Sant\u00e9, une vie saine gr\u00e2ce au sport"},"content":{"rendered":"<p>\u00catre bien dans son corps et en bonne sant\u00e9 sont des raisons pour lesquelles beaucoup d&rsquo;entre nous d\u00e9cident de se mettre au sport. Depuis quelques ann\u00e9es, le sport sant\u00e9 et bien-\u00eatre sont des <a class=\"callAction\" href=\"https:\/\/www.coach-hunter.com\/content\/\">objectifs sportifs<\/a> en plein essor. En effet, pratiquer une activit\u00e9 physique permet de faire face \u00e0 des maladies chroniques et a de nombreux autres avantages. Un coach sant\u00e9 vous propose ainsi plusieurs articles.<\/p>\n<p><img loading=\"lazy\" decoding=\"async\" class=\"aligncenter wp-image-60 size-large\" src=\"https:\/\/www.coach-hunter.com\/content\/wp-content\/uploads\/2018\/03\/sport-sante-1024x223.jpg\" alt=\"Sant\u00e9, en forme gr\u00e2ce au sport\" width=\"840\" height=\"183\" srcset=\"https:\/\/www.coach-hunter.com\/content\/wp-content\/uploads\/2018\/03\/sport-sante-1024x223.jpg 1024w, https:\/\/www.coach-hunter.com\/content\/wp-content\/uploads\/2018\/03\/sport-sante-300x65.jpg 300w, https:\/\/www.coach-hunter.com\/content\/wp-content\/uploads\/2018\/03\/sport-sante-768x167.jpg 768w, https:\/\/www.coach-hunter.com\/content\/wp-content\/uploads\/2018\/03\/sport-sante.jpg 1920w\" sizes=\"auto, (max-width: 709px) 85vw, (max-width: 909px) 67vw, (max-width: 1362px) 62vw, 840px\" \/><\/p>\n<h2 class=\"p1\">Faire du sport toute l\u2019ann\u00e9e pour garder la forme avec un coach sant\u00e9 !<\/h2>\n<p>Selon l&rsquo;OMS (l&rsquo;organisation mondiale de la sant\u00e9), le \u00ab\u00a0sport-sant\u00e9\u00a0\u00bb <strong>recouvre la pratique d\u2019activit\u00e9 physique ou sportive qui contribue au bien-\u00eatre et \u00e0 la sant\u00e9 du pratiquant : au niveau physique, psychologique et social<\/strong>.<\/p>\n<p>Ainsi, une <strong>activit\u00e9 physique r\u00e9guli\u00e8re<\/strong> a des bienfaits physiquement. En effet, elle permet de diminuer les risques de pathologies comme les <strong>maladies cardio-vasculaires<\/strong> ou encore le <strong>diab\u00e8te<\/strong>. De plus, le sport aide \u00e0 <strong>maintenir un poids corporel<\/strong> acceptable en diminuant la masse grasse et en augmentant la masse musculaire.<\/p>\n<p>Au niveau social, la pratique sportive permet le plus souvent, de <strong>rencontrer des personnes<\/strong> et\/ou d&rsquo;avoir des conversations avec les amis, la famille. Le lien social est tr\u00e8s important, notamment pour se sentir bien psychologiquement et \u00eatre en bonne sant\u00e9.<\/p>\n<p>En effet, le <strong>c\u00f4t\u00e9 psychologique<\/strong> prend de plus en plus de place sur la sant\u00e9 d&rsquo;aujourd&rsquo;hui. Si \u00e7a ne va pas dans votre t\u00eate, \u00e7a n&rsquo;ira pas dans votre corps ! Beaucoup de choses sont \u00e0 prendre en compte et le sport peut \u00eatre une aide comme \u00eatre \u00e0 l&rsquo;aise avec son corps, diminuer votre stress ou encore agir sur votre syst\u00e8me hormonal pour se sentir mieux. L&rsquo;article suivant est un exemple de l&rsquo;effet du sport sur les hormones.<\/p>\n<h2>Les endorphines et le sport : une histoire qui dure !<\/h2>\n<p>Vous connaissez les endorphines, ces hormones dites du \u00ab\u00a0<strong>bonheur<\/strong>\u00a0\u00bb ?\u00a0 Elles sont lib\u00e9r\u00e9es par le cerveau par des raisons diverses et vari\u00e9es mais g\u00e9n\u00e9ralement en cas de <strong>d\u00e9penses physiques<\/strong>. On sait aujourd&rsquo;hui que le sport permet de lib\u00e9rer une grande quantit\u00e9 de ces hormones. Il s\u00e9cr\u00e8te \u00e0 peu pr\u00e8s cinq fois plus d\u2019<a class=\"callAction\" href=\"https:\/\/www.coach-hunter.com\/content\/endorphines\/\">endorphine<\/a> pendant une activit\u00e9 sportive intense.<\/p>\n<p>Voil\u00e0 pourquoi on recommande souvent aux personnes d\u00e9prim\u00e9es ou aux anciens fumeurs et anciens buveurs de reprendre progressivement une activit\u00e9 physique r\u00e9guli\u00e8re. Les endorphines aident clairement \u00e0 <strong>lutter contre la d\u00e9pression<\/strong> et <strong>rendent heureux<\/strong> comme on vous l&rsquo;explique dans notre sujet.<\/p>\n<h2>L&rsquo;importance du sommeil pour le sport<\/h2>\n<p><a class=\"callAction\" href=\"https:\/\/www.coach-hunter.com\/content\/sport-sommeil\/\">Sport et sommeil<\/a> sont particuli\u00e8rement li\u00e9s, l&rsquo;un \u00e9tant le bienfaiteur de l&rsquo;autre. En effet, la pratique d&rsquo;une activit\u00e9 sportive est excellente pour favoriser un cycle de sommeil sans trouble ; tandis que le sommeil permet de performer efficacement. Votre coach de sport sant\u00e9 vous recommande donc de ne pas n\u00e9gliger l&rsquo;importance du repos !<\/p>\n<h2>Les pr\u00e9cautions \u00e0 prendre en faisant du sport en \u00e9t\u00e9<\/h2>\n<p>Un coach sant\u00e9 vous livre ici des conseils et des <strong>pr\u00e9cautions \u00e0 prendre<\/strong> pour pratiquer du <a class=\"callAction\" href=\"https:\/\/www.coach-hunter.com\/content\/sport-ete\/\">sport en \u00e9t\u00e9<\/a> ou en tout cas lorsqu&rsquo;il fait chaud. On les conna\u00eet pourtant mais on ne s&rsquo;y tient pas toujours. \u00c0 l&rsquo;approche des grosses chaleurs, respectez-les aussi.<\/p>\n<p>Dans cet article, des propositions diverses sont \u00e9mises. Par exemple, consommer des fruits et l\u00e9gumes gorg\u00e9es d&rsquo;eau comme la past\u00e8que ou le concombre permet de s&rsquo;hydrater. De plus, m\u00eame si cela vous semble \u00e9vident, pensez \u00e0 vous habiller amplement. Puis des conseils sur l&rsquo;utilit\u00e9 d&rsquo;une douche \u00e0 bonne temp\u00e9rature surtout lorsqu&rsquo;il fait chaud sont \u00e9mis.<\/p>\n<h2>Coach Sant\u00e9 : \u00eatre en forme gr\u00e2ce aux nombreux bienfaits des plantes<\/h2>\n<p>La phytoth\u00e9rapie fait partie des formes de m\u00e9decines que peut vous proposer un coach sant\u00e9. <a class=\"callAction\" href=\"https:\/\/www.coach-hunter.com\/content\/plantes-et-sport\/\">Sport et plantes<\/a> peuvent effectivement faire bon m\u00e9nage, m\u00eame s&rsquo;il y a des pr\u00e9cautions \u00e0 prendre ! Comment \u00e7a fonctionne ? Est-ce que c&rsquo;est vraiment efficace ? Pourquoi le sportif pourrait-il particuli\u00e8rement en \u00eatre friand ? Autant de questions auxquelles on tente de r\u00e9pondre dans notre article d\u00e9di\u00e9.<\/p>\n<h2>Prendre un coach sant\u00e9<\/h2>\n<p>Vous aussi vous voudriez <strong>reprendre le sport<\/strong> pour \u00eatre en <strong>bonne sant\u00e9<\/strong> mais vous avez du mal \u00e0 vous motiver. Reprendre le sport avec un personal trainer est l&rsquo;id\u00e9al pour garder sa motivation intacte tout en ayant des r\u00e9sultats rapides. Le coach sportif pourra \u00e9galement vous prodiguer ses conseils dans la pratique du sport en g\u00e9n\u00e9ral mais aussi plus sp\u00e9cifiquement en nutrition.<\/p>\n<p>N&rsquo;h\u00e9sitez plus, le mise en place d&rsquo;un coaching sant\u00e9 est possible gr\u00e2ce \u00e0 coach-hunter. Cependant, si vous avez quelconques pathologies (diab\u00e8te, &#8230;), nous vous conseillons d&rsquo;\u00eatre pris en charge par des professionnels de sant\u00e9 pour un suivi complet de votre \u00e9tat.<\/p>\n<p>Pour aller plus loin sur le sport sant\u00e9, vous pouvez consulter cet article <a href=\"http:\/\/bretagne.drjscs.gouv.fr\/sites\/bretagne.drjscs.gouv.fr\/IMG\/pdf\/intervention_17.12.15_f._carre.pdf\">ici<\/a>.<\/p>\n<h2>Nos autres objectifs sportifs :<\/h2>\n<ul>\n<li>Oubliez vos kilos en trop avec un <a href=\"https:\/\/www.coach-hunter.com\/content\/perte-de-poids\/\">coach perte de poids<\/a><\/li>\n<li><a href=\"https:\/\/www.coach-hunter.com\/content\/sport-au-feminin\/\">Coach sportif pour femme<\/a> : objectifs et conseils demand\u00e9s<\/li>\n<li>L&rsquo;envie de faire du sport avec un <a href=\"https:\/\/www.coach-hunter.com\/content\/motivation-sportive\/\">coach motivation<\/a><\/li>\n<li>Atteindre ses objectifs rapidement avec un <a href=\"https:\/\/www.coach-hunter.com\/content\/nutrition\/\">coach nutrition<\/a><\/li>\n<\/ul>\n","protected":false},"excerpt":{"rendered":"<p>\u00catre bien dans son corps et en bonne sant\u00e9 sont des raisons pour lesquelles beaucoup d&rsquo;entre nous d\u00e9cident de se mettre au sport. Depuis quelques ann\u00e9es, le sport sant\u00e9 et bien-\u00eatre sont des objectifs sportifs en plein essor. En effet, pratiquer une activit\u00e9 physique permet de faire face \u00e0 des maladies chroniques et a de &hellip; <a href=\"https:\/\/www.coach-hunter.com\/content\/sante\/\" class=\"more-link\">Continuer la lecture<span class=\"screen-reader-text\"> de &laquo;&nbsp;Coach Sant\u00e9, une vie saine gr\u00e2ce au sport&nbsp;&raquo;<\/span><\/a><\/p>\n","protected":false},"author":2,"featured_media":0,"parent":0,"menu_order":0,"comment_status":"open","ping_status":"closed","template":"","meta":{"footnotes":""},"class_list":["post-56","page","type-page","status-publish","hentry"],"yoast_head":"<!-- This site is optimized with the Yoast SEO plugin v27.5 - https:\/\/yoast.com\/product\/yoast-seo-wordpress\/ -->\n<title>Coach Sant\u00e9 : des conseils pour \u00eatre bien dans son corps et dans sa t\u00eate<\/title>\n<meta name=\"description\" content=\"Conseils sportifs, nutritionnels ou encore m\u00e9dicaux, un coach sant\u00e9 vous d\u00e9livre les secrets pour \u00eatre en forme physiquement et mentalement.\" \/>\n<meta name=\"robots\" content=\"index, follow, max-snippet:-1, max-image-preview:large, max-video-preview:-1\" \/>\n<link rel=\"canonical\" href=\"https:\/\/www.coach-hunter.com\/content\/sante\/\" \/>\n<meta property=\"og:locale\" content=\"fr_FR\" \/>\n<meta property=\"og:type\" content=\"article\" \/>\n<meta property=\"og:title\" content=\"Coach Sant\u00e9 : des conseils pour \u00eatre bien dans son corps et dans sa t\u00eate\" \/>\n<meta property=\"og:description\" content=\"Conseils sportifs, nutritionnels ou encore m\u00e9dicaux, un coach sant\u00e9 vous d\u00e9livre les secrets pour \u00eatre en forme physiquement et mentalement.\" \/>\n<meta property=\"og:url\" content=\"https:\/\/www.coach-hunter.com\/content\/sante\/\" \/>\n<meta property=\"og:site_name\" content=\"Blog Coach Hunter\" \/>\n<meta property=\"article:modified_time\" content=\"2024-05-17T14:55:05+00:00\" \/>\n<meta property=\"og:image\" content=\"https:\/\/www.coach-hunter.com\/content\/wp-content\/uploads\/2018\/03\/sport-sante-1024x223.jpg\" \/>\n<meta name=\"twitter:card\" content=\"summary_large_image\" \/>\n<meta name=\"twitter:label1\" content=\"Dur\u00e9e de lecture estim\u00e9e\" \/>\n\t<meta name=\"twitter:data1\" content=\"4 minutes\" \/>\n<script type=\"application\/ld+json\" class=\"yoast-schema-graph\">{\"@context\":\"https:\\\/\\\/schema.org\",\"@graph\":[{\"@type\":\"WebPage\",\"@id\":\"https:\\\/\\\/www.coach-hunter.com\\\/content\\\/sante\\\/\",\"url\":\"https:\\\/\\\/www.coach-hunter.com\\\/content\\\/sante\\\/\",\"name\":\"Coach Sant\u00e9 : des conseils pour \u00eatre bien dans son corps et dans sa t\u00eate\",\"isPartOf\":{\"@id\":\"https:\\\/\\\/www.coach-hunter.com\\\/content\\\/#website\"},\"primaryImageOfPage\":{\"@id\":\"https:\\\/\\\/www.coach-hunter.com\\\/content\\\/sante\\\/#primaryimage\"},\"image\":{\"@id\":\"https:\\\/\\\/www.coach-hunter.com\\\/content\\\/sante\\\/#primaryimage\"},\"thumbnailUrl\":\"https:\\\/\\\/www.coach-hunter.com\\\/content\\\/wp-content\\\/uploads\\\/2018\\\/03\\\/sport-sante-1024x223.jpg\",\"datePublished\":\"2018-03-12T15:40:16+00:00\",\"dateModified\":\"2024-05-17T14:55:05+00:00\",\"description\":\"Conseils sportifs, nutritionnels ou encore m\u00e9dicaux, un coach sant\u00e9 vous d\u00e9livre les secrets pour \u00eatre en forme physiquement et mentalement.\",\"breadcrumb\":{\"@id\":\"https:\\\/\\\/www.coach-hunter.com\\\/content\\\/sante\\\/#breadcrumb\"},\"inLanguage\":\"fr-FR\",\"potentialAction\":[{\"@type\":\"ReadAction\",\"target\":[\"https:\\\/\\\/www.coach-hunter.com\\\/content\\\/sante\\\/\"]}]},{\"@type\":\"ImageObject\",\"inLanguage\":\"fr-FR\",\"@id\":\"https:\\\/\\\/www.coach-hunter.com\\\/content\\\/sante\\\/#primaryimage\",\"url\":\"https:\\\/\\\/www.coach-hunter.com\\\/content\\\/wp-content\\\/uploads\\\/2018\\\/03\\\/sport-sante.jpg\",\"contentUrl\":\"https:\\\/\\\/www.coach-hunter.com\\\/content\\\/wp-content\\\/uploads\\\/2018\\\/03\\\/sport-sante.jpg\",\"width\":1920,\"height\":418},{\"@type\":\"BreadcrumbList\",\"@id\":\"https:\\\/\\\/www.coach-hunter.com\\\/content\\\/sante\\\/#breadcrumb\",\"itemListElement\":[{\"@type\":\"ListItem\",\"position\":1,\"name\":\"Accueil\",\"item\":\"https:\\\/\\\/www.coach-hunter.com\\\/content\\\/\"},{\"@type\":\"ListItem\",\"position\":2,\"name\":\"Coach Sant\u00e9, une vie saine gr\u00e2ce au sport\"}]},{\"@type\":\"WebSite\",\"@id\":\"https:\\\/\\\/www.coach-hunter.com\\\/content\\\/#website\",\"url\":\"https:\\\/\\\/www.coach-hunter.com\\\/content\\\/\",\"name\":\"Blog Coach Hunter\",\"description\":\"\",\"potentialAction\":[{\"@type\":\"SearchAction\",\"target\":{\"@type\":\"EntryPoint\",\"urlTemplate\":\"https:\\\/\\\/www.coach-hunter.com\\\/content\\\/?s={search_term_string}\"},\"query-input\":{\"@type\":\"PropertyValueSpecification\",\"valueRequired\":true,\"valueName\":\"search_term_string\"}}],\"inLanguage\":\"fr-FR\"}]}<\/script>\n<!-- \/ Yoast SEO plugin. -->","yoast_head_json":{"title":"Coach Sant\u00e9 : des conseils pour \u00eatre bien dans son corps et dans sa t\u00eate","description":"Conseils sportifs, nutritionnels ou encore m\u00e9dicaux, un coach sant\u00e9 vous d\u00e9livre les secrets pour \u00eatre en forme physiquement et mentalement.","robots":{"index":"index","follow":"follow","max-snippet":"max-snippet:-1","max-image-preview":"max-image-preview:large","max-video-preview":"max-video-preview:-1"},"canonical":"https:\/\/www.coach-hunter.com\/content\/sante\/","og_locale":"fr_FR","og_type":"article","og_title":"Coach Sant\u00e9 : des conseils pour \u00eatre bien dans son corps et dans sa t\u00eate","og_description":"Conseils sportifs, nutritionnels ou encore m\u00e9dicaux, un coach sant\u00e9 vous d\u00e9livre les secrets pour \u00eatre en forme physiquement et mentalement.","og_url":"https:\/\/www.coach-hunter.com\/content\/sante\/","og_site_name":"Blog Coach Hunter","article_modified_time":"2024-05-17T14:55:05+00:00","og_image":[{"url":"https:\/\/www.coach-hunter.com\/content\/wp-content\/uploads\/2018\/03\/sport-sante-1024x223.jpg","type":"","width":"","height":""}],"twitter_card":"summary_large_image","twitter_misc":{"Dur\u00e9e de lecture estim\u00e9e":"4 minutes"},"schema":{"@context":"https:\/\/schema.org","@graph":[{"@type":"WebPage","@id":"https:\/\/www.coach-hunter.com\/content\/sante\/","url":"https:\/\/www.coach-hunter.com\/content\/sante\/","name":"Coach Sant\u00e9 : des conseils pour \u00eatre bien dans son corps et dans sa t\u00eate","isPartOf":{"@id":"https:\/\/www.coach-hunter.com\/content\/#website"},"primaryImageOfPage":{"@id":"https:\/\/www.coach-hunter.com\/content\/sante\/#primaryimage"},"image":{"@id":"https:\/\/www.coach-hunter.com\/content\/sante\/#primaryimage"},"thumbnailUrl":"https:\/\/www.coach-hunter.com\/content\/wp-content\/uploads\/2018\/03\/sport-sante-1024x223.jpg","datePublished":"2018-03-12T15:40:16+00:00","dateModified":"2024-05-17T14:55:05+00:00","description":"Conseils sportifs, nutritionnels ou encore m\u00e9dicaux, un coach sant\u00e9 vous d\u00e9livre les secrets pour \u00eatre en forme physiquement et mentalement.","breadcrumb":{"@id":"https:\/\/www.coach-hunter.com\/content\/sante\/#breadcrumb"},"inLanguage":"fr-FR","potentialAction":[{"@type":"ReadAction","target":["https:\/\/www.coach-hunter.com\/content\/sante\/"]}]},{"@type":"ImageObject","inLanguage":"fr-FR","@id":"https:\/\/www.coach-hunter.com\/content\/sante\/#primaryimage","url":"https:\/\/www.coach-hunter.com\/content\/wp-content\/uploads\/2018\/03\/sport-sante.jpg","contentUrl":"https:\/\/www.coach-hunter.com\/content\/wp-content\/uploads\/2018\/03\/sport-sante.jpg","width":1920,"height":418},{"@type":"BreadcrumbList","@id":"https:\/\/www.coach-hunter.com\/content\/sante\/#breadcrumb","itemListElement":[{"@type":"ListItem","position":1,"name":"Accueil","item":"https:\/\/www.coach-hunter.com\/content\/"},{"@type":"ListItem","position":2,"name":"Coach Sant\u00e9, une vie saine gr\u00e2ce au sport"}]},{"@type":"WebSite","@id":"https:\/\/www.coach-hunter.com\/content\/#website","url":"https:\/\/www.coach-hunter.com\/content\/","name":"Blog Coach Hunter","description":"","potentialAction":[{"@type":"SearchAction","target":{"@type":"EntryPoint","urlTemplate":"https:\/\/www.coach-hunter.com\/content\/?s={search_term_string}"},"query-input":{"@type":"PropertyValueSpecification","valueRequired":true,"valueName":"search_term_string"}}],"inLanguage":"fr-FR"}]}},"_links":{"self":[{"href":"https:\/\/www.coach-hunter.com\/content\/wp-json\/wp\/v2\/pages\/56","targetHints":{"allow":["GET"]}}],"collection":[{"href":"https:\/\/www.coach-hunter.com\/content\/wp-json\/wp\/v2\/pages"}],"about":[{"href":"https:\/\/www.coach-hunter.com\/content\/wp-json\/wp\/v2\/types\/page"}],"author":[{"embeddable":true,"href":"https:\/\/www.coach-hunter.com\/content\/wp-json\/wp\/v2\/users\/2"}],"replies":[{"embeddable":true,"href":"https:\/\/www.coach-hunter.com\/content\/wp-json\/wp\/v2\/comments?post=56"}],"version-history":[{"count":20,"href":"https:\/\/www.coach-hunter.com\/content\/wp-json\/wp\/v2\/pages\/56\/revisions"}],"predecessor-version":[{"id":2169,"href":"https:\/\/www.coach-hunter.com\/content\/wp-json\/wp\/v2\/pages\/56\/revisions\/2169"}],"wp:attachment":[{"href":"https:\/\/www.coach-hunter.com\/content\/wp-json\/wp\/v2\/media?parent=56"}],"curies":[{"name":"wp","href":"https:\/\/api.w.org\/{rel}","templated":true}]}}