{"id":556,"date":"2020-07-01T11:42:56","date_gmt":"2020-07-01T11:42:56","guid":{"rendered":"https:\/\/www.coach-hunter.com\/content\/?page_id=556"},"modified":"2021-06-16T17:01:31","modified_gmt":"2021-06-16T17:01:31","slug":"bpjeps-judo-jujitsu","status":"publish","type":"page","link":"https:\/\/www.coach-hunter.com\/content\/bpjeps-judo-jujitsu\/","title":{"rendered":"BPJEPS Judo-Jujitsu : Coach Hunter est \u00e0 vos c\u00f4t\u00e9s"},"content":{"rendered":"\n<p>Vous souhaitez devenir <strong>professeur de judo jujitsu<\/strong>&nbsp;? Les <a class=\"callAction\" href=\"https:\/\/www.coach-hunter.com\/content\/bpjeps-sports-de-combat\/\">BPJEPS Sports de combat<\/a> vous permettront de vous sp\u00e9cialiser ! Le <strong>BPJEPS Judo-Jujitsu<\/strong> est la voie la plus courte pour y parvenir. Au cours d\u2019une formation compl\u00e8te de 1 an et l\u2019obtention du <strong>dipl\u00f4me<\/strong>, vous pourrez donc pr\u00e9tendre \u00e0 enseigner le judo jujitsu \u00e0 tout type de public jusqu\u2019au premier niveau de comp\u00e9tition f\u00e9d\u00e9rale. <\/p>\n\n\n\n<p>Or, en amont, vous devrez r\u00e9ussir les tests de s\u00e9lection. Notre \u00e9quipe de coachs sportifs <strong>Coach Hunter<\/strong> s\u2019occupe de votre pr\u00e9paration physique afin de mettre toutes les chances de votre c\u00f4t\u00e9.&nbsp;<\/p>\n\n\n\n<div class='flexo'><div class=\"lames2\">\n\n\n\n<h2 class=\"wp-block-heading\"><strong>Le BPJEPS Judo-Jujitsu pour devenir professeur de judo<\/strong><\/h2>\n\n\n\n<div class=\"wp-block-image\"><figure class=\"aligncenter size-large\"><img loading=\"lazy\" decoding=\"async\" width=\"1024\" height=\"683\" src=\"https:\/\/www.coach-hunter.com\/content\/wp-content\/uploads\/2020\/06\/Optimized-panthermedia_B12470180_3508x2339_1-1024x683.jpg\" alt=\"BPJEPS Judo-Jujitsu\" class=\"wp-image-796\" srcset=\"https:\/\/www.coach-hunter.com\/content\/wp-content\/uploads\/2020\/06\/Optimized-panthermedia_B12470180_3508x2339_1-1024x683.jpg 1024w, https:\/\/www.coach-hunter.com\/content\/wp-content\/uploads\/2020\/06\/Optimized-panthermedia_B12470180_3508x2339_1-300x200.jpg 300w, https:\/\/www.coach-hunter.com\/content\/wp-content\/uploads\/2020\/06\/Optimized-panthermedia_B12470180_3508x2339_1-768x512.jpg 768w, https:\/\/www.coach-hunter.com\/content\/wp-content\/uploads\/2020\/06\/Optimized-panthermedia_B12470180_3508x2339_1.jpg 1200w\" sizes=\"auto, (max-width: 709px) 85vw, (max-width: 909px) 67vw, (max-width: 1362px) 62vw, 840px\" \/><\/figure><\/div>\n\n\n\n<p>Le BPJEPS Judo-Jujitsu est ainsi la voie royale pour transmettre votre passion du judo et\/ou du jujitsu. Avec pr\u00e8s de 600 000 <strong>licenci\u00e9s <\/strong>\u00e0 la f\u00e9d\u00e9ration fran\u00e7aise de judo et disciplines associ\u00e9es au sein des 5 500 clubs affili\u00e9s en France, ce sport se positionne donc depuis plusieurs ann\u00e9es dans le top 5 en termes de nombre de licenci\u00e9s. De fait, les titulaires du BPJEPS Judo-Jujitsu n\u2019\u00e9prouve pas de difficult\u00e9 \u00e0 trouver un emploi en fin de formation.&nbsp;<\/p>\n\n\n\n<p>80% des licenci\u00e9s ont moins de 8 ans. Cependant, votre dipl\u00f4me vous offre la possibilit\u00e9 de prendre en charge tout public, enfants, adolescents, adultes et s\u00e9niors. Qu\u2019il s\u2019agisse d\u2019une <strong>pratique de loisir ou de petites comp\u00e9titions<\/strong>, vous \u00eates apte \u00e0 l\u2019encadrer.&nbsp;<\/p>\n\n\n\n<p>C\u00f4t\u00e9 <strong>recrutement<\/strong>, votre profil est recherch\u00e9 au sein de structures priv\u00e9es ou publiques&nbsp;:&nbsp;<\/p>\n\n\n\n<ul class=\"wp-block-list\"><li>Collectivit\u00e9 territoriale<\/li><li>Clubs ou associations sportives<\/li><li>Centre de loisirs \/ de vacances \/ p\u00e9riscolaire<\/li><li>Milieu scolaire et universitaire<\/li><li>Etablissement de sant\u00e9<\/li><li>Entreprise<\/li><\/ul>\n\n\n\n<p>N\u2019oubliez pas que vous disposerez d\u2019une <strong>double comp\u00e9tence<\/strong> \u00e0 savoir \u00ab&nbsp;<strong>\u00e9ducateur sportif<\/strong>&nbsp;\u00bb ainsi que \u00ab&nbsp;<strong>professeur de judo<\/strong>&nbsp;\u00bb. De fait, les opportunit\u00e9s professionnelles sont nombreuses. Seul b\u00e9mol, lorsque vous d\u00e9butez, il est possible de devoir accumuler plusieurs contrats aupr\u00e8s de diff\u00e9rentes structures sportives afin de se constituer un planning \u00e0 temps complet.&nbsp;<\/p>\n\n\n\n<\/div><div class=\"lames2\">\n\n\n\n<h2 class=\"wp-block-heading\"><strong>Pr\u00e9sentation du BPJEPS sp\u00e9cialit\u00e9 \u00ab&nbsp;Educateur sportif&nbsp;\u00bb mention \u00ab&nbsp;Judo-Jujitsu&nbsp;\u00bb<\/strong><\/h2>\n\n\n\n<p>L\u2019ensemble des informations propres au BPJEPS Judo-Jujitsu sont disponibles dans le&nbsp;<a href=\"https:\/\/www.ffjudo.com\/uploads\/elfinder\/ENSEIGNANT\/formation_certification\/BPJEPS\/extrait%20BO%20n.5%20sept.oct%202016%20-%20annexe%20creation%20BPJEPS%20JUDO%204%20UC.pdf\" target=\"_blank\" rel=\"noreferrer noopener\">r\u00e9ferentiel professionnel<\/a>. Les structures de formation s\u2019appuient sur ce document exhaustif afin de mettre en place un <strong>cadre r\u00e9glementaire<\/strong>. Nous vous encourageons \u00e0 le consulter.&nbsp;<\/p>\n\n\n\n<p>On y apprend notamment que le BPJEPS Judo Jujitsu comprend 900 h de <strong>formation <\/strong>sur 10 mois. Parmi ces heures, 600 h s\u2019effectueront en <strong>centre <\/strong>ainsi que 300 h minimum en <strong>stage p\u00e9dagogique<\/strong>. Il est mentionn\u00e9 que ce dipl\u00f4me d\u2019Etat permet \u00ab&nbsp;d\u2019animer, d\u2019enseigner et pr\u00e9parer des <strong>cycles d\u2019apprentissage et d\u2019entra\u00eenement<\/strong> jusqu\u2019\u00e0 un 1<sup>er<\/sup>&nbsp;niveau de comp\u00e9tition en judo contre r\u00e9mun\u00e9ration pour tous publics, dans tout type de structure et de r\u00e9aliser des actions de tutorat&nbsp;\u00bb. <\/p>\n\n\n\n<p>Le DEJEPS et le DESJEPS pourront venir compl\u00e9ter votre cursus afin de postuler \u00e0 un poste d\u2019entra\u00eeneur en p\u00f4le espoir ou d\u2019occuper la fonction de conseiller technique f\u00e9d\u00e9ral.<\/p>\n\n\n\n<div class=\"wp-block-image\"><figure class=\"aligncenter size-large\"><img loading=\"lazy\" decoding=\"async\" width=\"900\" height=\"900\" src=\"https:\/\/www.coach-hunter.com\/content\/wp-content\/uploads\/2020\/06\/Optimized-10301.jpg\" alt=\"BPJEPS Judo-Jujitsu\" class=\"wp-image-798\" srcset=\"https:\/\/www.coach-hunter.com\/content\/wp-content\/uploads\/2020\/06\/Optimized-10301.jpg 900w, https:\/\/www.coach-hunter.com\/content\/wp-content\/uploads\/2020\/06\/Optimized-10301-300x300.jpg 300w, https:\/\/www.coach-hunter.com\/content\/wp-content\/uploads\/2020\/06\/Optimized-10301-150x150.jpg 150w, https:\/\/www.coach-hunter.com\/content\/wp-content\/uploads\/2020\/06\/Optimized-10301-768x768.jpg 768w\" sizes=\"auto, (max-width: 709px) 85vw, (max-width: 909px) 67vw, (max-width: 1362px) 62vw, 840px\" \/><\/figure><\/div>\n\n\n\n<h4 class=\"wp-block-heading\">Les 4 unit\u00e9s capitalisables \u00e0 acqu\u00e9rir&nbsp;<\/h4>\n\n\n\n<ul class=\"wp-block-list\"><li>UC 1&nbsp;: Encadrer tout public dans tout lieu et toute structure.<\/li><\/ul>\n\n\n\n<p>Dans cette UC, on y retrouve le fait de promouvoir les projets et actions de la structure, contribuer \u00e0 son fonctionnement ainsi que garantir l\u2019int\u00e9grit\u00e9 physique et morale des publics.&nbsp;<\/p>\n\n\n\n<ul class=\"wp-block-list\"><li>UC 2&nbsp;: Mettre en \u0153uvre un projet d\u2019animation s\u2019inscrivant dans le projet de la structure.<\/li><\/ul>\n\n\n\n<p>Vous devrez concevoir un projet d\u2019animation, le conduire et l\u2019\u00e9valuer.&nbsp;<\/p>\n\n\n\n<ul class=\"wp-block-list\"><li>UC3&nbsp;: Concevoir une s\u00e9ance, un cycle d\u2019animation ou d\u2019apprentissage dans le champ de la mention judo-jujitsu jusqu\u2019au premier niveau de comp\u00e9tition f\u00e9d\u00e9rale.<\/li><\/ul>\n\n\n\n<p>Ici, vous rentrez au c\u0153ur de votre domaine de comp\u00e9tence. Vous devrez mettre en \u0153uvre une d\u00e9marche p\u00e9dagogique adapt\u00e9e aux publics et aux objectifs de la s\u00e9ance ou du cycle. Evoquons \u00e9galement le fait de programmer une s\u00e9ance ainsi que d\u2019\u00e9valuer la progression des pratiquants.&nbsp;<\/p>\n\n\n\n<ul class=\"wp-block-list\"><li>UC4&nbsp;: Mobiliser les techniques de la mention judo-jujitsu pour mettre en \u0153uvre une s\u00e9ance ou un cycle d\u2019apprentissage jusqu\u2019au premier niveau de comp\u00e9tition f\u00e9d\u00e9rale.&nbsp;<\/li><\/ul>\n\n\n\n<p>Enfin, cette UC vise \u00e0 ma\u00eetriser et <strong>utiliser les gestes techniques<\/strong> appropri\u00e9s dans un objectif d\u2019apprentissage jusqu\u2019au premier niveau de comp\u00e9tition f\u00e9d\u00e9rale. Sera aussi \u00e9valu\u00e9, votre capacit\u00e9 \u00e0 am\u00e9nager l\u2019espace de pratique tout en sensibilisant aux conduites \u00e0 risque.&nbsp;<\/p>\n\n\n\n<p>La formation <strong>BPJEPS Educateur sportif mention judo-jujitsu<\/strong> requiert un investissement humain et financier important. En moyenne, le tarif du BPJEPS Judo-Jujitsu est de 6000 euros. Ce montant peut \u00eatre r\u00e9duit gr\u00e2ce \u00e0 des aides (clubs, p\u00f4le emploi, conseils r\u00e9gionaux, OPCA, missions locales).&nbsp;<\/p>\n\n\n\n<\/div><div class=\"lames2\">\n\n\n\n<h2 class=\"wp-block-heading\"><strong>Pr\u00e9-requis d\u2019acc\u00e8s \u00e0 la formation<\/strong><\/h2>\n\n\n\n<figure class=\"wp-block-table\"><table><tbody><tr><td><strong>Age requis<\/strong><\/td><td>18 ans minimum<\/td><\/tr><tr><td><strong>Certificat<\/strong><\/td><td>Etre titulaire d\u2019une attestation de formation&nbsp;: PSC1, AFPS, PSE1, PSE2, AFGSU ou SST en cours de validit\u00e9.&nbsp;<\/td><\/tr><tr><td><strong>Conditions<\/strong><\/td><td>Satisfaire aux tests de s\u00e9lection<br>Entretien oral<br>Pr\u00e9sentation \u00e9crite<\/td><\/tr><tr><td><strong>Documents n\u00e9cessaires<\/strong><\/td><td>Dossier d&rsquo;inscription complet<br>Certificat m\u00e9dical datant de moins de 1an de non contre indication \u00e0 la pratique et \u00e0 l\u2019enseignement du judo-jujitsu&nbsp;<\/td><\/tr><tr><td><strong>Epreuves<\/strong><\/td><td>S\u00e9quence d\u2019initiation pour un groupe d\u2019au moins 8 pratiquants, en s\u00e9curit\u00e9, pendant 15 \u00e0 20min maximum suivie d\u2019un entretien de 20min au maximum.&nbsp;<\/td><\/tr><\/tbody><\/table><\/figure>\n\n\n\n<p>N\u2019h\u00e9sitez pas \u00e0 bien vous renseigner au pr\u00e9alable sur les exigences de votre <strong>centre de formation<\/strong>. En effet, les tests de s\u00e9lection peuvent varier d\u2019une structure \u00e0 une autre. Quoi qu\u2019il en soit, la plupart des structures proposent des tests physiques, oraux et \u00e9crits afin de v\u00e9rifier vos capacit\u00e9s \u00e0 int\u00e9grer le BPJEPS Judo-Jujitsu. Il convient de ne n\u00e9gliger aucuns param\u00e8tres afin de mettre toutes les chances de votre c\u00f4t\u00e9.&nbsp;<\/p>\n\n\n\n<p>Sachez qu\u2019au regard de votre statut, une dispense aux \u00e9preuves de s\u00e9lection peut vous \u00eatre accord\u00e9e. Sont dispens\u00e9s du <strong>test d\u2019entr\u00e9e en formation<\/strong>&nbsp;:&nbsp;<\/p>\n\n\n\n<ul class=\"wp-block-list\"><li>Les sportifs de haut-niveau en judo et jujitsu<\/li><li>Les titulaires du Brevet d\u2019Etat d\u2019\u00e9ducateur sportif 1<sup>er&nbsp;<\/sup>degr\u00e9 judo<\/li><li>Les titulaires du Brevet f\u00e9d\u00e9ral<\/li><li>Les d\u00e9tenteurs du CQP APAM ou CQP MAM<\/li><\/ul>\n\n\n\n<p>Ces profils peuvent \u00e9galement b\u00e9n\u00e9ficier d\u2019all\u00e9gements concernant l\u2019acquisition des UC.&nbsp;<\/p>\n\n\n\n<\/div><div class=\"lames2\">\n\n\n\n<h2 class=\"wp-block-heading\"><strong>Faites appel \u00e0 un coach sportif dipl\u00f4m\u00e9 pour r\u00e9ussir vos tests de s\u00e9lection<\/strong><\/h2>\n\n\n\n<div class=\"wp-block-image\"><figure class=\"aligncenter size-large\"><img loading=\"lazy\" decoding=\"async\" width=\"1024\" height=\"576\" src=\"https:\/\/www.coach-hunter.com\/content\/wp-content\/uploads\/2020\/06\/Optimized-BJJ-1024x576.jpg\" alt=\"BPJEPS Judo-Jujitsu\" class=\"wp-image-797\" srcset=\"https:\/\/www.coach-hunter.com\/content\/wp-content\/uploads\/2020\/06\/Optimized-BJJ-1024x576.jpg 1024w, https:\/\/www.coach-hunter.com\/content\/wp-content\/uploads\/2020\/06\/Optimized-BJJ-300x169.jpg 300w, https:\/\/www.coach-hunter.com\/content\/wp-content\/uploads\/2020\/06\/Optimized-BJJ-768x432.jpg 768w, https:\/\/www.coach-hunter.com\/content\/wp-content\/uploads\/2020\/06\/Optimized-BJJ.jpg 1200w\" sizes=\"auto, (max-width: 709px) 85vw, (max-width: 909px) 67vw, (max-width: 1362px) 62vw, 840px\" \/><\/figure><\/div>\n\n\n\n<p>La r\u00e9ussite des tests de s\u00e9lection et plus largement du BPJEPS Judo-Jujitsu requiert un bon niveau sportif. En effet, outre une <strong>pr\u00e9paration physique<\/strong> de qualit\u00e9, en amont, Coach Hunter vous propose de <strong>vous mettre en relation avec des coachs sportifs expert en Judo et Jujitsu<\/strong>.&nbsp;<\/p>\n\n\n\n<p>Nos\u00a0<a class=\"callAction\" href=\"https:\/\/www.coach-hunter.com\/sport\/judo\">coach sportif Judo<\/a>, g\u00e9n\u00e9ralement <strong>titulaires du DEJEPS Judo-Jujitsu<\/strong> sont disponibles pour vous transmettre leurs savoirs. Professeurs de judo pour tout public, ils sauront vous pr\u00e9parer physiquement mais aussi vous conseiller afin de r\u00e9ussir au mieux votre entretien oral ainsi que vos \u00e9crits.\u00a0<\/p>\n\n\n\n<p>B\u00e9n\u00e9ficiez de <strong>conseils d\u2019experts dipl\u00f4m\u00e9s<\/strong> ainsi que d\u2019un <strong>coaching personnalis\u00e9<\/strong> est une belle opportunit\u00e9 afin de mettre toutes les chances de votre c\u00f4t\u00e9 pour r\u00e9ussir votre avenir professionnel.&nbsp;<\/p>\n\n\n\n<p>Des centaines de coachs sportifs <strong>sp\u00e9cialis\u00e9s dans les arts martiaux<\/strong>, les sports collectifs, la musculation ou encore les sports de glisse sont disponibles pr\u00e8s de chez vous. De fait, Coach Hunter vous propose de vous mettre en relation facilement. En quelques clics, vous avez ainsi acc\u00e8s \u00e0 ses dipl\u00f4mes, ses comp\u00e9tences ou encore son exp\u00e9rience professionnelle. Les avis clients sont v\u00e9rifi\u00e9s et les tarifs accessibles.&nbsp;&nbsp;<\/p>\n\n\n\n<\/div><\/div>\n\n\n\n<h2 class=\"wp-block-heading\"><strong>Conclusion<\/strong><\/h2>\n\n\n\n<p>En r\u00e9sum\u00e9, le BPJEPS Judo-Jujitsu est le dipl\u00f4me id\u00e9al pour exercer le m\u00e9tier d\u2019\u00e9ducateur sportif ou professeur de judo. Ce <strong>brevet professionnel de la jeunesse, de l\u2019\u00e9ducation populaire et du sport<\/strong> niveau bac, suscite, chaque ann\u00e9e, de nombreuses demandes. De fait, des tests de s\u00e9lection sont organis\u00e9s afin de v\u00e9rifier votre aptitude \u00e0 suivre cette formation. Il est donc important de d\u00e9marrer sa pr\u00e9paration physique bien en amont.&nbsp;<\/p>\n\n\n\n<p>A minima 3 mois avant vos tests de positionnement, nous vous conseillons de <strong>prendre contact<\/strong> avec Coach Hunter. Selon votre niveau initial et votre objectif, vous planifierez avec votre coach sportif votre <strong>plan d\u2019entra\u00eenement<\/strong> afin d\u2019\u00eatre pr\u00eat le jour J.&nbsp;<\/p>\n\n\n\n<h2 class=\"wp-block-heading\">D\u2019autres BPJEPS Sports de combat :<\/h2>\n\n\n\n<ul class=\"wp-block-list\"><li><a href=\"https:\/\/www.coach-hunter.com\/content\/bpjeps-boxe-anglaise\/\">BPJEPS Boxe Anglaise<\/a><\/li><li><a href=\"https:\/\/www.coach-hunter.com\/content\/bpjeps-boxe-francaise\/\">BPJEPS Boxe fran\u00e7aise<\/a><\/li><li><a href=\"https:\/\/www.coach-hunter.com\/content\/bpjeps-karate-disciplines-associees\/\">BPJEPS Karat\u00e9 et disciplines associ\u00e9es<\/a><\/li><li><a href=\"https:\/\/www.coach-hunter.com\/content\/bpjeps-lutte\/\">BPJEPS Lutte<\/a><\/li><li><a href=\"https:\/\/www.coach-hunter.com\/content\/bpjeps-sports-de-contact\/\">BPJEPS Sports de contact<\/a><\/li><\/ul>\n\n\n\n<p><\/p>\n","protected":false},"excerpt":{"rendered":"<p>Vous souhaitez devenir professeur de judo jujitsu&nbsp;? Les BPJEPS Sports de combat vous permettront de vous sp\u00e9cialiser ! Le BPJEPS Judo-Jujitsu est la voie la plus courte pour y parvenir. Au cours d\u2019une formation compl\u00e8te de 1 an et l\u2019obtention du dipl\u00f4me, vous pourrez donc pr\u00e9tendre \u00e0 enseigner le judo jujitsu \u00e0 tout type de &hellip; <a href=\"https:\/\/www.coach-hunter.com\/content\/bpjeps-judo-jujitsu\/\" class=\"more-link\">Continuer la lecture<span class=\"screen-reader-text\"> de &laquo;&nbsp;BPJEPS Judo-Jujitsu : Coach Hunter est \u00e0 vos c\u00f4t\u00e9s&nbsp;&raquo;<\/span><\/a><\/p>\n","protected":false},"author":6,"featured_media":0,"parent":0,"menu_order":0,"comment_status":"closed","ping_status":"closed","template":"","meta":{"footnotes":""},"class_list":["post-556","page","type-page","status-publish","hentry"],"yoast_head":"<!-- This site is optimized with the Yoast SEO plugin v27.5 - https:\/\/yoast.com\/product\/yoast-seo-wordpress\/ -->\n<title>BPJEPS Judo-Jujitsu pour devenir professeur de judo<\/title>\n<meta name=\"description\" content=\"Les coachs sportifs du r\u00e9seau Coach Hunter vous aident \u00e0 obtenir votre BPJEPS Judo-Jujitsu. Un coach expert judo est disponible pr\u00e8s de chez vous.\" \/>\n<meta name=\"robots\" content=\"index, follow, max-snippet:-1, max-image-preview:large, max-video-preview:-1\" \/>\n<link rel=\"canonical\" href=\"https:\/\/www.coach-hunter.com\/content\/bpjeps-judo-jujitsu\/\" \/>\n<meta property=\"og:locale\" content=\"fr_FR\" \/>\n<meta property=\"og:type\" content=\"article\" \/>\n<meta property=\"og:title\" content=\"BPJEPS Judo-Jujitsu pour devenir professeur de judo\" \/>\n<meta property=\"og:description\" content=\"Les coachs sportifs du r\u00e9seau Coach Hunter vous aident \u00e0 obtenir votre BPJEPS Judo-Jujitsu. Un coach expert judo est disponible pr\u00e8s de chez vous.\" \/>\n<meta property=\"og:url\" content=\"https:\/\/www.coach-hunter.com\/content\/bpjeps-judo-jujitsu\/\" \/>\n<meta property=\"og:site_name\" content=\"Blog Coach Hunter\" \/>\n<meta property=\"article:modified_time\" content=\"2021-06-16T17:01:31+00:00\" \/>\n<meta property=\"og:image\" content=\"https:\/\/www.coach-hunter.com\/content\/wp-content\/uploads\/2020\/06\/Optimized-panthermedia_B12470180_3508x2339_1-1024x683.jpg\" \/>\n<meta name=\"twitter:card\" content=\"summary_large_image\" \/>\n<meta name=\"twitter:label1\" content=\"Dur\u00e9e de lecture estim\u00e9e\" \/>\n\t<meta name=\"twitter:data1\" content=\"7 minutes\" \/>\n<script type=\"application\/ld+json\" class=\"yoast-schema-graph\">{\"@context\":\"https:\\\/\\\/schema.org\",\"@graph\":[{\"@type\":\"WebPage\",\"@id\":\"https:\\\/\\\/www.coach-hunter.com\\\/content\\\/bpjeps-judo-jujitsu\\\/\",\"url\":\"https:\\\/\\\/www.coach-hunter.com\\\/content\\\/bpjeps-judo-jujitsu\\\/\",\"name\":\"BPJEPS Judo-Jujitsu pour devenir professeur de judo\",\"isPartOf\":{\"@id\":\"https:\\\/\\\/www.coach-hunter.com\\\/content\\\/#website\"},\"primaryImageOfPage\":{\"@id\":\"https:\\\/\\\/www.coach-hunter.com\\\/content\\\/bpjeps-judo-jujitsu\\\/#primaryimage\"},\"image\":{\"@id\":\"https:\\\/\\\/www.coach-hunter.com\\\/content\\\/bpjeps-judo-jujitsu\\\/#primaryimage\"},\"thumbnailUrl\":\"https:\\\/\\\/www.coach-hunter.com\\\/content\\\/wp-content\\\/uploads\\\/2020\\\/06\\\/Optimized-panthermedia_B12470180_3508x2339_1-1024x683.jpg\",\"datePublished\":\"2020-07-01T11:42:56+00:00\",\"dateModified\":\"2021-06-16T17:01:31+00:00\",\"description\":\"Les coachs sportifs du r\u00e9seau Coach Hunter vous aident \u00e0 obtenir votre BPJEPS Judo-Jujitsu. Un coach expert judo est disponible pr\u00e8s de chez vous.\",\"breadcrumb\":{\"@id\":\"https:\\\/\\\/www.coach-hunter.com\\\/content\\\/bpjeps-judo-jujitsu\\\/#breadcrumb\"},\"inLanguage\":\"fr-FR\",\"potentialAction\":[{\"@type\":\"ReadAction\",\"target\":[\"https:\\\/\\\/www.coach-hunter.com\\\/content\\\/bpjeps-judo-jujitsu\\\/\"]}]},{\"@type\":\"ImageObject\",\"inLanguage\":\"fr-FR\",\"@id\":\"https:\\\/\\\/www.coach-hunter.com\\\/content\\\/bpjeps-judo-jujitsu\\\/#primaryimage\",\"url\":\"https:\\\/\\\/www.coach-hunter.com\\\/content\\\/wp-content\\\/uploads\\\/2020\\\/06\\\/Optimized-panthermedia_B12470180_3508x2339_1.jpg\",\"contentUrl\":\"https:\\\/\\\/www.coach-hunter.com\\\/content\\\/wp-content\\\/uploads\\\/2020\\\/06\\\/Optimized-panthermedia_B12470180_3508x2339_1.jpg\",\"width\":1200,\"height\":800},{\"@type\":\"BreadcrumbList\",\"@id\":\"https:\\\/\\\/www.coach-hunter.com\\\/content\\\/bpjeps-judo-jujitsu\\\/#breadcrumb\",\"itemListElement\":[{\"@type\":\"ListItem\",\"position\":1,\"name\":\"Accueil\",\"item\":\"https:\\\/\\\/www.coach-hunter.com\\\/content\\\/\"},{\"@type\":\"ListItem\",\"position\":2,\"name\":\"BPJEPS Judo-Jujitsu : Coach Hunter est \u00e0 vos c\u00f4t\u00e9s\"}]},{\"@type\":\"WebSite\",\"@id\":\"https:\\\/\\\/www.coach-hunter.com\\\/content\\\/#website\",\"url\":\"https:\\\/\\\/www.coach-hunter.com\\\/content\\\/\",\"name\":\"Blog Coach Hunter\",\"description\":\"\",\"potentialAction\":[{\"@type\":\"SearchAction\",\"target\":{\"@type\":\"EntryPoint\",\"urlTemplate\":\"https:\\\/\\\/www.coach-hunter.com\\\/content\\\/?s={search_term_string}\"},\"query-input\":{\"@type\":\"PropertyValueSpecification\",\"valueRequired\":true,\"valueName\":\"search_term_string\"}}],\"inLanguage\":\"fr-FR\"}]}<\/script>\n<!-- \/ Yoast SEO plugin. -->","yoast_head_json":{"title":"BPJEPS Judo-Jujitsu pour devenir professeur de judo","description":"Les coachs sportifs du r\u00e9seau Coach Hunter vous aident \u00e0 obtenir votre BPJEPS Judo-Jujitsu. Un coach expert judo est disponible pr\u00e8s de chez vous.","robots":{"index":"index","follow":"follow","max-snippet":"max-snippet:-1","max-image-preview":"max-image-preview:large","max-video-preview":"max-video-preview:-1"},"canonical":"https:\/\/www.coach-hunter.com\/content\/bpjeps-judo-jujitsu\/","og_locale":"fr_FR","og_type":"article","og_title":"BPJEPS Judo-Jujitsu pour devenir professeur de judo","og_description":"Les coachs sportifs du r\u00e9seau Coach Hunter vous aident \u00e0 obtenir votre BPJEPS Judo-Jujitsu. Un coach expert judo est disponible pr\u00e8s de chez vous.","og_url":"https:\/\/www.coach-hunter.com\/content\/bpjeps-judo-jujitsu\/","og_site_name":"Blog Coach Hunter","article_modified_time":"2021-06-16T17:01:31+00:00","og_image":[{"url":"https:\/\/www.coach-hunter.com\/content\/wp-content\/uploads\/2020\/06\/Optimized-panthermedia_B12470180_3508x2339_1-1024x683.jpg","type":"","width":"","height":""}],"twitter_card":"summary_large_image","twitter_misc":{"Dur\u00e9e de lecture estim\u00e9e":"7 minutes"},"schema":{"@context":"https:\/\/schema.org","@graph":[{"@type":"WebPage","@id":"https:\/\/www.coach-hunter.com\/content\/bpjeps-judo-jujitsu\/","url":"https:\/\/www.coach-hunter.com\/content\/bpjeps-judo-jujitsu\/","name":"BPJEPS Judo-Jujitsu pour devenir professeur de judo","isPartOf":{"@id":"https:\/\/www.coach-hunter.com\/content\/#website"},"primaryImageOfPage":{"@id":"https:\/\/www.coach-hunter.com\/content\/bpjeps-judo-jujitsu\/#primaryimage"},"image":{"@id":"https:\/\/www.coach-hunter.com\/content\/bpjeps-judo-jujitsu\/#primaryimage"},"thumbnailUrl":"https:\/\/www.coach-hunter.com\/content\/wp-content\/uploads\/2020\/06\/Optimized-panthermedia_B12470180_3508x2339_1-1024x683.jpg","datePublished":"2020-07-01T11:42:56+00:00","dateModified":"2021-06-16T17:01:31+00:00","description":"Les coachs sportifs du r\u00e9seau Coach Hunter vous aident \u00e0 obtenir votre BPJEPS Judo-Jujitsu. Un coach expert judo est disponible pr\u00e8s de chez vous.","breadcrumb":{"@id":"https:\/\/www.coach-hunter.com\/content\/bpjeps-judo-jujitsu\/#breadcrumb"},"inLanguage":"fr-FR","potentialAction":[{"@type":"ReadAction","target":["https:\/\/www.coach-hunter.com\/content\/bpjeps-judo-jujitsu\/"]}]},{"@type":"ImageObject","inLanguage":"fr-FR","@id":"https:\/\/www.coach-hunter.com\/content\/bpjeps-judo-jujitsu\/#primaryimage","url":"https:\/\/www.coach-hunter.com\/content\/wp-content\/uploads\/2020\/06\/Optimized-panthermedia_B12470180_3508x2339_1.jpg","contentUrl":"https:\/\/www.coach-hunter.com\/content\/wp-content\/uploads\/2020\/06\/Optimized-panthermedia_B12470180_3508x2339_1.jpg","width":1200,"height":800},{"@type":"BreadcrumbList","@id":"https:\/\/www.coach-hunter.com\/content\/bpjeps-judo-jujitsu\/#breadcrumb","itemListElement":[{"@type":"ListItem","position":1,"name":"Accueil","item":"https:\/\/www.coach-hunter.com\/content\/"},{"@type":"ListItem","position":2,"name":"BPJEPS Judo-Jujitsu : Coach Hunter est \u00e0 vos c\u00f4t\u00e9s"}]},{"@type":"WebSite","@id":"https:\/\/www.coach-hunter.com\/content\/#website","url":"https:\/\/www.coach-hunter.com\/content\/","name":"Blog Coach Hunter","description":"","potentialAction":[{"@type":"SearchAction","target":{"@type":"EntryPoint","urlTemplate":"https:\/\/www.coach-hunter.com\/content\/?s={search_term_string}"},"query-input":{"@type":"PropertyValueSpecification","valueRequired":true,"valueName":"search_term_string"}}],"inLanguage":"fr-FR"}]}},"_links":{"self":[{"href":"https:\/\/www.coach-hunter.com\/content\/wp-json\/wp\/v2\/pages\/556","targetHints":{"allow":["GET"]}}],"collection":[{"href":"https:\/\/www.coach-hunter.com\/content\/wp-json\/wp\/v2\/pages"}],"about":[{"href":"https:\/\/www.coach-hunter.com\/content\/wp-json\/wp\/v2\/types\/page"}],"author":[{"embeddable":true,"href":"https:\/\/www.coach-hunter.com\/content\/wp-json\/wp\/v2\/users\/6"}],"replies":[{"embeddable":true,"href":"https:\/\/www.coach-hunter.com\/content\/wp-json\/wp\/v2\/comments?post=556"}],"version-history":[{"count":24,"href":"https:\/\/www.coach-hunter.com\/content\/wp-json\/wp\/v2\/pages\/556\/revisions"}],"predecessor-version":[{"id":2060,"href":"https:\/\/www.coach-hunter.com\/content\/wp-json\/wp\/v2\/pages\/556\/revisions\/2060"}],"wp:attachment":[{"href":"https:\/\/www.coach-hunter.com\/content\/wp-json\/wp\/v2\/media?parent=556"}],"curies":[{"name":"wp","href":"https:\/\/api.w.org\/{rel}","templated":true}]}}