{"id":234,"date":"2018-07-28T08:29:30","date_gmt":"2018-07-28T08:29:30","guid":{"rendered":"https:\/\/www.coach-hunter.com\/content\/?page_id=234"},"modified":"2025-04-25T09:21:27","modified_gmt":"2025-04-25T09:21:27","slug":"cellulite","status":"publish","type":"page","link":"https:\/\/www.coach-hunter.com\/content\/cellulite\/","title":{"rendered":"La cellulite\u00a0: peut-elle dispara\u00eetre\u00a0?"},"content":{"rendered":"<p style=\"text-align: justify;\">Vous avez de la cellulite, appel\u00e9e aussi peau d\u2019orange ou encore capitons ? Rassurez-vous, vous n\u2019\u00eates pas la seule femme \u00e0 conna\u00eetre cette immense joie et ce grand privil\u00e8ge puisque pr\u00e8s de 80% des femmes sont concern\u00e9es contre 5% d\u2019hommes. Existe-t-il des solutions efficaces pour s&rsquo;en d\u00e9barrasser ? Est-ce que l&rsquo;on peut limiter son apparition ? Un <a class=\"callAction\" href=\"https:\/\/www.coach-hunter.com\/content\/sport-au-feminin\/\">coach sportif pour femme<\/a> r\u00e9pond \u00e0 vos questions.<\/p>\n<p style=\"text-align: justify;\"><img loading=\"lazy\" decoding=\"async\" class=\"aligncenter wp-image-247 size-full\" src=\"https:\/\/www.coach-hunter.com\/content\/wp-content\/uploads\/2018\/07\/femme-avec-de-la-cellulite.jpg\" alt=\"femme avec cellulite\" width=\"1123\" height=\"747\" srcset=\"https:\/\/www.coach-hunter.com\/content\/wp-content\/uploads\/2018\/07\/femme-avec-de-la-cellulite.jpg 1123w, https:\/\/www.coach-hunter.com\/content\/wp-content\/uploads\/2018\/07\/femme-avec-de-la-cellulite-300x200.jpg 300w, https:\/\/www.coach-hunter.com\/content\/wp-content\/uploads\/2018\/07\/femme-avec-de-la-cellulite-768x511.jpg 768w, https:\/\/www.coach-hunter.com\/content\/wp-content\/uploads\/2018\/07\/femme-avec-de-la-cellulite-1024x681.jpg 1024w\" sizes=\"auto, (max-width: 709px) 85vw, (max-width: 909px) 67vw, (max-width: 1362px) 62vw, 840px\" \/><\/p>\n<p style=\"text-align: justify;\">Allez, cassons le suspense d\u2019entr\u00e9e, sachez que cet aspect de la peau peut s\u2019att\u00e9nuer de mani\u00e8re notoire mais la faire dispara\u00eetre d\u00e9finitivement est pour le moment tr\u00e8s difficile voire utopique.<\/p>\n<h2 style=\"text-align: justify;\">Les diff\u00e9rents types de cellulite<\/h2>\n<p style=\"text-align: justify;\">La cellulite est la cons\u00e9quence d\u2019une <strong>modification des cellules de stockage des graisses<\/strong> situ\u00e9es sous la peau. Ces cellules appel\u00e9es \u00ab <strong>adipocytes<\/strong> \u00bb peuvent gonfler et finir par comprimer les vaisseaux sanguins et lymphatiques.<\/p>\n<p style=\"text-align: justify;\">Alors, ce ph\u00e9nom\u00e8ne va <strong>emp\u00eacher d\u2019\u00e9liminer correctement les toxines<\/strong>. Cette accumulation va former un <strong>amas graisseux<\/strong> qui donnera un aspect bossel\u00e9 \u00e0 la surface de la peau. C\u2019est ce que l&rsquo;on appelle ainsi la cellulite (ou lipodystrophie superficielle). Quand cet amas graisseux est situ\u00e9 au niveau des cuisses et des fessiers, on l&rsquo;appelle culotte de cheval ou encore st\u00e9atom\u00e9rie.<\/p>\n<p style=\"text-align: justify;\"><strong>Quasiment toutes les femmes ont de la peau d\u2019orange<\/strong> d\u00e8s la pubert\u00e9, c\u2019est naturel et n\u2019est pas dangereux pour la sant\u00e9. Pourtant, peu de femmes parviennent \u00e0 l\u2019assumer compl\u00e8tement.<\/p>\n<p style=\"text-align: justify;\">De nos jours, les jambes sont constamment expos\u00e9es et soumises au regard et jugement d\u2019autrui. Elles doivent \u00eatre fines, \u00e9pil\u00e9es et les photos de magazines retouch\u00e9es renvoient une image erron\u00e9e. Dans la vraie vie, impossible d\u2019appliquer un peu de Photoshop sur nos jambes\u00a0! Mais d\u2019autres solutions existent.<\/p>\n<p><img loading=\"lazy\" decoding=\"async\" class=\"aligncenter wp-image-248 size-full\" src=\"https:\/\/www.coach-hunter.com\/content\/wp-content\/uploads\/2018\/07\/massage-contre-la-cellulite.jpg\" alt=\"palp\u00e9 roul\u00e9 anti cellulite\" width=\"1119\" height=\"745\" srcset=\"https:\/\/www.coach-hunter.com\/content\/wp-content\/uploads\/2018\/07\/massage-contre-la-cellulite.jpg 1119w, https:\/\/www.coach-hunter.com\/content\/wp-content\/uploads\/2018\/07\/massage-contre-la-cellulite-300x200.jpg 300w, https:\/\/www.coach-hunter.com\/content\/wp-content\/uploads\/2018\/07\/massage-contre-la-cellulite-768x511.jpg 768w, https:\/\/www.coach-hunter.com\/content\/wp-content\/uploads\/2018\/07\/massage-contre-la-cellulite-1024x682.jpg 1024w\" sizes=\"auto, (max-width: 709px) 85vw, (max-width: 909px) 67vw, (max-width: 1362px) 62vw, 840px\" \/><\/p>\n<p style=\"text-align: justify;\">La cellulite existe sous 3 types diff\u00e9rents :<\/p>\n<p><strong>Adipeuse<\/strong> : une alimentation riche en graisse augmente la taille des adipocytes et forme une \u00ab peau d\u2019orange \u00bb. Elle appara\u00eet sur les hanches, les fesses et\/ou lorsque la peau est pinc\u00e9e mais elle est molle et non douloureuse au toucher.<\/p>\n<p><strong>Aqueuse<\/strong> : c\u2019est lorsque les cellules stockent de l\u2019eau (r\u00e9tention d&rsquo;eau). Elle est visible au niveau des chevilles, mollets, cuisses et bras. La s\u00e9dentarit\u00e9 ou une mauvaise circulation sanguine et lymphatique peuvent en \u00eatre la cause.<\/p>\n<p><strong>Fibreuse<\/strong> : c\u2019est la plus difficile \u00e0 d\u00e9loger. Elle est dure et douloureuse au pincement de la peau. Elle se loge sur les cuisses et les genoux.<\/p>\n<h2 style=\"text-align: justify;\">Pourquoi avons-nous de la cellulite ?<\/h2>\n<p style=\"text-align: justify;\">Les raisons :<\/p>\n<ul>\n<li>Une <strong>mauvaise hygi\u00e8ne de vie<\/strong> peut faire cro\u00eetre les capitons, il faut donc surveiller son <strong>alimentation<\/strong>. N\u00e9anmoins, on peut \u00eatre mince et avoir de la peau d\u2019orange\u00a0!<\/li>\n<li>Le <strong>manque de sport<\/strong> est aussi un facteur important, n\u2019h\u00e9sitez pas \u00e0 vous faire aider par un coach Coach Hunter pour cette partie.<\/li>\n<li>La <strong>g\u00e9n\u00e9tique<\/strong> et l\u2019h\u00e9r\u00e9dit\u00e9 jouent un r\u00f4le important (cruelle g\u00e9n\u00e9tique).<\/li>\n<li>Le <strong>syst\u00e8me hormonal<\/strong>. Il est normal d\u2019avoir de la cellulite mais un exc\u00e8s peut \u00eatre d\u00fb \u00e0 des d\u00e9r\u00e8glements avec un mauvais dosage de pilule, certains m\u00e9dicaments ou une grossesse.<\/li>\n<li>Une <strong>insuffisance veineuse<\/strong> peut favoriser cet aspect bossel\u00e9 de la peau.<\/li>\n<\/ul>\n<h2 style=\"text-align: justify;\"><img loading=\"lazy\" decoding=\"async\" class=\"aligncenter wp-image-249 size-full\" src=\"https:\/\/www.coach-hunter.com\/content\/wp-content\/uploads\/2018\/07\/bien-manger-pour-lutter-contre-la-cellulite.jpg\" alt=\"alimentation cellulite\" width=\"1120\" height=\"735\" srcset=\"https:\/\/www.coach-hunter.com\/content\/wp-content\/uploads\/2018\/07\/bien-manger-pour-lutter-contre-la-cellulite.jpg 1120w, https:\/\/www.coach-hunter.com\/content\/wp-content\/uploads\/2018\/07\/bien-manger-pour-lutter-contre-la-cellulite-300x197.jpg 300w, https:\/\/www.coach-hunter.com\/content\/wp-content\/uploads\/2018\/07\/bien-manger-pour-lutter-contre-la-cellulite-768x504.jpg 768w, https:\/\/www.coach-hunter.com\/content\/wp-content\/uploads\/2018\/07\/bien-manger-pour-lutter-contre-la-cellulite-1024x672.jpg 1024w\" sizes=\"auto, (max-width: 709px) 85vw, (max-width: 909px) 67vw, (max-width: 1362px) 62vw, 840px\" \/><\/h2>\n<h2 style=\"text-align: justify;\">Comment \u00e9viter que la cellulite ne s\u2019installe trop en profondeur ?<\/h2>\n<h3 style=\"text-align: justify;\">Les solutions \u00ab\u00a0hygi\u00e8ne de vie\u00a0\u00bb :<\/h3>\n<p><strong>Mangez sainement<\/strong>. En effet, la prise de poids induit une croissance des capitons. Une alimentation trop riche favorise le stockage des lipides dans les cellules graisseuses. Il faut ainsi <strong>adapter votre nutrition \u00e0 vos d\u00e9penses \u00e9nerg\u00e9tiques <\/strong>et boire\u00a0\u00e0 minima 1,5L d\u2019eau.<\/p>\n<p><strong>Stimulez votre circulation sanguine <\/strong>en faisant <strong>du sport<\/strong>. L\u2019<strong>alternance chaud\/froid<\/strong> m\u00e9rite aussi d\u2019\u00eatre test\u00e9e. Effectivement, se mettre du froid sur les jambes \u00e0 la fin de sa douche relance la circulation. Enfin, les s\u00e9ances de <strong>pressoth\u00e9rapie<\/strong> peuvent \u00eatre une solution.<\/p>\n<p><strong>Bougez suffisamment<\/strong>. 30 minutes d\u2019exercice physique par jour est un minimum pour \u00eatre en bonne sant\u00e9. En \u00e9tant assidu aux entra\u00eenements, la silhouette se transformera en se tonifiant. Niveau sport, vous avez l\u2019embarras du choix et votre coach pourra vous aiguiller.<\/p>\n<p>Ainsi, c&rsquo;est en ayant une hygi\u00e8ne de vie correcte que vous r\u00e9duirez la formation de cellulite au long terme. D&rsquo;autres solutions existent mais sont en compl\u00e9ment d&rsquo;une bonne hygi\u00e8ne de vie.<\/p>\n<h3>Les autres solutions<\/h3>\n<p><strong>Le palper-rouler<\/strong>. Apr\u00e8s l\u2019effort, le r\u00e9confort. Place aux massages en utilisant la technique du palper-rouler en pin\u00e7ant la peau par plis. Concernant les cr\u00e8mes vendues dans le commerce, il ne faut pas en attendre des miracles (juste att\u00e9nuer l\u2019aspect peau d\u2019orange en compl\u00e9ment).<\/p>\n<p><strong>D\u00e9stresser<\/strong>. Le stress favorise la s\u00e9cr\u00e9tion de cortisol qui est n\u00e9faste pour votre peau. Forcez-vous \u00e0 vous am\u00e9nager des temps de repos qui vous permettent de prendre du bon temps rien que pour vous !<\/p>\n<p>On peut citer aussi la <strong>M\u00e9soth\u00e9rapie<\/strong>, m\u00e9thode qui consiste \u00e0 injecter des substances telles que vitamines, min\u00e9raux, acides amin\u00e9s et enzymes dans le tissu localis\u00e9 juste sous la peau pour r\u00e9duire les capitons en apparence (il n\u2019y a pas d\u2019\u00e9tudes clinique \u00e0 ce jour prouvant l\u2019efficacit\u00e9 de ce proc\u00e9d\u00e9).<\/p>\n<p>Enfin, les <strong>ventouses anti cellulite<\/strong> et les <strong>huiles essentielles<\/strong> peuvent \u00eatre une solution en compl\u00e9ment d&rsquo;une bonne hygi\u00e8ne de vie. Elles permettent de diminuer l&rsquo;aspect peau d&rsquo;orange apr\u00e8s quelques utilisations.<\/p>\n<p style=\"text-align: justify;\">En conclusion, la cellulite est vieille comme le monde et touche en majorit\u00e9 les femmes. Les magazines ont r\u00e9ussi \u00e0 en faire leur ennemi num\u00e9ro 1, ce qui fait le plus grand plaisir des laboratoires pharmaceutiques. <strong>Adopter un mode de vie sain et pratiquer une activit\u00e9 sportive r\u00e9guli\u00e8rement sont les 2 principales solutions pour limiter la cellulite au long terme. Les autres solutions ne sont que des compl\u00e9ments !<\/strong><\/p>\n<p>Vous pouvez <a href=\"http:\/\/archive.bu.univ-nantes.fr\/pollux\/fichiers\/download\/486acb0b-a122-4317-9e74-de9276e4e819\">consulter cette \u00e9tude<\/a> sur la cellulite pour aller plus loin \ud83d\ude09<\/p>\n<h3>Pour plus d\u2019infos sur le sport f\u00e9minin :<\/h3>\n<ul>\n<li><a href=\"https:\/\/www.coach-hunter.com\/content\/reprendre-le-sport-apres-accouchement-conseils-methode\/\">Reprendre le sport apr\u00e8s l&rsquo;accouchement<\/a> sans danger<\/li>\n<li><a href=\"https:\/\/www.coach-hunter.com\/content\/soutien-gorge-sport\/\">Soutien gorge de sport<\/a>, comment bien le choisir\u00a0?<\/li>\n<li>Comment faire pour <a href=\"https:\/\/www.coach-hunter.com\/content\/trouver-le-temps-de-faire-du-sport\/\">trouver le temps de faire du sport<\/a> ?<\/li>\n<\/ul>\n","protected":false},"excerpt":{"rendered":"<p>Vous avez de la cellulite, appel\u00e9e aussi peau d\u2019orange ou encore capitons ? Rassurez-vous, vous n\u2019\u00eates pas la seule femme \u00e0 conna\u00eetre cette immense joie et ce grand privil\u00e8ge puisque pr\u00e8s de 80% des femmes sont concern\u00e9es contre 5% d\u2019hommes. Existe-t-il des solutions efficaces pour s&rsquo;en d\u00e9barrasser ? Est-ce que l&rsquo;on peut limiter son apparition &hellip; <a href=\"https:\/\/www.coach-hunter.com\/content\/cellulite\/\" class=\"more-link\">Continuer la lecture<span class=\"screen-reader-text\"> de &laquo;&nbsp;La cellulite\u00a0: peut-elle dispara\u00eetre\u00a0?&nbsp;&raquo;<\/span><\/a><\/p>\n","protected":false},"author":1,"featured_media":0,"parent":0,"menu_order":0,"comment_status":"closed","ping_status":"closed","template":"","meta":{"footnotes":""},"class_list":["post-234","page","type-page","status-publish","hentry"],"yoast_head":"<!-- This site is optimized with the Yoast SEO plugin v27.5 - https:\/\/yoast.com\/product\/yoast-seo-wordpress\/ -->\n<title>Cellulite : le fl\u00e9au des femmes ! Comment s&#039;en d\u00e9barrasser ?<\/title>\n<meta name=\"description\" content=\"La cellulite a beau \u00eatre naturelle et concerner 80% des femmes, elle est g\u00e9n\u00e9ralement tr\u00e8s mal assum\u00e9e. Voici quelques astuces pour en r\u00e9duire l&#039;aspect !\" \/>\n<meta name=\"robots\" content=\"index, follow, max-snippet:-1, max-image-preview:large, max-video-preview:-1\" \/>\n<link rel=\"canonical\" href=\"https:\/\/www.coach-hunter.com\/content\/cellulite\/\" \/>\n<meta property=\"og:locale\" content=\"fr_FR\" \/>\n<meta property=\"og:type\" content=\"article\" \/>\n<meta property=\"og:title\" content=\"Cellulite : le fl\u00e9au des femmes ! Comment s&#039;en d\u00e9barrasser ?\" \/>\n<meta property=\"og:description\" content=\"La cellulite a beau \u00eatre naturelle et concerner 80% des femmes, elle est g\u00e9n\u00e9ralement tr\u00e8s mal assum\u00e9e. Voici quelques astuces pour en r\u00e9duire l&#039;aspect !\" \/>\n<meta property=\"og:url\" content=\"https:\/\/www.coach-hunter.com\/content\/cellulite\/\" \/>\n<meta property=\"og:site_name\" content=\"Blog Coach Hunter\" \/>\n<meta property=\"article:modified_time\" content=\"2025-04-25T09:21:27+00:00\" \/>\n<meta property=\"og:image\" content=\"https:\/\/www.coach-hunter.com\/content\/wp-content\/uploads\/2018\/07\/femme-avec-de-la-cellulite.jpg\" \/>\n\t<meta property=\"og:image:width\" content=\"1123\" \/>\n\t<meta property=\"og:image:height\" content=\"747\" \/>\n\t<meta property=\"og:image:type\" content=\"image\/jpeg\" \/>\n<meta name=\"twitter:card\" content=\"summary_large_image\" \/>\n<meta name=\"twitter:label1\" content=\"Dur\u00e9e de lecture estim\u00e9e\" \/>\n\t<meta name=\"twitter:data1\" content=\"6 minutes\" \/>\n<script type=\"application\/ld+json\" class=\"yoast-schema-graph\">{\"@context\":\"https:\\\/\\\/schema.org\",\"@graph\":[{\"@type\":\"WebPage\",\"@id\":\"https:\\\/\\\/www.coach-hunter.com\\\/content\\\/cellulite\\\/\",\"url\":\"https:\\\/\\\/www.coach-hunter.com\\\/content\\\/cellulite\\\/\",\"name\":\"Cellulite : le fl\u00e9au des femmes ! Comment s'en d\u00e9barrasser ?\",\"isPartOf\":{\"@id\":\"https:\\\/\\\/www.coach-hunter.com\\\/content\\\/#website\"},\"primaryImageOfPage\":{\"@id\":\"https:\\\/\\\/www.coach-hunter.com\\\/content\\\/cellulite\\\/#primaryimage\"},\"image\":{\"@id\":\"https:\\\/\\\/www.coach-hunter.com\\\/content\\\/cellulite\\\/#primaryimage\"},\"thumbnailUrl\":\"https:\\\/\\\/www.coach-hunter.com\\\/content\\\/wp-content\\\/uploads\\\/2018\\\/07\\\/femme-avec-de-la-cellulite.jpg\",\"datePublished\":\"2018-07-28T08:29:30+00:00\",\"dateModified\":\"2025-04-25T09:21:27+00:00\",\"description\":\"La cellulite a beau \u00eatre naturelle et concerner 80% des femmes, elle est g\u00e9n\u00e9ralement tr\u00e8s mal assum\u00e9e. Voici quelques astuces pour en r\u00e9duire l'aspect !\",\"breadcrumb\":{\"@id\":\"https:\\\/\\\/www.coach-hunter.com\\\/content\\\/cellulite\\\/#breadcrumb\"},\"inLanguage\":\"fr-FR\",\"potentialAction\":[{\"@type\":\"ReadAction\",\"target\":[\"https:\\\/\\\/www.coach-hunter.com\\\/content\\\/cellulite\\\/\"]}]},{\"@type\":\"ImageObject\",\"inLanguage\":\"fr-FR\",\"@id\":\"https:\\\/\\\/www.coach-hunter.com\\\/content\\\/cellulite\\\/#primaryimage\",\"url\":\"https:\\\/\\\/www.coach-hunter.com\\\/content\\\/wp-content\\\/uploads\\\/2018\\\/07\\\/femme-avec-de-la-cellulite.jpg\",\"contentUrl\":\"https:\\\/\\\/www.coach-hunter.com\\\/content\\\/wp-content\\\/uploads\\\/2018\\\/07\\\/femme-avec-de-la-cellulite.jpg\",\"width\":1123,\"height\":747},{\"@type\":\"BreadcrumbList\",\"@id\":\"https:\\\/\\\/www.coach-hunter.com\\\/content\\\/cellulite\\\/#breadcrumb\",\"itemListElement\":[{\"@type\":\"ListItem\",\"position\":1,\"name\":\"Accueil\",\"item\":\"https:\\\/\\\/www.coach-hunter.com\\\/content\\\/\"},{\"@type\":\"ListItem\",\"position\":2,\"name\":\"La cellulite\u00a0: peut-elle dispara\u00eetre\u00a0?\"}]},{\"@type\":\"WebSite\",\"@id\":\"https:\\\/\\\/www.coach-hunter.com\\\/content\\\/#website\",\"url\":\"https:\\\/\\\/www.coach-hunter.com\\\/content\\\/\",\"name\":\"Blog Coach Hunter\",\"description\":\"\",\"potentialAction\":[{\"@type\":\"SearchAction\",\"target\":{\"@type\":\"EntryPoint\",\"urlTemplate\":\"https:\\\/\\\/www.coach-hunter.com\\\/content\\\/?s={search_term_string}\"},\"query-input\":{\"@type\":\"PropertyValueSpecification\",\"valueRequired\":true,\"valueName\":\"search_term_string\"}}],\"inLanguage\":\"fr-FR\"}]}<\/script>\n<!-- \/ Yoast SEO plugin. -->","yoast_head_json":{"title":"Cellulite : le fl\u00e9au des femmes ! Comment s'en d\u00e9barrasser ?","description":"La cellulite a beau \u00eatre naturelle et concerner 80% des femmes, elle est g\u00e9n\u00e9ralement tr\u00e8s mal assum\u00e9e. Voici quelques astuces pour en r\u00e9duire l'aspect !","robots":{"index":"index","follow":"follow","max-snippet":"max-snippet:-1","max-image-preview":"max-image-preview:large","max-video-preview":"max-video-preview:-1"},"canonical":"https:\/\/www.coach-hunter.com\/content\/cellulite\/","og_locale":"fr_FR","og_type":"article","og_title":"Cellulite : le fl\u00e9au des femmes ! Comment s'en d\u00e9barrasser ?","og_description":"La cellulite a beau \u00eatre naturelle et concerner 80% des femmes, elle est g\u00e9n\u00e9ralement tr\u00e8s mal assum\u00e9e. Voici quelques astuces pour en r\u00e9duire l'aspect !","og_url":"https:\/\/www.coach-hunter.com\/content\/cellulite\/","og_site_name":"Blog Coach Hunter","article_modified_time":"2025-04-25T09:21:27+00:00","og_image":[{"width":1123,"height":747,"url":"https:\/\/www.coach-hunter.com\/content\/wp-content\/uploads\/2018\/07\/femme-avec-de-la-cellulite.jpg","type":"image\/jpeg"}],"twitter_card":"summary_large_image","twitter_misc":{"Dur\u00e9e de lecture estim\u00e9e":"6 minutes"},"schema":{"@context":"https:\/\/schema.org","@graph":[{"@type":"WebPage","@id":"https:\/\/www.coach-hunter.com\/content\/cellulite\/","url":"https:\/\/www.coach-hunter.com\/content\/cellulite\/","name":"Cellulite : le fl\u00e9au des femmes ! Comment s'en d\u00e9barrasser ?","isPartOf":{"@id":"https:\/\/www.coach-hunter.com\/content\/#website"},"primaryImageOfPage":{"@id":"https:\/\/www.coach-hunter.com\/content\/cellulite\/#primaryimage"},"image":{"@id":"https:\/\/www.coach-hunter.com\/content\/cellulite\/#primaryimage"},"thumbnailUrl":"https:\/\/www.coach-hunter.com\/content\/wp-content\/uploads\/2018\/07\/femme-avec-de-la-cellulite.jpg","datePublished":"2018-07-28T08:29:30+00:00","dateModified":"2025-04-25T09:21:27+00:00","description":"La cellulite a beau \u00eatre naturelle et concerner 80% des femmes, elle est g\u00e9n\u00e9ralement tr\u00e8s mal assum\u00e9e. Voici quelques astuces pour en r\u00e9duire l'aspect !","breadcrumb":{"@id":"https:\/\/www.coach-hunter.com\/content\/cellulite\/#breadcrumb"},"inLanguage":"fr-FR","potentialAction":[{"@type":"ReadAction","target":["https:\/\/www.coach-hunter.com\/content\/cellulite\/"]}]},{"@type":"ImageObject","inLanguage":"fr-FR","@id":"https:\/\/www.coach-hunter.com\/content\/cellulite\/#primaryimage","url":"https:\/\/www.coach-hunter.com\/content\/wp-content\/uploads\/2018\/07\/femme-avec-de-la-cellulite.jpg","contentUrl":"https:\/\/www.coach-hunter.com\/content\/wp-content\/uploads\/2018\/07\/femme-avec-de-la-cellulite.jpg","width":1123,"height":747},{"@type":"BreadcrumbList","@id":"https:\/\/www.coach-hunter.com\/content\/cellulite\/#breadcrumb","itemListElement":[{"@type":"ListItem","position":1,"name":"Accueil","item":"https:\/\/www.coach-hunter.com\/content\/"},{"@type":"ListItem","position":2,"name":"La cellulite\u00a0: peut-elle dispara\u00eetre\u00a0?"}]},{"@type":"WebSite","@id":"https:\/\/www.coach-hunter.com\/content\/#website","url":"https:\/\/www.coach-hunter.com\/content\/","name":"Blog Coach Hunter","description":"","potentialAction":[{"@type":"SearchAction","target":{"@type":"EntryPoint","urlTemplate":"https:\/\/www.coach-hunter.com\/content\/?s={search_term_string}"},"query-input":{"@type":"PropertyValueSpecification","valueRequired":true,"valueName":"search_term_string"}}],"inLanguage":"fr-FR"}]}},"_links":{"self":[{"href":"https:\/\/www.coach-hunter.com\/content\/wp-json\/wp\/v2\/pages\/234","targetHints":{"allow":["GET"]}}],"collection":[{"href":"https:\/\/www.coach-hunter.com\/content\/wp-json\/wp\/v2\/pages"}],"about":[{"href":"https:\/\/www.coach-hunter.com\/content\/wp-json\/wp\/v2\/types\/page"}],"author":[{"embeddable":true,"href":"https:\/\/www.coach-hunter.com\/content\/wp-json\/wp\/v2\/users\/1"}],"replies":[{"embeddable":true,"href":"https:\/\/www.coach-hunter.com\/content\/wp-json\/wp\/v2\/comments?post=234"}],"version-history":[{"count":14,"href":"https:\/\/www.coach-hunter.com\/content\/wp-json\/wp\/v2\/pages\/234\/revisions"}],"predecessor-version":[{"id":2219,"href":"https:\/\/www.coach-hunter.com\/content\/wp-json\/wp\/v2\/pages\/234\/revisions\/2219"}],"wp:attachment":[{"href":"https:\/\/www.coach-hunter.com\/content\/wp-json\/wp\/v2\/media?parent=234"}],"curies":[{"name":"wp","href":"https:\/\/api.w.org\/{rel}","templated":true}]}}