{"id":2207,"date":"2025-04-25T09:11:03","date_gmt":"2025-04-25T09:11:03","guid":{"rendered":"https:\/\/www.coach-hunter.com\/content\/?page_id=2207"},"modified":"2025-11-28T15:53:49","modified_gmt":"2025-11-28T15:53:49","slug":"reprendre-le-sport-apres-accouchement-conseils-methode","status":"publish","type":"page","link":"https:\/\/www.coach-hunter.com\/content\/reprendre-le-sport-apres-accouchement-conseils-methode\/","title":{"rendered":"Reprendre le sport apr\u00e8s l\u2019accouchement, conseils et m\u00e9thode"},"content":{"rendered":"\n<p>Nos <a class=\"callAction\" href=\"https:\/\/www.coach-hunter.com\/content\/sport-au-feminin\/\">coachs sp\u00e9cialistes des femmes<\/a> sont parfois demand\u00e9s dans le cadre de la <strong>reprise du sport apr\u00e8s l\u2019accouchement<\/strong>. En effet, cette p\u00e9riode charni\u00e8re n\u00e9cessite une vigilance et une attention particuli\u00e8re. Si l\u2019activit\u00e9 physique peut \u00eatre hautement b\u00e9n\u00e9fique apr\u00e8s la naissance de b\u00e9b\u00e9, une mauvaise pratique peut aussi s\u2019av\u00e9rer n\u00e9faste. Alors pour vous \u00e9viter cela, voici tout ce qu\u2019il y a \u00e0 savoir&nbsp;!<\/p>\n\n\n\n<figure class=\"wp-block-image size-large\"><img loading=\"lazy\" decoding=\"async\" width=\"1024\" height=\"683\" src=\"https:\/\/www.coach-hunter.com\/content\/wp-content\/uploads\/2025\/04\/sport-apres-accouchement-1024x683.jpg\" alt=\"Une femme reprend le sport apr\u00e8s l'accouchement en s'\u00e9tirant avec une swiss ball.\" class=\"wp-image-2211\" srcset=\"https:\/\/www.coach-hunter.com\/content\/wp-content\/uploads\/2025\/04\/sport-apres-accouchement-1024x683.jpg 1024w, https:\/\/www.coach-hunter.com\/content\/wp-content\/uploads\/2025\/04\/sport-apres-accouchement-300x200.jpg 300w, https:\/\/www.coach-hunter.com\/content\/wp-content\/uploads\/2025\/04\/sport-apres-accouchement-768x512.jpg 768w, https:\/\/www.coach-hunter.com\/content\/wp-content\/uploads\/2025\/04\/sport-apres-accouchement-1536x1024.jpg 1536w, https:\/\/www.coach-hunter.com\/content\/wp-content\/uploads\/2025\/04\/sport-apres-accouchement-1200x800.jpg 1200w, https:\/\/www.coach-hunter.com\/content\/wp-content\/uploads\/2025\/04\/sport-apres-accouchement.jpg 1920w\" sizes=\"auto, (max-width: 709px) 85vw, (max-width: 909px) 67vw, (max-width: 1362px) 62vw, 840px\" \/><\/figure>\n\n\n\n<h2 class=\"wp-block-heading\">Pourquoi se remettre au sport apr\u00e8s l\u2019accouchement&nbsp;?<\/h2>\n\n\n\n<p>La reprise d\u2019une activit\u00e9 sportive apr\u00e8s l\u2019accouchement comporte de nombreux bienfaits, tant sur le plan physique que psychologique&nbsp;! En voici quelques-uns&nbsp;:<\/p>\n\n\n\n<h3 class=\"wp-block-heading\">Pour renforcer ses muscles<\/h3>\n\n\n\n<p>Apr\u00e8s avoir accouch\u00e9, on peut <strong>manquer de tonus<\/strong>, notamment au niveau abdominal, mais aussi des <strong>muscles profonds<\/strong>. Ceux du plancher pelvien sont particuli\u00e8rement concern\u00e9s, bien que cela puisse toucher l\u2019ensemble du corps, surtout en cas d\u2019alitement prolong\u00e9.<\/p>\n\n\n\n<p>En plus d\u2019apporter un sentiment de forme, le <strong>renforcement musculaire<\/strong> est aussi b\u00e9n\u00e9fique pour la sant\u00e9. Un corps solide <strong>limite les risques de blessure<\/strong> et de maladie. Un p\u00e9rin\u00e9e fort, c\u2019est aussi <strong>moins de fuites urinaires<\/strong>&nbsp;!<\/p>\n\n\n\n<h3 class=\"wp-block-heading\">Pour perdre du poids<\/h3>\n\n\n\n<p>Suite \u00e0 la grossesse, on peut avoir un peu de <strong>masse grasse superflue \u00e0 perdre<\/strong>, pour des raisons esth\u00e9tiques ou de sant\u00e9. Une partie de ce surpoids peut diminuer suite \u00e0 l\u2019accouchement (notamment avec l\u2019involution ut\u00e9rine) et avec l\u2019allaitement. Toutefois, une autre peut n\u00e9cessiter quelques efforts. Cela se joue sur le plan alimentaire, mais aussi avec le sport&nbsp;! Ce dernier va en effet br\u00fbler des calories, favorisant la perte de poids.<\/p>\n\n\n\n<h3 class=\"wp-block-heading\">Pour r\u00e9duire le mal de dos<\/h3>\n\n\n\n<p>Les douleurs dorsales et lombaires cumul\u00e9es pendant la grossesse peuvent perdurer ensuite. Pour les r\u00e9gler, rien de tel que l\u2019activit\u00e9 physique&nbsp;! Tr\u00e8s souvent, le mal de dos est li\u00e9 \u00e0 un manque de renforcement et de mobilisation du dos. Et plus particuli\u00e8rement de la colonne vert\u00e9brale et des muscles qui participent \u00e0 la soutenir. En vous exer\u00e7ant, vous <strong>diminuez et pr\u00e9venez les maux de dos<\/strong>.<\/p>\n\n\n\n<h3 class=\"wp-block-heading\">Pour se relaxer et d\u00e9velopper son mental<\/h3>\n\n\n\n<p>Faire du sport permet d\u2019\u00e9vacuer les tensions du quotidien, souvent cumul\u00e9es apr\u00e8s l\u2019accouchement. Il aide \u00e0 se sentir plus d\u00e9tendue et \u00e0 r\u00e9duire certaines douleurs. C\u2019est aussi la cl\u00e9 pour le bien-\u00eatre mental, car les deux sont intimement li\u00e9s&nbsp;! Le sport <strong>booste la confiance en soi<\/strong>, aide \u00e0 <strong>se sentir \u00e9panouie<\/strong> et \u00e0 <strong>limiter sa fatigue<\/strong>.<\/p>\n\n\n\n<h2 class=\"wp-block-heading\">Quand peut-on reprendre le sport apr\u00e8s l\u2019accouchement&nbsp;?<\/h2>\n\n\n\n<p>\u00c0 cette question, il n\u2019existe pas de r\u00e9ponse ferm\u00e9e&nbsp;! En effet, <strong>chaque femme a un parcours et un \u00e9tat de forme diff\u00e9rent apr\u00e8s l\u2019accouchement<\/strong>. Des inconforts, comme l\u2019incontinence urinaire \u00e0 l\u2019effort, peuvent aussi dissuader une reprise sportive rapide. Dans tous les cas, l\u2019autorisation du m\u00e9decin est requise.<\/p>\n\n\n\n<p>Toutefois, pour vous donner un ordre d\u2019id\u00e9e, un <a href=\"https:\/\/www.motion-lab.ch\/wp-content\/uploads\/2024\/03\/Quand-et-comment-reprendre-le-sport-en-post-partum-C-Maitre-Lettre-du-gynecologue-448.pdf\">article scientifique<\/a> paru dans la Lettre du Gyn\u00e9cologue sugg\u00e8re qu\u2019un retour progressif \u00e0 l\u2019activit\u00e9 physique peut se faire <strong>4 \u00e0 6 semaines apr\u00e8s un accouchement par voies basses<\/strong>, ou <strong>8 \u00e0 10 semaines apr\u00e8s une c\u00e9sarienne<\/strong>. Toutefois, il est important&nbsp;:<\/p>\n\n\n\n<ul class=\"wp-block-list\">\n<li>Que la reprise du sport apr\u00e8s l\u2019accouchement se fasse <strong>progressivement<\/strong>, aussi bien en dur\u00e9e qu\u2019en intensit\u00e9.<\/li>\n\n\n\n<li>Que <strong>l\u2019intensit\u00e9 soit mod\u00e9r\u00e9e<\/strong> les 6 \u00e0 8 premi\u00e8res semaines.<\/li>\n\n\n\n<li>Que soient privil\u00e9gi\u00e9s lesexercices <strong>abdominaux hypopressifs et sans impact<\/strong>.<\/li>\n\n\n\n<li>Que les recommandations sur l\u2019\u00e9chauffement, la r\u00e9cup\u00e9ration et l\u2019hydratation soient suivies.<\/li>\n\n\n\n<li>Que la pratique fasse l\u2019objet d\u2019un <strong>suivi m\u00e9dical et professionnel<\/strong>.<\/li>\n<\/ul>\n\n\n\n<p>Ce n\u2019est que pass\u00e9 la 8<sup>\u00e8me<\/sup> semaine du post-partum (apr\u00e8s la kin\u00e9sith\u00e9rapie du p\u00e9rin\u00e9e) que des activit\u00e9s plus vari\u00e9es peuvent \u00eatre envisag\u00e9es.<\/p>\n\n\n\n<h3 class=\"wp-block-heading\">La r\u00e9\u00e9ducation du p\u00e9rin\u00e9e avant tout !<\/h3>\n\n\n\n<p>Dans tous les cas, il est primordial de <strong>faire la r\u00e9\u00e9ducation p\u00e9rin\u00e9ale avant toute reprise du sport<\/strong>\u00a0! Cela peut passer par des exercices simples, \u00e0 faire chez soi, qui vont recruter cette zone, ainsi que les autres muscles du plancher pelvien. De nos jours, de nombreux \u00e9quipements existent pour aider cette phase de r\u00e9\u00e9ducation, comme les <a href=\"https:\/\/emy.fizimed.com\/products\/sonde-perineale-emy-trainer\" target=\"_blank\" rel=\"noreferrer noopener\">sondes p\u00e9rin\u00e9ales propos\u00e9es par Emy<\/a> par exemple.<\/p>\n\n\n\n<h2 class=\"wp-block-heading\">Les meilleures activit\u00e9s pour commencer !<\/h2>\n\n\n<div class=\"wp-block-image\">\n<figure class=\"aligncenter size-large\"><img loading=\"lazy\" decoding=\"async\" width=\"1024\" height=\"683\" src=\"https:\/\/www.coach-hunter.com\/content\/wp-content\/uploads\/2025\/04\/bebe-nageur-1024x683.jpg\" alt=\"Une maman et son b\u00e9b\u00e9 dans une piscine\" class=\"wp-image-2212\" srcset=\"https:\/\/www.coach-hunter.com\/content\/wp-content\/uploads\/2025\/04\/bebe-nageur-1024x683.jpg 1024w, https:\/\/www.coach-hunter.com\/content\/wp-content\/uploads\/2025\/04\/bebe-nageur-300x200.jpg 300w, https:\/\/www.coach-hunter.com\/content\/wp-content\/uploads\/2025\/04\/bebe-nageur-768x512.jpg 768w, https:\/\/www.coach-hunter.com\/content\/wp-content\/uploads\/2025\/04\/bebe-nageur-1536x1024.jpg 1536w, https:\/\/www.coach-hunter.com\/content\/wp-content\/uploads\/2025\/04\/bebe-nageur-1200x800.jpg 1200w, https:\/\/www.coach-hunter.com\/content\/wp-content\/uploads\/2025\/04\/bebe-nageur.jpg 1920w\" sizes=\"auto, (max-width: 709px) 85vw, (max-width: 909px) 67vw, (max-width: 1362px) 62vw, 840px\" \/><\/figure>\n<\/div>\n\n\n<p>Vous l\u2019aurez compris, on se concentre sur les sports doux. Le but est que vos articulations ne subissent pas d\u2019impact, et vos abdominaux pas d\u2019hyperpression. Cela laisse cependant de nombreuses options, parmi lesquelles&nbsp;:<\/p>\n\n\n\n<ul class=\"wp-block-list\">\n<li>La <strong>gym douce<\/strong>&nbsp;: Une activit\u00e9 privil\u00e9gi\u00e9e des publics les plus fragiles. La gymnastique douce peut prendre une multitude de formes, et n\u00e9cessite peu de mat\u00e9riel, ce qui rend la pratique \u00e0 domicile plus simple.<\/li>\n\n\n\n<li>La <strong>m\u00e9thode De Gasquet<\/strong>&nbsp;: Invent\u00e9e par la doctoresse et professeure de yoga du m\u00eame nom, cette approche est particuli\u00e8rement int\u00e9ressante en post-natal&nbsp;! Elle m\u00eale travail abdominal en hypopressif et r\u00e9\u00e9ducation du p\u00e9rin\u00e9e.<\/li>\n\n\n\n<li>Le <strong>Yoga<\/strong>&nbsp;: Plus qu\u2019un sport, le yoga est une philosophie. Il vous permettra de retrouver du tonus, de l\u2019\u00e9quilibre, de la souplesse et du confort. Mais il vous aidera aussi \u00e0 vous reconnecter \u00e0 votre corps et \u00e0 vous d\u00e9tendre.<\/li>\n\n\n\n<li>Le <strong>Pilates<\/strong>&nbsp;: Des versions adapt\u00e9es du Pilates vous aideront \u00e0 renforcer vos muscles profonds, et \u00e0 am\u00e9liorer votre posture.<\/li>\n\n\n\n<li>L\u2019<strong>aquagym<\/strong>&nbsp;: S\u2019exercer dans l\u2019eau est un excellent moyen de bouger sans impacter ses articulations. Vous verrez, c\u2019est plus cardio qu\u2019il n\u2019y para\u00eet&nbsp;!<\/li>\n\n\n\n<li>La <strong>marche active<\/strong>&nbsp;: Plus tonique que la marche \u00e0 pied classique, cette version permet de retrouver du cardio \u00e0 votre rythme. On commence doucement, par des sessions courtes et adapt\u00e9es \u00e0 vos capacit\u00e9s. Par exemple, on peut d\u00e9buter par des sorties de 15 minutes, apr\u00e8s et avant avoir march\u00e9 au pas.<\/li>\n<\/ul>\n\n\n\n<h2 class=\"wp-block-heading\">5 conseils pratiques pour une reprise sportive r\u00e9ussie<\/h2>\n\n\n\n<h3 class=\"wp-block-heading\">1) \u00catre \u00e0 l\u2019\u00e9coute de son corps<\/h3>\n\n\n\n<p><strong>Adaptez toujours l\u2019intensit\u00e9<\/strong> de vos s\u00e9ances \u00e0 votre \u00e9tat de forme et \u00e0 vos capacit\u00e9s du moment. Si vous ressentez une douleur inhabituelle, au p\u00e9rin\u00e9e, au dos ou \u00e0 l\u2019abdomen, arr\u00eatez l\u2019exercice et reposez-vous&nbsp;!<\/p>\n\n\n\n<h3 class=\"wp-block-heading\">2) Commencer par des s\u00e9ances courtes<\/h3>\n\n\n\n<p>C\u2019est la cl\u00e9 pour ne pas surmener son corps quand on reprend le sport apr\u00e8s l\u2019accouchement. <strong>Faire des s\u00e9ances courtes<\/strong> vous permettra de vous remettre dans le bain \u00e0 votre rythme. <\/p>\n\n\n\n<p>Cela vous \u00e9vite \u00e9galement de perdre la motivation. En instaurant au quotidien des moments d\u00e9di\u00e9s au sport, vous allez en faire une habitude. Il est aussi plus facile, quand b\u00e9b\u00e9 est l\u00e0, d\u2019accorder <strong>15 \u00e0 20 minutes<\/strong> au sport plut\u00f4t qu\u2019une heure&nbsp;!<\/p>\n\n\n\n<h3 class=\"wp-block-heading\">3) Privil\u00e9gier la r\u00e9gularit\u00e9 plut\u00f4t que l\u2019intensit\u00e9<\/h3>\n\n\n\n<p>On en a d\u00e9j\u00e0 parl\u00e9 plus haut, et c\u2019est un conseil qui s\u2019applique \u00e0 n\u2019importe quel type de r\u00e9athl\u00e9tisation. En effet, lorsqu\u2019on a d\u00fb arr\u00eater le sport un moment, <strong>la reprise doit se faire progressivement<\/strong>. On commence par une activit\u00e9 douce mais r\u00e9guli\u00e8re. Ce n\u2019est que lorsque le corps s\u2019est r\u00e9adapt\u00e9 \u00e0 l\u2019effort que l\u2019on peut augmenter peu-\u00e0-peu la fr\u00e9quence, puis l\u2019intensit\u00e9 des s\u00e9ances.<\/p>\n\n\n\n<p>Mais au d\u00e9but, on peut commencer par des routines douces (matin et soir par exemple).<\/p>\n\n\n\n<h3 class=\"wp-block-heading\">4) Adapter sa tenue de sport apr\u00e8s l\u2019accouchement<\/h3>\n\n\n\n<p>Privil\u00e9giez <strong>une tenue qui ne vous comprime pas<\/strong> pendant le sport, en particulier au niveau de l\u2019abdomen. Cela vaut aussi pour votre poitrine, qui peut \u00eatre sensible pendant cette p\u00e9riode. Des <strong>soutiens-gorges adapt\u00e9s<\/strong>, surtout si vous allaitez, peuvent \u00e9viter l\u2019inconfort pendant votre s\u00e9ance.<\/p>\n\n\n\n<h3 class=\"wp-block-heading\">5) Se faire aider pour reprendre le sport apr\u00e8s l&rsquo;accouchement<\/h3>\n\n\n\n<p>Un <strong>coach sp\u00e9cialis\u00e9 en post-partum<\/strong> vous aidera \u00e0 reprendre le sport apr\u00e8s l\u2019accouchement. Il vous accompagnera, vous pr\u00e9parera un programme adapt\u00e9 et sur-mesure. En \u00e9tant avec vous et concentr\u00e9 exclusivement sur vous, il vous <strong>\u00e9vite les faux mouvements ou le surentrainement<\/strong>. Ainsi, vous progressez en toute s\u00e9curit\u00e9.<\/p>\n\n\n\n<p>Alors, d\u00e8s que votre m\u00e9decin vous y autorise, demandez l\u2019un de nos personal trainers&nbsp;pour reprendre le sport apr\u00e8s l&rsquo;accouchement !<\/p>\n\n\n\n<h3 class=\"wp-block-heading\">Pour plus d\u2019infos sur le sport f\u00e9minin :<\/h3>\n\n\n\n<ul class=\"wp-block-list\">\n<li><a href=\"https:\/\/www.coach-hunter.com\/content\/soutien-gorge-sport\/\">Soutien gorge de sport<\/a>, comment bien le choisir&nbsp;?<\/li>\n\n\n\n<li>Comment faire pour&nbsp;<a href=\"https:\/\/www.coach-hunter.com\/content\/trouver-le-temps-de-faire-du-sport\/\">trouver le temps de faire du sport<\/a>&nbsp;?<\/li>\n\n\n\n<li><a href=\"https:\/\/www.coach-hunter.com\/content\/cellulite\/\">Cellulite, comment la faire dispara\u00eetre<\/a>&nbsp;?<\/li>\n<\/ul>\n","protected":false},"excerpt":{"rendered":"<p>Nos coachs sp\u00e9cialistes des femmes sont parfois demand\u00e9s dans le cadre de la reprise du sport apr\u00e8s l\u2019accouchement. En effet, cette p\u00e9riode charni\u00e8re n\u00e9cessite une vigilance et une attention particuli\u00e8re. Si l\u2019activit\u00e9 physique peut \u00eatre hautement b\u00e9n\u00e9fique apr\u00e8s la naissance de b\u00e9b\u00e9, une mauvaise pratique peut aussi s\u2019av\u00e9rer n\u00e9faste. Alors pour vous \u00e9viter cela, voici &hellip; <a href=\"https:\/\/www.coach-hunter.com\/content\/reprendre-le-sport-apres-accouchement-conseils-methode\/\" class=\"more-link\">Continuer la lecture<span class=\"screen-reader-text\"> de &laquo;&nbsp;Reprendre le sport apr\u00e8s l\u2019accouchement, conseils et m\u00e9thode&nbsp;&raquo;<\/span><\/a><\/p>\n","protected":false},"author":2,"featured_media":0,"parent":0,"menu_order":0,"comment_status":"closed","ping_status":"closed","template":"","meta":{"footnotes":""},"class_list":["post-2207","page","type-page","status-publish","hentry"],"yoast_head":"<!-- This site is optimized with the Yoast SEO plugin v27.5 - https:\/\/yoast.com\/product\/yoast-seo-wordpress\/ -->\n<title>5 conseils pour reprendre le sport apr\u00e8s l\u2019accouchement !<\/title>\n<meta name=\"description\" content=\"Vous voulez reprendre le sport apr\u00e8s l&#039;accouchement ? Pas de panique, notre coach vous livre ses 5 meilleurs conseils !\" \/>\n<meta name=\"robots\" content=\"index, follow, max-snippet:-1, max-image-preview:large, max-video-preview:-1\" \/>\n<link rel=\"canonical\" href=\"https:\/\/www.coach-hunter.com\/content\/reprendre-le-sport-apres-accouchement-conseils-methode\/\" \/>\n<meta property=\"og:locale\" content=\"fr_FR\" \/>\n<meta property=\"og:type\" content=\"article\" \/>\n<meta property=\"og:title\" content=\"5 conseils pour reprendre le sport apr\u00e8s l\u2019accouchement !\" \/>\n<meta property=\"og:description\" content=\"Vous voulez reprendre le sport apr\u00e8s l&#039;accouchement ? Pas de panique, notre coach vous livre ses 5 meilleurs conseils !\" \/>\n<meta property=\"og:url\" content=\"https:\/\/www.coach-hunter.com\/content\/reprendre-le-sport-apres-accouchement-conseils-methode\/\" \/>\n<meta property=\"og:site_name\" content=\"Blog Coach Hunter\" \/>\n<meta property=\"article:modified_time\" content=\"2025-11-28T15:53:49+00:00\" \/>\n<meta property=\"og:image\" content=\"https:\/\/www.coach-hunter.com\/content\/wp-content\/uploads\/2025\/04\/sport-apres-accouchement.jpg\" \/>\n\t<meta property=\"og:image:width\" content=\"1920\" \/>\n\t<meta property=\"og:image:height\" content=\"1280\" \/>\n\t<meta property=\"og:image:type\" content=\"image\/jpeg\" \/>\n<meta name=\"twitter:card\" content=\"summary_large_image\" \/>\n<meta name=\"twitter:label1\" content=\"Dur\u00e9e de lecture estim\u00e9e\" \/>\n\t<meta name=\"twitter:data1\" content=\"7 minutes\" \/>\n<script type=\"application\/ld+json\" class=\"yoast-schema-graph\">{\"@context\":\"https:\\\/\\\/schema.org\",\"@graph\":[{\"@type\":\"WebPage\",\"@id\":\"https:\\\/\\\/www.coach-hunter.com\\\/content\\\/reprendre-le-sport-apres-accouchement-conseils-methode\\\/\",\"url\":\"https:\\\/\\\/www.coach-hunter.com\\\/content\\\/reprendre-le-sport-apres-accouchement-conseils-methode\\\/\",\"name\":\"5 conseils pour reprendre le sport apr\u00e8s l\u2019accouchement !\",\"isPartOf\":{\"@id\":\"https:\\\/\\\/www.coach-hunter.com\\\/content\\\/#website\"},\"primaryImageOfPage\":{\"@id\":\"https:\\\/\\\/www.coach-hunter.com\\\/content\\\/reprendre-le-sport-apres-accouchement-conseils-methode\\\/#primaryimage\"},\"image\":{\"@id\":\"https:\\\/\\\/www.coach-hunter.com\\\/content\\\/reprendre-le-sport-apres-accouchement-conseils-methode\\\/#primaryimage\"},\"thumbnailUrl\":\"https:\\\/\\\/www.coach-hunter.com\\\/content\\\/wp-content\\\/uploads\\\/2025\\\/04\\\/sport-apres-accouchement-1024x683.jpg\",\"datePublished\":\"2025-04-25T09:11:03+00:00\",\"dateModified\":\"2025-11-28T15:53:49+00:00\",\"description\":\"Vous voulez reprendre le sport apr\u00e8s l'accouchement ? Pas de panique, notre coach vous livre ses 5 meilleurs conseils !\",\"breadcrumb\":{\"@id\":\"https:\\\/\\\/www.coach-hunter.com\\\/content\\\/reprendre-le-sport-apres-accouchement-conseils-methode\\\/#breadcrumb\"},\"inLanguage\":\"fr-FR\",\"potentialAction\":[{\"@type\":\"ReadAction\",\"target\":[\"https:\\\/\\\/www.coach-hunter.com\\\/content\\\/reprendre-le-sport-apres-accouchement-conseils-methode\\\/\"]}]},{\"@type\":\"ImageObject\",\"inLanguage\":\"fr-FR\",\"@id\":\"https:\\\/\\\/www.coach-hunter.com\\\/content\\\/reprendre-le-sport-apres-accouchement-conseils-methode\\\/#primaryimage\",\"url\":\"https:\\\/\\\/www.coach-hunter.com\\\/content\\\/wp-content\\\/uploads\\\/2025\\\/04\\\/sport-apres-accouchement.jpg\",\"contentUrl\":\"https:\\\/\\\/www.coach-hunter.com\\\/content\\\/wp-content\\\/uploads\\\/2025\\\/04\\\/sport-apres-accouchement.jpg\",\"width\":1920,\"height\":1280},{\"@type\":\"BreadcrumbList\",\"@id\":\"https:\\\/\\\/www.coach-hunter.com\\\/content\\\/reprendre-le-sport-apres-accouchement-conseils-methode\\\/#breadcrumb\",\"itemListElement\":[{\"@type\":\"ListItem\",\"position\":1,\"name\":\"Accueil\",\"item\":\"https:\\\/\\\/www.coach-hunter.com\\\/content\\\/\"},{\"@type\":\"ListItem\",\"position\":2,\"name\":\"Reprendre le sport apr\u00e8s l\u2019accouchement, conseils et m\u00e9thode\"}]},{\"@type\":\"WebSite\",\"@id\":\"https:\\\/\\\/www.coach-hunter.com\\\/content\\\/#website\",\"url\":\"https:\\\/\\\/www.coach-hunter.com\\\/content\\\/\",\"name\":\"Blog Coach Hunter\",\"description\":\"\",\"potentialAction\":[{\"@type\":\"SearchAction\",\"target\":{\"@type\":\"EntryPoint\",\"urlTemplate\":\"https:\\\/\\\/www.coach-hunter.com\\\/content\\\/?s={search_term_string}\"},\"query-input\":{\"@type\":\"PropertyValueSpecification\",\"valueRequired\":true,\"valueName\":\"search_term_string\"}}],\"inLanguage\":\"fr-FR\"}]}<\/script>\n<!-- \/ Yoast SEO plugin. -->","yoast_head_json":{"title":"5 conseils pour reprendre le sport apr\u00e8s l\u2019accouchement !","description":"Vous voulez reprendre le sport apr\u00e8s l'accouchement ? Pas de panique, notre coach vous livre ses 5 meilleurs conseils !","robots":{"index":"index","follow":"follow","max-snippet":"max-snippet:-1","max-image-preview":"max-image-preview:large","max-video-preview":"max-video-preview:-1"},"canonical":"https:\/\/www.coach-hunter.com\/content\/reprendre-le-sport-apres-accouchement-conseils-methode\/","og_locale":"fr_FR","og_type":"article","og_title":"5 conseils pour reprendre le sport apr\u00e8s l\u2019accouchement !","og_description":"Vous voulez reprendre le sport apr\u00e8s l'accouchement ? Pas de panique, notre coach vous livre ses 5 meilleurs conseils !","og_url":"https:\/\/www.coach-hunter.com\/content\/reprendre-le-sport-apres-accouchement-conseils-methode\/","og_site_name":"Blog Coach Hunter","article_modified_time":"2025-11-28T15:53:49+00:00","og_image":[{"width":1920,"height":1280,"url":"https:\/\/www.coach-hunter.com\/content\/wp-content\/uploads\/2025\/04\/sport-apres-accouchement.jpg","type":"image\/jpeg"}],"twitter_card":"summary_large_image","twitter_misc":{"Dur\u00e9e de lecture estim\u00e9e":"7 minutes"},"schema":{"@context":"https:\/\/schema.org","@graph":[{"@type":"WebPage","@id":"https:\/\/www.coach-hunter.com\/content\/reprendre-le-sport-apres-accouchement-conseils-methode\/","url":"https:\/\/www.coach-hunter.com\/content\/reprendre-le-sport-apres-accouchement-conseils-methode\/","name":"5 conseils pour reprendre le sport apr\u00e8s l\u2019accouchement !","isPartOf":{"@id":"https:\/\/www.coach-hunter.com\/content\/#website"},"primaryImageOfPage":{"@id":"https:\/\/www.coach-hunter.com\/content\/reprendre-le-sport-apres-accouchement-conseils-methode\/#primaryimage"},"image":{"@id":"https:\/\/www.coach-hunter.com\/content\/reprendre-le-sport-apres-accouchement-conseils-methode\/#primaryimage"},"thumbnailUrl":"https:\/\/www.coach-hunter.com\/content\/wp-content\/uploads\/2025\/04\/sport-apres-accouchement-1024x683.jpg","datePublished":"2025-04-25T09:11:03+00:00","dateModified":"2025-11-28T15:53:49+00:00","description":"Vous voulez reprendre le sport apr\u00e8s l'accouchement ? Pas de panique, notre coach vous livre ses 5 meilleurs conseils !","breadcrumb":{"@id":"https:\/\/www.coach-hunter.com\/content\/reprendre-le-sport-apres-accouchement-conseils-methode\/#breadcrumb"},"inLanguage":"fr-FR","potentialAction":[{"@type":"ReadAction","target":["https:\/\/www.coach-hunter.com\/content\/reprendre-le-sport-apres-accouchement-conseils-methode\/"]}]},{"@type":"ImageObject","inLanguage":"fr-FR","@id":"https:\/\/www.coach-hunter.com\/content\/reprendre-le-sport-apres-accouchement-conseils-methode\/#primaryimage","url":"https:\/\/www.coach-hunter.com\/content\/wp-content\/uploads\/2025\/04\/sport-apres-accouchement.jpg","contentUrl":"https:\/\/www.coach-hunter.com\/content\/wp-content\/uploads\/2025\/04\/sport-apres-accouchement.jpg","width":1920,"height":1280},{"@type":"BreadcrumbList","@id":"https:\/\/www.coach-hunter.com\/content\/reprendre-le-sport-apres-accouchement-conseils-methode\/#breadcrumb","itemListElement":[{"@type":"ListItem","position":1,"name":"Accueil","item":"https:\/\/www.coach-hunter.com\/content\/"},{"@type":"ListItem","position":2,"name":"Reprendre le sport apr\u00e8s l\u2019accouchement, conseils et m\u00e9thode"}]},{"@type":"WebSite","@id":"https:\/\/www.coach-hunter.com\/content\/#website","url":"https:\/\/www.coach-hunter.com\/content\/","name":"Blog Coach Hunter","description":"","potentialAction":[{"@type":"SearchAction","target":{"@type":"EntryPoint","urlTemplate":"https:\/\/www.coach-hunter.com\/content\/?s={search_term_string}"},"query-input":{"@type":"PropertyValueSpecification","valueRequired":true,"valueName":"search_term_string"}}],"inLanguage":"fr-FR"}]}},"_links":{"self":[{"href":"https:\/\/www.coach-hunter.com\/content\/wp-json\/wp\/v2\/pages\/2207","targetHints":{"allow":["GET"]}}],"collection":[{"href":"https:\/\/www.coach-hunter.com\/content\/wp-json\/wp\/v2\/pages"}],"about":[{"href":"https:\/\/www.coach-hunter.com\/content\/wp-json\/wp\/v2\/types\/page"}],"author":[{"embeddable":true,"href":"https:\/\/www.coach-hunter.com\/content\/wp-json\/wp\/v2\/users\/2"}],"replies":[{"embeddable":true,"href":"https:\/\/www.coach-hunter.com\/content\/wp-json\/wp\/v2\/comments?post=2207"}],"version-history":[{"count":5,"href":"https:\/\/www.coach-hunter.com\/content\/wp-json\/wp\/v2\/pages\/2207\/revisions"}],"predecessor-version":[{"id":2231,"href":"https:\/\/www.coach-hunter.com\/content\/wp-json\/wp\/v2\/pages\/2207\/revisions\/2231"}],"wp:attachment":[{"href":"https:\/\/www.coach-hunter.com\/content\/wp-json\/wp\/v2\/media?parent=2207"}],"curies":[{"name":"wp","href":"https:\/\/api.w.org\/{rel}","templated":true}]}}