{"id":2162,"date":"2024-05-17T14:52:06","date_gmt":"2024-05-17T14:52:06","guid":{"rendered":"https:\/\/www.coach-hunter.com\/content\/?page_id=2162"},"modified":"2024-05-17T14:56:08","modified_gmt":"2024-05-17T14:56:08","slug":"plantes-et-sport","status":"publish","type":"page","link":"https:\/\/www.coach-hunter.com\/content\/plantes-et-sport\/","title":{"rendered":"Plantes et sport : les bienfaits de la phytoth\u00e9rapie"},"content":{"rendered":"<div class=\"wp-block-image\">\n<figure class=\"aligncenter size-large\"><img loading=\"lazy\" decoding=\"async\" width=\"1024\" height=\"768\" src=\"https:\/\/www.coach-hunter.com\/content\/wp-content\/uploads\/2024\/05\/plantes-et-sport-1024x768.jpg\" alt=\"Diff\u00e9rentes fleurs.\" class=\"wp-image-2166\" srcset=\"https:\/\/www.coach-hunter.com\/content\/wp-content\/uploads\/2024\/05\/plantes-et-sport-1024x768.jpg 1024w, https:\/\/www.coach-hunter.com\/content\/wp-content\/uploads\/2024\/05\/plantes-et-sport-300x225.jpg 300w, https:\/\/www.coach-hunter.com\/content\/wp-content\/uploads\/2024\/05\/plantes-et-sport-768x576.jpg 768w, https:\/\/www.coach-hunter.com\/content\/wp-content\/uploads\/2024\/05\/plantes-et-sport-1536x1152.jpg 1536w, https:\/\/www.coach-hunter.com\/content\/wp-content\/uploads\/2024\/05\/plantes-et-sport-1200x900.jpg 1200w, https:\/\/www.coach-hunter.com\/content\/wp-content\/uploads\/2024\/05\/plantes-et-sport.jpg 1920w\" sizes=\"auto, (max-width: 709px) 85vw, (max-width: 909px) 67vw, (max-width: 1362px) 62vw, 840px\" \/><\/figure>\n<\/div>\n\n\n<p>Vous ne pouvez pas \u00eatre pass\u00e9 \u00e0 c\u00f4t\u00e9 de la phytoth\u00e9rapie. Qui n&rsquo;a jamais utilis\u00e9 d&rsquo;arnica, ou entendu parl\u00e9 des bienfaits apaisants de la verveine ? Pourtant, qu&rsquo;en est-il dans le domaine sportif : Plantes et sport font-ils bon m\u00e9nage ? Est-ce que \u00e7a fonctionne vraiment ? On tente de vous \u00e9clairer gr\u00e2ce aux retours de notre <a class=\"callAction\" href=\"https:\/\/www.coach-hunter.com\/content\/sante\/\">coach sant\u00e9<\/a> !<\/p>\n\n\n\n<h2 class=\"wp-block-heading\">La phytoth\u00e9rapie, c&rsquo;est quoi ?<\/h2>\n\n\n\n<p>La phytoth\u00e9rapie se r\u00e9f\u00e8re \u00e0 l&rsquo;utilisation des plantes \u00e0 des fins th\u00e9rapeutiques. Cet usage peut \u00eatre \u00e0 vis\u00e9e curative (probl\u00e8mes de sant\u00e9, maladies, blessures\u2026) ou \u00e0 vis\u00e9e pr\u00e9ventive. Diff\u00e9rentes parties des plantes sont susceptibles d&rsquo;\u00eatre utilis\u00e9es : fleurs, tiges, feuilles, bulbes, graines\u2026 <br>Parmi les formes les plus courantes sous lesquelles apparaissent les plantes m\u00e9dicinales, on retrouve : les tisanes, les cr\u00e8mes, gels et pommades, ou encore les huiles.<\/p>\n\n\n\n<h3 class=\"wp-block-heading\">Est-ce que les plantes m\u00e9dicinales fonctionnent vraiment ?<\/h3>\n\n\n\n<p>Mais qu&rsquo;en est-il de l&rsquo;efficacit\u00e9 r\u00e9elle de la phytoth\u00e9rapie ? Et bien si certaines plantes ont de v\u00e9ritables effets th\u00e9rapeutiques v\u00e9rifi\u00e9s, beaucoup sont encore \u00e0 prendre avec du recul, faute de recherches suffisantes.<\/p>\n\n\n\n<p>En effet, en France, plus de 600 plantes m\u00e9dicinales sont reconnues comme telles. Ainsi, elle peuvent pr\u00e9tendre \u00e0 une Autorisation de Mise sur le March\u00e9 (AMM) europ\u00e9en, en tant que m\u00e9dicaments \u00e0 base de plantes. Cette autorisation n&rsquo;est d\u00e9livr\u00e9e que sur la base de la dur\u00e9e depuis laquelle la plante est utilis\u00e9e \u00e0 des fins m\u00e9dicinales (soit 30 ans). Son efficacit\u00e9, quant \u00e0 elle, n&rsquo;est pas \u00e0 d\u00e9montrer pour sa mise en circulation (<a href=\"https:\/\/www.science-et-vie.com\/questions-reponses\/se-soigner-par-les-plantes-est-ce-vraiment-possible-12522.html\">source<\/a>).<\/p>\n\n\n\n<p>Pour autant, une nouvelle d\u00e9nomination existe depuis quelques ann\u00e9es pour les <strong>plantes aux vertus v\u00e9rifi\u00e9es scientifiquement<\/strong>, ce sont celles \u00ab d&rsquo;usage bien \u00e9tabli \u00bb. On y retrouve par exemple le lierre grimpant, le suc d&rsquo;aloe vera, l&rsquo;huile essentiel de menthe poivr\u00e9e ou encore les graines du marronnier commun.<\/p>\n\n\n\n<h2 class=\"wp-block-heading\">Plantes et sport : quels bienfaits ?<\/h2>\n\n\n\n<p>Puisque certaines plantes ont des propri\u00e9t\u00e9s b\u00e9n\u00e9fiques sur la sant\u00e9, elles ont forc\u00e9ment int\u00e9ress\u00e9 les sportifs ! Elles peuvent ainsi \u00eatre utilis\u00e9es pour :<\/p>\n\n\n\n<ul class=\"wp-block-list\">\n<li><strong>Am\u00e9liorer la r\u00e9cup\u00e9ration physique<\/strong>,<\/li>\n\n\n\n<li><strong>R\u00e9duire les inflammations<\/strong> apr\u00e8s le sport (ou en cas de blessure),<\/li>\n\n\n\n<li><strong>Soulager les douleurs musculaires et articulaires<\/strong>,<\/li>\n\n\n\n<li><strong>Optimiser les performances<\/strong> athl\u00e9tiques\u2026<\/li>\n<\/ul>\n\n\n\n<h3 class=\"wp-block-heading\">L&rsquo;am\u00e9lioration de la performance sportive gr\u00e2ces aux plantes<\/h3>\n\n\n\n<p>Pour performer, il est indispensable d&rsquo;\u00eatre en pleine sant\u00e9. Dans cette perspective, utiliser la phytoth\u00e9rapie afin de pr\u00e9venir les maladies pourrait \u00eatre particuli\u00e8rement pertinent pour les athl\u00e8tes. L&rsquo;une de ses application serait la pr\u00e9vention des maladies respiratoires, en particulier pour les sportifs qui font face aux conditions m\u00e9t\u00e9orologiques rudes ou capricieuses (pour les sports outdoor de type trek, trail, etc.).<\/p>\n\n\n\n<p>Par ailleurs, certains traitements \u00e0 base de plantes vont am\u00e9liorer les capacit\u00e9s cognitive<strong>s<\/strong> ou encore la qualit\u00e9 du sommeil. Indirectement, ces b\u00e9n\u00e9fices vont aussi impacter la performance ! Il va de soi qu&rsquo;<strong>un athl\u00e8te bien repos\u00e9 et alerte aura de meilleures performances<\/strong> qu&rsquo;un sportif en manque de sommeil qui ne mobilise pas ses capacit\u00e9s cognitives correctement.<\/p>\n\n\n\n<h3 class=\"wp-block-heading\">Plantes et sport : la phytoth\u00e9rapie pour la r\u00e9cup\u00e9ration<\/h3>\n\n\n\n<p>Certaines plantes, par leurs propri\u00e9t\u00e9s antalgiques et anti-inflammatoires s&rsquo;av\u00e8rent <strong>b\u00e9n\u00e9fiques pour la r\u00e9cup\u00e9ration<\/strong>, y compris en cas de blessure. <\/p>\n\n\n\n<p>La tr\u00e8s c\u00e9l\u00e8bre <strong>arnica<\/strong> est d&rsquo;ailleurs fr\u00e9quemment utilis\u00e9e pour les douleurs articulaires (par voie orale) ou les contusions ou les foulures (sous forme de pommade).<\/p>\n\n\n\n<p>Il en va de m\u00eame pour le <strong>curcuma<\/strong>, qui en plus d&rsquo;\u00eatre antioxydant, va \u00e9galement avoir un r\u00f4le anti-inflammatoire. Ainsi, il peut aider \u00e0 r\u00e9cup\u00e9rer suite \u00e0 un trauma ou un choc.<\/p>\n\n\n\n<p>Cela peut aussi s&rsquo;av\u00e9rer int\u00e9ressant lors de la phase de r\u00e9cup\u00e9ration qui suit un travail musculaire en r\u00e9sistance. Les micro-l\u00e9sions cr\u00e9\u00e9es sur les muscles par les efforts peuvent en effet cr\u00e9er des inflammations. Celles-ci pourront \u00eatre contr\u00e9e par les plantes anti-inflammatoires, le temps que les acides amin\u00e9s r\u00e9parent les fibres musculaires.<\/p>\n\n\n\n<p>Mais ces acides amin\u00e9s, apport\u00e9s en quantit\u00e9 par les prot\u00e9ines ing\u00e9r\u00e9es par le sportif, peuvent aussi faire partie de la composition de certaines plantes (comme les <strong>tubercules de maca<\/strong> par exemple). Ainsi, la phytoth\u00e9rapie peut aussi \u00eatre indirectement pratiqu\u00e9e simplement par le biais de l&rsquo;alimentation ! On retrouve d&rsquo;ailleurs ces bienfaits de fa\u00e7on similaires dans la consommation des <a class=\"callAction\" href=\"https:\/\/www.coach-hunter.com\/content\/champignons\/\">champignons<\/a>.<\/p>\n\n\n\n<h2 class=\"wp-block-heading\">Plantes et sport : un plus pour l&rsquo;hydratation !<\/h2>\n\n\n\n<p>D&rsquo;une part, le fait de consommer les plantes sous forme d&rsquo;infusions va permettre de r\u00e9cup\u00e9rer des principes actifs et nutriments int\u00e9ressants qui les composent. Mais ce n&rsquo;est pas tout ! C&rsquo;est aussi un moyen de maintenir un haut niveau d&rsquo;hydratation.<\/p>\n\n\n\n<p>D\u00e9j\u00e0 importante pour tout-\u00e0-chacun, celle-ci l&rsquo;est d&rsquo;autant plus pour le sportif, qui peut plus facilement se d\u00e9shydrater. Entre l&rsquo;\u00e9vacuation de la chaleur corporelle par la sueur et la contraction des muscles, <strong>les athl\u00e8tes ont besoin de boire beaucoup<\/strong> !<\/p>\n\n\n\n<h2 class=\"wp-block-heading\">Y a t-il des risques \u00e0 la phytoth\u00e9rapie ?<\/h2>\n\n\n\n<p>\u26a0\ufe0f Attention, certaines plantes m\u00e9dicinales sont appel\u00e9es par un nom g\u00e9n\u00e9rique. Celui-ci regroupe en fait diff\u00e9rentes plantes, dont certaines sont toxiques. Par exemple pour le laurier : <strong>le laurier noble est utilis\u00e9 en phytoth\u00e9rapie tandis que le laurier rose est hautement toxique<\/strong> ! <br>De la m\u00eame fa\u00e7on, si certaines parties d&rsquo;une plante (graines, racines, feuilles\u2026) peuvent avoir des vertus int\u00e9ressantes, d&rsquo;autres peuvent \u00eatre n\u00e9fastes pour la sant\u00e9.<br>Par cons\u00e9quent, il est recommand\u00e9 de se tourner vers les points de ventes pharmaceutiques, et d&rsquo;\u00e9viter de se procurer des plantes par ses propres moyens.<\/p>\n\n\n\n<p>De plus en plus de recherches se penchent sur les diff\u00e9rentes propri\u00e9t\u00e9s th\u00e9rapeutiques de certaines plantes. Toutefois, il manque encore de documentation sur bon nombre d&rsquo;entre elles, et les r\u00e9sultats de certaines \u00e9tudes sont contradictoires. Par cons\u00e9quent, il est important de se r\u00e9f\u00e9rer aux recommandations des autorit\u00e9s de sant\u00e9. <\/p>\n\n\n\n<p>Votre pharmacien ou m\u00e9decin sp\u00e9cialis\u00e9 en phytoth\u00e9rapie pourra \u00e9galement vous \u00e9clairer sur le sujet, n&rsquo;h\u00e9sitez pas \u00e0 lui poser vos questions !<\/p>\n\n\n\n<h2 class=\"wp-block-heading\">Pour approfondir sur le sport sant\u00e9 :<\/h2>\n\n\n\n<ul class=\"wp-block-list\">\n<li>Les&nbsp;<a href=\"https:\/\/www.coach-hunter.com\/content\/endorphines\/\">endorphines<\/a>&nbsp;et le sport<\/li>\n\n\n\n<li><a href=\"https:\/\/www.coach-hunter.com\/content\/sport-sommeil\/\">Sport et sommeil<\/a>\u00a0: comment mieux dormir vous aide \u00e0 performer<\/li>\n\n\n\n<li>Les pr\u00e9cautions \u00e0 prendre pour pratiquer son\u00a0<a href=\"https:\/\/www.coach-hunter.com\/content\/sport-ete\/\">sport l\u2019\u00e9t\u00e9<\/a><\/li>\n<\/ul>\n","protected":false},"excerpt":{"rendered":"<p>Vous ne pouvez pas \u00eatre pass\u00e9 \u00e0 c\u00f4t\u00e9 de la phytoth\u00e9rapie. Qui n&rsquo;a jamais utilis\u00e9 d&rsquo;arnica, ou entendu parl\u00e9 des bienfaits apaisants de la verveine ? Pourtant, qu&rsquo;en est-il dans le domaine sportif : Plantes et sport font-ils bon m\u00e9nage ? Est-ce que \u00e7a fonctionne vraiment ? On tente de vous \u00e9clairer gr\u00e2ce aux retours &hellip; <a href=\"https:\/\/www.coach-hunter.com\/content\/plantes-et-sport\/\" class=\"more-link\">Continuer la lecture<span class=\"screen-reader-text\"> de &laquo;&nbsp;Plantes et sport : les bienfaits de la phytoth\u00e9rapie&nbsp;&raquo;<\/span><\/a><\/p>\n","protected":false},"author":2,"featured_media":0,"parent":0,"menu_order":0,"comment_status":"closed","ping_status":"closed","template":"","meta":{"footnotes":""},"class_list":["post-2162","page","type-page","status-publish","hentry"],"yoast_head":"<!-- This site is optimized with the Yoast SEO plugin v25.9 - https:\/\/yoast.com\/wordpress\/plugins\/seo\/ -->\n<title>Phytoth\u00e9rapie : les bienfaits des plantes chez le sportif !<\/title>\n<meta name=\"description\" content=\"La phytoth\u00e9rapie est tr\u00e8s populaire pour les maux du quotidien. Mais qu&#039;en est-il chez le sportif ? Plantes et sport : on fait le point !\" \/>\n<meta name=\"robots\" content=\"index, follow, max-snippet:-1, max-image-preview:large, max-video-preview:-1\" \/>\n<link rel=\"canonical\" href=\"https:\/\/www.coach-hunter.com\/content\/plantes-et-sport\/\" \/>\n<meta property=\"og:locale\" content=\"fr_FR\" \/>\n<meta property=\"og:type\" content=\"article\" \/>\n<meta property=\"og:title\" content=\"Phytoth\u00e9rapie : les bienfaits des plantes chez le sportif !\" \/>\n<meta property=\"og:description\" content=\"La phytoth\u00e9rapie est tr\u00e8s populaire pour les maux du quotidien. Mais qu&#039;en est-il chez le sportif ? Plantes et sport : on fait le point !\" \/>\n<meta property=\"og:url\" content=\"https:\/\/www.coach-hunter.com\/content\/plantes-et-sport\/\" \/>\n<meta property=\"og:site_name\" content=\"Blog Coach Hunter\" \/>\n<meta property=\"article:modified_time\" content=\"2024-05-17T14:56:08+00:00\" \/>\n<meta property=\"og:image\" content=\"https:\/\/www.coach-hunter.com\/content\/wp-content\/uploads\/2024\/05\/plantes-et-sport-1024x768.jpg\" \/>\n<meta name=\"twitter:card\" content=\"summary_large_image\" \/>\n<meta name=\"twitter:label1\" content=\"Dur\u00e9e de lecture estim\u00e9e\" \/>\n\t<meta name=\"twitter:data1\" content=\"5 minutes\" \/>\n<script type=\"application\/ld+json\" class=\"yoast-schema-graph\">{\"@context\":\"https:\/\/schema.org\",\"@graph\":[{\"@type\":\"WebPage\",\"@id\":\"https:\/\/www.coach-hunter.com\/content\/plantes-et-sport\/\",\"url\":\"https:\/\/www.coach-hunter.com\/content\/plantes-et-sport\/\",\"name\":\"Phytoth\u00e9rapie : les bienfaits des plantes chez le sportif !\",\"isPartOf\":{\"@id\":\"https:\/\/www.coach-hunter.com\/content\/#website\"},\"primaryImageOfPage\":{\"@id\":\"https:\/\/www.coach-hunter.com\/content\/plantes-et-sport\/#primaryimage\"},\"image\":{\"@id\":\"https:\/\/www.coach-hunter.com\/content\/plantes-et-sport\/#primaryimage\"},\"thumbnailUrl\":\"https:\/\/www.coach-hunter.com\/content\/wp-content\/uploads\/2024\/05\/plantes-et-sport-1024x768.jpg\",\"datePublished\":\"2024-05-17T14:52:06+00:00\",\"dateModified\":\"2024-05-17T14:56:08+00:00\",\"description\":\"La phytoth\u00e9rapie est tr\u00e8s populaire pour les maux du quotidien. Mais qu'en est-il chez le sportif ? Plantes et sport : on fait le point !\",\"breadcrumb\":{\"@id\":\"https:\/\/www.coach-hunter.com\/content\/plantes-et-sport\/#breadcrumb\"},\"inLanguage\":\"fr-FR\",\"potentialAction\":[{\"@type\":\"ReadAction\",\"target\":[\"https:\/\/www.coach-hunter.com\/content\/plantes-et-sport\/\"]}]},{\"@type\":\"ImageObject\",\"inLanguage\":\"fr-FR\",\"@id\":\"https:\/\/www.coach-hunter.com\/content\/plantes-et-sport\/#primaryimage\",\"url\":\"https:\/\/www.coach-hunter.com\/content\/wp-content\/uploads\/2024\/05\/plantes-et-sport.jpg\",\"contentUrl\":\"https:\/\/www.coach-hunter.com\/content\/wp-content\/uploads\/2024\/05\/plantes-et-sport.jpg\",\"width\":1920,\"height\":1440},{\"@type\":\"BreadcrumbList\",\"@id\":\"https:\/\/www.coach-hunter.com\/content\/plantes-et-sport\/#breadcrumb\",\"itemListElement\":[{\"@type\":\"ListItem\",\"position\":1,\"name\":\"Accueil\",\"item\":\"https:\/\/www.coach-hunter.com\/content\/\"},{\"@type\":\"ListItem\",\"position\":2,\"name\":\"Plantes et sport : les bienfaits de la phytoth\u00e9rapie\"}]},{\"@type\":\"WebSite\",\"@id\":\"https:\/\/www.coach-hunter.com\/content\/#website\",\"url\":\"https:\/\/www.coach-hunter.com\/content\/\",\"name\":\"Blog Coach Hunter\",\"description\":\"\",\"potentialAction\":[{\"@type\":\"SearchAction\",\"target\":{\"@type\":\"EntryPoint\",\"urlTemplate\":\"https:\/\/www.coach-hunter.com\/content\/?s={search_term_string}\"},\"query-input\":{\"@type\":\"PropertyValueSpecification\",\"valueRequired\":true,\"valueName\":\"search_term_string\"}}],\"inLanguage\":\"fr-FR\"}]}<\/script>\n<!-- \/ Yoast SEO plugin. -->","yoast_head_json":{"title":"Phytoth\u00e9rapie : les bienfaits des plantes chez le sportif !","description":"La phytoth\u00e9rapie est tr\u00e8s populaire pour les maux du quotidien. Mais qu'en est-il chez le sportif ? Plantes et sport : on fait le point !","robots":{"index":"index","follow":"follow","max-snippet":"max-snippet:-1","max-image-preview":"max-image-preview:large","max-video-preview":"max-video-preview:-1"},"canonical":"https:\/\/www.coach-hunter.com\/content\/plantes-et-sport\/","og_locale":"fr_FR","og_type":"article","og_title":"Phytoth\u00e9rapie : les bienfaits des plantes chez le sportif !","og_description":"La phytoth\u00e9rapie est tr\u00e8s populaire pour les maux du quotidien. Mais qu'en est-il chez le sportif ? Plantes et sport : on fait le point !","og_url":"https:\/\/www.coach-hunter.com\/content\/plantes-et-sport\/","og_site_name":"Blog Coach Hunter","article_modified_time":"2024-05-17T14:56:08+00:00","og_image":[{"url":"https:\/\/www.coach-hunter.com\/content\/wp-content\/uploads\/2024\/05\/plantes-et-sport-1024x768.jpg","type":"","width":"","height":""}],"twitter_card":"summary_large_image","twitter_misc":{"Dur\u00e9e de lecture estim\u00e9e":"5 minutes"},"schema":{"@context":"https:\/\/schema.org","@graph":[{"@type":"WebPage","@id":"https:\/\/www.coach-hunter.com\/content\/plantes-et-sport\/","url":"https:\/\/www.coach-hunter.com\/content\/plantes-et-sport\/","name":"Phytoth\u00e9rapie : les bienfaits des plantes chez le sportif !","isPartOf":{"@id":"https:\/\/www.coach-hunter.com\/content\/#website"},"primaryImageOfPage":{"@id":"https:\/\/www.coach-hunter.com\/content\/plantes-et-sport\/#primaryimage"},"image":{"@id":"https:\/\/www.coach-hunter.com\/content\/plantes-et-sport\/#primaryimage"},"thumbnailUrl":"https:\/\/www.coach-hunter.com\/content\/wp-content\/uploads\/2024\/05\/plantes-et-sport-1024x768.jpg","datePublished":"2024-05-17T14:52:06+00:00","dateModified":"2024-05-17T14:56:08+00:00","description":"La phytoth\u00e9rapie est tr\u00e8s populaire pour les maux du quotidien. Mais qu'en est-il chez le sportif ? Plantes et sport : on fait le point !","breadcrumb":{"@id":"https:\/\/www.coach-hunter.com\/content\/plantes-et-sport\/#breadcrumb"},"inLanguage":"fr-FR","potentialAction":[{"@type":"ReadAction","target":["https:\/\/www.coach-hunter.com\/content\/plantes-et-sport\/"]}]},{"@type":"ImageObject","inLanguage":"fr-FR","@id":"https:\/\/www.coach-hunter.com\/content\/plantes-et-sport\/#primaryimage","url":"https:\/\/www.coach-hunter.com\/content\/wp-content\/uploads\/2024\/05\/plantes-et-sport.jpg","contentUrl":"https:\/\/www.coach-hunter.com\/content\/wp-content\/uploads\/2024\/05\/plantes-et-sport.jpg","width":1920,"height":1440},{"@type":"BreadcrumbList","@id":"https:\/\/www.coach-hunter.com\/content\/plantes-et-sport\/#breadcrumb","itemListElement":[{"@type":"ListItem","position":1,"name":"Accueil","item":"https:\/\/www.coach-hunter.com\/content\/"},{"@type":"ListItem","position":2,"name":"Plantes et sport : les bienfaits de la phytoth\u00e9rapie"}]},{"@type":"WebSite","@id":"https:\/\/www.coach-hunter.com\/content\/#website","url":"https:\/\/www.coach-hunter.com\/content\/","name":"Blog Coach Hunter","description":"","potentialAction":[{"@type":"SearchAction","target":{"@type":"EntryPoint","urlTemplate":"https:\/\/www.coach-hunter.com\/content\/?s={search_term_string}"},"query-input":{"@type":"PropertyValueSpecification","valueRequired":true,"valueName":"search_term_string"}}],"inLanguage":"fr-FR"}]}},"_links":{"self":[{"href":"https:\/\/www.coach-hunter.com\/content\/wp-json\/wp\/v2\/pages\/2162","targetHints":{"allow":["GET"]}}],"collection":[{"href":"https:\/\/www.coach-hunter.com\/content\/wp-json\/wp\/v2\/pages"}],"about":[{"href":"https:\/\/www.coach-hunter.com\/content\/wp-json\/wp\/v2\/types\/page"}],"author":[{"embeddable":true,"href":"https:\/\/www.coach-hunter.com\/content\/wp-json\/wp\/v2\/users\/2"}],"replies":[{"embeddable":true,"href":"https:\/\/www.coach-hunter.com\/content\/wp-json\/wp\/v2\/comments?post=2162"}],"version-history":[{"count":5,"href":"https:\/\/www.coach-hunter.com\/content\/wp-json\/wp\/v2\/pages\/2162\/revisions"}],"predecessor-version":[{"id":2170,"href":"https:\/\/www.coach-hunter.com\/content\/wp-json\/wp\/v2\/pages\/2162\/revisions\/2170"}],"wp:attachment":[{"href":"https:\/\/www.coach-hunter.com\/content\/wp-json\/wp\/v2\/media?parent=2162"}],"curies":[{"name":"wp","href":"https:\/\/api.w.org\/{rel}","templated":true}]}}