{"id":2144,"date":"2024-03-20T10:43:23","date_gmt":"2024-03-20T10:43:23","guid":{"rendered":"https:\/\/www.coach-hunter.com\/content\/?page_id=2144"},"modified":"2024-03-20T10:44:10","modified_gmt":"2024-03-20T10:44:10","slug":"coach-mental","status":"publish","type":"page","link":"https:\/\/www.coach-hunter.com\/content\/coach-mental\/","title":{"rendered":"Coach mental \/ Pr\u00e9parateur mental : pourquoi et pour qui ?"},"content":{"rendered":"<div class=\"wp-block-image\">\n<figure class=\"aligncenter size-large\"><img loading=\"lazy\" decoding=\"async\" width=\"1024\" height=\"683\" src=\"https:\/\/www.coach-hunter.com\/content\/wp-content\/uploads\/2024\/03\/coach-mental-1-1024x683.jpg\" alt=\"Un coach mental en entretien avec un patient dans son cabinet.\" class=\"wp-image-2154\" srcset=\"https:\/\/www.coach-hunter.com\/content\/wp-content\/uploads\/2024\/03\/coach-mental-1-1024x683.jpg 1024w, https:\/\/www.coach-hunter.com\/content\/wp-content\/uploads\/2024\/03\/coach-mental-1-300x200.jpg 300w, https:\/\/www.coach-hunter.com\/content\/wp-content\/uploads\/2024\/03\/coach-mental-1-768x512.jpg 768w, https:\/\/www.coach-hunter.com\/content\/wp-content\/uploads\/2024\/03\/coach-mental-1-1536x1024.jpg 1536w, https:\/\/www.coach-hunter.com\/content\/wp-content\/uploads\/2024\/03\/coach-mental-1-1200x800.jpg 1200w, https:\/\/www.coach-hunter.com\/content\/wp-content\/uploads\/2024\/03\/coach-mental-1.jpg 1920w\" sizes=\"auto, (max-width: 709px) 85vw, (max-width: 909px) 67vw, (max-width: 1362px) 62vw, 840px\" \/><\/figure>\n<\/div>\n\n\n<p>Prendre un <a class=\"callAction\" href=\"https:\/\/www.coach-hunter.com\/content\/motivation-sportive\/\">coach sp\u00e9cialis\u00e9 en motivation<\/a>, \u00e7a n&rsquo;est pas seulement utile pour trouver le courage de se remettre au sport. Gr\u00e2ce \u00e0 la <strong>pr\u00e9paration mentale (ou coaching psychologique)<\/strong>, on peut compl\u00e8tement modifier son mode de pens\u00e9e ! Pour mieux g\u00e9rer le stress, se d\u00e9passer sur le plan professionnel, sportif ou personnel, nous vous proposons de d\u00e9couvrir ce qu&rsquo;est le coach mental.<\/p>\n\n\n\n<h2 class=\"wp-block-heading\">Qu&rsquo;est-ce qu&rsquo;un coach mental ?<\/h2>\n\n\n\n<p><strong>Le coach mental (ou pr\u00e9parateur mental) est un professionnel de la gestion \u00e9motionnelle, de la motivation et du d\u00e9veloppement personnel<\/strong>. Il accompagne les personnes souhaitant atteindre certains objectifs professionnels, sportifs et\/ou personnels. Pour cela, il leur apprend \u00e0 d\u00e9passer leurs blocages mentaux, et \u00e0 acqu\u00e9rir un \u00e9tat d&rsquo;esprit positif.<\/p>\n\n\n\n<h3 class=\"wp-block-heading\">Les diff\u00e9rences entre coach mental, psychologue et psychiatre<\/h3>\n\n\n\n<p><strong>Coach mental<\/strong> n&rsquo;est pas un titre obtenu sp\u00e9cifiquement par le biais d&rsquo;une formation, m\u00eame si certaines certifications et \u00e9tudes y m\u00e8nent (notamment en STAPS dans le cadre de la pr\u00e9paration mentale du sportif). Il ne s&rsquo;agit pas v\u00e9ritablement d&rsquo;un th\u00e9rapeute, mais plus d&rsquo;un encadrant et d&rsquo;un <strong>accompagnateur dans le d\u00e9veloppement personnel<\/strong>.<\/p>\n\n\n\n<p>Le <strong>psychologue<\/strong>, quant \u00e0 lui, est un <strong>professionnel dipl\u00f4m\u00e9 en psychologie<\/strong>. C&rsquo;est un sp\u00e9cialiste de la psychopathologie, de l&rsquo;affect et de la cognition. Il s&rsquo;agit d&rsquo;un titre prot\u00e9g\u00e9 et reconnu, auquel ne peuvent pr\u00e9tendre que ceux qui ont suivi des \u00e9tudes bien sp\u00e9cifiques dans ce champ d&rsquo;expertise.<\/p>\n\n\n\n<p>Enfin, le <strong>psychiatre<\/strong> est aussi un professionnel de la sant\u00e9 mentale, mais \u00e0 contrario du psychologue, celui-ci a suivi des <strong>\u00e9tudes en m\u00e9decine<\/strong>. Il est le seul habilit\u00e9 \u00e0 \u00e9tablir un diagnostic et \u00e0 \u00e9ventuellement prescrire des traitements dans le cadre de ses fonctions.<\/p>\n\n\n\n<h2 class=\"wp-block-heading\">Quels sont les int\u00e9r\u00eats d&rsquo;un coaching mental<\/h2>\n\n\n<div class=\"wp-block-image\">\n<figure class=\"aligncenter size-large\"><img loading=\"lazy\" decoding=\"async\" width=\"1024\" height=\"683\" src=\"https:\/\/www.coach-hunter.com\/content\/wp-content\/uploads\/2024\/03\/coach-psychologique-1024x683.jpg\" alt=\"Un coach mental \u00e9change avec son \u00e9l\u00e8ve dans un caf\u00e9.\" class=\"wp-image-2150\" srcset=\"https:\/\/www.coach-hunter.com\/content\/wp-content\/uploads\/2024\/03\/coach-psychologique-1024x683.jpg 1024w, https:\/\/www.coach-hunter.com\/content\/wp-content\/uploads\/2024\/03\/coach-psychologique-300x200.jpg 300w, https:\/\/www.coach-hunter.com\/content\/wp-content\/uploads\/2024\/03\/coach-psychologique-768x512.jpg 768w, https:\/\/www.coach-hunter.com\/content\/wp-content\/uploads\/2024\/03\/coach-psychologique-1536x1024.jpg 1536w, https:\/\/www.coach-hunter.com\/content\/wp-content\/uploads\/2024\/03\/coach-psychologique-1200x800.jpg 1200w, https:\/\/www.coach-hunter.com\/content\/wp-content\/uploads\/2024\/03\/coach-psychologique.jpg 1920w\" sizes=\"auto, (max-width: 709px) 85vw, (max-width: 909px) 67vw, (max-width: 1362px) 62vw, 840px\" \/><\/figure>\n<\/div>\n\n\n<h3 class=\"wp-block-heading\">D\u00e9velopper sa confiance en soi et en ses capacit\u00e9s<\/h3>\n\n\n\n<p><strong>Avoir confiance en soi et en ses capacit\u00e9s<\/strong> est important pour r\u00e9ussir pleinement dans ses projets personnels comme professionnels. En effet, c&rsquo;est une qualit\u00e9 indispensable dans la <strong>prise de d\u00e9cisions<\/strong>. <\/p>\n\n\n\n<p>Le manque de confiance en soi peut mener \u00e0 des h\u00e9sitations, et rallonger le temps n\u00e9cessaire pour effectuer certaines t\u00e2ches. Ainsi, les personnes qui doutent de leurs capacit\u00e9s ont tendance \u00e0 rev\u00e9rifier compulsivement leur travail, et vont \u00e9viter au maximum les postes \u00e0 responsabilit\u00e9. <\/p>\n\n\n\n<p>Le coaching mental peut aider \u00e0 d\u00e9velopper son assurance et son estime de soi, ce qui peut d\u00e9bloquer bon nombre de situations. Cela peut aider \u00e0 \u00eatre plus innovant et plus \u00e9panoui.<\/p>\n\n\n\n<h3 class=\"wp-block-heading\">Apprendre \u00e0 g\u00e9rer son stress et ses \u00e9motions n\u00e9gatives<\/h3>\n\n\n\n<p><strong>G\u00e9rer le stress<\/strong>, que celui-ci soit induit par l&rsquo;anxi\u00e9t\u00e9 ou par des situations ext\u00e9rieures, est utile dans tous les aspects de la vie. Se laisser submerger par les tensions est non seulement un frein au quotidien, mais est aussi reconnu comme n\u00e9faste vis-\u00e0-vis de la sant\u00e9 physique et mentale. Le stress, en particulier lorsqu&rsquo;il est chronique, pourrait faire perdre en esp\u00e9rance de vie d&rsquo;apr\u00e8s diverses <a href=\"https:\/\/www.sciencesetavenir.fr\/sante\/cerveau-et-psy\/nouvelle-recherche-devoile-comment-le-stress-peut-raccourcir-l-esperance-de-vie_137219\" target=\"_blank\" rel=\"noreferrer noopener\">\u00e9tudes<\/a>.  Il acc\u00e9l\u00e9rerait le vieillissement des cellules, et augmenterait le risque de maladies.<\/p>\n\n\n\n<p>Dans le cadre professionnel, un stress mal g\u00e9r\u00e9 peut conduire \u00e0 des erreurs, et s&rsquo;il se prolonge dans la dur\u00e9e, au burn out.<\/p>\n\n\n\n<p>L&rsquo;un des angles d&rsquo;attaque du coaching mental repose sur l&rsquo;apprentissage de m\u00e9thodes permettant de r\u00e9agir face au stress et de mieux l&rsquo;appr\u00e9hender. <strong>D\u00e9velopper un \u00e9tat d&rsquo;esprit plus positif<\/strong> rend plus facile le fait de prendre du recul face aux \u00e9v\u00e9nements inattendus. La prise en charge de nouvelles t\u00e2ches, la transition vers une nouvelle entreprise ou les changements de postes deviennent ainsi beaucoup moins anxiog\u00e8nes. <\/p>\n\n\n\n<h3 class=\"wp-block-heading\">Devenir plus productif et efficace gr\u00e2ce \u00e0 un pr\u00e9parateur mental<\/h3>\n\n\n\n<p>Ce point rejoint les pr\u00e9c\u00e9dents, puisque g\u00e9rer son stress et prendre confiance en soi permet d&rsquo;\u00eatre plus efficace d&rsquo;une mani\u00e8re g\u00e9n\u00e9rale.<\/p>\n\n\n\n<p><strong>Avec un coach mental, on apprend plus pr\u00e9cis\u00e9ment \u00e0 \u00eatre productif dans sa vie quotidienne et \u00e0 son travail<\/strong>. Cela passe notamment par le fait de restructurer son mode de pens\u00e9e et prioriser certaines choses par rapport \u00e0 d&rsquo;autres. C&rsquo;est aussi le gain de motivation et sa persistance dans la dur\u00e9e qui vont vous rendre plus proactif.<br><br>Mais le coaching psychologique ne s&rsquo;arr\u00eate pas qu&rsquo;\u00e0 des astuces g\u00e9n\u00e9rales. Elle prend \u00e9galement en compte les \u00e9l\u00e9ments qui peuvent vous conduire \u00e0 procrastiner ou \u00e0 manquer d&rsquo;efficacit\u00e9. En comprenant mieux l&rsquo;origine de ces obstacles, il devient plus facile de les d\u00e9passer. <\/p>\n\n\n\n<p>Non seulement vous allez pouvoir booster vos performances, mais vous allez aussi prendre de la distance par rapport \u00e0 celles-ci, afin qu&rsquo;elles ne soient pas source d&rsquo;anxi\u00e9t\u00e9. Ne pas r\u00e9ussir \u00e0 atteindre les objectifs fix\u00e9s peut \u00eatre source d&rsquo;angoisse anticipatoire, ce que le coaching mental va vous apprendre \u00e0 \u00e9viter.<\/p>\n\n\n\n<h3 class=\"wp-block-heading\">Avoir de meilleures relations sociales<\/h3>\n\n\n\n<p>Parmi les softs skills qu&rsquo;un coach mental peut vous aider \u00e0 am\u00e9liorer, il y a l&rsquo;<strong>intelligence \u00e9motionnelle et relationnelle<\/strong>. <\/p>\n\n\n\n<p>Entretenir de bonnes relations sociales, encore une fois, cela s&rsquo;applique \u00e0 toutes les strates de la vie. Pour travailler en \u00e9quipe, entretenir ses amiti\u00e9s, \u00e9viter les conflits familiaux\u2026 Cela peut aussi servir dans le domaine du management, et plus sp\u00e9cifiquement dans l&rsquo;encadrement des \u00e9quipes et la gestion des situations de crise.<\/p>\n\n\n\n<h2 class=\"wp-block-heading\">Pour qui se destine le coach mental ?<\/h2>\n\n\n<div class=\"wp-block-image\">\n<figure class=\"aligncenter size-large\"><img loading=\"lazy\" decoding=\"async\" width=\"1024\" height=\"683\" src=\"https:\/\/www.coach-hunter.com\/content\/wp-content\/uploads\/2024\/03\/preparateur-physique-mental-1024x683.jpg\" alt=\"Un coach sportif pr\u00e9parateur mental motive son \u00e9l\u00e8ve lors d'une s\u00e9ance en ext\u00e9rieur.\" class=\"wp-image-2151\" srcset=\"https:\/\/www.coach-hunter.com\/content\/wp-content\/uploads\/2024\/03\/preparateur-physique-mental-1024x683.jpg 1024w, https:\/\/www.coach-hunter.com\/content\/wp-content\/uploads\/2024\/03\/preparateur-physique-mental-300x200.jpg 300w, https:\/\/www.coach-hunter.com\/content\/wp-content\/uploads\/2024\/03\/preparateur-physique-mental-768x512.jpg 768w, https:\/\/www.coach-hunter.com\/content\/wp-content\/uploads\/2024\/03\/preparateur-physique-mental-1536x1024.jpg 1536w, https:\/\/www.coach-hunter.com\/content\/wp-content\/uploads\/2024\/03\/preparateur-physique-mental-1200x800.jpg 1200w, https:\/\/www.coach-hunter.com\/content\/wp-content\/uploads\/2024\/03\/preparateur-physique-mental.jpg 1920w\" sizes=\"auto, (max-width: 709px) 85vw, (max-width: 909px) 67vw, (max-width: 1362px) 62vw, 840px\" \/><\/figure>\n<\/div>\n\n\n<h3 class=\"wp-block-heading\">Les personnes voulant changer leur mindset<\/h3>\n\n\n\n<p>Et oui, nombreux sont ceux qui veulent modifier leur \u00e9tat d&rsquo;esprit ! Comme quoi le coaching mental peut s&rsquo;appliquer \u00e0 des profils tr\u00e8s vari\u00e9s. Pour se d\u00e9velopper \u00e0 titre personnel et ainsi am\u00e9liorer son quotidien, le coaching psychologique est l&rsquo;une des solutions. <\/p>\n\n\n\n<h3 class=\"wp-block-heading\">Ceux qui souhaitent booster leur carri\u00e8re professionnelle<\/h3>\n\n\n\n<p>Tr\u00e8s fr\u00e9quemment, les entrepreneurs et autres profils tr\u00e8s ambitieux font appel au coaching mental. En effet, vous l&rsquo;aurez compris, de nombreuses qualit\u00e9s d\u00e9velopp\u00e9es par cette approche sont applicables dans le domaine du travail. Les personnes en qu\u00eate de r\u00e9ussite professionnelle vont ainsi acqu\u00e9rir certaines cl\u00e9s du succ\u00e8s. <\/p>\n\n\n\n<h3 class=\"wp-block-heading\">Les sportifs haut niveau : pr\u00e9paration physique et coaching mental<\/h3>\n\n\n\n<p>Public encore plus sp\u00e9cifique et pourtant l&rsquo;un des premier des coachs mentaux, celui des sportifs ! Ce n&rsquo;est pas pour rien que de nombreux pr\u00e9parateurs physiques se forment \u00e0 cet accompagnement particulier. En effet, le mental joue pour beaucoup dans la r\u00e9ussite sportive, puisqu&rsquo;il est n\u00e9cessaire pour :<\/p>\n\n\n\n<ul class=\"wp-block-list\">\n<li><strong>Jouer en \u00e9quipe et en coop\u00e9ration<\/strong>,<\/li>\n\n\n\n<li><strong>G\u00e9rer le stress \u00e0 l&rsquo;approche des comp\u00e9titions<\/strong>,<\/li>\n\n\n\n<li><strong>D\u00e9velopper ses performances sportives<\/strong>,<\/li>\n\n\n\n<li>Focaliser son attention et <strong>faire preuve de concentration<\/strong>.<\/li>\n<\/ul>\n\n\n\n<p>Les sportifs professionnels se voient livrer des conseils relatifs \u00e0 leur \u00e9tat d&rsquo;esprit et la canalisation de leurs \u00e9motions par le coach mental.<\/p>\n\n\n\n<p>Chez les d\u00e9butants ou amateurs, <strong>le coaching mental sportif peut aider \u00e0 rester motiv\u00e9 et pers\u00e9v\u00e9rant dans son entrainement<\/strong>. Il apprend aux athl\u00e8tes \u00e0 g\u00e9rer la pression, ce qui est tr\u00e8s important pour performer, mais aussi garder le plaisir du sport. <\/p>\n\n\n\n<p>\u00catre bien accompagn\u00e9 sur le plan du mental sert aussi de pr\u00e9vention. C&rsquo;est un moyen d&rsquo;<strong>\u00e9viter au maximum les blessures<\/strong> qui peuvent survenir du fait de mauvaises conditions psychologiques, et de diminuer le risque de troubles psychiques pouvant r\u00e9sulter d&rsquo;un stress permanent et\/ou trop important. <\/p>\n\n\n\n<h2 class=\"wp-block-heading\">Le d\u00e9roul\u00e9 d&rsquo;un coaching mental<\/h2>\n\n\n\n<p>Il n&rsquo;y a pas v\u00e9ritablement de pr\u00e9paration mentale typique. Chaque coach a ses m\u00e9thodes et sa mani\u00e8re d&rsquo;organiser son coaching. <\/p>\n\n\n\n<p>Toutefois, cela commence g\u00e9n\u00e9ralement par une <strong>phase d&rsquo;\u00e9valuation et de fixation d&rsquo;objectifs<\/strong>. Cette premi\u00e8re \u00e9tape permet de d\u00e9terminer les changements souhait\u00e9s, mais aussi de prendre conscience de ce qui emp\u00eache la personne de les mettre en place.<\/p>\n\n\n\n<p>Une fois les objectifs fix\u00e9s et les blocages compris vient alors une <strong>phase d&rsquo;explications et d&rsquo;exercices<\/strong> concrets. Le coach mental va donner des cl\u00e9s \u00e0 son \u00e9l\u00e8ve pour qu&rsquo;il puisse remodeler son mode de pens\u00e9e progressivement. Le but, \u00e0 terme, est que celui-ci soit capable d&rsquo;utiliser ces outils de fa\u00e7on autonome et qu&rsquo;il devienne plus fort mentalement.<\/p>\n\n\n\n<p>Un fois les techniques du pr\u00e9parateur mental bien assimil\u00e9es et comprises par l&rsquo;\u00e9l\u00e8ve, il s&rsquo;agit ensuite de les <strong>appliquer en conditions r\u00e9elles<\/strong>. Cela peut \u00eatre lors d&rsquo;un \u00e9v\u00e9nement sp\u00e9cifique ou pour une prise de d\u00e9cision majeure, tout d\u00e9pend des raisons pour lesquelles le coaching mental a \u00e9t\u00e9 mis en place.<\/p>\n\n\n\n<h2 class=\"wp-block-heading\">Trouver son coach mental<\/h2>\n\n\n\n<p><strong>Dans le haut niveau sportif, le pr\u00e9parateur physique peut aussi \u00eatre coach mental<\/strong>. Il arrive \u00e9galement que certains athl\u00e8tes (dans les clubs tr\u00e8s importants ou lorsqu&rsquo;ils ont une renomm\u00e9e forte) b\u00e9n\u00e9ficient d&rsquo;un accompagnement psychologique sp\u00e9cifique, comprenant de la pr\u00e9paration mentale. <\/p>\n\n\n\n<p>Si vous ne b\u00e9n\u00e9ficiez pas de cet accompagnement (parce que vous n&rsquo;\u00eates pas sportif ou n&rsquo;avez pas de pr\u00e9parateur form\u00e9 au coaching mental), il est possible de prendre votre propre \u00e9ducateur sportif priv\u00e9. Nombreux sont ceux qui sont \u00e0 la fois sp\u00e9cialistes de l&rsquo;entrainement physique et du coaching psychologique.<br>Les deux vont facilement de pair, m\u00eame pour les personnes qui cherchent surtout \u00e0 d\u00e9velopper leurs capacit\u00e9s mentales. En effet, l&rsquo;activit\u00e9 physique peut servir de d\u00e9fouloir, et va d\u00e9velopper la r\u00e9silience, la motivation et la pers\u00e9v\u00e9rance.<\/p>\n\n\n\n<p>Bien s\u00fbr il est aussi possible d&rsquo;opter pour un coach qui ne propose que de la pr\u00e9paration psychologique !<\/p>\n\n\n\n<p>Un coach mental peut recevoir dans un cabinet ou un studio priv\u00e9, se d\u00e9placer en club, \u00e0 votre domicile ou dans un lieu ext\u00e9rieur, ou encore proposer des entretiens en visio. <\/p>\n\n\n\n<p>Pour le tarif d&rsquo;une s\u00e9ance, tout d\u00e9pend du professionnel. <strong>Les prix sont g\u00e9n\u00e9ralement compris entre 25\u20ac et 80\u20ac de l&rsquo;heure<\/strong>. Certains psychologues du sport proposant des s\u00e9ances de coaching mental montent cependant \u00e0 plus de 200\u20ac de l&rsquo;heure !<\/p>\n\n\n\n<h2 class=\"wp-block-heading\">Si vous manquez encore de motivation :<\/h2>\n\n\n\n<ul class=\"wp-block-list\">\n<li>Quel est le\u00a0<a href=\"https:\/\/www.coach-hunter.com\/content\/meilleur-moment-sport\/\">meilleur moment pour faire du sport<\/a>\u00a0?<\/li>\n\n\n\n<li><a href=\"https:\/\/www.coach-hunter.com\/content\/internet-sport\/\">Internet et sport<\/a>\u00a0sont-ils r\u00e9ellement compatible ?<\/li>\n<\/ul>\n","protected":false},"excerpt":{"rendered":"<p>Prendre un coach sp\u00e9cialis\u00e9 en motivation, \u00e7a n&rsquo;est pas seulement utile pour trouver le courage de se remettre au sport. Gr\u00e2ce \u00e0 la pr\u00e9paration mentale (ou coaching psychologique), on peut compl\u00e8tement modifier son mode de pens\u00e9e ! Pour mieux g\u00e9rer le stress, se d\u00e9passer sur le plan professionnel, sportif ou personnel, nous vous proposons de &hellip; <a href=\"https:\/\/www.coach-hunter.com\/content\/coach-mental\/\" class=\"more-link\">Continuer la lecture<span class=\"screen-reader-text\"> de &laquo;&nbsp;Coach mental \/ Pr\u00e9parateur mental : pourquoi et pour qui ?&nbsp;&raquo;<\/span><\/a><\/p>\n","protected":false},"author":2,"featured_media":0,"parent":0,"menu_order":0,"comment_status":"closed","ping_status":"closed","template":"","meta":{"footnotes":""},"class_list":["post-2144","page","type-page","status-publish","hentry"],"yoast_head":"<!-- This site is optimized with the Yoast SEO plugin v27.5 - https:\/\/yoast.com\/product\/yoast-seo-wordpress\/ -->\n<title>Coach mental : pour \u00eatre plus performant et plus confiant !<\/title>\n<meta name=\"description\" content=\"Vous \u00eates en qu\u00eate de motivation et de d\u00e9veloppement personnel ? De r\u00e9ussite professionnelle et\/ou sportive ? D\u00e9couvrez le coach mental !\" \/>\n<meta name=\"robots\" content=\"index, follow, max-snippet:-1, max-image-preview:large, max-video-preview:-1\" \/>\n<link rel=\"canonical\" href=\"https:\/\/www.coach-hunter.com\/content\/coach-mental\/\" \/>\n<meta property=\"og:locale\" content=\"fr_FR\" \/>\n<meta property=\"og:type\" content=\"article\" \/>\n<meta property=\"og:title\" content=\"Coach mental : pour \u00eatre plus performant et plus confiant !\" \/>\n<meta property=\"og:description\" content=\"Vous \u00eates en qu\u00eate de motivation et de d\u00e9veloppement personnel ? De r\u00e9ussite professionnelle et\/ou sportive ? D\u00e9couvrez le coach mental !\" \/>\n<meta property=\"og:url\" content=\"https:\/\/www.coach-hunter.com\/content\/coach-mental\/\" \/>\n<meta property=\"og:site_name\" content=\"Blog Coach Hunter\" \/>\n<meta property=\"article:modified_time\" content=\"2024-03-20T10:44:10+00:00\" \/>\n<meta property=\"og:image\" content=\"https:\/\/www.coach-hunter.com\/content\/wp-content\/uploads\/2024\/03\/coach-mental-1-1024x683.jpg\" \/>\n<meta name=\"twitter:card\" content=\"summary_large_image\" \/>\n<meta name=\"twitter:label1\" content=\"Dur\u00e9e de lecture estim\u00e9e\" \/>\n\t<meta name=\"twitter:data1\" content=\"8 minutes\" \/>\n<script type=\"application\/ld+json\" class=\"yoast-schema-graph\">{\"@context\":\"https:\\\/\\\/schema.org\",\"@graph\":[{\"@type\":\"WebPage\",\"@id\":\"https:\\\/\\\/www.coach-hunter.com\\\/content\\\/coach-mental\\\/\",\"url\":\"https:\\\/\\\/www.coach-hunter.com\\\/content\\\/coach-mental\\\/\",\"name\":\"Coach mental : pour \u00eatre plus performant et plus confiant !\",\"isPartOf\":{\"@id\":\"https:\\\/\\\/www.coach-hunter.com\\\/content\\\/#website\"},\"primaryImageOfPage\":{\"@id\":\"https:\\\/\\\/www.coach-hunter.com\\\/content\\\/coach-mental\\\/#primaryimage\"},\"image\":{\"@id\":\"https:\\\/\\\/www.coach-hunter.com\\\/content\\\/coach-mental\\\/#primaryimage\"},\"thumbnailUrl\":\"https:\\\/\\\/www.coach-hunter.com\\\/content\\\/wp-content\\\/uploads\\\/2024\\\/03\\\/coach-mental-1-1024x683.jpg\",\"datePublished\":\"2024-03-20T10:43:23+00:00\",\"dateModified\":\"2024-03-20T10:44:10+00:00\",\"description\":\"Vous \u00eates en qu\u00eate de motivation et de d\u00e9veloppement personnel ? De r\u00e9ussite professionnelle et\\\/ou sportive ? D\u00e9couvrez le coach mental !\",\"breadcrumb\":{\"@id\":\"https:\\\/\\\/www.coach-hunter.com\\\/content\\\/coach-mental\\\/#breadcrumb\"},\"inLanguage\":\"fr-FR\",\"potentialAction\":[{\"@type\":\"ReadAction\",\"target\":[\"https:\\\/\\\/www.coach-hunter.com\\\/content\\\/coach-mental\\\/\"]}]},{\"@type\":\"ImageObject\",\"inLanguage\":\"fr-FR\",\"@id\":\"https:\\\/\\\/www.coach-hunter.com\\\/content\\\/coach-mental\\\/#primaryimage\",\"url\":\"https:\\\/\\\/www.coach-hunter.com\\\/content\\\/wp-content\\\/uploads\\\/2024\\\/03\\\/coach-mental-1.jpg\",\"contentUrl\":\"https:\\\/\\\/www.coach-hunter.com\\\/content\\\/wp-content\\\/uploads\\\/2024\\\/03\\\/coach-mental-1.jpg\",\"width\":1920,\"height\":1280},{\"@type\":\"BreadcrumbList\",\"@id\":\"https:\\\/\\\/www.coach-hunter.com\\\/content\\\/coach-mental\\\/#breadcrumb\",\"itemListElement\":[{\"@type\":\"ListItem\",\"position\":1,\"name\":\"Accueil\",\"item\":\"https:\\\/\\\/www.coach-hunter.com\\\/content\\\/\"},{\"@type\":\"ListItem\",\"position\":2,\"name\":\"Coach mental \\\/ Pr\u00e9parateur mental : pourquoi et pour qui ?\"}]},{\"@type\":\"WebSite\",\"@id\":\"https:\\\/\\\/www.coach-hunter.com\\\/content\\\/#website\",\"url\":\"https:\\\/\\\/www.coach-hunter.com\\\/content\\\/\",\"name\":\"Blog Coach Hunter\",\"description\":\"\",\"potentialAction\":[{\"@type\":\"SearchAction\",\"target\":{\"@type\":\"EntryPoint\",\"urlTemplate\":\"https:\\\/\\\/www.coach-hunter.com\\\/content\\\/?s={search_term_string}\"},\"query-input\":{\"@type\":\"PropertyValueSpecification\",\"valueRequired\":true,\"valueName\":\"search_term_string\"}}],\"inLanguage\":\"fr-FR\"}]}<\/script>\n<!-- \/ Yoast SEO plugin. -->","yoast_head_json":{"title":"Coach mental : pour \u00eatre plus performant et plus confiant !","description":"Vous \u00eates en qu\u00eate de motivation et de d\u00e9veloppement personnel ? De r\u00e9ussite professionnelle et\/ou sportive ? D\u00e9couvrez le coach mental !","robots":{"index":"index","follow":"follow","max-snippet":"max-snippet:-1","max-image-preview":"max-image-preview:large","max-video-preview":"max-video-preview:-1"},"canonical":"https:\/\/www.coach-hunter.com\/content\/coach-mental\/","og_locale":"fr_FR","og_type":"article","og_title":"Coach mental : pour \u00eatre plus performant et plus confiant !","og_description":"Vous \u00eates en qu\u00eate de motivation et de d\u00e9veloppement personnel ? De r\u00e9ussite professionnelle et\/ou sportive ? D\u00e9couvrez le coach mental !","og_url":"https:\/\/www.coach-hunter.com\/content\/coach-mental\/","og_site_name":"Blog Coach Hunter","article_modified_time":"2024-03-20T10:44:10+00:00","og_image":[{"url":"https:\/\/www.coach-hunter.com\/content\/wp-content\/uploads\/2024\/03\/coach-mental-1-1024x683.jpg","type":"","width":"","height":""}],"twitter_card":"summary_large_image","twitter_misc":{"Dur\u00e9e de lecture estim\u00e9e":"8 minutes"},"schema":{"@context":"https:\/\/schema.org","@graph":[{"@type":"WebPage","@id":"https:\/\/www.coach-hunter.com\/content\/coach-mental\/","url":"https:\/\/www.coach-hunter.com\/content\/coach-mental\/","name":"Coach mental : pour \u00eatre plus performant et plus confiant !","isPartOf":{"@id":"https:\/\/www.coach-hunter.com\/content\/#website"},"primaryImageOfPage":{"@id":"https:\/\/www.coach-hunter.com\/content\/coach-mental\/#primaryimage"},"image":{"@id":"https:\/\/www.coach-hunter.com\/content\/coach-mental\/#primaryimage"},"thumbnailUrl":"https:\/\/www.coach-hunter.com\/content\/wp-content\/uploads\/2024\/03\/coach-mental-1-1024x683.jpg","datePublished":"2024-03-20T10:43:23+00:00","dateModified":"2024-03-20T10:44:10+00:00","description":"Vous \u00eates en qu\u00eate de motivation et de d\u00e9veloppement personnel ? De r\u00e9ussite professionnelle et\/ou sportive ? D\u00e9couvrez le coach mental !","breadcrumb":{"@id":"https:\/\/www.coach-hunter.com\/content\/coach-mental\/#breadcrumb"},"inLanguage":"fr-FR","potentialAction":[{"@type":"ReadAction","target":["https:\/\/www.coach-hunter.com\/content\/coach-mental\/"]}]},{"@type":"ImageObject","inLanguage":"fr-FR","@id":"https:\/\/www.coach-hunter.com\/content\/coach-mental\/#primaryimage","url":"https:\/\/www.coach-hunter.com\/content\/wp-content\/uploads\/2024\/03\/coach-mental-1.jpg","contentUrl":"https:\/\/www.coach-hunter.com\/content\/wp-content\/uploads\/2024\/03\/coach-mental-1.jpg","width":1920,"height":1280},{"@type":"BreadcrumbList","@id":"https:\/\/www.coach-hunter.com\/content\/coach-mental\/#breadcrumb","itemListElement":[{"@type":"ListItem","position":1,"name":"Accueil","item":"https:\/\/www.coach-hunter.com\/content\/"},{"@type":"ListItem","position":2,"name":"Coach mental \/ Pr\u00e9parateur mental : pourquoi et pour qui ?"}]},{"@type":"WebSite","@id":"https:\/\/www.coach-hunter.com\/content\/#website","url":"https:\/\/www.coach-hunter.com\/content\/","name":"Blog Coach Hunter","description":"","potentialAction":[{"@type":"SearchAction","target":{"@type":"EntryPoint","urlTemplate":"https:\/\/www.coach-hunter.com\/content\/?s={search_term_string}"},"query-input":{"@type":"PropertyValueSpecification","valueRequired":true,"valueName":"search_term_string"}}],"inLanguage":"fr-FR"}]}},"_links":{"self":[{"href":"https:\/\/www.coach-hunter.com\/content\/wp-json\/wp\/v2\/pages\/2144","targetHints":{"allow":["GET"]}}],"collection":[{"href":"https:\/\/www.coach-hunter.com\/content\/wp-json\/wp\/v2\/pages"}],"about":[{"href":"https:\/\/www.coach-hunter.com\/content\/wp-json\/wp\/v2\/types\/page"}],"author":[{"embeddable":true,"href":"https:\/\/www.coach-hunter.com\/content\/wp-json\/wp\/v2\/users\/2"}],"replies":[{"embeddable":true,"href":"https:\/\/www.coach-hunter.com\/content\/wp-json\/wp\/v2\/comments?post=2144"}],"version-history":[{"count":7,"href":"https:\/\/www.coach-hunter.com\/content\/wp-json\/wp\/v2\/pages\/2144\/revisions"}],"predecessor-version":[{"id":2156,"href":"https:\/\/www.coach-hunter.com\/content\/wp-json\/wp\/v2\/pages\/2144\/revisions\/2156"}],"wp:attachment":[{"href":"https:\/\/www.coach-hunter.com\/content\/wp-json\/wp\/v2\/media?parent=2144"}],"curies":[{"name":"wp","href":"https:\/\/api.w.org\/{rel}","templated":true}]}}