{"id":2124,"date":"2023-10-20T13:41:39","date_gmt":"2023-10-20T13:41:39","guid":{"rendered":"https:\/\/www.coach-hunter.com\/content\/?page_id=2124"},"modified":"2025-04-25T09:21:10","modified_gmt":"2025-04-25T09:21:10","slug":"trouver-le-temps-de-faire-du-sport","status":"publish","type":"page","link":"https:\/\/www.coach-hunter.com\/content\/trouver-le-temps-de-faire-du-sport\/","title":{"rendered":"Trouver le temps de faire du sport : nos astuces !"},"content":{"rendered":"\n<p>Il n&rsquo;est pas toujours facile de trouver le temps de faire du sport ! Lorsqu&rsquo;on a un planning surbook\u00e9 et que la fatigue est pr\u00e9sente, difficile de placer sa s\u00e9ance dans le programme.<br>Un <a class=\"callAction\" href=\"https:\/\/www.coach-hunter.com\/content\/sport-au-feminin\/\">coach pour femmes<\/a> nous a livr\u00e9 quelques astuces pour se d\u00e9gager le temps de pratiquer une activit\u00e9 physique r\u00e9guli\u00e8re, et voici ce que vous devez savoir !<\/p>\n\n\n<div class=\"wp-block-image\">\n<figure class=\"aligncenter size-full\"><img loading=\"lazy\" decoding=\"async\" width=\"1000\" height=\"667\" src=\"https:\/\/www.coach-hunter.com\/content\/wp-content\/uploads\/2023\/10\/trouver-le-temps-de-faire-du-sport-1.jpg\" alt=\"Une sportive consulte sa montre.\" class=\"wp-image-2128\" srcset=\"https:\/\/www.coach-hunter.com\/content\/wp-content\/uploads\/2023\/10\/trouver-le-temps-de-faire-du-sport-1.jpg 1000w, https:\/\/www.coach-hunter.com\/content\/wp-content\/uploads\/2023\/10\/trouver-le-temps-de-faire-du-sport-1-300x200.jpg 300w, https:\/\/www.coach-hunter.com\/content\/wp-content\/uploads\/2023\/10\/trouver-le-temps-de-faire-du-sport-1-768x512.jpg 768w\" sizes=\"auto, (max-width: 709px) 85vw, (max-width: 909px) 67vw, (max-width: 1362px) 62vw, 840px\" \/><\/figure>\n<\/div>\n\n\n<h2 class=\"wp-block-heading\">Pourquoi il peut \u00eatre difficile de trouver le temps de faire du sport ?<\/h2>\n\n\n\n<p>Avec 35 minutes de temps libre en moins que les hommes en moyenne (ce qui peut cacher des disparit\u00e9s importantes), <strong>les femmes ont d&rsquo;autant plus de mal \u00e0 s&rsquo;accorder le temps de faire du sport<\/strong>. Elles n&rsquo;ont en effet que 2h45 \u00e0 se consacrer, une dur\u00e9e souvent \u00e9parpill\u00e9e au fil de la journ\u00e9e (<a href=\"https:\/\/www.inegalites.fr\/L-inegale-repartition-des-taches-domestiques-entre-les-femmes-et-les-hommes\" target=\"_blank\" rel=\"noreferrer noopener\">l&rsquo;observatoire des in\u00e9galit\u00e9s en parle<\/a>).<\/p>\n\n\n\n<p>Il faut dire que <strong>travail et vie de famille sont d\u00e9j\u00e0 difficiles \u00e0 conjuguer<\/strong>, tous genres confondus. Il faut d\u00e9poser et r\u00e9cup\u00e9rer les enfants \u00e0 l&rsquo;\u00e9cole, faire les t\u00e2ches m\u00e9nag\u00e8res, aller \u00e0 ses \u00e9ventuels rendez-vous, promener le chien\u2026 Tout \u00e7a en ayant d\u00e9j\u00e0 des horaires de boulot \u00e0 respecter (avec des amplitudes plus ou moins grandes) !<\/p>\n\n\n\n<h2 class=\"wp-block-heading\">Top 4 des astuces pour trouver le temps de faire du sport<\/h2>\n\n\n\n<p>Pourtant, \u00e7a ne veut pas dire qu&rsquo;il est impossible de trouver le temps de faire du sport. De plus, pour atteindre vos objectifs (perte de poids, renforcement musculaire&#8230;), il est important de pratiquer une activit\u00e9 physique r\u00e9guli\u00e8re et sur le long terme !<\/p>\n\n\n\n<p>Si r\u00e9ussir \u00e0 placer vos s\u00e9ances dans votre emploi-du-temps est un vrai challenge, voici quelques astuces pour vous.<\/p>\n\n\n\n<h3 class=\"wp-block-heading\">Faire du sport avec un coach sportif \u00e0 domicile<\/h3>\n\n\n<div class=\"wp-block-image\">\n<figure class=\"aligncenter size-full\"><img loading=\"lazy\" decoding=\"async\" width=\"832\" height=\"555\" src=\"https:\/\/www.coach-hunter.com\/content\/wp-content\/uploads\/2023\/10\/trouver-le-temps-de-faire-du-sport-coach.jpg\" alt=\"Un coach sportif et son \u00e9l\u00e8ve se motivent pour leur s\u00e9ance ensemble.\" class=\"wp-image-2129\" srcset=\"https:\/\/www.coach-hunter.com\/content\/wp-content\/uploads\/2023\/10\/trouver-le-temps-de-faire-du-sport-coach.jpg 832w, https:\/\/www.coach-hunter.com\/content\/wp-content\/uploads\/2023\/10\/trouver-le-temps-de-faire-du-sport-coach-300x200.jpg 300w, https:\/\/www.coach-hunter.com\/content\/wp-content\/uploads\/2023\/10\/trouver-le-temps-de-faire-du-sport-coach-768x512.jpg 768w\" sizes=\"auto, (max-width: 832px) 85vw, 832px\" \/><\/figure>\n<\/div>\n\n\n<p>Inutile de vous dire que chez Coach Hunter, nous sommes convaincus que le coaching sportif est id\u00e9al pour vous aider \u00e0 trouver le temps de faire du sport. <\/p>\n\n\n\n<p>Tout d&rsquo;abord, <strong>vous \u00e9vitez de perdre du temps en organisation et en pr\u00e9paration du cours<\/strong>, ce qui est le cas si vous vous entrainez seul(e) en salle de sport. Un coach sportif vient avec son mat\u00e9riel et avec une s\u00e9ance toute pr\u00eate en poche.<\/p>\n\n\n\n<p>La fameuse phrase \u00ab Je n&rsquo;ai pas le temps de faire du sport \u00bb peut aussi cacher<strong> un manque de motivation<\/strong>. Avec un \u00e9ducateur sportif pour vous booster, vous n&rsquo;aurez plus aucune raison de vous d\u00e9rober ! Avec son aide, vous trouverez l&rsquo;activit\u00e9 faite pour vous et prendrez donc plaisir \u00e0 faire du sport. <br>Vous verrez qu&rsquo;il est beaucoup plus simple de trouver du temps pour faire quelque chose de plaisant que lorsqu&rsquo;on a l&rsquo;impression qu&rsquo;il s&rsquo;agit d&rsquo;une corv\u00e9e !<\/p>\n\n\n\n<p>Enfin, avec un coach sportif chez vous, <strong>vous \u00e9vitez du temps de trajet<\/strong> que vous auriez eu pour vous entrainer \u00e0 l&rsquo;ext\u00e9rieur ou en salle. Ainsi, un cr\u00e9neau d&rsquo;1h ne devient pas un cr\u00e9neau d&rsquo;1h45. <br>Si votre temps est pr\u00e9cieux, cela peut faire toute la diff\u00e9rence !<\/p>\n\n\n\n<h3 class=\"wp-block-heading\">Organiser son emploi du temps<\/h3>\n\n\n\n<p>M\u00eame les entrepreneurs avec un emploi du temps surcharg\u00e9 peuvent trouver le temps de faire du sport ! Bien s\u00fbr, conjuguer travail prenant et vie de famille peut d\u00e9j\u00e0 \u00eatre une \u00e9preuve pour bon nombre d&rsquo;entre nous. Mais avec un <strong>planning organis\u00e9<\/strong>, cela devient beaucoup plus simple !<\/p>\n\n\n\n<p>Nous vous conseillons donc de <strong>fixer des cr\u00e9neaux r\u00e9serv\u00e9s au sport chaque semaine<\/strong>. Ces s\u00e9ances sont aussi des moments de bien-\u00eatre qui vous sont r\u00e9serv\u00e9s. Et de la m\u00eame fa\u00e7on que vous n&rsquo;allez pas sauter un rendez-vous m\u00e9dical important, imposez-vous de respecter vos rendez-vous sportifs.<\/p>\n\n\n\n<h3 class=\"wp-block-heading\">Int\u00e9grer le sport par petites doses dans son quotidien<\/h3>\n\n\n\n<p>\u00c0 d\u00e9faut de faire des s\u00e9ances de plus d&rsquo;une heure 5 fois par semaine, il y a mille fa\u00e7ons d&rsquo;int\u00e9grer le sport dans son quotidien. <br>Vous pouvez commencer par marcher un peu plus chaque jour. Si vous devez faire l&rsquo;\u00e9quivalent d&rsquo;un ou deux arr\u00eats de m\u00e9tro, peut-\u00eatre pouvez vous vous d\u00e9placer \u00e0 pied ? \u00c9tirez-vous matin et soir pour rester souple et d\u00e9tendre vos muscles.<br>Si besoin, r\u00e9servez des cr\u00e9neaux <strong>d&rsquo;un 30 ou 45 minutes pour votre s\u00e9ance de sport<\/strong>. Certaines activit\u00e9s sportives sont d&rsquo;ailleurs parfaites pour des entrainements courts mais intenses, comme le HIIT par exemple !<br>Certains moments de la journ\u00e9e sont \u00e9galement plus pratiques pour se mettre au sport (t\u00f4t le matin avant le travail, en fin de journ\u00e9e, sur votre temps de pause s&rsquo;il est suffisamment long&#8230;). <\/p>\n\n\n\n<h3 class=\"wp-block-heading\">Optimisez votre temps en vous entrainant en famille<\/h3>\n\n\n<div class=\"wp-block-image\">\n<figure class=\"aligncenter size-full\"><img loading=\"lazy\" decoding=\"async\" width=\"897\" height=\"577\" src=\"https:\/\/www.coach-hunter.com\/content\/wp-content\/uploads\/2023\/10\/sport-parent-enfant.jpg\" alt=\"Une m\u00e8re et sa fille font une s\u00e9ance de sport ensemble.\" class=\"wp-image-2130\" srcset=\"https:\/\/www.coach-hunter.com\/content\/wp-content\/uploads\/2023\/10\/sport-parent-enfant.jpg 897w, https:\/\/www.coach-hunter.com\/content\/wp-content\/uploads\/2023\/10\/sport-parent-enfant-300x193.jpg 300w, https:\/\/www.coach-hunter.com\/content\/wp-content\/uploads\/2023\/10\/sport-parent-enfant-768x494.jpg 768w\" sizes=\"auto, (max-width: 709px) 85vw, (max-width: 909px) 67vw, (max-width: 1362px) 62vw, 840px\" \/><\/figure>\n<\/div>\n\n\n<p>Vous faites passer votre vie de famille avant tout, et vous avez bien raison ! Mais si vous pouviez \u00e0 la fois trouver du temps pour faire du sport et pour vos proches ? <\/p>\n\n\n\n<p>Avec les enfants ou avec votre conjoint(e), <strong>faites une s\u00e9ance de sport \u00e0 plusieurs<\/strong> ! En plus d&rsquo;\u00eatre amusant et motivant, c&rsquo;est l&rsquo;occasion de prendre soin de votre sant\u00e9 tous ensemble. <br>Entre ami(e)s, c&rsquo;est aussi possible ! Se donner rendez-vous pour un cours hebdomadaire, par exemple, permet de partager des moments privil\u00e9gi\u00e9s.<\/p>\n\n\n\n<h3 class=\"wp-block-heading\">Pour plus d\u2019infos sur le sport f\u00e9minin :<\/h3>\n\n\n\n<ul class=\"wp-block-list\">\n<li><a href=\"https:\/\/www.coach-hunter.com\/content\/reprendre-le-sport-apres-accouchement-conseils-methode\/\">Reprendre le sport apr\u00e8s l&rsquo;accouchement<\/a> sans danger<\/li>\n\n\n\n<li><a href=\"https:\/\/www.coach-hunter.com\/content\/cellulite\/\">Cellulite, comment la faire dispara\u00eetre<\/a>&nbsp;?<\/li>\n\n\n\n<li><a href=\"https:\/\/www.coach-hunter.com\/content\/soutien-gorge-sport\/\">Soutien gorge de sport<\/a>, comment bien le choisir&nbsp;?<\/li>\n<\/ul>\n","protected":false},"excerpt":{"rendered":"<p>Il n&rsquo;est pas toujours facile de trouver le temps de faire du sport ! Lorsqu&rsquo;on a un planning surbook\u00e9 et que la fatigue est pr\u00e9sente, difficile de placer sa s\u00e9ance dans le programme.Un coach pour femmes nous a livr\u00e9 quelques astuces pour se d\u00e9gager le temps de pratiquer une activit\u00e9 physique r\u00e9guli\u00e8re, et voici ce &hellip; <a href=\"https:\/\/www.coach-hunter.com\/content\/trouver-le-temps-de-faire-du-sport\/\" class=\"more-link\">Continuer la lecture<span class=\"screen-reader-text\"> de &laquo;&nbsp;Trouver le temps de faire du sport : nos astuces !&nbsp;&raquo;<\/span><\/a><\/p>\n","protected":false},"author":2,"featured_media":0,"parent":0,"menu_order":0,"comment_status":"closed","ping_status":"closed","template":"","meta":{"footnotes":""},"class_list":["post-2124","page","type-page","status-publish","hentry"],"yoast_head":"<!-- This site is optimized with the Yoast SEO plugin v27.5 - https:\/\/yoast.com\/product\/yoast-seo-wordpress\/ -->\n<title>Comment trouver le temps de faire du sport r\u00e9guli\u00e8rement ?<\/title>\n<meta name=\"description\" content=\"Entre travail et vie de famille, il n&#039;est pas simple de trouver le temps de faire du sport. On vous conseille pour optimiser votre planning !\" \/>\n<meta name=\"robots\" content=\"index, follow, max-snippet:-1, max-image-preview:large, max-video-preview:-1\" \/>\n<link rel=\"canonical\" href=\"https:\/\/www.coach-hunter.com\/content\/trouver-le-temps-de-faire-du-sport\/\" \/>\n<meta property=\"og:locale\" content=\"fr_FR\" \/>\n<meta property=\"og:type\" content=\"article\" \/>\n<meta property=\"og:title\" content=\"Comment trouver le temps de faire du sport r\u00e9guli\u00e8rement ?\" \/>\n<meta property=\"og:description\" content=\"Entre travail et vie de famille, il n&#039;est pas simple de trouver le temps de faire du sport. On vous conseille pour optimiser votre planning !\" \/>\n<meta property=\"og:url\" content=\"https:\/\/www.coach-hunter.com\/content\/trouver-le-temps-de-faire-du-sport\/\" \/>\n<meta property=\"og:site_name\" content=\"Blog Coach Hunter\" \/>\n<meta property=\"article:modified_time\" content=\"2025-04-25T09:21:10+00:00\" \/>\n<meta property=\"og:image\" content=\"https:\/\/www.coach-hunter.com\/content\/wp-content\/uploads\/2023\/10\/trouver-le-temps-de-faire-du-sport-1.jpg\" \/>\n\t<meta property=\"og:image:width\" content=\"1000\" \/>\n\t<meta property=\"og:image:height\" content=\"667\" \/>\n\t<meta property=\"og:image:type\" content=\"image\/jpeg\" \/>\n<meta name=\"twitter:card\" content=\"summary_large_image\" \/>\n<meta name=\"twitter:label1\" content=\"Dur\u00e9e de lecture estim\u00e9e\" \/>\n\t<meta name=\"twitter:data1\" content=\"5 minutes\" \/>\n<script type=\"application\/ld+json\" class=\"yoast-schema-graph\">{\"@context\":\"https:\\\/\\\/schema.org\",\"@graph\":[{\"@type\":\"WebPage\",\"@id\":\"https:\\\/\\\/www.coach-hunter.com\\\/content\\\/trouver-le-temps-de-faire-du-sport\\\/\",\"url\":\"https:\\\/\\\/www.coach-hunter.com\\\/content\\\/trouver-le-temps-de-faire-du-sport\\\/\",\"name\":\"Comment trouver le temps de faire du sport r\u00e9guli\u00e8rement ?\",\"isPartOf\":{\"@id\":\"https:\\\/\\\/www.coach-hunter.com\\\/content\\\/#website\"},\"primaryImageOfPage\":{\"@id\":\"https:\\\/\\\/www.coach-hunter.com\\\/content\\\/trouver-le-temps-de-faire-du-sport\\\/#primaryimage\"},\"image\":{\"@id\":\"https:\\\/\\\/www.coach-hunter.com\\\/content\\\/trouver-le-temps-de-faire-du-sport\\\/#primaryimage\"},\"thumbnailUrl\":\"https:\\\/\\\/www.coach-hunter.com\\\/content\\\/wp-content\\\/uploads\\\/2023\\\/10\\\/trouver-le-temps-de-faire-du-sport-1.jpg\",\"datePublished\":\"2023-10-20T13:41:39+00:00\",\"dateModified\":\"2025-04-25T09:21:10+00:00\",\"description\":\"Entre travail et vie de famille, il n'est pas simple de trouver le temps de faire du sport. On vous conseille pour optimiser votre planning !\",\"breadcrumb\":{\"@id\":\"https:\\\/\\\/www.coach-hunter.com\\\/content\\\/trouver-le-temps-de-faire-du-sport\\\/#breadcrumb\"},\"inLanguage\":\"fr-FR\",\"potentialAction\":[{\"@type\":\"ReadAction\",\"target\":[\"https:\\\/\\\/www.coach-hunter.com\\\/content\\\/trouver-le-temps-de-faire-du-sport\\\/\"]}]},{\"@type\":\"ImageObject\",\"inLanguage\":\"fr-FR\",\"@id\":\"https:\\\/\\\/www.coach-hunter.com\\\/content\\\/trouver-le-temps-de-faire-du-sport\\\/#primaryimage\",\"url\":\"https:\\\/\\\/www.coach-hunter.com\\\/content\\\/wp-content\\\/uploads\\\/2023\\\/10\\\/trouver-le-temps-de-faire-du-sport-1.jpg\",\"contentUrl\":\"https:\\\/\\\/www.coach-hunter.com\\\/content\\\/wp-content\\\/uploads\\\/2023\\\/10\\\/trouver-le-temps-de-faire-du-sport-1.jpg\",\"width\":1000,\"height\":667},{\"@type\":\"BreadcrumbList\",\"@id\":\"https:\\\/\\\/www.coach-hunter.com\\\/content\\\/trouver-le-temps-de-faire-du-sport\\\/#breadcrumb\",\"itemListElement\":[{\"@type\":\"ListItem\",\"position\":1,\"name\":\"Accueil\",\"item\":\"https:\\\/\\\/www.coach-hunter.com\\\/content\\\/\"},{\"@type\":\"ListItem\",\"position\":2,\"name\":\"Trouver le temps de faire du sport : nos astuces !\"}]},{\"@type\":\"WebSite\",\"@id\":\"https:\\\/\\\/www.coach-hunter.com\\\/content\\\/#website\",\"url\":\"https:\\\/\\\/www.coach-hunter.com\\\/content\\\/\",\"name\":\"Blog Coach Hunter\",\"description\":\"\",\"potentialAction\":[{\"@type\":\"SearchAction\",\"target\":{\"@type\":\"EntryPoint\",\"urlTemplate\":\"https:\\\/\\\/www.coach-hunter.com\\\/content\\\/?s={search_term_string}\"},\"query-input\":{\"@type\":\"PropertyValueSpecification\",\"valueRequired\":true,\"valueName\":\"search_term_string\"}}],\"inLanguage\":\"fr-FR\"}]}<\/script>\n<!-- \/ Yoast SEO plugin. -->","yoast_head_json":{"title":"Comment trouver le temps de faire du sport r\u00e9guli\u00e8rement ?","description":"Entre travail et vie de famille, il n'est pas simple de trouver le temps de faire du sport. On vous conseille pour optimiser votre planning !","robots":{"index":"index","follow":"follow","max-snippet":"max-snippet:-1","max-image-preview":"max-image-preview:large","max-video-preview":"max-video-preview:-1"},"canonical":"https:\/\/www.coach-hunter.com\/content\/trouver-le-temps-de-faire-du-sport\/","og_locale":"fr_FR","og_type":"article","og_title":"Comment trouver le temps de faire du sport r\u00e9guli\u00e8rement ?","og_description":"Entre travail et vie de famille, il n'est pas simple de trouver le temps de faire du sport. On vous conseille pour optimiser votre planning !","og_url":"https:\/\/www.coach-hunter.com\/content\/trouver-le-temps-de-faire-du-sport\/","og_site_name":"Blog Coach Hunter","article_modified_time":"2025-04-25T09:21:10+00:00","og_image":[{"width":1000,"height":667,"url":"https:\/\/www.coach-hunter.com\/content\/wp-content\/uploads\/2023\/10\/trouver-le-temps-de-faire-du-sport-1.jpg","type":"image\/jpeg"}],"twitter_card":"summary_large_image","twitter_misc":{"Dur\u00e9e de lecture estim\u00e9e":"5 minutes"},"schema":{"@context":"https:\/\/schema.org","@graph":[{"@type":"WebPage","@id":"https:\/\/www.coach-hunter.com\/content\/trouver-le-temps-de-faire-du-sport\/","url":"https:\/\/www.coach-hunter.com\/content\/trouver-le-temps-de-faire-du-sport\/","name":"Comment trouver le temps de faire du sport r\u00e9guli\u00e8rement ?","isPartOf":{"@id":"https:\/\/www.coach-hunter.com\/content\/#website"},"primaryImageOfPage":{"@id":"https:\/\/www.coach-hunter.com\/content\/trouver-le-temps-de-faire-du-sport\/#primaryimage"},"image":{"@id":"https:\/\/www.coach-hunter.com\/content\/trouver-le-temps-de-faire-du-sport\/#primaryimage"},"thumbnailUrl":"https:\/\/www.coach-hunter.com\/content\/wp-content\/uploads\/2023\/10\/trouver-le-temps-de-faire-du-sport-1.jpg","datePublished":"2023-10-20T13:41:39+00:00","dateModified":"2025-04-25T09:21:10+00:00","description":"Entre travail et vie de famille, il n'est pas simple de trouver le temps de faire du sport. On vous conseille pour optimiser votre planning !","breadcrumb":{"@id":"https:\/\/www.coach-hunter.com\/content\/trouver-le-temps-de-faire-du-sport\/#breadcrumb"},"inLanguage":"fr-FR","potentialAction":[{"@type":"ReadAction","target":["https:\/\/www.coach-hunter.com\/content\/trouver-le-temps-de-faire-du-sport\/"]}]},{"@type":"ImageObject","inLanguage":"fr-FR","@id":"https:\/\/www.coach-hunter.com\/content\/trouver-le-temps-de-faire-du-sport\/#primaryimage","url":"https:\/\/www.coach-hunter.com\/content\/wp-content\/uploads\/2023\/10\/trouver-le-temps-de-faire-du-sport-1.jpg","contentUrl":"https:\/\/www.coach-hunter.com\/content\/wp-content\/uploads\/2023\/10\/trouver-le-temps-de-faire-du-sport-1.jpg","width":1000,"height":667},{"@type":"BreadcrumbList","@id":"https:\/\/www.coach-hunter.com\/content\/trouver-le-temps-de-faire-du-sport\/#breadcrumb","itemListElement":[{"@type":"ListItem","position":1,"name":"Accueil","item":"https:\/\/www.coach-hunter.com\/content\/"},{"@type":"ListItem","position":2,"name":"Trouver le temps de faire du sport : nos astuces !"}]},{"@type":"WebSite","@id":"https:\/\/www.coach-hunter.com\/content\/#website","url":"https:\/\/www.coach-hunter.com\/content\/","name":"Blog Coach Hunter","description":"","potentialAction":[{"@type":"SearchAction","target":{"@type":"EntryPoint","urlTemplate":"https:\/\/www.coach-hunter.com\/content\/?s={search_term_string}"},"query-input":{"@type":"PropertyValueSpecification","valueRequired":true,"valueName":"search_term_string"}}],"inLanguage":"fr-FR"}]}},"_links":{"self":[{"href":"https:\/\/www.coach-hunter.com\/content\/wp-json\/wp\/v2\/pages\/2124","targetHints":{"allow":["GET"]}}],"collection":[{"href":"https:\/\/www.coach-hunter.com\/content\/wp-json\/wp\/v2\/pages"}],"about":[{"href":"https:\/\/www.coach-hunter.com\/content\/wp-json\/wp\/v2\/types\/page"}],"author":[{"embeddable":true,"href":"https:\/\/www.coach-hunter.com\/content\/wp-json\/wp\/v2\/users\/2"}],"replies":[{"embeddable":true,"href":"https:\/\/www.coach-hunter.com\/content\/wp-json\/wp\/v2\/comments?post=2124"}],"version-history":[{"count":5,"href":"https:\/\/www.coach-hunter.com\/content\/wp-json\/wp\/v2\/pages\/2124\/revisions"}],"predecessor-version":[{"id":2218,"href":"https:\/\/www.coach-hunter.com\/content\/wp-json\/wp\/v2\/pages\/2124\/revisions\/2218"}],"wp:attachment":[{"href":"https:\/\/www.coach-hunter.com\/content\/wp-json\/wp\/v2\/media?parent=2124"}],"curies":[{"name":"wp","href":"https:\/\/api.w.org\/{rel}","templated":true}]}}