{"id":2114,"date":"2023-03-03T08:25:14","date_gmt":"2023-03-03T08:25:14","guid":{"rendered":"https:\/\/www.coach-hunter.com\/content\/?page_id=2114"},"modified":"2024-05-17T14:57:25","modified_gmt":"2024-05-17T14:57:25","slug":"sport-sommeil","status":"publish","type":"page","link":"https:\/\/www.coach-hunter.com\/content\/sport-sommeil\/","title":{"rendered":"Sport et sommeil : comment mieux performer gr\u00e2ce au repos"},"content":{"rendered":"\n<p><strong>Sport et sommeil<\/strong> sont intimement li\u00e9s ! Votre <a class=\"callAction\" href=\"https:\/\/www.coach-hunter.com\/content\/sante\/\">coach sant\u00e9<\/a> pourra en attester : l&rsquo;un est le bienfaiteur de l&rsquo;autre. D&rsquo;un c\u00f4t\u00e9, l&rsquo;activit\u00e9 physique est excellente pour le sommeil. De l&rsquo;autre, le repos est indispensable pour avoir de l&rsquo;\u00e9nergie \u00e0 d\u00e9penser.<\/p>\n\n\n\n<figure class=\"wp-block-image size-large\"><img loading=\"lazy\" decoding=\"async\" width=\"1024\" height=\"576\" src=\"https:\/\/www.coach-hunter.com\/content\/wp-content\/uploads\/2023\/10\/sommeilsport-1024x576.jpg\" alt=\"Une sportive qui dort dans son lit.\" class=\"wp-image-2137\" srcset=\"https:\/\/www.coach-hunter.com\/content\/wp-content\/uploads\/2023\/10\/sommeilsport-1024x576.jpg 1024w, https:\/\/www.coach-hunter.com\/content\/wp-content\/uploads\/2023\/10\/sommeilsport-300x169.jpg 300w, https:\/\/www.coach-hunter.com\/content\/wp-content\/uploads\/2023\/10\/sommeilsport-768x432.jpg 768w, https:\/\/www.coach-hunter.com\/content\/wp-content\/uploads\/2023\/10\/sommeilsport-1200x675.jpg 1200w, https:\/\/www.coach-hunter.com\/content\/wp-content\/uploads\/2023\/10\/sommeilsport.jpg 1440w\" sizes=\"auto, (max-width: 709px) 85vw, (max-width: 909px) 67vw, (max-width: 1362px) 62vw, 840px\" \/><\/figure>\n\n\n\n<h2 class=\"wp-block-heading\">L&rsquo;activit\u00e9 physique et ses bienfaits sur le sommeil<\/h2>\n\n\n\n<p>Vous souffrez de troubles du sommeil ? Il se peut que le sport puisse contribuer \u00e0 vous aider ! <\/p>\n\n\n\n<p>En effet, l&rsquo;une des principales hormones li\u00e9es au sommeil, la <strong>m\u00e9latonine<\/strong>, augmenterait lorsque la personne s&rsquo;est adonn\u00e9e au sport dans la journ\u00e9e. Par cons\u00e9quent, le cycle du sommeil est mieux r\u00e9gul\u00e9, et l&rsquo;on s&rsquo;endort plus rapidement. C&rsquo;est donc id\u00e9al pour les personnes qui ont des difficult\u00e9s \u00e0 s&rsquo;endormir ou qui ont des cycles de sommeil perturb\u00e9s (r\u00e9veils dans la nuit, heures de coucher irr\u00e9guli\u00e8res&#8230;).<\/p>\n\n\n\n<p>Par ailleurs, les principaux probl\u00e8mes touchant le sommeil, \u00e0 l&rsquo;image de l&rsquo;insomnie, sont directement li\u00e9s \u00e0 des troubles sur le plan psychique, comme <strong>le stress et l&rsquo;anxi\u00e9t\u00e9<\/strong>. Or, il appara\u00eet que pratiquer une activit\u00e9 physique r\u00e9guli\u00e8re contribuerait \u00e0 lutter contre ces derniers ! Gr\u00e2ce encore une fois aux hormones produites durant l&rsquo;effort et au plaisir retir\u00e9 dans la pratique du sport, vous pourriez vous sentir mieux dans votre corps comme dans votre esprit. Ce qui ne peut \u00eatre que favorable au sommeil !<\/p>\n\n\n\n<p>N\u00e9anmoins, d&rsquo;apr\u00e8s certaines \u00e9tudes, le sport de haut niveau et ses exigences pourraient aussi avoir l&rsquo;effet inverse. Ainsi, il pourrait s&rsquo;av\u00e9rer n\u00e9faste sur le repos. Si l&rsquo;activit\u00e9 physique est trop intense et  ource de stress, elle peut aussi donner lieu \u00e0 des troubles du sommeil. Il faut donc \u00eatre vigilant sur le respect de son m\u00e9tabolisme, et faire du sport un moment de plaisir !<\/p>\n\n\n\n<h2 class=\"wp-block-heading\">Sport et sommeil : l&rsquo;importance du repos pour la performance<\/h2>\n\n\n\n<p>Il n&rsquo;y a pas que le sport qui fait du bien au sommeil, il s&rsquo;agit d&rsquo;influences r\u00e9ciproques ! <br>En effet, puisque <strong>le sommeil permet de r\u00e9cup\u00e9rer des efforts<\/strong> et de la d\u00e9pense en \u00e9nergie fournie dans la journ\u00e9e, il est d&rsquo;autant plus important lorsqu&rsquo;on a fait du sport <sup>2<\/sup>. Cela, ind\u00e9pendamment du type de sport pratiqu\u00e9 ! <\/p>\n\n\n\n<p>Pourtant, d&rsquo;apr\u00e8s une \u00e9tude de l&rsquo;Universit\u00e9 de Manipal (voir ci-dessous), il appara\u00eetrait que la plupart des sportifs ne dorment pas suffisamment pour r\u00e9cup\u00e9rer correctement. Cela les exposerait donc \u00e0 des risques de blessures et freinerait leurs <strong>performances<\/strong>. <br>Cette \u00e9tude en vient \u00e0 conclusion que pour performer au mieux, un sommeil allong\u00e9 et de qualit\u00e9 est pr\u00e9conis\u00e9. Ils mettent alors en avant l&rsquo;importance de former les entraineurs en mati\u00e8re de sommeil. <\/p>\n\n\n\n<p>N&rsquo;h\u00e9sitez pas \u00e0 vous adresser \u00e0 votre <strong>coach sant\u00e9<\/strong> pour savoir si vos habitudes sont optimales !<\/p>\n\n\n\n<h3 class=\"wp-block-heading\">Comment mieux dormir pour performer et bien r\u00e9cup\u00e9rer<\/h3>\n\n\n\n<p>Mais finalement, si on a des troubles du sommeil, ou qu&rsquo;on ne dort pas assez, comment y rem\u00e9dier ? Et bien plusieurs \u00e9l\u00e9ments peuvent <strong>vous aider \u00e0 mieux dormir<\/strong>.<\/p>\n\n\n\n<h4 class=\"wp-block-heading\">Sport et sommeil : choisir la bonne literie<\/h4>\n\n\n\n<p>On ne le r\u00e9p\u00e8tera jamais assez : il est primordial d&rsquo;avoir <strong>un bon matelas<\/strong>. On le sait tous et pourtant, nous sommes encore nombreux \u00e0 le n\u00e9gliger, en privil\u00e9giant un matelas peu on\u00e9reux \u00e0 une literie qualitative. Pourtant, vous pouvez trouver de bons matelas, m\u00eame si vous avez un budget limit\u00e9 !<\/p>\n\n\n\n<p>Non seulement cela vous permettra de dormir confortablement, mais aussi d&rsquo;<strong>\u00e9viter les douleurs musculaires<\/strong> ! Vous constaterez rapidement la diff\u00e9rence sur la qualit\u00e9 de votre sommeil selon votre matelas. <br>Pour le mod\u00e8le \u00e0 privil\u00e9gier, cela d\u00e9pend de tout un tas de facteur. La fermet\u00e9 va ainsi varier d&rsquo;un individu \u00e0 l&rsquo;autre, tout comme la mati\u00e8re utilis\u00e9e. Le matelas \u00e0 m\u00e9moire de forme est particuli\u00e8rement populaire. N\u00e9anmoins, les matelas plus classiques, qu&rsquo;ils soient en latex, en mousse ou encore \u00e0 ressorts ne sont pas forc\u00e9ment \u00e0 bannir. <br>En dehors du confort, d&rsquo;autres crit\u00e8res peuvent orienter votre choix, comme l&rsquo;importance de votre sudation (voir <a href=\"https:\/\/www.quechoisir.org\/guide-d-achat-matelas-n10683\/#faut-il-choisir-un-matelas-a-memoire-de-forme\">cet article<\/a>).<\/p>\n\n\n\n<p>Si la bonne qualit\u00e9 du matelas est capitale pour un sommeil r\u00e9parateur, il ne faut pas n\u00e9gliger l&rsquo;importance de l&rsquo;<strong>oreiller<\/strong> pour autant ! <br>En effet, c&rsquo;est ce dernier qui va venir maintenir vos cervicales pendant la nuit. S&rsquo;il n&rsquo;est pas de bonne facture, vous risquez ainsi de souffrir de maux de nuque au r\u00e9veil, ce qui peut \u00eatre probl\u00e9matique pour vos s\u00e9ances de sport \u00e0 venir. Apr\u00e8s avoir pratiqu\u00e9, vous pourrez d&rsquo;ailleurs \u00e9galement souffrir de contractures musculaires \u00e0 l&rsquo;origine de <strong>trigger points<\/strong> d\u00e9sagr\u00e9ables. Ces derniers risquent de perdurer si vous avez un mauvais maintien des cervicales. <br>N\u00e9anmoins, choisir son oreiller n&rsquo;est pas chose ais\u00e9e. \u00c0 m\u00e9moire de forme, ergonomique&#8230; Les prix sont vari\u00e9s et les informations fusent pour d\u00e9fendre telle ou telle mati\u00e8re. Pour y voir un peu plus clair, nous vous proposons de retrouver le guide complet des oreillers sur le site <a href=\"https:\/\/wopilo.com\/pages\/guide-le-meilleur-oreiller\" target=\"_blank\" rel=\"noreferrer noopener\">Wopilo<\/a> !<\/p>\n\n\n\n<h4 class=\"wp-block-heading\">Mettre en place des rituels autour du sommeil<\/h4>\n\n\n\n<p>L&rsquo;\u00e9quipe Coach Hunter va vous sembler vieux jeu, mais c&rsquo;est un fait : l&rsquo;utilisation des \u00e9crans le soir et la nuit peut s&rsquo;av\u00e9rer n\u00e9faste pour le sommeil. <br>Ainsi, une enqu\u00eate de l&rsquo;Observatoire R\u00e9gional de la Sant\u00e9 de l&rsquo;Institut Paris R\u00e9gion constate une augmentation par deux des troubles du sommeil chez les adolescents utilisant des \u00e9crans la nuit d\u00e8s 30 minutes d&rsquo;utilisation <sup>2<\/sup>. Bien s\u00fbr, le risque de souffrir de probl\u00e8mes de sommeils divers (insomnies, privations&#8230;) est exponentiel au fur et \u00e0 mesure que le temps de consommation des \u00e9crans augmentent !<\/p>\n\n\n\n<p>Si internet est une source de distractions et d&rsquo;informations tr\u00e8s int\u00e9ressante, nous vous d\u00e9conseillons donc de surfer depuis votre lit sur les r\u00e9seaux sociaux et autres plateformes de vid\u00e9os. Cela vaut \u00e9galement pour les programmes t\u00e9l\u00e9vis\u00e9s tardifs et autres jeux-vid\u00e9os. <\/p>\n\n\n\n<p>Ainsi, vous pouvez notamment limiter le temps pass\u00e9 devant des \u00e9crans d&rsquo;une fa\u00e7on g\u00e9n\u00e9rale si vous avez des probl\u00e8mes de sommeil. Vous pouvez \u00e9galement vous essayer \u00e0 d&rsquo;autres activit\u00e9s comme la lecture, la m\u00e9ditation ou encore le tricot lorsque l&rsquo;heure du coucher approche ! <br>C&rsquo;est d&rsquo;ailleurs l&rsquo;occasion de pratiquer vos petites routines de stretching du soir, \u00e0 base d&rsquo;<a class=\"callAction\" href=\"https:\/\/www.coach-hunter.com\/exercice\/lombaires\/etirement-lombaires-2\">\u00e9tirements lombaires<\/a> et bien d&rsquo;autres. \ud83d\ude09<\/p>\n\n\n\n<h3 class=\"wp-block-heading\">Sources :<\/h3>\n\n\n\n<ol class=\"wp-block-list\">\n<li>B. Chandrasekaran, S. Fernandes, F. Davis, Science du sommeil et performance sportive, Manipal, 2020. Disponible sur <a href=\"https:\/\/manipal.pure.elsevier.com\/en\/publications\/science-du-sommeil-et-performance-sportive\" target=\"_blank\" rel=\"noreferrer noopener\">elsevier.com<\/a>.<\/li>\n\n\n\n<li>ORS, Institut Paris R\u00e9gion, \u00ab Effets des \u00e9crans sur le sommeil des adolescents \u00bb, <em>R\u00e9sultat de l\u2019enqu\u00eate du R\u00e9seau Morph\u00e9e aupr\u00e8s des coll\u00e9giens et lyc\u00e9ens franciliens<\/em>, 2020. Disponible sur <a href=\"https:\/\/www.ors-idf.org\/nos-travaux\/publications\/effets-des-ecrans-sur-le-sommeil-des-adolescents\" target=\"_blank\" rel=\"noreferrer noopener\">ors-idf.org<\/a>.<\/li>\n<\/ol>\n\n\n\n<h2 class=\"wp-block-heading\">Pour approfondir sur le sport sant\u00e9 :<\/h2>\n\n\n\n<ul class=\"wp-block-list\">\n<li>Les bienfaits des <a href=\"https:\/\/www.coach-hunter.com\/content\/plantes-et-sport\/\">plantes chez le sportif<\/a><\/li>\n\n\n\n<li>Les&nbsp;<a href=\"https:\/\/www.coach-hunter.com\/content\/endorphines\/\">endorphines<\/a>&nbsp;et le sport<\/li>\n\n\n\n<li>Les pr\u00e9cautions \u00e0 prendre pour pratiquer son&nbsp;<a href=\"https:\/\/www.coach-hunter.com\/content\/sport-ete\/\">sport l\u2019\u00e9t\u00e9<\/a><\/li>\n<\/ul>\n","protected":false},"excerpt":{"rendered":"<p>Sport et sommeil sont intimement li\u00e9s ! Votre coach sant\u00e9 pourra en attester : l&rsquo;un est le bienfaiteur de l&rsquo;autre. D&rsquo;un c\u00f4t\u00e9, l&rsquo;activit\u00e9 physique est excellente pour le sommeil. De l&rsquo;autre, le repos est indispensable pour avoir de l&rsquo;\u00e9nergie \u00e0 d\u00e9penser. L&rsquo;activit\u00e9 physique et ses bienfaits sur le sommeil Vous souffrez de troubles du sommeil &hellip; <a href=\"https:\/\/www.coach-hunter.com\/content\/sport-sommeil\/\" class=\"more-link\">Continuer la lecture<span class=\"screen-reader-text\"> de &laquo;&nbsp;Sport et sommeil : comment mieux performer gr\u00e2ce au repos&nbsp;&raquo;<\/span><\/a><\/p>\n","protected":false},"author":2,"featured_media":0,"parent":0,"menu_order":0,"comment_status":"closed","ping_status":"closed","template":"","meta":{"footnotes":""},"class_list":["post-2114","page","type-page","status-publish","hentry"],"yoast_head":"<!-- This site is optimized with the Yoast SEO plugin v27.5 - https:\/\/yoast.com\/product\/yoast-seo-wordpress\/ -->\n<title>Sport et sommeil : le r\u00f4le du repos dans l&#039;activit\u00e9 physique<\/title>\n<meta name=\"description\" content=\"L&#039;activit\u00e9 physique favorise le sommeil, tandis que le repos fait perfomer. On vous explique tout ce qui lie sport et sommeil juste ici !\" \/>\n<meta name=\"robots\" content=\"index, follow, max-snippet:-1, max-image-preview:large, max-video-preview:-1\" \/>\n<link rel=\"canonical\" href=\"https:\/\/www.coach-hunter.com\/content\/sport-sommeil\/\" \/>\n<meta property=\"og:locale\" content=\"fr_FR\" \/>\n<meta property=\"og:type\" content=\"article\" \/>\n<meta property=\"og:title\" content=\"Sport et sommeil : le r\u00f4le du repos dans l&#039;activit\u00e9 physique\" \/>\n<meta property=\"og:description\" content=\"L&#039;activit\u00e9 physique favorise le sommeil, tandis que le repos fait perfomer. On vous explique tout ce qui lie sport et sommeil juste ici !\" \/>\n<meta property=\"og:url\" content=\"https:\/\/www.coach-hunter.com\/content\/sport-sommeil\/\" \/>\n<meta property=\"og:site_name\" content=\"Blog Coach Hunter\" \/>\n<meta property=\"article:modified_time\" content=\"2024-05-17T14:57:25+00:00\" \/>\n<meta property=\"og:image\" content=\"https:\/\/www.coach-hunter.com\/content\/wp-content\/uploads\/2023\/10\/sommeilsport-1024x576.jpg\" \/>\n<meta name=\"twitter:card\" content=\"summary_large_image\" \/>\n<meta name=\"twitter:label1\" content=\"Dur\u00e9e de lecture estim\u00e9e\" \/>\n\t<meta name=\"twitter:data1\" content=\"6 minutes\" \/>\n<script type=\"application\/ld+json\" class=\"yoast-schema-graph\">{\"@context\":\"https:\\\/\\\/schema.org\",\"@graph\":[{\"@type\":\"WebPage\",\"@id\":\"https:\\\/\\\/www.coach-hunter.com\\\/content\\\/sport-sommeil\\\/\",\"url\":\"https:\\\/\\\/www.coach-hunter.com\\\/content\\\/sport-sommeil\\\/\",\"name\":\"Sport et sommeil : le r\u00f4le du repos dans l'activit\u00e9 physique\",\"isPartOf\":{\"@id\":\"https:\\\/\\\/www.coach-hunter.com\\\/content\\\/#website\"},\"primaryImageOfPage\":{\"@id\":\"https:\\\/\\\/www.coach-hunter.com\\\/content\\\/sport-sommeil\\\/#primaryimage\"},\"image\":{\"@id\":\"https:\\\/\\\/www.coach-hunter.com\\\/content\\\/sport-sommeil\\\/#primaryimage\"},\"thumbnailUrl\":\"https:\\\/\\\/www.coach-hunter.com\\\/content\\\/wp-content\\\/uploads\\\/2023\\\/10\\\/sommeilsport-1024x576.jpg\",\"datePublished\":\"2023-03-03T08:25:14+00:00\",\"dateModified\":\"2024-05-17T14:57:25+00:00\",\"description\":\"L'activit\u00e9 physique favorise le sommeil, tandis que le repos fait perfomer. On vous explique tout ce qui lie sport et sommeil juste ici !\",\"breadcrumb\":{\"@id\":\"https:\\\/\\\/www.coach-hunter.com\\\/content\\\/sport-sommeil\\\/#breadcrumb\"},\"inLanguage\":\"fr-FR\",\"potentialAction\":[{\"@type\":\"ReadAction\",\"target\":[\"https:\\\/\\\/www.coach-hunter.com\\\/content\\\/sport-sommeil\\\/\"]}]},{\"@type\":\"ImageObject\",\"inLanguage\":\"fr-FR\",\"@id\":\"https:\\\/\\\/www.coach-hunter.com\\\/content\\\/sport-sommeil\\\/#primaryimage\",\"url\":\"https:\\\/\\\/www.coach-hunter.com\\\/content\\\/wp-content\\\/uploads\\\/2023\\\/10\\\/sommeilsport.jpg\",\"contentUrl\":\"https:\\\/\\\/www.coach-hunter.com\\\/content\\\/wp-content\\\/uploads\\\/2023\\\/10\\\/sommeilsport.jpg\",\"width\":1440,\"height\":810},{\"@type\":\"BreadcrumbList\",\"@id\":\"https:\\\/\\\/www.coach-hunter.com\\\/content\\\/sport-sommeil\\\/#breadcrumb\",\"itemListElement\":[{\"@type\":\"ListItem\",\"position\":1,\"name\":\"Accueil\",\"item\":\"https:\\\/\\\/www.coach-hunter.com\\\/content\\\/\"},{\"@type\":\"ListItem\",\"position\":2,\"name\":\"Sport et sommeil : comment mieux performer gr\u00e2ce au repos\"}]},{\"@type\":\"WebSite\",\"@id\":\"https:\\\/\\\/www.coach-hunter.com\\\/content\\\/#website\",\"url\":\"https:\\\/\\\/www.coach-hunter.com\\\/content\\\/\",\"name\":\"Blog Coach Hunter\",\"description\":\"\",\"potentialAction\":[{\"@type\":\"SearchAction\",\"target\":{\"@type\":\"EntryPoint\",\"urlTemplate\":\"https:\\\/\\\/www.coach-hunter.com\\\/content\\\/?s={search_term_string}\"},\"query-input\":{\"@type\":\"PropertyValueSpecification\",\"valueRequired\":true,\"valueName\":\"search_term_string\"}}],\"inLanguage\":\"fr-FR\"}]}<\/script>\n<!-- \/ Yoast SEO plugin. -->","yoast_head_json":{"title":"Sport et sommeil : le r\u00f4le du repos dans l'activit\u00e9 physique","description":"L'activit\u00e9 physique favorise le sommeil, tandis que le repos fait perfomer. On vous explique tout ce qui lie sport et sommeil juste ici !","robots":{"index":"index","follow":"follow","max-snippet":"max-snippet:-1","max-image-preview":"max-image-preview:large","max-video-preview":"max-video-preview:-1"},"canonical":"https:\/\/www.coach-hunter.com\/content\/sport-sommeil\/","og_locale":"fr_FR","og_type":"article","og_title":"Sport et sommeil : le r\u00f4le du repos dans l'activit\u00e9 physique","og_description":"L'activit\u00e9 physique favorise le sommeil, tandis que le repos fait perfomer. On vous explique tout ce qui lie sport et sommeil juste ici !","og_url":"https:\/\/www.coach-hunter.com\/content\/sport-sommeil\/","og_site_name":"Blog Coach Hunter","article_modified_time":"2024-05-17T14:57:25+00:00","og_image":[{"url":"https:\/\/www.coach-hunter.com\/content\/wp-content\/uploads\/2023\/10\/sommeilsport-1024x576.jpg","type":"","width":"","height":""}],"twitter_card":"summary_large_image","twitter_misc":{"Dur\u00e9e de lecture estim\u00e9e":"6 minutes"},"schema":{"@context":"https:\/\/schema.org","@graph":[{"@type":"WebPage","@id":"https:\/\/www.coach-hunter.com\/content\/sport-sommeil\/","url":"https:\/\/www.coach-hunter.com\/content\/sport-sommeil\/","name":"Sport et sommeil : le r\u00f4le du repos dans l'activit\u00e9 physique","isPartOf":{"@id":"https:\/\/www.coach-hunter.com\/content\/#website"},"primaryImageOfPage":{"@id":"https:\/\/www.coach-hunter.com\/content\/sport-sommeil\/#primaryimage"},"image":{"@id":"https:\/\/www.coach-hunter.com\/content\/sport-sommeil\/#primaryimage"},"thumbnailUrl":"https:\/\/www.coach-hunter.com\/content\/wp-content\/uploads\/2023\/10\/sommeilsport-1024x576.jpg","datePublished":"2023-03-03T08:25:14+00:00","dateModified":"2024-05-17T14:57:25+00:00","description":"L'activit\u00e9 physique favorise le sommeil, tandis que le repos fait perfomer. On vous explique tout ce qui lie sport et sommeil juste ici !","breadcrumb":{"@id":"https:\/\/www.coach-hunter.com\/content\/sport-sommeil\/#breadcrumb"},"inLanguage":"fr-FR","potentialAction":[{"@type":"ReadAction","target":["https:\/\/www.coach-hunter.com\/content\/sport-sommeil\/"]}]},{"@type":"ImageObject","inLanguage":"fr-FR","@id":"https:\/\/www.coach-hunter.com\/content\/sport-sommeil\/#primaryimage","url":"https:\/\/www.coach-hunter.com\/content\/wp-content\/uploads\/2023\/10\/sommeilsport.jpg","contentUrl":"https:\/\/www.coach-hunter.com\/content\/wp-content\/uploads\/2023\/10\/sommeilsport.jpg","width":1440,"height":810},{"@type":"BreadcrumbList","@id":"https:\/\/www.coach-hunter.com\/content\/sport-sommeil\/#breadcrumb","itemListElement":[{"@type":"ListItem","position":1,"name":"Accueil","item":"https:\/\/www.coach-hunter.com\/content\/"},{"@type":"ListItem","position":2,"name":"Sport et sommeil : comment mieux performer gr\u00e2ce au repos"}]},{"@type":"WebSite","@id":"https:\/\/www.coach-hunter.com\/content\/#website","url":"https:\/\/www.coach-hunter.com\/content\/","name":"Blog Coach Hunter","description":"","potentialAction":[{"@type":"SearchAction","target":{"@type":"EntryPoint","urlTemplate":"https:\/\/www.coach-hunter.com\/content\/?s={search_term_string}"},"query-input":{"@type":"PropertyValueSpecification","valueRequired":true,"valueName":"search_term_string"}}],"inLanguage":"fr-FR"}]}},"_links":{"self":[{"href":"https:\/\/www.coach-hunter.com\/content\/wp-json\/wp\/v2\/pages\/2114","targetHints":{"allow":["GET"]}}],"collection":[{"href":"https:\/\/www.coach-hunter.com\/content\/wp-json\/wp\/v2\/pages"}],"about":[{"href":"https:\/\/www.coach-hunter.com\/content\/wp-json\/wp\/v2\/types\/page"}],"author":[{"embeddable":true,"href":"https:\/\/www.coach-hunter.com\/content\/wp-json\/wp\/v2\/users\/2"}],"replies":[{"embeddable":true,"href":"https:\/\/www.coach-hunter.com\/content\/wp-json\/wp\/v2\/comments?post=2114"}],"version-history":[{"count":5,"href":"https:\/\/www.coach-hunter.com\/content\/wp-json\/wp\/v2\/pages\/2114\/revisions"}],"predecessor-version":[{"id":2174,"href":"https:\/\/www.coach-hunter.com\/content\/wp-json\/wp\/v2\/pages\/2114\/revisions\/2174"}],"wp:attachment":[{"href":"https:\/\/www.coach-hunter.com\/content\/wp-json\/wp\/v2\/media?parent=2114"}],"curies":[{"name":"wp","href":"https:\/\/api.w.org\/{rel}","templated":true}]}}