{"id":1953,"date":"2020-11-24T12:12:48","date_gmt":"2020-11-24T12:12:48","guid":{"rendered":"https:\/\/www.coach-hunter.com\/content\/?page_id=1953"},"modified":"2024-12-04T15:12:11","modified_gmt":"2024-12-04T15:12:11","slug":"statut-juridique-coach-sportif","status":"publish","type":"page","link":"https:\/\/www.coach-hunter.com\/content\/statut-juridique-coach-sportif\/","title":{"rendered":"Le statut juridique de coach sportif avec Coach Hunter"},"content":{"rendered":"\n<p>Si votre projet professionnel est de <a class=\"callAction\" href=\"https:\/\/www.coach-hunter.com\/devenir-coach-sportif\">devenir coach sportif<\/a>, il vous faut aussi r\u00e9fl\u00e9chir \u00e0 l&rsquo;organisation de votre activit\u00e9. En outre, il existe diff\u00e9rents types de <strong>statut juridique coach sportif<\/strong>. <br>Le plus courant est celui d&rsquo;<strong>auto entrepreneur<\/strong> car il simplifie toutes les <strong>d\u00e9marches administratives<\/strong>. Toutefois, si vous n&rsquo;\u00eates pas coach sportif \u00e0 temps plein, le statut de <strong>salari\u00e9 <\/strong>pourrait vous faciliter la vie. Une <strong>agence <\/strong>sp\u00e9cialis\u00e9e dans le <strong>coaching sportif<\/strong> s&rsquo;occupera alors de toutes les d\u00e9marches \u00e0 votre place.<br>Enfin, avec <strong>Coach Hunter<\/strong>, vous pourrez <strong>exercer le m\u00e9tier de coach sportif<\/strong> quel que soit votre statut juridique !<\/p>\n\n\n\n<div class='flexo'><div class=\"lames2\">\n\n\n\n<h2 class=\"wp-block-heading\">Un statut juridique pour coach sportif courant : l&rsquo;auto entreprise<\/h2>\n\n\n<div class=\"wp-block-image\">\n<figure class=\"aligncenter size-large\"><img loading=\"lazy\" decoding=\"async\" width=\"626\" height=\"417\" src=\"https:\/\/www.coach-hunter.com\/content\/wp-content\/uploads\/2020\/11\/statut-juridique-coach-sportif-2-1.jpg\" alt=\"statut juridique coach sportif \" class=\"wp-image-1956\" srcset=\"https:\/\/www.coach-hunter.com\/content\/wp-content\/uploads\/2020\/11\/statut-juridique-coach-sportif-2-1.jpg 626w, https:\/\/www.coach-hunter.com\/content\/wp-content\/uploads\/2020\/11\/statut-juridique-coach-sportif-2-1-300x200.jpg 300w\" sizes=\"auto, (max-width: 626px) 85vw, 626px\" \/><\/figure>\n<\/div>\n\n\n<p>Aujourd&rsquo;hui, la grande majorit\u00e9 des coachs sportifs sont des auto entrepreneurs. En fait, il s&rsquo;agit d&rsquo;un statut juridique simplifi\u00e9, cr\u00e9\u00e9 par l&rsquo;Etat pour promouvoir l&rsquo;entreprenariat. Pour cr\u00e9er une&nbsp;<strong>micro entreprise<\/strong>, nul besoin d&rsquo;\u00eatre un expert en droit ou en comptabilit\u00e9. L&rsquo;<a href=\"https:\/\/www.autoentrepreneur.urssaf.fr\/portail\/accueil\/creer-mon-auto-entreprise2.html\" target=\"_blank\" rel=\"noreferrer noopener\">URSSAF<\/a> ne demande que quelques <strong>justificatifs <\/strong>classiques avec le <strong>formulaire d&rsquo;inscription<\/strong>.<br><br>Le statut d&rsquo;auto entrepreneur a aussi fusionn\u00e9 en 2016 (<strong>Loi Pinel<\/strong>) avec le statut de <strong>micro entrepreneur<\/strong>. Il n&rsquo;existe donc plus qu&rsquo;un seul statut correspondant \u00e0 cette description, ce qui \u00e9vite toute confusion.<br><br>Par ailleurs, les <strong>coachs sportifs autoentrepreneurs<\/strong> n&rsquo;ont que peu d&rsquo;obligations inh\u00e9rentes au fonctionnement de leur activit\u00e9. En d&rsquo;autres termes, le professionnel devra seulement d\u00e9clarer son chiffre d\u2019affaires chaque ann\u00e9e, et fournir une comptabilit\u00e9 basique de ses <strong>\u00e9changes mon\u00e9taires<\/strong>.<\/p>\n\n\n\n<h3 class=\"wp-block-heading\">Un statut juridique comp\u00e9titif<\/h3>\n\n\n\n<p>Les <strong>charges sociales<\/strong> sont calcul\u00e9es sur les recettes mensuelles. Elles peuvent \u00eatre pay\u00e9es \u00e0 la fin de chaque mois ou trimestre selon vos possibilit\u00e9s financi\u00e8res.<br>En ce qui concerne la <strong>TVA <\/strong>li\u00e9e aux prestations de service, elle ne concerne tout simplement pas les auto entrepreneurs. Leurs prix sont donc <strong>Hors Taxe<\/strong>, ce qui rend ses services <strong>comp\u00e9titifs<\/strong>, avec 20% de moins.<\/p>\n\n\n\n<p>Aussi, lorsque l&rsquo;on est un coach sportif dipl\u00f4m\u00e9 du <strong>Brevet Professionnel de la Jeunesse, de l&rsquo;Education populaire et du sport<\/strong> (BPJEPS), on peut \u00eatre tent\u00e9 par le <strong>statut d&rsquo; auto entreprise<\/strong> pour exercer en salles de sport. Et ces derni\u00e8res pr\u00e9f\u00e8reraient vous embaucher sous ce statut, compte tenu de votre comp\u00e9titivit\u00e9.<br>Toutefois, la loi est claire \u00e0 ce sujet. Vis-\u00e0-vis de l&rsquo;URSSAF, votre <strong>lien de subordination<\/strong> envers une entreprise de remise en forme est consid\u00e9r\u00e9 comme du \u00ab\u00a0<strong>salariat d\u00e9guis\u00e9<\/strong>\u00ab\u00a0. <br>De ce fait, attention \u00e0 la <strong>r\u00e9partition de vos activit\u00e9s professionnelles<\/strong> si vous choisissez d&rsquo;\u00eatre auto entrepreneur.<\/p>\n\n\n\n<p>Pour finir, si vous ne souhaitez plus exercer le m\u00e9tier de coach sportif, la <strong>fermeture administrative<\/strong> de votre micro entreprise ne vous coutera rien. Inversement, votre micro entreprise peut \u00e9voluer vers le statut de <strong>soci\u00e9t\u00e9 <\/strong>si votre chiffre d&rsquo;affaire d\u00e9passe<strong> 70 000 \u20ac HT annuels<\/strong>, soit pr\u00e8s de 5 830 euros mensuels.<\/p>\n\n\n\n<h3 class=\"wp-block-heading\">Comment s\u2019assurer lorsqu\u2019on est coach auto-entrepreneur&nbsp;?<\/h3>\n\n\n\n<p>Au-del\u00e0 de ses frais courants, il est important de tenir compte des \u00e9ventuelles charges li\u00e9es \u00e0 des \u00e9v\u00e9nements particuliers. Des impr\u00e9vus peuvent en effet survenir, et pas seulement en p\u00e9riode d\u2019inactivit\u00e9.<\/p>\n\n\n\n<p>Parmi ces derni\u00e8res, certaines peuvent \u00eatre \u00e9vit\u00e9es si vous disposez de la bonne couverture.<\/p>\n\n\n\n<p>Il existe diff\u00e9rents niveaux d\u2019assurances pour le coach sportif. Mais la toute premi\u00e8re \u00e0 laquelle souscrivent la plupart des entra\u00eeneurs est la <a href=\"https:\/\/www.assurup.com\/assurance-professionnelle\/responsabilite-civile-professionnelle\">RC Pro<\/a>, ou Responsabilit\u00e9 Civile Professionnelle. Comme l\u2019indique le site Assurup, il s\u2019agit d\u2019une assurance qui prot\u00e8ge son souscripteur \u00ab&nbsp;en cas de dommages caus\u00e9s \u00e0 un tiers&nbsp;\u00bb. De cette fa\u00e7on, si l\u2019\u00e9l\u00e8ve se blesse pendant le cours, lui et son coach sont couverts.<\/p>\n\n\n\n<p>Il existe de nombreuses situations o\u00f9 la responsabilit\u00e9 civile professionnelle peut \u00eatre sollicit\u00e9e, par exemple&nbsp;:<\/p>\n\n\n\n<ul class=\"wp-block-list\">\n<li>Un \u00e9l\u00e8ve se blesse lors d\u2019une mauvaise r\u00e9ception sur un saut.<\/li>\n\n\n\n<li>Il tombe en se prenant les pieds dans une machine.<\/li>\n\n\n\n<li>Une sangle de suspension d\u00e9fectueuse casse et il chute.<\/li>\n\n\n\n<li>\u00c0 cause d\u2019un manque d\u2019espace, il percute un autre \u00e9l\u00e8ve et le blesse.<\/li>\n<\/ul>\n\n\n\n<p>Par ailleurs, la RC Pro est obligatoire pour de nombreuses professions de la sant\u00e9, du bien-\u00eatre et du service \u00e0 la personne. Le m\u00e9tier d\u2019\u00e9ducateur sportif ind\u00e9pendant est ainsi concern\u00e9 par cette assurance obligatoire (<a href=\"https:\/\/reussirsonbpjeps.com\/assurance-rc-pro-coach-sportif-2\/\">en savoir plus<\/a>). En effet, le Code du Sport stipule \u00e0 l\u2019article L321 que \u00ab&nbsp;les soci\u00e9t\u00e9s sportives souscrivent pour l\u2019exercice de leur activit\u00e9 des garanties d\u2019assurance couvrant leur responsabilit\u00e9 civile (\u2026)&nbsp;\u00bb. Ce dispositif garantit une protection aux pratiquants et responsabilise les \u00e9ducateurs sportifs vis-\u00e0-vis de leur profession.<\/p>\n\n\n\n<\/div><div class=\"lames2\">\n\n\n\n<h2 class=\"wp-block-heading\">Le statut de coach sportif en entreprise individuelle<\/h2>\n\n\n<div class=\"wp-block-image\">\n<figure class=\"aligncenter size-large\"><img loading=\"lazy\" decoding=\"async\" width=\"626\" height=\"417\" src=\"https:\/\/www.coach-hunter.com\/content\/wp-content\/uploads\/2020\/11\/statut-juridique-coach-sportif-3.jpg\" alt=\"statut juridique coach sportif \" class=\"wp-image-1957\" srcset=\"https:\/\/www.coach-hunter.com\/content\/wp-content\/uploads\/2020\/11\/statut-juridique-coach-sportif-3.jpg 626w, https:\/\/www.coach-hunter.com\/content\/wp-content\/uploads\/2020\/11\/statut-juridique-coach-sportif-3-300x200.jpg 300w\" sizes=\"auto, (max-width: 626px) 85vw, 626px\" \/><\/figure>\n<\/div>\n\n\n<p>Si l&rsquo; <strong>activit\u00e9 de coach sportif<\/strong> d\u00e9passe le <strong>chiffre d affaires seuil<\/strong> des auto entrepreneurs, il faut choisir un autre statut juridique. En l&rsquo;esp\u00e8ce, un <strong>coach sportif ind\u00e9pendant<\/strong> devra cr\u00e9er une <strong>entreprise individuelle<\/strong>.<br>Cette derni\u00e8re n&rsquo;est pas compliqu\u00e9e \u00e0 cr\u00e9er, mais elle induit des obligations comptables et fiscales. <br><br>Notamment, le <strong>patrimoine personnel<\/strong> du personal trainer risque d&rsquo;\u00eatre engag\u00e9 si vous n&rsquo;optez pas pour le r\u00e9gime de l&rsquo;<a rel=\"noreferrer noopener\" href=\"https:\/\/www.service-public.fr\/professionnels-entreprises\/vosdroits\/F31498\" target=\"_blank\">EIRL<\/a>. Avec ce dernier, vous devrez d\u00e9clarer un <strong>patrimoine professionnel<\/strong>, qui sera mis en garantie en cas de d\u00e9faillance. L&rsquo;<strong>EIRL<\/strong> est \u00e9galement soumise \u00e0 l <strong>imp\u00f4t sur les soci\u00e9t\u00e9s<\/strong>.<br>Pour tout r\u00e9gime, le <strong>coach sportif en entreprise individuelle<\/strong> doit fournir des bilans comptables r\u00e9guliers.<\/p>\n\n\n\n<h3 class=\"wp-block-heading\">Une contrepartie pour les coachs ind\u00e9pendants<\/h3>\n\n\n\n<p>Des obligations donnant toutefois lieu \u00e0 une contrepartie. Il est possible de <strong>r\u00e9cup\u00e9rer la TVA<\/strong> des achats r\u00e9alis\u00e9s pour <strong>d\u00e9velopper votre activit\u00e9 professionnelle<\/strong>. Dans le cas du coaching sportif, il peut s&rsquo;agir de <strong>mat\u00e9riel d&rsquo;entrainement<\/strong> (TRX, swiss ball, halt\u00e8res, rouleu de massage, electro stimulation &#8230;). <br>Mais aussi, le mat\u00e9riel technologique est d\u00e9sormais un indispensable des <strong>prestataires de services sportifs \u00e0 la personne<\/strong>. En cas de <strong>restrictions de d\u00e9placement<\/strong>, le coach sportif pourra alors <strong>dispenser ses cours en visio conf\u00e9rence<\/strong>.<\/p>\n\n\n\n<p>Le <strong>coach ind\u00e9pendant<\/strong> fixe aussi le tarif de ses prestations comme il le souhaite. N&rsquo;\u00e9tant pas limit\u00e9 par le chiffre d&rsquo;affaire, le professionnel a tout int\u00e9r\u00eat \u00e0 proposer des services plus rares sur le march\u00e9, qu&rsquo;il pourra faire payer plus cher. Le <strong>statut d&rsquo;entreprise individuelle<\/strong> est donc particuli\u00e8rement adapt\u00e9 aux <strong>pratiques sportives<\/strong> de niche, ou aux prestations sp\u00e9ciales voire combin\u00e9es (kin\u00e9sith\u00e9rapie, massages sportifs, pr\u00e9paration physique sportive et nutritionnelle &#8230;).<\/p>\n\n\n\n<\/div><div class=\"lames2\">\n\n\n\n<h2 class=\"wp-block-heading\">Le statut juridique de coach sportif salari\u00e9<\/h2>\n\n\n<div class=\"wp-block-image\">\n<figure class=\"aligncenter size-large\"><img loading=\"lazy\" decoding=\"async\" width=\"626\" height=\"417\" src=\"https:\/\/www.coach-hunter.com\/content\/wp-content\/uploads\/2020\/11\/statut-juridique-coach-sportif.jpg\" alt=\"statut juridique coach sportif \" class=\"wp-image-1958\" srcset=\"https:\/\/www.coach-hunter.com\/content\/wp-content\/uploads\/2020\/11\/statut-juridique-coach-sportif.jpg 626w, https:\/\/www.coach-hunter.com\/content\/wp-content\/uploads\/2020\/11\/statut-juridique-coach-sportif-300x200.jpg 300w\" sizes=\"auto, (max-width: 626px) 85vw, 626px\" \/><\/figure>\n<\/div>\n\n\n<p>Si vous n&rsquo;avez pas envie de <strong>cr\u00e9er votre entreprise<\/strong>, cela s&rsquo;entend. Il est parfois plus simple d&rsquo;<strong>\u00eatre salari\u00e9 <\/strong>lorsque l&rsquo;on cumule deux activit\u00e9s professionnelles diff\u00e9rentes. Dans ce cas, il faudra passer par des agences sp\u00e9cialis\u00e9es dans le coaching sportif.<br>Par exemple, <strong>Ownsport <\/strong>accompagne les <strong>coachs sportifs \u00e0 domicile<\/strong> dans le cadre du <strong>service \u00e0 la personne<\/strong>. Vos clients peuvent alors retrouver 50% des frais d\u00e9pens\u00e9s via un cr\u00e9dit d&rsquo;imp\u00f4t men\u00e9 par l&rsquo;Etat.<\/p>\n\n\n\n<h3 class=\"wp-block-heading\">La s\u00e9curit\u00e9 avec ce statut juridique<\/h3>\n\n\n\n<p>Ici, le coach sportif devra juste fournir une copie de sa carte professionnelle et de ses dipl\u00f4mes. Les agences s&rsquo;occupent aussi de g\u00e9rer les flux mon\u00e9taires, votre r\u00e9mun\u00e9ration, ainsi que les d\u00e9clarations sociales \u00e0 l&rsquo;URSSAF. <br>Seulement, en tant que salari\u00e9, vous ne pourrez fixer votre salaire, contrairement au statut d&rsquo;auto entrepreneur.<\/p>\n\n\n\n<p>Le coach sportif b\u00e9n\u00e9ficie toutefois d&rsquo;une s\u00e9curit\u00e9 en termes d&#8217;emploi. Car si une mission est annul\u00e9e, l&rsquo;agence pourra vous en proposer une autre rapidement. En confiant votre activit\u00e9 \u00e0 une agence centralis\u00e9e, vous aurez plus d&rsquo;opportunit\u00e9s de travail, sans avoir \u00e0 les rechercher.<br>L&rsquo;agence est aussi l&rsquo;interlocuteur privil\u00e9gi\u00e9 de vos clients, et saura trouver des solutions en cas de probl\u00e8me avec ces derniers.<\/p>\n\n\n\n<\/div><\/div>\n\n\n\n<p>Le m\u00e9tier de coach sportif est aussi <strong>polyvalent <\/strong>qu&rsquo;il est <strong>passionnant<\/strong>. En choisissant cette <strong>voie<\/strong>, il vous faudra opter pour l&rsquo;un des trois statuts juridiques pr\u00e9sent\u00e9s. Votre choix d\u00e9pend surtout de votre projet professionnel et de la fa\u00e7on dont vous concevez votre activit\u00e9.<br>Quoi que vous choisissiez, Coach Hunter vous permettra de d\u00e9velopper votre activit\u00e9 professionnelle ais\u00e9ment. La <strong>plateforme <\/strong>vous mettra en relation directe avec des <strong>clients potentiels<\/strong>. Vous pourrez \u00e9changez avec eux pour d\u00e9terminer si la mission propos\u00e9e vous int\u00e9resse ou non.<br>De plus, l&rsquo;<strong>interface<\/strong> propose de nombreuses <strong>applications <\/strong>d\u00e9di\u00e9es au service de coaching sportif.<br>N&rsquo;attendez donc plus pour <strong>rejoindre le r\u00e9seau Coach Hunter<\/strong> !<\/p>\n\n\n\n<h2 class=\"wp-block-heading\">Ressources compl\u00e9mentaires pour les coachs sportifs :<\/h2>\n\n\n\n<ul class=\"wp-block-list\">\n<li><a href=\"https:\/\/www.coach-hunter.com\/content\/diplomes-coach-sportif\/\">Dipl\u00f4mes coach sportif<\/a><\/li>\n\n\n\n<li><a href=\"https:\/\/www.coach-hunter.com\/content\/formation-coach-sportif\/\">Formation coach sportif<\/a><\/li>\n\n\n\n<li><a href=\"https:\/\/www.coach-hunter.com\/content\/assurance-coach-sportif\/\">Assurance coach sportif<\/a><\/li>\n<\/ul>\n","protected":false},"excerpt":{"rendered":"<p>Si votre projet professionnel est de devenir coach sportif, il vous faut aussi r\u00e9fl\u00e9chir \u00e0 l&rsquo;organisation de votre activit\u00e9. En outre, il existe diff\u00e9rents types de statut juridique coach sportif. Le plus courant est celui d&rsquo;auto entrepreneur car il simplifie toutes les d\u00e9marches administratives. Toutefois, si vous n&rsquo;\u00eates pas coach sportif \u00e0 temps plein, le &hellip; <a href=\"https:\/\/www.coach-hunter.com\/content\/statut-juridique-coach-sportif\/\" class=\"more-link\">Continuer la lecture<span class=\"screen-reader-text\"> de &laquo;&nbsp;Le statut juridique de coach sportif avec Coach Hunter&nbsp;&raquo;<\/span><\/a><\/p>\n","protected":false},"author":5,"featured_media":0,"parent":0,"menu_order":0,"comment_status":"closed","ping_status":"closed","template":"","meta":{"footnotes":""},"class_list":["post-1953","page","type-page","status-publish","hentry"],"yoast_head":"<!-- This site is optimized with the Yoast SEO plugin v25.9 - https:\/\/yoast.com\/wordpress\/plugins\/seo\/ -->\n<title>Statut juridique coach sportif \u00e0 adopter selon votre projet professionnel<\/title>\n<meta name=\"description\" content=\"Coach Hunter vous explique quel statut juridique de coach sportif est le plus adapt\u00e9, en fonction de votre activit\u00e9 professionnelle et de vos besoins.\" \/>\n<meta name=\"robots\" content=\"index, follow, max-snippet:-1, max-image-preview:large, max-video-preview:-1\" \/>\n<link rel=\"canonical\" href=\"https:\/\/www.coach-hunter.com\/content\/statut-juridique-coach-sportif\/\" \/>\n<meta property=\"og:locale\" content=\"fr_FR\" \/>\n<meta property=\"og:type\" content=\"article\" \/>\n<meta property=\"og:title\" content=\"Statut juridique coach sportif \u00e0 adopter selon votre projet professionnel\" \/>\n<meta property=\"og:description\" content=\"Coach Hunter vous explique quel statut juridique de coach sportif est le plus adapt\u00e9, en fonction de votre activit\u00e9 professionnelle et de vos besoins.\" \/>\n<meta property=\"og:url\" content=\"https:\/\/www.coach-hunter.com\/content\/statut-juridique-coach-sportif\/\" \/>\n<meta property=\"og:site_name\" content=\"Blog Coach Hunter\" \/>\n<meta property=\"article:modified_time\" content=\"2024-12-04T15:12:11+00:00\" \/>\n<meta property=\"og:image\" content=\"https:\/\/www.coach-hunter.com\/content\/wp-content\/uploads\/2020\/11\/statut-juridique-coach-sportif-2-1.jpg\" \/>\n\t<meta property=\"og:image:width\" content=\"626\" \/>\n\t<meta property=\"og:image:height\" content=\"417\" \/>\n\t<meta property=\"og:image:type\" content=\"image\/jpeg\" \/>\n<meta name=\"twitter:card\" content=\"summary_large_image\" \/>\n<meta name=\"twitter:label1\" content=\"Dur\u00e9e de lecture estim\u00e9e\" \/>\n\t<meta name=\"twitter:data1\" content=\"8 minutes\" \/>\n<script type=\"application\/ld+json\" class=\"yoast-schema-graph\">{\"@context\":\"https:\/\/schema.org\",\"@graph\":[{\"@type\":\"WebPage\",\"@id\":\"https:\/\/www.coach-hunter.com\/content\/statut-juridique-coach-sportif\/\",\"url\":\"https:\/\/www.coach-hunter.com\/content\/statut-juridique-coach-sportif\/\",\"name\":\"Statut juridique coach sportif \u00e0 adopter selon votre projet professionnel\",\"isPartOf\":{\"@id\":\"https:\/\/www.coach-hunter.com\/content\/#website\"},\"primaryImageOfPage\":{\"@id\":\"https:\/\/www.coach-hunter.com\/content\/statut-juridique-coach-sportif\/#primaryimage\"},\"image\":{\"@id\":\"https:\/\/www.coach-hunter.com\/content\/statut-juridique-coach-sportif\/#primaryimage\"},\"thumbnailUrl\":\"https:\/\/www.coach-hunter.com\/content\/wp-content\/uploads\/2020\/11\/statut-juridique-coach-sportif-2-1.jpg\",\"datePublished\":\"2020-11-24T12:12:48+00:00\",\"dateModified\":\"2024-12-04T15:12:11+00:00\",\"description\":\"Coach Hunter vous explique quel statut juridique de coach sportif est le plus adapt\u00e9, en fonction de votre activit\u00e9 professionnelle et de vos besoins.\",\"breadcrumb\":{\"@id\":\"https:\/\/www.coach-hunter.com\/content\/statut-juridique-coach-sportif\/#breadcrumb\"},\"inLanguage\":\"fr-FR\",\"potentialAction\":[{\"@type\":\"ReadAction\",\"target\":[\"https:\/\/www.coach-hunter.com\/content\/statut-juridique-coach-sportif\/\"]}]},{\"@type\":\"ImageObject\",\"inLanguage\":\"fr-FR\",\"@id\":\"https:\/\/www.coach-hunter.com\/content\/statut-juridique-coach-sportif\/#primaryimage\",\"url\":\"https:\/\/www.coach-hunter.com\/content\/wp-content\/uploads\/2020\/11\/statut-juridique-coach-sportif-2-1.jpg\",\"contentUrl\":\"https:\/\/www.coach-hunter.com\/content\/wp-content\/uploads\/2020\/11\/statut-juridique-coach-sportif-2-1.jpg\",\"width\":626,\"height\":417},{\"@type\":\"BreadcrumbList\",\"@id\":\"https:\/\/www.coach-hunter.com\/content\/statut-juridique-coach-sportif\/#breadcrumb\",\"itemListElement\":[{\"@type\":\"ListItem\",\"position\":1,\"name\":\"Accueil\",\"item\":\"https:\/\/www.coach-hunter.com\/content\/\"},{\"@type\":\"ListItem\",\"position\":2,\"name\":\"Le statut juridique de coach sportif avec Coach Hunter\"}]},{\"@type\":\"WebSite\",\"@id\":\"https:\/\/www.coach-hunter.com\/content\/#website\",\"url\":\"https:\/\/www.coach-hunter.com\/content\/\",\"name\":\"Blog Coach Hunter\",\"description\":\"\",\"potentialAction\":[{\"@type\":\"SearchAction\",\"target\":{\"@type\":\"EntryPoint\",\"urlTemplate\":\"https:\/\/www.coach-hunter.com\/content\/?s={search_term_string}\"},\"query-input\":{\"@type\":\"PropertyValueSpecification\",\"valueRequired\":true,\"valueName\":\"search_term_string\"}}],\"inLanguage\":\"fr-FR\"}]}<\/script>\n<!-- \/ Yoast SEO plugin. -->","yoast_head_json":{"title":"Statut juridique coach sportif \u00e0 adopter selon votre projet professionnel","description":"Coach Hunter vous explique quel statut juridique de coach sportif est le plus adapt\u00e9, en fonction de votre activit\u00e9 professionnelle et de vos besoins.","robots":{"index":"index","follow":"follow","max-snippet":"max-snippet:-1","max-image-preview":"max-image-preview:large","max-video-preview":"max-video-preview:-1"},"canonical":"https:\/\/www.coach-hunter.com\/content\/statut-juridique-coach-sportif\/","og_locale":"fr_FR","og_type":"article","og_title":"Statut juridique coach sportif \u00e0 adopter selon votre projet professionnel","og_description":"Coach Hunter vous explique quel statut juridique de coach sportif est le plus adapt\u00e9, en fonction de votre activit\u00e9 professionnelle et de vos besoins.","og_url":"https:\/\/www.coach-hunter.com\/content\/statut-juridique-coach-sportif\/","og_site_name":"Blog Coach Hunter","article_modified_time":"2024-12-04T15:12:11+00:00","og_image":[{"width":626,"height":417,"url":"https:\/\/www.coach-hunter.com\/content\/wp-content\/uploads\/2020\/11\/statut-juridique-coach-sportif-2-1.jpg","type":"image\/jpeg"}],"twitter_card":"summary_large_image","twitter_misc":{"Dur\u00e9e de lecture estim\u00e9e":"8 minutes"},"schema":{"@context":"https:\/\/schema.org","@graph":[{"@type":"WebPage","@id":"https:\/\/www.coach-hunter.com\/content\/statut-juridique-coach-sportif\/","url":"https:\/\/www.coach-hunter.com\/content\/statut-juridique-coach-sportif\/","name":"Statut juridique coach sportif \u00e0 adopter selon votre projet professionnel","isPartOf":{"@id":"https:\/\/www.coach-hunter.com\/content\/#website"},"primaryImageOfPage":{"@id":"https:\/\/www.coach-hunter.com\/content\/statut-juridique-coach-sportif\/#primaryimage"},"image":{"@id":"https:\/\/www.coach-hunter.com\/content\/statut-juridique-coach-sportif\/#primaryimage"},"thumbnailUrl":"https:\/\/www.coach-hunter.com\/content\/wp-content\/uploads\/2020\/11\/statut-juridique-coach-sportif-2-1.jpg","datePublished":"2020-11-24T12:12:48+00:00","dateModified":"2024-12-04T15:12:11+00:00","description":"Coach Hunter vous explique quel statut juridique de coach sportif est le plus adapt\u00e9, en fonction de votre activit\u00e9 professionnelle et de vos besoins.","breadcrumb":{"@id":"https:\/\/www.coach-hunter.com\/content\/statut-juridique-coach-sportif\/#breadcrumb"},"inLanguage":"fr-FR","potentialAction":[{"@type":"ReadAction","target":["https:\/\/www.coach-hunter.com\/content\/statut-juridique-coach-sportif\/"]}]},{"@type":"ImageObject","inLanguage":"fr-FR","@id":"https:\/\/www.coach-hunter.com\/content\/statut-juridique-coach-sportif\/#primaryimage","url":"https:\/\/www.coach-hunter.com\/content\/wp-content\/uploads\/2020\/11\/statut-juridique-coach-sportif-2-1.jpg","contentUrl":"https:\/\/www.coach-hunter.com\/content\/wp-content\/uploads\/2020\/11\/statut-juridique-coach-sportif-2-1.jpg","width":626,"height":417},{"@type":"BreadcrumbList","@id":"https:\/\/www.coach-hunter.com\/content\/statut-juridique-coach-sportif\/#breadcrumb","itemListElement":[{"@type":"ListItem","position":1,"name":"Accueil","item":"https:\/\/www.coach-hunter.com\/content\/"},{"@type":"ListItem","position":2,"name":"Le statut juridique de coach sportif avec Coach Hunter"}]},{"@type":"WebSite","@id":"https:\/\/www.coach-hunter.com\/content\/#website","url":"https:\/\/www.coach-hunter.com\/content\/","name":"Blog Coach Hunter","description":"","potentialAction":[{"@type":"SearchAction","target":{"@type":"EntryPoint","urlTemplate":"https:\/\/www.coach-hunter.com\/content\/?s={search_term_string}"},"query-input":{"@type":"PropertyValueSpecification","valueRequired":true,"valueName":"search_term_string"}}],"inLanguage":"fr-FR"}]}},"_links":{"self":[{"href":"https:\/\/www.coach-hunter.com\/content\/wp-json\/wp\/v2\/pages\/1953","targetHints":{"allow":["GET"]}}],"collection":[{"href":"https:\/\/www.coach-hunter.com\/content\/wp-json\/wp\/v2\/pages"}],"about":[{"href":"https:\/\/www.coach-hunter.com\/content\/wp-json\/wp\/v2\/types\/page"}],"author":[{"embeddable":true,"href":"https:\/\/www.coach-hunter.com\/content\/wp-json\/wp\/v2\/users\/5"}],"replies":[{"embeddable":true,"href":"https:\/\/www.coach-hunter.com\/content\/wp-json\/wp\/v2\/comments?post=1953"}],"version-history":[{"count":6,"href":"https:\/\/www.coach-hunter.com\/content\/wp-json\/wp\/v2\/pages\/1953\/revisions"}],"predecessor-version":[{"id":2204,"href":"https:\/\/www.coach-hunter.com\/content\/wp-json\/wp\/v2\/pages\/1953\/revisions\/2204"}],"wp:attachment":[{"href":"https:\/\/www.coach-hunter.com\/content\/wp-json\/wp\/v2\/media?parent=1953"}],"curies":[{"name":"wp","href":"https:\/\/api.w.org\/{rel}","templated":true}]}}