{"id":1858,"date":"2020-11-23T12:37:29","date_gmt":"2020-11-23T12:37:29","guid":{"rendered":"https:\/\/www.coach-hunter.com\/content\/?page_id=1858"},"modified":"2020-11-23T12:37:29","modified_gmt":"2020-11-23T12:37:29","slug":"formation-zumba","status":"publish","type":"page","link":"https:\/\/www.coach-hunter.com\/content\/formation-zumba\/","title":{"rendered":"Une formation Zumba\u00a0pour un coaching sportif ax\u00e9 fitness"},"content":{"rendered":"\n<p>La <strong>formation Zumba<\/strong> permet d&rsquo;exercer en tant que coach sportif dans des salles de sport affili\u00e9es. Cette <a class=\"callAction\" href=\"https:\/\/www.coach-hunter.com\/content\/formation-coach-sportif\/\">formation coach sportif<\/a> vous permettra d&rsquo;enseigner la m\u00e9thode Zumba. Elle suit le mod\u00e8le <strong>Les Mills<\/strong>. <br>En effet il s&rsquo;agit de <strong>cours de fitness collectifs<\/strong> sous la forme de chor\u00e9graphies adapt\u00e9s \u00e0 un <strong>programme sportif<\/strong>. La m\u00e9thode compte ainsi 12 cours diff\u00e9rents, dont certains sp\u00e9cialement pour les enfants.<br>Nous vous pr\u00e9sentons ici un descriptif de la m\u00e9thode et des formations zumba.<\/p>\n\n\n\n<div class='flexo'><div class=\"lames2\">\n\n\n\n<h2 class=\"wp-block-heading\">Qu&rsquo;est-ce-que la m\u00e9thode Zumba ?<\/h2>\n\n\n\n<div class=\"wp-block-image\"><figure class=\"aligncenter size-large\"><img loading=\"lazy\" decoding=\"async\" width=\"626\" height=\"417\" src=\"https:\/\/www.coach-hunter.com\/content\/wp-content\/uploads\/2020\/10\/Formation-Zumba-3-Copie.jpg\" alt=\"m\u00e9thode zumba\" class=\"wp-image-1861\" srcset=\"https:\/\/www.coach-hunter.com\/content\/wp-content\/uploads\/2020\/10\/Formation-Zumba-3-Copie.jpg 626w, https:\/\/www.coach-hunter.com\/content\/wp-content\/uploads\/2020\/10\/Formation-Zumba-3-Copie-300x200.jpg 300w\" sizes=\"auto, (max-width: 626px) 85vw, 626px\" \/><\/figure><\/div>\n\n\n\n<p>Zumba est une <strong>marque d\u00e9pos\u00e9e de fitness<\/strong>. A l&rsquo;origine, il s&rsquo;agit de <strong>cours collectifs ludiques et cardio vasculaires<\/strong> sur fond de <strong>musiques du monde<\/strong>. En particulier, les chor\u00e9graphies sont inspir\u00e9es de <strong>danses latines<\/strong>, comme le flamenco, tango, samba, soca et quebradita. Certains programmes ajoutent des <strong>musiques orientales<\/strong> et <strong>musiques africaines<\/strong>.<br><br>La <strong>licence Zumba<\/strong> a pour but de <strong>d\u00e9mocratiser le fitness<\/strong> au travers de cours accessibles \u00e0 tous. En outre, vous trouverez des programmes destin\u00e9s aux enfants, aux seniors actifs, aux jeunes adultes&#8230; Un <strong>cours de zumba<\/strong> rime plus avec <strong>divertissement <\/strong>qu&rsquo;avec exercice physique. Pourtant, le <strong>nombre de calories br\u00fbl\u00e9es <\/strong>est cons\u00e9quent ! Il s&rsquo;agit de cours cardio, la plupart \u00e0 haute intensit\u00e9.<br><br>Pour <strong>enseigner la zumba<\/strong>, il vous faudra <strong>devenir un instructeur certifi\u00e9<\/strong>. Il existe ainsi <strong>plusieurs formations Zumba<\/strong> selon le type de cours que vous souhaitez donner.<\/p>\n\n\n\n<\/div><div class=\"lames2\">\n\n\n\n<h2 class=\"wp-block-heading\">Comment se pr\u00e9sente la formation Zumba ?<\/h2>\n\n\n\n<div class=\"wp-block-image\"><figure class=\"aligncenter size-large\"><img loading=\"lazy\" decoding=\"async\" width=\"626\" height=\"417\" src=\"https:\/\/www.coach-hunter.com\/content\/wp-content\/uploads\/2020\/10\/Formation-Zumba-2-Copie.jpg\" alt=\"formation zumba\" class=\"wp-image-1862\" srcset=\"https:\/\/www.coach-hunter.com\/content\/wp-content\/uploads\/2020\/10\/Formation-Zumba-2-Copie.jpg 626w, https:\/\/www.coach-hunter.com\/content\/wp-content\/uploads\/2020\/10\/Formation-Zumba-2-Copie-300x200.jpg 300w\" sizes=\"auto, (max-width: 626px) 85vw, 626px\" \/><\/figure><\/div>\n\n\n\n<p>La formation Zumba vous fera entrer dans un <strong>r\u00e9seau de coachs sportifs<\/strong> certifi\u00e9s. Le \u00ab\u00a0<strong>zumba instructor network<\/strong>\u00ab\u00a0, <a href=\"https:\/\/www.zumba.com\/fr-FR\/member-benefits\" target=\"_blank\" rel=\"noreferrer noopener\">ZIN<\/a>, est le nom donn\u00e9 \u00e0 cette plateforme. Vous acc\u00e8derez alors directement \u00e0 du <strong>contenu vid\u00e9o en ligne<\/strong> pour vous former \u00e0 votre rythme. <br>Si vous n&rsquo;avez pas 7 heures \u00e0 consacrer en une journ\u00e9e \u00e0 vos cours, aucun souci. Vous pouvez suivre les cours quand vous le pouvez. <br><br>Par ailleurs, vous aurez besoin, pour donner des cours, de certaines formations en particulier.<br>En outre, la <strong>formation zumba basic<\/strong> est la premi\u00e8re formation qu&rsquo;il vous faudra suivre. Elle vous apprendra les pas fondamentaux des danses latines comme le <strong>merengue <\/strong>ou la salsa. Notamment, vous apprendrez les 4 <strong>rythmes de base<\/strong> de la m\u00e9thode. Ceci vous permettra de concevoir vos propres cours sur des musiques qui vous plaisent.<br><br>Ensuite, la <strong>formation Zumba Gold <\/strong>vous permettra d&rsquo;encadrer un public plus \u00e2g\u00e9 en adaptant les <strong>mouvements fondamentaux<\/strong> de zumba. Ceci vous permettra d&rsquo; am\u00e9liorer vos comp\u00e9tences en termes de personnalisation de vos contenus. <br>Enfin <strong>Zumba Kids<\/strong> est le <strong>programme zumba<\/strong> sp\u00e9cifiquement cr\u00e9\u00e9 pour former les instructeur \u00e0 l&rsquo;encadrement des enfants jusqu&rsquo;\u00e0 11 ans.<\/p>\n\n\n\n<\/div><div class=\"lames2\">\n\n\n\n<h2 class=\"wp-block-heading\">Plusieurs programmes dans votre formation Zumba<\/h2>\n\n\n\n<div class=\"wp-block-image\"><figure class=\"aligncenter size-large\"><img loading=\"lazy\" decoding=\"async\" width=\"626\" height=\"417\" src=\"https:\/\/www.coach-hunter.com\/content\/wp-content\/uploads\/2020\/10\/Formation-Zumba-Copie.jpg\" alt=\"cours collectifs zumba\" class=\"wp-image-1863\" srcset=\"https:\/\/www.coach-hunter.com\/content\/wp-content\/uploads\/2020\/10\/Formation-Zumba-Copie.jpg 626w, https:\/\/www.coach-hunter.com\/content\/wp-content\/uploads\/2020\/10\/Formation-Zumba-Copie-300x200.jpg 300w\" sizes=\"auto, (max-width: 626px) 85vw, 626px\" \/><\/figure><\/div>\n\n\n\n<p>Pour acc\u00e9der aux <strong>formations sp\u00e9cifiques<\/strong> des programmes zumba, il vous faudra avoir obtenu la <strong>certification Zumba Basic<\/strong> et d&rsquo;\u00eatre membre du ZIN. Voici un \u00e9chantillon des <strong>cours Zumba<\/strong> que vous pouvez proposer \u00e0 vos clients.<\/p>\n\n\n\n<h3 class=\"wp-block-heading\">Formation Zumba Step<\/h3>\n\n\n\n<p>Le <strong>Zumba Step<\/strong> est un programme cibl\u00e9 sur le renforcement musculaire du bas du corps. Ce cours s&rsquo;inspire fortement des programmes d&rsquo;a\u00e9robic que nous connaissons tous. La nouveaut\u00e9 r\u00e9side dans les exercices que vous proposerez \u00e0 vos clients, ainsi que dans les musiques qui les feront bouger. <br><br>Ce programme vise plus globalement des objectifs de remise en forme et de tonification qu&rsquo;une prise de muscle \u00e0 proprement parler. En effet, il s&rsquo;agit tout de m\u00eame d&rsquo;un cours cardio vasculaire.<\/p>\n\n\n\n<h3 class=\"wp-block-heading\">Formation Aqua Zumba<\/h3>\n\n\n\n<p>L&rsquo;<strong>Aqua Zumba<\/strong> est le programme en milieu aquatique de cette m\u00e9thode fitness. Faire du sport dans l&rsquo;eau <strong>r\u00e9duit les impacts sur les articulations<\/strong>, et permet de se mouvoir plus librement. Ce <strong>cours d&rsquo;aquagym<\/strong> est particuli\u00e8rement adapt\u00e9 aux <strong>personnes en surpoids<\/strong> et \u00e0 celles ayant une <strong>mauvaise circulation sanguine<\/strong>. En effet, elles profiteront des bienfaits d&rsquo;une <strong>activit\u00e9 physique<\/strong> sans subir de cons\u00e9quence n\u00e9gative sur leur corps. <br><br>Toutefois, ce cours peut aussi int\u00e9resser les <strong>amateurs de Zumba<\/strong> d\u00e9sireux de tenter une nouvelle <strong>exp\u00e9rience fitness<\/strong>.<\/p>\n\n\n\n<h3 class=\"wp-block-heading\">Formation Zumba Rhythms 2 et 3<\/h3>\n\n\n\n<p>Les programmes <strong>Zumba Rhythms 2 et 3<\/strong> sont deux <strong>cours de niveau avanc\u00e9<\/strong>. En vous formant pour ces programmes, vous apprendrez des <strong>nouvelles danses<\/strong> et rythmes inspir\u00e9es du monde entier. Notamment, vous y trouverez de la danse du ventre (<strong>Belly Dancing<\/strong>), du <strong>Brazilian Funk<\/strong>, de l&rsquo;<strong>Afrobeat<\/strong> ou encore du <strong>Bhangra<\/strong> indien.<\/p>\n\n\n\n<p>De ce fait, vous pourrez <strong>modifier les mouvements<\/strong> des cours que vous donniez, afin de surprendre vos \u00e9l\u00e8ves. En tant qu&rsquo; <strong>instructeur zumba<\/strong>, il vous faudra innover, pour que vos <strong>cours de sport<\/strong> restent ludiques avant tout !<\/p>\n\n\n\n<\/div><\/div>\n\n\n\n<h2 class=\"wp-block-heading\">D\u2019autres formations coach sportif:<\/h2>\n\n\n\n<ul class=\"wp-block-list\"><li><a href=\"https:\/\/www.coach-hunter.com\/content\/formation-crossfit\/\">Formation CrossFit<\/a><\/li><li><a href=\"https:\/\/www.coach-hunter.com\/content\/formation-pilates\/\">Formation Pilates<\/a><\/li><li><a href=\"https:\/\/www.coach-hunter.com\/content\/formation-les-mills\/\">Formation Les Mills<\/a><\/li><li><a href=\"https:\/\/www.coach-hunter.com\/content\/formation-sophrologie\/\">Formation Sophrologie<\/a><\/li><li><a href=\"https:\/\/www.coach-hunter.com\/content\/formation-trx\/\">Formation TRX<\/a><\/li><li><a href=\"https:\/\/www.coach-hunter.com\/content\/formation-yoga\/\">Formation Yoga<\/a><\/li><\/ul>\n","protected":false},"excerpt":{"rendered":"<p>La formation Zumba permet d&rsquo;exercer en tant que coach sportif dans des salles de sport affili\u00e9es. Cette formation coach sportif vous permettra d&rsquo;enseigner la m\u00e9thode Zumba. Elle suit le mod\u00e8le Les Mills. En effet il s&rsquo;agit de cours de fitness collectifs sous la forme de chor\u00e9graphies adapt\u00e9s \u00e0 un programme sportif. La m\u00e9thode compte ainsi &hellip; <a href=\"https:\/\/www.coach-hunter.com\/content\/formation-zumba\/\" class=\"more-link\">Continuer la lecture<span class=\"screen-reader-text\"> de &laquo;&nbsp;Une formation Zumba\u00a0pour un coaching sportif ax\u00e9 fitness&nbsp;&raquo;<\/span><\/a><\/p>\n","protected":false},"author":5,"featured_media":0,"parent":0,"menu_order":0,"comment_status":"closed","ping_status":"closed","template":"","meta":{"footnotes":""},"class_list":["post-1858","page","type-page","status-publish","hentry"],"yoast_head":"<!-- This site is optimized with the Yoast SEO plugin v25.9 - https:\/\/yoast.com\/wordpress\/plugins\/seo\/ -->\n<title>Formation Zumba, devenir coach sportif pour proposer des cours de fitness<\/title>\n<meta name=\"description\" content=\"La formation Zumba\u00a0vous permet de devenir un coach sportif expert dans le domaine des danses du monde et de proposer des s\u00e9ances de fitness personnalis\u00e9es.\" \/>\n<meta name=\"robots\" content=\"index, follow, max-snippet:-1, max-image-preview:large, max-video-preview:-1\" \/>\n<link rel=\"canonical\" href=\"https:\/\/www.coach-hunter.com\/content\/formation-zumba\/\" \/>\n<meta property=\"og:locale\" content=\"fr_FR\" \/>\n<meta property=\"og:type\" content=\"article\" \/>\n<meta property=\"og:title\" content=\"Formation Zumba, devenir coach sportif pour proposer des cours de fitness\" \/>\n<meta property=\"og:description\" content=\"La formation Zumba\u00a0vous permet de devenir un coach sportif expert dans le domaine des danses du monde et de proposer des s\u00e9ances de fitness personnalis\u00e9es.\" \/>\n<meta property=\"og:url\" content=\"https:\/\/www.coach-hunter.com\/content\/formation-zumba\/\" \/>\n<meta property=\"og:site_name\" content=\"Blog Coach Hunter\" \/>\n<meta property=\"og:image\" content=\"https:\/\/www.coach-hunter.com\/content\/wp-content\/uploads\/2020\/10\/Formation-Zumba-3-Copie.jpg\" \/>\n\t<meta property=\"og:image:width\" content=\"626\" \/>\n\t<meta property=\"og:image:height\" content=\"417\" \/>\n\t<meta property=\"og:image:type\" content=\"image\/jpeg\" \/>\n<meta name=\"twitter:card\" content=\"summary_large_image\" \/>\n<meta name=\"twitter:label1\" content=\"Dur\u00e9e de lecture estim\u00e9e\" \/>\n\t<meta name=\"twitter:data1\" content=\"4 minutes\" \/>\n<script type=\"application\/ld+json\" class=\"yoast-schema-graph\">{\"@context\":\"https:\/\/schema.org\",\"@graph\":[{\"@type\":\"WebPage\",\"@id\":\"https:\/\/www.coach-hunter.com\/content\/formation-zumba\/\",\"url\":\"https:\/\/www.coach-hunter.com\/content\/formation-zumba\/\",\"name\":\"Formation Zumba, devenir coach sportif pour proposer des cours de fitness\",\"isPartOf\":{\"@id\":\"https:\/\/www.coach-hunter.com\/content\/#website\"},\"primaryImageOfPage\":{\"@id\":\"https:\/\/www.coach-hunter.com\/content\/formation-zumba\/#primaryimage\"},\"image\":{\"@id\":\"https:\/\/www.coach-hunter.com\/content\/formation-zumba\/#primaryimage\"},\"thumbnailUrl\":\"https:\/\/www.coach-hunter.com\/content\/wp-content\/uploads\/2020\/10\/Formation-Zumba-3-Copie.jpg\",\"datePublished\":\"2020-11-23T12:37:29+00:00\",\"description\":\"La formation Zumba\u00a0vous permet de devenir un coach sportif expert dans le domaine des danses du monde et de proposer des s\u00e9ances de fitness personnalis\u00e9es.\",\"breadcrumb\":{\"@id\":\"https:\/\/www.coach-hunter.com\/content\/formation-zumba\/#breadcrumb\"},\"inLanguage\":\"fr-FR\",\"potentialAction\":[{\"@type\":\"ReadAction\",\"target\":[\"https:\/\/www.coach-hunter.com\/content\/formation-zumba\/\"]}]},{\"@type\":\"ImageObject\",\"inLanguage\":\"fr-FR\",\"@id\":\"https:\/\/www.coach-hunter.com\/content\/formation-zumba\/#primaryimage\",\"url\":\"https:\/\/www.coach-hunter.com\/content\/wp-content\/uploads\/2020\/10\/Formation-Zumba-3-Copie.jpg\",\"contentUrl\":\"https:\/\/www.coach-hunter.com\/content\/wp-content\/uploads\/2020\/10\/Formation-Zumba-3-Copie.jpg\",\"width\":626,\"height\":417},{\"@type\":\"BreadcrumbList\",\"@id\":\"https:\/\/www.coach-hunter.com\/content\/formation-zumba\/#breadcrumb\",\"itemListElement\":[{\"@type\":\"ListItem\",\"position\":1,\"name\":\"Accueil\",\"item\":\"https:\/\/www.coach-hunter.com\/content\/\"},{\"@type\":\"ListItem\",\"position\":2,\"name\":\"Une formation Zumba\u00a0pour un coaching sportif ax\u00e9 fitness\"}]},{\"@type\":\"WebSite\",\"@id\":\"https:\/\/www.coach-hunter.com\/content\/#website\",\"url\":\"https:\/\/www.coach-hunter.com\/content\/\",\"name\":\"Blog Coach Hunter\",\"description\":\"\",\"potentialAction\":[{\"@type\":\"SearchAction\",\"target\":{\"@type\":\"EntryPoint\",\"urlTemplate\":\"https:\/\/www.coach-hunter.com\/content\/?s={search_term_string}\"},\"query-input\":{\"@type\":\"PropertyValueSpecification\",\"valueRequired\":true,\"valueName\":\"search_term_string\"}}],\"inLanguage\":\"fr-FR\"}]}<\/script>\n<!-- \/ Yoast SEO plugin. -->","yoast_head_json":{"title":"Formation Zumba, devenir coach sportif pour proposer des cours de fitness","description":"La formation Zumba\u00a0vous permet de devenir un coach sportif expert dans le domaine des danses du monde et de proposer des s\u00e9ances de fitness personnalis\u00e9es.","robots":{"index":"index","follow":"follow","max-snippet":"max-snippet:-1","max-image-preview":"max-image-preview:large","max-video-preview":"max-video-preview:-1"},"canonical":"https:\/\/www.coach-hunter.com\/content\/formation-zumba\/","og_locale":"fr_FR","og_type":"article","og_title":"Formation Zumba, devenir coach sportif pour proposer des cours de fitness","og_description":"La formation Zumba\u00a0vous permet de devenir un coach sportif expert dans le domaine des danses du monde et de proposer des s\u00e9ances de fitness personnalis\u00e9es.","og_url":"https:\/\/www.coach-hunter.com\/content\/formation-zumba\/","og_site_name":"Blog Coach Hunter","og_image":[{"width":626,"height":417,"url":"https:\/\/www.coach-hunter.com\/content\/wp-content\/uploads\/2020\/10\/Formation-Zumba-3-Copie.jpg","type":"image\/jpeg"}],"twitter_card":"summary_large_image","twitter_misc":{"Dur\u00e9e de lecture estim\u00e9e":"4 minutes"},"schema":{"@context":"https:\/\/schema.org","@graph":[{"@type":"WebPage","@id":"https:\/\/www.coach-hunter.com\/content\/formation-zumba\/","url":"https:\/\/www.coach-hunter.com\/content\/formation-zumba\/","name":"Formation Zumba, devenir coach sportif pour proposer des cours de fitness","isPartOf":{"@id":"https:\/\/www.coach-hunter.com\/content\/#website"},"primaryImageOfPage":{"@id":"https:\/\/www.coach-hunter.com\/content\/formation-zumba\/#primaryimage"},"image":{"@id":"https:\/\/www.coach-hunter.com\/content\/formation-zumba\/#primaryimage"},"thumbnailUrl":"https:\/\/www.coach-hunter.com\/content\/wp-content\/uploads\/2020\/10\/Formation-Zumba-3-Copie.jpg","datePublished":"2020-11-23T12:37:29+00:00","description":"La formation Zumba\u00a0vous permet de devenir un coach sportif expert dans le domaine des danses du monde et de proposer des s\u00e9ances de fitness personnalis\u00e9es.","breadcrumb":{"@id":"https:\/\/www.coach-hunter.com\/content\/formation-zumba\/#breadcrumb"},"inLanguage":"fr-FR","potentialAction":[{"@type":"ReadAction","target":["https:\/\/www.coach-hunter.com\/content\/formation-zumba\/"]}]},{"@type":"ImageObject","inLanguage":"fr-FR","@id":"https:\/\/www.coach-hunter.com\/content\/formation-zumba\/#primaryimage","url":"https:\/\/www.coach-hunter.com\/content\/wp-content\/uploads\/2020\/10\/Formation-Zumba-3-Copie.jpg","contentUrl":"https:\/\/www.coach-hunter.com\/content\/wp-content\/uploads\/2020\/10\/Formation-Zumba-3-Copie.jpg","width":626,"height":417},{"@type":"BreadcrumbList","@id":"https:\/\/www.coach-hunter.com\/content\/formation-zumba\/#breadcrumb","itemListElement":[{"@type":"ListItem","position":1,"name":"Accueil","item":"https:\/\/www.coach-hunter.com\/content\/"},{"@type":"ListItem","position":2,"name":"Une formation Zumba\u00a0pour un coaching sportif ax\u00e9 fitness"}]},{"@type":"WebSite","@id":"https:\/\/www.coach-hunter.com\/content\/#website","url":"https:\/\/www.coach-hunter.com\/content\/","name":"Blog Coach Hunter","description":"","potentialAction":[{"@type":"SearchAction","target":{"@type":"EntryPoint","urlTemplate":"https:\/\/www.coach-hunter.com\/content\/?s={search_term_string}"},"query-input":{"@type":"PropertyValueSpecification","valueRequired":true,"valueName":"search_term_string"}}],"inLanguage":"fr-FR"}]}},"_links":{"self":[{"href":"https:\/\/www.coach-hunter.com\/content\/wp-json\/wp\/v2\/pages\/1858","targetHints":{"allow":["GET"]}}],"collection":[{"href":"https:\/\/www.coach-hunter.com\/content\/wp-json\/wp\/v2\/pages"}],"about":[{"href":"https:\/\/www.coach-hunter.com\/content\/wp-json\/wp\/v2\/types\/page"}],"author":[{"embeddable":true,"href":"https:\/\/www.coach-hunter.com\/content\/wp-json\/wp\/v2\/users\/5"}],"replies":[{"embeddable":true,"href":"https:\/\/www.coach-hunter.com\/content\/wp-json\/wp\/v2\/comments?post=1858"}],"version-history":[{"count":9,"href":"https:\/\/www.coach-hunter.com\/content\/wp-json\/wp\/v2\/pages\/1858\/revisions"}],"predecessor-version":[{"id":2016,"href":"https:\/\/www.coach-hunter.com\/content\/wp-json\/wp\/v2\/pages\/1858\/revisions\/2016"}],"wp:attachment":[{"href":"https:\/\/www.coach-hunter.com\/content\/wp-json\/wp\/v2\/media?parent=1858"}],"curies":[{"name":"wp","href":"https:\/\/api.w.org\/{rel}","templated":true}]}}