{"id":1851,"date":"2020-11-20T13:22:37","date_gmt":"2020-11-20T13:22:37","guid":{"rendered":"https:\/\/www.coach-hunter.com\/content\/?page_id=1851"},"modified":"2020-11-23T12:41:17","modified_gmt":"2020-11-23T12:41:17","slug":"formation-yoga","status":"publish","type":"page","link":"https:\/\/www.coach-hunter.com\/content\/formation-yoga\/","title":{"rendered":"Une Formation Yoga\u00a0pour devenir coach sportif"},"content":{"rendered":"\n<p>Les professeurs ayant r\u00e9alis\u00e9s une <strong>Formation Yoga<\/strong>&nbsp;sont fortement recherch\u00e9s actuellement. Cette <a class=\"callAction\" href=\"https:\/\/www.coach-hunter.com\/content\/formation-coach-sportif\/\">formation coach sportif<\/a> enseigne une discipline sportive qui associe sport et m\u00e9ditation, conf\u00e9rant ainsi de nombreux bienfaits. Notamment elle agit sur le <strong>bien-\u00eatre physique et moral<\/strong>.<br><strong>Coach Hunter<\/strong> vous pr\u00e9sente ici le yoga et les diff\u00e9rentes mani\u00e8re d&rsquo;en devenir un instructeur certifi\u00e9.<\/p>\n\n\n\n<div class='flexo'><div class=\"lames2\">\n\n\n\n<h2 class=\"wp-block-heading\">Qu&rsquo;est-ce que le Yoga ?<\/h2>\n\n\n\n<div class=\"wp-block-image\"><figure class=\"aligncenter size-large\"><img loading=\"lazy\" decoding=\"async\" width=\"626\" height=\"417\" src=\"https:\/\/www.coach-hunter.com\/content\/wp-content\/uploads\/2020\/10\/formation-yoga-3-Copie.jpg\" alt=\"Formation Yoga\" class=\"wp-image-1854\" srcset=\"https:\/\/www.coach-hunter.com\/content\/wp-content\/uploads\/2020\/10\/formation-yoga-3-Copie.jpg 626w, https:\/\/www.coach-hunter.com\/content\/wp-content\/uploads\/2020\/10\/formation-yoga-3-Copie-300x200.jpg 300w\" sizes=\"auto, (max-width: 626px) 85vw, 626px\" \/><\/figure><\/div>\n\n\n\n<h3 class=\"wp-block-heading\">Une tradition philosophique<\/h3>\n\n\n\n<p>Le yoga est un groupe disciplines physiques, mentales et spirituelles qui trouvent leur origine dans l&rsquo;<strong>Inde ancienne<\/strong>. Le yoga est issu de la tradition philosophique hindoue. <br>Il existe des nombreux courants, et donc de pratiques de yoga, selon qu&rsquo;il s&rsquo;agisse d&rsquo;une discipline plut\u00f4t hindouiste ou bouddhiste. Par ailleurs, le terme \u00ab\u00a0yoga\u00a0\u00bb d\u00e9signe en occident une forme de <strong>hatha yoga<\/strong>. En outre, il s&rsquo;agit d&rsquo;un <strong>enchainement de postures<\/strong>, aussi appel\u00e9es <strong>asanas<\/strong>.<\/p>\n\n\n\n<h3 class=\"wp-block-heading\">Une discipline physique et mentale<\/h3>\n\n\n\n<p>La <strong>pratique du yoga<\/strong> remonterait aux traditions indiennes dat\u00e9es de 3000 avant J.-C. Les chefs spirituels indiens auraient ensuite introduit le <strong>yoga en Occident<\/strong>, au d\u00e9but du XXe si\u00e8cle. L&rsquo;essor de la pratique vient avec une adaptation de la tradition du yoga. Il s&rsquo;est alors d\u00e9velopp\u00e9 comme une <strong>m\u00e9thode de remise en forme<\/strong>, de relaxation et de gestion du stress bas\u00e9e sur la posture et la m\u00e9ditation. <\/p>\n\n\n\n<p>En effet, pratiquer le yoga est un moyen efficace pour <strong>trouver la paix int\u00e9rieure<\/strong> et <strong>se lib\u00e9rer des \u00e9motions n\u00e9gatives<\/strong>. On lui accorde aussi des bienfaits pour \u00e9clairer l&rsquo;esprit, apporter de la clart\u00e9 \u00e0 ses r\u00e9flexions et jugements (<a href=\"https:\/\/vital.topsante.com\/yoga\/le-yoga-une-activite-qui-a-de-nombreux-benefices-pour-le-corps-660\" target=\"_blank\" rel=\"noreferrer noopener\">en savoir plus<\/a>).<br>Ainsi, la pratique du yoga sous forme d&rsquo;<strong>exercice physique<\/strong> correspond \u00e0 l&rsquo;\u00e9quilibre corporel. Elle est associ\u00e9e \u00e0 un \u00e9quilibre alimentaire (nutrition), et \u00e0 un \u00e9quilibre psychologique (m\u00e9ditation)<\/p>\n\n\n\n<p>Aujourd&rsquo;hui, de plus en plus de <strong>coachs sportifs<\/strong> se forment \u00e0 la pratique du yoga. Non seulement, cela leur permet de <strong>diversifier le contenu de leurs programmes personnalis\u00e9s<\/strong>. Mais aussi, cela leur permet d&rsquo;aider certains de leur clients dans leur recherche d&rsquo;objectifs, l&rsquo;am\u00e9lioration de la <strong>confiance en soi<\/strong>, leur perte de poids etc&#8230;<br>Nous vous pr\u00e9sentons ici le contenu d&rsquo;une formation yoga.<\/p>\n\n\n\n<\/div><div class=\"lames2\">\n\n\n\n<h2 class=\"wp-block-heading\">Le contenu d&rsquo;une formation Yoga&nbsp;<\/h2>\n\n\n\n<div class=\"wp-block-image\"><figure class=\"aligncenter size-large\"><img loading=\"lazy\" decoding=\"async\" width=\"626\" height=\"423\" src=\"https:\/\/www.coach-hunter.com\/content\/wp-content\/uploads\/2020\/10\/formation-yoga-1-Copie.jpg\" alt=\"Formation Yoga\" class=\"wp-image-1855\" srcset=\"https:\/\/www.coach-hunter.com\/content\/wp-content\/uploads\/2020\/10\/formation-yoga-1-Copie.jpg 626w, https:\/\/www.coach-hunter.com\/content\/wp-content\/uploads\/2020\/10\/formation-yoga-1-Copie-300x203.jpg 300w\" sizes=\"auto, (max-width: 626px) 85vw, 626px\" \/><\/figure><\/div>\n\n\n\n<h3 class=\"wp-block-heading\">Un savoir \u00eatre<\/h3>\n\n\n\n<p>Les formations yoga sont une v\u00e9ritable \u00e9cole de la vie. Les participants abordent  la&nbsp;<strong>philosophie du yoga<\/strong>, en tant que mode de vie. De ce fait, vos instructeurs vous enseigneront comment pratiquer l&rsquo;exercice physique en lui-m\u00eame, mais aussi \u00e0 vivre le yoga au quotidien. Une partie de la formation sera donc d\u00e9di\u00e9e \u00e0 l&rsquo;histoire du yoga et \u00e0 sa philosophie. <br><br>Vous apprendrez \u00e0 travailler sur votre esprit comme vous le feriez pour votre corps. Ceci passe notamment par des cours de m\u00e9ditation et d&rsquo;introspection. Pendant ces cours, vous prendrez connaissance des techniques de visualisation mentale, permettant de renforcer son esprit.<\/p>\n\n\n\n<p>Vous verrez aussi comment la nutrition impacte votre corps et votre esprit. On vous apprendra \u00e0 manger comme un yogi pour optimiser votre bien \u00eatre. Enfin, vous aurez des cours d&rsquo;anatomie pour pouvoir adapter les asanas \u00e0 vos clients selon leurs besoins.<\/p>\n\n\n\n<h3 class=\"wp-block-heading\">Un savoir faire<\/h3>\n\n\n\n<p>La formation yoga met bien s\u00fbr l&rsquo;accent sur la pratique sportive. De ce fait, vous acquerrez un r\u00e9pertoire fourni d&rsquo;asanas, auxquels vous associerez des b\u00e9n\u00e9fices pour le corps. Vous apprendrez \u00e0 les corriger et \u00e0 la modifier pour les adapter aux besoins de vos \u00e9l\u00e8ves. <br><br>En tant que professeur de yoga, vous serez capable de concevoir et mettre en \u0153uvre des cours collectifs ou individualis\u00e9s. <br>Le niveau requis pour une formation yoga n&rsquo;est pas \u00e9lev\u00e9. Le yoga se veut une discipline inclusive, qui ne requiert que d&rsquo;en \u00eatre passionn\u00e9.<br>Toutefois, pour devenir professeur dans un studio yoga, deux ann\u00e9es de pratique assidue sont souhaitables.<br><br>D&rsquo;autre part, les formations yoga ne sont pas des dipl\u00f4mes d&rsquo;\u00e9tat. Il s&rsquo;agit de certifications, reconnues dans le monde du yoga. Pour exercer en tant que coach sportif , il vous faudra donc un dipl\u00f4me mention m\u00e9tiers de la forme, comme un BPJEPS ou un DEUST.<\/p>\n\n\n\n<\/div><div class=\"lames2\">\n\n\n\n<h2 class=\"wp-block-heading\">Le format d&rsquo;une formation yoga<\/h2>\n\n\n\n<div class=\"wp-block-image\"><figure class=\"aligncenter size-large\"><img loading=\"lazy\" decoding=\"async\" width=\"626\" height=\"417\" src=\"https:\/\/www.coach-hunter.com\/content\/wp-content\/uploads\/2020\/10\/formation-yoga-2-Copie.jpg\" alt=\"Formation Yoga\" class=\"wp-image-1856\" srcset=\"https:\/\/www.coach-hunter.com\/content\/wp-content\/uploads\/2020\/10\/formation-yoga-2-Copie.jpg 626w, https:\/\/www.coach-hunter.com\/content\/wp-content\/uploads\/2020\/10\/formation-yoga-2-Copie-300x200.jpg 300w\" sizes=\"auto, (max-width: 626px) 85vw, 626px\" \/><\/figure><\/div>\n\n\n\n<h3 class=\"wp-block-heading\">Le format rapide<\/h3>\n\n\n\n<p>Les formations yoga se pr\u00e9sentent sous diff\u00e9rentes formes. Si vous pratiquez le yoga depuis de nombreuses ann\u00e9es, la <strong>formule courte<\/strong> pourrait vous suffire. Cette formation s&rsquo;\u00e9tend g\u00e9n\u00e9ralement sur 30 jours cons\u00e9cutifs, soit 1 mois, dans un <strong>centre de formation yoga certifi\u00e9<\/strong>. Ce cursus peut parfois \u00eatre r\u00e9alis\u00e9 \u00e0 l&rsquo;\u00e9tranger, en Inde ou Indon\u00e9sie notamment.<br><br>Toutefois, il s&rsquo;agit d&rsquo;une formation intensive, durant laquelle vous devrez vous consacrer pleinement \u00e0 la pratique du yoga. Si vous avez des projets autres, ce format n&rsquo;est peut-\u00eatre pas fait pour vous. <br>De plus, la <strong>formation rapide<\/strong> requiert une <strong>pratique quotidienne du yoga<\/strong> sous forme d&rsquo;exercice physique. Si vous n&rsquo;\u00eates pas pr\u00eat physiquement et moralement pour vivre comme un yogi pendant 1 mois, optez pour la formation classique.<\/p>\n\n\n\n<h3 class=\"wp-block-heading\">Une formation yoga classique<\/h3>\n\n\n\n<p>Le <strong>nombre d&rsquo;heures de formation<\/strong> est estim\u00e9 entre 200 et 400 heures selon les \u00e9coles. Ici, vous pourrez choisir de n&rsquo;effectuer que des cours le week-end, ou en semaine selon vos <strong>disponibilit\u00e9s<\/strong>. Si vous exercez le <strong>m\u00e9tier de coach sportif<\/strong> en parall\u00e8le, cette formule vous conviendra mieux.<br><br>En ce qui concerne la <strong>validation des acquis<\/strong>, vous passerez <strong>deux tests compl\u00e9mentaires<\/strong>. Une premi\u00e8re \u00e9valuation portera sur vos <strong>connaissances th\u00e9oriques sur le yoga<\/strong>. Un QCM permettra de valider vos acquis en mati\u00e8re d&rsquo;histoire, de philosophie, de psychologie et de th\u00e9orie de pratique. <br><br>Le second test est une <strong>d\u00e9monstration technique<\/strong> de vos comp\u00e9tences en tant qu&rsquo;instructeur de yoga. Il vous faudra <strong>r\u00e9aliser des asanas<\/strong> \u00e0 la demande des examinateurs. Puis vous encadrerez un <strong>petit groupe d&rsquo;\u00e9l\u00e8ves<\/strong> en adaptant ces asanas \u00e0 leurs besoins et niveau.<br>Une fois cette <strong>certification obtenue<\/strong>, il vous faudra continuer \u00e0 vous former dans l&rsquo;exercice du yoga. Des <strong>formations compl\u00e9mentaires<\/strong> pour professionnels existent pour vous faire progresser tout au long de votre carri\u00e8re de yogi.<\/p>\n\n\n\n<\/div><\/div>\n\n\n\n<h2 class=\"wp-block-heading\">D\u2019autres formations coach sportif:<\/h2>\n\n\n\n<ul class=\"wp-block-list\"><li><a href=\"https:\/\/www.coach-hunter.com\/content\/formation-crossfit\/\">Formation CrossFit<\/a><\/li><li><a href=\"https:\/\/www.coach-hunter.com\/content\/formation-pilates\/\">Formation Pilates<\/a><\/li><li><a href=\"https:\/\/www.coach-hunter.com\/content\/formation-les-mills\/\">Formation Les Mills<\/a><\/li><li><a href=\"https:\/\/www.coach-hunter.com\/content\/formation-sophrologie\/\">Formation Sophrologie<\/a><\/li><li><a href=\"https:\/\/www.coach-hunter.com\/content\/formation-trx\/\">Formation TRX<\/a><\/li><li><a href=\"https:\/\/www.coach-hunter.com\/content\/formation-zumba\/\">Formation Zumba<\/a><\/li><\/ul>\n","protected":false},"excerpt":{"rendered":"<p>Les professeurs ayant r\u00e9alis\u00e9s une Formation Yoga&nbsp;sont fortement recherch\u00e9s actuellement. Cette formation coach sportif enseigne une discipline sportive qui associe sport et m\u00e9ditation, conf\u00e9rant ainsi de nombreux bienfaits. Notamment elle agit sur le bien-\u00eatre physique et moral.Coach Hunter vous pr\u00e9sente ici le yoga et les diff\u00e9rentes mani\u00e8re d&rsquo;en devenir un instructeur certifi\u00e9. Qu&rsquo;est-ce que le &hellip; <a href=\"https:\/\/www.coach-hunter.com\/content\/formation-yoga\/\" class=\"more-link\">Continuer la lecture<span class=\"screen-reader-text\"> de &laquo;&nbsp;Une Formation Yoga\u00a0pour devenir coach sportif&nbsp;&raquo;<\/span><\/a><\/p>\n","protected":false},"author":5,"featured_media":0,"parent":0,"menu_order":0,"comment_status":"closed","ping_status":"closed","template":"","meta":{"footnotes":""},"class_list":["post-1851","page","type-page","status-publish","hentry"],"yoast_head":"<!-- This site is optimized with the Yoast SEO plugin v25.9 - https:\/\/yoast.com\/wordpress\/plugins\/seo\/ -->\n<title>Formation Yoga\u00a0: comment devenir un professeur de yoga certifi\u00e9 ?<\/title>\n<meta name=\"description\" content=\"La formation Yoga\u00a0vous permet de donner des cours en tant que coach sportif certifi\u00e9. Diff\u00e9rents formats de formation existent, nous vous les pr\u00e9sentons ici\" \/>\n<meta name=\"robots\" content=\"index, follow, max-snippet:-1, max-image-preview:large, max-video-preview:-1\" \/>\n<link rel=\"canonical\" href=\"https:\/\/www.coach-hunter.com\/content\/formation-yoga\/\" \/>\n<meta property=\"og:locale\" content=\"fr_FR\" \/>\n<meta property=\"og:type\" content=\"article\" \/>\n<meta property=\"og:title\" content=\"Formation Yoga\u00a0: comment devenir un professeur de yoga certifi\u00e9 ?\" \/>\n<meta property=\"og:description\" content=\"La formation Yoga\u00a0vous permet de donner des cours en tant que coach sportif certifi\u00e9. Diff\u00e9rents formats de formation existent, nous vous les pr\u00e9sentons ici\" \/>\n<meta property=\"og:url\" content=\"https:\/\/www.coach-hunter.com\/content\/formation-yoga\/\" \/>\n<meta property=\"og:site_name\" content=\"Blog Coach Hunter\" \/>\n<meta property=\"article:modified_time\" content=\"2020-11-23T12:41:17+00:00\" \/>\n<meta property=\"og:image\" content=\"https:\/\/www.coach-hunter.com\/content\/wp-content\/uploads\/2020\/10\/formation-yoga-3-Copie.jpg\" \/>\n\t<meta property=\"og:image:width\" content=\"626\" \/>\n\t<meta property=\"og:image:height\" content=\"417\" \/>\n\t<meta property=\"og:image:type\" content=\"image\/jpeg\" \/>\n<meta name=\"twitter:card\" content=\"summary_large_image\" \/>\n<meta name=\"twitter:label1\" content=\"Dur\u00e9e de lecture estim\u00e9e\" \/>\n\t<meta name=\"twitter:data1\" content=\"5 minutes\" \/>\n<script type=\"application\/ld+json\" class=\"yoast-schema-graph\">{\"@context\":\"https:\/\/schema.org\",\"@graph\":[{\"@type\":\"WebPage\",\"@id\":\"https:\/\/www.coach-hunter.com\/content\/formation-yoga\/\",\"url\":\"https:\/\/www.coach-hunter.com\/content\/formation-yoga\/\",\"name\":\"Formation Yoga\u00a0: comment devenir un professeur de yoga certifi\u00e9 ?\",\"isPartOf\":{\"@id\":\"https:\/\/www.coach-hunter.com\/content\/#website\"},\"primaryImageOfPage\":{\"@id\":\"https:\/\/www.coach-hunter.com\/content\/formation-yoga\/#primaryimage\"},\"image\":{\"@id\":\"https:\/\/www.coach-hunter.com\/content\/formation-yoga\/#primaryimage\"},\"thumbnailUrl\":\"https:\/\/www.coach-hunter.com\/content\/wp-content\/uploads\/2020\/10\/formation-yoga-3-Copie.jpg\",\"datePublished\":\"2020-11-20T13:22:37+00:00\",\"dateModified\":\"2020-11-23T12:41:17+00:00\",\"description\":\"La formation Yoga\u00a0vous permet de donner des cours en tant que coach sportif certifi\u00e9. Diff\u00e9rents formats de formation existent, nous vous les pr\u00e9sentons ici\",\"breadcrumb\":{\"@id\":\"https:\/\/www.coach-hunter.com\/content\/formation-yoga\/#breadcrumb\"},\"inLanguage\":\"fr-FR\",\"potentialAction\":[{\"@type\":\"ReadAction\",\"target\":[\"https:\/\/www.coach-hunter.com\/content\/formation-yoga\/\"]}]},{\"@type\":\"ImageObject\",\"inLanguage\":\"fr-FR\",\"@id\":\"https:\/\/www.coach-hunter.com\/content\/formation-yoga\/#primaryimage\",\"url\":\"https:\/\/www.coach-hunter.com\/content\/wp-content\/uploads\/2020\/10\/formation-yoga-3-Copie.jpg\",\"contentUrl\":\"https:\/\/www.coach-hunter.com\/content\/wp-content\/uploads\/2020\/10\/formation-yoga-3-Copie.jpg\",\"width\":626,\"height\":417},{\"@type\":\"BreadcrumbList\",\"@id\":\"https:\/\/www.coach-hunter.com\/content\/formation-yoga\/#breadcrumb\",\"itemListElement\":[{\"@type\":\"ListItem\",\"position\":1,\"name\":\"Accueil\",\"item\":\"https:\/\/www.coach-hunter.com\/content\/\"},{\"@type\":\"ListItem\",\"position\":2,\"name\":\"Une Formation Yoga\u00a0pour devenir coach sportif\"}]},{\"@type\":\"WebSite\",\"@id\":\"https:\/\/www.coach-hunter.com\/content\/#website\",\"url\":\"https:\/\/www.coach-hunter.com\/content\/\",\"name\":\"Blog Coach Hunter\",\"description\":\"\",\"potentialAction\":[{\"@type\":\"SearchAction\",\"target\":{\"@type\":\"EntryPoint\",\"urlTemplate\":\"https:\/\/www.coach-hunter.com\/content\/?s={search_term_string}\"},\"query-input\":{\"@type\":\"PropertyValueSpecification\",\"valueRequired\":true,\"valueName\":\"search_term_string\"}}],\"inLanguage\":\"fr-FR\"}]}<\/script>\n<!-- \/ Yoast SEO plugin. -->","yoast_head_json":{"title":"Formation Yoga\u00a0: comment devenir un professeur de yoga certifi\u00e9 ?","description":"La formation Yoga\u00a0vous permet de donner des cours en tant que coach sportif certifi\u00e9. Diff\u00e9rents formats de formation existent, nous vous les pr\u00e9sentons ici","robots":{"index":"index","follow":"follow","max-snippet":"max-snippet:-1","max-image-preview":"max-image-preview:large","max-video-preview":"max-video-preview:-1"},"canonical":"https:\/\/www.coach-hunter.com\/content\/formation-yoga\/","og_locale":"fr_FR","og_type":"article","og_title":"Formation Yoga\u00a0: comment devenir un professeur de yoga certifi\u00e9 ?","og_description":"La formation Yoga\u00a0vous permet de donner des cours en tant que coach sportif certifi\u00e9. Diff\u00e9rents formats de formation existent, nous vous les pr\u00e9sentons ici","og_url":"https:\/\/www.coach-hunter.com\/content\/formation-yoga\/","og_site_name":"Blog Coach Hunter","article_modified_time":"2020-11-23T12:41:17+00:00","og_image":[{"width":626,"height":417,"url":"https:\/\/www.coach-hunter.com\/content\/wp-content\/uploads\/2020\/10\/formation-yoga-3-Copie.jpg","type":"image\/jpeg"}],"twitter_card":"summary_large_image","twitter_misc":{"Dur\u00e9e de lecture estim\u00e9e":"5 minutes"},"schema":{"@context":"https:\/\/schema.org","@graph":[{"@type":"WebPage","@id":"https:\/\/www.coach-hunter.com\/content\/formation-yoga\/","url":"https:\/\/www.coach-hunter.com\/content\/formation-yoga\/","name":"Formation Yoga\u00a0: comment devenir un professeur de yoga certifi\u00e9 ?","isPartOf":{"@id":"https:\/\/www.coach-hunter.com\/content\/#website"},"primaryImageOfPage":{"@id":"https:\/\/www.coach-hunter.com\/content\/formation-yoga\/#primaryimage"},"image":{"@id":"https:\/\/www.coach-hunter.com\/content\/formation-yoga\/#primaryimage"},"thumbnailUrl":"https:\/\/www.coach-hunter.com\/content\/wp-content\/uploads\/2020\/10\/formation-yoga-3-Copie.jpg","datePublished":"2020-11-20T13:22:37+00:00","dateModified":"2020-11-23T12:41:17+00:00","description":"La formation Yoga\u00a0vous permet de donner des cours en tant que coach sportif certifi\u00e9. Diff\u00e9rents formats de formation existent, nous vous les pr\u00e9sentons ici","breadcrumb":{"@id":"https:\/\/www.coach-hunter.com\/content\/formation-yoga\/#breadcrumb"},"inLanguage":"fr-FR","potentialAction":[{"@type":"ReadAction","target":["https:\/\/www.coach-hunter.com\/content\/formation-yoga\/"]}]},{"@type":"ImageObject","inLanguage":"fr-FR","@id":"https:\/\/www.coach-hunter.com\/content\/formation-yoga\/#primaryimage","url":"https:\/\/www.coach-hunter.com\/content\/wp-content\/uploads\/2020\/10\/formation-yoga-3-Copie.jpg","contentUrl":"https:\/\/www.coach-hunter.com\/content\/wp-content\/uploads\/2020\/10\/formation-yoga-3-Copie.jpg","width":626,"height":417},{"@type":"BreadcrumbList","@id":"https:\/\/www.coach-hunter.com\/content\/formation-yoga\/#breadcrumb","itemListElement":[{"@type":"ListItem","position":1,"name":"Accueil","item":"https:\/\/www.coach-hunter.com\/content\/"},{"@type":"ListItem","position":2,"name":"Une Formation Yoga\u00a0pour devenir coach sportif"}]},{"@type":"WebSite","@id":"https:\/\/www.coach-hunter.com\/content\/#website","url":"https:\/\/www.coach-hunter.com\/content\/","name":"Blog Coach Hunter","description":"","potentialAction":[{"@type":"SearchAction","target":{"@type":"EntryPoint","urlTemplate":"https:\/\/www.coach-hunter.com\/content\/?s={search_term_string}"},"query-input":{"@type":"PropertyValueSpecification","valueRequired":true,"valueName":"search_term_string"}}],"inLanguage":"fr-FR"}]}},"_links":{"self":[{"href":"https:\/\/www.coach-hunter.com\/content\/wp-json\/wp\/v2\/pages\/1851","targetHints":{"allow":["GET"]}}],"collection":[{"href":"https:\/\/www.coach-hunter.com\/content\/wp-json\/wp\/v2\/pages"}],"about":[{"href":"https:\/\/www.coach-hunter.com\/content\/wp-json\/wp\/v2\/types\/page"}],"author":[{"embeddable":true,"href":"https:\/\/www.coach-hunter.com\/content\/wp-json\/wp\/v2\/users\/5"}],"replies":[{"embeddable":true,"href":"https:\/\/www.coach-hunter.com\/content\/wp-json\/wp\/v2\/comments?post=1851"}],"version-history":[{"count":7,"href":"https:\/\/www.coach-hunter.com\/content\/wp-json\/wp\/v2\/pages\/1851\/revisions"}],"predecessor-version":[{"id":2022,"href":"https:\/\/www.coach-hunter.com\/content\/wp-json\/wp\/v2\/pages\/1851\/revisions\/2022"}],"wp:attachment":[{"href":"https:\/\/www.coach-hunter.com\/content\/wp-json\/wp\/v2\/media?parent=1851"}],"curies":[{"name":"wp","href":"https:\/\/api.w.org\/{rel}","templated":true}]}}