{"id":1798,"date":"2020-11-13T13:15:50","date_gmt":"2020-11-13T13:15:50","guid":{"rendered":"https:\/\/www.coach-hunter.com\/content\/?page_id=1798"},"modified":"2020-12-09T16:33:09","modified_gmt":"2020-12-09T16:33:09","slug":"formation-les-mills","status":"publish","type":"page","link":"https:\/\/www.coach-hunter.com\/content\/formation-les-mills\/","title":{"rendered":"La formation Les Mills pr\u00e9sent\u00e9e par Coach Hunter"},"content":{"rendered":"\n<p>La <a class=\"callAction\" href=\"https:\/\/www.coach-hunter.com\/content\/formation-coach-sportif\/\">formation coach sportif<\/a> que nous allons vous pr\u00e9senter vous permettra de donner des <strong>cours collectifs<\/strong>. Il s&rsquo;agit de la <strong>Formation Les Mills<\/strong>. Cette m\u00e9thode de fitness mondialement connue a fait ses preuves. Elle a r\u00e9ussi \u00e0 convaincre des millions de personnes que le sport pouvait \u00eatre ludique tout en \u00e9tant efficace. <br><br>Vous trouverez donc ici toutes les informations n\u00e9cessaires pour devenir un <strong>instructeur Les Mills<\/strong> !<\/p>\n\n\n\n<div class='flexo'><div class=\"lames2\">\n\n\n\n<h2 class=\"wp-block-heading\">Les grands principes de la formation Les Mills<\/h2>\n\n\n\n<div class=\"wp-block-image\"><figure class=\"aligncenter size-large\"><img loading=\"lazy\" decoding=\"async\" width=\"626\" height=\"417\" src=\"https:\/\/www.coach-hunter.com\/content\/wp-content\/uploads\/2020\/10\/Formation-Les-Mills.jpg\" alt=\"Formation Les Mills\" class=\"wp-image-1807\" srcset=\"https:\/\/www.coach-hunter.com\/content\/wp-content\/uploads\/2020\/10\/Formation-Les-Mills.jpg 626w, https:\/\/www.coach-hunter.com\/content\/wp-content\/uploads\/2020\/10\/Formation-Les-Mills-300x200.jpg 300w\" sizes=\"auto, (max-width: 626px) 85vw, 626px\" \/><\/figure><\/div>\n\n\n\n<p>Le <strong>projet LesMills<\/strong> consiste \u00e0 proposer des cours collectifs divers form\u00e9s sur un m\u00eame mod\u00e8le. Une chor\u00e9graphie est cr\u00e9\u00e9e p\u00e9riodiquement sur une musique entra\u00eenante, tout en respectant la th\u00e9matique du cours. Le but est de <strong>fid\u00e9liser les participants<\/strong> \u00e0 chaque cours. <br><br>En effet, le principe de chor\u00e9graphie ajoute une <strong>motivation <\/strong>suppl\u00e9mentaire. Les participants se rendent compte qu&rsquo;ils font des progr\u00e8s de s\u00e9ance en s\u00e9ance, tout en b\u00e9n\u00e9ficiant des <strong>avantages sportifs<\/strong> de la m\u00e9thode.<br><br>Les <strong>coachs sportifs certifi\u00e9s Les Mills <\/strong>doivent communiquer leur passion du fitness avec entrain et bonne humeur. Les professionnels montent sur une estrade, en face des participants, pour montrer les mouvements. Si vous avez toujours r\u00eav\u00e9 de <strong>monter sur sc\u00e8ne<\/strong>, vous serez ravis d&rsquo;\u00eatre un coach Les Mills ! <br><br>De plus, vous cr\u00e9erez un lien particulier avec toutes ces personnes devant vous. Vous serez associ\u00e9 \u00e0 un programme LesMills, et serez synonyme de rendez-vous sportif pour ces gens. L&rsquo;<strong>effet de groupe <\/strong>permet \u00e9galement de motiver individuellement les participants. <br><br>Les Mills est une m\u00e9thode pr\u00e9sente dans de nombreux <strong>clubs de fitness<\/strong> et salles de sport. Entre autre, pour animer des cours collectifs, rien de vaut cette certification. Les Mills se positionne en effet comme le <strong>leader mondial de la formation fitness<\/strong>. Elle vous permettra d&rsquo;acqu\u00e9rir des comp\u00e9tences universelles dans l&rsquo;encadrement de cours collectifs<\/p>\n\n\n\n<\/div><div class=\"lames2\">\n\n\n\n<h2 class=\"wp-block-heading\">Les types de cours propos\u00e9s en formation LesMills<\/h2>\n\n\n\n<p>Toutes les formations Les Mills restent sp\u00e9cifiques \u00e0 un cours collectif donn\u00e9. La m\u00e9thode comporte 13 programmes (<a href=\"https:\/\/www.lesmills.com\/fr\/programmes\/tous\/\" target=\"_blank\" rel=\"noreferrer noopener\">en savoir plus<\/a>). Nous vous pr\u00e9sentons ici les plus appr\u00e9ci\u00e9s d&rsquo;entre eux.<\/p>\n\n\n\n<h3 class=\"wp-block-heading\">Body Pump<\/h3>\n\n\n\n<p>Le <strong>Body Pump<\/strong> conf\u00e8re un entra\u00eenement sportif complet du corps. Les exercices s&rsquo;accompagnent de poids l\u00e9gers, accessibles \u00e0 tous les niveaux. Il s&rsquo;agit d&rsquo;un cours ax\u00e9 sur le renforcement musculaire.<\/p>\n\n\n\n<h3 class=\"wp-block-heading\">Body Combat<\/h3>\n\n\n\n<p>Le <strong>Body Combat<\/strong> est un cours inspir\u00e9 des arts martiaux, sans contact entre les participants. Ce programme fera travailler votre cardio, votre souplesse, ainsi que vos muscles. L&rsquo;intensit\u00e9 de la chor\u00e9graphie augmente au fur et \u00e0 mesure des s\u00e9ances.<\/p>\n\n\n\n<h3 class=\"wp-block-heading\">Body Balance<\/h3>\n\n\n\n<p>Le <strong>Body Balance<\/strong> est un programme Les Mills inspir\u00e9 du yoga et du Tai chi. Il s&rsquo;agit du cours id\u00e9al pour am\u00e9liorer sa souplesse et pratiquer le stretching. Les instructeurs accentueront les modes de respiration pour que vous sortiez de ce cours d\u00e9tendu et repos\u00e9.<\/p>\n\n\n\n<h3 class=\"wp-block-heading\">Body Attack<\/h3>\n\n\n\n<p>Le <strong>Body Attack<\/strong> est le cours id\u00e9al pour se d\u00e9fouler \u00e0 la fin d&rsquo;une journ\u00e9e. Il s&rsquo;agit du cours le plus cardio et le plus \u00ab\u00a0\u00e9lectrique\u00a0\u00bb des programmes Les Mills. Il m\u00e9lange des exercices explosifs comme des sauts, \u00e0 de la course, et \u00e0 du renforcement musculaire.<\/p>\n\n\n\n<\/div><div class=\"lames2\">\n\n\n\n<h2 class=\"wp-block-heading\">Formation initiale Les Mills<\/h2>\n\n\n\n<div class=\"wp-block-image\"><figure class=\"aligncenter size-large\"><img loading=\"lazy\" decoding=\"async\" width=\"626\" height=\"417\" src=\"https:\/\/www.coach-hunter.com\/content\/wp-content\/uploads\/2020\/10\/Formation-Les-Mills2.jpg\" alt=\"Formation Les Mills : cours collectifs\" class=\"wp-image-1808\" srcset=\"https:\/\/www.coach-hunter.com\/content\/wp-content\/uploads\/2020\/10\/Formation-Les-Mills2.jpg 626w, https:\/\/www.coach-hunter.com\/content\/wp-content\/uploads\/2020\/10\/Formation-Les-Mills2-300x200.jpg 300w\" sizes=\"auto, (max-width: 626px) 85vw, 626px\" \/><\/figure><\/div>\n\n\n\n<p>La <strong>formation Les Mills initiale<\/strong> est disponible dans des centres sportifs affili\u00e9s. Le plus vaste d&rsquo;entre eux se nomme <strong>Planet fitness-Les Mills, situ\u00e9 \u00e0 Aix en Provence<\/strong>. <br>Cette formation s&rsquo;adresse \u00e0 tous les <strong>\u00e9ducateurs sportifs<\/strong> exer\u00e7ant dans une salle de sport affili\u00e9e. Mais pas que ! Si vous \u00eates un <strong>coach ind\u00e9pendant<\/strong>, vous pouvez \u00e9galement effectuer une certification Les Mills. Enfin, si vous entamez un projet de <strong>reconversion professionnelle<\/strong> dans les m\u00e9tiers de la forme, cette formation vous est aussi accessible.<br><br>La formation initiale s&rsquo;\u00e9tend sur <strong>trois jours<\/strong>. Si vous souhaitez proposer plusieurs programmes Les Mills, il faudra vous former dans chacun des cours, s\u00e9par\u00e9ment.<br>Durant ces trois jours, des coachs sportifs vous proposeront un encadrement sp\u00e9cifique au programme choisi. Ils vous apprendront \u00e0 <strong>ma\u00eetriser les mouvements<\/strong>, \u00e0 <strong>cr\u00e9er les chor\u00e9graphies<\/strong>, \u00e0 <strong>motiver les participants<\/strong>.<br>La formation initiale s&rsquo;articule autours d&rsquo;ateliers pratiques, de cours th\u00e9oriques et d&rsquo;entretiens individuels.<\/p>\n\n\n\n<\/div><\/div>\n\n\n\n<h2 class=\"wp-block-heading\">D&rsquo;autres formations coach sportif :<\/h2>\n\n\n\n<ul class=\"wp-block-list\"><li><a href=\"https:\/\/www.coach-hunter.com\/content\/formation-crossfit\/\">Formation CrossFit<\/a><\/li><li><a href=\"https:\/\/www.coach-hunter.com\/content\/formation-pilates\/\">Formation Pilates<\/a><\/li><li><a href=\"https:\/\/www.coach-hunter.com\/content\/formation-sophrologie\/\">Formation Sophrologie<\/a><\/li><li><a href=\"https:\/\/www.coach-hunter.com\/content\/formation-trx\/\">Formation TRX<\/a><\/li><li><a href=\"https:\/\/www.coach-hunter.com\/content\/formation-yoga\/\">Formation Yoga<\/a><\/li><li><a href=\"https:\/\/www.coach-hunter.com\/content\/formation-zumba\/\">Formation Zumba<\/a><\/li><\/ul>\n","protected":false},"excerpt":{"rendered":"<p>La formation coach sportif que nous allons vous pr\u00e9senter vous permettra de donner des cours collectifs. Il s&rsquo;agit de la Formation Les Mills. Cette m\u00e9thode de fitness mondialement connue a fait ses preuves. Elle a r\u00e9ussi \u00e0 convaincre des millions de personnes que le sport pouvait \u00eatre ludique tout en \u00e9tant efficace. Vous trouverez donc &hellip; <a href=\"https:\/\/www.coach-hunter.com\/content\/formation-les-mills\/\" class=\"more-link\">Continuer la lecture<span class=\"screen-reader-text\"> de &laquo;&nbsp;La formation Les Mills pr\u00e9sent\u00e9e par Coach Hunter&nbsp;&raquo;<\/span><\/a><\/p>\n","protected":false},"author":5,"featured_media":0,"parent":0,"menu_order":0,"comment_status":"closed","ping_status":"closed","template":"","meta":{"footnotes":""},"class_list":["post-1798","page","type-page","status-publish","hentry"],"yoast_head":"<!-- This site is optimized with the Yoast SEO plugin v25.9 - https:\/\/yoast.com\/wordpress\/plugins\/seo\/ -->\n<title>Formation Les Mills, le coach sportif sp\u00e9cialiste des cours collectifs<\/title>\n<meta name=\"description\" content=\"La Formation Les Mills permet aux personal trainers de se sp\u00e9cialiser dans la m\u00e9thode fitness et dans chacun de ses programmes de cours collectifs.\" \/>\n<meta name=\"robots\" content=\"index, follow, max-snippet:-1, max-image-preview:large, max-video-preview:-1\" \/>\n<link rel=\"canonical\" href=\"https:\/\/www.coach-hunter.com\/content\/formation-les-mills\/\" \/>\n<meta property=\"og:locale\" content=\"fr_FR\" \/>\n<meta property=\"og:type\" content=\"article\" \/>\n<meta property=\"og:title\" content=\"Formation Les Mills, le coach sportif sp\u00e9cialiste des cours collectifs\" \/>\n<meta property=\"og:description\" content=\"La Formation Les Mills permet aux personal trainers de se sp\u00e9cialiser dans la m\u00e9thode fitness et dans chacun de ses programmes de cours collectifs.\" \/>\n<meta property=\"og:url\" content=\"https:\/\/www.coach-hunter.com\/content\/formation-les-mills\/\" \/>\n<meta property=\"og:site_name\" content=\"Blog Coach Hunter\" \/>\n<meta property=\"article:modified_time\" content=\"2020-12-09T16:33:09+00:00\" \/>\n<meta property=\"og:image\" content=\"https:\/\/www.coach-hunter.com\/content\/wp-content\/uploads\/2020\/10\/Formation-Les-Mills.jpg\" \/>\n<meta name=\"twitter:card\" content=\"summary_large_image\" \/>\n<meta name=\"twitter:label1\" content=\"Dur\u00e9e de lecture estim\u00e9e\" \/>\n\t<meta name=\"twitter:data1\" content=\"4 minutes\" \/>\n<script type=\"application\/ld+json\" class=\"yoast-schema-graph\">{\"@context\":\"https:\/\/schema.org\",\"@graph\":[{\"@type\":\"WebPage\",\"@id\":\"https:\/\/www.coach-hunter.com\/content\/formation-les-mills\/\",\"url\":\"https:\/\/www.coach-hunter.com\/content\/formation-les-mills\/\",\"name\":\"Formation Les Mills, le coach sportif sp\u00e9cialiste des cours collectifs\",\"isPartOf\":{\"@id\":\"https:\/\/www.coach-hunter.com\/content\/#website\"},\"primaryImageOfPage\":{\"@id\":\"https:\/\/www.coach-hunter.com\/content\/formation-les-mills\/#primaryimage\"},\"image\":{\"@id\":\"https:\/\/www.coach-hunter.com\/content\/formation-les-mills\/#primaryimage\"},\"thumbnailUrl\":\"https:\/\/www.coach-hunter.com\/content\/wp-content\/uploads\/2020\/10\/Formation-Les-Mills.jpg\",\"datePublished\":\"2020-11-13T13:15:50+00:00\",\"dateModified\":\"2020-12-09T16:33:09+00:00\",\"description\":\"La Formation Les Mills permet aux personal trainers de se sp\u00e9cialiser dans la m\u00e9thode fitness et dans chacun de ses programmes de cours collectifs.\",\"breadcrumb\":{\"@id\":\"https:\/\/www.coach-hunter.com\/content\/formation-les-mills\/#breadcrumb\"},\"inLanguage\":\"fr-FR\",\"potentialAction\":[{\"@type\":\"ReadAction\",\"target\":[\"https:\/\/www.coach-hunter.com\/content\/formation-les-mills\/\"]}]},{\"@type\":\"ImageObject\",\"inLanguage\":\"fr-FR\",\"@id\":\"https:\/\/www.coach-hunter.com\/content\/formation-les-mills\/#primaryimage\",\"url\":\"https:\/\/www.coach-hunter.com\/content\/wp-content\/uploads\/2020\/10\/Formation-Les-Mills.jpg\",\"contentUrl\":\"https:\/\/www.coach-hunter.com\/content\/wp-content\/uploads\/2020\/10\/Formation-Les-Mills.jpg\",\"width\":626,\"height\":417},{\"@type\":\"BreadcrumbList\",\"@id\":\"https:\/\/www.coach-hunter.com\/content\/formation-les-mills\/#breadcrumb\",\"itemListElement\":[{\"@type\":\"ListItem\",\"position\":1,\"name\":\"Accueil\",\"item\":\"https:\/\/www.coach-hunter.com\/content\/\"},{\"@type\":\"ListItem\",\"position\":2,\"name\":\"La formation Les Mills pr\u00e9sent\u00e9e par Coach Hunter\"}]},{\"@type\":\"WebSite\",\"@id\":\"https:\/\/www.coach-hunter.com\/content\/#website\",\"url\":\"https:\/\/www.coach-hunter.com\/content\/\",\"name\":\"Blog Coach Hunter\",\"description\":\"\",\"potentialAction\":[{\"@type\":\"SearchAction\",\"target\":{\"@type\":\"EntryPoint\",\"urlTemplate\":\"https:\/\/www.coach-hunter.com\/content\/?s={search_term_string}\"},\"query-input\":{\"@type\":\"PropertyValueSpecification\",\"valueRequired\":true,\"valueName\":\"search_term_string\"}}],\"inLanguage\":\"fr-FR\"}]}<\/script>\n<!-- \/ Yoast SEO plugin. -->","yoast_head_json":{"title":"Formation Les Mills, le coach sportif sp\u00e9cialiste des cours collectifs","description":"La Formation Les Mills permet aux personal trainers de se sp\u00e9cialiser dans la m\u00e9thode fitness et dans chacun de ses programmes de cours collectifs.","robots":{"index":"index","follow":"follow","max-snippet":"max-snippet:-1","max-image-preview":"max-image-preview:large","max-video-preview":"max-video-preview:-1"},"canonical":"https:\/\/www.coach-hunter.com\/content\/formation-les-mills\/","og_locale":"fr_FR","og_type":"article","og_title":"Formation Les Mills, le coach sportif sp\u00e9cialiste des cours collectifs","og_description":"La Formation Les Mills permet aux personal trainers de se sp\u00e9cialiser dans la m\u00e9thode fitness et dans chacun de ses programmes de cours collectifs.","og_url":"https:\/\/www.coach-hunter.com\/content\/formation-les-mills\/","og_site_name":"Blog Coach Hunter","article_modified_time":"2020-12-09T16:33:09+00:00","og_image":[{"url":"https:\/\/www.coach-hunter.com\/content\/wp-content\/uploads\/2020\/10\/Formation-Les-Mills.jpg","type":"","width":"","height":""}],"twitter_card":"summary_large_image","twitter_misc":{"Dur\u00e9e de lecture estim\u00e9e":"4 minutes"},"schema":{"@context":"https:\/\/schema.org","@graph":[{"@type":"WebPage","@id":"https:\/\/www.coach-hunter.com\/content\/formation-les-mills\/","url":"https:\/\/www.coach-hunter.com\/content\/formation-les-mills\/","name":"Formation Les Mills, le coach sportif sp\u00e9cialiste des cours collectifs","isPartOf":{"@id":"https:\/\/www.coach-hunter.com\/content\/#website"},"primaryImageOfPage":{"@id":"https:\/\/www.coach-hunter.com\/content\/formation-les-mills\/#primaryimage"},"image":{"@id":"https:\/\/www.coach-hunter.com\/content\/formation-les-mills\/#primaryimage"},"thumbnailUrl":"https:\/\/www.coach-hunter.com\/content\/wp-content\/uploads\/2020\/10\/Formation-Les-Mills.jpg","datePublished":"2020-11-13T13:15:50+00:00","dateModified":"2020-12-09T16:33:09+00:00","description":"La Formation Les Mills permet aux personal trainers de se sp\u00e9cialiser dans la m\u00e9thode fitness et dans chacun de ses programmes de cours collectifs.","breadcrumb":{"@id":"https:\/\/www.coach-hunter.com\/content\/formation-les-mills\/#breadcrumb"},"inLanguage":"fr-FR","potentialAction":[{"@type":"ReadAction","target":["https:\/\/www.coach-hunter.com\/content\/formation-les-mills\/"]}]},{"@type":"ImageObject","inLanguage":"fr-FR","@id":"https:\/\/www.coach-hunter.com\/content\/formation-les-mills\/#primaryimage","url":"https:\/\/www.coach-hunter.com\/content\/wp-content\/uploads\/2020\/10\/Formation-Les-Mills.jpg","contentUrl":"https:\/\/www.coach-hunter.com\/content\/wp-content\/uploads\/2020\/10\/Formation-Les-Mills.jpg","width":626,"height":417},{"@type":"BreadcrumbList","@id":"https:\/\/www.coach-hunter.com\/content\/formation-les-mills\/#breadcrumb","itemListElement":[{"@type":"ListItem","position":1,"name":"Accueil","item":"https:\/\/www.coach-hunter.com\/content\/"},{"@type":"ListItem","position":2,"name":"La formation Les Mills pr\u00e9sent\u00e9e par Coach Hunter"}]},{"@type":"WebSite","@id":"https:\/\/www.coach-hunter.com\/content\/#website","url":"https:\/\/www.coach-hunter.com\/content\/","name":"Blog Coach Hunter","description":"","potentialAction":[{"@type":"SearchAction","target":{"@type":"EntryPoint","urlTemplate":"https:\/\/www.coach-hunter.com\/content\/?s={search_term_string}"},"query-input":{"@type":"PropertyValueSpecification","valueRequired":true,"valueName":"search_term_string"}}],"inLanguage":"fr-FR"}]}},"_links":{"self":[{"href":"https:\/\/www.coach-hunter.com\/content\/wp-json\/wp\/v2\/pages\/1798","targetHints":{"allow":["GET"]}}],"collection":[{"href":"https:\/\/www.coach-hunter.com\/content\/wp-json\/wp\/v2\/pages"}],"about":[{"href":"https:\/\/www.coach-hunter.com\/content\/wp-json\/wp\/v2\/types\/page"}],"author":[{"embeddable":true,"href":"https:\/\/www.coach-hunter.com\/content\/wp-json\/wp\/v2\/users\/5"}],"replies":[{"embeddable":true,"href":"https:\/\/www.coach-hunter.com\/content\/wp-json\/wp\/v2\/comments?post=1798"}],"version-history":[{"count":12,"href":"https:\/\/www.coach-hunter.com\/content\/wp-json\/wp\/v2\/pages\/1798\/revisions"}],"predecessor-version":[{"id":2023,"href":"https:\/\/www.coach-hunter.com\/content\/wp-json\/wp\/v2\/pages\/1798\/revisions\/2023"}],"wp:attachment":[{"href":"https:\/\/www.coach-hunter.com\/content\/wp-json\/wp\/v2\/media?parent=1798"}],"curies":[{"name":"wp","href":"https:\/\/api.w.org\/{rel}","templated":true}]}}