{"id":1785,"date":"2020-11-09T12:53:41","date_gmt":"2020-11-09T12:53:41","guid":{"rendered":"https:\/\/www.coach-hunter.com\/content\/?page_id=1785"},"modified":"2020-11-24T12:21:05","modified_gmt":"2020-11-24T12:21:05","slug":"formation-coach-sportif","status":"publish","type":"page","link":"https:\/\/www.coach-hunter.com\/content\/formation-coach-sportif\/","title":{"rendered":"Quelle formation de coach sportif est faite pour vous ?"},"content":{"rendered":"\n<p>La meilleure mani\u00e8re de <a class=\"callAction\" href=\"https:\/\/www.coach-hunter.com\/devenir-coach-sportif\">devenir coach sportif<\/a> consiste \u00e0 obtenir un dipl\u00f4me d&rsquo;Etat. On pense notamment \u00e0 la fili\u00e8re des <strong>Sciences et Techniques des activit\u00e9s physiques<\/strong> (STAPS). Ou encore \u00e0 la voie professionnelle repr\u00e9sent\u00e9e par le BPJEPS (<strong>brevet professionnel de la jeunesse de l&rsquo; \u00e9ducation populaire et du sport<\/strong>). Toutefois, une fois dipl\u00f4m\u00e9, vous pouvez vous sp\u00e9cialiser avec une <strong>formation coach sportif<\/strong>.<\/p>\n\n\n\n<p>Ces derni\u00e8res sont nombreuses, et toutes ne se valent pas. <strong>Coach Hunter<\/strong> vous a s\u00e9lectionn\u00e9 les formations les plus pertinentes et qualitatives afin d&rsquo;am\u00e9liorer vos connaissances en <strong>pratique sportive<\/strong>. Vous pourrez ainsi proposer \u00e0 vos clients une approche diversifi\u00e9e de l&rsquo;entrainement, au sein de leur <strong>coaching sportif<\/strong>.<\/p>\n\n\n\n<div class=\"wp-block-image\"><figure class=\"aligncenter size-large\"><img loading=\"lazy\" decoding=\"async\" width=\"626\" height=\"417\" src=\"https:\/\/www.coach-hunter.com\/content\/wp-content\/uploads\/2020\/10\/formation-coach-sportif.jpg\" alt=\"formation coach sportif\" class=\"wp-image-1789\" srcset=\"https:\/\/www.coach-hunter.com\/content\/wp-content\/uploads\/2020\/10\/formation-coach-sportif.jpg 626w, https:\/\/www.coach-hunter.com\/content\/wp-content\/uploads\/2020\/10\/formation-coach-sportif-300x200.jpg 300w\" sizes=\"auto, (max-width: 626px) 85vw, 626px\" \/><\/figure><\/div>\n\n\n\n<div class='flexo'><div class=\"lames2\">\n\n\n\n<h2 class=\"wp-block-heading\">Formation coach Crossfit\u00ae<\/h2>\n\n\n\n<p>Pour exercer le <strong>m\u00e9tier de coach sportif<\/strong> dans une <strong>box de Crossfit\u00ae<\/strong>, l&rsquo;Etat impose aux instructeurs d&rsquo;\u00eatre titulaires d&rsquo;un dipl\u00f4me reconnu. Mais dans le cas concret du <strong>cross training<\/strong> en structure priv\u00e9e, cela ne suffit pas. Il vous faudra en effet r\u00e9aliser et valider une <a class=\"callAction\" href=\"https:\/\/www.coach-hunter.com\/content\/formation-crossfit\/\">Formation CrossFit<\/a>.<\/p>\n\n\n\n<p>En outre, les coachs sportifs doivent d\u00e9tenir, au minimum, la <strong>certification CrossFit&nbsp;\u00ae Level 1<\/strong>. Il existe 4 niveaux de formation d\u00e9di\u00e9e au cross training. Notamment, les deux derniers niveaux vous permettront d&rsquo;acqu\u00e9rir une expertise suffisante pour encadrer des <strong>comp\u00e9titeurs <\/strong>en CrossFit&nbsp;\u00ae.<\/p>\n\n\n\n<\/div><div class=\"lames2\">\n\n\n\n<h2 class=\"wp-block-heading\">Formation Les Mills<\/h2>\n\n\n\n<p>La <a class=\"callAction\" href=\"https:\/\/www.coach-hunter.com\/content\/formation-les-mills\/\">Formation Les Mills<\/a> permet d&rsquo;encadrer les cours collectifs de la m\u00e9thode dans les salles de sport affili\u00e9es. Pour r\u00e9ussir cette formation, il est conseill\u00e9 d&rsquo;avoir obtenu au pr\u00e9alable un dipl\u00f4me sp\u00e9cialis\u00e9 dans les <strong>m\u00e9tiers de la forme<\/strong>. Il peut s&rsquo;agir du <strong>DEUST <\/strong>\u00e9ponyme, ou du <strong>BPJEPS activit\u00e9s gymniques de la forme<\/strong> (AF \/ AGFF).<\/p>\n\n\n\n<p>La <strong>m\u00e9thode Les Mills<\/strong> consiste \u00e0 m\u00e9langer <strong>cardio training<\/strong> et exercices de <strong>renforcement musculaire<\/strong>, sous la forme de <strong>chor\u00e9graphies<\/strong>. Ceci permet de motiver les pratiquants pour qui le sport ne rimerait pas avec plaisir. Les cours Les Mills sont aussi adapt\u00e9s \u00e0 une <strong>perte de poids<\/strong> durable et \u00e0 la <strong>remise en forme<\/strong>.<\/p>\n\n\n\n<\/div><div class=\"lames2\">\n\n\n\n<h2 class=\"wp-block-heading\">Formation Pilates<\/h2>\n\n\n\n<p>Le <strong>Pilates <\/strong>est une m\u00e9thode de <strong>gymnastique douce<\/strong> permettant de renforcer les <strong>muscles profonds<\/strong>. Pour enseigner en studio priv\u00e9, ou dans le cadre d&rsquo;un <strong>coaching sportif \u00e0 domicile<\/strong>, vous devrez valider une <a class=\"callAction\" href=\"https:\/\/www.coach-hunter.com\/content\/formation-pilates\/\">formation Pilates<\/a>. Une fois certifi\u00e9, l&rsquo; <strong>\u00e9ducateur sportif<\/strong> pourra encadrer tout type de s\u00e9ance de sport int\u00e9grant cette gymnastique.<br><br>La <strong>m\u00e9thode Pilates<\/strong> est reconnue pour am\u00e9liorer la <strong>condition physique<\/strong> et l&rsquo;\u00e9tat de sant\u00e9 des pratiquants. Le travail sur la <strong>posture <\/strong>permet de soulager le <strong>mal de dos<\/strong> sur le long terme. De ce fait, les <strong>instructeurs pilates<\/strong> doivent \u00eatre capables d&rsquo;encadrer un <strong>public de tout \u00e2ge<\/strong>.<\/p>\n\n\n\n<\/div><div class=\"lames2\">\n\n\n\n<h2 class=\"wp-block-heading\">Formation Coach en Sophrologie<\/h2>\n\n\n\n<p>Bien qu&rsquo;il ne s&rsquo;agisse pas d&rsquo;une discipline sportive, la <strong>sophrologie <\/strong>pourrait ut devenir le \u00ab\u00a0plus\u00a0\u00bb qui fera passer votre coaching de \u00ab\u00a0bon\u00a0\u00bb, \u00e0 \u00ab\u00a0excellent\u00a0\u00bb. De ce fait, vous pourriez avoir int\u00e9r\u00eat \u00e0 effectuer une <a class=\"callAction\" href=\"https:\/\/www.coach-hunter.com\/content\/formation-sophrologie\/\">formation Sophrologie<\/a>, notamment si vous travaillez dans la remise en forme. Les clients souhaitant <strong>perdre du poids<\/strong> pourraient \u00e9galement tirer profit de vos comp\u00e9tences. <br><br>En effet, on sait que le cerveau a une lourde part de responsabilit\u00e9 dans la r\u00e9ponse \u00e0 la sensation de faim. La sophrologie <strong>associant le corps et l&rsquo;esprit<\/strong> dans sa conception, vous pourrez les aider. <br>Enfin, cette philosophie, et <strong>m\u00e9thode de m\u00e9ditation<\/strong>, accorde une grande importance \u00e0 la <strong>respiration<\/strong>. Elle induit un <strong>rel\u00e2chement musculaire<\/strong> b\u00e9n\u00e9fique dans le cadre de <strong>stress chronique<\/strong>. <\/p>\n\n\n\n<\/div><div class=\"lames2\">\n\n\n\n<h2 class=\"wp-block-heading\">Formation TRX<\/h2>\n\n\n\n<p>La <a class=\"callAction\" href=\"https:\/\/www.coach-hunter.com\/content\/formation-trx\/\">Formation TRX<\/a><strong> <\/strong>permettra aux coachs sportifs de proposer des entrainements aux m\u00e9thodes diverses. Le <strong>TRX <\/strong>est un mat\u00e9riel con\u00e7u par un militaire am\u00e9ricain, permettant de <strong>faire du sport<\/strong> dans un espace confin\u00e9. Cet accessoire de petite taille vous apporte tout de m\u00eame une <strong>r\u00e9sistance <\/strong>int\u00e9ressante sur de nombreux exercices, en plus de vous faire travailler la stabilit\u00e9 et l&rsquo;<strong>\u00e9quilibre<\/strong>. <\/p>\n\n\n\n<p>Il existe \u00e0 ce jours plusieurs types de formation coach sportif pour TRX. Quatre d&rsquo;entre elles se rapportent directement \u00e0 l&rsquo;utilisation du mat\u00e9riel. Elles sont class\u00e9es par niveau. Les autres constituent des <strong>m\u00e9thodes d&rsquo;entrainement alternatives<\/strong> au service d&rsquo;autres disciplines sportives. <br>Vous pourrez donc effectuer une <strong>formation TRX for Yoga<\/strong> si vous d\u00e9sirez acqu\u00e9rir de nouvelles comp\u00e9tences en gymnastique (<a rel=\"noreferrer noopener\" href=\"https:\/\/www.trxtraining.fr\/trx-for-yoga\" target=\"_blank\">en savoir plus<\/a>).<\/p>\n\n\n\n<\/div><div class=\"lames2\">\n\n\n\n<h2 class=\"wp-block-heading\">Formation Yoga<\/h2>\n\n\n\n<p>La <a class=\"callAction\" href=\"https:\/\/www.coach-hunter.com\/content\/formation-yoga\/\">formation Yoga<\/a> est une \u00e9tape primordiale pour enseigner les diverses activit\u00e9s physiques et sportives de ce domaine. Vous l&rsquo;aurez compris, il existe de nombreuses formations diff\u00e9rentes, associ\u00e9es \u00e0 un type de yoga en particulier. Toutefois, vous pourrez r\u00e9aliser dans un premier temps une <strong>certification g\u00e9n\u00e9rale<\/strong>, vous permettant d&rsquo;apprendre les <strong>asanas de base<\/strong> et leurs variantes.<br><br>Ensuite, selon le type de cours que vous souhaitez dispenser, vous pourrez vous sp\u00e9cialiser. Le <strong>yoga Bikram<\/strong> reste encore aujourd&rsquo;hui une pratique de niche. De ce fait, nous vous conseillons de vous tourner vers le <strong>Vinyasa Yoga<\/strong>, plus adapt\u00e9 au grand public, et conseill\u00e9 \u00e0 tout \u00e2ge.<\/p>\n\n\n\n<\/div><div class=\"lames2\">\n\n\n\n<h2 class=\"wp-block-heading\">Formation Zumba<\/h2>\n\n\n\n<p>Pour proposer des <strong>cours de zumba<\/strong> au public, il vous faudra effectuer une formation coach sportif adapt\u00e9e. La pratique de cette activit\u00e9 physique requerra  de faire preuve de <strong>dynamisme <\/strong>et de pr\u00e9cision. La zumba reste une danse codifi\u00e9e et chor\u00e9graphi\u00e9e, sur fond de <strong>musiques actuelles<\/strong>.<br><br>La <a class=\"callAction\" href=\"https:\/\/www.coach-hunter.com\/content\/formation-zumba\/\">formation Zumba<\/a> s&rsquo;effectue souvent en salle de sport, ou en club de danse proposant des cours de zumba. Elle vous permettra d&rsquo;acqu\u00e9rir des comp\u00e9tences dans la conception de <strong>chor\u00e9graphie <\/strong>et dans l&rsquo;<strong>encadrement d&rsquo;un public<\/strong> de tout niveau. Si, selon vous, faire du sport rime avec moment de partage et bonne humeur, cette formation est faite pour vous.<\/p>\n\n\n\n<\/div><\/div>\n\n\n\n<h2 class=\"wp-block-heading\">Ressources compl\u00e9mentaires pour les coachs sportifs :<\/h2>\n\n\n\n<ul class=\"wp-block-list\"><li><a href=\"https:\/\/www.coach-hunter.com\/content\/diplomes-coach-sportif\/\">Dipl\u00f4mes coach sportif<\/a><\/li><li><a href=\"https:\/\/www.coach-hunter.com\/content\/assurance-coach-sportif\/\">Assurance coach sportif<\/a><\/li><li><a href=\"https:\/\/www.coach-hunter.com\/content\/statut-juridique-coach-sportif\/\">Statut juridique coach sportif<\/a><\/li><\/ul>\n","protected":false},"excerpt":{"rendered":"<p>La meilleure mani\u00e8re de devenir coach sportif consiste \u00e0 obtenir un dipl\u00f4me d&rsquo;Etat. On pense notamment \u00e0 la fili\u00e8re des Sciences et Techniques des activit\u00e9s physiques (STAPS). Ou encore \u00e0 la voie professionnelle repr\u00e9sent\u00e9e par le BPJEPS (brevet professionnel de la jeunesse de l&rsquo; \u00e9ducation populaire et du sport). Toutefois, une fois dipl\u00f4m\u00e9, vous pouvez &hellip; <a href=\"https:\/\/www.coach-hunter.com\/content\/formation-coach-sportif\/\" class=\"more-link\">Continuer la lecture<span class=\"screen-reader-text\"> de &laquo;&nbsp;Quelle formation de coach sportif est faite pour vous ?&nbsp;&raquo;<\/span><\/a><\/p>\n","protected":false},"author":5,"featured_media":0,"parent":0,"menu_order":0,"comment_status":"closed","ping_status":"closed","template":"","meta":{"footnotes":""},"class_list":["post-1785","page","type-page","status-publish","hentry"],"yoast_head":"<!-- This site is optimized with the Yoast SEO plugin v25.9 - https:\/\/yoast.com\/wordpress\/plugins\/seo\/ -->\n<title>Formation coach sportif, la voie des professionnels avec Coach Hunter<\/title>\n<meta name=\"description\" content=\"Coach Hunter vous pr\u00e9sente sa s\u00e9lection de formation pour coach sportif afin de perfectionner vos connaissances dans un domaine (yoga, cross training...).\" \/>\n<meta name=\"robots\" content=\"index, follow, max-snippet:-1, max-image-preview:large, max-video-preview:-1\" \/>\n<link rel=\"canonical\" href=\"https:\/\/www.coach-hunter.com\/content\/formation-coach-sportif\/\" \/>\n<meta property=\"og:locale\" content=\"fr_FR\" \/>\n<meta property=\"og:type\" content=\"article\" \/>\n<meta property=\"og:title\" content=\"Formation coach sportif, la voie des professionnels avec Coach Hunter\" \/>\n<meta property=\"og:description\" content=\"Coach Hunter vous pr\u00e9sente sa s\u00e9lection de formation pour coach sportif afin de perfectionner vos connaissances dans un domaine (yoga, cross training...).\" \/>\n<meta property=\"og:url\" content=\"https:\/\/www.coach-hunter.com\/content\/formation-coach-sportif\/\" \/>\n<meta property=\"og:site_name\" content=\"Blog Coach Hunter\" \/>\n<meta property=\"article:modified_time\" content=\"2020-11-24T12:21:05+00:00\" \/>\n<meta property=\"og:image\" content=\"https:\/\/www.coach-hunter.com\/content\/wp-content\/uploads\/2020\/10\/formation-coach-sportif.jpg\" \/>\n\t<meta property=\"og:image:width\" content=\"626\" \/>\n\t<meta property=\"og:image:height\" content=\"417\" \/>\n\t<meta property=\"og:image:type\" content=\"image\/jpeg\" \/>\n<meta name=\"twitter:card\" content=\"summary_large_image\" \/>\n<meta name=\"twitter:label1\" content=\"Dur\u00e9e de lecture estim\u00e9e\" \/>\n\t<meta name=\"twitter:data1\" content=\"5 minutes\" \/>\n<script type=\"application\/ld+json\" class=\"yoast-schema-graph\">{\"@context\":\"https:\/\/schema.org\",\"@graph\":[{\"@type\":\"WebPage\",\"@id\":\"https:\/\/www.coach-hunter.com\/content\/formation-coach-sportif\/\",\"url\":\"https:\/\/www.coach-hunter.com\/content\/formation-coach-sportif\/\",\"name\":\"Formation coach sportif, la voie des professionnels avec Coach Hunter\",\"isPartOf\":{\"@id\":\"https:\/\/www.coach-hunter.com\/content\/#website\"},\"primaryImageOfPage\":{\"@id\":\"https:\/\/www.coach-hunter.com\/content\/formation-coach-sportif\/#primaryimage\"},\"image\":{\"@id\":\"https:\/\/www.coach-hunter.com\/content\/formation-coach-sportif\/#primaryimage\"},\"thumbnailUrl\":\"https:\/\/www.coach-hunter.com\/content\/wp-content\/uploads\/2020\/10\/formation-coach-sportif.jpg\",\"datePublished\":\"2020-11-09T12:53:41+00:00\",\"dateModified\":\"2020-11-24T12:21:05+00:00\",\"description\":\"Coach Hunter vous pr\u00e9sente sa s\u00e9lection de formation pour coach sportif afin de perfectionner vos connaissances dans un domaine (yoga, cross training...).\",\"breadcrumb\":{\"@id\":\"https:\/\/www.coach-hunter.com\/content\/formation-coach-sportif\/#breadcrumb\"},\"inLanguage\":\"fr-FR\",\"potentialAction\":[{\"@type\":\"ReadAction\",\"target\":[\"https:\/\/www.coach-hunter.com\/content\/formation-coach-sportif\/\"]}]},{\"@type\":\"ImageObject\",\"inLanguage\":\"fr-FR\",\"@id\":\"https:\/\/www.coach-hunter.com\/content\/formation-coach-sportif\/#primaryimage\",\"url\":\"https:\/\/www.coach-hunter.com\/content\/wp-content\/uploads\/2020\/10\/formation-coach-sportif.jpg\",\"contentUrl\":\"https:\/\/www.coach-hunter.com\/content\/wp-content\/uploads\/2020\/10\/formation-coach-sportif.jpg\",\"width\":626,\"height\":417},{\"@type\":\"BreadcrumbList\",\"@id\":\"https:\/\/www.coach-hunter.com\/content\/formation-coach-sportif\/#breadcrumb\",\"itemListElement\":[{\"@type\":\"ListItem\",\"position\":1,\"name\":\"Accueil\",\"item\":\"https:\/\/www.coach-hunter.com\/content\/\"},{\"@type\":\"ListItem\",\"position\":2,\"name\":\"Quelle formation de coach sportif est faite pour vous ?\"}]},{\"@type\":\"WebSite\",\"@id\":\"https:\/\/www.coach-hunter.com\/content\/#website\",\"url\":\"https:\/\/www.coach-hunter.com\/content\/\",\"name\":\"Blog Coach Hunter\",\"description\":\"\",\"potentialAction\":[{\"@type\":\"SearchAction\",\"target\":{\"@type\":\"EntryPoint\",\"urlTemplate\":\"https:\/\/www.coach-hunter.com\/content\/?s={search_term_string}\"},\"query-input\":{\"@type\":\"PropertyValueSpecification\",\"valueRequired\":true,\"valueName\":\"search_term_string\"}}],\"inLanguage\":\"fr-FR\"}]}<\/script>\n<!-- \/ Yoast SEO plugin. -->","yoast_head_json":{"title":"Formation coach sportif, la voie des professionnels avec Coach Hunter","description":"Coach Hunter vous pr\u00e9sente sa s\u00e9lection de formation pour coach sportif afin de perfectionner vos connaissances dans un domaine (yoga, cross training...).","robots":{"index":"index","follow":"follow","max-snippet":"max-snippet:-1","max-image-preview":"max-image-preview:large","max-video-preview":"max-video-preview:-1"},"canonical":"https:\/\/www.coach-hunter.com\/content\/formation-coach-sportif\/","og_locale":"fr_FR","og_type":"article","og_title":"Formation coach sportif, la voie des professionnels avec Coach Hunter","og_description":"Coach Hunter vous pr\u00e9sente sa s\u00e9lection de formation pour coach sportif afin de perfectionner vos connaissances dans un domaine (yoga, cross training...).","og_url":"https:\/\/www.coach-hunter.com\/content\/formation-coach-sportif\/","og_site_name":"Blog Coach Hunter","article_modified_time":"2020-11-24T12:21:05+00:00","og_image":[{"width":626,"height":417,"url":"https:\/\/www.coach-hunter.com\/content\/wp-content\/uploads\/2020\/10\/formation-coach-sportif.jpg","type":"image\/jpeg"}],"twitter_card":"summary_large_image","twitter_misc":{"Dur\u00e9e de lecture estim\u00e9e":"5 minutes"},"schema":{"@context":"https:\/\/schema.org","@graph":[{"@type":"WebPage","@id":"https:\/\/www.coach-hunter.com\/content\/formation-coach-sportif\/","url":"https:\/\/www.coach-hunter.com\/content\/formation-coach-sportif\/","name":"Formation coach sportif, la voie des professionnels avec Coach Hunter","isPartOf":{"@id":"https:\/\/www.coach-hunter.com\/content\/#website"},"primaryImageOfPage":{"@id":"https:\/\/www.coach-hunter.com\/content\/formation-coach-sportif\/#primaryimage"},"image":{"@id":"https:\/\/www.coach-hunter.com\/content\/formation-coach-sportif\/#primaryimage"},"thumbnailUrl":"https:\/\/www.coach-hunter.com\/content\/wp-content\/uploads\/2020\/10\/formation-coach-sportif.jpg","datePublished":"2020-11-09T12:53:41+00:00","dateModified":"2020-11-24T12:21:05+00:00","description":"Coach Hunter vous pr\u00e9sente sa s\u00e9lection de formation pour coach sportif afin de perfectionner vos connaissances dans un domaine (yoga, cross training...).","breadcrumb":{"@id":"https:\/\/www.coach-hunter.com\/content\/formation-coach-sportif\/#breadcrumb"},"inLanguage":"fr-FR","potentialAction":[{"@type":"ReadAction","target":["https:\/\/www.coach-hunter.com\/content\/formation-coach-sportif\/"]}]},{"@type":"ImageObject","inLanguage":"fr-FR","@id":"https:\/\/www.coach-hunter.com\/content\/formation-coach-sportif\/#primaryimage","url":"https:\/\/www.coach-hunter.com\/content\/wp-content\/uploads\/2020\/10\/formation-coach-sportif.jpg","contentUrl":"https:\/\/www.coach-hunter.com\/content\/wp-content\/uploads\/2020\/10\/formation-coach-sportif.jpg","width":626,"height":417},{"@type":"BreadcrumbList","@id":"https:\/\/www.coach-hunter.com\/content\/formation-coach-sportif\/#breadcrumb","itemListElement":[{"@type":"ListItem","position":1,"name":"Accueil","item":"https:\/\/www.coach-hunter.com\/content\/"},{"@type":"ListItem","position":2,"name":"Quelle formation de coach sportif est faite pour vous ?"}]},{"@type":"WebSite","@id":"https:\/\/www.coach-hunter.com\/content\/#website","url":"https:\/\/www.coach-hunter.com\/content\/","name":"Blog Coach Hunter","description":"","potentialAction":[{"@type":"SearchAction","target":{"@type":"EntryPoint","urlTemplate":"https:\/\/www.coach-hunter.com\/content\/?s={search_term_string}"},"query-input":{"@type":"PropertyValueSpecification","valueRequired":true,"valueName":"search_term_string"}}],"inLanguage":"fr-FR"}]}},"_links":{"self":[{"href":"https:\/\/www.coach-hunter.com\/content\/wp-json\/wp\/v2\/pages\/1785","targetHints":{"allow":["GET"]}}],"collection":[{"href":"https:\/\/www.coach-hunter.com\/content\/wp-json\/wp\/v2\/pages"}],"about":[{"href":"https:\/\/www.coach-hunter.com\/content\/wp-json\/wp\/v2\/types\/page"}],"author":[{"embeddable":true,"href":"https:\/\/www.coach-hunter.com\/content\/wp-json\/wp\/v2\/users\/5"}],"replies":[{"embeddable":true,"href":"https:\/\/www.coach-hunter.com\/content\/wp-json\/wp\/v2\/comments?post=1785"}],"version-history":[{"count":15,"href":"https:\/\/www.coach-hunter.com\/content\/wp-json\/wp\/v2\/pages\/1785\/revisions"}],"predecessor-version":[{"id":2036,"href":"https:\/\/www.coach-hunter.com\/content\/wp-json\/wp\/v2\/pages\/1785\/revisions\/2036"}],"wp:attachment":[{"href":"https:\/\/www.coach-hunter.com\/content\/wp-json\/wp\/v2\/media?parent=1785"}],"curies":[{"name":"wp","href":"https:\/\/api.w.org\/{rel}","templated":true}]}}