{"id":1764,"date":"2020-11-06T12:29:11","date_gmt":"2020-11-06T12:29:11","guid":{"rendered":"https:\/\/www.coach-hunter.com\/content\/?page_id=1764"},"modified":"2020-11-06T12:29:12","modified_gmt":"2020-11-06T12:29:12","slug":"cqp-autre-mention","status":"publish","type":"page","link":"https:\/\/www.coach-hunter.com\/content\/cqp-autre-mention\/","title":{"rendered":"D\u00e9couvrez les CQP autre mention avec Coach Hunter !"},"content":{"rendered":"\n<p>Nous vous avons pr\u00e9sent\u00e9 de nombreux <a class=\"callAction\" href=\"https:\/\/www.coach-hunter.com\/content\/certificat-de-qualification-professionnelle\/\">Certificats de qualification professionnelle<\/a> permettant d&rsquo;acqu\u00e9rir des comp\u00e9tences dans divers sports. Ici vous trouverez notre rubrique <strong>CQP autre mention<\/strong>, contenant par exemple le <strong>CQP Sport pour Tous<\/strong>. <br>Ces formations vous permettront d&rsquo;exercer en tant qu&rsquo;animateur et <strong>coach sportif<\/strong> dans des structures publiques et priv\u00e9es.<\/p>\n\n\n\n<div class='flexo'><div class=\"lames2\">\n\n\n\n<h2 class=\"wp-block-heading\">Les CQP Autre mention :<\/h2>\n\n\n\n<div class=\"wp-block-image\"><figure class=\"aligncenter size-large\"><img loading=\"lazy\" decoding=\"async\" width=\"626\" height=\"417\" src=\"https:\/\/www.coach-hunter.com\/content\/wp-content\/uploads\/2020\/10\/cqp-autre-mention4.jpg\" alt=\"CQP autre mention\" class=\"wp-image-1766\" srcset=\"https:\/\/www.coach-hunter.com\/content\/wp-content\/uploads\/2020\/10\/cqp-autre-mention4.jpg 626w, https:\/\/www.coach-hunter.com\/content\/wp-content\/uploads\/2020\/10\/cqp-autre-mention4-300x200.jpg 300w\" sizes=\"auto, (max-width: 626px) 85vw, 626px\" \/><\/figure><\/div>\n\n\n\n<p>Ces Certificats de qualification professionnelle, <strong>CQP<\/strong>, sont tous inscrits au r\u00e9pertoire national des certifications professionnelles <strong>RNCP<\/strong>. Ils visent \u00e0 former des professionnels capables de <strong>concevoir un projet d enseignement<\/strong> dans une discipline sportive cibl\u00e9e. Cette certification donne acc\u00e8s \u00e0 un <strong>titre professionnel<\/strong> octroy\u00e9 par la <strong>F\u00e9d\u00e9ration sportive<\/strong> r\u00e9f\u00e9rente.<br><br>Nous vous proposons de d\u00e9tailler les trois <strong>autres mentions du CQP <\/strong>ci-dessous :<\/p>\n\n\n\n<ul class=\"wp-block-list\"><li>CQP Animateur de loisirs sportifs, comprenant 3 parcours<\/li><li>CQP Technicien sportif de basketball<\/li><li>CQP Moniteur de Roller Sports<\/li><\/ul>\n\n\n\n<\/div><div class=\"lames2\">\n\n\n\n<h2 class=\"wp-block-heading\">CQP Animateur de loisirs sportifs<\/h2>\n\n\n\n<div class=\"wp-block-image\"><figure class=\"aligncenter size-large\"><img loading=\"lazy\" decoding=\"async\" width=\"626\" height=\"417\" src=\"https:\/\/www.coach-hunter.com\/content\/wp-content\/uploads\/2020\/10\/cqp-autre-mention3.jpg\" alt=\"CQP autre mention\" class=\"wp-image-1767\" srcset=\"https:\/\/www.coach-hunter.com\/content\/wp-content\/uploads\/2020\/10\/cqp-autre-mention3.jpg 626w, https:\/\/www.coach-hunter.com\/content\/wp-content\/uploads\/2020\/10\/cqp-autre-mention3-300x200.jpg 300w\" sizes=\"auto, (max-width: 626px) 85vw, 626px\" \/><\/figure><\/div>\n\n\n\n<p>Le <strong>CQP Animateur de loisirs sportifs<\/strong>, not\u00e9 <strong>CQP ALS<\/strong> est la formation id\u00e9ale si vous souhaitez exercer votre m\u00e9tier de coach sportif en toute autonomie. La <strong>F\u00e9d\u00e9ration Fran\u00e7aise Sport pour Tous<\/strong> d\u00e9livre ce dipl\u00f4me et fixe le niveau de comp\u00e9tences requis (<a href=\"https:\/\/www.sportspourtous.org\/fr\/nos-activites\/quelle-activite-est-faite-pour-vous.html\" target=\"_blank\" rel=\"noreferrer noopener\">en savoir plus<\/a>).<\/p>\n\n\n\n<p>Cette formation se pr\u00e9sente sous 3 options : <strong>Activit\u00e9s Gymniques d&rsquo;Entretien et d&rsquo;Expression&nbsp;<\/strong>(AGEE)<strong>, Activit\u00e9s de Randonn\u00e9e de Proximit\u00e9 et d&rsquo;Orientation&nbsp;<\/strong>(ARPO)<strong>&nbsp;et Jeux Sportifs et Jeux d&rsquo;Opposition<\/strong>&nbsp;(JSJO).<br>Chaque parcours suit un m\u00eame tronc commun permettant d&rsquo;acc\u00e9der aux <strong>BPJEPS APT et AF<\/strong> si le d\u00e9tenteur du CQP le souhaite.<\/p>\n\n\n\n<p>Cette formation, accessible d\u00e8s 16 ans, se caract\u00e9rise par une insertion et finalit\u00e9 professionnelle \u00e9vidente. L&rsquo;option <strong>AGEE<\/strong> permet ainsi d&rsquo;exercer dans les centres de remise en forme, pour encadrer des cours de gymnastique et de fitness. Le parcours <strong>ARPO <\/strong>est particuli\u00e8rement recherch\u00e9 par les collectivit\u00e9s locales dans le cadre des sports de pleine nature. Enfin, l&rsquo;option <strong>JSJO <\/strong>(\u00e0 ne pas confondre avec le CQP MAM \u00ab\u00a0moniteur d&rsquo;arts martiaux\u00a0\u00bb), vous permettra d&rsquo;animer des s\u00e9ances collectives de boxe.<\/p>\n\n\n\n<\/div><div class=\"lames2\">\n\n\n\n<h2 class=\"wp-block-heading\">CQP Technicien sportif de basketball<\/h2>\n\n\n\n<div class=\"wp-block-image\"><figure class=\"aligncenter size-large\"><img loading=\"lazy\" decoding=\"async\" width=\"626\" height=\"417\" src=\"https:\/\/www.coach-hunter.com\/content\/wp-content\/uploads\/2020\/10\/cqp-autre-mention.jpg\" alt=\"CQP autre mention\" class=\"wp-image-1768\" srcset=\"https:\/\/www.coach-hunter.com\/content\/wp-content\/uploads\/2020\/10\/cqp-autre-mention.jpg 626w, https:\/\/www.coach-hunter.com\/content\/wp-content\/uploads\/2020\/10\/cqp-autre-mention-300x200.jpg 300w\" sizes=\"auto, (max-width: 626px) 85vw, 626px\" \/><\/figure><\/div>\n\n\n\n<p>Le <strong>CQP Technicien sportif de basketball<\/strong> permet d&rsquo;acqu\u00e9rir des comp\u00e9tences professionnelles dans l&rsquo;encadrement des <strong>s\u00e9ances collectives en Basket<\/strong>. D\u00e9livr\u00e9e par la <strong>FFBB<\/strong>, cette certification forme les futurs coachs sportifs exer\u00e7ants en clubs affili\u00e9s. Le titulaire du CQP devra alors mettre en \u0153uvre les projets de d\u00e9veloppement de sa structure.<br><br>Ce CQP est accessible d\u00e8s <strong>18 ans<\/strong> et requiert certaines exigences pr\u00e9alables. Notamment, le candidat devra \u00eatre <strong>titulaire du dipl\u00f4me d&rsquo;initiateur en basketball<\/strong>. En outre il s&rsquo;agit des dipl\u00f4mes \u00ab\u00a0Formation U13\/U20\u00a0\u00bb ou \u00ab\u00a0Initiateur+\u00a0\u00bb. <br>Comme tout professionnel du sport encadrant du public, le candidat devra aussi pr\u00e9senter un <strong>brevet de secourisme<\/strong>, de type PSC1.<\/p>\n\n\n\n<\/div><div class=\"lames2\">\n\n\n\n<h2 class=\"wp-block-heading\">CQP Moniteur de Roller Sports<\/h2>\n\n\n\n<div class=\"wp-block-image\"><figure class=\"aligncenter size-large\"><img loading=\"lazy\" decoding=\"async\" width=\"626\" height=\"417\" src=\"https:\/\/www.coach-hunter.com\/content\/wp-content\/uploads\/2020\/10\/cqp-autre-mention2.jpg\" alt=\"CQP autre mention\" class=\"wp-image-1769\" srcset=\"https:\/\/www.coach-hunter.com\/content\/wp-content\/uploads\/2020\/10\/cqp-autre-mention2.jpg 626w, https:\/\/www.coach-hunter.com\/content\/wp-content\/uploads\/2020\/10\/cqp-autre-mention2-300x200.jpg 300w\" sizes=\"auto, (max-width: 626px) 85vw, 626px\" \/><\/figure><\/div>\n\n\n\n<p>Le <strong>CQP Moniteur de Roller Sports<\/strong> est un nouvel arrivant parmi les <strong>Certificats de Qualification professionnelle du Sport<\/strong>. Cette certification permet d&rsquo;encadrer la pratique sportive dans la <strong>discipline associ\u00e9e au roller<\/strong> choisie en option. Par ailleurs, ces options sont Roller Artistique, Roller Hockey, Rink-Hockey, Freestyle et Roller Derby.<br><br>Le d\u00e9tenteur du CQP est r\u00e9mun\u00e9r\u00e9 dans la limite de 360 heures effectu\u00e9es par an. Il assure ainsi les <strong>cours d&rsquo;initiation en roller<\/strong>, aupr\u00e8s de groupes de 20 enfants ou adultes au maximum. <br>Mais aussi, il pourra accompagner les pratiquants jusqu&rsquo;aux <strong>premiers niveaux de comp\u00e9titions<\/strong> (d\u00e9partemental). <br>Pour acc\u00e9der \u00e0 cette formation, le candidat devra justifier d&rsquo;une <strong>exp\u00e9rience p\u00e9dagogique <\/strong>de 100 heures en club sportif. Enfin, son alternance en structure sportive devra \u00eatre tutor\u00e9e par un <strong>professionnel d\u00e9tenteur d&rsquo;un DEJEPS<\/strong>.<\/p>\n\n\n\n<\/div><\/div>\n\n\n\n<h2 class=\"wp-block-heading\">D&rsquo;autres mention du CQP <\/h2>\n\n\n\n<ul class=\"wp-block-list\"><li><a href=\"https:\/\/www.coach-hunter.com\/content\/cqp-moniteur-darts-martiaux\/\">CQP moniteur d\u2019arts martiaux<\/a><\/li><li><a href=\"https:\/\/www.coach-hunter.com\/content\/cqp-moniteur-de-rugby\/\">CQP moniteur de rugby<\/a><\/li><li><a href=\"https:\/\/www.coach-hunter.com\/content\/cqp-moniteur-de-tennis-de-table\/\">CQP moniteur de tennis de table<\/a><\/li><li><a href=\"https:\/\/www.coach-hunter.com\/content\/cqp-moniteur-en-sport-adapte\/\">CQP moniteur en sport adapt\u00e9<\/a><\/li><li><a href=\"https:\/\/www.coach-hunter.com\/content\/cqp-technicien-sportif-dathletisme\/\">CQP technicien sportif d\u2019athl\u00e9tisme<\/a>\u00a0<\/li><\/ul>\n","protected":false},"excerpt":{"rendered":"<p>Nous vous avons pr\u00e9sent\u00e9 de nombreux Certificats de qualification professionnelle permettant d&rsquo;acqu\u00e9rir des comp\u00e9tences dans divers sports. Ici vous trouverez notre rubrique CQP autre mention, contenant par exemple le CQP Sport pour Tous. Ces formations vous permettront d&rsquo;exercer en tant qu&rsquo;animateur et coach sportif dans des structures publiques et priv\u00e9es. Les CQP Autre mention : &hellip; <a href=\"https:\/\/www.coach-hunter.com\/content\/cqp-autre-mention\/\" class=\"more-link\">Continuer la lecture<span class=\"screen-reader-text\"> de &laquo;&nbsp;D\u00e9couvrez les CQP autre mention avec Coach Hunter !&nbsp;&raquo;<\/span><\/a><\/p>\n","protected":false},"author":5,"featured_media":0,"parent":0,"menu_order":0,"comment_status":"closed","ping_status":"closed","template":"","meta":{"footnotes":""},"class_list":["post-1764","page","type-page","status-publish","hentry"],"yoast_head":"<!-- This site is optimized with the Yoast SEO plugin v27.5 - https:\/\/yoast.com\/product\/yoast-seo-wordpress\/ -->\n<title>CQP autre mention : devenez un coach sportif polyvalent !<\/title>\n<meta name=\"description\" content=\"Coach Hunter vous pr\u00e9sente sa rubrique CQP autre mention, dans laquelle vous pourrez vous informer sur le CQP Animateur de Loisir Sportif.\" \/>\n<meta name=\"robots\" content=\"index, follow, max-snippet:-1, max-image-preview:large, max-video-preview:-1\" \/>\n<link rel=\"canonical\" href=\"https:\/\/www.coach-hunter.com\/content\/cqp-autre-mention\/\" \/>\n<meta property=\"og:locale\" content=\"fr_FR\" \/>\n<meta property=\"og:type\" content=\"article\" \/>\n<meta property=\"og:title\" content=\"CQP autre mention : devenez un coach sportif polyvalent !\" \/>\n<meta property=\"og:description\" content=\"Coach Hunter vous pr\u00e9sente sa rubrique CQP autre mention, dans laquelle vous pourrez vous informer sur le CQP Animateur de Loisir Sportif.\" \/>\n<meta property=\"og:url\" content=\"https:\/\/www.coach-hunter.com\/content\/cqp-autre-mention\/\" \/>\n<meta property=\"og:site_name\" content=\"Blog Coach Hunter\" \/>\n<meta property=\"article:modified_time\" content=\"2020-11-06T12:29:12+00:00\" \/>\n<meta property=\"og:image\" content=\"https:\/\/www.coach-hunter.com\/content\/wp-content\/uploads\/2020\/10\/cqp-autre-mention4.jpg\" \/>\n\t<meta property=\"og:image:width\" content=\"626\" \/>\n\t<meta property=\"og:image:height\" content=\"417\" \/>\n\t<meta property=\"og:image:type\" content=\"image\/jpeg\" \/>\n<meta name=\"twitter:card\" content=\"summary_large_image\" \/>\n<meta name=\"twitter:label1\" content=\"Dur\u00e9e de lecture estim\u00e9e\" \/>\n\t<meta name=\"twitter:data1\" content=\"3 minutes\" \/>\n<script type=\"application\/ld+json\" class=\"yoast-schema-graph\">{\"@context\":\"https:\\\/\\\/schema.org\",\"@graph\":[{\"@type\":\"WebPage\",\"@id\":\"https:\\\/\\\/www.coach-hunter.com\\\/content\\\/cqp-autre-mention\\\/\",\"url\":\"https:\\\/\\\/www.coach-hunter.com\\\/content\\\/cqp-autre-mention\\\/\",\"name\":\"CQP autre mention : devenez un coach sportif polyvalent !\",\"isPartOf\":{\"@id\":\"https:\\\/\\\/www.coach-hunter.com\\\/content\\\/#website\"},\"primaryImageOfPage\":{\"@id\":\"https:\\\/\\\/www.coach-hunter.com\\\/content\\\/cqp-autre-mention\\\/#primaryimage\"},\"image\":{\"@id\":\"https:\\\/\\\/www.coach-hunter.com\\\/content\\\/cqp-autre-mention\\\/#primaryimage\"},\"thumbnailUrl\":\"https:\\\/\\\/www.coach-hunter.com\\\/content\\\/wp-content\\\/uploads\\\/2020\\\/10\\\/cqp-autre-mention4.jpg\",\"datePublished\":\"2020-11-06T12:29:11+00:00\",\"dateModified\":\"2020-11-06T12:29:12+00:00\",\"description\":\"Coach Hunter vous pr\u00e9sente sa rubrique CQP autre mention, dans laquelle vous pourrez vous informer sur le CQP Animateur de Loisir Sportif.\",\"breadcrumb\":{\"@id\":\"https:\\\/\\\/www.coach-hunter.com\\\/content\\\/cqp-autre-mention\\\/#breadcrumb\"},\"inLanguage\":\"fr-FR\",\"potentialAction\":[{\"@type\":\"ReadAction\",\"target\":[\"https:\\\/\\\/www.coach-hunter.com\\\/content\\\/cqp-autre-mention\\\/\"]}]},{\"@type\":\"ImageObject\",\"inLanguage\":\"fr-FR\",\"@id\":\"https:\\\/\\\/www.coach-hunter.com\\\/content\\\/cqp-autre-mention\\\/#primaryimage\",\"url\":\"https:\\\/\\\/www.coach-hunter.com\\\/content\\\/wp-content\\\/uploads\\\/2020\\\/10\\\/cqp-autre-mention4.jpg\",\"contentUrl\":\"https:\\\/\\\/www.coach-hunter.com\\\/content\\\/wp-content\\\/uploads\\\/2020\\\/10\\\/cqp-autre-mention4.jpg\",\"width\":626,\"height\":417},{\"@type\":\"BreadcrumbList\",\"@id\":\"https:\\\/\\\/www.coach-hunter.com\\\/content\\\/cqp-autre-mention\\\/#breadcrumb\",\"itemListElement\":[{\"@type\":\"ListItem\",\"position\":1,\"name\":\"Accueil\",\"item\":\"https:\\\/\\\/www.coach-hunter.com\\\/content\\\/\"},{\"@type\":\"ListItem\",\"position\":2,\"name\":\"D\u00e9couvrez les CQP autre mention avec Coach Hunter !\"}]},{\"@type\":\"WebSite\",\"@id\":\"https:\\\/\\\/www.coach-hunter.com\\\/content\\\/#website\",\"url\":\"https:\\\/\\\/www.coach-hunter.com\\\/content\\\/\",\"name\":\"Blog Coach Hunter\",\"description\":\"\",\"potentialAction\":[{\"@type\":\"SearchAction\",\"target\":{\"@type\":\"EntryPoint\",\"urlTemplate\":\"https:\\\/\\\/www.coach-hunter.com\\\/content\\\/?s={search_term_string}\"},\"query-input\":{\"@type\":\"PropertyValueSpecification\",\"valueRequired\":true,\"valueName\":\"search_term_string\"}}],\"inLanguage\":\"fr-FR\"}]}<\/script>\n<!-- \/ Yoast SEO plugin. -->","yoast_head_json":{"title":"CQP autre mention : devenez un coach sportif polyvalent !","description":"Coach Hunter vous pr\u00e9sente sa rubrique CQP autre mention, dans laquelle vous pourrez vous informer sur le CQP Animateur de Loisir Sportif.","robots":{"index":"index","follow":"follow","max-snippet":"max-snippet:-1","max-image-preview":"max-image-preview:large","max-video-preview":"max-video-preview:-1"},"canonical":"https:\/\/www.coach-hunter.com\/content\/cqp-autre-mention\/","og_locale":"fr_FR","og_type":"article","og_title":"CQP autre mention : devenez un coach sportif polyvalent !","og_description":"Coach Hunter vous pr\u00e9sente sa rubrique CQP autre mention, dans laquelle vous pourrez vous informer sur le CQP Animateur de Loisir Sportif.","og_url":"https:\/\/www.coach-hunter.com\/content\/cqp-autre-mention\/","og_site_name":"Blog Coach Hunter","article_modified_time":"2020-11-06T12:29:12+00:00","og_image":[{"width":626,"height":417,"url":"https:\/\/www.coach-hunter.com\/content\/wp-content\/uploads\/2020\/10\/cqp-autre-mention4.jpg","type":"image\/jpeg"}],"twitter_card":"summary_large_image","twitter_misc":{"Dur\u00e9e de lecture estim\u00e9e":"3 minutes"},"schema":{"@context":"https:\/\/schema.org","@graph":[{"@type":"WebPage","@id":"https:\/\/www.coach-hunter.com\/content\/cqp-autre-mention\/","url":"https:\/\/www.coach-hunter.com\/content\/cqp-autre-mention\/","name":"CQP autre mention : devenez un coach sportif polyvalent !","isPartOf":{"@id":"https:\/\/www.coach-hunter.com\/content\/#website"},"primaryImageOfPage":{"@id":"https:\/\/www.coach-hunter.com\/content\/cqp-autre-mention\/#primaryimage"},"image":{"@id":"https:\/\/www.coach-hunter.com\/content\/cqp-autre-mention\/#primaryimage"},"thumbnailUrl":"https:\/\/www.coach-hunter.com\/content\/wp-content\/uploads\/2020\/10\/cqp-autre-mention4.jpg","datePublished":"2020-11-06T12:29:11+00:00","dateModified":"2020-11-06T12:29:12+00:00","description":"Coach Hunter vous pr\u00e9sente sa rubrique CQP autre mention, dans laquelle vous pourrez vous informer sur le CQP Animateur de Loisir Sportif.","breadcrumb":{"@id":"https:\/\/www.coach-hunter.com\/content\/cqp-autre-mention\/#breadcrumb"},"inLanguage":"fr-FR","potentialAction":[{"@type":"ReadAction","target":["https:\/\/www.coach-hunter.com\/content\/cqp-autre-mention\/"]}]},{"@type":"ImageObject","inLanguage":"fr-FR","@id":"https:\/\/www.coach-hunter.com\/content\/cqp-autre-mention\/#primaryimage","url":"https:\/\/www.coach-hunter.com\/content\/wp-content\/uploads\/2020\/10\/cqp-autre-mention4.jpg","contentUrl":"https:\/\/www.coach-hunter.com\/content\/wp-content\/uploads\/2020\/10\/cqp-autre-mention4.jpg","width":626,"height":417},{"@type":"BreadcrumbList","@id":"https:\/\/www.coach-hunter.com\/content\/cqp-autre-mention\/#breadcrumb","itemListElement":[{"@type":"ListItem","position":1,"name":"Accueil","item":"https:\/\/www.coach-hunter.com\/content\/"},{"@type":"ListItem","position":2,"name":"D\u00e9couvrez les CQP autre mention avec Coach Hunter !"}]},{"@type":"WebSite","@id":"https:\/\/www.coach-hunter.com\/content\/#website","url":"https:\/\/www.coach-hunter.com\/content\/","name":"Blog Coach Hunter","description":"","potentialAction":[{"@type":"SearchAction","target":{"@type":"EntryPoint","urlTemplate":"https:\/\/www.coach-hunter.com\/content\/?s={search_term_string}"},"query-input":{"@type":"PropertyValueSpecification","valueRequired":true,"valueName":"search_term_string"}}],"inLanguage":"fr-FR"}]}},"_links":{"self":[{"href":"https:\/\/www.coach-hunter.com\/content\/wp-json\/wp\/v2\/pages\/1764","targetHints":{"allow":["GET"]}}],"collection":[{"href":"https:\/\/www.coach-hunter.com\/content\/wp-json\/wp\/v2\/pages"}],"about":[{"href":"https:\/\/www.coach-hunter.com\/content\/wp-json\/wp\/v2\/types\/page"}],"author":[{"embeddable":true,"href":"https:\/\/www.coach-hunter.com\/content\/wp-json\/wp\/v2\/users\/5"}],"replies":[{"embeddable":true,"href":"https:\/\/www.coach-hunter.com\/content\/wp-json\/wp\/v2\/comments?post=1764"}],"version-history":[{"count":2,"href":"https:\/\/www.coach-hunter.com\/content\/wp-json\/wp\/v2\/pages\/1764\/revisions"}],"predecessor-version":[{"id":1975,"href":"https:\/\/www.coach-hunter.com\/content\/wp-json\/wp\/v2\/pages\/1764\/revisions\/1975"}],"wp:attachment":[{"href":"https:\/\/www.coach-hunter.com\/content\/wp-json\/wp\/v2\/media?parent=1764"}],"curies":[{"name":"wp","href":"https:\/\/api.w.org\/{rel}","templated":true}]}}