{"id":1759,"date":"2020-11-04T12:52:36","date_gmt":"2020-11-04T12:52:36","guid":{"rendered":"https:\/\/www.coach-hunter.com\/content\/?page_id=1759"},"modified":"2020-11-06T12:36:48","modified_gmt":"2020-11-06T12:36:48","slug":"cqp-technicien-sportif-dathletisme","status":"publish","type":"page","link":"https:\/\/www.coach-hunter.com\/content\/cqp-technicien-sportif-dathletisme\/","title":{"rendered":"Le CQP technicien sportif d&rsquo; athl\u00e9tisme avec Coach Hunter"},"content":{"rendered":"\n<p>Les <a class=\"callAction\" href=\"https:\/\/www.coach-hunter.com\/content\/certificat-de-qualification-professionnelle\/\">Certificats de Qualification professionnelle<\/a> sont des formations reconnues par l&rsquo;Etat. Elles permettent de devenir <strong>entraineur sportif<\/strong> dans une discipline sportive cibl\u00e9e. <br>Les d\u00e9tenteurs du <strong>CQP technicien sportif d&rsquo;athl\u00e9tisme<\/strong> encadrent les s\u00e9ances collectives et individuelles en athl\u00e9tisme. Cette certification vous permettra d&rsquo;acqu\u00e9rir des comp\u00e9tences polyvalentes en entrainement et management du sport.<\/p>\n\n\n\n<div class=\"wp-block-image\"><figure class=\"aligncenter size-large\"><img loading=\"lazy\" decoding=\"async\" width=\"626\" height=\"389\" src=\"https:\/\/www.coach-hunter.com\/content\/wp-content\/uploads\/2020\/10\/CQP-technicien-sportif-dathl\u00e9tisme.jpg\" alt=\"CQP technicien sportif d'athl\u00e9tisme\" class=\"wp-image-1761\" srcset=\"https:\/\/www.coach-hunter.com\/content\/wp-content\/uploads\/2020\/10\/CQP-technicien-sportif-dathl\u00e9tisme.jpg 626w, https:\/\/www.coach-hunter.com\/content\/wp-content\/uploads\/2020\/10\/CQP-technicien-sportif-dathl\u00e9tisme-300x186.jpg 300w\" sizes=\"auto, (max-width: 626px) 85vw, 626px\" \/><\/figure><\/div>\n\n\n\n<div class='flexo'><div class=\"lames2\">\n\n\n\n<h2 class=\"wp-block-heading\">Les objectifs du&nbsp;CQP technicien sportif d&rsquo;athl\u00e9tisme<\/h2>\n\n\n\n<p>Le CQP Technicien sportif d&rsquo;athl\u00e9tisme forme donc des professionnels capables d&rsquo;encadrer des <strong>s\u00e9ances collectives en athl\u00e9tisme<\/strong>. Le d\u00e9tenteur de cette certification devra aussi assurer la <strong>s\u00e9curit\u00e9 des pratiquants et des tiers<\/strong> au cours des s\u00e9ances. Une fois dipl\u00f4m\u00e9, l&rsquo;<strong>emploi de technicien sportif<\/strong> est toutefois consid\u00e9r\u00e9 comme secondaire, sachant qu&rsquo;il est <strong>limit\u00e9 \u00e0 360 heures effectu\u00e9es par an<\/strong>. <br><br>Cette formation est ainsi dispens\u00e9e par la <strong>F\u00e9d\u00e9ration Fran\u00e7aise d athl\u00e9tisme<\/strong> <a rel=\"noreferrer noopener\" href=\"https:\/\/www.athle.fr\/federation\/\" target=\"_blank\">FFA<\/a>. Elle se pr\u00e9sente sous la forme de groupe de disciplines. Le CQP se pr\u00e9sente effectivement en diff\u00e9rentes options : <strong>sprint, haies, sauts, demi fond et marche, \u00e9preuves combin\u00e9es, hors stade<\/strong>. Le d\u00e9tenteur du CQP assure l&rsquo; <strong>encadrement en autonomie de la discipline choisie<\/strong> en option.<br><br>Enfin, le professionnel devra participer au fonctionnement de la structure, notamment aux stades et centres sportifs. <\/p>\n\n\n\n<p><br><\/p>\n\n\n\n<\/div><div class=\"lames2\">\n\n\n\n<h2 class=\"wp-block-heading\">Quel parcours pour obtenir le CQP technicien sportif d athl\u00e9tisme ?<\/h2>\n\n\n\n<p>Le CQP technicien sportif d&rsquo;athl\u00e9tisme doit r\u00e9pondre \u00e0 des <strong>exigences pr\u00e9alables<\/strong>. En outre, le candidat devra attester d&rsquo;une <strong>exp\u00e9rience d&rsquo;encadrement<\/strong> en athl\u00e9tisme \u00e0 hauteur de <strong>100 heures<\/strong>. Puis, il devra justifier d&rsquo;une <strong>implication associative et f\u00e9d\u00e9rale<\/strong>, et il devra passer un test de connaissances th\u00e9oriques.<br>Enfin, un <strong>certificat m\u00e9dical valide<\/strong> et une <strong>attestation de premiers secours<\/strong> (PSC1) concluront ce dossier de candidature.<br><br>Pour finir, cette formation n&rsquo;est accessible que sous le principe de l&rsquo;<strong>alternance<\/strong>. La formation en elle m\u00eame s&rsquo;\u00e9tend donc sur <strong>250 heures<\/strong>, dont 100 heures en centre sportif.<\/p>\n\n\n\n<\/div><\/div>\n\n\n\n<h2 class=\"wp-block-heading\">D\u2019autres Certificats de Qualification Professionnelle :<\/h2>\n\n\n\n<ul class=\"wp-block-list\"><li><a href=\"https:\/\/www.coach-hunter.com\/content\/cqp-moniteur-darts-martiaux\/\">CQP moniteur d\u2019arts martiaux<\/a><\/li><li><a href=\"https:\/\/www.coach-hunter.com\/content\/cqp-moniteur-de-rugby\/\">CQP moniteur de rugby<\/a><\/li><li><a href=\"https:\/\/www.coach-hunter.com\/content\/cqp-moniteur-de-tennis-de-table\/\">CQP moniteur de tennis de table<\/a><\/li><li><a href=\"https:\/\/www.coach-hunter.com\/content\/cqp-moniteur-en-sport-adapte\/\">CQP moniteur en sport adapt\u00e9<\/a><\/li><li><a href=\"https:\/\/www.coach-hunter.com\/content\/cqp-autre-mention\/\">CQP autre mention<\/a><\/li><\/ul>\n","protected":false},"excerpt":{"rendered":"<p>Les Certificats de Qualification professionnelle sont des formations reconnues par l&rsquo;Etat. Elles permettent de devenir entraineur sportif dans une discipline sportive cibl\u00e9e. Les d\u00e9tenteurs du CQP technicien sportif d&rsquo;athl\u00e9tisme encadrent les s\u00e9ances collectives et individuelles en athl\u00e9tisme. Cette certification vous permettra d&rsquo;acqu\u00e9rir des comp\u00e9tences polyvalentes en entrainement et management du sport. Les objectifs du&nbsp;CQP technicien &hellip; <a href=\"https:\/\/www.coach-hunter.com\/content\/cqp-technicien-sportif-dathletisme\/\" class=\"more-link\">Continuer la lecture<span class=\"screen-reader-text\"> de &laquo;&nbsp;Le CQP technicien sportif d&rsquo; athl\u00e9tisme avec Coach Hunter&nbsp;&raquo;<\/span><\/a><\/p>\n","protected":false},"author":5,"featured_media":0,"parent":0,"menu_order":0,"comment_status":"closed","ping_status":"closed","template":"","meta":{"footnotes":""},"class_list":["post-1759","page","type-page","status-publish","hentry"],"yoast_head":"<!-- This site is optimized with the Yoast SEO plugin v27.5 - https:\/\/yoast.com\/product\/yoast-seo-wordpress\/ -->\n<title>CQP technicien sportif d&#039;athl\u00e9tisme pour devenir coach sportif \u00e0 la FFA<\/title>\n<meta name=\"description\" content=\"Le CQP technicien sportif d&#039;athl\u00e9tisme est une certification reconnue par l&#039;Etat permettant d&#039;exercer en tant qu&#039;entraineur sportif aupr\u00e8s de divers publics\" \/>\n<meta name=\"robots\" content=\"index, follow, max-snippet:-1, max-image-preview:large, max-video-preview:-1\" \/>\n<link rel=\"canonical\" href=\"https:\/\/www.coach-hunter.com\/content\/cqp-technicien-sportif-dathletisme\/\" \/>\n<meta property=\"og:locale\" content=\"fr_FR\" \/>\n<meta property=\"og:type\" content=\"article\" \/>\n<meta property=\"og:title\" content=\"CQP technicien sportif d&#039;athl\u00e9tisme pour devenir coach sportif \u00e0 la FFA\" \/>\n<meta property=\"og:description\" content=\"Le CQP technicien sportif d&#039;athl\u00e9tisme est une certification reconnue par l&#039;Etat permettant d&#039;exercer en tant qu&#039;entraineur sportif aupr\u00e8s de divers publics\" \/>\n<meta property=\"og:url\" content=\"https:\/\/www.coach-hunter.com\/content\/cqp-technicien-sportif-dathletisme\/\" \/>\n<meta property=\"og:site_name\" content=\"Blog Coach Hunter\" \/>\n<meta property=\"article:modified_time\" content=\"2020-11-06T12:36:48+00:00\" \/>\n<meta name=\"twitter:card\" content=\"summary_large_image\" \/>\n<meta name=\"twitter:label1\" content=\"Dur\u00e9e de lecture estim\u00e9e\" \/>\n\t<meta name=\"twitter:data1\" content=\"2 minutes\" \/>\n<script type=\"application\/ld+json\" class=\"yoast-schema-graph\">{\"@context\":\"https:\\\/\\\/schema.org\",\"@graph\":[{\"@type\":\"WebPage\",\"@id\":\"https:\\\/\\\/www.coach-hunter.com\\\/content\\\/cqp-technicien-sportif-dathletisme\\\/\",\"url\":\"https:\\\/\\\/www.coach-hunter.com\\\/content\\\/cqp-technicien-sportif-dathletisme\\\/\",\"name\":\"CQP technicien sportif d'athl\u00e9tisme pour devenir coach sportif \u00e0 la FFA\",\"isPartOf\":{\"@id\":\"https:\\\/\\\/www.coach-hunter.com\\\/content\\\/#website\"},\"datePublished\":\"2020-11-04T12:52:36+00:00\",\"dateModified\":\"2020-11-06T12:36:48+00:00\",\"description\":\"Le CQP technicien sportif d'athl\u00e9tisme est une certification reconnue par l'Etat permettant d'exercer en tant qu'entraineur sportif aupr\u00e8s de divers publics\",\"breadcrumb\":{\"@id\":\"https:\\\/\\\/www.coach-hunter.com\\\/content\\\/cqp-technicien-sportif-dathletisme\\\/#breadcrumb\"},\"inLanguage\":\"fr-FR\",\"potentialAction\":[{\"@type\":\"ReadAction\",\"target\":[\"https:\\\/\\\/www.coach-hunter.com\\\/content\\\/cqp-technicien-sportif-dathletisme\\\/\"]}]},{\"@type\":\"BreadcrumbList\",\"@id\":\"https:\\\/\\\/www.coach-hunter.com\\\/content\\\/cqp-technicien-sportif-dathletisme\\\/#breadcrumb\",\"itemListElement\":[{\"@type\":\"ListItem\",\"position\":1,\"name\":\"Accueil\",\"item\":\"https:\\\/\\\/www.coach-hunter.com\\\/content\\\/\"},{\"@type\":\"ListItem\",\"position\":2,\"name\":\"Le CQP technicien sportif d&rsquo; athl\u00e9tisme avec Coach Hunter\"}]},{\"@type\":\"WebSite\",\"@id\":\"https:\\\/\\\/www.coach-hunter.com\\\/content\\\/#website\",\"url\":\"https:\\\/\\\/www.coach-hunter.com\\\/content\\\/\",\"name\":\"Blog Coach Hunter\",\"description\":\"\",\"potentialAction\":[{\"@type\":\"SearchAction\",\"target\":{\"@type\":\"EntryPoint\",\"urlTemplate\":\"https:\\\/\\\/www.coach-hunter.com\\\/content\\\/?s={search_term_string}\"},\"query-input\":{\"@type\":\"PropertyValueSpecification\",\"valueRequired\":true,\"valueName\":\"search_term_string\"}}],\"inLanguage\":\"fr-FR\"}]}<\/script>\n<!-- \/ Yoast SEO plugin. -->","yoast_head_json":{"title":"CQP technicien sportif d'athl\u00e9tisme pour devenir coach sportif \u00e0 la FFA","description":"Le CQP technicien sportif d'athl\u00e9tisme est une certification reconnue par l'Etat permettant d'exercer en tant qu'entraineur sportif aupr\u00e8s de divers publics","robots":{"index":"index","follow":"follow","max-snippet":"max-snippet:-1","max-image-preview":"max-image-preview:large","max-video-preview":"max-video-preview:-1"},"canonical":"https:\/\/www.coach-hunter.com\/content\/cqp-technicien-sportif-dathletisme\/","og_locale":"fr_FR","og_type":"article","og_title":"CQP technicien sportif d'athl\u00e9tisme pour devenir coach sportif \u00e0 la FFA","og_description":"Le CQP technicien sportif d'athl\u00e9tisme est une certification reconnue par l'Etat permettant d'exercer en tant qu'entraineur sportif aupr\u00e8s de divers publics","og_url":"https:\/\/www.coach-hunter.com\/content\/cqp-technicien-sportif-dathletisme\/","og_site_name":"Blog Coach Hunter","article_modified_time":"2020-11-06T12:36:48+00:00","twitter_card":"summary_large_image","twitter_misc":{"Dur\u00e9e de lecture estim\u00e9e":"2 minutes"},"schema":{"@context":"https:\/\/schema.org","@graph":[{"@type":"WebPage","@id":"https:\/\/www.coach-hunter.com\/content\/cqp-technicien-sportif-dathletisme\/","url":"https:\/\/www.coach-hunter.com\/content\/cqp-technicien-sportif-dathletisme\/","name":"CQP technicien sportif d'athl\u00e9tisme pour devenir coach sportif \u00e0 la FFA","isPartOf":{"@id":"https:\/\/www.coach-hunter.com\/content\/#website"},"datePublished":"2020-11-04T12:52:36+00:00","dateModified":"2020-11-06T12:36:48+00:00","description":"Le CQP technicien sportif d'athl\u00e9tisme est une certification reconnue par l'Etat permettant d'exercer en tant qu'entraineur sportif aupr\u00e8s de divers publics","breadcrumb":{"@id":"https:\/\/www.coach-hunter.com\/content\/cqp-technicien-sportif-dathletisme\/#breadcrumb"},"inLanguage":"fr-FR","potentialAction":[{"@type":"ReadAction","target":["https:\/\/www.coach-hunter.com\/content\/cqp-technicien-sportif-dathletisme\/"]}]},{"@type":"BreadcrumbList","@id":"https:\/\/www.coach-hunter.com\/content\/cqp-technicien-sportif-dathletisme\/#breadcrumb","itemListElement":[{"@type":"ListItem","position":1,"name":"Accueil","item":"https:\/\/www.coach-hunter.com\/content\/"},{"@type":"ListItem","position":2,"name":"Le CQP technicien sportif d&rsquo; athl\u00e9tisme avec Coach Hunter"}]},{"@type":"WebSite","@id":"https:\/\/www.coach-hunter.com\/content\/#website","url":"https:\/\/www.coach-hunter.com\/content\/","name":"Blog Coach Hunter","description":"","potentialAction":[{"@type":"SearchAction","target":{"@type":"EntryPoint","urlTemplate":"https:\/\/www.coach-hunter.com\/content\/?s={search_term_string}"},"query-input":{"@type":"PropertyValueSpecification","valueRequired":true,"valueName":"search_term_string"}}],"inLanguage":"fr-FR"}]}},"_links":{"self":[{"href":"https:\/\/www.coach-hunter.com\/content\/wp-json\/wp\/v2\/pages\/1759","targetHints":{"allow":["GET"]}}],"collection":[{"href":"https:\/\/www.coach-hunter.com\/content\/wp-json\/wp\/v2\/pages"}],"about":[{"href":"https:\/\/www.coach-hunter.com\/content\/wp-json\/wp\/v2\/types\/page"}],"author":[{"embeddable":true,"href":"https:\/\/www.coach-hunter.com\/content\/wp-json\/wp\/v2\/users\/5"}],"replies":[{"embeddable":true,"href":"https:\/\/www.coach-hunter.com\/content\/wp-json\/wp\/v2\/comments?post=1759"}],"version-history":[{"count":6,"href":"https:\/\/www.coach-hunter.com\/content\/wp-json\/wp\/v2\/pages\/1759\/revisions"}],"predecessor-version":[{"id":1982,"href":"https:\/\/www.coach-hunter.com\/content\/wp-json\/wp\/v2\/pages\/1759\/revisions\/1982"}],"wp:attachment":[{"href":"https:\/\/www.coach-hunter.com\/content\/wp-json\/wp\/v2\/media?parent=1759"}],"curies":[{"name":"wp","href":"https:\/\/api.w.org\/{rel}","templated":true}]}}