{"id":1751,"date":"2020-11-03T12:40:35","date_gmt":"2020-11-03T12:40:35","guid":{"rendered":"https:\/\/www.coach-hunter.com\/content\/?page_id=1751"},"modified":"2020-11-06T12:30:25","modified_gmt":"2020-11-06T12:30:25","slug":"cqp-moniteur-en-sport-adapte","status":"publish","type":"page","link":"https:\/\/www.coach-hunter.com\/content\/cqp-moniteur-en-sport-adapte\/","title":{"rendered":"Le CQP moniteur en sport adapt\u00e9 avec Coach Hunter"},"content":{"rendered":"\n<p>Il existe de nombreux <a class=\"callAction\" href=\"https:\/\/www.coach-hunter.com\/content\/certificat-de-qualification-professionnelle\/\">Certificats de Qualification professionnelle<\/a> dans le domaine du sport. Elles sont d\u00e9livr\u00e9es et contr\u00f4l\u00e9es par les F\u00e9d\u00e9rations sportives. Les titulaires du <strong>CQP moniteur en sport adapt\u00e9<\/strong> assurent des cours de sport aupr\u00e8s de personnes en situation de handicap mental.<br>Cette formation vous permettra d&rsquo;ajouter des comp\u00e9tences \u00e0 votre profil de coach sportif. Notamment elle vous permettra d&rsquo;<strong>adapter les pratiques sportives<\/strong> \u00e0 tout type de public.<\/p>\n\n\n\n<div class=\"wp-block-image\"><figure class=\"aligncenter size-large\"><img loading=\"lazy\" decoding=\"async\" width=\"626\" height=\"417\" src=\"https:\/\/www.coach-hunter.com\/content\/wp-content\/uploads\/2020\/10\/cqp-moniteur-en-sport-adapt\u00e9.jpg\" alt=\"CQP moniteur en sport adapt\u00e9\" class=\"wp-image-1755\" srcset=\"https:\/\/www.coach-hunter.com\/content\/wp-content\/uploads\/2020\/10\/cqp-moniteur-en-sport-adapt\u00e9.jpg 626w, https:\/\/www.coach-hunter.com\/content\/wp-content\/uploads\/2020\/10\/cqp-moniteur-en-sport-adapt\u00e9-300x200.jpg 300w\" sizes=\"auto, (max-width: 626px) 85vw, 626px\" \/><\/figure><\/div>\n\n\n\n<div class='flexo'><div class=\"lames2\">\n\n\n\n<h2 class=\"wp-block-heading\">Les objectifs du&nbsp;CQP moniteur en sport adapt\u00e9<\/h2>\n\n\n\n<p>Le <strong>CQP Sport adapt\u00e9<\/strong> forme donc des professionnels \u00e0 l&rsquo; <strong>encadrement des activit\u00e9s physiques<\/strong> aupr\u00e8s de prati<strong>quants en situation de d\u00e9ficience intellectuelle<\/strong>.<br>Le futur dipl\u00f4m\u00e9 devra ainsi effectuer son stage dans une association sportive affili\u00e9e affili\u00e9e \u00e0 la <strong>F\u00e9d\u00e9ration Fran\u00e7aise de sport adapt\u00e9<\/strong> (<a href=\"http:\/\/transformation.ffsportadapte.fr\/qui-sommes-nous\/\" target=\"_blank\" rel=\"noreferrer noopener\">en savoir plus<\/a>). Une fois la certification obtenue, le coach sportif pourra exercer aupr\u00e8s de tout public, le plus souvent \u00e0 domicile ou en centre sp\u00e9cialis\u00e9.<br><br>Le d\u00e9tenteur du CQP devra alors proposer des <strong>programmes sportifs<\/strong> prenant en compte les <strong>besoins singuliers des pratiquants<\/strong>. Ces <strong>activit\u00e9s de sport adapt\u00e9<\/strong> pourront d\u00e9boucher sur une <strong>participation \u00e0 des manifestations sportives<\/strong>. Le professionnel aura alors pour mission de <strong>favoriser l&rsquo;engagement<\/strong> de ses \u00e9l\u00e8ves \u00e0 une <strong>pratique sportive collective<\/strong>.<\/p>\n\n\n\n<\/div><div class=\"lames2\">\n\n\n\n<h2 class=\"wp-block-heading\">Quel parcours pour obtenir le CQP moniteur en sport adapt\u00e9 ?<\/h2>\n\n\n\n<p>Le CQP moniteur en sport adapt\u00e9 est ainsi principalement destin\u00e9 aux professionnels du travail social et de la sant\u00e9. Dans le cadre d&rsquo;une <strong>intervention en association sportive FFSA<\/strong>, il est donc n\u00e9cessaire de d\u00e9tenir cette certification.<br>Sinon,  il s&rsquo;agit d&rsquo;une professionnalisation accessible \u00e0 toute personne d\u00e9sireuse d&rsquo;encadrer les <strong>activit\u00e9s physiques et sportives<\/strong> dans ce secteur de pratique particulier.<\/p>\n\n\n\n<p>En dehors d&rsquo;une attestation de premiers secours, le candidat devra aussi valider deux exigences pr\u00e9alables pour entrer en formation. Ainsi, il devra justifier d&rsquo;une exp\u00e9rience d&rsquo;encadrement de 40h aupr\u00e8s de personnes en situation de handicap psychique.<br>Enfin, le candidat devra avoir valid\u00e9 le test d\u2019adaptation au milieu aquatique, appel\u00e9 \u00ab le Sauv\u2019nage \u00bb, de l\u2019Ecole Fran\u00e7aise de Natation.<\/p>\n\n\n\n<\/div><\/div>\n\n\n\n<h2 class=\"wp-block-heading\">D&rsquo;autres Certificats de Qualification Professionnelle :<\/h2>\n\n\n\n<ul class=\"wp-block-list\"><li><a href=\"https:\/\/www.coach-hunter.com\/content\/cqp-moniteur-darts-martiaux\/\">CQP moniteur d\u2019arts martiaux<\/a><\/li><li><a href=\"https:\/\/www.coach-hunter.com\/content\/cqp-moniteur-de-rugby\/\">CQP moniteur de rugby<\/a><\/li><li><a href=\"https:\/\/www.coach-hunter.com\/content\/cqp-moniteur-de-tennis-de-table\/\">CQP moniteur de tennis de table<\/a><\/li><li><a href=\"https:\/\/www.coach-hunter.com\/content\/cqp-technicien-sportif-dathletisme\/\">CQP technicien sportif d\u2019athl\u00e9tisme<\/a>\u00a0<\/li><li><a href=\"https:\/\/www.coach-hunter.com\/content\/cqp-autre-mention\/\">CQP autre mention<\/a><\/li><\/ul>\n","protected":false},"excerpt":{"rendered":"<p>Il existe de nombreux Certificats de Qualification professionnelle dans le domaine du sport. Elles sont d\u00e9livr\u00e9es et contr\u00f4l\u00e9es par les F\u00e9d\u00e9rations sportives. Les titulaires du CQP moniteur en sport adapt\u00e9 assurent des cours de sport aupr\u00e8s de personnes en situation de handicap mental.Cette formation vous permettra d&rsquo;ajouter des comp\u00e9tences \u00e0 votre profil de coach sportif. &hellip; <a href=\"https:\/\/www.coach-hunter.com\/content\/cqp-moniteur-en-sport-adapte\/\" class=\"more-link\">Continuer la lecture<span class=\"screen-reader-text\"> de &laquo;&nbsp;Le CQP moniteur en sport adapt\u00e9 avec Coach Hunter&nbsp;&raquo;<\/span><\/a><\/p>\n","protected":false},"author":5,"featured_media":0,"parent":0,"menu_order":0,"comment_status":"closed","ping_status":"closed","template":"","meta":{"footnotes":""},"class_list":["post-1751","page","type-page","status-publish","hentry"],"yoast_head":"<!-- This site is optimized with the Yoast SEO plugin v25.9 - https:\/\/yoast.com\/wordpress\/plugins\/seo\/ -->\n<title>CQP moniteur en sport adapt\u00e9 pour exercer aupr\u00e8s d&#039;un public handicap\u00e9<\/title>\n<meta name=\"description\" content=\"Le CQP moniteur en sport adapt\u00e9 est une certification de la FFSA permettant d&#039;exercer en tant que coach sportif aupr\u00e8s d&#039;un public en situation de handicap.\" \/>\n<meta name=\"robots\" content=\"index, follow, max-snippet:-1, max-image-preview:large, max-video-preview:-1\" \/>\n<link rel=\"canonical\" href=\"https:\/\/www.coach-hunter.com\/content\/cqp-moniteur-en-sport-adapte\/\" \/>\n<meta property=\"og:locale\" content=\"fr_FR\" \/>\n<meta property=\"og:type\" content=\"article\" \/>\n<meta property=\"og:title\" content=\"CQP moniteur en sport adapt\u00e9 pour exercer aupr\u00e8s d&#039;un public handicap\u00e9\" \/>\n<meta property=\"og:description\" content=\"Le CQP moniteur en sport adapt\u00e9 est une certification de la FFSA permettant d&#039;exercer en tant que coach sportif aupr\u00e8s d&#039;un public en situation de handicap.\" \/>\n<meta property=\"og:url\" content=\"https:\/\/www.coach-hunter.com\/content\/cqp-moniteur-en-sport-adapte\/\" \/>\n<meta property=\"og:site_name\" content=\"Blog Coach Hunter\" \/>\n<meta property=\"article:modified_time\" content=\"2020-11-06T12:30:25+00:00\" \/>\n<meta name=\"twitter:card\" content=\"summary_large_image\" \/>\n<meta name=\"twitter:label1\" content=\"Dur\u00e9e de lecture estim\u00e9e\" \/>\n\t<meta name=\"twitter:data1\" content=\"2 minutes\" \/>\n<script type=\"application\/ld+json\" class=\"yoast-schema-graph\">{\"@context\":\"https:\/\/schema.org\",\"@graph\":[{\"@type\":\"WebPage\",\"@id\":\"https:\/\/www.coach-hunter.com\/content\/cqp-moniteur-en-sport-adapte\/\",\"url\":\"https:\/\/www.coach-hunter.com\/content\/cqp-moniteur-en-sport-adapte\/\",\"name\":\"CQP moniteur en sport adapt\u00e9 pour exercer aupr\u00e8s d'un public handicap\u00e9\",\"isPartOf\":{\"@id\":\"https:\/\/www.coach-hunter.com\/content\/#website\"},\"datePublished\":\"2020-11-03T12:40:35+00:00\",\"dateModified\":\"2020-11-06T12:30:25+00:00\",\"description\":\"Le CQP moniteur en sport adapt\u00e9 est une certification de la FFSA permettant d'exercer en tant que coach sportif aupr\u00e8s d'un public en situation de handicap.\",\"breadcrumb\":{\"@id\":\"https:\/\/www.coach-hunter.com\/content\/cqp-moniteur-en-sport-adapte\/#breadcrumb\"},\"inLanguage\":\"fr-FR\",\"potentialAction\":[{\"@type\":\"ReadAction\",\"target\":[\"https:\/\/www.coach-hunter.com\/content\/cqp-moniteur-en-sport-adapte\/\"]}]},{\"@type\":\"BreadcrumbList\",\"@id\":\"https:\/\/www.coach-hunter.com\/content\/cqp-moniteur-en-sport-adapte\/#breadcrumb\",\"itemListElement\":[{\"@type\":\"ListItem\",\"position\":1,\"name\":\"Accueil\",\"item\":\"https:\/\/www.coach-hunter.com\/content\/\"},{\"@type\":\"ListItem\",\"position\":2,\"name\":\"Le CQP moniteur en sport adapt\u00e9 avec Coach Hunter\"}]},{\"@type\":\"WebSite\",\"@id\":\"https:\/\/www.coach-hunter.com\/content\/#website\",\"url\":\"https:\/\/www.coach-hunter.com\/content\/\",\"name\":\"Blog Coach Hunter\",\"description\":\"\",\"potentialAction\":[{\"@type\":\"SearchAction\",\"target\":{\"@type\":\"EntryPoint\",\"urlTemplate\":\"https:\/\/www.coach-hunter.com\/content\/?s={search_term_string}\"},\"query-input\":{\"@type\":\"PropertyValueSpecification\",\"valueRequired\":true,\"valueName\":\"search_term_string\"}}],\"inLanguage\":\"fr-FR\"}]}<\/script>\n<!-- \/ Yoast SEO plugin. -->","yoast_head_json":{"title":"CQP moniteur en sport adapt\u00e9 pour exercer aupr\u00e8s d'un public handicap\u00e9","description":"Le CQP moniteur en sport adapt\u00e9 est une certification de la FFSA permettant d'exercer en tant que coach sportif aupr\u00e8s d'un public en situation de handicap.","robots":{"index":"index","follow":"follow","max-snippet":"max-snippet:-1","max-image-preview":"max-image-preview:large","max-video-preview":"max-video-preview:-1"},"canonical":"https:\/\/www.coach-hunter.com\/content\/cqp-moniteur-en-sport-adapte\/","og_locale":"fr_FR","og_type":"article","og_title":"CQP moniteur en sport adapt\u00e9 pour exercer aupr\u00e8s d'un public handicap\u00e9","og_description":"Le CQP moniteur en sport adapt\u00e9 est une certification de la FFSA permettant d'exercer en tant que coach sportif aupr\u00e8s d'un public en situation de handicap.","og_url":"https:\/\/www.coach-hunter.com\/content\/cqp-moniteur-en-sport-adapte\/","og_site_name":"Blog Coach Hunter","article_modified_time":"2020-11-06T12:30:25+00:00","twitter_card":"summary_large_image","twitter_misc":{"Dur\u00e9e de lecture estim\u00e9e":"2 minutes"},"schema":{"@context":"https:\/\/schema.org","@graph":[{"@type":"WebPage","@id":"https:\/\/www.coach-hunter.com\/content\/cqp-moniteur-en-sport-adapte\/","url":"https:\/\/www.coach-hunter.com\/content\/cqp-moniteur-en-sport-adapte\/","name":"CQP moniteur en sport adapt\u00e9 pour exercer aupr\u00e8s d'un public handicap\u00e9","isPartOf":{"@id":"https:\/\/www.coach-hunter.com\/content\/#website"},"datePublished":"2020-11-03T12:40:35+00:00","dateModified":"2020-11-06T12:30:25+00:00","description":"Le CQP moniteur en sport adapt\u00e9 est une certification de la FFSA permettant d'exercer en tant que coach sportif aupr\u00e8s d'un public en situation de handicap.","breadcrumb":{"@id":"https:\/\/www.coach-hunter.com\/content\/cqp-moniteur-en-sport-adapte\/#breadcrumb"},"inLanguage":"fr-FR","potentialAction":[{"@type":"ReadAction","target":["https:\/\/www.coach-hunter.com\/content\/cqp-moniteur-en-sport-adapte\/"]}]},{"@type":"BreadcrumbList","@id":"https:\/\/www.coach-hunter.com\/content\/cqp-moniteur-en-sport-adapte\/#breadcrumb","itemListElement":[{"@type":"ListItem","position":1,"name":"Accueil","item":"https:\/\/www.coach-hunter.com\/content\/"},{"@type":"ListItem","position":2,"name":"Le CQP moniteur en sport adapt\u00e9 avec Coach Hunter"}]},{"@type":"WebSite","@id":"https:\/\/www.coach-hunter.com\/content\/#website","url":"https:\/\/www.coach-hunter.com\/content\/","name":"Blog Coach Hunter","description":"","potentialAction":[{"@type":"SearchAction","target":{"@type":"EntryPoint","urlTemplate":"https:\/\/www.coach-hunter.com\/content\/?s={search_term_string}"},"query-input":{"@type":"PropertyValueSpecification","valueRequired":true,"valueName":"search_term_string"}}],"inLanguage":"fr-FR"}]}},"_links":{"self":[{"href":"https:\/\/www.coach-hunter.com\/content\/wp-json\/wp\/v2\/pages\/1751","targetHints":{"allow":["GET"]}}],"collection":[{"href":"https:\/\/www.coach-hunter.com\/content\/wp-json\/wp\/v2\/pages"}],"about":[{"href":"https:\/\/www.coach-hunter.com\/content\/wp-json\/wp\/v2\/types\/page"}],"author":[{"embeddable":true,"href":"https:\/\/www.coach-hunter.com\/content\/wp-json\/wp\/v2\/users\/5"}],"replies":[{"embeddable":true,"href":"https:\/\/www.coach-hunter.com\/content\/wp-json\/wp\/v2\/comments?post=1751"}],"version-history":[{"count":7,"href":"https:\/\/www.coach-hunter.com\/content\/wp-json\/wp\/v2\/pages\/1751\/revisions"}],"predecessor-version":[{"id":1977,"href":"https:\/\/www.coach-hunter.com\/content\/wp-json\/wp\/v2\/pages\/1751\/revisions\/1977"}],"wp:attachment":[{"href":"https:\/\/www.coach-hunter.com\/content\/wp-json\/wp\/v2\/media?parent=1751"}],"curies":[{"name":"wp","href":"https:\/\/api.w.org\/{rel}","templated":true}]}}