{"id":1738,"date":"2020-10-29T11:45:09","date_gmt":"2020-10-29T11:45:09","guid":{"rendered":"https:\/\/www.coach-hunter.com\/content\/?page_id=1738"},"modified":"2020-11-06T12:36:22","modified_gmt":"2020-11-06T12:36:22","slug":"cqp-moniteur-de-rugby","status":"publish","type":"page","link":"https:\/\/www.coach-hunter.com\/content\/cqp-moniteur-de-rugby\/","title":{"rendered":"D\u00e9couvrez le CQP moniteur de rugby avec Coach Hunter"},"content":{"rendered":"\n<p>Tous les <a class=\"callAction\" href=\"https:\/\/www.coach-hunter.com\/content\/certificat-de-qualification-professionnelle\/\">Certificats de Qualification professionnelle<\/a> permettent de devenir des acteurs du sport, notamment des coachs sportifs. Le <strong>CQP moniteur de rugby<\/strong> permet quant \u00e0 lui d&rsquo;exercer dans les \u00e9coles de rugby, aupr\u00e8s d&rsquo;un public d&rsquo;enfant et d&rsquo;adultes. Ce dernier constituera en toute autonomie les programmes d&rsquo;entrainement adapt\u00e9s \u00e0 l&rsquo;atteinte d&rsquo;objectifs cibl\u00e9s.<br><strong>Coach Hunter<\/strong> vous pr\u00e9sente cette formation, id\u00e9ale pour tous les passionn\u00e9s de rugby \u00e0 XV.<\/p>\n\n\n\n<div class=\"wp-block-image\"><figure class=\"aligncenter size-large\"><img loading=\"lazy\" decoding=\"async\" width=\"626\" height=\"417\" src=\"https:\/\/www.coach-hunter.com\/content\/wp-content\/uploads\/2020\/09\/CQP-moniteur-de-rugby.jpg\" alt=\"CQP moniteur de rugby\" class=\"wp-image-1739\" srcset=\"https:\/\/www.coach-hunter.com\/content\/wp-content\/uploads\/2020\/09\/CQP-moniteur-de-rugby.jpg 626w, https:\/\/www.coach-hunter.com\/content\/wp-content\/uploads\/2020\/09\/CQP-moniteur-de-rugby-300x200.jpg 300w\" sizes=\"auto, (max-width: 626px) 85vw, 626px\" \/><\/figure><\/div>\n\n\n\n<div class='flexo'><div class=\"lames2\">\n\n\n\n<h2 class=\"wp-block-heading\">Les objectifs du&nbsp;CQP moniteur de rugby<\/h2>\n\n\n\n<p>Le CQP moniteur de rugby dispense une formation professionnelle adapt\u00e9e \u00e0 l&rsquo;animation d&rsquo;entrainement de rugby \u00e0 xv pour tout public (<a rel=\"noreferrer noopener\" href=\"https:\/\/ligueidf.ffr.fr\/gerer-club\/formations-dirigeants\/cqp\" target=\"_blank\">en savoir plus<\/a>). Le dipl\u00f4m\u00e9 devra ainsi animer et adapter son intervention selon les objectifs recherch\u00e9s. Dans le cadre d&rsquo;un public jeune, l&rsquo;entraineur sportif l&rsquo;accompagnera jusqu&rsquo;aux premiers niveaux de comp\u00e9tition.<\/p>\n\n\n\n<p>Le d\u00e9tenteur du CQP rugby \u00e0 XV encadre les activit\u00e9s et assure la s\u00e9curit\u00e9 des pratiquants. Sa formation lui permettra de g\u00e9rer au mieux les incidents li\u00e9s \u00e0 la pratique du sport. Le dipl\u00f4m\u00e9 participera aussi au fonctionnement de la structure. Enfin, il devra rendre compte des actions men\u00e9es, aupr\u00e8s des responsables technico-sportifs.<\/p>\n\n\n\n<\/div><div class=\"lames2\">\n\n\n\n<h2 class=\"wp-block-heading\">Quel parcours pour obtenir le CQP moniteur de rugby ?<\/h2>\n\n\n\n<p>En outre, la <strong>F\u00e9d\u00e9ration Fran\u00e7aise de Rugby<\/strong> a \u00e9tablit un <strong>liste d&rsquo;exigences pr\u00e9alables<\/strong> pour candidater au CQP Moniteur de Rugby. Elles permettent d&rsquo;attester que vous saurez \u00e9changer avec le public et assurer l&rsquo; encadrement d&rsquo;activit\u00e9s sportives culturelles et de loisirs.<\/p>\n\n\n\n<p>Il vous faudra donc \u00eatre titulaire d\u2019une <strong>attestation aux premiers secours<\/strong>, comme le <strong>PSC1 <\/strong>ou l&rsquo;AFPS. Ensuite, la F\u00e9d\u00e9ration ne recherche que des candidats \u00e2g\u00e9s de plus de 18 ans.<br>Enfin, il vous faudra d\u00e9tenir la brevet f\u00e9d\u00e9ral d\u2019\u00e9ducateur d\u2019\u00e9cole de rugby. Ce dernier vous permettra alors d&rsquo;attester de vos comp\u00e9tences dans l&rsquo; <strong>animation des activit\u00e9s de rugby \u00e0 XV<\/strong>.<\/p>\n\n\n\n<\/div><\/div>\n\n\n\n<h2 class=\"wp-block-heading\">D&rsquo;autres Certificats de Qualification Professionnelle :<\/h2>\n\n\n\n<ul class=\"wp-block-list\"><li><a href=\"https:\/\/www.coach-hunter.com\/content\/cqp-moniteur-darts-martiaux\/\">CQP moniteur d&rsquo;arts martiaux<\/a><\/li><li><a href=\"https:\/\/www.coach-hunter.com\/content\/cqp-moniteur-de-tennis-de-table\/\">CQP moniteur de tennis de table<\/a><\/li><li><a href=\"https:\/\/www.coach-hunter.com\/content\/cqp-moniteur-en-sport-adapte\/\">CQP moniteur en sport adapt\u00e9<\/a><\/li><li><a href=\"https:\/\/www.coach-hunter.com\/content\/cqp-technicien-sportif-dathletisme\/\">CQP technicien sportif d\u2019athl\u00e9tisme<\/a>\u00a0<\/li><li><a href=\"https:\/\/www.coach-hunter.com\/content\/cqp-autre-mention\/\">CQP autre mention<\/a><\/li><\/ul>\n","protected":false},"excerpt":{"rendered":"<p>Tous les Certificats de Qualification professionnelle permettent de devenir des acteurs du sport, notamment des coachs sportifs. Le CQP moniteur de rugby permet quant \u00e0 lui d&rsquo;exercer dans les \u00e9coles de rugby, aupr\u00e8s d&rsquo;un public d&rsquo;enfant et d&rsquo;adultes. Ce dernier constituera en toute autonomie les programmes d&rsquo;entrainement adapt\u00e9s \u00e0 l&rsquo;atteinte d&rsquo;objectifs cibl\u00e9s.Coach Hunter vous pr\u00e9sente &hellip; <a href=\"https:\/\/www.coach-hunter.com\/content\/cqp-moniteur-de-rugby\/\" class=\"more-link\">Continuer la lecture<span class=\"screen-reader-text\"> de &laquo;&nbsp;D\u00e9couvrez le CQP moniteur de rugby avec Coach Hunter&nbsp;&raquo;<\/span><\/a><\/p>\n","protected":false},"author":5,"featured_media":0,"parent":0,"menu_order":0,"comment_status":"closed","ping_status":"closed","template":"","meta":{"footnotes":""},"class_list":["post-1738","page","type-page","status-publish","hentry"],"yoast_head":"<!-- This site is optimized with the Yoast SEO plugin v27.5 - https:\/\/yoast.com\/product\/yoast-seo-wordpress\/ -->\n<title>CQP moniteur de rugby : devenir entraineur sportif en rugby \u00e0 XV<\/title>\n<meta name=\"description\" content=\"Le CQP moniteur de rugby est un dipl\u00f4me d\u00e9livr\u00e9 par la F\u00e9d\u00e9ration Fran\u00e7aise de Rugby, permettant de devenir coach sportif dans des structures affili\u00e9es.\" \/>\n<meta name=\"robots\" content=\"index, follow, max-snippet:-1, max-image-preview:large, max-video-preview:-1\" \/>\n<link rel=\"canonical\" href=\"https:\/\/www.coach-hunter.com\/content\/cqp-moniteur-de-rugby\/\" \/>\n<meta property=\"og:locale\" content=\"fr_FR\" \/>\n<meta property=\"og:type\" content=\"article\" \/>\n<meta property=\"og:title\" content=\"CQP moniteur de rugby : devenir entraineur sportif en rugby \u00e0 XV\" \/>\n<meta property=\"og:description\" content=\"Le CQP moniteur de rugby est un dipl\u00f4me d\u00e9livr\u00e9 par la F\u00e9d\u00e9ration Fran\u00e7aise de Rugby, permettant de devenir coach sportif dans des structures affili\u00e9es.\" \/>\n<meta property=\"og:url\" content=\"https:\/\/www.coach-hunter.com\/content\/cqp-moniteur-de-rugby\/\" \/>\n<meta property=\"og:site_name\" content=\"Blog Coach Hunter\" \/>\n<meta property=\"article:modified_time\" content=\"2020-11-06T12:36:22+00:00\" \/>\n<meta property=\"og:image\" content=\"https:\/\/www.coach-hunter.com\/content\/wp-content\/uploads\/2020\/09\/CQP-moniteur-de-rugby.jpg\" \/>\n\t<meta property=\"og:image:width\" content=\"626\" \/>\n\t<meta property=\"og:image:height\" content=\"417\" \/>\n\t<meta property=\"og:image:type\" content=\"image\/jpeg\" \/>\n<meta name=\"twitter:card\" content=\"summary_large_image\" \/>\n<meta name=\"twitter:label1\" content=\"Dur\u00e9e de lecture estim\u00e9e\" \/>\n\t<meta name=\"twitter:data1\" content=\"2 minutes\" \/>\n<script type=\"application\/ld+json\" class=\"yoast-schema-graph\">{\"@context\":\"https:\\\/\\\/schema.org\",\"@graph\":[{\"@type\":\"WebPage\",\"@id\":\"https:\\\/\\\/www.coach-hunter.com\\\/content\\\/cqp-moniteur-de-rugby\\\/\",\"url\":\"https:\\\/\\\/www.coach-hunter.com\\\/content\\\/cqp-moniteur-de-rugby\\\/\",\"name\":\"CQP moniteur de rugby : devenir entraineur sportif en rugby \u00e0 XV\",\"isPartOf\":{\"@id\":\"https:\\\/\\\/www.coach-hunter.com\\\/content\\\/#website\"},\"primaryImageOfPage\":{\"@id\":\"https:\\\/\\\/www.coach-hunter.com\\\/content\\\/cqp-moniteur-de-rugby\\\/#primaryimage\"},\"image\":{\"@id\":\"https:\\\/\\\/www.coach-hunter.com\\\/content\\\/cqp-moniteur-de-rugby\\\/#primaryimage\"},\"thumbnailUrl\":\"https:\\\/\\\/www.coach-hunter.com\\\/content\\\/wp-content\\\/uploads\\\/2020\\\/09\\\/CQP-moniteur-de-rugby.jpg\",\"datePublished\":\"2020-10-29T11:45:09+00:00\",\"dateModified\":\"2020-11-06T12:36:22+00:00\",\"description\":\"Le CQP moniteur de rugby est un dipl\u00f4me d\u00e9livr\u00e9 par la F\u00e9d\u00e9ration Fran\u00e7aise de Rugby, permettant de devenir coach sportif dans des structures affili\u00e9es.\",\"breadcrumb\":{\"@id\":\"https:\\\/\\\/www.coach-hunter.com\\\/content\\\/cqp-moniteur-de-rugby\\\/#breadcrumb\"},\"inLanguage\":\"fr-FR\",\"potentialAction\":[{\"@type\":\"ReadAction\",\"target\":[\"https:\\\/\\\/www.coach-hunter.com\\\/content\\\/cqp-moniteur-de-rugby\\\/\"]}]},{\"@type\":\"ImageObject\",\"inLanguage\":\"fr-FR\",\"@id\":\"https:\\\/\\\/www.coach-hunter.com\\\/content\\\/cqp-moniteur-de-rugby\\\/#primaryimage\",\"url\":\"https:\\\/\\\/www.coach-hunter.com\\\/content\\\/wp-content\\\/uploads\\\/2020\\\/09\\\/CQP-moniteur-de-rugby.jpg\",\"contentUrl\":\"https:\\\/\\\/www.coach-hunter.com\\\/content\\\/wp-content\\\/uploads\\\/2020\\\/09\\\/CQP-moniteur-de-rugby.jpg\",\"width\":626,\"height\":417},{\"@type\":\"BreadcrumbList\",\"@id\":\"https:\\\/\\\/www.coach-hunter.com\\\/content\\\/cqp-moniteur-de-rugby\\\/#breadcrumb\",\"itemListElement\":[{\"@type\":\"ListItem\",\"position\":1,\"name\":\"Accueil\",\"item\":\"https:\\\/\\\/www.coach-hunter.com\\\/content\\\/\"},{\"@type\":\"ListItem\",\"position\":2,\"name\":\"D\u00e9couvrez le CQP moniteur de rugby avec Coach Hunter\"}]},{\"@type\":\"WebSite\",\"@id\":\"https:\\\/\\\/www.coach-hunter.com\\\/content\\\/#website\",\"url\":\"https:\\\/\\\/www.coach-hunter.com\\\/content\\\/\",\"name\":\"Blog Coach Hunter\",\"description\":\"\",\"potentialAction\":[{\"@type\":\"SearchAction\",\"target\":{\"@type\":\"EntryPoint\",\"urlTemplate\":\"https:\\\/\\\/www.coach-hunter.com\\\/content\\\/?s={search_term_string}\"},\"query-input\":{\"@type\":\"PropertyValueSpecification\",\"valueRequired\":true,\"valueName\":\"search_term_string\"}}],\"inLanguage\":\"fr-FR\"}]}<\/script>\n<!-- \/ Yoast SEO plugin. -->","yoast_head_json":{"title":"CQP moniteur de rugby : devenir entraineur sportif en rugby \u00e0 XV","description":"Le CQP moniteur de rugby est un dipl\u00f4me d\u00e9livr\u00e9 par la F\u00e9d\u00e9ration Fran\u00e7aise de Rugby, permettant de devenir coach sportif dans des structures affili\u00e9es.","robots":{"index":"index","follow":"follow","max-snippet":"max-snippet:-1","max-image-preview":"max-image-preview:large","max-video-preview":"max-video-preview:-1"},"canonical":"https:\/\/www.coach-hunter.com\/content\/cqp-moniteur-de-rugby\/","og_locale":"fr_FR","og_type":"article","og_title":"CQP moniteur de rugby : devenir entraineur sportif en rugby \u00e0 XV","og_description":"Le CQP moniteur de rugby est un dipl\u00f4me d\u00e9livr\u00e9 par la F\u00e9d\u00e9ration Fran\u00e7aise de Rugby, permettant de devenir coach sportif dans des structures affili\u00e9es.","og_url":"https:\/\/www.coach-hunter.com\/content\/cqp-moniteur-de-rugby\/","og_site_name":"Blog Coach Hunter","article_modified_time":"2020-11-06T12:36:22+00:00","og_image":[{"width":626,"height":417,"url":"https:\/\/www.coach-hunter.com\/content\/wp-content\/uploads\/2020\/09\/CQP-moniteur-de-rugby.jpg","type":"image\/jpeg"}],"twitter_card":"summary_large_image","twitter_misc":{"Dur\u00e9e de lecture estim\u00e9e":"2 minutes"},"schema":{"@context":"https:\/\/schema.org","@graph":[{"@type":"WebPage","@id":"https:\/\/www.coach-hunter.com\/content\/cqp-moniteur-de-rugby\/","url":"https:\/\/www.coach-hunter.com\/content\/cqp-moniteur-de-rugby\/","name":"CQP moniteur de rugby : devenir entraineur sportif en rugby \u00e0 XV","isPartOf":{"@id":"https:\/\/www.coach-hunter.com\/content\/#website"},"primaryImageOfPage":{"@id":"https:\/\/www.coach-hunter.com\/content\/cqp-moniteur-de-rugby\/#primaryimage"},"image":{"@id":"https:\/\/www.coach-hunter.com\/content\/cqp-moniteur-de-rugby\/#primaryimage"},"thumbnailUrl":"https:\/\/www.coach-hunter.com\/content\/wp-content\/uploads\/2020\/09\/CQP-moniteur-de-rugby.jpg","datePublished":"2020-10-29T11:45:09+00:00","dateModified":"2020-11-06T12:36:22+00:00","description":"Le CQP moniteur de rugby est un dipl\u00f4me d\u00e9livr\u00e9 par la F\u00e9d\u00e9ration Fran\u00e7aise de Rugby, permettant de devenir coach sportif dans des structures affili\u00e9es.","breadcrumb":{"@id":"https:\/\/www.coach-hunter.com\/content\/cqp-moniteur-de-rugby\/#breadcrumb"},"inLanguage":"fr-FR","potentialAction":[{"@type":"ReadAction","target":["https:\/\/www.coach-hunter.com\/content\/cqp-moniteur-de-rugby\/"]}]},{"@type":"ImageObject","inLanguage":"fr-FR","@id":"https:\/\/www.coach-hunter.com\/content\/cqp-moniteur-de-rugby\/#primaryimage","url":"https:\/\/www.coach-hunter.com\/content\/wp-content\/uploads\/2020\/09\/CQP-moniteur-de-rugby.jpg","contentUrl":"https:\/\/www.coach-hunter.com\/content\/wp-content\/uploads\/2020\/09\/CQP-moniteur-de-rugby.jpg","width":626,"height":417},{"@type":"BreadcrumbList","@id":"https:\/\/www.coach-hunter.com\/content\/cqp-moniteur-de-rugby\/#breadcrumb","itemListElement":[{"@type":"ListItem","position":1,"name":"Accueil","item":"https:\/\/www.coach-hunter.com\/content\/"},{"@type":"ListItem","position":2,"name":"D\u00e9couvrez le CQP moniteur de rugby avec Coach Hunter"}]},{"@type":"WebSite","@id":"https:\/\/www.coach-hunter.com\/content\/#website","url":"https:\/\/www.coach-hunter.com\/content\/","name":"Blog Coach Hunter","description":"","potentialAction":[{"@type":"SearchAction","target":{"@type":"EntryPoint","urlTemplate":"https:\/\/www.coach-hunter.com\/content\/?s={search_term_string}"},"query-input":{"@type":"PropertyValueSpecification","valueRequired":true,"valueName":"search_term_string"}}],"inLanguage":"fr-FR"}]}},"_links":{"self":[{"href":"https:\/\/www.coach-hunter.com\/content\/wp-json\/wp\/v2\/pages\/1738","targetHints":{"allow":["GET"]}}],"collection":[{"href":"https:\/\/www.coach-hunter.com\/content\/wp-json\/wp\/v2\/pages"}],"about":[{"href":"https:\/\/www.coach-hunter.com\/content\/wp-json\/wp\/v2\/types\/page"}],"author":[{"embeddable":true,"href":"https:\/\/www.coach-hunter.com\/content\/wp-json\/wp\/v2\/users\/5"}],"replies":[{"embeddable":true,"href":"https:\/\/www.coach-hunter.com\/content\/wp-json\/wp\/v2\/comments?post=1738"}],"version-history":[{"count":8,"href":"https:\/\/www.coach-hunter.com\/content\/wp-json\/wp\/v2\/pages\/1738\/revisions"}],"predecessor-version":[{"id":1981,"href":"https:\/\/www.coach-hunter.com\/content\/wp-json\/wp\/v2\/pages\/1738\/revisions\/1981"}],"wp:attachment":[{"href":"https:\/\/www.coach-hunter.com\/content\/wp-json\/wp\/v2\/media?parent=1738"}],"curies":[{"name":"wp","href":"https:\/\/api.w.org\/{rel}","templated":true}]}}