{"id":1690,"date":"2020-10-13T11:45:29","date_gmt":"2020-10-13T11:45:29","guid":{"rendered":"https:\/\/www.coach-hunter.com\/content\/?page_id=1690"},"modified":"2020-10-27T17:15:44","modified_gmt":"2020-10-27T17:15:44","slug":"master-staps-autres-mentions","status":"publish","type":"page","link":"https:\/\/www.coach-hunter.com\/content\/master-staps-autres-mentions\/","title":{"rendered":"Master STAPS, autres mentions pour devenir acteur du sport"},"content":{"rendered":"\n<p>Le <a class=\"callAction\" href=\"https:\/\/www.coach-hunter.com\/content\/master-staps\/\">Master STAPS<\/a> se divise en diff\u00e9rentes mentions, vous permettant de vous <strong>sp\u00e9cialiser <\/strong>dans un <strong>domaine du sport<\/strong> en particulier. Ici, vous trouverez notre rubrique <strong>Master STAPS autres mentions<\/strong>, dans laquelle nous avons ajout\u00e9 les parcours <strong>MEEF <\/strong>et <strong>IEAP<\/strong>. <\/p>\n\n\n\n<div class='flexo'><div class=\"lames2\">\n\n\n\n<h2 class=\"wp-block-heading\">Les Master Staps Autres mentions :<\/h2>\n\n\n\n<div class=\"wp-block-image\"><figure class=\"aligncenter size-large\"><img loading=\"lazy\" decoding=\"async\" width=\"626\" height=\"417\" src=\"https:\/\/www.coach-hunter.com\/content\/wp-content\/uploads\/2020\/09\/master-staps-autre-mention-Copie.jpg\" alt=\"master staps autres mentions\" class=\"wp-image-1700\" srcset=\"https:\/\/www.coach-hunter.com\/content\/wp-content\/uploads\/2020\/09\/master-staps-autre-mention-Copie.jpg 626w, https:\/\/www.coach-hunter.com\/content\/wp-content\/uploads\/2020\/09\/master-staps-autre-mention-Copie-300x200.jpg 300w\" sizes=\"auto, (max-width: 626px) 85vw, 626px\" \/><\/figure><\/div>\n\n\n\n<p>Nous vous pr\u00e9senterons ici les deux mentions suivantes :<\/p>\n\n\n\n<ul class=\"wp-block-list\"><li><strong>Master STAPS M\u00e9tiers de l&rsquo;Enseignement, de l&rsquo;Education et de la Formation<\/strong><\/li><li><strong>Master STAPS Ing\u00e9nierie et Ergonomie de l&rsquo;Activit\u00e9 Physique<\/strong><\/li><\/ul>\n\n\n\n<p>Pour obtenir des informations sur les autres mentions du Master Staps, consultez nos articles en bas de page !<\/p>\n\n\n\n<\/div><div class=\"lames2\">\n\n\n\n<h2 class=\"wp-block-heading\">Le Master MEEF <\/h2>\n\n\n\n<p>Le Master <strong>M\u00e9tiers de l&rsquo;Enseignement, de l&rsquo;Education et de la Formation<\/strong> est le parcours de choix pour devenir professeur d&rsquo;EPS. Le dipl\u00f4m\u00e9 aura \u00e9t\u00e9 pr\u00e9par\u00e9 au <a href=\"https:\/\/www.devenirenseignant.gouv.fr\/pid33986\/enseigner-education-physique-sportive-capeps.html\" target=\"_blank\" rel=\"noreferrer noopener\">CAPEPS<\/a>, concours lui permettant d&rsquo;entrer dans la fonction publique. Il pourra alors enseigner les activit\u00e9s physiques et sportives dans le secondaire et le sup\u00e9rieur.<\/p>\n\n\n\n<p>Le d\u00e9tenteur du master MEEF devra \u00eatre capable de concevoir un programme p\u00e9dagogique d&rsquo;activit\u00e9 physique adapt\u00e9 \u00e0 l&rsquo;\u00e2ge des \u00e9l\u00e8ves dont il a la charge. Il sera aussi responsable de leur s\u00e9curit\u00e9 au cours de la pratique sportive. Enfin, il sera un des vecteurs par lesquels les valeurs du sport se diffusent.<\/p>\n\n\n\n<\/div><div class=\"lames2\">\n\n\n\n<h2 class=\"wp-block-heading\">Le <strong>Master IEAP<\/strong><\/h2>\n\n\n\n<p>Le master mention <strong>Ing\u00e9nierie et Ergonomie de l&rsquo;Activit\u00e9 Physique<\/strong> est certainement le parcours le plus technique. En outre, il forme les futurs professionnels experts dans la conception et r\u00e9alisation de mat\u00e9riel sportif. Ils seront ainsi amen\u00e9s \u00e0 pousser les innovations technologiques plus loin, afin de r\u00e9pondre \u00e0 des besoins sp\u00e9cifiques.<\/p>\n\n\n\n<p>Le parcours type de l&rsquo;\u00e9tudiant qui candidate en master IEPS s&rsquo;\u00e9tablit comme suit. Il est fortement recommand\u00e9, voire n\u00e9cessaire, de r\u00e9aliser une <strong>Licence Ergonomie du sport et performances motrices<\/strong>, afin d&rsquo;acqu\u00e9rir les connaissances fondamentales en ing\u00e9nierie du sport.<\/p>\n\n\n\n<\/div><\/div>\n\n\n\n<h2 class=\"wp-block-heading\">D&rsquo;autres mentions du Master Staps :<\/h2>\n\n\n\n<ul class=\"wp-block-list\"><li><a href=\"https:\/\/www.coach-hunter.com\/content\/master-staps-activite-physique-adaptee\/\">Master Staps Activit\u00e9 physique adapt\u00e9e et sant\u00e9<\/a><\/li><li><a href=\"https:\/\/www.coach-hunter.com\/content\/master-staps-management-du-sport\/\">Master Staps Management du sport<\/a><\/li><li><a href=\"https:\/\/www.coach-hunter.com\/content\/master-staps-optimisation-de-la-performance-sportive\/\">Master Staps Optimisation de la performance sportive<\/a><\/li><\/ul>\n","protected":false},"excerpt":{"rendered":"<p>Le Master STAPS se divise en diff\u00e9rentes mentions, vous permettant de vous sp\u00e9cialiser dans un domaine du sport en particulier. Ici, vous trouverez notre rubrique Master STAPS autres mentions, dans laquelle nous avons ajout\u00e9 les parcours MEEF et IEAP. Les Master Staps Autres mentions : Nous vous pr\u00e9senterons ici les deux mentions suivantes : Master &hellip; <a href=\"https:\/\/www.coach-hunter.com\/content\/master-staps-autres-mentions\/\" class=\"more-link\">Continuer la lecture<span class=\"screen-reader-text\"> de &laquo;&nbsp;Master STAPS, autres mentions pour devenir acteur du sport&nbsp;&raquo;<\/span><\/a><\/p>\n","protected":false},"author":5,"featured_media":0,"parent":0,"menu_order":0,"comment_status":"closed","ping_status":"closed","template":"","meta":{"footnotes":""},"class_list":["post-1690","page","type-page","status-publish","hentry"],"yoast_head":"<!-- This site is optimized with the Yoast SEO plugin v27.6 - https:\/\/yoast.com\/product\/yoast-seo-wordpress\/ -->\n<title>Master STAPS autres mentions pour devenir professeur de sport<\/title>\n<meta name=\"description\" content=\"Coach Hunter vous pr\u00e9sente sa rubrique Master STAPS autres mentions, vous y trouverez celle qui permet de devenir professeur d&#039;EPS\" \/>\n<meta name=\"robots\" content=\"index, follow, max-snippet:-1, max-image-preview:large, max-video-preview:-1\" \/>\n<link rel=\"canonical\" href=\"https:\/\/www.coach-hunter.com\/content\/master-staps-autres-mentions\/\" \/>\n<meta property=\"og:locale\" content=\"fr_FR\" \/>\n<meta property=\"og:type\" content=\"article\" \/>\n<meta property=\"og:title\" content=\"Master STAPS autres mentions pour devenir professeur de sport\" \/>\n<meta property=\"og:description\" content=\"Coach Hunter vous pr\u00e9sente sa rubrique Master STAPS autres mentions, vous y trouverez celle qui permet de devenir professeur d&#039;EPS\" \/>\n<meta property=\"og:url\" content=\"https:\/\/www.coach-hunter.com\/content\/master-staps-autres-mentions\/\" \/>\n<meta property=\"og:site_name\" content=\"Blog Coach Hunter\" \/>\n<meta property=\"article:modified_time\" content=\"2020-10-27T17:15:44+00:00\" \/>\n<meta property=\"og:image\" content=\"https:\/\/www.coach-hunter.com\/content\/wp-content\/uploads\/2020\/09\/master-staps-autre-mention-Copie.jpg\" \/>\n\t<meta property=\"og:image:width\" content=\"626\" \/>\n\t<meta property=\"og:image:height\" content=\"417\" \/>\n\t<meta property=\"og:image:type\" content=\"image\/jpeg\" \/>\n<meta name=\"twitter:card\" content=\"summary_large_image\" \/>\n<meta name=\"twitter:label1\" content=\"Dur\u00e9e de lecture estim\u00e9e\" \/>\n\t<meta name=\"twitter:data1\" content=\"2 minutes\" \/>\n<script type=\"application\/ld+json\" class=\"yoast-schema-graph\">{\"@context\":\"https:\\\/\\\/schema.org\",\"@graph\":[{\"@type\":\"WebPage\",\"@id\":\"https:\\\/\\\/www.coach-hunter.com\\\/content\\\/master-staps-autres-mentions\\\/\",\"url\":\"https:\\\/\\\/www.coach-hunter.com\\\/content\\\/master-staps-autres-mentions\\\/\",\"name\":\"Master STAPS autres mentions pour devenir professeur de sport\",\"isPartOf\":{\"@id\":\"https:\\\/\\\/www.coach-hunter.com\\\/content\\\/#website\"},\"primaryImageOfPage\":{\"@id\":\"https:\\\/\\\/www.coach-hunter.com\\\/content\\\/master-staps-autres-mentions\\\/#primaryimage\"},\"image\":{\"@id\":\"https:\\\/\\\/www.coach-hunter.com\\\/content\\\/master-staps-autres-mentions\\\/#primaryimage\"},\"thumbnailUrl\":\"https:\\\/\\\/www.coach-hunter.com\\\/content\\\/wp-content\\\/uploads\\\/2020\\\/09\\\/master-staps-autre-mention-Copie.jpg\",\"datePublished\":\"2020-10-13T11:45:29+00:00\",\"dateModified\":\"2020-10-27T17:15:44+00:00\",\"description\":\"Coach Hunter vous pr\u00e9sente sa rubrique Master STAPS autres mentions, vous y trouverez celle qui permet de devenir professeur d'EPS\",\"breadcrumb\":{\"@id\":\"https:\\\/\\\/www.coach-hunter.com\\\/content\\\/master-staps-autres-mentions\\\/#breadcrumb\"},\"inLanguage\":\"fr-FR\",\"potentialAction\":[{\"@type\":\"ReadAction\",\"target\":[\"https:\\\/\\\/www.coach-hunter.com\\\/content\\\/master-staps-autres-mentions\\\/\"]}]},{\"@type\":\"ImageObject\",\"inLanguage\":\"fr-FR\",\"@id\":\"https:\\\/\\\/www.coach-hunter.com\\\/content\\\/master-staps-autres-mentions\\\/#primaryimage\",\"url\":\"https:\\\/\\\/www.coach-hunter.com\\\/content\\\/wp-content\\\/uploads\\\/2020\\\/09\\\/master-staps-autre-mention-Copie.jpg\",\"contentUrl\":\"https:\\\/\\\/www.coach-hunter.com\\\/content\\\/wp-content\\\/uploads\\\/2020\\\/09\\\/master-staps-autre-mention-Copie.jpg\",\"width\":626,\"height\":417},{\"@type\":\"BreadcrumbList\",\"@id\":\"https:\\\/\\\/www.coach-hunter.com\\\/content\\\/master-staps-autres-mentions\\\/#breadcrumb\",\"itemListElement\":[{\"@type\":\"ListItem\",\"position\":1,\"name\":\"Accueil\",\"item\":\"https:\\\/\\\/www.coach-hunter.com\\\/content\\\/\"},{\"@type\":\"ListItem\",\"position\":2,\"name\":\"Master STAPS, autres mentions pour devenir acteur du sport\"}]},{\"@type\":\"WebSite\",\"@id\":\"https:\\\/\\\/www.coach-hunter.com\\\/content\\\/#website\",\"url\":\"https:\\\/\\\/www.coach-hunter.com\\\/content\\\/\",\"name\":\"Blog Coach Hunter\",\"description\":\"\",\"potentialAction\":[{\"@type\":\"SearchAction\",\"target\":{\"@type\":\"EntryPoint\",\"urlTemplate\":\"https:\\\/\\\/www.coach-hunter.com\\\/content\\\/?s={search_term_string}\"},\"query-input\":{\"@type\":\"PropertyValueSpecification\",\"valueRequired\":true,\"valueName\":\"search_term_string\"}}],\"inLanguage\":\"fr-FR\"}]}<\/script>\n<!-- \/ Yoast SEO plugin. -->","yoast_head_json":{"title":"Master STAPS autres mentions pour devenir professeur de sport","description":"Coach Hunter vous pr\u00e9sente sa rubrique Master STAPS autres mentions, vous y trouverez celle qui permet de devenir professeur d'EPS","robots":{"index":"index","follow":"follow","max-snippet":"max-snippet:-1","max-image-preview":"max-image-preview:large","max-video-preview":"max-video-preview:-1"},"canonical":"https:\/\/www.coach-hunter.com\/content\/master-staps-autres-mentions\/","og_locale":"fr_FR","og_type":"article","og_title":"Master STAPS autres mentions pour devenir professeur de sport","og_description":"Coach Hunter vous pr\u00e9sente sa rubrique Master STAPS autres mentions, vous y trouverez celle qui permet de devenir professeur d'EPS","og_url":"https:\/\/www.coach-hunter.com\/content\/master-staps-autres-mentions\/","og_site_name":"Blog Coach Hunter","article_modified_time":"2020-10-27T17:15:44+00:00","og_image":[{"width":626,"height":417,"url":"https:\/\/www.coach-hunter.com\/content\/wp-content\/uploads\/2020\/09\/master-staps-autre-mention-Copie.jpg","type":"image\/jpeg"}],"twitter_card":"summary_large_image","twitter_misc":{"Dur\u00e9e de lecture estim\u00e9e":"2 minutes"},"schema":{"@context":"https:\/\/schema.org","@graph":[{"@type":"WebPage","@id":"https:\/\/www.coach-hunter.com\/content\/master-staps-autres-mentions\/","url":"https:\/\/www.coach-hunter.com\/content\/master-staps-autres-mentions\/","name":"Master STAPS autres mentions pour devenir professeur de sport","isPartOf":{"@id":"https:\/\/www.coach-hunter.com\/content\/#website"},"primaryImageOfPage":{"@id":"https:\/\/www.coach-hunter.com\/content\/master-staps-autres-mentions\/#primaryimage"},"image":{"@id":"https:\/\/www.coach-hunter.com\/content\/master-staps-autres-mentions\/#primaryimage"},"thumbnailUrl":"https:\/\/www.coach-hunter.com\/content\/wp-content\/uploads\/2020\/09\/master-staps-autre-mention-Copie.jpg","datePublished":"2020-10-13T11:45:29+00:00","dateModified":"2020-10-27T17:15:44+00:00","description":"Coach Hunter vous pr\u00e9sente sa rubrique Master STAPS autres mentions, vous y trouverez celle qui permet de devenir professeur d'EPS","breadcrumb":{"@id":"https:\/\/www.coach-hunter.com\/content\/master-staps-autres-mentions\/#breadcrumb"},"inLanguage":"fr-FR","potentialAction":[{"@type":"ReadAction","target":["https:\/\/www.coach-hunter.com\/content\/master-staps-autres-mentions\/"]}]},{"@type":"ImageObject","inLanguage":"fr-FR","@id":"https:\/\/www.coach-hunter.com\/content\/master-staps-autres-mentions\/#primaryimage","url":"https:\/\/www.coach-hunter.com\/content\/wp-content\/uploads\/2020\/09\/master-staps-autre-mention-Copie.jpg","contentUrl":"https:\/\/www.coach-hunter.com\/content\/wp-content\/uploads\/2020\/09\/master-staps-autre-mention-Copie.jpg","width":626,"height":417},{"@type":"BreadcrumbList","@id":"https:\/\/www.coach-hunter.com\/content\/master-staps-autres-mentions\/#breadcrumb","itemListElement":[{"@type":"ListItem","position":1,"name":"Accueil","item":"https:\/\/www.coach-hunter.com\/content\/"},{"@type":"ListItem","position":2,"name":"Master STAPS, autres mentions pour devenir acteur du sport"}]},{"@type":"WebSite","@id":"https:\/\/www.coach-hunter.com\/content\/#website","url":"https:\/\/www.coach-hunter.com\/content\/","name":"Blog Coach Hunter","description":"","potentialAction":[{"@type":"SearchAction","target":{"@type":"EntryPoint","urlTemplate":"https:\/\/www.coach-hunter.com\/content\/?s={search_term_string}"},"query-input":{"@type":"PropertyValueSpecification","valueRequired":true,"valueName":"search_term_string"}}],"inLanguage":"fr-FR"}]}},"_links":{"self":[{"href":"https:\/\/www.coach-hunter.com\/content\/wp-json\/wp\/v2\/pages\/1690","targetHints":{"allow":["GET"]}}],"collection":[{"href":"https:\/\/www.coach-hunter.com\/content\/wp-json\/wp\/v2\/pages"}],"about":[{"href":"https:\/\/www.coach-hunter.com\/content\/wp-json\/wp\/v2\/types\/page"}],"author":[{"embeddable":true,"href":"https:\/\/www.coach-hunter.com\/content\/wp-json\/wp\/v2\/users\/5"}],"replies":[{"embeddable":true,"href":"https:\/\/www.coach-hunter.com\/content\/wp-json\/wp\/v2\/comments?post=1690"}],"version-history":[{"count":9,"href":"https:\/\/www.coach-hunter.com\/content\/wp-json\/wp\/v2\/pages\/1690\/revisions"}],"predecessor-version":[{"id":1878,"href":"https:\/\/www.coach-hunter.com\/content\/wp-json\/wp\/v2\/pages\/1690\/revisions\/1878"}],"wp:attachment":[{"href":"https:\/\/www.coach-hunter.com\/content\/wp-json\/wp\/v2\/media?parent=1690"}],"curies":[{"name":"wp","href":"https:\/\/api.w.org\/{rel}","templated":true}]}}