{"id":1689,"date":"2020-10-12T12:21:20","date_gmt":"2020-10-12T12:21:20","guid":{"rendered":"https:\/\/www.coach-hunter.com\/content\/?page_id=1689"},"modified":"2020-10-13T11:47:12","modified_gmt":"2020-10-13T11:47:12","slug":"master-staps-management-du-sport","status":"publish","type":"page","link":"https:\/\/www.coach-hunter.com\/content\/master-staps-management-du-sport\/","title":{"rendered":"Tout savoir sur le Master STAPS management du sport"},"content":{"rendered":"\n<p>Les <a class=\"callAction\" href=\"https:\/\/www.coach-hunter.com\/content\/master-staps\/\">Master STAPS<\/a> sont les dipl\u00f4mes de fin d&rsquo;\u00e9tude pour la fili\u00e8re <strong>Sciences et techniques des Activit\u00e9s Physiques et Sportives<\/strong>. Vous y trouverez de nombreuses mentions, elles-m\u00eames divis\u00e9es en parcours.<br>Le <strong>Master STAPS Management du sport<\/strong> valorise les comp\u00e9tences organisationnelles et comptables relatives aux <strong>structures sportives<\/strong>. Il est pr\u00e9f\u00e9rable d&rsquo;y candidater apr\u00e8s avoir obtenu une licence Management du sport (bac+3).<\/p>\n\n\n\n<div class=\"wp-block-image\"><figure class=\"aligncenter size-large\"><img loading=\"lazy\" decoding=\"async\" width=\"626\" height=\"436\" src=\"https:\/\/www.coach-hunter.com\/content\/wp-content\/uploads\/2020\/09\/Master-staps-management-du-sport-Copie-1.jpg\" alt=\"master staps management du sport\" class=\"wp-image-1694\" srcset=\"https:\/\/www.coach-hunter.com\/content\/wp-content\/uploads\/2020\/09\/Master-staps-management-du-sport-Copie-1.jpg 626w, https:\/\/www.coach-hunter.com\/content\/wp-content\/uploads\/2020\/09\/Master-staps-management-du-sport-Copie-1-300x209.jpg 300w\" sizes=\"auto, (max-width: 626px) 85vw, 626px\" \/><\/figure><\/div>\n\n\n\n<div class='flexo'><div class=\"lames2\">\n\n\n\n<h2 class=\"wp-block-heading\">Les objectifs du&nbsp;Master STAPS Management du sport<\/h2>\n\n\n\n<p>Cette <strong>ann\u00e9e de Master<\/strong> vous permettra de d\u00e9velopper les <strong>comp\u00e9tences <\/strong>cl\u00e9s. Elles sont li\u00e9es aux fonctions de <strong>chef de projet<\/strong> ou de <strong>charg\u00e9 de communication<\/strong>, pour une <strong>structure sportive<\/strong>. Cette derni\u00e8re peut s&rsquo;inscrire dans le secteur priv\u00e9 (club sportif, entreprise d&rsquo; articles de sport), ou dans le secteur public (centre sportif et culturel, stade). <br>Ce <strong>dipl\u00f4me de niveau Bac +5 <\/strong>permet une insertion professionnelle rapide. En effet, ce degr\u00e9 de qualification et d&rsquo;expertise est recherch\u00e9 par de nombreuses entreprises, voire collectivit\u00e9s territoriales pour <a rel=\"noreferrer noopener\" href=\"https:\/\/www.u-pec.fr\/fr\/formation\/master-staps-management-du-sport-parcours-dynamiques-metropolitaines-et-logiques-d-acteurs\" target=\"_blank\">ce parcours-ci<\/a>.<br><br>Le dipl\u00f4m\u00e9 sera alors au contact direct des <strong>organisations sportives<\/strong>. La formation lui permettra ainsi de d\u00e9velopper des comp\u00e9tences n\u00e9cessaires \u00e0 l&rsquo;organisation d&rsquo; \u00e9v\u00e9nements sportifs. Il aura donc un <strong>profil polyvalent<\/strong> capable d&rsquo;assurer l&rsquo;organisation, la comptabilit\u00e9, la gestion du personnel (RH)&#8230; <br>En outre, il s&rsquo;agit d&rsquo;un cursus mettant en application ces notions dans le <strong>domaine du sport<\/strong>. Toutefois, ces comp\u00e9tences vous seront \u00e9galement utiles dans d&rsquo;autres domaines, plus culturels. On pourrait ainsi penser \u00e0 la gestion de m\u00e9diath\u00e8ques par exemple.<\/p>\n\n\n\n<\/div><div class=\"lames2\">\n\n\n\n<h2 class=\"wp-block-heading\">Quel parcours pour obtenir le Master STAPS Management du sport ?<\/h2>\n\n\n\n<p>Les \u00e9tudiants en <strong>formation initiale<\/strong> devront donc d\u00e9finir leur <strong>projet professionnel<\/strong>. Et ce, d\u00e8s la troisi\u00e8me ann\u00e9e \u00e0 la <strong>facult\u00e9 des activit\u00e9s physiques et sportives<\/strong>. La <strong>licence STAPS management du sport<\/strong> permettra d&rsquo;acqu\u00e9rir une certain nombres de connaissances pr\u00e9alables, notamment sur l&rsquo;\u00e9cosyst\u00e8me du sport.<br><br>Enfin, <strong>validation des acquis<\/strong> et l&rsquo;obtention du dipl\u00f4me se font par contr\u00f4le continu, examen terminal, et m\u00e9moire de fin d&rsquo;\u00e9tude. En outre, la pond\u00e9ration de ces derniers sera d\u00e9finie par une concertation des Facult\u00e9s de sciences du sport.<\/p>\n\n\n\n<\/div><\/div>\n\n\n\n<h2 class=\"wp-block-heading\">D&rsquo;autres Master Staps :<\/h2>\n\n\n\n<ul class=\"wp-block-list\"><li><a href=\"https:\/\/www.coach-hunter.com\/content\/master-staps-activite-physique-adaptee\/\">Master STAPS activit\u00e9 physique adapt\u00e9e<\/a><\/li><li><a href=\"https:\/\/www.coach-hunter.com\/content\/master-staps-optimisation-de-la-performance-sportive\/\">Master STAPS optimisation de la performance sportive<\/a><\/li><li><a href=\"https:\/\/www.coach-hunter.com\/content\/master-staps-autres-mentions\/\">Master STAPS  autres mentions<\/a><\/li><\/ul>\n","protected":false},"excerpt":{"rendered":"<p>Les Master STAPS sont les dipl\u00f4mes de fin d&rsquo;\u00e9tude pour la fili\u00e8re Sciences et techniques des Activit\u00e9s Physiques et Sportives. Vous y trouverez de nombreuses mentions, elles-m\u00eames divis\u00e9es en parcours.Le Master STAPS Management du sport valorise les comp\u00e9tences organisationnelles et comptables relatives aux structures sportives. Il est pr\u00e9f\u00e9rable d&rsquo;y candidater apr\u00e8s avoir obtenu une licence &hellip; <a href=\"https:\/\/www.coach-hunter.com\/content\/master-staps-management-du-sport\/\" class=\"more-link\">Continuer la lecture<span class=\"screen-reader-text\"> de &laquo;&nbsp;Tout savoir sur le Master STAPS management du sport&nbsp;&raquo;<\/span><\/a><\/p>\n","protected":false},"author":5,"featured_media":0,"parent":0,"menu_order":0,"comment_status":"closed","ping_status":"closed","template":"","meta":{"footnotes":""},"class_list":["post-1689","page","type-page","status-publish","hentry"],"yoast_head":"<!-- This site is optimized with the Yoast SEO plugin v27.5 - https:\/\/yoast.com\/product\/yoast-seo-wordpress\/ -->\n<title>Master STAPS management du sport, pour coach sportif gestionnaire<\/title>\n<meta name=\"description\" content=\"Coach Hunter vous pr\u00e9sente le Master STAPS management du sport, qui vous permettra de devenir charg\u00e9 de projet ou de communication en milieu sportif.\" \/>\n<meta name=\"robots\" content=\"index, follow, max-snippet:-1, max-image-preview:large, max-video-preview:-1\" \/>\n<link rel=\"canonical\" href=\"https:\/\/www.coach-hunter.com\/content\/master-staps-management-du-sport\/\" \/>\n<meta property=\"og:locale\" content=\"fr_FR\" \/>\n<meta property=\"og:type\" content=\"article\" \/>\n<meta property=\"og:title\" content=\"Master STAPS management du sport, pour coach sportif gestionnaire\" \/>\n<meta property=\"og:description\" content=\"Coach Hunter vous pr\u00e9sente le Master STAPS management du sport, qui vous permettra de devenir charg\u00e9 de projet ou de communication en milieu sportif.\" \/>\n<meta property=\"og:url\" content=\"https:\/\/www.coach-hunter.com\/content\/master-staps-management-du-sport\/\" \/>\n<meta property=\"og:site_name\" content=\"Blog Coach Hunter\" \/>\n<meta property=\"article:modified_time\" content=\"2020-10-13T11:47:12+00:00\" \/>\n<meta property=\"og:image\" content=\"https:\/\/www.coach-hunter.com\/content\/wp-content\/uploads\/2020\/09\/Master-staps-management-du-sport-Copie-1.jpg\" \/>\n\t<meta property=\"og:image:width\" content=\"626\" \/>\n\t<meta property=\"og:image:height\" content=\"436\" \/>\n\t<meta property=\"og:image:type\" content=\"image\/jpeg\" \/>\n<meta name=\"twitter:card\" content=\"summary_large_image\" \/>\n<meta name=\"twitter:label1\" content=\"Dur\u00e9e de lecture estim\u00e9e\" \/>\n\t<meta name=\"twitter:data1\" content=\"2 minutes\" \/>\n<script type=\"application\/ld+json\" class=\"yoast-schema-graph\">{\"@context\":\"https:\\\/\\\/schema.org\",\"@graph\":[{\"@type\":\"WebPage\",\"@id\":\"https:\\\/\\\/www.coach-hunter.com\\\/content\\\/master-staps-management-du-sport\\\/\",\"url\":\"https:\\\/\\\/www.coach-hunter.com\\\/content\\\/master-staps-management-du-sport\\\/\",\"name\":\"Master STAPS management du sport, pour coach sportif gestionnaire\",\"isPartOf\":{\"@id\":\"https:\\\/\\\/www.coach-hunter.com\\\/content\\\/#website\"},\"primaryImageOfPage\":{\"@id\":\"https:\\\/\\\/www.coach-hunter.com\\\/content\\\/master-staps-management-du-sport\\\/#primaryimage\"},\"image\":{\"@id\":\"https:\\\/\\\/www.coach-hunter.com\\\/content\\\/master-staps-management-du-sport\\\/#primaryimage\"},\"thumbnailUrl\":\"https:\\\/\\\/www.coach-hunter.com\\\/content\\\/wp-content\\\/uploads\\\/2020\\\/09\\\/Master-staps-management-du-sport-Copie-1.jpg\",\"datePublished\":\"2020-10-12T12:21:20+00:00\",\"dateModified\":\"2020-10-13T11:47:12+00:00\",\"description\":\"Coach Hunter vous pr\u00e9sente le Master STAPS management du sport, qui vous permettra de devenir charg\u00e9 de projet ou de communication en milieu sportif.\",\"breadcrumb\":{\"@id\":\"https:\\\/\\\/www.coach-hunter.com\\\/content\\\/master-staps-management-du-sport\\\/#breadcrumb\"},\"inLanguage\":\"fr-FR\",\"potentialAction\":[{\"@type\":\"ReadAction\",\"target\":[\"https:\\\/\\\/www.coach-hunter.com\\\/content\\\/master-staps-management-du-sport\\\/\"]}]},{\"@type\":\"ImageObject\",\"inLanguage\":\"fr-FR\",\"@id\":\"https:\\\/\\\/www.coach-hunter.com\\\/content\\\/master-staps-management-du-sport\\\/#primaryimage\",\"url\":\"https:\\\/\\\/www.coach-hunter.com\\\/content\\\/wp-content\\\/uploads\\\/2020\\\/09\\\/Master-staps-management-du-sport-Copie-1.jpg\",\"contentUrl\":\"https:\\\/\\\/www.coach-hunter.com\\\/content\\\/wp-content\\\/uploads\\\/2020\\\/09\\\/Master-staps-management-du-sport-Copie-1.jpg\",\"width\":626,\"height\":436},{\"@type\":\"BreadcrumbList\",\"@id\":\"https:\\\/\\\/www.coach-hunter.com\\\/content\\\/master-staps-management-du-sport\\\/#breadcrumb\",\"itemListElement\":[{\"@type\":\"ListItem\",\"position\":1,\"name\":\"Accueil\",\"item\":\"https:\\\/\\\/www.coach-hunter.com\\\/content\\\/\"},{\"@type\":\"ListItem\",\"position\":2,\"name\":\"Tout savoir sur le Master STAPS management du sport\"}]},{\"@type\":\"WebSite\",\"@id\":\"https:\\\/\\\/www.coach-hunter.com\\\/content\\\/#website\",\"url\":\"https:\\\/\\\/www.coach-hunter.com\\\/content\\\/\",\"name\":\"Blog Coach Hunter\",\"description\":\"\",\"potentialAction\":[{\"@type\":\"SearchAction\",\"target\":{\"@type\":\"EntryPoint\",\"urlTemplate\":\"https:\\\/\\\/www.coach-hunter.com\\\/content\\\/?s={search_term_string}\"},\"query-input\":{\"@type\":\"PropertyValueSpecification\",\"valueRequired\":true,\"valueName\":\"search_term_string\"}}],\"inLanguage\":\"fr-FR\"}]}<\/script>\n<!-- \/ Yoast SEO plugin. -->","yoast_head_json":{"title":"Master STAPS management du sport, pour coach sportif gestionnaire","description":"Coach Hunter vous pr\u00e9sente le Master STAPS management du sport, qui vous permettra de devenir charg\u00e9 de projet ou de communication en milieu sportif.","robots":{"index":"index","follow":"follow","max-snippet":"max-snippet:-1","max-image-preview":"max-image-preview:large","max-video-preview":"max-video-preview:-1"},"canonical":"https:\/\/www.coach-hunter.com\/content\/master-staps-management-du-sport\/","og_locale":"fr_FR","og_type":"article","og_title":"Master STAPS management du sport, pour coach sportif gestionnaire","og_description":"Coach Hunter vous pr\u00e9sente le Master STAPS management du sport, qui vous permettra de devenir charg\u00e9 de projet ou de communication en milieu sportif.","og_url":"https:\/\/www.coach-hunter.com\/content\/master-staps-management-du-sport\/","og_site_name":"Blog Coach Hunter","article_modified_time":"2020-10-13T11:47:12+00:00","og_image":[{"width":626,"height":436,"url":"https:\/\/www.coach-hunter.com\/content\/wp-content\/uploads\/2020\/09\/Master-staps-management-du-sport-Copie-1.jpg","type":"image\/jpeg"}],"twitter_card":"summary_large_image","twitter_misc":{"Dur\u00e9e de lecture estim\u00e9e":"2 minutes"},"schema":{"@context":"https:\/\/schema.org","@graph":[{"@type":"WebPage","@id":"https:\/\/www.coach-hunter.com\/content\/master-staps-management-du-sport\/","url":"https:\/\/www.coach-hunter.com\/content\/master-staps-management-du-sport\/","name":"Master STAPS management du sport, pour coach sportif gestionnaire","isPartOf":{"@id":"https:\/\/www.coach-hunter.com\/content\/#website"},"primaryImageOfPage":{"@id":"https:\/\/www.coach-hunter.com\/content\/master-staps-management-du-sport\/#primaryimage"},"image":{"@id":"https:\/\/www.coach-hunter.com\/content\/master-staps-management-du-sport\/#primaryimage"},"thumbnailUrl":"https:\/\/www.coach-hunter.com\/content\/wp-content\/uploads\/2020\/09\/Master-staps-management-du-sport-Copie-1.jpg","datePublished":"2020-10-12T12:21:20+00:00","dateModified":"2020-10-13T11:47:12+00:00","description":"Coach Hunter vous pr\u00e9sente le Master STAPS management du sport, qui vous permettra de devenir charg\u00e9 de projet ou de communication en milieu sportif.","breadcrumb":{"@id":"https:\/\/www.coach-hunter.com\/content\/master-staps-management-du-sport\/#breadcrumb"},"inLanguage":"fr-FR","potentialAction":[{"@type":"ReadAction","target":["https:\/\/www.coach-hunter.com\/content\/master-staps-management-du-sport\/"]}]},{"@type":"ImageObject","inLanguage":"fr-FR","@id":"https:\/\/www.coach-hunter.com\/content\/master-staps-management-du-sport\/#primaryimage","url":"https:\/\/www.coach-hunter.com\/content\/wp-content\/uploads\/2020\/09\/Master-staps-management-du-sport-Copie-1.jpg","contentUrl":"https:\/\/www.coach-hunter.com\/content\/wp-content\/uploads\/2020\/09\/Master-staps-management-du-sport-Copie-1.jpg","width":626,"height":436},{"@type":"BreadcrumbList","@id":"https:\/\/www.coach-hunter.com\/content\/master-staps-management-du-sport\/#breadcrumb","itemListElement":[{"@type":"ListItem","position":1,"name":"Accueil","item":"https:\/\/www.coach-hunter.com\/content\/"},{"@type":"ListItem","position":2,"name":"Tout savoir sur le Master STAPS management du sport"}]},{"@type":"WebSite","@id":"https:\/\/www.coach-hunter.com\/content\/#website","url":"https:\/\/www.coach-hunter.com\/content\/","name":"Blog Coach Hunter","description":"","potentialAction":[{"@type":"SearchAction","target":{"@type":"EntryPoint","urlTemplate":"https:\/\/www.coach-hunter.com\/content\/?s={search_term_string}"},"query-input":{"@type":"PropertyValueSpecification","valueRequired":true,"valueName":"search_term_string"}}],"inLanguage":"fr-FR"}]}},"_links":{"self":[{"href":"https:\/\/www.coach-hunter.com\/content\/wp-json\/wp\/v2\/pages\/1689","targetHints":{"allow":["GET"]}}],"collection":[{"href":"https:\/\/www.coach-hunter.com\/content\/wp-json\/wp\/v2\/pages"}],"about":[{"href":"https:\/\/www.coach-hunter.com\/content\/wp-json\/wp\/v2\/types\/page"}],"author":[{"embeddable":true,"href":"https:\/\/www.coach-hunter.com\/content\/wp-json\/wp\/v2\/users\/5"}],"replies":[{"embeddable":true,"href":"https:\/\/www.coach-hunter.com\/content\/wp-json\/wp\/v2\/comments?post=1689"}],"version-history":[{"count":8,"href":"https:\/\/www.coach-hunter.com\/content\/wp-json\/wp\/v2\/pages\/1689\/revisions"}],"predecessor-version":[{"id":1880,"href":"https:\/\/www.coach-hunter.com\/content\/wp-json\/wp\/v2\/pages\/1689\/revisions\/1880"}],"wp:attachment":[{"href":"https:\/\/www.coach-hunter.com\/content\/wp-json\/wp\/v2\/media?parent=1689"}],"curies":[{"name":"wp","href":"https:\/\/api.w.org\/{rel}","templated":true}]}}