{"id":1661,"date":"2020-10-05T13:42:02","date_gmt":"2020-10-05T13:42:02","guid":{"rendered":"https:\/\/www.coach-hunter.com\/content\/?page_id=1661"},"modified":"2020-10-05T13:42:03","modified_gmt":"2020-10-05T13:42:03","slug":"licence-staps-autre-mention","status":"publish","type":"page","link":"https:\/\/www.coach-hunter.com\/content\/licence-staps-autre-mention\/","title":{"rendered":"Coach Hunter pr\u00e9sente la Licence STAPS autre mention"},"content":{"rendered":"\n<p><strong>Coach Hunter<\/strong> vous a d\u00e9j\u00e0 pr\u00e9sent\u00e9 trois parcours de <a class=\"callAction\" href=\"https:\/\/www.coach-hunter.com\/content\/licence-staps\/\">Licence Staps<\/a>. Ici, vous trouverez notre rubrique <strong>Licence STAPS autre mention<\/strong>. En 2019, cinq parcours ont \u00e9t\u00e9 publi\u00e9s au Journal Officiel (<a rel=\"noreferrer noopener\" href=\"https:\/\/www.legifrance.gouv.fr\/jorf\/id\/JORFTEXT000041728862\/\" target=\"_blank\">en savoir plus<\/a>). <br>Pour <strong>devenir coach sportif<\/strong> grand public, les parcours <strong>EM <\/strong>(\u00e9ducation et motricit\u00e9) et <strong>ES <\/strong>(entra\u00eenement sportif) sont \u00e0 privil\u00e9gier. Pour encadrer la pratique sportive d&rsquo;un public en situation de handicap ou \u00e2g\u00e9, optez pour la mention <strong>Activit\u00e9 physique adapt\u00e9e et sant\u00e9<\/strong>.<\/p>\n\n\n\n<div class='flexo'><div class=\"lames2\">\n\n\n\n<h2 class=\"wp-block-heading\">Licence Staps Autre mention :<\/h2>\n\n\n\n<div class=\"wp-block-image\"><figure class=\"aligncenter size-large\"><img loading=\"lazy\" decoding=\"async\" width=\"626\" height=\"417\" src=\"https:\/\/www.coach-hunter.com\/content\/wp-content\/uploads\/2020\/09\/licence-staps-autre-mention3.jpg\" alt=\"licence staps autre mention\" class=\"wp-image-1683\" srcset=\"https:\/\/www.coach-hunter.com\/content\/wp-content\/uploads\/2020\/09\/licence-staps-autre-mention3.jpg 626w, https:\/\/www.coach-hunter.com\/content\/wp-content\/uploads\/2020\/09\/licence-staps-autre-mention3-300x200.jpg 300w\" sizes=\"auto, (max-width: 626px) 85vw, 626px\" \/><\/figure><\/div>\n\n\n\n<p>Toutefois, si vous souhaitez, d\u00e8s la 3\u00e8me ann\u00e9e de cette fili\u00e8re universitaire, obtenir des comp\u00e9tences plus techniques, par exemples en <strong>gestion <\/strong>ou <strong>m\u00e9canique<\/strong>, deux autres mentions existent.<br>Ici nous vous pr\u00e9senterons donc les licences Staps (sciences et techniques des activit\u00e9s physiques et sportives) suivantes :<br>-Ergonomie du sport et performance motrice (ESPM)<br>-Management du sport (MS)<\/p>\n\n\n\n<\/div><div class=\"lames2\">\n\n\n\n<h2 class=\"wp-block-heading\">Licence Staps Ergonomie du sport et performance motrice (ESPM)<\/h2>\n\n\n\n<div class=\"wp-block-image\"><figure class=\"aligncenter size-large\"><img loading=\"lazy\" decoding=\"async\" width=\"626\" height=\"417\" src=\"https:\/\/www.coach-hunter.com\/content\/wp-content\/uploads\/2020\/09\/licence-staps-autre-mention2.jpg\" alt=\"licence staps autre mention\" class=\"wp-image-1682\" srcset=\"https:\/\/www.coach-hunter.com\/content\/wp-content\/uploads\/2020\/09\/licence-staps-autre-mention2.jpg 626w, https:\/\/www.coach-hunter.com\/content\/wp-content\/uploads\/2020\/09\/licence-staps-autre-mention2-300x200.jpg 300w\" sizes=\"auto, (max-width: 626px) 85vw, 626px\" \/><\/figure><\/div>\n\n\n\n<p>La <strong>Licence Staps Ergonomie du Sport et Performance motrice<\/strong> a pour but d&rsquo;analyser le corps humain dans diff\u00e9rentes situations afin d&rsquo;optimiser ses facult\u00e9s et performances, au moyen de mat\u00e9riel, alt\u00e9rations environnementales ou organisationnelles. <br><br>Le d\u00e9tenteur du dipl\u00f4me mettra donc ses connaissances au service de <strong>concepteurs de mat\u00e9riel sportif<\/strong> ou de <strong>gestionnaires de structures sportives<\/strong>. Il peut intervenir dans le secteur priv\u00e9 et le public (collectivit\u00e9s territoriales). En outre, il sera souvent amen\u00e9 \u00e0 interagir avec les deux sph\u00e8res dans le cadre de son travail.<br>Il devra concevoir les projets de d\u00e9veloppement de produits selon des probl\u00e9matiques donn\u00e9es. <\/p>\n\n\n\n<\/div><div class=\"lames2\">\n\n\n\n<h2 class=\"wp-block-heading\">Licence Staps Management du sport (MS)<\/h2>\n\n\n\n<div class=\"wp-block-image\"><figure class=\"aligncenter size-large\"><img loading=\"lazy\" decoding=\"async\" width=\"626\" height=\"417\" src=\"https:\/\/www.coach-hunter.com\/content\/wp-content\/uploads\/2020\/09\/licence-staps-autre-mention.jpg\" alt=\"licence staps autre mention\" class=\"wp-image-1681\" srcset=\"https:\/\/www.coach-hunter.com\/content\/wp-content\/uploads\/2020\/09\/licence-staps-autre-mention.jpg 626w, https:\/\/www.coach-hunter.com\/content\/wp-content\/uploads\/2020\/09\/licence-staps-autre-mention-300x200.jpg 300w\" sizes=\"auto, (max-width: 626px) 85vw, 626px\" \/><\/figure><\/div>\n\n\n\n<p>La <strong>licence Management du sport<\/strong> porte moins d&rsquo;attention aux performances sportives et plus \u00e0 la <strong>gestion de structures sportives<\/strong>. Il vise \u00e0 former des professionnels du management, capables d&rsquo;op\u00e9rer dans tous les domaines du sport. Cette mention de la fili\u00e8re STAPS permet tout de m\u00eame d&rsquo;acqu\u00e9rir des bases en termes d&rsquo;<strong>entrainement sportif<\/strong>.<br><br>De ce fait, les dipl\u00f4m\u00e9s peuvent \u00e9galement exercer en tant qu&rsquo;\u00e9ducateurs sportifs pour des objectifs \u00ab\u00a0classiques\u00a0\u00bb, tels que du renforcement musculaire, ou du stretching. Toutefois, leurs capacit\u00e9s se r\u00e9v\u00e8lent dans la gestion et la comptabilit\u00e9 des structures sportives. On pourra \u00e9galement leur demander de g\u00e9rer l&rsquo;<strong>organisation d&rsquo;\u00e9v\u00e8nements sportifs<\/strong>.<br><br>De mani\u00e8re g\u00e9n\u00e9rale, les dipl\u00f4m\u00e9s encadrent l&rsquo;organisation des activit\u00e9s physiques, sportives, et artistiques dans une structure donn\u00e9e. Cette derni\u00e8re peut appartenir au secteur public (stade), ou priv\u00e9 (salle de sport).<\/p>\n\n\n\n<\/div><\/div>\n\n\n\n<h2 class=\"wp-block-heading\">D&rsquo;autres mentions en licence Staps :<\/h2>\n\n\n\n<ul class=\"wp-block-list\"><li><a href=\"https:\/\/www.coach-hunter.com\/content\/licence-staps-activite-physique-adaptee\/\">Licence Staps Activit\u00e9 physique adapt\u00e9e<\/a><\/li><li>La <a href=\"https:\/\/www.coach-hunter.com\/content\/licence-staps-education-et-motricite\/\">Licence Staps Education et Motricit\u00e9<\/a><\/li><li><a href=\"https:\/\/www.coach-hunter.com\/content\/licence-staps-entrainement-sportif\/\">Licence Staps Entrainement Sportif<\/a><\/li><\/ul>\n","protected":false},"excerpt":{"rendered":"<p>Coach Hunter vous a d\u00e9j\u00e0 pr\u00e9sent\u00e9 trois parcours de Licence Staps. Ici, vous trouverez notre rubrique Licence STAPS autre mention. En 2019, cinq parcours ont \u00e9t\u00e9 publi\u00e9s au Journal Officiel (en savoir plus). Pour devenir coach sportif grand public, les parcours EM (\u00e9ducation et motricit\u00e9) et ES (entra\u00eenement sportif) sont \u00e0 privil\u00e9gier. Pour encadrer la &hellip; <a href=\"https:\/\/www.coach-hunter.com\/content\/licence-staps-autre-mention\/\" class=\"more-link\">Continuer la lecture<span class=\"screen-reader-text\"> de &laquo;&nbsp;Coach Hunter pr\u00e9sente la Licence STAPS autre mention&nbsp;&raquo;<\/span><\/a><\/p>\n","protected":false},"author":5,"featured_media":0,"parent":0,"menu_order":0,"comment_status":"closed","ping_status":"closed","template":"","meta":{"footnotes":""},"class_list":["post-1661","page","type-page","status-publish","hentry"],"yoast_head":"<!-- This site is optimized with the Yoast SEO plugin v25.9 - https:\/\/yoast.com\/wordpress\/plugins\/seo\/ -->\n<title>Licence STAPS autre mention : devenez un personal trainer dipl\u00f4m\u00e9<\/title>\n<meta name=\"description\" content=\"Coach Hunter vous pr\u00e9sente la rubrique Licence STAPS autre mention, dans laquelle vous trouverez les parcours ergonomie du sport et management du sport\" \/>\n<meta name=\"robots\" content=\"index, follow, max-snippet:-1, max-image-preview:large, max-video-preview:-1\" \/>\n<link rel=\"canonical\" href=\"https:\/\/www.coach-hunter.com\/content\/licence-staps-autre-mention\/\" \/>\n<meta property=\"og:locale\" content=\"fr_FR\" \/>\n<meta property=\"og:type\" content=\"article\" \/>\n<meta property=\"og:title\" content=\"Licence STAPS autre mention : devenez un personal trainer dipl\u00f4m\u00e9\" \/>\n<meta property=\"og:description\" content=\"Coach Hunter vous pr\u00e9sente la rubrique Licence STAPS autre mention, dans laquelle vous trouverez les parcours ergonomie du sport et management du sport\" \/>\n<meta property=\"og:url\" content=\"https:\/\/www.coach-hunter.com\/content\/licence-staps-autre-mention\/\" \/>\n<meta property=\"og:site_name\" content=\"Blog Coach Hunter\" \/>\n<meta property=\"article:modified_time\" content=\"2020-10-05T13:42:03+00:00\" \/>\n<meta property=\"og:image\" content=\"https:\/\/www.coach-hunter.com\/content\/wp-content\/uploads\/2020\/09\/licence-staps-autre-mention3.jpg\" \/>\n\t<meta property=\"og:image:width\" content=\"626\" \/>\n\t<meta property=\"og:image:height\" content=\"417\" \/>\n\t<meta property=\"og:image:type\" content=\"image\/jpeg\" \/>\n<meta name=\"twitter:card\" content=\"summary_large_image\" \/>\n<meta name=\"twitter:label1\" content=\"Dur\u00e9e de lecture estim\u00e9e\" \/>\n\t<meta name=\"twitter:data1\" content=\"2 minutes\" \/>\n<script type=\"application\/ld+json\" class=\"yoast-schema-graph\">{\"@context\":\"https:\/\/schema.org\",\"@graph\":[{\"@type\":\"WebPage\",\"@id\":\"https:\/\/www.coach-hunter.com\/content\/licence-staps-autre-mention\/\",\"url\":\"https:\/\/www.coach-hunter.com\/content\/licence-staps-autre-mention\/\",\"name\":\"Licence STAPS autre mention : devenez un personal trainer dipl\u00f4m\u00e9\",\"isPartOf\":{\"@id\":\"https:\/\/www.coach-hunter.com\/content\/#website\"},\"primaryImageOfPage\":{\"@id\":\"https:\/\/www.coach-hunter.com\/content\/licence-staps-autre-mention\/#primaryimage\"},\"image\":{\"@id\":\"https:\/\/www.coach-hunter.com\/content\/licence-staps-autre-mention\/#primaryimage\"},\"thumbnailUrl\":\"https:\/\/www.coach-hunter.com\/content\/wp-content\/uploads\/2020\/09\/licence-staps-autre-mention3.jpg\",\"datePublished\":\"2020-10-05T13:42:02+00:00\",\"dateModified\":\"2020-10-05T13:42:03+00:00\",\"description\":\"Coach Hunter vous pr\u00e9sente la rubrique Licence STAPS autre mention, dans laquelle vous trouverez les parcours ergonomie du sport et management du sport\",\"breadcrumb\":{\"@id\":\"https:\/\/www.coach-hunter.com\/content\/licence-staps-autre-mention\/#breadcrumb\"},\"inLanguage\":\"fr-FR\",\"potentialAction\":[{\"@type\":\"ReadAction\",\"target\":[\"https:\/\/www.coach-hunter.com\/content\/licence-staps-autre-mention\/\"]}]},{\"@type\":\"ImageObject\",\"inLanguage\":\"fr-FR\",\"@id\":\"https:\/\/www.coach-hunter.com\/content\/licence-staps-autre-mention\/#primaryimage\",\"url\":\"https:\/\/www.coach-hunter.com\/content\/wp-content\/uploads\/2020\/09\/licence-staps-autre-mention3.jpg\",\"contentUrl\":\"https:\/\/www.coach-hunter.com\/content\/wp-content\/uploads\/2020\/09\/licence-staps-autre-mention3.jpg\",\"width\":626,\"height\":417},{\"@type\":\"BreadcrumbList\",\"@id\":\"https:\/\/www.coach-hunter.com\/content\/licence-staps-autre-mention\/#breadcrumb\",\"itemListElement\":[{\"@type\":\"ListItem\",\"position\":1,\"name\":\"Accueil\",\"item\":\"https:\/\/www.coach-hunter.com\/content\/\"},{\"@type\":\"ListItem\",\"position\":2,\"name\":\"Coach Hunter pr\u00e9sente la Licence STAPS autre mention\"}]},{\"@type\":\"WebSite\",\"@id\":\"https:\/\/www.coach-hunter.com\/content\/#website\",\"url\":\"https:\/\/www.coach-hunter.com\/content\/\",\"name\":\"Blog Coach Hunter\",\"description\":\"\",\"potentialAction\":[{\"@type\":\"SearchAction\",\"target\":{\"@type\":\"EntryPoint\",\"urlTemplate\":\"https:\/\/www.coach-hunter.com\/content\/?s={search_term_string}\"},\"query-input\":{\"@type\":\"PropertyValueSpecification\",\"valueRequired\":true,\"valueName\":\"search_term_string\"}}],\"inLanguage\":\"fr-FR\"}]}<\/script>\n<!-- \/ Yoast SEO plugin. -->","yoast_head_json":{"title":"Licence STAPS autre mention : devenez un personal trainer dipl\u00f4m\u00e9","description":"Coach Hunter vous pr\u00e9sente la rubrique Licence STAPS autre mention, dans laquelle vous trouverez les parcours ergonomie du sport et management du sport","robots":{"index":"index","follow":"follow","max-snippet":"max-snippet:-1","max-image-preview":"max-image-preview:large","max-video-preview":"max-video-preview:-1"},"canonical":"https:\/\/www.coach-hunter.com\/content\/licence-staps-autre-mention\/","og_locale":"fr_FR","og_type":"article","og_title":"Licence STAPS autre mention : devenez un personal trainer dipl\u00f4m\u00e9","og_description":"Coach Hunter vous pr\u00e9sente la rubrique Licence STAPS autre mention, dans laquelle vous trouverez les parcours ergonomie du sport et management du sport","og_url":"https:\/\/www.coach-hunter.com\/content\/licence-staps-autre-mention\/","og_site_name":"Blog Coach Hunter","article_modified_time":"2020-10-05T13:42:03+00:00","og_image":[{"width":626,"height":417,"url":"https:\/\/www.coach-hunter.com\/content\/wp-content\/uploads\/2020\/09\/licence-staps-autre-mention3.jpg","type":"image\/jpeg"}],"twitter_card":"summary_large_image","twitter_misc":{"Dur\u00e9e de lecture estim\u00e9e":"2 minutes"},"schema":{"@context":"https:\/\/schema.org","@graph":[{"@type":"WebPage","@id":"https:\/\/www.coach-hunter.com\/content\/licence-staps-autre-mention\/","url":"https:\/\/www.coach-hunter.com\/content\/licence-staps-autre-mention\/","name":"Licence STAPS autre mention : devenez un personal trainer dipl\u00f4m\u00e9","isPartOf":{"@id":"https:\/\/www.coach-hunter.com\/content\/#website"},"primaryImageOfPage":{"@id":"https:\/\/www.coach-hunter.com\/content\/licence-staps-autre-mention\/#primaryimage"},"image":{"@id":"https:\/\/www.coach-hunter.com\/content\/licence-staps-autre-mention\/#primaryimage"},"thumbnailUrl":"https:\/\/www.coach-hunter.com\/content\/wp-content\/uploads\/2020\/09\/licence-staps-autre-mention3.jpg","datePublished":"2020-10-05T13:42:02+00:00","dateModified":"2020-10-05T13:42:03+00:00","description":"Coach Hunter vous pr\u00e9sente la rubrique Licence STAPS autre mention, dans laquelle vous trouverez les parcours ergonomie du sport et management du sport","breadcrumb":{"@id":"https:\/\/www.coach-hunter.com\/content\/licence-staps-autre-mention\/#breadcrumb"},"inLanguage":"fr-FR","potentialAction":[{"@type":"ReadAction","target":["https:\/\/www.coach-hunter.com\/content\/licence-staps-autre-mention\/"]}]},{"@type":"ImageObject","inLanguage":"fr-FR","@id":"https:\/\/www.coach-hunter.com\/content\/licence-staps-autre-mention\/#primaryimage","url":"https:\/\/www.coach-hunter.com\/content\/wp-content\/uploads\/2020\/09\/licence-staps-autre-mention3.jpg","contentUrl":"https:\/\/www.coach-hunter.com\/content\/wp-content\/uploads\/2020\/09\/licence-staps-autre-mention3.jpg","width":626,"height":417},{"@type":"BreadcrumbList","@id":"https:\/\/www.coach-hunter.com\/content\/licence-staps-autre-mention\/#breadcrumb","itemListElement":[{"@type":"ListItem","position":1,"name":"Accueil","item":"https:\/\/www.coach-hunter.com\/content\/"},{"@type":"ListItem","position":2,"name":"Coach Hunter pr\u00e9sente la Licence STAPS autre mention"}]},{"@type":"WebSite","@id":"https:\/\/www.coach-hunter.com\/content\/#website","url":"https:\/\/www.coach-hunter.com\/content\/","name":"Blog Coach Hunter","description":"","potentialAction":[{"@type":"SearchAction","target":{"@type":"EntryPoint","urlTemplate":"https:\/\/www.coach-hunter.com\/content\/?s={search_term_string}"},"query-input":{"@type":"PropertyValueSpecification","valueRequired":true,"valueName":"search_term_string"}}],"inLanguage":"fr-FR"}]}},"_links":{"self":[{"href":"https:\/\/www.coach-hunter.com\/content\/wp-json\/wp\/v2\/pages\/1661","targetHints":{"allow":["GET"]}}],"collection":[{"href":"https:\/\/www.coach-hunter.com\/content\/wp-json\/wp\/v2\/pages"}],"about":[{"href":"https:\/\/www.coach-hunter.com\/content\/wp-json\/wp\/v2\/types\/page"}],"author":[{"embeddable":true,"href":"https:\/\/www.coach-hunter.com\/content\/wp-json\/wp\/v2\/users\/5"}],"replies":[{"embeddable":true,"href":"https:\/\/www.coach-hunter.com\/content\/wp-json\/wp\/v2\/comments?post=1661"}],"version-history":[{"count":5,"href":"https:\/\/www.coach-hunter.com\/content\/wp-json\/wp\/v2\/pages\/1661\/revisions"}],"predecessor-version":[{"id":1771,"href":"https:\/\/www.coach-hunter.com\/content\/wp-json\/wp\/v2\/pages\/1661\/revisions\/1771"}],"wp:attachment":[{"href":"https:\/\/www.coach-hunter.com\/content\/wp-json\/wp\/v2\/media?parent=1661"}],"curies":[{"name":"wp","href":"https:\/\/api.w.org\/{rel}","templated":true}]}}