{"id":1655,"date":"2020-10-14T11:31:00","date_gmt":"2020-10-14T11:31:00","guid":{"rendered":"https:\/\/www.coach-hunter.com\/content\/?page_id=1655"},"modified":"2020-10-26T14:58:49","modified_gmt":"2020-10-26T14:58:49","slug":"licence-pro-staps","status":"publish","type":"page","link":"https:\/\/www.coach-hunter.com\/content\/licence-pro-staps\/","title":{"rendered":"Les mentions de la Licence pro STAPS avec Coach Hunter"},"content":{"rendered":"\n<p>La <strong>Licence Pro Staps<\/strong> est le cursus que vous devriez suivre si vous d\u00e9sirez vous ins\u00e9rer rapidement dans le secteur professionnel. Ce <a class=\"callAction\" href=\"https:\/\/www.coach-hunter.com\/content\/diplomes-staps\/\">Dipl\u00f4me STAPS<\/a> propose ainsi des cours th\u00e9oriques et des stages sur le terrain, afin de relier \u00e9tudes et r\u00e9alit\u00e9 professionnelle. <\/p>\n\n\n\n<p>Les candidats doivent avoir obtenu un Deust Staps, ou une L2 Staps. Autrement, ils devront passer un examen de <strong>comp\u00e9tences techniques et th\u00e9oriques<\/strong> pour <strong>entrer en formation<\/strong>.<br>Ici, <strong>Coach Hunter<\/strong> vous pr\u00e9sente toutes les mentions de ce dipl\u00f4me de niveau 2. Ainsi, vous trouverez celle qui correspondra au mieux \u00e0 vos attentes.<\/p>\n\n\n\n<div class=\"wp-block-image\"><figure class=\"aligncenter size-large\"><img loading=\"lazy\" decoding=\"async\" width=\"626\" height=\"417\" src=\"https:\/\/www.coach-hunter.com\/content\/wp-content\/uploads\/2020\/09\/licence-pro-staps-Copie.jpg\" alt=\"licence pro staps\" class=\"wp-image-1659\" srcset=\"https:\/\/www.coach-hunter.com\/content\/wp-content\/uploads\/2020\/09\/licence-pro-staps-Copie.jpg 626w, https:\/\/www.coach-hunter.com\/content\/wp-content\/uploads\/2020\/09\/licence-pro-staps-Copie-300x200.jpg 300w\" sizes=\"auto, (max-width: 626px) 85vw, 626px\" \/><\/figure><\/div>\n\n\n\n<div class='flexo'><div class=\"lames2\">\n\n\n\n<h2 class=\"wp-block-heading\">Licence professionnelle activit\u00e9s physiques adapt\u00e9es<\/h2>\n\n\n\n<p>La <a class=\"callAction\" href=\"https:\/\/www.coach-hunter.com\/content\/licence-professionnelle-activites-physiques-adaptees\/\">licence professionnelle activit\u00e9s physiques adapt\u00e9es<\/a>, est aussi not\u00e9e \u00ab\u00a0licence Pro APA\u00a0\u00bb et \u00ab\u00a0<strong>Licence pro sant\u00e9, vieillissement et activit\u00e9s physiques adapt\u00e9es<\/strong>\u00ab\u00a0. Cette derni\u00e8re permet d&rsquo;acqu\u00e9rir des comp\u00e9tences dans l&rsquo;encadrement de cours de sport destin\u00e9s \u00e0 des personnes \u00e2g\u00e9es ou n\u00e9cessitant une r\u00e9athl\u00e9tisation. Cette licence pro Staps s&rsquo;ins\u00e8re donc dans la logique du sport sant\u00e9, et du \u00ab\u00a0<strong>sport sur ordonnance<\/strong>\u00ab\u00a0.<br><br>Le titulaire de ce dipl\u00f4me peut ensuite intervenir \u00e0 domicile aupr\u00e8s de ses clients, sous l&rsquo;agr\u00e9ment \u00ab\u00a0service \u00e0 la personne\u00a0\u00bb, ou en structure sportive priv\u00e9e.<\/p>\n\n\n\n<\/div><div class=\"lames2\">\n\n\n\n<h2 class=\"wp-block-heading\">Licence professionnelle animation, gestion et organisation<\/h2>\n\n\n\n<p>La <a class=\"callAction\" href=\"https:\/\/www.coach-hunter.com\/content\/licence-professionnelle-animation-gestion-organisation\/\">licence professionnelle animation, gestion et organisation<\/a> des activit\u00e9s physiques et sportives, not\u00e9e LP AGOAPS permet de d\u00e9velopper des comp\u00e9tences polyvalentes. En outre, la mention forme les futurs responsables d\u2019\u00e9quipes en structures sportives. Selon son niveau de comp\u00e9tences pratiques, on lui confiera les projets de gestion, d&rsquo;organisation et de p\u00e9dagogie. Ceci est notamment valable pour les <strong>clubs sportifs<\/strong>. <br><br>De plus, la formation continue sera compl\u00e9t\u00e9e par une formation professionnelle dans une de ces structures. De ce fait, le<strong> taux de recrutement<\/strong> \u00e0 l&rsquo;obtention du dipl\u00f4me est tr\u00e8s \u00e9lev\u00e9.<\/p>\n\n\n\n<\/div><div class=\"lames2\">\n\n\n\n<h2 class=\"wp-block-heading\">Licence professionnelle intervention sociale<\/h2>\n\n\n\n<p>La <a class=\"callAction\" href=\"https:\/\/www.coach-hunter.com\/content\/licence-professionnelle-intervention-sociale\/\">licence professionnelle intervention sociale<\/a><strong>, d\u00e9veloppement social et m\u00e9diation par le sport<\/strong> vise \u00e0 former des coachs sportifs encadrant un public jeune. En particulier, les acquis professionnels concernent l&rsquo;encadrement de <strong>projets de m\u00e9diation<\/strong> relatifs \u00e0 des jeunes en <strong>rupture socio-scolaire ou familiale<\/strong>. De ce fait, le dipl\u00f4m\u00e9 devra intervenir avec autorit\u00e9 et bienveillance aupr\u00e8s de ces jeunes pour les amener \u00e0 se r\u00e9int\u00e9grer dans la soci\u00e9t\u00e9.<\/p>\n\n\n\n<p>Le dipl\u00f4m\u00e9 agit en coop\u00e9ration avec les services sportifs des communes et collectivit\u00e9s territoriales afin de d\u00e9velopper des projets ad\u00e9quats selon le contexte.<\/p>\n\n\n\n<\/div><div class=\"lames2\">\n\n\n\n<h2 class=\"wp-block-heading\">Licence professionnelle m\u00e9tiers de la forme<\/h2>\n\n\n\n<p>La <a class=\"callAction\" href=\"https:\/\/www.coach-hunter.com\/content\/licence-professionnelle-metiers-de-la-forme\/\">licence professionnelle m\u00e9tiers de la forme<\/a> est le dipl\u00f4me Staps id\u00e9al pour devenir conseiller sportif en salle de remise en forme. Le titulaire du dipl\u00f4me encadre la pratique sportive des adh\u00e9rents en club, pendant les cours collectifs, et sur le plateau de musculation. S&rsquo;il propose du <strong>coaching personnel<\/strong>, il devra alors adapter les exercices au profil du client, ainsi que lui transmettre sa motivation.<br><br>Toutefois, le dipl\u00f4m\u00e9 exerce souvent son m\u00e9tier dans <strong>plusieurs salles de fitness<\/strong>. En effet, les enseignes signent fr\u00e9quemment des contrats \u00e0 temps partiels, afin de proposer \u00e0 leurs clients plus de coachs&#8230; Il vous faudra n\u00e9gocier votre contrat si vous pr\u00e9f\u00e9rez un emploi stable.<\/p>\n\n\n\n<\/div><div class=\"lames2\">\n\n\n\n<h2 class=\"wp-block-heading\">Licence professionnelle remise en forme et loisirs sportifs<\/h2>\n\n\n\n<p>La <a class=\"callAction\" href=\"https:\/\/www.coach-hunter.com\/content\/licence-professionnelle-remise-en-forme-et-loisirs-sportifs\/\">licence professionnelle remise en forme et loisirs sportifs<\/a> associ\u00e9s forme des coachs sportifs polyvalents, capables d&rsquo;adapter l&rsquo;entrainement \u00e0 son public. En outre, il g\u00e8re les <strong>projets d&rsquo;animation, de p\u00e9dagogie, et de d\u00e9veloppement de la structure<\/strong>. La formation initiale de cette licence pro Staps concerne notamment le sport sant\u00e9, les r\u00e8gles de s\u00e9curit\u00e9, la correction des exercices physiques.<br><br>Le titulaire du dipl\u00f4me pourra exercer en centre de remise en forme, centre sportif municipal, ou encore \u00e0 domicile aupr\u00e8s de ses clients.<\/p>\n\n\n\n<\/div><div class=\"lames2\">\n\n\n\n<h2 class=\"wp-block-heading\">Autre mention de la Licence Pro Staps<\/h2>\n\n\n\n<p>Ici, vous trouverez d&rsquo;<a class=\"callAction\" href=\"https:\/\/www.coach-hunter.com\/content\/licence-professionnelle-autre-mention\/\">autres mentions de Licences Pro Staps<\/a>. Ainsi nous vous parlerons de la mention \u00ab\u00a0<strong>Gestion des associations et services sportifs<\/strong>\u00a0\u00bb permettant de devenir gestionnaire pour des associations loi 1901. Le parcours \u00ab\u00a0<strong>Tourisme et loisirs sportifs : Activit\u00e9s physiques de pleine nature et tourisme vert<\/strong>\u00a0\u00bb pr\u00e9sente un int\u00e9r\u00eat cons\u00e9quent lorsque l&rsquo;on veut exercer en collectivit\u00e9 territoriale rurale. Enfin, la mention \u00ab\u00a0<strong>Management des entreprises sportives<\/strong>\u00a0\u00bb permet de comprendre comment fonctionne un club sportif professionnel (<a rel=\"noreferrer noopener\" href=\"https:\/\/staps.u-bordeaux.fr\/Formation\/Licences-professionnelles\/Parcours-management-des-entreprises-sportives-MES\" target=\"_blank\">en savoir plus<\/a>).<\/p>\n\n\n\n<\/div><\/div>\n\n\n\n<h2 class=\"wp-block-heading\">D&rsquo;autres dipl\u00f4mes Staps<\/h2>\n\n\n\n<ul class=\"wp-block-list\"><li><a href=\"https:\/\/www.coach-hunter.com\/content\/deust-staps\/\">DEUST Staps<\/a><\/li><li><a href=\"https:\/\/www.coach-hunter.com\/content\/licence-staps\/\">Licence Staps<\/a><\/li><li><a href=\"https:\/\/www.coach-hunter.com\/content\/master-staps\/\">Master Staps<\/a><\/li><\/ul>\n","protected":false},"excerpt":{"rendered":"<p>La Licence Pro Staps est le cursus que vous devriez suivre si vous d\u00e9sirez vous ins\u00e9rer rapidement dans le secteur professionnel. Ce Dipl\u00f4me STAPS propose ainsi des cours th\u00e9oriques et des stages sur le terrain, afin de relier \u00e9tudes et r\u00e9alit\u00e9 professionnelle. Les candidats doivent avoir obtenu un Deust Staps, ou une L2 Staps. Autrement, &hellip; <a href=\"https:\/\/www.coach-hunter.com\/content\/licence-pro-staps\/\" class=\"more-link\">Continuer la lecture<span class=\"screen-reader-text\"> de &laquo;&nbsp;Les mentions de la Licence pro STAPS avec Coach Hunter&nbsp;&raquo;<\/span><\/a><\/p>\n","protected":false},"author":5,"featured_media":0,"parent":0,"menu_order":0,"comment_status":"closed","ping_status":"closed","template":"","meta":{"footnotes":""},"class_list":["post-1655","page","type-page","status-publish","hentry"],"yoast_head":"<!-- This site is optimized with the Yoast SEO plugin v25.9 - https:\/\/yoast.com\/wordpress\/plugins\/seo\/ -->\n<title>Licence Pro Staps : parcours pour devenir personal trainer professionnel<\/title>\n<meta name=\"description\" content=\"La Licence Pro Staps permet de jongler entre apprentissage th\u00e9orique et comp\u00e9tences professionnelles, pour ainsi devenir coach sportif en peu de temps !\" \/>\n<meta name=\"robots\" content=\"index, follow, max-snippet:-1, max-image-preview:large, max-video-preview:-1\" \/>\n<link rel=\"canonical\" href=\"https:\/\/www.coach-hunter.com\/content\/licence-pro-staps\/\" \/>\n<meta property=\"og:locale\" content=\"fr_FR\" \/>\n<meta property=\"og:type\" content=\"article\" \/>\n<meta property=\"og:title\" content=\"Licence Pro Staps : parcours pour devenir personal trainer professionnel\" \/>\n<meta property=\"og:description\" content=\"La Licence Pro Staps permet de jongler entre apprentissage th\u00e9orique et comp\u00e9tences professionnelles, pour ainsi devenir coach sportif en peu de temps !\" \/>\n<meta property=\"og:url\" content=\"https:\/\/www.coach-hunter.com\/content\/licence-pro-staps\/\" \/>\n<meta property=\"og:site_name\" content=\"Blog Coach Hunter\" \/>\n<meta property=\"article:modified_time\" content=\"2020-10-26T14:58:49+00:00\" \/>\n<meta property=\"og:image\" content=\"https:\/\/www.coach-hunter.com\/content\/wp-content\/uploads\/2020\/09\/licence-pro-staps-Copie.jpg\" \/>\n\t<meta property=\"og:image:width\" content=\"626\" \/>\n\t<meta property=\"og:image:height\" content=\"417\" \/>\n\t<meta property=\"og:image:type\" content=\"image\/jpeg\" \/>\n<meta name=\"twitter:card\" content=\"summary_large_image\" \/>\n<meta name=\"twitter:label1\" content=\"Dur\u00e9e de lecture estim\u00e9e\" \/>\n\t<meta name=\"twitter:data1\" content=\"4 minutes\" \/>\n<script type=\"application\/ld+json\" class=\"yoast-schema-graph\">{\"@context\":\"https:\/\/schema.org\",\"@graph\":[{\"@type\":\"WebPage\",\"@id\":\"https:\/\/www.coach-hunter.com\/content\/licence-pro-staps\/\",\"url\":\"https:\/\/www.coach-hunter.com\/content\/licence-pro-staps\/\",\"name\":\"Licence Pro Staps : parcours pour devenir personal trainer professionnel\",\"isPartOf\":{\"@id\":\"https:\/\/www.coach-hunter.com\/content\/#website\"},\"primaryImageOfPage\":{\"@id\":\"https:\/\/www.coach-hunter.com\/content\/licence-pro-staps\/#primaryimage\"},\"image\":{\"@id\":\"https:\/\/www.coach-hunter.com\/content\/licence-pro-staps\/#primaryimage\"},\"thumbnailUrl\":\"https:\/\/www.coach-hunter.com\/content\/wp-content\/uploads\/2020\/09\/licence-pro-staps-Copie.jpg\",\"datePublished\":\"2020-10-14T11:31:00+00:00\",\"dateModified\":\"2020-10-26T14:58:49+00:00\",\"description\":\"La Licence Pro Staps permet de jongler entre apprentissage th\u00e9orique et comp\u00e9tences professionnelles, pour ainsi devenir coach sportif en peu de temps !\",\"breadcrumb\":{\"@id\":\"https:\/\/www.coach-hunter.com\/content\/licence-pro-staps\/#breadcrumb\"},\"inLanguage\":\"fr-FR\",\"potentialAction\":[{\"@type\":\"ReadAction\",\"target\":[\"https:\/\/www.coach-hunter.com\/content\/licence-pro-staps\/\"]}]},{\"@type\":\"ImageObject\",\"inLanguage\":\"fr-FR\",\"@id\":\"https:\/\/www.coach-hunter.com\/content\/licence-pro-staps\/#primaryimage\",\"url\":\"https:\/\/www.coach-hunter.com\/content\/wp-content\/uploads\/2020\/09\/licence-pro-staps-Copie.jpg\",\"contentUrl\":\"https:\/\/www.coach-hunter.com\/content\/wp-content\/uploads\/2020\/09\/licence-pro-staps-Copie.jpg\",\"width\":626,\"height\":417},{\"@type\":\"BreadcrumbList\",\"@id\":\"https:\/\/www.coach-hunter.com\/content\/licence-pro-staps\/#breadcrumb\",\"itemListElement\":[{\"@type\":\"ListItem\",\"position\":1,\"name\":\"Accueil\",\"item\":\"https:\/\/www.coach-hunter.com\/content\/\"},{\"@type\":\"ListItem\",\"position\":2,\"name\":\"Les mentions de la Licence pro STAPS avec Coach Hunter\"}]},{\"@type\":\"WebSite\",\"@id\":\"https:\/\/www.coach-hunter.com\/content\/#website\",\"url\":\"https:\/\/www.coach-hunter.com\/content\/\",\"name\":\"Blog Coach Hunter\",\"description\":\"\",\"potentialAction\":[{\"@type\":\"SearchAction\",\"target\":{\"@type\":\"EntryPoint\",\"urlTemplate\":\"https:\/\/www.coach-hunter.com\/content\/?s={search_term_string}\"},\"query-input\":{\"@type\":\"PropertyValueSpecification\",\"valueRequired\":true,\"valueName\":\"search_term_string\"}}],\"inLanguage\":\"fr-FR\"}]}<\/script>\n<!-- \/ Yoast SEO plugin. -->","yoast_head_json":{"title":"Licence Pro Staps : parcours pour devenir personal trainer professionnel","description":"La Licence Pro Staps permet de jongler entre apprentissage th\u00e9orique et comp\u00e9tences professionnelles, pour ainsi devenir coach sportif en peu de temps !","robots":{"index":"index","follow":"follow","max-snippet":"max-snippet:-1","max-image-preview":"max-image-preview:large","max-video-preview":"max-video-preview:-1"},"canonical":"https:\/\/www.coach-hunter.com\/content\/licence-pro-staps\/","og_locale":"fr_FR","og_type":"article","og_title":"Licence Pro Staps : parcours pour devenir personal trainer professionnel","og_description":"La Licence Pro Staps permet de jongler entre apprentissage th\u00e9orique et comp\u00e9tences professionnelles, pour ainsi devenir coach sportif en peu de temps !","og_url":"https:\/\/www.coach-hunter.com\/content\/licence-pro-staps\/","og_site_name":"Blog Coach Hunter","article_modified_time":"2020-10-26T14:58:49+00:00","og_image":[{"width":626,"height":417,"url":"https:\/\/www.coach-hunter.com\/content\/wp-content\/uploads\/2020\/09\/licence-pro-staps-Copie.jpg","type":"image\/jpeg"}],"twitter_card":"summary_large_image","twitter_misc":{"Dur\u00e9e de lecture estim\u00e9e":"4 minutes"},"schema":{"@context":"https:\/\/schema.org","@graph":[{"@type":"WebPage","@id":"https:\/\/www.coach-hunter.com\/content\/licence-pro-staps\/","url":"https:\/\/www.coach-hunter.com\/content\/licence-pro-staps\/","name":"Licence Pro Staps : parcours pour devenir personal trainer professionnel","isPartOf":{"@id":"https:\/\/www.coach-hunter.com\/content\/#website"},"primaryImageOfPage":{"@id":"https:\/\/www.coach-hunter.com\/content\/licence-pro-staps\/#primaryimage"},"image":{"@id":"https:\/\/www.coach-hunter.com\/content\/licence-pro-staps\/#primaryimage"},"thumbnailUrl":"https:\/\/www.coach-hunter.com\/content\/wp-content\/uploads\/2020\/09\/licence-pro-staps-Copie.jpg","datePublished":"2020-10-14T11:31:00+00:00","dateModified":"2020-10-26T14:58:49+00:00","description":"La Licence Pro Staps permet de jongler entre apprentissage th\u00e9orique et comp\u00e9tences professionnelles, pour ainsi devenir coach sportif en peu de temps !","breadcrumb":{"@id":"https:\/\/www.coach-hunter.com\/content\/licence-pro-staps\/#breadcrumb"},"inLanguage":"fr-FR","potentialAction":[{"@type":"ReadAction","target":["https:\/\/www.coach-hunter.com\/content\/licence-pro-staps\/"]}]},{"@type":"ImageObject","inLanguage":"fr-FR","@id":"https:\/\/www.coach-hunter.com\/content\/licence-pro-staps\/#primaryimage","url":"https:\/\/www.coach-hunter.com\/content\/wp-content\/uploads\/2020\/09\/licence-pro-staps-Copie.jpg","contentUrl":"https:\/\/www.coach-hunter.com\/content\/wp-content\/uploads\/2020\/09\/licence-pro-staps-Copie.jpg","width":626,"height":417},{"@type":"BreadcrumbList","@id":"https:\/\/www.coach-hunter.com\/content\/licence-pro-staps\/#breadcrumb","itemListElement":[{"@type":"ListItem","position":1,"name":"Accueil","item":"https:\/\/www.coach-hunter.com\/content\/"},{"@type":"ListItem","position":2,"name":"Les mentions de la Licence pro STAPS avec Coach Hunter"}]},{"@type":"WebSite","@id":"https:\/\/www.coach-hunter.com\/content\/#website","url":"https:\/\/www.coach-hunter.com\/content\/","name":"Blog Coach Hunter","description":"","potentialAction":[{"@type":"SearchAction","target":{"@type":"EntryPoint","urlTemplate":"https:\/\/www.coach-hunter.com\/content\/?s={search_term_string}"},"query-input":{"@type":"PropertyValueSpecification","valueRequired":true,"valueName":"search_term_string"}}],"inLanguage":"fr-FR"}]}},"_links":{"self":[{"href":"https:\/\/www.coach-hunter.com\/content\/wp-json\/wp\/v2\/pages\/1655","targetHints":{"allow":["GET"]}}],"collection":[{"href":"https:\/\/www.coach-hunter.com\/content\/wp-json\/wp\/v2\/pages"}],"about":[{"href":"https:\/\/www.coach-hunter.com\/content\/wp-json\/wp\/v2\/types\/page"}],"author":[{"embeddable":true,"href":"https:\/\/www.coach-hunter.com\/content\/wp-json\/wp\/v2\/users\/5"}],"replies":[{"embeddable":true,"href":"https:\/\/www.coach-hunter.com\/content\/wp-json\/wp\/v2\/comments?post=1655"}],"version-history":[{"count":13,"href":"https:\/\/www.coach-hunter.com\/content\/wp-json\/wp\/v2\/pages\/1655\/revisions"}],"predecessor-version":[{"id":1919,"href":"https:\/\/www.coach-hunter.com\/content\/wp-json\/wp\/v2\/pages\/1655\/revisions\/1919"}],"wp:attachment":[{"href":"https:\/\/www.coach-hunter.com\/content\/wp-json\/wp\/v2\/media?parent=1655"}],"curies":[{"name":"wp","href":"https:\/\/api.w.org\/{rel}","templated":true}]}}