{"id":16,"date":"2018-03-05T17:41:41","date_gmt":"2018-03-05T17:41:41","guid":{"rendered":"https:\/\/www.coach-hunter.com\/content\/?page_id=16"},"modified":"2023-02-13T15:53:47","modified_gmt":"2023-02-13T15:53:47","slug":"objectifs-sportifs-savoir-les-definir","status":"publish","type":"page","link":"https:\/\/www.coach-hunter.com\/content\/","title":{"rendered":"Objectifs sportifs : savoir les d\u00e9finir"},"content":{"rendered":"<p>Bienvenue sur votre site de <a class=\"callAction\" href=\"https:\/\/www.coach-hunter.com\">coach sportif<\/a> vous trouverez ici le personal trainer qui vous convient parmi des milliers de profils. Pour trouver le coach qui sera le plus en ad\u00e9quation avec vos objectifs sportifs, il est important que vous sachiez les d\u00e9finir au mieux. Fort d&rsquo;une exp\u00e9rience de plus de 10 ans de coaching \u00e0 domicile, nous avons d\u00e9cid\u00e9 de d\u00e9finir les objectifs principaux pour lesquels nos clients font g\u00e9n\u00e9ralement appel \u00e0 nous.<\/p>\n<p><img loading=\"lazy\" decoding=\"async\" class=\"aligncenter wp-image-198 size-large\" src=\"https:\/\/www.coach-hunter.com\/content\/wp-content\/uploads\/2018\/04\/objectif-sportif-1024x640.jpg\" alt=\"Objectifs sportifs\" width=\"840\" height=\"525\" srcset=\"https:\/\/www.coach-hunter.com\/content\/wp-content\/uploads\/2018\/04\/objectif-sportif-1024x640.jpg 1024w, https:\/\/www.coach-hunter.com\/content\/wp-content\/uploads\/2018\/04\/objectif-sportif-300x188.jpg 300w, https:\/\/www.coach-hunter.com\/content\/wp-content\/uploads\/2018\/04\/objectif-sportif-768x480.jpg 768w, https:\/\/www.coach-hunter.com\/content\/wp-content\/uploads\/2018\/04\/objectif-sportif.jpg 1080w\" sizes=\"auto, (max-width: 709px) 85vw, (max-width: 909px) 67vw, (max-width: 1362px) 62vw, 840px\" \/><\/p>\n<h2>Objectifs sportifs physiques<\/h2>\n<p>\u00ab\u00a0<em>Le sport va chercher la peur pour la dominer, la fatigue pour en triompher, la difficult\u00e9 pour la vaincre<\/em>.\u00a0\u00bb Pierre De Coubertin.<\/p>\n<h3>Coach Perte de poids<\/h3>\n<p>Perdre du poids est \u00e9videmment l&rsquo;objectif principal pour lesquels les gens se remettent au sport. Il y a plusieurs facteurs qui conduisent \u00e0 un surpoids, mauvaise alimentation, manque d&rsquo;activit\u00e9 physique, l&rsquo;arr\u00eat du tabac&#8230; Il est d&rsquo;autant plus dur de se motiver lorsqu&rsquo;on a pas fait de sport depuis longtemps et que les kilos en trop se ressentent. On est vite essouffl\u00e9, on se blesse plus facilement, on est mal \u00e0 l&rsquo;aise aux yeux des autres notamment durant un effort physique&#8230;<\/p>\n<p>La perte de poids est possible sans se priver et sans pratiquer d&rsquo;activit\u00e9 sportive excessive. Nous allons vous prouver, dans l&rsquo;article <a class=\"callAction\" href=\"https:\/\/www.coach-hunter.com\/content\/perte-de-poids\/\">coach perte de poids<\/a>, qu&rsquo;avec un r\u00e9gime adapt\u00e9 \u00e0 vous, \u00e0 vos besoins et de l&rsquo;exercice physique r\u00e9gulier, vous aussi, vous pouvez y arriver.<\/p>\n<h3>Coach Renforcement musculaire<\/h3>\n<div>Le renforcement musculaire regroupe toute activit\u00e9 qui tend \u00e0 exercer les muscles de mani\u00e8re \u00e0 faire \u00e9voluer son corps afin par exemple de ne plus souffrir de douleurs (comme le mal de dos), enfin il permet d&rsquo;\u00eatre plus mobile et surtout d&rsquo;avoir des muscles plus fonctionnels. Que vous soyez un athl\u00e8te ou non, le \u00a0renforcement musculaire vous servira dans votre quotidien. Il va vous permettre d&rsquo;am\u00e9liorer votre posture, de pr\u00e9venir les douleurs et vous vous blesserez moins facilement. Il est conseiller g\u00e9n\u00e9ralement d&rsquo;en faire \u00e0 la suite d&rsquo;une blessure ou op\u00e9ration afin de solidifier son corps et de mieux r\u00e9cup\u00e9rer.<\/div>\n<div><\/div>\n<div><\/div>\n<h3>Pr\u00e9paration physique<\/h3>\n<p>La pr\u00e9paration physique peut se r\u00e9aliser en vue d&rsquo;un concours (concours de police, pompier, arm\u00e9e ou autre), ou encore dans le cadre d&rsquo;une comp\u00e9tition \u00e0 venir (Spartan race, reprise du championnat de Football, marathon,&#8230;).<br \/>\nMais il arrive aussi qu&rsquo;elle se r\u00e9alise lorsqu&rsquo;on reprend un certain type de sport o\u00f9 il vaut mieux avoir un corps pr\u00e9par\u00e9. C&rsquo;est le cas notamment pour la pr\u00e9paration de la plong\u00e9e ou la <a class=\"callAction\" href=\"https:\/\/www.coach-hunter.com\/content\/preparation-physique-sports-d-hiver\/\">pr\u00e9paration physique aux sports d&rsquo;hiver<\/a> par exemple. En effet, votre corps doit \u00eatre pr\u00eat et en pleine possession de ses capacit\u00e9s physiques pour \u00e9viter les blessures !<\/p>\n<p>La\u00a0pr\u00e9paration physique\u00a0est donc l&rsquo;ensemble des proc\u00e9dures d\u2019entra\u00eenement pr\u00e9alablement hi\u00e9rarchis\u00e9, visant au meilleur d\u00e9veloppement possible et \u00e0 l\u2019utilisation optimale des qualit\u00e9s physiques de chacun pour l&rsquo;activit\u00e9 sportive pratiqu\u00e9e.<\/p>\n<h3>Coach sportif pour les femmes<\/h3>\n<p>Nous allons d\u00e9finir dans cette section, toutes les demandes de coaching sportif sp\u00e9cifiques \u00e0 la gent f\u00e9minine. Perdre des cuisses, lutter contre la cellulite, avoir un ventre plat, affiner sa silhouette ou encore comment reprendre efficacement le sport apr\u00e8s la grossesse, sont autant de raisons pourquoi vous Mesdames, vous avez besoin d&rsquo;un coach. Nous avons d\u00e9cid\u00e9 de leur accord\u00e9 un dossier objectif sp\u00e9cifique :\u00a0 <a class=\"callAction\" href=\"https:\/\/www.coach-hunter.com\/content\/sport-au-feminin\/\">coach sportif pour femme<\/a>. Et m\u00eame si il est pourtant vrai de dire que certains hommes peuvent avoir les m\u00eames objectifs (perdre du ventre mais pas de reprendre le sport apr\u00e8s la grossesse \u00e9videmment ;)), mais nous avons quand m\u00eame tenu \u00e0 faire une section \u00e0 part pour les femmes car ce sont elles qui font principalement appel \u00e0 nous.<\/p>\n<h2>Objectifs sportifs bien \u00eatre<\/h2>\n<p>\u00ab\u00a0<em>\u00catre bien dans sa peau, c&rsquo;est s&rsquo;accepter, s&rsquo;aimer, offrir son visage au souffle du vent<\/em>.\u00a0\u00bb Paule Salomon.<\/p>\n<h3>Coach Remise en forme<\/h3>\n<p>Se remettre en forme fait partie des bonnes r\u00e9solutions prises par de nombreuses personnes chaque ann\u00e9e. Malheureusement, pour diverses raisons peu de gens arrivent \u00e0 s&rsquo;y tenir. Le temps passe et on voit le corps s&rsquo;affaiblir, on a moins d&rsquo;\u00e9nergie, on se blesse facilement, et il devient de plus en plus dur de reprendre une activit\u00e9 sportives. Retrouver la forme pour \u00eatre mieux dans son corps et en pleine possession de ses capacit\u00e9s physique est un des objectifs sportifs pour beaucoup d&rsquo;entre nous. Nous vous expliquerons dans cette section comment y arriver.<\/p>\n<h3>Coach Motivation<\/h3>\n<p>Une autre des raisons pour laquelle nos clients font appel \u00e0 un coach sportif est le manque de motivation. Toutes les raisons sont bonnes : j&rsquo;ai un peu mal aux genoux, il pleut, il fait froid&#8230; avoir son coach personnel est la garantie de ne pouvoir se d\u00e9rober \u00e0 une pratique du sport r\u00e9guli\u00e8re et efficace. D&rsquo;abord parce que votre professeur de sport vous donnera rendez-vous directement \u00e0 votre domicile ou dans un lieu en ad\u00e9quation avec la pratique de votre activit\u00e9 sportive. De plus, l&rsquo;\u00e9ducateur sportif va vous proposer des cours ludiques et sur mesure afin que vous ne perdiez pas cette motivation sportive et bien au contraire que vous puissiez gagner en assiduit\u00e9.<\/p>\n<p>Voici un dossier d\u00e9di\u00e9 exclusivement \u00e0 la motivation : <a class=\"callAction\" href=\"https:\/\/www.coach-hunter.com\/content\/motivation-sportive\/\">coach motivation<\/a>.<\/p>\n<h3>Coach Sant\u00e9<\/h3>\n<p>Le \u00ab\u00a0sport sant\u00e9\u00a0\u00bb recouvre la pratique d\u2019activit\u00e9s physiques ou sportives qui contribuent au bien-\u00eatre et \u00e0 la sant\u00e9 du pratiquant. Ceci est une d\u00e9finition de la sant\u00e9 par l\u2019OMS (organisation mondiale de la sant\u00e9). La relation entre sport et une\u00a0vie healthy n&rsquo;est donc plus \u00e0 prouver. Outre le fait que le sport vous aidera \u00e0 \u00eatre mieux dans votre corps, il est aussi recommand\u00e9 pour \u00eatre en bonne sant\u00e9, une pratique r\u00e9guli\u00e8re.<\/p>\n<p>De plus, si vous souffrez d&rsquo;une maladie chronique, le sport va am\u00e9liorer l\u2019\u00e9tat de votre sant\u00e9. Il permettra dans certains cas de pr\u00e9venir aussi l\u2019aggravation ou la r\u00e9cidive de ces maladies chroniques c&rsquo;est ce qu&rsquo;on appelle la pr\u00e9vention tertiaire. Regardez notre article <a class=\"callAction\" href=\"https:\/\/www.coach-hunter.com\/content\/sante\/\">coach sant\u00e9<\/a> pour en savoir plus !<\/p>\n<h2>Coach Nutrition<\/h2>\n<p>Que vous vouliez perdre du poids, prendre de la masse, perdre du ventre ou affiner vos cuisses, il va falloir revoir votre alimentation. Une activit\u00e9 physique quels quels soit, si elle n&rsquo;est pas coupl\u00e9 avec une alimentation saine et en accord avec votre but, ne sera pas forc\u00e9ment suffisante. Surtout si vous avez besoin d&rsquo;une grosse perte de poids, il faudra suivre un programme alimentaire en plus du sport. Nos <a class=\"callAction\" href=\"https:\/\/www.coach-hunter.com\/content\/nutrition\/\">coachs nutrition<\/a> vous donnent les clefs et les conseils en alimentation pour r\u00e9ussir quelques soit vos objectifs sportifs.<\/p>\n<p>Pour aller plus loin dans la pr\u00e9paration physique c&rsquo;est <a href=\"http:\/\/www.creps-aquitaine.fr\/IMG\/pdf\/Les_Lundis_du_CREPS_-_Copie.pdf\">ici<\/a> !<\/p>\n","protected":false},"excerpt":{"rendered":"<p>Bienvenue sur votre site de coach sportif vous trouverez ici le personal trainer qui vous convient parmi des milliers de profils. Pour trouver le coach qui sera le plus en ad\u00e9quation avec vos objectifs sportifs, il est important que vous sachiez les d\u00e9finir au mieux. Fort d&rsquo;une exp\u00e9rience de plus de 10 ans de coaching &hellip; <a href=\"https:\/\/www.coach-hunter.com\/content\/\" class=\"more-link\">Continuer la lecture<span class=\"screen-reader-text\"> de &laquo;&nbsp;Objectifs sportifs : savoir les d\u00e9finir&nbsp;&raquo;<\/span><\/a><\/p>\n","protected":false},"author":1,"featured_media":0,"parent":0,"menu_order":0,"comment_status":"open","ping_status":"closed","template":"","meta":{"footnotes":""},"class_list":["post-16","page","type-page","status-publish","hentry"],"yoast_head":"<!-- This site is optimized with the Yoast SEO plugin v25.9 - https:\/\/yoast.com\/wordpress\/plugins\/seo\/ -->\n<title>Objectifs sportifs : les d\u00e9finir pour mieux les atteindre<\/title>\n<meta name=\"description\" content=\"Objectifs sportifs : voici les principaux objectifs que se fixent nos clients. Si vous aussi vous avez du mal \u00e0 d\u00e9finir les raisons pour laquelle il vous faut reprendre le sport, c&#039;est ici !\" \/>\n<meta name=\"robots\" content=\"index, follow, max-snippet:-1, max-image-preview:large, max-video-preview:-1\" \/>\n<link rel=\"canonical\" href=\"https:\/\/www.coach-hunter.com\/content\/\" \/>\n<meta property=\"og:locale\" content=\"fr_FR\" \/>\n<meta property=\"og:type\" content=\"article\" \/>\n<meta property=\"og:title\" content=\"Objectifs sportifs : les d\u00e9finir pour mieux les atteindre\" \/>\n<meta property=\"og:description\" content=\"Objectifs sportifs : voici les principaux objectifs que se fixent nos clients. Si vous aussi vous avez du mal \u00e0 d\u00e9finir les raisons pour laquelle il vous faut reprendre le sport, c&#039;est ici !\" \/>\n<meta property=\"og:url\" content=\"https:\/\/www.coach-hunter.com\/content\/\" \/>\n<meta property=\"og:site_name\" content=\"Blog Coach Hunter\" \/>\n<meta property=\"article:modified_time\" content=\"2023-02-13T15:53:47+00:00\" \/>\n<meta property=\"og:image\" content=\"https:\/\/www.coach-hunter.com\/content\/wp-content\/uploads\/2018\/04\/objectif-sportif-1024x640.jpg\" \/>\n<meta name=\"twitter:card\" content=\"summary_large_image\" \/>\n<meta name=\"twitter:label1\" content=\"Dur\u00e9e de lecture estim\u00e9e\" \/>\n\t<meta name=\"twitter:data1\" content=\"6 minutes\" \/>\n<script type=\"application\/ld+json\" class=\"yoast-schema-graph\">{\"@context\":\"https:\/\/schema.org\",\"@graph\":[{\"@type\":\"WebPage\",\"@id\":\"https:\/\/www.coach-hunter.com\/content\/\",\"url\":\"https:\/\/www.coach-hunter.com\/content\/\",\"name\":\"Objectifs sportifs : les d\u00e9finir pour mieux les atteindre\",\"isPartOf\":{\"@id\":\"https:\/\/www.coach-hunter.com\/content\/#website\"},\"primaryImageOfPage\":{\"@id\":\"https:\/\/www.coach-hunter.com\/content\/#primaryimage\"},\"image\":{\"@id\":\"https:\/\/www.coach-hunter.com\/content\/#primaryimage\"},\"thumbnailUrl\":\"https:\/\/www.coach-hunter.com\/content\/wp-content\/uploads\/2018\/04\/objectif-sportif-1024x640.jpg\",\"datePublished\":\"2018-03-05T17:41:41+00:00\",\"dateModified\":\"2023-02-13T15:53:47+00:00\",\"description\":\"Objectifs sportifs : voici les principaux objectifs que se fixent nos clients. Si vous aussi vous avez du mal \u00e0 d\u00e9finir les raisons pour laquelle il vous faut reprendre le sport, c'est ici !\",\"breadcrumb\":{\"@id\":\"https:\/\/www.coach-hunter.com\/content\/#breadcrumb\"},\"inLanguage\":\"fr-FR\",\"potentialAction\":[{\"@type\":\"ReadAction\",\"target\":[\"https:\/\/www.coach-hunter.com\/content\/\"]}]},{\"@type\":\"ImageObject\",\"inLanguage\":\"fr-FR\",\"@id\":\"https:\/\/www.coach-hunter.com\/content\/#primaryimage\",\"url\":\"https:\/\/www.coach-hunter.com\/content\/wp-content\/uploads\/2018\/04\/objectif-sportif.jpg\",\"contentUrl\":\"https:\/\/www.coach-hunter.com\/content\/wp-content\/uploads\/2018\/04\/objectif-sportif.jpg\",\"width\":1080,\"height\":675},{\"@type\":\"BreadcrumbList\",\"@id\":\"https:\/\/www.coach-hunter.com\/content\/#breadcrumb\",\"itemListElement\":[{\"@type\":\"ListItem\",\"position\":1,\"name\":\"Accueil\",\"item\":\"https:\/\/www.coach-hunter.com\/content\/\"},{\"@type\":\"ListItem\",\"position\":2,\"name\":\"Objectifs sportifs : savoir les d\u00e9finir\"}]},{\"@type\":\"WebSite\",\"@id\":\"https:\/\/www.coach-hunter.com\/content\/#website\",\"url\":\"https:\/\/www.coach-hunter.com\/content\/\",\"name\":\"Blog Coach Hunter\",\"description\":\"\",\"potentialAction\":[{\"@type\":\"SearchAction\",\"target\":{\"@type\":\"EntryPoint\",\"urlTemplate\":\"https:\/\/www.coach-hunter.com\/content\/?s={search_term_string}\"},\"query-input\":{\"@type\":\"PropertyValueSpecification\",\"valueRequired\":true,\"valueName\":\"search_term_string\"}}],\"inLanguage\":\"fr-FR\"}]}<\/script>\n<!-- \/ Yoast SEO plugin. -->","yoast_head_json":{"title":"Objectifs sportifs : les d\u00e9finir pour mieux les atteindre","description":"Objectifs sportifs : voici les principaux objectifs que se fixent nos clients. Si vous aussi vous avez du mal \u00e0 d\u00e9finir les raisons pour laquelle il vous faut reprendre le sport, c'est ici !","robots":{"index":"index","follow":"follow","max-snippet":"max-snippet:-1","max-image-preview":"max-image-preview:large","max-video-preview":"max-video-preview:-1"},"canonical":"https:\/\/www.coach-hunter.com\/content\/","og_locale":"fr_FR","og_type":"article","og_title":"Objectifs sportifs : les d\u00e9finir pour mieux les atteindre","og_description":"Objectifs sportifs : voici les principaux objectifs que se fixent nos clients. Si vous aussi vous avez du mal \u00e0 d\u00e9finir les raisons pour laquelle il vous faut reprendre le sport, c'est ici !","og_url":"https:\/\/www.coach-hunter.com\/content\/","og_site_name":"Blog Coach Hunter","article_modified_time":"2023-02-13T15:53:47+00:00","og_image":[{"url":"https:\/\/www.coach-hunter.com\/content\/wp-content\/uploads\/2018\/04\/objectif-sportif-1024x640.jpg","type":"","width":"","height":""}],"twitter_card":"summary_large_image","twitter_misc":{"Dur\u00e9e de lecture estim\u00e9e":"6 minutes"},"schema":{"@context":"https:\/\/schema.org","@graph":[{"@type":"WebPage","@id":"https:\/\/www.coach-hunter.com\/content\/","url":"https:\/\/www.coach-hunter.com\/content\/","name":"Objectifs sportifs : les d\u00e9finir pour mieux les atteindre","isPartOf":{"@id":"https:\/\/www.coach-hunter.com\/content\/#website"},"primaryImageOfPage":{"@id":"https:\/\/www.coach-hunter.com\/content\/#primaryimage"},"image":{"@id":"https:\/\/www.coach-hunter.com\/content\/#primaryimage"},"thumbnailUrl":"https:\/\/www.coach-hunter.com\/content\/wp-content\/uploads\/2018\/04\/objectif-sportif-1024x640.jpg","datePublished":"2018-03-05T17:41:41+00:00","dateModified":"2023-02-13T15:53:47+00:00","description":"Objectifs sportifs : voici les principaux objectifs que se fixent nos clients. Si vous aussi vous avez du mal \u00e0 d\u00e9finir les raisons pour laquelle il vous faut reprendre le sport, c'est ici !","breadcrumb":{"@id":"https:\/\/www.coach-hunter.com\/content\/#breadcrumb"},"inLanguage":"fr-FR","potentialAction":[{"@type":"ReadAction","target":["https:\/\/www.coach-hunter.com\/content\/"]}]},{"@type":"ImageObject","inLanguage":"fr-FR","@id":"https:\/\/www.coach-hunter.com\/content\/#primaryimage","url":"https:\/\/www.coach-hunter.com\/content\/wp-content\/uploads\/2018\/04\/objectif-sportif.jpg","contentUrl":"https:\/\/www.coach-hunter.com\/content\/wp-content\/uploads\/2018\/04\/objectif-sportif.jpg","width":1080,"height":675},{"@type":"BreadcrumbList","@id":"https:\/\/www.coach-hunter.com\/content\/#breadcrumb","itemListElement":[{"@type":"ListItem","position":1,"name":"Accueil","item":"https:\/\/www.coach-hunter.com\/content\/"},{"@type":"ListItem","position":2,"name":"Objectifs sportifs : savoir les d\u00e9finir"}]},{"@type":"WebSite","@id":"https:\/\/www.coach-hunter.com\/content\/#website","url":"https:\/\/www.coach-hunter.com\/content\/","name":"Blog Coach Hunter","description":"","potentialAction":[{"@type":"SearchAction","target":{"@type":"EntryPoint","urlTemplate":"https:\/\/www.coach-hunter.com\/content\/?s={search_term_string}"},"query-input":{"@type":"PropertyValueSpecification","valueRequired":true,"valueName":"search_term_string"}}],"inLanguage":"fr-FR"}]}},"_links":{"self":[{"href":"https:\/\/www.coach-hunter.com\/content\/wp-json\/wp\/v2\/pages\/16","targetHints":{"allow":["GET"]}}],"collection":[{"href":"https:\/\/www.coach-hunter.com\/content\/wp-json\/wp\/v2\/pages"}],"about":[{"href":"https:\/\/www.coach-hunter.com\/content\/wp-json\/wp\/v2\/types\/page"}],"author":[{"embeddable":true,"href":"https:\/\/www.coach-hunter.com\/content\/wp-json\/wp\/v2\/users\/1"}],"replies":[{"embeddable":true,"href":"https:\/\/www.coach-hunter.com\/content\/wp-json\/wp\/v2\/comments?post=16"}],"version-history":[{"count":29,"href":"https:\/\/www.coach-hunter.com\/content\/wp-json\/wp\/v2\/pages\/16\/revisions"}],"predecessor-version":[{"id":2116,"href":"https:\/\/www.coach-hunter.com\/content\/wp-json\/wp\/v2\/pages\/16\/revisions\/2116"}],"wp:attachment":[{"href":"https:\/\/www.coach-hunter.com\/content\/wp-json\/wp\/v2\/media?parent=16"}],"curies":[{"name":"wp","href":"https:\/\/api.w.org\/{rel}","templated":true}]}}