{"id":158,"date":"2018-03-15T15:37:47","date_gmt":"2018-03-15T15:37:47","guid":{"rendered":"https:\/\/www.coach-hunter.com\/content\/?page_id=158"},"modified":"2025-04-25T09:20:57","modified_gmt":"2025-04-25T09:20:57","slug":"soutien-gorge-sport","status":"publish","type":"page","link":"https:\/\/www.coach-hunter.com\/content\/soutien-gorge-sport\/","title":{"rendered":"L\u2019importance du soutien-gorge de sport pour les femmes"},"content":{"rendered":"<p>Nombreuses sont les femmes qui font r\u00e9guli\u00e8rement du sport. Et c\u2019est une excellente chose ! Les effets positifs du sport sur la sant\u00e9 ne sont plus \u00e0 prouver. Toutefois, il est important pour la gent f\u00e9minine de porter un soutien-gorge de sport pendant l\u2019effort afin de prot\u00e9ger les tissus mammaires des chocs. Un <a class=\"callAction\" href=\"https:\/\/www.coach-hunter.com\/content\/sport-au-feminin\/\">coach sportif pour femme<\/a> vous explique.<\/p>\n<p><img loading=\"lazy\" decoding=\"async\" class=\"aligncenter wp-image-161 size-full\" src=\"https:\/\/www.coach-hunter.com\/content\/wp-content\/uploads\/2018\/03\/soutien-gorge-de-sport-.jpg\" alt=\"soutien-gorge de sport boxe\" width=\"520\" height=\"660\" srcset=\"https:\/\/www.coach-hunter.com\/content\/wp-content\/uploads\/2018\/03\/soutien-gorge-de-sport-.jpg 520w, https:\/\/www.coach-hunter.com\/content\/wp-content\/uploads\/2018\/03\/soutien-gorge-de-sport--236x300.jpg 236w\" sizes=\"auto, (max-width: 520px) 85vw, 520px\" \/><\/p>\n<p>La lingerie dite \u00ab classique \u00bb ne suffit pas dans ce cas. Mais beaucoup de femmes font quand m\u00eame l\u2019impasse de l\u2019achat de sous-v\u00eatements adapt\u00e9s, pr\u00e9f\u00e9rant porter leur soutien-gorge habituel. Quelles en sont les cons\u00e9quences ?<\/p>\n<h2>Prot\u00e9ger la poitrine des chocs avec un soutien-gorge de sport<\/h2>\n<p>Dans le cas du yoga ou d\u2019autres activit\u00e9s dites \u00ab\u00a0douces\u00a0\u00bb qui ne font pas subir de chocs aux seins, on peut faire l\u2019impasse sur le soutien-gorge de sport. Mais pour tout ce qui est course \u00e0 pied, basket, foot, volley ou autres activit\u00e9s sportives, <strong>les seins sont sujets \u00e0 des micro-traumatismes<\/strong> qui peuvent avoir des effets n\u00e9gatifs sur le long-terme.<\/p>\n<p><strong>Les tissus mammaires sont fragilis\u00e9s par les chocs<\/strong> car ils bougent ind\u00e9pendamment du reste du corps. Les seins ne comportent aucun muscle donc le maintien volontaire sans aide ext\u00e9rieure est impossible. Ces derniers sont reli\u00e9s \u00e0 la poitrine par des ligaments souples qui ne les obligent pas \u00e0 rester en place. D\u2019o\u00f9 l\u2019importance du soutien-gorge de sport pour maintenir la poitrine sans inconfort !<\/p>\n<p>La fonction du soutien-gorge de sport est de <strong>maintenir les seins proches du corps<\/strong> afin d\u2019\u00e9viter qu\u2019ils ne bougent trop pendant l\u2019effort physique. Certains mod\u00e8les pr\u00e9sentent des bandes de contention sp\u00e9cifiquement plac\u00e9es pour <strong>emp\u00eacher les ondes de chocs de se propager<\/strong>, ou encore un tissu \u00e9pais qui <strong>absorbe aussi une partie de ces ondes<\/strong>.<\/p>\n<p>Le mod\u00e8le peut comporter des baleines ou non selon la pr\u00e9f\u00e9rence de celle qui le porte ! Les baleines servent surtout \u00e0 donner une forme arrondie aux seins et n\u2019ont pas de fonction protectrice.<\/p>\n<p>Les femmes \u00e0 fortes poitrines doivent d\u2019autant plus prot\u00e9ger leurs seins qui sont plus susceptibles aux mouvements. Mais les plus petites poitrines ont aussi besoin de soutien. Dans les deux cas, le sein repr\u00e9sente de la masse grasse qui bouge sous l\u2019effet d\u2019un choc.<\/p>\n<h2>Se mettre en condition pour faire du sport<\/h2>\n<p>Se mettre au sport apr\u00e8s une p\u00e9riode d\u2019inactivit\u00e9 est d\u00e9j\u00e0 assez difficile comme cela ! On cumule les courbatures, la fatigue et le manque d\u2019\u00e9nergie et d\u2019endurance pendant la pratique sportive. Il ne faudrait pas se rajouter l\u2019inconfort des seins douloureux en plus ! <strong>Mieux vaut les prot\u00e9ger et avoir un maintien optimal <\/strong>pour se concentrer sur l\u2019activit\u00e9 effectu\u00e9e et ainsi \u00e9viter de faire des faux mouvements li\u00e9s au manque de concentration pendant l\u2019exercice.<\/p>\n<p>De nombreuses enseignes d\u2019accessoires de sport ont aujourd\u2019hui des rayons bien fournis en sous-v\u00eatements de sport. N\u2019h\u00e9sitez pas \u00e0 tester les niveaux de maintien en magasin pour v\u00e9rifier que vous <strong>vous sentez \u00e0 l\u2019aise<\/strong>. Il existe des mati\u00e8res vari\u00e9es qui allient fermet\u00e9 et confort.<\/p>\n<p>De plus, vous aurez le choix avec des <strong>mati\u00e8res respirantes<\/strong>, des <strong>mati\u00e8res anti transpirantes<\/strong> et <strong>anti odeurs<\/strong> qui vous aideront \u00e0 avoir encore plus de confort lors de votre pratique. De m\u00eame, pour des sports pr\u00e9sentant des contacts, des <strong>soutiens-gorge de sport avec coques<\/strong> existent pour une bonne protection.<\/p>\n<p>Attention, <strong>\u00e9vitez les mod\u00e8les trop serr\u00e9s<\/strong> qui appuient sur les \u00e9paules : un soutien-gorge de sport doit maintenir mais non compresser les seins. Si vous avez des marques rouges sur la peau apr\u00e8s avoir port\u00e9 le soutien-gorge, c\u2019est qu\u2019il est trop serr\u00e9 !<\/p>\n<p><img loading=\"lazy\" decoding=\"async\" class=\"aligncenter wp-image-159 size-full\" src=\"https:\/\/www.coach-hunter.com\/content\/wp-content\/uploads\/2018\/03\/soutien-gorge-de-sport.jpg\" alt=\"soutien-gorge de sport \" width=\"464\" height=\"600\" srcset=\"https:\/\/www.coach-hunter.com\/content\/wp-content\/uploads\/2018\/03\/soutien-gorge-de-sport.jpg 464w, https:\/\/www.coach-hunter.com\/content\/wp-content\/uploads\/2018\/03\/soutien-gorge-de-sport-232x300.jpg 232w\" sizes=\"auto, (max-width: 464px) 85vw, 464px\" \/><\/p>\n<h2>Un soutien-gorge de sport adapt\u00e9 \u00e0 la situation<\/h2>\n<p>Apr\u00e8s une s\u00e9ance de sport, il vaut mieux mettre des sous-v\u00eatements classiques pour laisser la poitrine respirer davantage. Porter un soutien-gorge de sport toute la journ\u00e9e reviendrait \u00e0 trop serrer les seins. En r\u00e9alit\u00e9, beaucoup de femmes ont du mal \u00e0 trouver la bonne taille et mati\u00e8re pour leur poitrine.<\/p>\n<p>Voici un <a href=\"https:\/\/www.lingerie-confort.com\/catalog\/guide_des_tailles_anita.pdf\">article<\/a> pour vous aider \u00e0 choisir la bonne taille de soutien-gorge\u00a0de sport pour vous. Et pensez \u00e0 enlever totalement toute contrainte autour des seins au coucher afin de les laisser libres de mouvement pendant le sommeil\u00a0!<\/p>\n<h2><\/h2>\n<h3>Pour plus d\u2019infos sur le sport f\u00e9minin :<\/h3>\n<ul>\n<li><a href=\"https:\/\/www.coach-hunter.com\/content\/reprendre-le-sport-apres-accouchement-conseils-methode\/\">Reprendre le sport apr\u00e8s l&rsquo;accouchement<\/a> sans danger<\/li>\n<li><a href=\"https:\/\/www.coach-hunter.com\/content\/cellulite\/\">Cellulite, comment la faire dispara\u00eetre<\/a> ?<\/li>\n<li>Comment faire pour <a href=\"https:\/\/www.coach-hunter.com\/content\/trouver-le-temps-de-faire-du-sport\/\">trouver le temps de faire du sport<\/a> ?<\/li>\n<\/ul>\n","protected":false},"excerpt":{"rendered":"<p>Nombreuses sont les femmes qui font r\u00e9guli\u00e8rement du sport. Et c\u2019est une excellente chose ! Les effets positifs du sport sur la sant\u00e9 ne sont plus \u00e0 prouver. Toutefois, il est important pour la gent f\u00e9minine de porter un soutien-gorge de sport pendant l\u2019effort afin de prot\u00e9ger les tissus mammaires des chocs. Un coach sportif &hellip; <a href=\"https:\/\/www.coach-hunter.com\/content\/soutien-gorge-sport\/\" class=\"more-link\">Continuer la lecture<span class=\"screen-reader-text\"> de &laquo;&nbsp;L\u2019importance du soutien-gorge de sport pour les femmes&nbsp;&raquo;<\/span><\/a><\/p>\n","protected":false},"author":2,"featured_media":0,"parent":0,"menu_order":0,"comment_status":"open","ping_status":"closed","template":"","meta":{"footnotes":""},"class_list":["post-158","page","type-page","status-publish","hentry"],"yoast_head":"<!-- This site is optimized with the Yoast SEO plugin v27.5 - https:\/\/yoast.com\/product\/yoast-seo-wordpress\/ -->\n<title>Soutien-gorge de sport : un sous-v\u00eatement essentiel !<\/title>\n<meta name=\"description\" content=\"Le soutien-gorge de sport prot\u00e8ge la poitrine des chocs pendant une s\u00e9ance d&#039;exercice physique. Il faut bien le choisir et le porter r\u00e9guli\u00e8rement.\" \/>\n<meta name=\"robots\" content=\"index, follow, max-snippet:-1, max-image-preview:large, max-video-preview:-1\" \/>\n<link rel=\"canonical\" href=\"https:\/\/www.coach-hunter.com\/content\/soutien-gorge-sport\/\" \/>\n<meta property=\"og:locale\" content=\"fr_FR\" \/>\n<meta property=\"og:type\" content=\"article\" \/>\n<meta property=\"og:title\" content=\"Soutien-gorge de sport : un sous-v\u00eatement essentiel !\" \/>\n<meta property=\"og:description\" content=\"Le soutien-gorge de sport prot\u00e8ge la poitrine des chocs pendant une s\u00e9ance d&#039;exercice physique. Il faut bien le choisir et le porter r\u00e9guli\u00e8rement.\" \/>\n<meta property=\"og:url\" content=\"https:\/\/www.coach-hunter.com\/content\/soutien-gorge-sport\/\" \/>\n<meta property=\"og:site_name\" content=\"Blog Coach Hunter\" \/>\n<meta property=\"article:modified_time\" content=\"2025-04-25T09:20:57+00:00\" \/>\n<meta property=\"og:image\" content=\"https:\/\/www.coach-hunter.com\/content\/wp-content\/uploads\/2018\/03\/soutien-gorge-de-sport-.jpg\" \/>\n\t<meta property=\"og:image:width\" content=\"520\" \/>\n\t<meta property=\"og:image:height\" content=\"660\" \/>\n\t<meta property=\"og:image:type\" content=\"image\/jpeg\" \/>\n<meta name=\"twitter:card\" content=\"summary_large_image\" \/>\n<meta name=\"twitter:label1\" content=\"Dur\u00e9e de lecture estim\u00e9e\" \/>\n\t<meta name=\"twitter:data1\" content=\"4 minutes\" \/>\n<script type=\"application\/ld+json\" class=\"yoast-schema-graph\">{\"@context\":\"https:\\\/\\\/schema.org\",\"@graph\":[{\"@type\":\"WebPage\",\"@id\":\"https:\\\/\\\/www.coach-hunter.com\\\/content\\\/soutien-gorge-sport\\\/\",\"url\":\"https:\\\/\\\/www.coach-hunter.com\\\/content\\\/soutien-gorge-sport\\\/\",\"name\":\"Soutien-gorge de sport : un sous-v\u00eatement essentiel !\",\"isPartOf\":{\"@id\":\"https:\\\/\\\/www.coach-hunter.com\\\/content\\\/#website\"},\"primaryImageOfPage\":{\"@id\":\"https:\\\/\\\/www.coach-hunter.com\\\/content\\\/soutien-gorge-sport\\\/#primaryimage\"},\"image\":{\"@id\":\"https:\\\/\\\/www.coach-hunter.com\\\/content\\\/soutien-gorge-sport\\\/#primaryimage\"},\"thumbnailUrl\":\"https:\\\/\\\/www.coach-hunter.com\\\/content\\\/wp-content\\\/uploads\\\/2018\\\/03\\\/soutien-gorge-de-sport-.jpg\",\"datePublished\":\"2018-03-15T15:37:47+00:00\",\"dateModified\":\"2025-04-25T09:20:57+00:00\",\"description\":\"Le soutien-gorge de sport prot\u00e8ge la poitrine des chocs pendant une s\u00e9ance d'exercice physique. Il faut bien le choisir et le porter r\u00e9guli\u00e8rement.\",\"breadcrumb\":{\"@id\":\"https:\\\/\\\/www.coach-hunter.com\\\/content\\\/soutien-gorge-sport\\\/#breadcrumb\"},\"inLanguage\":\"fr-FR\",\"potentialAction\":[{\"@type\":\"ReadAction\",\"target\":[\"https:\\\/\\\/www.coach-hunter.com\\\/content\\\/soutien-gorge-sport\\\/\"]}]},{\"@type\":\"ImageObject\",\"inLanguage\":\"fr-FR\",\"@id\":\"https:\\\/\\\/www.coach-hunter.com\\\/content\\\/soutien-gorge-sport\\\/#primaryimage\",\"url\":\"https:\\\/\\\/www.coach-hunter.com\\\/content\\\/wp-content\\\/uploads\\\/2018\\\/03\\\/soutien-gorge-de-sport-.jpg\",\"contentUrl\":\"https:\\\/\\\/www.coach-hunter.com\\\/content\\\/wp-content\\\/uploads\\\/2018\\\/03\\\/soutien-gorge-de-sport-.jpg\",\"width\":520,\"height\":660},{\"@type\":\"BreadcrumbList\",\"@id\":\"https:\\\/\\\/www.coach-hunter.com\\\/content\\\/soutien-gorge-sport\\\/#breadcrumb\",\"itemListElement\":[{\"@type\":\"ListItem\",\"position\":1,\"name\":\"Accueil\",\"item\":\"https:\\\/\\\/www.coach-hunter.com\\\/content\\\/\"},{\"@type\":\"ListItem\",\"position\":2,\"name\":\"L\u2019importance du soutien-gorge de sport pour les femmes\"}]},{\"@type\":\"WebSite\",\"@id\":\"https:\\\/\\\/www.coach-hunter.com\\\/content\\\/#website\",\"url\":\"https:\\\/\\\/www.coach-hunter.com\\\/content\\\/\",\"name\":\"Blog Coach Hunter\",\"description\":\"\",\"potentialAction\":[{\"@type\":\"SearchAction\",\"target\":{\"@type\":\"EntryPoint\",\"urlTemplate\":\"https:\\\/\\\/www.coach-hunter.com\\\/content\\\/?s={search_term_string}\"},\"query-input\":{\"@type\":\"PropertyValueSpecification\",\"valueRequired\":true,\"valueName\":\"search_term_string\"}}],\"inLanguage\":\"fr-FR\"}]}<\/script>\n<!-- \/ Yoast SEO plugin. -->","yoast_head_json":{"title":"Soutien-gorge de sport : un sous-v\u00eatement essentiel !","description":"Le soutien-gorge de sport prot\u00e8ge la poitrine des chocs pendant une s\u00e9ance d'exercice physique. Il faut bien le choisir et le porter r\u00e9guli\u00e8rement.","robots":{"index":"index","follow":"follow","max-snippet":"max-snippet:-1","max-image-preview":"max-image-preview:large","max-video-preview":"max-video-preview:-1"},"canonical":"https:\/\/www.coach-hunter.com\/content\/soutien-gorge-sport\/","og_locale":"fr_FR","og_type":"article","og_title":"Soutien-gorge de sport : un sous-v\u00eatement essentiel !","og_description":"Le soutien-gorge de sport prot\u00e8ge la poitrine des chocs pendant une s\u00e9ance d'exercice physique. Il faut bien le choisir et le porter r\u00e9guli\u00e8rement.","og_url":"https:\/\/www.coach-hunter.com\/content\/soutien-gorge-sport\/","og_site_name":"Blog Coach Hunter","article_modified_time":"2025-04-25T09:20:57+00:00","og_image":[{"width":520,"height":660,"url":"https:\/\/www.coach-hunter.com\/content\/wp-content\/uploads\/2018\/03\/soutien-gorge-de-sport-.jpg","type":"image\/jpeg"}],"twitter_card":"summary_large_image","twitter_misc":{"Dur\u00e9e de lecture estim\u00e9e":"4 minutes"},"schema":{"@context":"https:\/\/schema.org","@graph":[{"@type":"WebPage","@id":"https:\/\/www.coach-hunter.com\/content\/soutien-gorge-sport\/","url":"https:\/\/www.coach-hunter.com\/content\/soutien-gorge-sport\/","name":"Soutien-gorge de sport : un sous-v\u00eatement essentiel !","isPartOf":{"@id":"https:\/\/www.coach-hunter.com\/content\/#website"},"primaryImageOfPage":{"@id":"https:\/\/www.coach-hunter.com\/content\/soutien-gorge-sport\/#primaryimage"},"image":{"@id":"https:\/\/www.coach-hunter.com\/content\/soutien-gorge-sport\/#primaryimage"},"thumbnailUrl":"https:\/\/www.coach-hunter.com\/content\/wp-content\/uploads\/2018\/03\/soutien-gorge-de-sport-.jpg","datePublished":"2018-03-15T15:37:47+00:00","dateModified":"2025-04-25T09:20:57+00:00","description":"Le soutien-gorge de sport prot\u00e8ge la poitrine des chocs pendant une s\u00e9ance d'exercice physique. Il faut bien le choisir et le porter r\u00e9guli\u00e8rement.","breadcrumb":{"@id":"https:\/\/www.coach-hunter.com\/content\/soutien-gorge-sport\/#breadcrumb"},"inLanguage":"fr-FR","potentialAction":[{"@type":"ReadAction","target":["https:\/\/www.coach-hunter.com\/content\/soutien-gorge-sport\/"]}]},{"@type":"ImageObject","inLanguage":"fr-FR","@id":"https:\/\/www.coach-hunter.com\/content\/soutien-gorge-sport\/#primaryimage","url":"https:\/\/www.coach-hunter.com\/content\/wp-content\/uploads\/2018\/03\/soutien-gorge-de-sport-.jpg","contentUrl":"https:\/\/www.coach-hunter.com\/content\/wp-content\/uploads\/2018\/03\/soutien-gorge-de-sport-.jpg","width":520,"height":660},{"@type":"BreadcrumbList","@id":"https:\/\/www.coach-hunter.com\/content\/soutien-gorge-sport\/#breadcrumb","itemListElement":[{"@type":"ListItem","position":1,"name":"Accueil","item":"https:\/\/www.coach-hunter.com\/content\/"},{"@type":"ListItem","position":2,"name":"L\u2019importance du soutien-gorge de sport pour les femmes"}]},{"@type":"WebSite","@id":"https:\/\/www.coach-hunter.com\/content\/#website","url":"https:\/\/www.coach-hunter.com\/content\/","name":"Blog Coach Hunter","description":"","potentialAction":[{"@type":"SearchAction","target":{"@type":"EntryPoint","urlTemplate":"https:\/\/www.coach-hunter.com\/content\/?s={search_term_string}"},"query-input":{"@type":"PropertyValueSpecification","valueRequired":true,"valueName":"search_term_string"}}],"inLanguage":"fr-FR"}]}},"_links":{"self":[{"href":"https:\/\/www.coach-hunter.com\/content\/wp-json\/wp\/v2\/pages\/158","targetHints":{"allow":["GET"]}}],"collection":[{"href":"https:\/\/www.coach-hunter.com\/content\/wp-json\/wp\/v2\/pages"}],"about":[{"href":"https:\/\/www.coach-hunter.com\/content\/wp-json\/wp\/v2\/types\/page"}],"author":[{"embeddable":true,"href":"https:\/\/www.coach-hunter.com\/content\/wp-json\/wp\/v2\/users\/2"}],"replies":[{"embeddable":true,"href":"https:\/\/www.coach-hunter.com\/content\/wp-json\/wp\/v2\/comments?post=158"}],"version-history":[{"count":17,"href":"https:\/\/www.coach-hunter.com\/content\/wp-json\/wp\/v2\/pages\/158\/revisions"}],"predecessor-version":[{"id":2217,"href":"https:\/\/www.coach-hunter.com\/content\/wp-json\/wp\/v2\/pages\/158\/revisions\/2217"}],"wp:attachment":[{"href":"https:\/\/www.coach-hunter.com\/content\/wp-json\/wp\/v2\/media?parent=158"}],"curies":[{"name":"wp","href":"https:\/\/api.w.org\/{rel}","templated":true}]}}