{"id":1562,"date":"2020-09-23T11:29:21","date_gmt":"2020-09-23T11:29:21","guid":{"rendered":"https:\/\/www.coach-hunter.com\/content\/?page_id=1562"},"modified":"2020-10-14T11:33:01","modified_gmt":"2020-10-14T11:33:01","slug":"licence-staps","status":"publish","type":"page","link":"https:\/\/www.coach-hunter.com\/content\/licence-staps\/","title":{"rendered":"Les mentions de la Licence Staps avec Coach Hunter"},"content":{"rendered":"\n<p>Le cursus universitaire en <strong>Sciences et techniques des activit\u00e9s physiques et sportives<\/strong> (STAPS) permet d&rsquo;acqu\u00e9rir de nombreuses connaissances dans ce secteur d&rsquo;activit\u00e9. La <strong>licence Staps<\/strong> est le 3 \u00e8me niveau des <a class=\"callAction\" href=\"https:\/\/www.coach-hunter.com\/content\/diplomes-staps\/\">dipl\u00f4mes Staps<\/a>.<\/p>\n\n\n\n<p>Ici vous trouverez les diff\u00e9rentes mentions de la Licence Staps ainsi que des informations sur ce dipl\u00f4me de niveau II (<a rel=\"noreferrer noopener\" href=\"https:\/\/www.service-public.fr\/particuliers\/vosdroits\/F199\" target=\"_blank\">en savoir plus<\/a>).<\/p>\n\n\n\n<div class='flexo'><div class=\"lames2\">\n\n\n\n<h2 class=\"wp-block-heading\">Le tronc commun des Licences Staps<\/h2>\n\n\n\n<div class=\"wp-block-image\"><figure class=\"aligncenter size-large\"><img loading=\"lazy\" decoding=\"async\" width=\"626\" height=\"417\" src=\"https:\/\/www.coach-hunter.com\/content\/wp-content\/uploads\/2020\/09\/licence-staps-Copie.jpg\" alt=\"licence staps\" class=\"wp-image-1565\" srcset=\"https:\/\/www.coach-hunter.com\/content\/wp-content\/uploads\/2020\/09\/licence-staps-Copie.jpg 626w, https:\/\/www.coach-hunter.com\/content\/wp-content\/uploads\/2020\/09\/licence-staps-Copie-300x200.jpg 300w\" sizes=\"auto, (max-width: 626px) 85vw, 626px\" \/><\/figure><\/div>\n\n\n\n<p>Quelle que soit la mention dans laquelle vous choisirez de vous <strong>sp\u00e9cialiser<\/strong>, les licences Staps pr\u00e9sente un <strong>tronc commun p\u00e9dagogique<\/strong>. <br>Notamment, on dispensera aux \u00e9tudiants des cours d&rsquo;<strong>anatomie<\/strong>, de <strong>sciences naturelles<\/strong>, mais aussi de <strong>sciences humaines et sociales<\/strong>.<br>En tant que futurs directeurs ou coachs sportifs, il est en effet n\u00e9cessaire pour les \u00e9tudiants d&rsquo;avoir des notions de <strong>psychologie <\/strong>et <strong>sociologie du sport<\/strong>.<\/p>\n\n\n\n<p>Les trois premi\u00e8res ann\u00e9es de Staps permettent de <strong>former des professionnels du sport<\/strong> dans divers <strong>secteurs d activit\u00e9<\/strong>. En outre, les \u00e9tudiants pourront se sp\u00e9cialiser dans l&rsquo;<strong>animation<\/strong> et l&rsquo;encadrement, le <strong>management<\/strong>, ou encore la cr\u00e9ation de mat\u00e9riel sportif. <\/p>\n\n\n\n<p>A l&rsquo;issue de la 3\u00e8me ann\u00e9e, les \u00e9tudiants pourront d\u00e9cider ou non de <strong>poursuivre leurs \u00e9tudes<\/strong>. Cette ann\u00e9e de licence marque ainsi le <strong>d\u00e9but du projet professionnel de l&rsquo;\u00e9tudiant<\/strong>. D\u00e8s l&rsquo;obtention du dipl\u00f4me, ses d\u00e9tenteurs pourront demander leur <strong>carte professionnelle d&rsquo;\u00e9ducateur sportif<\/strong>. Ils pourront alors enseigner et animer les pratiques physiques<\/p>\n\n\n\n<p>Voici \u00e0 pr\u00e9sent les diff\u00e9rentes mentions disponibles en licence Staps !<\/p>\n\n\n\n<\/div><div class=\"lames2\">\n\n\n\n<h2 class=\"wp-block-heading\">Licence STAPS activit\u00e9 physique adapt\u00e9e<\/h2>\n\n\n\n<p>La <a class=\"callAction\" href=\"https:\/\/www.coach-hunter.com\/content\/licence-staps-activite-physique-adaptee\/\">Licence Staps Activit\u00e9 physique adapt\u00e9e<\/a> permet de devenir un \u00e9ducateur sp\u00e9cialis\u00e9 dans les cours de sport sur mesure. On parle d&rsquo; activit\u00e9 physique adapt\u00e9e et sant\u00e9 lorsque les besoins du sujet comportent de la r\u00e9athl\u00e9tisation et de la remise en forme. <br><br>Il s&rsquo;agit d&rsquo;une mention tr\u00e8s recherch\u00e9e actuellement, dans le cadre du Sport sur Ordonnance. Les <strong>coachs APA<\/strong> \u00e9voluent dans divers milieux professionnels. Ils peuvent exercer dans des structures d\u00e9di\u00e9es \u00e0 la r\u00e9athl\u00e9tisation ou en tant que coach sportif ind\u00e9pendant.<\/p>\n\n\n\n<\/div><div class=\"lames2\">\n\n\n\n<h2 class=\"wp-block-heading\">Licence STAPS \u00e9ducation et motricit\u00e9<\/h2>\n\n\n\n<p>La <a class=\"callAction\" href=\"https:\/\/www.coach-hunter.com\/content\/licence-staps-education-et-motricite\/\">Licence Staps Education et Motricit\u00e9<\/a> permet \u00e0 ses \u00e9tudiants d&rsquo;acqu\u00e9rir des connaissances scientifiques et des m\u00e9thodes p\u00e9dagogiques pour enseigner les <strong>activit\u00e9s physiques et sportives<\/strong>. Le dipl\u00f4me de niveau 2 permet d&rsquo;exercer en milieu scolaire (primaire) et p\u00e9riscolaire en tant que <strong>professeur de sport<\/strong>.<br><br>Cette mention permet aussi d&rsquo;acqu\u00e9rir les fondamentaux pour entrer en 4\u00e8me ann\u00e9e de Staps. Notamment, l&rsquo;\u00e9tudiant aura la possibilit\u00e9 de choisir le <strong>Master MEEF<\/strong> (m\u00e9tiers de l&rsquo;enseignement, de l&rsquo;\u00e9ducation et de la formation). A la fin de la 5\u00e8me ann\u00e9e et une fois re\u00e7u au <strong>CAPEPS<\/strong>, le dipl\u00f4m\u00e9 pourra alors exercer en tant que <strong>professeur d&rsquo; \u00e9ducation physique et sportive<\/strong> (EPS) dans le secondaire.<\/p>\n\n\n\n<\/div><div class=\"lames2\">\n\n\n\n<h2 class=\"wp-block-heading\">Licence STAPS entra\u00eenement sportif<\/h2>\n\n\n\n<p>La <a class=\"callAction\" href=\"https:\/\/www.coach-hunter.com\/content\/licence-staps-entrainement-sportif\/\">Licence Staps Entra\u00eenement Sportif<\/a> forme des professionnels de la programmation en sport. Ils excellent dans la pr\u00e9paration physique g\u00e9n\u00e9rale et l&rsquo;<strong>entretien physique<\/strong>. Cette mention permet notamment d&rsquo;\u00e9voluer dans la sph\u00e8re des clubs sportifs en tant qu&rsquo;entra\u00eeneur. Pour ce faire, il devra suivre une formation ult\u00e9rieure dans la discipline choisie.<br><br>On parle d&rsquo;entrainement sportif pour d\u00e9signer le <strong>coaching sportif<\/strong> de mani\u00e8re g\u00e9n\u00e9rale. Les dipl\u00f4m\u00e9s pourront interagir avec divers publics. En outre, ils pourront encadrer des comp\u00e9titeurs en club comme des particuliers. Il peut aussi choisir d&rsquo;\u00e9voluer en tant que <strong>personal trainer<\/strong> pour des salles de remise en forme.<\/p>\n\n\n\n<\/div><div class=\"lames2\">\n\n\n\n<h2 class=\"wp-block-heading\">Licence STAPS (autre mention)<\/h2>\n\n\n\n<p>Vous retrouverez ici les <a class=\"callAction\" href=\"https:\/\/www.coach-hunter.com\/content\/licence-staps-autre-mention\/\">autres mentions de la Licences Staps<\/a> ! Vous en apprendrez ainsi plus sur la mention \u00ab\u00a0<strong>Management du sport<\/strong>\u00ab\u00a0. Cette derni\u00e8re permet entre autre de devenir <strong>gestionnaire <\/strong>dans toute structure sportive. Autrement dit, un club, une salle de sport, une association, ou encore un centre sportif municipal.<br><br>La seconde mention que vous retrouverez dans cette rubrique se nomme \u00ab\u00a0<strong>Ergonomie et performances sportives<\/strong>\u00ab\u00a0. Elle forme des professionnels de la conception et de la r\u00e9alisation de mat\u00e9riel sportif. Il peut s&rsquo;agir de proth\u00e8se handisport, de agr\u00e8s de sport, ou encore de <strong>mat\u00e9riel d&rsquo;entrainement<\/strong>. <\/p>\n\n\n\n<\/div><\/div>\n\n\n\n<p>Vous l&rsquo;aurez compris, ce cursus universitaire offre de nombreuses possibilit\u00e9s en termes de sp\u00e9cialisation. Certains <strong>centres de formations<\/strong> proposent m\u00eame de suivre deux mentions simultan\u00e9ment. Renseignez-vous au pr\u00e9alable aupr\u00e8s des <strong>responsables p\u00e9dagogiques de la formation<\/strong>. Suivre deux parcours simultan\u00e9ment vous permettra d&rsquo;acqu\u00e9rir plus de connaissances, bien que le travail \u00e0 fournir soit lui aussi accru.<br>Sinon, pour toute autre information sur la <strong>fili\u00e8re Staps<\/strong>, n&rsquo;h\u00e9sitez pas \u00e0 consultez nos autres articles !<\/p>\n\n\n\n<h2 class=\"wp-block-heading\">D&rsquo;autres dipl\u00f4mes Staps :<\/h2>\n\n\n\n<ul class=\"wp-block-list\"><li><a href=\"https:\/\/www.coach-hunter.com\/content\/deust-staps\/\">DEUST Staps<\/a><\/li><li><a href=\"https:\/\/www.coach-hunter.com\/content\/licence-pro-staps\/\">Licence pro STAPS<\/a><\/li><li><a href=\"https:\/\/www.coach-hunter.com\/content\/master-staps\/\">Master Staps<\/a><\/li><\/ul>\n","protected":false},"excerpt":{"rendered":"<p>Le cursus universitaire en Sciences et techniques des activit\u00e9s physiques et sportives (STAPS) permet d&rsquo;acqu\u00e9rir de nombreuses connaissances dans ce secteur d&rsquo;activit\u00e9. La licence Staps est le 3 \u00e8me niveau des dipl\u00f4mes Staps. Ici vous trouverez les diff\u00e9rentes mentions de la Licence Staps ainsi que des informations sur ce dipl\u00f4me de niveau II (en savoir &hellip; <a href=\"https:\/\/www.coach-hunter.com\/content\/licence-staps\/\" class=\"more-link\">Continuer la lecture<span class=\"screen-reader-text\"> de &laquo;&nbsp;Les mentions de la Licence Staps avec Coach Hunter&nbsp;&raquo;<\/span><\/a><\/p>\n","protected":false},"author":5,"featured_media":0,"parent":0,"menu_order":0,"comment_status":"closed","ping_status":"closed","template":"","meta":{"footnotes":""},"class_list":["post-1562","page","type-page","status-publish","hentry"],"yoast_head":"<!-- This site is optimized with the Yoast SEO plugin v25.9 - https:\/\/yoast.com\/wordpress\/plugins\/seo\/ -->\n<title>Licence Staps : les diff\u00e9rents parcours pour devenir coach sportif<\/title>\n<meta name=\"description\" content=\"Coach Hunter vous pr\u00e9sente la Licence Staps, ainsi que les diff\u00e9rents parcours r\u00e9serv\u00e9s aux \u00e9tudiants en sciences du sport.\" \/>\n<meta name=\"robots\" content=\"index, follow, max-snippet:-1, max-image-preview:large, max-video-preview:-1\" \/>\n<link rel=\"canonical\" href=\"https:\/\/www.coach-hunter.com\/content\/licence-staps\/\" \/>\n<meta property=\"og:locale\" content=\"fr_FR\" \/>\n<meta property=\"og:type\" content=\"article\" \/>\n<meta property=\"og:title\" content=\"Licence Staps : les diff\u00e9rents parcours pour devenir coach sportif\" \/>\n<meta property=\"og:description\" content=\"Coach Hunter vous pr\u00e9sente la Licence Staps, ainsi que les diff\u00e9rents parcours r\u00e9serv\u00e9s aux \u00e9tudiants en sciences du sport.\" \/>\n<meta property=\"og:url\" content=\"https:\/\/www.coach-hunter.com\/content\/licence-staps\/\" \/>\n<meta property=\"og:site_name\" content=\"Blog Coach Hunter\" \/>\n<meta property=\"article:modified_time\" content=\"2020-10-14T11:33:01+00:00\" \/>\n<meta property=\"og:image\" content=\"https:\/\/www.coach-hunter.com\/content\/wp-content\/uploads\/2020\/09\/licence-staps-Copie.jpg\" \/>\n\t<meta property=\"og:image:width\" content=\"626\" \/>\n\t<meta property=\"og:image:height\" content=\"417\" \/>\n\t<meta property=\"og:image:type\" content=\"image\/jpeg\" \/>\n<meta name=\"twitter:card\" content=\"summary_large_image\" \/>\n<meta name=\"twitter:label1\" content=\"Dur\u00e9e de lecture estim\u00e9e\" \/>\n\t<meta name=\"twitter:data1\" content=\"4 minutes\" \/>\n<script type=\"application\/ld+json\" class=\"yoast-schema-graph\">{\"@context\":\"https:\/\/schema.org\",\"@graph\":[{\"@type\":\"WebPage\",\"@id\":\"https:\/\/www.coach-hunter.com\/content\/licence-staps\/\",\"url\":\"https:\/\/www.coach-hunter.com\/content\/licence-staps\/\",\"name\":\"Licence Staps : les diff\u00e9rents parcours pour devenir coach sportif\",\"isPartOf\":{\"@id\":\"https:\/\/www.coach-hunter.com\/content\/#website\"},\"primaryImageOfPage\":{\"@id\":\"https:\/\/www.coach-hunter.com\/content\/licence-staps\/#primaryimage\"},\"image\":{\"@id\":\"https:\/\/www.coach-hunter.com\/content\/licence-staps\/#primaryimage\"},\"thumbnailUrl\":\"https:\/\/www.coach-hunter.com\/content\/wp-content\/uploads\/2020\/09\/licence-staps-Copie.jpg\",\"datePublished\":\"2020-09-23T11:29:21+00:00\",\"dateModified\":\"2020-10-14T11:33:01+00:00\",\"description\":\"Coach Hunter vous pr\u00e9sente la Licence Staps, ainsi que les diff\u00e9rents parcours r\u00e9serv\u00e9s aux \u00e9tudiants en sciences du sport.\",\"breadcrumb\":{\"@id\":\"https:\/\/www.coach-hunter.com\/content\/licence-staps\/#breadcrumb\"},\"inLanguage\":\"fr-FR\",\"potentialAction\":[{\"@type\":\"ReadAction\",\"target\":[\"https:\/\/www.coach-hunter.com\/content\/licence-staps\/\"]}]},{\"@type\":\"ImageObject\",\"inLanguage\":\"fr-FR\",\"@id\":\"https:\/\/www.coach-hunter.com\/content\/licence-staps\/#primaryimage\",\"url\":\"https:\/\/www.coach-hunter.com\/content\/wp-content\/uploads\/2020\/09\/licence-staps-Copie.jpg\",\"contentUrl\":\"https:\/\/www.coach-hunter.com\/content\/wp-content\/uploads\/2020\/09\/licence-staps-Copie.jpg\",\"width\":626,\"height\":417},{\"@type\":\"BreadcrumbList\",\"@id\":\"https:\/\/www.coach-hunter.com\/content\/licence-staps\/#breadcrumb\",\"itemListElement\":[{\"@type\":\"ListItem\",\"position\":1,\"name\":\"Accueil\",\"item\":\"https:\/\/www.coach-hunter.com\/content\/\"},{\"@type\":\"ListItem\",\"position\":2,\"name\":\"Les mentions de la Licence Staps avec Coach Hunter\"}]},{\"@type\":\"WebSite\",\"@id\":\"https:\/\/www.coach-hunter.com\/content\/#website\",\"url\":\"https:\/\/www.coach-hunter.com\/content\/\",\"name\":\"Blog Coach Hunter\",\"description\":\"\",\"potentialAction\":[{\"@type\":\"SearchAction\",\"target\":{\"@type\":\"EntryPoint\",\"urlTemplate\":\"https:\/\/www.coach-hunter.com\/content\/?s={search_term_string}\"},\"query-input\":{\"@type\":\"PropertyValueSpecification\",\"valueRequired\":true,\"valueName\":\"search_term_string\"}}],\"inLanguage\":\"fr-FR\"}]}<\/script>\n<!-- \/ Yoast SEO plugin. -->","yoast_head_json":{"title":"Licence Staps : les diff\u00e9rents parcours pour devenir coach sportif","description":"Coach Hunter vous pr\u00e9sente la Licence Staps, ainsi que les diff\u00e9rents parcours r\u00e9serv\u00e9s aux \u00e9tudiants en sciences du sport.","robots":{"index":"index","follow":"follow","max-snippet":"max-snippet:-1","max-image-preview":"max-image-preview:large","max-video-preview":"max-video-preview:-1"},"canonical":"https:\/\/www.coach-hunter.com\/content\/licence-staps\/","og_locale":"fr_FR","og_type":"article","og_title":"Licence Staps : les diff\u00e9rents parcours pour devenir coach sportif","og_description":"Coach Hunter vous pr\u00e9sente la Licence Staps, ainsi que les diff\u00e9rents parcours r\u00e9serv\u00e9s aux \u00e9tudiants en sciences du sport.","og_url":"https:\/\/www.coach-hunter.com\/content\/licence-staps\/","og_site_name":"Blog Coach Hunter","article_modified_time":"2020-10-14T11:33:01+00:00","og_image":[{"width":626,"height":417,"url":"https:\/\/www.coach-hunter.com\/content\/wp-content\/uploads\/2020\/09\/licence-staps-Copie.jpg","type":"image\/jpeg"}],"twitter_card":"summary_large_image","twitter_misc":{"Dur\u00e9e de lecture estim\u00e9e":"4 minutes"},"schema":{"@context":"https:\/\/schema.org","@graph":[{"@type":"WebPage","@id":"https:\/\/www.coach-hunter.com\/content\/licence-staps\/","url":"https:\/\/www.coach-hunter.com\/content\/licence-staps\/","name":"Licence Staps : les diff\u00e9rents parcours pour devenir coach sportif","isPartOf":{"@id":"https:\/\/www.coach-hunter.com\/content\/#website"},"primaryImageOfPage":{"@id":"https:\/\/www.coach-hunter.com\/content\/licence-staps\/#primaryimage"},"image":{"@id":"https:\/\/www.coach-hunter.com\/content\/licence-staps\/#primaryimage"},"thumbnailUrl":"https:\/\/www.coach-hunter.com\/content\/wp-content\/uploads\/2020\/09\/licence-staps-Copie.jpg","datePublished":"2020-09-23T11:29:21+00:00","dateModified":"2020-10-14T11:33:01+00:00","description":"Coach Hunter vous pr\u00e9sente la Licence Staps, ainsi que les diff\u00e9rents parcours r\u00e9serv\u00e9s aux \u00e9tudiants en sciences du sport.","breadcrumb":{"@id":"https:\/\/www.coach-hunter.com\/content\/licence-staps\/#breadcrumb"},"inLanguage":"fr-FR","potentialAction":[{"@type":"ReadAction","target":["https:\/\/www.coach-hunter.com\/content\/licence-staps\/"]}]},{"@type":"ImageObject","inLanguage":"fr-FR","@id":"https:\/\/www.coach-hunter.com\/content\/licence-staps\/#primaryimage","url":"https:\/\/www.coach-hunter.com\/content\/wp-content\/uploads\/2020\/09\/licence-staps-Copie.jpg","contentUrl":"https:\/\/www.coach-hunter.com\/content\/wp-content\/uploads\/2020\/09\/licence-staps-Copie.jpg","width":626,"height":417},{"@type":"BreadcrumbList","@id":"https:\/\/www.coach-hunter.com\/content\/licence-staps\/#breadcrumb","itemListElement":[{"@type":"ListItem","position":1,"name":"Accueil","item":"https:\/\/www.coach-hunter.com\/content\/"},{"@type":"ListItem","position":2,"name":"Les mentions de la Licence Staps avec Coach Hunter"}]},{"@type":"WebSite","@id":"https:\/\/www.coach-hunter.com\/content\/#website","url":"https:\/\/www.coach-hunter.com\/content\/","name":"Blog Coach Hunter","description":"","potentialAction":[{"@type":"SearchAction","target":{"@type":"EntryPoint","urlTemplate":"https:\/\/www.coach-hunter.com\/content\/?s={search_term_string}"},"query-input":{"@type":"PropertyValueSpecification","valueRequired":true,"valueName":"search_term_string"}}],"inLanguage":"fr-FR"}]}},"_links":{"self":[{"href":"https:\/\/www.coach-hunter.com\/content\/wp-json\/wp\/v2\/pages\/1562","targetHints":{"allow":["GET"]}}],"collection":[{"href":"https:\/\/www.coach-hunter.com\/content\/wp-json\/wp\/v2\/pages"}],"about":[{"href":"https:\/\/www.coach-hunter.com\/content\/wp-json\/wp\/v2\/types\/page"}],"author":[{"embeddable":true,"href":"https:\/\/www.coach-hunter.com\/content\/wp-json\/wp\/v2\/users\/5"}],"replies":[{"embeddable":true,"href":"https:\/\/www.coach-hunter.com\/content\/wp-json\/wp\/v2\/comments?post=1562"}],"version-history":[{"count":11,"href":"https:\/\/www.coach-hunter.com\/content\/wp-json\/wp\/v2\/pages\/1562\/revisions"}],"predecessor-version":[{"id":1886,"href":"https:\/\/www.coach-hunter.com\/content\/wp-json\/wp\/v2\/pages\/1562\/revisions\/1886"}],"wp:attachment":[{"href":"https:\/\/www.coach-hunter.com\/content\/wp-json\/wp\/v2\/media?parent=1562"}],"curies":[{"name":"wp","href":"https:\/\/api.w.org\/{rel}","templated":true}]}}