{"id":1489,"date":"2020-09-16T14:04:09","date_gmt":"2020-09-16T14:04:09","guid":{"rendered":"https:\/\/www.coach-hunter.com\/content\/?page_id=1489"},"modified":"2020-10-14T11:32:48","modified_gmt":"2020-10-14T11:32:48","slug":"deust-staps","status":"publish","type":"page","link":"https:\/\/www.coach-hunter.com\/content\/deust-staps\/","title":{"rendered":"DEUST STAPS, parcours en 2 ann\u00e9es pour devenir coach sportif"},"content":{"rendered":"\n<p>Les <a class=\"callAction\" href=\"https:\/\/www.coach-hunter.com\/content\/diplomes-staps\/\">Dipl\u00f4mes staps<\/a> proposent des enseignement universitaires scientifiques et techniques permettant de devenir un professionnel du milieu sportif. Les deux premi\u00e8res ann\u00e9es d&rsquo;\u00e9tudes se finalisent par l&rsquo;obtention du <strong>DEUST STAPS<\/strong>.<\/p>\n\n\n\n<p>Cependant, toutes les mentions ne vous destinent pas \u00e0 <strong>devenir coach sportif<\/strong>. Par exemple, certaines vous octroieront des comp\u00e9tences plus pouss\u00e9es en gestion. Elles vous permettront alors de devenir manager de club ou de structure sportive.<br>Nous vous pr\u00e9sentons ici toutes les <strong>mentions du <strong>DEUST STAPS<\/strong><\/strong> afin que vous puissiez choisir celle qui vous correspond le mieux !<\/p>\n\n\n\n<div class=\"wp-block-image\"><figure class=\"aligncenter size-large\"><img loading=\"lazy\" decoding=\"async\" width=\"626\" height=\"417\" src=\"https:\/\/www.coach-hunter.com\/content\/wp-content\/uploads\/2020\/09\/deust-staps-Copie.jpg\" alt=\"deust staps\" class=\"wp-image-1499\" srcset=\"https:\/\/www.coach-hunter.com\/content\/wp-content\/uploads\/2020\/09\/deust-staps-Copie.jpg 626w, https:\/\/www.coach-hunter.com\/content\/wp-content\/uploads\/2020\/09\/deust-staps-Copie-300x200.jpg 300w\" sizes=\"auto, (max-width: 626px) 85vw, 626px\" \/><\/figure><\/div>\n\n\n\n<div class='flexo'><div class=\"lames2\">\n\n\n\n<h2 class=\"wp-block-heading\">DEUST activit\u00e9s physiques et sportives adapt\u00e9es<\/h2>\n\n\n\n<p>Le&nbsp;<a class=\"callAction\" href=\"https:\/\/www.coach-hunter.com\/content\/deust-activites-physiques-et-sportives-adaptees\/\">DEUST&nbsp;Activit\u00e9s physiques et sportives adapt\u00e9es<\/a>, aussi dit \u00ab&nbsp;<strong>Sport Adapt\u00e9<\/strong>&nbsp;\u00bb (<a rel=\"noreferrer noopener\" href=\"http:\/\/www.ffsa.asso.fr\/37-sport-adapte-offre-sportive\" target=\"_blank\">en savoir plus<\/a>), est la mention permettant d&rsquo;exercer comme \u00e9ducateur sportif aupr\u00e8s de personnes pr\u00e9sentant des d\u00e9ficiences intellectuelles, des troubles psychiques.<\/p>\n\n\n\n<p>Ce dipl\u00f4me Deust est \u00e0 rapprocher du DEJEPS Activit\u00e9 physiques et sportives adapt\u00e9es. En effet, ce dernier destine aux m\u00eames fonctions et comp\u00e9tences. A vous donc de d\u00e9cider si vous pr\u00e9f\u00e9rez suivre la voie universitaire ou la voie professionnelle. <a rel=\"noreferrer noopener\" target=\"_blank\" href=\"https:\/\/www.semrush.com\/swa\/api\/recommendations\/gdoc_id\/3d6e8f8e1bc07194303a7f28ac42b3e5\/file\/\"><\/a><\/p>\n\n\n\n<\/div><div class=\"lames2\">\n\n\n\n<h2 class=\"wp-block-heading\">DEUST animation et gestion des activit\u00e9s physiques<\/h2>\n\n\n\n<p>Le titulaire du <a class=\"callAction\" href=\"https:\/\/www.coach-hunter.com\/content\/deust-animation-et-gestion-des-activites-physiques\/\">DEUST animation et gestion des activit\u00e9s physiques<\/a> travaille dans des structures sportives, aupr\u00e8s de groupes. Il a notamment pour fonction d&rsquo;animer des cours de sport. Toutefois, on peut aussi lui attribuer la gestion administrative et financi\u00e8re de sa structure. Il devra alors r\u00e9aliser la comptabilit\u00e9, la gestion du mat\u00e9riel et l&rsquo;organisation des emplois du temps.<\/p>\n\n\n\n<p>En somme, cette mention propose un enseignement diversifi\u00e9. Elle vous permettra de devenir un animateur sportif polyvalent en termes de comp\u00e9tences et fonctions.<\/p>\n\n\n\n<\/div><div class=\"lames2\">\n\n\n\n<h2 class=\"wp-block-heading\">DEUST manager de club sportif<\/h2>\n\n\n\n<p>Le <a class=\"callAction\" href=\"https:\/\/www.coach-hunter.com\/content\/deust-manager-de-club-sportif\/\">DEUST manager de club sportif<\/a>, aussi appel\u00e9, \u00ab\u00a0<strong>Agent de d\u00e9veloppement de club sportif<\/strong>\u00ab\u00a0, permet une insertion professionnelle rapide. Ce dipl\u00f4me en sciences du sport vous apportera de nombreuses connaissances en management. Ceci vous permettra d&rsquo;int\u00e9grer par la suite un club sportif en tant qu&rsquo;administrateur, mais pas uniquement. <\/p>\n\n\n\n<p>En effet, les comp\u00e9tences acquises ici seront \u00e9galement recherch\u00e9es par les salles de sport, les associations sportives classiques et scolaires. Si la gestion vous int\u00e9resse, et que vous \u00eates passionn\u00e9 de sport, cette mention est faite pour vous.<a rel=\"noreferrer noopener\" target=\"_blank\" href=\"https:\/\/www.semrush.com\/swa\/api\/recommendations\/gdoc_id\/3d6e8f8e1bc07194303a7f28ac42b3e5\/file\/\"><\/a><\/p>\n\n\n\n<\/div><div class=\"lames2\">\n\n\n\n<h2 class=\"wp-block-heading\">DEUST m\u00e9tiers de la forme<\/h2>\n\n\n\n<p>Le <a class=\"callAction\" href=\"https:\/\/www.coach-hunter.com\/content\/deust-metiers-de-la-forme\/\">DEUST m\u00e9tiers de la forme<\/a> est un dipl\u00f4me de r\u00e9f\u00e9rence pour devenir \u00e9ducateur sportif. Cette mention vous permettra d&rsquo;\u00eatre polyvalent et d&rsquo;entrer rapidement dans le monde du travail. Le titulaires du dipl\u00f4me seront \u00e0 la fois des enseignants et des gestionnaires, r\u00e9pondant ainsi \u00e0 toutes les attentes du secteur de la forme.<\/p>\n\n\n\n<p>Attention \u00e0 ne pas confondre ce parcours avec la mention \u00e9ponyme des licences professionnelles Staps, correspondant \u00e0 3 ann\u00e9es d&rsquo;\u00e9tude. Cette derni\u00e8re vous proposera plus d&rsquo;heures en structure sportive que le Deust. Si vous souhaitez faire vos preuves sur le terrain, tournez vous vers les licences pro Staps.<\/p>\n\n\n\n<\/div><div class=\"lames2\">\n\n\n\n<h2 class=\"wp-block-heading\">DEUST (autre mention)<\/h2>\n\n\n\n<p>Dans les <a class=\"callAction\" href=\"https:\/\/www.coach-hunter.com\/content\/deust-autre-mention\/\">autres mentions du DEUST<\/a>, vous pourrez trouver le parcours Animation et Commercialisation de Services Sportifs. Aussi not\u00e9 ACSS, ce parcours comporte un axe sportif et un axe comptable, voire commercial. Les d\u00e9tenteurs de ce dipl\u00f4me seront ainsi capable d&rsquo;encadrer des cours de sport, mais aussi de g\u00e9rer une structure sportive. <\/p>\n\n\n\n<p>Les \u00e9tudiants apprendront ainsi en parall\u00e8le \u00e0 pr\u00e9parer un espace de vente  d&rsquo;articles de sport, \u00e0 r\u00e9aliser un bilan comptable, \u00e0 organiser des \u00e9v\u00e9nements sportifs.<\/p>\n\n\n\n<\/div><\/div>\n\n\n\n<p>A l&rsquo;issue du DEUST Staps, il sera toujours possible pour les dipl\u00f4m\u00e9s de poursuivre leur cursus avec une licence en <strong>Sciences et Techniques des Activit\u00e9s Physiques et Sportives<\/strong>. Cette derni\u00e8re constitue le 3 \u00e8me niveau en termes d&rsquo;\u00e9tudes universitaire. <br>Sinon, le d\u00e9tenteur du Deust pourra effectuer une licence professionnelle afin de se perfectionner sur le terrain. L&rsquo;insertion professionnelle sera facilit\u00e9e avec ce parcours-ci.<\/p>\n\n\n\n<h2 class=\"wp-block-heading\">D&rsquo;autres dipl\u00f4mes Staps<\/h2>\n\n\n\n<ul class=\"wp-block-list\"><li><a href=\"https:\/\/www.coach-hunter.com\/content\/licence-staps\/\">Licence Staps<\/a><\/li><li><a href=\"https:\/\/www.coach-hunter.com\/content\/licence-pro-staps\/\">Licence pro STAPS<\/a><\/li><li><a href=\"https:\/\/www.coach-hunter.com\/content\/master-staps\/\">Master Staps<\/a><\/li><\/ul>\n","protected":false},"excerpt":{"rendered":"<p>Les Dipl\u00f4mes staps proposent des enseignement universitaires scientifiques et techniques permettant de devenir un professionnel du milieu sportif. Les deux premi\u00e8res ann\u00e9es d&rsquo;\u00e9tudes se finalisent par l&rsquo;obtention du DEUST STAPS. Cependant, toutes les mentions ne vous destinent pas \u00e0 devenir coach sportif. Par exemple, certaines vous octroieront des comp\u00e9tences plus pouss\u00e9es en gestion. Elles vous &hellip; <a href=\"https:\/\/www.coach-hunter.com\/content\/deust-staps\/\" class=\"more-link\">Continuer la lecture<span class=\"screen-reader-text\"> de &laquo;&nbsp;DEUST STAPS, parcours en 2 ann\u00e9es pour devenir coach sportif&nbsp;&raquo;<\/span><\/a><\/p>\n","protected":false},"author":5,"featured_media":0,"parent":0,"menu_order":0,"comment_status":"closed","ping_status":"closed","template":"","meta":{"footnotes":""},"class_list":["post-1489","page","type-page","status-publish","hentry"],"yoast_head":"<!-- This site is optimized with the Yoast SEO plugin v25.9 - https:\/\/yoast.com\/wordpress\/plugins\/seo\/ -->\n<title>DEUST STAPS : parcours universitaire pour devenir coach sportif en 2 ans<\/title>\n<meta name=\"description\" content=\"Le DEUST STAPS est issu de la fili\u00e8re universitaire en Sciences du Sport. Certaines mentions permettent de devenir coach sportif. Retrouvez-les ici !\" \/>\n<meta name=\"robots\" content=\"index, follow, max-snippet:-1, max-image-preview:large, max-video-preview:-1\" \/>\n<link rel=\"canonical\" href=\"https:\/\/www.coach-hunter.com\/content\/deust-staps\/\" \/>\n<meta property=\"og:locale\" content=\"fr_FR\" \/>\n<meta property=\"og:type\" content=\"article\" \/>\n<meta property=\"og:title\" content=\"DEUST STAPS : parcours universitaire pour devenir coach sportif en 2 ans\" \/>\n<meta property=\"og:description\" content=\"Le DEUST STAPS est issu de la fili\u00e8re universitaire en Sciences du Sport. Certaines mentions permettent de devenir coach sportif. Retrouvez-les ici !\" \/>\n<meta property=\"og:url\" content=\"https:\/\/www.coach-hunter.com\/content\/deust-staps\/\" \/>\n<meta property=\"og:site_name\" content=\"Blog Coach Hunter\" \/>\n<meta property=\"article:modified_time\" content=\"2020-10-14T11:32:48+00:00\" \/>\n<meta property=\"og:image\" content=\"https:\/\/www.coach-hunter.com\/content\/wp-content\/uploads\/2020\/09\/deust-staps-Copie.jpg\" \/>\n\t<meta property=\"og:image:width\" content=\"626\" \/>\n\t<meta property=\"og:image:height\" content=\"417\" \/>\n\t<meta property=\"og:image:type\" content=\"image\/jpeg\" \/>\n<meta name=\"twitter:card\" content=\"summary_large_image\" \/>\n<meta name=\"twitter:label1\" content=\"Dur\u00e9e de lecture estim\u00e9e\" \/>\n\t<meta name=\"twitter:data1\" content=\"3 minutes\" \/>\n<script type=\"application\/ld+json\" class=\"yoast-schema-graph\">{\"@context\":\"https:\/\/schema.org\",\"@graph\":[{\"@type\":\"WebPage\",\"@id\":\"https:\/\/www.coach-hunter.com\/content\/deust-staps\/\",\"url\":\"https:\/\/www.coach-hunter.com\/content\/deust-staps\/\",\"name\":\"DEUST STAPS : parcours universitaire pour devenir coach sportif en 2 ans\",\"isPartOf\":{\"@id\":\"https:\/\/www.coach-hunter.com\/content\/#website\"},\"primaryImageOfPage\":{\"@id\":\"https:\/\/www.coach-hunter.com\/content\/deust-staps\/#primaryimage\"},\"image\":{\"@id\":\"https:\/\/www.coach-hunter.com\/content\/deust-staps\/#primaryimage\"},\"thumbnailUrl\":\"https:\/\/www.coach-hunter.com\/content\/wp-content\/uploads\/2020\/09\/deust-staps-Copie.jpg\",\"datePublished\":\"2020-09-16T14:04:09+00:00\",\"dateModified\":\"2020-10-14T11:32:48+00:00\",\"description\":\"Le DEUST STAPS est issu de la fili\u00e8re universitaire en Sciences du Sport. Certaines mentions permettent de devenir coach sportif. Retrouvez-les ici !\",\"breadcrumb\":{\"@id\":\"https:\/\/www.coach-hunter.com\/content\/deust-staps\/#breadcrumb\"},\"inLanguage\":\"fr-FR\",\"potentialAction\":[{\"@type\":\"ReadAction\",\"target\":[\"https:\/\/www.coach-hunter.com\/content\/deust-staps\/\"]}]},{\"@type\":\"ImageObject\",\"inLanguage\":\"fr-FR\",\"@id\":\"https:\/\/www.coach-hunter.com\/content\/deust-staps\/#primaryimage\",\"url\":\"https:\/\/www.coach-hunter.com\/content\/wp-content\/uploads\/2020\/09\/deust-staps-Copie.jpg\",\"contentUrl\":\"https:\/\/www.coach-hunter.com\/content\/wp-content\/uploads\/2020\/09\/deust-staps-Copie.jpg\",\"width\":626,\"height\":417},{\"@type\":\"BreadcrumbList\",\"@id\":\"https:\/\/www.coach-hunter.com\/content\/deust-staps\/#breadcrumb\",\"itemListElement\":[{\"@type\":\"ListItem\",\"position\":1,\"name\":\"Accueil\",\"item\":\"https:\/\/www.coach-hunter.com\/content\/\"},{\"@type\":\"ListItem\",\"position\":2,\"name\":\"DEUST STAPS, parcours en 2 ann\u00e9es pour devenir coach sportif\"}]},{\"@type\":\"WebSite\",\"@id\":\"https:\/\/www.coach-hunter.com\/content\/#website\",\"url\":\"https:\/\/www.coach-hunter.com\/content\/\",\"name\":\"Blog Coach Hunter\",\"description\":\"\",\"potentialAction\":[{\"@type\":\"SearchAction\",\"target\":{\"@type\":\"EntryPoint\",\"urlTemplate\":\"https:\/\/www.coach-hunter.com\/content\/?s={search_term_string}\"},\"query-input\":{\"@type\":\"PropertyValueSpecification\",\"valueRequired\":true,\"valueName\":\"search_term_string\"}}],\"inLanguage\":\"fr-FR\"}]}<\/script>\n<!-- \/ Yoast SEO plugin. -->","yoast_head_json":{"title":"DEUST STAPS : parcours universitaire pour devenir coach sportif en 2 ans","description":"Le DEUST STAPS est issu de la fili\u00e8re universitaire en Sciences du Sport. Certaines mentions permettent de devenir coach sportif. Retrouvez-les ici !","robots":{"index":"index","follow":"follow","max-snippet":"max-snippet:-1","max-image-preview":"max-image-preview:large","max-video-preview":"max-video-preview:-1"},"canonical":"https:\/\/www.coach-hunter.com\/content\/deust-staps\/","og_locale":"fr_FR","og_type":"article","og_title":"DEUST STAPS : parcours universitaire pour devenir coach sportif en 2 ans","og_description":"Le DEUST STAPS est issu de la fili\u00e8re universitaire en Sciences du Sport. Certaines mentions permettent de devenir coach sportif. Retrouvez-les ici !","og_url":"https:\/\/www.coach-hunter.com\/content\/deust-staps\/","og_site_name":"Blog Coach Hunter","article_modified_time":"2020-10-14T11:32:48+00:00","og_image":[{"width":626,"height":417,"url":"https:\/\/www.coach-hunter.com\/content\/wp-content\/uploads\/2020\/09\/deust-staps-Copie.jpg","type":"image\/jpeg"}],"twitter_card":"summary_large_image","twitter_misc":{"Dur\u00e9e de lecture estim\u00e9e":"3 minutes"},"schema":{"@context":"https:\/\/schema.org","@graph":[{"@type":"WebPage","@id":"https:\/\/www.coach-hunter.com\/content\/deust-staps\/","url":"https:\/\/www.coach-hunter.com\/content\/deust-staps\/","name":"DEUST STAPS : parcours universitaire pour devenir coach sportif en 2 ans","isPartOf":{"@id":"https:\/\/www.coach-hunter.com\/content\/#website"},"primaryImageOfPage":{"@id":"https:\/\/www.coach-hunter.com\/content\/deust-staps\/#primaryimage"},"image":{"@id":"https:\/\/www.coach-hunter.com\/content\/deust-staps\/#primaryimage"},"thumbnailUrl":"https:\/\/www.coach-hunter.com\/content\/wp-content\/uploads\/2020\/09\/deust-staps-Copie.jpg","datePublished":"2020-09-16T14:04:09+00:00","dateModified":"2020-10-14T11:32:48+00:00","description":"Le DEUST STAPS est issu de la fili\u00e8re universitaire en Sciences du Sport. Certaines mentions permettent de devenir coach sportif. Retrouvez-les ici !","breadcrumb":{"@id":"https:\/\/www.coach-hunter.com\/content\/deust-staps\/#breadcrumb"},"inLanguage":"fr-FR","potentialAction":[{"@type":"ReadAction","target":["https:\/\/www.coach-hunter.com\/content\/deust-staps\/"]}]},{"@type":"ImageObject","inLanguage":"fr-FR","@id":"https:\/\/www.coach-hunter.com\/content\/deust-staps\/#primaryimage","url":"https:\/\/www.coach-hunter.com\/content\/wp-content\/uploads\/2020\/09\/deust-staps-Copie.jpg","contentUrl":"https:\/\/www.coach-hunter.com\/content\/wp-content\/uploads\/2020\/09\/deust-staps-Copie.jpg","width":626,"height":417},{"@type":"BreadcrumbList","@id":"https:\/\/www.coach-hunter.com\/content\/deust-staps\/#breadcrumb","itemListElement":[{"@type":"ListItem","position":1,"name":"Accueil","item":"https:\/\/www.coach-hunter.com\/content\/"},{"@type":"ListItem","position":2,"name":"DEUST STAPS, parcours en 2 ann\u00e9es pour devenir coach sportif"}]},{"@type":"WebSite","@id":"https:\/\/www.coach-hunter.com\/content\/#website","url":"https:\/\/www.coach-hunter.com\/content\/","name":"Blog Coach Hunter","description":"","potentialAction":[{"@type":"SearchAction","target":{"@type":"EntryPoint","urlTemplate":"https:\/\/www.coach-hunter.com\/content\/?s={search_term_string}"},"query-input":{"@type":"PropertyValueSpecification","valueRequired":true,"valueName":"search_term_string"}}],"inLanguage":"fr-FR"}]}},"_links":{"self":[{"href":"https:\/\/www.coach-hunter.com\/content\/wp-json\/wp\/v2\/pages\/1489","targetHints":{"allow":["GET"]}}],"collection":[{"href":"https:\/\/www.coach-hunter.com\/content\/wp-json\/wp\/v2\/pages"}],"about":[{"href":"https:\/\/www.coach-hunter.com\/content\/wp-json\/wp\/v2\/types\/page"}],"author":[{"embeddable":true,"href":"https:\/\/www.coach-hunter.com\/content\/wp-json\/wp\/v2\/users\/5"}],"replies":[{"embeddable":true,"href":"https:\/\/www.coach-hunter.com\/content\/wp-json\/wp\/v2\/comments?post=1489"}],"version-history":[{"count":18,"href":"https:\/\/www.coach-hunter.com\/content\/wp-json\/wp\/v2\/pages\/1489\/revisions"}],"predecessor-version":[{"id":1885,"href":"https:\/\/www.coach-hunter.com\/content\/wp-json\/wp\/v2\/pages\/1489\/revisions\/1885"}],"wp:attachment":[{"href":"https:\/\/www.coach-hunter.com\/content\/wp-json\/wp\/v2\/media?parent=1489"}],"curies":[{"name":"wp","href":"https:\/\/api.w.org\/{rel}","templated":true}]}}