{"id":1464,"date":"2020-09-08T12:49:23","date_gmt":"2020-09-08T12:49:23","guid":{"rendered":"https:\/\/www.coach-hunter.com\/content\/?page_id=1464"},"modified":"2020-09-08T12:49:24","modified_gmt":"2020-09-08T12:49:24","slug":"bpjeps-sports-de-combat","status":"publish","type":"page","link":"https:\/\/www.coach-hunter.com\/content\/bpjeps-sports-de-combat\/","title":{"rendered":"Les BPJEPS Sports de combat avec Coach Hunter !"},"content":{"rendered":"\n<p>Le <a class=\"callAction\" href=\"https:\/\/www.coach-hunter.com\/content\/bpjeps\/\">BPJEPS<\/a> ou <strong>brevet professionnel de la jeunesse, de l&rsquo; \u00e9ducation populaire et du sport<\/strong>, est un dipl\u00f4me d&rsquo;Etat permettant de devenir coach sportif. Chaque parcours comporte des heures effectu\u00e9es en structure sportive et des heures en centre de formation. <br>Ces derniers sont agr\u00e9\u00e9s par les directions r\u00e9gionales de la jeunesse, des sports et de la coh\u00e9sion sociale (<a rel=\"noreferrer noopener\" href=\"http:\/\/ile-de-france.drjscs.gouv.fr\/spip.php?article170\" target=\"_blank\">DRJSCS<\/a>).<br>Ici, vous trouverez donc tous les <strong>BPJEPS Sports de combat<\/strong> ! Choisissez votre discipline favorite parmi ces six mentions !<\/p>\n\n\n\n<div class=\"wp-block-image\"><figure class=\"aligncenter size-large\"><img loading=\"lazy\" decoding=\"async\" width=\"626\" height=\"430\" src=\"https:\/\/www.coach-hunter.com\/content\/wp-content\/uploads\/2020\/09\/bpjeps-sports-de-combat-Copie.jpg\" alt=\"bpjeps sports de combat\" class=\"wp-image-1470\" srcset=\"https:\/\/www.coach-hunter.com\/content\/wp-content\/uploads\/2020\/09\/bpjeps-sports-de-combat-Copie.jpg 626w, https:\/\/www.coach-hunter.com\/content\/wp-content\/uploads\/2020\/09\/bpjeps-sports-de-combat-Copie-300x206.jpg 300w\" sizes=\"auto, (max-width: 626px) 85vw, 626px\" \/><\/figure><\/div>\n\n\n\n<div class='flexo'><div class=\"lames2\">\n\n\n\n<h2 class=\"wp-block-heading\">BPJEPS Boxe anglaise<\/h2>\n\n\n\n<p>Le&nbsp;<a class=\"callAction\" href=\"https:\/\/www.coach-hunter.com\/content\/bpjeps-boxe-anglaise\/\">BPJEPS Boxe anglaise<\/a>&nbsp;forme les \u00e9ducateurs sportifs \u00e0 l\u2019enseignement de cette discipline. Les d\u00e9tenteurs de ce dipl\u00f4me pourront exercer en club, en salle de sport, mais aussi \u00e0 domicile pour des cours d\u2019initiation. Le coach sportif sp\u00e9cialis\u00e9 en boxe anglaise pourra aussi proposer des cours de renforcement musculaire en vue d\u2019am\u00e9liorer la technique de son \u00e9l\u00e8ve dans ce sport.<\/p>\n\n\n\n<\/div><div class=\"lames2\">\n\n\n\n<h2 class=\"wp-block-heading\">BPJEPS Boxe fran\u00e7aise<\/h2>\n\n\n\n<p>Le&nbsp;<a class=\"callAction\" href=\"https:\/\/www.coach-hunter.com\/content\/bpjeps-boxe-francaise\/\">BPJEPS Boxe Fran\u00e7aise<\/a>&nbsp;est un dipl\u00f4me \u00e0 l\u2019issue duquel les coachs sportifs sont capables d\u2019enseigner la Savate \u00e0 des tiers. Cette mention fait partie du BPJEPS sp\u00e9cialit\u00e9 activit\u00e9s pugilistiques. Le dipl\u00f4m\u00e9 encadre des petits groupes ou des particuliers. <br>Le professeur devra expliciter les diff\u00e9rentes activit\u00e9s pugilistiques \u00e0 ses \u00e9l\u00e8ves. Il pourra ensuite pr\u00e9parer les sportifs dans des clubs de boxe fran\u00e7aise \u00e9ventuellement.<\/p>\n\n\n\n<\/div><div class=\"lames2\">\n\n\n\n<h2 class=\"wp-block-heading\">BPJEPS Judo-jujitsu<\/h2>\n\n\n\n<p>Le&nbsp;<a class=\"callAction\" href=\"https:\/\/www.coach-hunter.com\/content\/bpjeps-judo-jujitsu\/\">BPJEPS Judo-Jujitsu<\/a>&nbsp;forme les professeurs de Judo exer\u00e7ant en club ou association. Ce dipl\u00f4me, issu des BPJEPS Sports de combat, permet d&rsquo;encadrer les activit\u00e9s physiques et sportives. Le dipl\u00f4m\u00e9 devra assurer la s\u00e9curit\u00e9 de ses \u00e9l\u00e8ves sur le lieu de pratique. Puis, il pourra \u00e9ventuellement participer au fonctionnement de la structure sportive qui l&rsquo;accueille.<\/p>\n\n\n\n<\/div><div class=\"lames2\">\n\n\n\n<h2 class=\"wp-block-heading\">BPJEPS Karat\u00e9 et disciplines associ\u00e9es<\/h2>\n\n\n\n<p>Le&nbsp;<a class=\"callAction\" href=\"https:\/\/www.coach-hunter.com\/content\/bpjeps-karate-disciplines-associees\/\">BPJEPS Karat\u00e9 et disciplines associ\u00e9es<\/a>&nbsp;permet d\u2019acqu\u00e9rir des comp\u00e9tences en karat\u00e9, ou encore en wushu. Le professeur de sport devra prouver d\u2019un certain niveau de pratique pour obtenir le dipl\u00f4me. Il veillera \u00e0 la s\u00e9curit\u00e9 de ses \u00e9l\u00e8ve durant toute la dur\u00e9e de son cours de sport. Le dipl\u00f4m\u00e9 pourra encadrer les comp\u00e9titeurs \u00e9voluant \u00e0 un niveau de comp\u00e9tition r\u00e9gional.<\/p>\n\n\n\n<\/div><div class=\"lames2\">\n\n\n\n<h2 class=\"wp-block-heading\">BPJEPS Lutte<\/h2>\n\n\n\n<p>Le&nbsp;<a class=\"callAction\" href=\"https:\/\/www.coach-hunter.com\/content\/bpjeps-lutte\/\">BPJEPS Lutte<\/a>&nbsp;est un dipl\u00f4me formant \u00e0 l\u2019enseignement des disciplines de lutte olympique, de gouren, ou encore de sambo. Le professeur de sport expliquera aux \u00e9l\u00e8ves les diff\u00e9rences entre ces disciplines. Il encadrera leur pratique sportive et les guidera dans leur progression technique, afin qu\u2019ils ne se blessent pas.<\/p>\n\n\n\n<\/div><div class=\"lames2\">\n\n\n\n<h2 class=\"wp-block-heading\">BPJEPS Sports de contact<\/h2>\n\n\n\n<p>Le&nbsp;<a class=\"callAction\" href=\"https:\/\/www.coach-hunter.com\/content\/bpjeps-sports-de-contact\/\">BPJEPS Sports de contact<\/a>&nbsp;forme les entra\u00eeneurs sportifs en full-contact, kick-boxing et muaytha\u00ef. La mention sports de contact appartient aux \u00ab&nbsp;activit\u00e9s pugilistiques&nbsp;\u00bb et permet d\u2019\u00eatre coach en club. \u00c9ventuellement, le professeur pourra exercer dans des \u00e9tablissements scolaires pour leur transmettre les valeurs du sport.<\/p>\n\n\n\n<\/div><\/div>\n\n\n\n<h2 class=\"wp-block-heading\">Et en dehors des BPJEPS Sports de combat ?<\/h2>\n\n\n\n<ul class=\"wp-block-list\"><li><a href=\"https:\/\/www.coach-hunter.com\/content\/bpjeps-sports-collectifs\/\">BPJEPS Sports collectifs<\/a><\/li><li><a href=\"https:\/\/www.coach-hunter.com\/content\/bpjeps-autre-mention\/\">BPJEPS Autre mention<\/a><\/li><\/ul>\n","protected":false},"excerpt":{"rendered":"<p>Le BPJEPS ou brevet professionnel de la jeunesse, de l&rsquo; \u00e9ducation populaire et du sport, est un dipl\u00f4me d&rsquo;Etat permettant de devenir coach sportif. Chaque parcours comporte des heures effectu\u00e9es en structure sportive et des heures en centre de formation. Ces derniers sont agr\u00e9\u00e9s par les directions r\u00e9gionales de la jeunesse, des sports et de &hellip; <a href=\"https:\/\/www.coach-hunter.com\/content\/bpjeps-sports-de-combat\/\" class=\"more-link\">Continuer la lecture<span class=\"screen-reader-text\"> de &laquo;&nbsp;Les BPJEPS Sports de combat avec Coach Hunter !&nbsp;&raquo;<\/span><\/a><\/p>\n","protected":false},"author":5,"featured_media":0,"parent":0,"menu_order":0,"comment_status":"closed","ping_status":"closed","template":"","meta":{"footnotes":""},"class_list":["post-1464","page","type-page","status-publish","hentry"],"yoast_head":"<!-- This site is optimized with the Yoast SEO plugin v25.9 - https:\/\/yoast.com\/wordpress\/plugins\/seo\/ -->\n<title>BPJEPS Sports de combat : devenez coach sportif professionnel !<\/title>\n<meta name=\"description\" content=\"Coach Hunter vous pr\u00e9sente les six mentions des BPJEPS Sports de combat ! Devenez personal trainer dans la discipline de votre choix !\" \/>\n<meta name=\"robots\" content=\"index, follow, max-snippet:-1, max-image-preview:large, max-video-preview:-1\" \/>\n<link rel=\"canonical\" href=\"https:\/\/www.coach-hunter.com\/content\/bpjeps-sports-de-combat\/\" \/>\n<meta property=\"og:locale\" content=\"fr_FR\" \/>\n<meta property=\"og:type\" content=\"article\" \/>\n<meta property=\"og:title\" content=\"BPJEPS Sports de combat : devenez coach sportif professionnel !\" \/>\n<meta property=\"og:description\" content=\"Coach Hunter vous pr\u00e9sente les six mentions des BPJEPS Sports de combat ! Devenez personal trainer dans la discipline de votre choix !\" \/>\n<meta property=\"og:url\" content=\"https:\/\/www.coach-hunter.com\/content\/bpjeps-sports-de-combat\/\" \/>\n<meta property=\"og:site_name\" content=\"Blog Coach Hunter\" \/>\n<meta property=\"article:modified_time\" content=\"2020-09-08T12:49:24+00:00\" \/>\n<meta property=\"og:image\" content=\"https:\/\/www.coach-hunter.com\/content\/wp-content\/uploads\/2020\/09\/bpjeps-sports-de-combat-Copie.jpg\" \/>\n\t<meta property=\"og:image:width\" content=\"626\" \/>\n\t<meta property=\"og:image:height\" content=\"430\" \/>\n\t<meta property=\"og:image:type\" content=\"image\/jpeg\" \/>\n<meta name=\"twitter:card\" content=\"summary_large_image\" \/>\n<meta name=\"twitter:label1\" content=\"Dur\u00e9e de lecture estim\u00e9e\" \/>\n\t<meta name=\"twitter:data1\" content=\"3 minutes\" \/>\n<script type=\"application\/ld+json\" class=\"yoast-schema-graph\">{\"@context\":\"https:\/\/schema.org\",\"@graph\":[{\"@type\":\"WebPage\",\"@id\":\"https:\/\/www.coach-hunter.com\/content\/bpjeps-sports-de-combat\/\",\"url\":\"https:\/\/www.coach-hunter.com\/content\/bpjeps-sports-de-combat\/\",\"name\":\"BPJEPS Sports de combat : devenez coach sportif professionnel !\",\"isPartOf\":{\"@id\":\"https:\/\/www.coach-hunter.com\/content\/#website\"},\"primaryImageOfPage\":{\"@id\":\"https:\/\/www.coach-hunter.com\/content\/bpjeps-sports-de-combat\/#primaryimage\"},\"image\":{\"@id\":\"https:\/\/www.coach-hunter.com\/content\/bpjeps-sports-de-combat\/#primaryimage\"},\"thumbnailUrl\":\"https:\/\/www.coach-hunter.com\/content\/wp-content\/uploads\/2020\/09\/bpjeps-sports-de-combat-Copie.jpg\",\"datePublished\":\"2020-09-08T12:49:23+00:00\",\"dateModified\":\"2020-09-08T12:49:24+00:00\",\"description\":\"Coach Hunter vous pr\u00e9sente les six mentions des BPJEPS Sports de combat ! Devenez personal trainer dans la discipline de votre choix !\",\"breadcrumb\":{\"@id\":\"https:\/\/www.coach-hunter.com\/content\/bpjeps-sports-de-combat\/#breadcrumb\"},\"inLanguage\":\"fr-FR\",\"potentialAction\":[{\"@type\":\"ReadAction\",\"target\":[\"https:\/\/www.coach-hunter.com\/content\/bpjeps-sports-de-combat\/\"]}]},{\"@type\":\"ImageObject\",\"inLanguage\":\"fr-FR\",\"@id\":\"https:\/\/www.coach-hunter.com\/content\/bpjeps-sports-de-combat\/#primaryimage\",\"url\":\"https:\/\/www.coach-hunter.com\/content\/wp-content\/uploads\/2020\/09\/bpjeps-sports-de-combat-Copie.jpg\",\"contentUrl\":\"https:\/\/www.coach-hunter.com\/content\/wp-content\/uploads\/2020\/09\/bpjeps-sports-de-combat-Copie.jpg\",\"width\":626,\"height\":430},{\"@type\":\"BreadcrumbList\",\"@id\":\"https:\/\/www.coach-hunter.com\/content\/bpjeps-sports-de-combat\/#breadcrumb\",\"itemListElement\":[{\"@type\":\"ListItem\",\"position\":1,\"name\":\"Accueil\",\"item\":\"https:\/\/www.coach-hunter.com\/content\/\"},{\"@type\":\"ListItem\",\"position\":2,\"name\":\"Les BPJEPS Sports de combat avec Coach Hunter !\"}]},{\"@type\":\"WebSite\",\"@id\":\"https:\/\/www.coach-hunter.com\/content\/#website\",\"url\":\"https:\/\/www.coach-hunter.com\/content\/\",\"name\":\"Blog Coach Hunter\",\"description\":\"\",\"potentialAction\":[{\"@type\":\"SearchAction\",\"target\":{\"@type\":\"EntryPoint\",\"urlTemplate\":\"https:\/\/www.coach-hunter.com\/content\/?s={search_term_string}\"},\"query-input\":{\"@type\":\"PropertyValueSpecification\",\"valueRequired\":true,\"valueName\":\"search_term_string\"}}],\"inLanguage\":\"fr-FR\"}]}<\/script>\n<!-- \/ Yoast SEO plugin. -->","yoast_head_json":{"title":"BPJEPS Sports de combat : devenez coach sportif professionnel !","description":"Coach Hunter vous pr\u00e9sente les six mentions des BPJEPS Sports de combat ! Devenez personal trainer dans la discipline de votre choix !","robots":{"index":"index","follow":"follow","max-snippet":"max-snippet:-1","max-image-preview":"max-image-preview:large","max-video-preview":"max-video-preview:-1"},"canonical":"https:\/\/www.coach-hunter.com\/content\/bpjeps-sports-de-combat\/","og_locale":"fr_FR","og_type":"article","og_title":"BPJEPS Sports de combat : devenez coach sportif professionnel !","og_description":"Coach Hunter vous pr\u00e9sente les six mentions des BPJEPS Sports de combat ! Devenez personal trainer dans la discipline de votre choix !","og_url":"https:\/\/www.coach-hunter.com\/content\/bpjeps-sports-de-combat\/","og_site_name":"Blog Coach Hunter","article_modified_time":"2020-09-08T12:49:24+00:00","og_image":[{"width":626,"height":430,"url":"https:\/\/www.coach-hunter.com\/content\/wp-content\/uploads\/2020\/09\/bpjeps-sports-de-combat-Copie.jpg","type":"image\/jpeg"}],"twitter_card":"summary_large_image","twitter_misc":{"Dur\u00e9e de lecture estim\u00e9e":"3 minutes"},"schema":{"@context":"https:\/\/schema.org","@graph":[{"@type":"WebPage","@id":"https:\/\/www.coach-hunter.com\/content\/bpjeps-sports-de-combat\/","url":"https:\/\/www.coach-hunter.com\/content\/bpjeps-sports-de-combat\/","name":"BPJEPS Sports de combat : devenez coach sportif professionnel !","isPartOf":{"@id":"https:\/\/www.coach-hunter.com\/content\/#website"},"primaryImageOfPage":{"@id":"https:\/\/www.coach-hunter.com\/content\/bpjeps-sports-de-combat\/#primaryimage"},"image":{"@id":"https:\/\/www.coach-hunter.com\/content\/bpjeps-sports-de-combat\/#primaryimage"},"thumbnailUrl":"https:\/\/www.coach-hunter.com\/content\/wp-content\/uploads\/2020\/09\/bpjeps-sports-de-combat-Copie.jpg","datePublished":"2020-09-08T12:49:23+00:00","dateModified":"2020-09-08T12:49:24+00:00","description":"Coach Hunter vous pr\u00e9sente les six mentions des BPJEPS Sports de combat ! Devenez personal trainer dans la discipline de votre choix !","breadcrumb":{"@id":"https:\/\/www.coach-hunter.com\/content\/bpjeps-sports-de-combat\/#breadcrumb"},"inLanguage":"fr-FR","potentialAction":[{"@type":"ReadAction","target":["https:\/\/www.coach-hunter.com\/content\/bpjeps-sports-de-combat\/"]}]},{"@type":"ImageObject","inLanguage":"fr-FR","@id":"https:\/\/www.coach-hunter.com\/content\/bpjeps-sports-de-combat\/#primaryimage","url":"https:\/\/www.coach-hunter.com\/content\/wp-content\/uploads\/2020\/09\/bpjeps-sports-de-combat-Copie.jpg","contentUrl":"https:\/\/www.coach-hunter.com\/content\/wp-content\/uploads\/2020\/09\/bpjeps-sports-de-combat-Copie.jpg","width":626,"height":430},{"@type":"BreadcrumbList","@id":"https:\/\/www.coach-hunter.com\/content\/bpjeps-sports-de-combat\/#breadcrumb","itemListElement":[{"@type":"ListItem","position":1,"name":"Accueil","item":"https:\/\/www.coach-hunter.com\/content\/"},{"@type":"ListItem","position":2,"name":"Les BPJEPS Sports de combat avec Coach Hunter !"}]},{"@type":"WebSite","@id":"https:\/\/www.coach-hunter.com\/content\/#website","url":"https:\/\/www.coach-hunter.com\/content\/","name":"Blog Coach Hunter","description":"","potentialAction":[{"@type":"SearchAction","target":{"@type":"EntryPoint","urlTemplate":"https:\/\/www.coach-hunter.com\/content\/?s={search_term_string}"},"query-input":{"@type":"PropertyValueSpecification","valueRequired":true,"valueName":"search_term_string"}}],"inLanguage":"fr-FR"}]}},"_links":{"self":[{"href":"https:\/\/www.coach-hunter.com\/content\/wp-json\/wp\/v2\/pages\/1464","targetHints":{"allow":["GET"]}}],"collection":[{"href":"https:\/\/www.coach-hunter.com\/content\/wp-json\/wp\/v2\/pages"}],"about":[{"href":"https:\/\/www.coach-hunter.com\/content\/wp-json\/wp\/v2\/types\/page"}],"author":[{"embeddable":true,"href":"https:\/\/www.coach-hunter.com\/content\/wp-json\/wp\/v2\/users\/5"}],"replies":[{"embeddable":true,"href":"https:\/\/www.coach-hunter.com\/content\/wp-json\/wp\/v2\/comments?post=1464"}],"version-history":[{"count":6,"href":"https:\/\/www.coach-hunter.com\/content\/wp-json\/wp\/v2\/pages\/1464\/revisions"}],"predecessor-version":[{"id":1519,"href":"https:\/\/www.coach-hunter.com\/content\/wp-json\/wp\/v2\/pages\/1464\/revisions\/1519"}],"wp:attachment":[{"href":"https:\/\/www.coach-hunter.com\/content\/wp-json\/wp\/v2\/media?parent=1464"}],"curies":[{"name":"wp","href":"https:\/\/api.w.org\/{rel}","templated":true}]}}