{"id":140,"date":"2018-03-14T17:48:23","date_gmt":"2018-03-14T17:48:23","guid":{"rendered":"https:\/\/www.coach-hunter.com\/content\/?page_id=140"},"modified":"2024-09-06T13:39:04","modified_gmt":"2024-09-06T13:39:04","slug":"petit-dejeuner","status":"publish","type":"page","link":"https:\/\/www.coach-hunter.com\/content\/petit-dejeuner\/","title":{"rendered":"Le petit d\u00e9jeuner sportif pour bien d\u00e9marrer la journ\u00e9e !"},"content":{"rendered":"<p>Le petit d\u00e9jeuner sportif, certains le sautent et d&rsquo;autres ne peuvent pas s&rsquo;en passer. Un <a class=\"callAction\" href=\"https:\/\/www.coach-hunter.com\/content\/nutrition\/\">coach nutrition<\/a> r\u00e9pond \u00e0 vos diff\u00e9rentes questions comme : est-il n\u00e9cessaire de prendre un petit d\u00e9jeuner ? Que faut-il faire et comment se motiver \u00e0 bien d\u00e9marrer la journ\u00e9e ?<\/p>\n<p><img loading=\"lazy\" decoding=\"async\" class=\"aligncenter wp-image-141 size-large\" src=\"https:\/\/www.coach-hunter.com\/content\/wp-content\/uploads\/2018\/03\/petit-dej-1024x429.jpg\" alt=\"Petit d\u00e9jeuner pour sportif\" width=\"840\" height=\"352\" srcset=\"https:\/\/www.coach-hunter.com\/content\/wp-content\/uploads\/2018\/03\/petit-dej-1024x429.jpg 1024w, https:\/\/www.coach-hunter.com\/content\/wp-content\/uploads\/2018\/03\/petit-dej-300x126.jpg 300w, https:\/\/www.coach-hunter.com\/content\/wp-content\/uploads\/2018\/03\/petit-dej-768x322.jpg 768w, https:\/\/www.coach-hunter.com\/content\/wp-content\/uploads\/2018\/03\/petit-dej-1200x502.jpg 1200w, https:\/\/www.coach-hunter.com\/content\/wp-content\/uploads\/2018\/03\/petit-dej.jpg 1500w\" sizes=\"auto, (max-width: 709px) 85vw, (max-width: 909px) 67vw, (max-width: 1362px) 62vw, 840px\" \/><\/p>\n<h2>Le petit d\u00e9jeuner sportif<\/h2>\n<h3>A quoi sert-il ?<\/h3>\n<p>Si l\u2019on dit que ce repas est primordial, c\u2019est parce que la nuit est longue et bien moins calme qu\u2019elle n\u2019y para\u00eet pour l\u2019organisme. En effet, lorsque l&rsquo;on dort, <strong>notre corps est en r\u00e9cup\u00e9ration<\/strong>. C&rsquo;est \u00e0 dire qu&rsquo;il va faire tout un nombre d&rsquo;actions pour que vous soyez en bonne sant\u00e9.<\/p>\n<p><strong>R\u00e9paration des tissus<\/strong>, <strong>digestion<\/strong>, <strong>alimentation du cerveau<\/strong> (lui ne dort pas !) et bien d&rsquo;autres t\u00e2ches sont effectu\u00e9es pendant le sommeil ! Vous devez conna\u00eetre le dicton selon lequel une bonne journ\u00e9e se pr\u00e9pare la veille au soir ? En effet, le <strong>sommeil joue un r\u00f4le essentiel<\/strong> dans le bien-\u00eatre et le petit d\u00e9jeuner est \u00e0 priori le premier repas consomm\u00e9 \u00e0 la suite d\u2019une nuit r\u00e9paratrice.<\/p>\n<p>Mais justement : le petit d\u00e9jeuner sportif dans cette histoire, \u00e0 quoi sert-il ?&nbsp; Il permet de se restaurer apr\u00e8s des heures d\u2019activit\u00e9s internes. En effet, apr\u00e8s toutes ces t\u00e2ches, le corps a \u00e9puis\u00e9 partiellement <strong>ses r\u00e9serves \u00e9nerg\u00e9tiques<\/strong> et il faut les refaire ! Ainsi, c&rsquo;est le petit d\u00e9jeuner qui en est responsable.<\/p>\n<p>Cela permet de se constituer des forces pour <strong>commencer la journ\u00e9e dans les meilleures conditions<\/strong> : trajet pour aller travailler, activit\u00e9 sportive, travail intellectuel \u2026 Il en faut de l\u2019\u00e9nergie avant le prochain repas de la journ\u00e9e !<\/p>\n<h3>Qu&rsquo;est ce qu&rsquo;un petit d\u00e9jeuner id\u00e9al et \u00e9quilibr\u00e9 ?<\/h3>\n<p>Nous pouvons vous donner des conseils g\u00e9n\u00e9raux en termes de nutrition pour les petits d\u00e9jeuners. Mais ils doivent \u00eatre adapt\u00e9s en fonction de votre organisme, de vos activit\u00e9s, etc &#8230;<\/p>\n<p>Pour d\u00e9buter, il faut lui donner de l&rsquo;\u00e9nergie et la principale source sont les <strong>produits c\u00e9r\u00e9aliers<\/strong>. Oubliez la tartine de pain blanc ou les c\u00e9r\u00e9ales industriels comme les Tr\u00e9sors de Kellogg&rsquo;s. Ils pr\u00e9sentent un index glyc\u00e9mique trop \u00e9lev\u00e9 et vous allez avoir vite faim. Privil\u00e9giez par exemple le pain complet ou les flocons d&rsquo;avoine.<\/p>\n<p>De plus, pour vous enrichir en vitamines, un <strong>fruit frais<\/strong> est conseill\u00e9. Vous pouvez les consommer aussi sous forme de compotes et de jus de fruit 100% pur jus, mais privil\u00e9giez le fruit entier pour un index glyc\u00e9mique plus bas.<\/p>\n<p>Puis, il est important d&rsquo;avoir un <strong>produit laitier<\/strong> ou un <strong>\u00e9quivalent enrichi en calcium<\/strong>. Vous pouvez alors consommer du fromage blanc, un yaourt ou des boissons v\u00e9g\u00e9tales (lait de soja, d&rsquo;amandes, &#8230;).<\/p>\n<p>Souvent l&rsquo;ennemi num\u00e9ro 1, <strong>les lipides<\/strong> (graisses) sont pourtant tr\u00e8s importants pour notre organisme. Il existe de nombreuses sources dont les ol\u00e9agineux (amandes, noix, &#8230;) et les fromages par exemple. Pensez tout de m\u00eame \u00e0 privil\u00e9gier les graisses insatur\u00e9es.<\/p>\n<p>Pour finir, <strong>l&rsquo;hydratation<\/strong> est primordiale. Prendre un verre d&rsquo;eau ou une boisson chaude (non sucr\u00e9e si possible) sont des bonnes sources pour vous hydrater convenablement.<\/p>\n<h2>Le petit d\u00e9jeuner sportif ne s\u00e9duit pas tout le monde<\/h2>\n<h3>Vous n&rsquo;arrivez pas \u00e0 manger le matin ?<\/h3>\n<p>Vous ne prenez pas de petit-d\u00e9jeuner ? Alors vous faites partie <strong>d\u2019un cinqui\u00e8me des Fran\u00e7ais<\/strong> qui ne prennent pas le temps ou non pas l\u2019envie de se mettre \u00e0 table le matin. Ce n\u2019est pas la peine de se forcer \u00e0 manger si vous n\u2019avez vraiment pas d\u2019app\u00e9tit.<\/p>\n<p>Seulement, il faut pr\u00e9voir une <strong>collation \u00e9quilibr\u00e9e \u00e0 emporter<\/strong> pour votre pause de la matin\u00e9e. Vous aurez s\u00fbrement plus d&rsquo;app\u00e9tit. Si vous n&rsquo;avez pas de pause ou que vous n&rsquo;avez toujours pas faim, alors pr\u00e9voyez de faire un d\u00e9jeuner consistant \u00e9quilibr\u00e9. Pour ceux qui veulent manger absolument le matin, alors des solutions existent.<\/p>\n<h3>Comment prendre l\u2019habitude<\/h3>\n<p>Si c\u2019est plus un <strong>probl\u00e8me de temps<\/strong> que d\u2019app\u00e9tit, nous avons quelques astuces pour vous aider \u00e0 vous habituer \u00e0 ce repas&nbsp;!<\/p>\n<p>Tout d\u2019abord, il faut <strong>se laisser le temps de savourer le repas<\/strong> au m\u00eame titre que le d\u00e9jeuner ou le d\u00eener. Pr\u00e9voyez au moins 20 minutes pour pr\u00e9parer votre petit d\u00e9jeuner et le d\u00e9guster. Il faudrait donc se coucher 20 minutes plus t\u00f4t la veille au soir ou accepter de se passer d\u2019un petit quart d\u2019heure de sommeil (sans pour autant influencer sur une bonne nuit !)<\/p>\n<p>De plus, la veille, il est possible de <strong>s&rsquo;avancer sur certaines \u00e9tapes<\/strong> de la pr\u00e9paration du petit d\u00e9jeuner. On peut mettre la table avec des assiettes, des tasses, des couverts. Vous pouvez aussi pr\u00e9parer certaines choses qui vous feront <strong>gagner du temps<\/strong> comme la cafeti\u00e8re ou le pain complet sur la table.<\/p>\n<h2>Quelques id\u00e9es de recettes pour un petit d\u00e9jeuner sportif<\/h2>\n<p>Vous ne savez pas quoi manger ?&nbsp; Voici quelques alternatives d\u00e9licieuses et saines.<\/p>\n<p><strong>Le porridge<\/strong> : bien consistant, pas cher et simple \u00e0 pr\u00e9parer ! Les flocons d\u2019avoine cuits dans du lait tiennent bien au ventre et permettent d\u2019\u00e9viter de grignoter vers 11 heures. On peut varier les plaisirs au niveau des agents sucrants. Essayez du miel, du sirop d\u2019\u00e9rable, du cacao maigre en poudre ou m\u00eame de la confiture.<\/p>\n<p>Du <strong>pain complet au fromage de ch\u00e8vre frais<\/strong>. Le fromage apporte des prot\u00e9ines et est id\u00e9al pour un petit d\u00e9jeuner sal\u00e9.<\/p>\n<p>Un bon bol de yaourt grec avec du miel et des fruits frais. Ce produit laitier permet de <strong>ma\u00eetriser la faim<\/strong> pendant plusieurs heures ! Et pour ce qui est des fruits &nbsp;? Ils apportent de la fra\u00eecheur, du go\u00fbt et des vitamines. Pr\u00e9f\u00e9rez un miel bio et de qualit\u00e9 pour profiter des nombreux bienfaits du produit.<\/p>\n<p>Et voil\u00e0, vous avez d\u00e9sormais toutes les astuces pour int\u00e9grer un petit-d\u00e9jeuner \u00e9quilibr\u00e9 dans votre routine du matin&nbsp;!<\/p>\n<p>Quelques astuces nutrition pour le petit d\u00e9jeuner sportif <a href=\"https:\/\/www.eyrolles.com\/Chapitres\/9782212560534\/9782212560534.pdf\">i<\/a><a href=\"https:\/\/www.eyrolles.com\/Chapitres\/9782212560534\/9782212560534.pdf\">ci<\/a>.<\/p>\n\n\n<h2 class=\"wp-block-heading\">Nos autres articles sur la nutrition :<\/h2>\n\n\n\n<ul class=\"wp-block-list\">\n<li>Un\u00a0<a href=\"https:\/\/www.coach-hunter.com\/content\/le-reequilibrage-alimentaire-pour-etre-en-bonne-sante\/\">r\u00e9\u00e9quilibrage alimentaire<\/a>\u00a0r\u00e9ussi : les r\u00e8gles !<\/li>\n\n\n\n<li>L&rsquo;<a href=\"https:\/\/www.coach-hunter.com\/content\/encas-sportif\/\">encas sportif<\/a> id\u00e9al selon les moments<\/li>\n<\/ul>\n","protected":false},"excerpt":{"rendered":"<p>Le petit d\u00e9jeuner sportif, certains le sautent et d&rsquo;autres ne peuvent pas s&rsquo;en passer. Un coach nutrition r\u00e9pond \u00e0 vos diff\u00e9rentes questions comme : est-il n\u00e9cessaire de prendre un petit d\u00e9jeuner ? Que faut-il faire et comment se motiver \u00e0 bien d\u00e9marrer la journ\u00e9e ? Le petit d\u00e9jeuner sportif A quoi sert-il ? Si l\u2019on &hellip; <a href=\"https:\/\/www.coach-hunter.com\/content\/petit-dejeuner\/\" class=\"more-link\">Continuer la lecture<span class=\"screen-reader-text\"> de &laquo;&nbsp;Le petit d\u00e9jeuner sportif pour bien d\u00e9marrer la journ\u00e9e !&nbsp;&raquo;<\/span><\/a><\/p>\n","protected":false},"author":2,"featured_media":0,"parent":0,"menu_order":0,"comment_status":"open","ping_status":"closed","template":"","meta":{"footnotes":""},"class_list":["post-140","page","type-page","status-publish","hentry"],"yoast_head":"<!-- This site is optimized with the Yoast SEO plugin v27.5 - https:\/\/yoast.com\/product\/yoast-seo-wordpress\/ -->\n<title>Petit d\u00e9jeuner sportif : d\u00e9buter la journ\u00e9e dans les meilleures conditions<\/title>\n<meta name=\"description\" content=\"Petit d\u00e9jeuner sportif id\u00e9al ? Pourquoi manger le matin ? Nous r\u00e9pondons \u00e0 vos questions en int\u00e9grant en plus des conseils et des id\u00e9es recettes.\" \/>\n<meta name=\"robots\" content=\"index, follow, max-snippet:-1, max-image-preview:large, max-video-preview:-1\" \/>\n<link rel=\"canonical\" href=\"https:\/\/www.coach-hunter.com\/content\/petit-dejeuner\/\" \/>\n<meta property=\"og:locale\" content=\"fr_FR\" \/>\n<meta property=\"og:type\" content=\"article\" \/>\n<meta property=\"og:title\" content=\"Petit d\u00e9jeuner sportif : d\u00e9buter la journ\u00e9e dans les meilleures conditions\" \/>\n<meta property=\"og:description\" content=\"Petit d\u00e9jeuner sportif id\u00e9al ? Pourquoi manger le matin ? Nous r\u00e9pondons \u00e0 vos questions en int\u00e9grant en plus des conseils et des id\u00e9es recettes.\" \/>\n<meta property=\"og:url\" content=\"https:\/\/www.coach-hunter.com\/content\/petit-dejeuner\/\" \/>\n<meta property=\"og:site_name\" content=\"Blog Coach Hunter\" \/>\n<meta property=\"article:modified_time\" content=\"2024-09-06T13:39:04+00:00\" \/>\n<meta property=\"og:image\" content=\"https:\/\/www.coach-hunter.com\/content\/wp-content\/uploads\/2018\/03\/petit-dej-1024x429.jpg\" \/>\n<meta name=\"twitter:card\" content=\"summary_large_image\" \/>\n<meta name=\"twitter:label1\" content=\"Dur\u00e9e de lecture estim\u00e9e\" \/>\n\t<meta name=\"twitter:data1\" content=\"5 minutes\" \/>\n<script type=\"application\/ld+json\" class=\"yoast-schema-graph\">{\"@context\":\"https:\\\/\\\/schema.org\",\"@graph\":[{\"@type\":\"WebPage\",\"@id\":\"https:\\\/\\\/www.coach-hunter.com\\\/content\\\/petit-dejeuner\\\/\",\"url\":\"https:\\\/\\\/www.coach-hunter.com\\\/content\\\/petit-dejeuner\\\/\",\"name\":\"Petit d\u00e9jeuner sportif : d\u00e9buter la journ\u00e9e dans les meilleures conditions\",\"isPartOf\":{\"@id\":\"https:\\\/\\\/www.coach-hunter.com\\\/content\\\/#website\"},\"primaryImageOfPage\":{\"@id\":\"https:\\\/\\\/www.coach-hunter.com\\\/content\\\/petit-dejeuner\\\/#primaryimage\"},\"image\":{\"@id\":\"https:\\\/\\\/www.coach-hunter.com\\\/content\\\/petit-dejeuner\\\/#primaryimage\"},\"thumbnailUrl\":\"https:\\\/\\\/www.coach-hunter.com\\\/content\\\/wp-content\\\/uploads\\\/2018\\\/03\\\/petit-dej-1024x429.jpg\",\"datePublished\":\"2018-03-14T17:48:23+00:00\",\"dateModified\":\"2024-09-06T13:39:04+00:00\",\"description\":\"Petit d\u00e9jeuner sportif id\u00e9al ? Pourquoi manger le matin ? Nous r\u00e9pondons \u00e0 vos questions en int\u00e9grant en plus des conseils et des id\u00e9es recettes.\",\"breadcrumb\":{\"@id\":\"https:\\\/\\\/www.coach-hunter.com\\\/content\\\/petit-dejeuner\\\/#breadcrumb\"},\"inLanguage\":\"fr-FR\",\"potentialAction\":[{\"@type\":\"ReadAction\",\"target\":[\"https:\\\/\\\/www.coach-hunter.com\\\/content\\\/petit-dejeuner\\\/\"]}]},{\"@type\":\"ImageObject\",\"inLanguage\":\"fr-FR\",\"@id\":\"https:\\\/\\\/www.coach-hunter.com\\\/content\\\/petit-dejeuner\\\/#primaryimage\",\"url\":\"https:\\\/\\\/www.coach-hunter.com\\\/content\\\/wp-content\\\/uploads\\\/2018\\\/03\\\/petit-dej.jpg\",\"contentUrl\":\"https:\\\/\\\/www.coach-hunter.com\\\/content\\\/wp-content\\\/uploads\\\/2018\\\/03\\\/petit-dej.jpg\",\"width\":1500,\"height\":628},{\"@type\":\"BreadcrumbList\",\"@id\":\"https:\\\/\\\/www.coach-hunter.com\\\/content\\\/petit-dejeuner\\\/#breadcrumb\",\"itemListElement\":[{\"@type\":\"ListItem\",\"position\":1,\"name\":\"Accueil\",\"item\":\"https:\\\/\\\/www.coach-hunter.com\\\/content\\\/\"},{\"@type\":\"ListItem\",\"position\":2,\"name\":\"Le petit d\u00e9jeuner sportif pour bien d\u00e9marrer la journ\u00e9e !\"}]},{\"@type\":\"WebSite\",\"@id\":\"https:\\\/\\\/www.coach-hunter.com\\\/content\\\/#website\",\"url\":\"https:\\\/\\\/www.coach-hunter.com\\\/content\\\/\",\"name\":\"Blog Coach Hunter\",\"description\":\"\",\"potentialAction\":[{\"@type\":\"SearchAction\",\"target\":{\"@type\":\"EntryPoint\",\"urlTemplate\":\"https:\\\/\\\/www.coach-hunter.com\\\/content\\\/?s={search_term_string}\"},\"query-input\":{\"@type\":\"PropertyValueSpecification\",\"valueRequired\":true,\"valueName\":\"search_term_string\"}}],\"inLanguage\":\"fr-FR\"}]}<\/script>\n<!-- \/ Yoast SEO plugin. -->","yoast_head_json":{"title":"Petit d\u00e9jeuner sportif : d\u00e9buter la journ\u00e9e dans les meilleures conditions","description":"Petit d\u00e9jeuner sportif id\u00e9al ? Pourquoi manger le matin ? Nous r\u00e9pondons \u00e0 vos questions en int\u00e9grant en plus des conseils et des id\u00e9es recettes.","robots":{"index":"index","follow":"follow","max-snippet":"max-snippet:-1","max-image-preview":"max-image-preview:large","max-video-preview":"max-video-preview:-1"},"canonical":"https:\/\/www.coach-hunter.com\/content\/petit-dejeuner\/","og_locale":"fr_FR","og_type":"article","og_title":"Petit d\u00e9jeuner sportif : d\u00e9buter la journ\u00e9e dans les meilleures conditions","og_description":"Petit d\u00e9jeuner sportif id\u00e9al ? Pourquoi manger le matin ? Nous r\u00e9pondons \u00e0 vos questions en int\u00e9grant en plus des conseils et des id\u00e9es recettes.","og_url":"https:\/\/www.coach-hunter.com\/content\/petit-dejeuner\/","og_site_name":"Blog Coach Hunter","article_modified_time":"2024-09-06T13:39:04+00:00","og_image":[{"url":"https:\/\/www.coach-hunter.com\/content\/wp-content\/uploads\/2018\/03\/petit-dej-1024x429.jpg","type":"","width":"","height":""}],"twitter_card":"summary_large_image","twitter_misc":{"Dur\u00e9e de lecture estim\u00e9e":"5 minutes"},"schema":{"@context":"https:\/\/schema.org","@graph":[{"@type":"WebPage","@id":"https:\/\/www.coach-hunter.com\/content\/petit-dejeuner\/","url":"https:\/\/www.coach-hunter.com\/content\/petit-dejeuner\/","name":"Petit d\u00e9jeuner sportif : d\u00e9buter la journ\u00e9e dans les meilleures conditions","isPartOf":{"@id":"https:\/\/www.coach-hunter.com\/content\/#website"},"primaryImageOfPage":{"@id":"https:\/\/www.coach-hunter.com\/content\/petit-dejeuner\/#primaryimage"},"image":{"@id":"https:\/\/www.coach-hunter.com\/content\/petit-dejeuner\/#primaryimage"},"thumbnailUrl":"https:\/\/www.coach-hunter.com\/content\/wp-content\/uploads\/2018\/03\/petit-dej-1024x429.jpg","datePublished":"2018-03-14T17:48:23+00:00","dateModified":"2024-09-06T13:39:04+00:00","description":"Petit d\u00e9jeuner sportif id\u00e9al ? Pourquoi manger le matin ? Nous r\u00e9pondons \u00e0 vos questions en int\u00e9grant en plus des conseils et des id\u00e9es recettes.","breadcrumb":{"@id":"https:\/\/www.coach-hunter.com\/content\/petit-dejeuner\/#breadcrumb"},"inLanguage":"fr-FR","potentialAction":[{"@type":"ReadAction","target":["https:\/\/www.coach-hunter.com\/content\/petit-dejeuner\/"]}]},{"@type":"ImageObject","inLanguage":"fr-FR","@id":"https:\/\/www.coach-hunter.com\/content\/petit-dejeuner\/#primaryimage","url":"https:\/\/www.coach-hunter.com\/content\/wp-content\/uploads\/2018\/03\/petit-dej.jpg","contentUrl":"https:\/\/www.coach-hunter.com\/content\/wp-content\/uploads\/2018\/03\/petit-dej.jpg","width":1500,"height":628},{"@type":"BreadcrumbList","@id":"https:\/\/www.coach-hunter.com\/content\/petit-dejeuner\/#breadcrumb","itemListElement":[{"@type":"ListItem","position":1,"name":"Accueil","item":"https:\/\/www.coach-hunter.com\/content\/"},{"@type":"ListItem","position":2,"name":"Le petit d\u00e9jeuner sportif pour bien d\u00e9marrer la journ\u00e9e !"}]},{"@type":"WebSite","@id":"https:\/\/www.coach-hunter.com\/content\/#website","url":"https:\/\/www.coach-hunter.com\/content\/","name":"Blog Coach Hunter","description":"","potentialAction":[{"@type":"SearchAction","target":{"@type":"EntryPoint","urlTemplate":"https:\/\/www.coach-hunter.com\/content\/?s={search_term_string}"},"query-input":{"@type":"PropertyValueSpecification","valueRequired":true,"valueName":"search_term_string"}}],"inLanguage":"fr-FR"}]}},"_links":{"self":[{"href":"https:\/\/www.coach-hunter.com\/content\/wp-json\/wp\/v2\/pages\/140","targetHints":{"allow":["GET"]}}],"collection":[{"href":"https:\/\/www.coach-hunter.com\/content\/wp-json\/wp\/v2\/pages"}],"about":[{"href":"https:\/\/www.coach-hunter.com\/content\/wp-json\/wp\/v2\/types\/page"}],"author":[{"embeddable":true,"href":"https:\/\/www.coach-hunter.com\/content\/wp-json\/wp\/v2\/users\/2"}],"replies":[{"embeddable":true,"href":"https:\/\/www.coach-hunter.com\/content\/wp-json\/wp\/v2\/comments?post=140"}],"version-history":[{"count":20,"href":"https:\/\/www.coach-hunter.com\/content\/wp-json\/wp\/v2\/pages\/140\/revisions"}],"predecessor-version":[{"id":2189,"href":"https:\/\/www.coach-hunter.com\/content\/wp-json\/wp\/v2\/pages\/140\/revisions\/2189"}],"wp:attachment":[{"href":"https:\/\/www.coach-hunter.com\/content\/wp-json\/wp\/v2\/media?parent=140"}],"curies":[{"name":"wp","href":"https:\/\/api.w.org\/{rel}","templated":true}]}}