{"id":1384,"date":"2020-09-02T12:56:32","date_gmt":"2020-09-02T12:56:32","guid":{"rendered":"https:\/\/www.coach-hunter.com\/content\/?page_id=1384"},"modified":"2020-09-07T13:31:52","modified_gmt":"2020-09-07T13:31:52","slug":"dejeps-autre-mention","status":"publish","type":"page","link":"https:\/\/www.coach-hunter.com\/content\/dejeps-autre-mention\/","title":{"rendered":"Coach Hunter et les DEJEPS dans une autre mention"},"content":{"rendered":"\n<p>Le <a class=\"callAction\" href=\"https:\/\/www.coach-hunter.com\/content\/dejeps\/\">DEJEPS<\/a> est aussi appel\u00e9 <strong>dipl\u00f4me d&rsquo;Etat de la jeunesse de l&rsquo; \u00e9ducation populaire et du sport<\/strong>. Il s&rsquo;agit ainsi d&rsquo;une formation permettant aux coachs sportifs de se sp\u00e9cialiser dans une discipline sp\u00e9cifique Ici, retrouvez toutes les <strong>DEJEPS autre mention<\/strong> !<\/p>\n\n\n\n<div class=\"wp-block-image\"><figure class=\"aligncenter size-large\"><img loading=\"lazy\" decoding=\"async\" width=\"626\" height=\"417\" src=\"https:\/\/www.coach-hunter.com\/content\/wp-content\/uploads\/2020\/09\/dejeps-autre-mention.jpg\" alt=\"DEJEPS autre mention\" class=\"wp-image-1385\" srcset=\"https:\/\/www.coach-hunter.com\/content\/wp-content\/uploads\/2020\/09\/dejeps-autre-mention.jpg 626w, https:\/\/www.coach-hunter.com\/content\/wp-content\/uploads\/2020\/09\/dejeps-autre-mention-300x200.jpg 300w\" sizes=\"auto, (max-width: 626px) 85vw, 626px\" \/><\/figure><\/div>\n\n\n\n<div class='flexo'><div class=\"lames2\">\n\n\n\n<h2 class=\"wp-block-heading\">DEJEPS Disciplines gymniques acrobatiques<\/h2>\n\n\n\n<p>Le&nbsp;<a class=\"callAction\" href=\"https:\/\/www.coach-hunter.com\/content\/dejeps-disciplines-gymniques-acrobatiques\/\">DEJEPS Disciplines gymniques acrobatiques<\/a>&nbsp;est donc un dipl\u00f4me d\u2019Etat donnant acc\u00e8s aux fonctions d\u2019entraineur, de manager et de formateur de gym. En outre, son programme p\u00e9dagogique est con\u00e7u par l\u2019Institut National de Formation de la FFGym. La F\u00e9d\u00e9ration associe cette autre mention du DEJEPS \u00e0 la Gymnastique d&rsquo;expression.<\/p>\n\n\n\n<\/div><div class=\"lames2\">\n\n\n\n<h2 class=\"wp-block-heading\">DEJEPS Disciplines gymniques d\u2019expression<\/h2>\n\n\n\n<p>Le&nbsp;<a class=\"callAction\" href=\"https:\/\/www.coach-hunter.com\/content\/dejeps-disciplines-gymniques-dexpression\/\">DEJEPS Disciplines gymniques d\u2019expression<\/a>&nbsp;est ainsi le second dipl\u00f4me d\u2019Etat propos\u00e9 par la <a rel=\"noreferrer noopener\" href=\"https:\/\/www.ffgym.fr\/Formation\" target=\"_blank\">FFGym<\/a>. Il permet d\u2019animer les cours de gymnastique pour le loisir. Il permet aussi de devenir entra\u00eeneur sportif en gymnastique d\u2019expression aupr\u00e8s des pratiquants licenci\u00e9s.<\/p>\n\n\n\n<\/div><div class=\"lames2\">\n\n\n\n<h2 class=\"wp-block-heading\">DEJEPS Escalade<\/h2>\n\n\n\n<p>Le programme du&nbsp;<a class=\"callAction\" href=\"https:\/\/www.coach-hunter.com\/content\/dejeps-escalade\/\">DEJEPS Escalade<\/a>&nbsp;est r\u00e9alis\u00e9 par la F\u00e9d\u00e9ration Fran\u00e7aise de la Montagne et de l\u2019Escalade. En outre, il permet d\u2019encadrer dans tous les domaines d activit\u00e9s physiques relatives \u00e0 l\u2019escalade. Ainsi, tout coach dipl\u00f4m\u00e9 exerce son m\u00e9tier sur les sites de bloc, les sites sportifs (altitude inf\u00e9rieure \u00e0 1500 m\u00e8tres) et sur structures artificielles d\u2019escalade (SAE). Le dipl\u00f4me forme aux m\u00e9tiers de l&rsquo;animation.<\/p>\n\n\n\n<\/div><div class=\"lames2\">\n\n\n\n<h2 class=\"wp-block-heading\">DEJEPS Golf<\/h2>\n\n\n\n<p>Le d\u00e9tenteur du&nbsp;<a class=\"callAction\" href=\"https:\/\/www.coach-hunter.com\/content\/dejeps-golf\/\">DEJEPS Golf<\/a>&nbsp;contribue donc au d\u00e9veloppement sportif du golf. Il entra\u00eene alors des joueurs, amateurs comme professionnels. \u00c9ventuellement, on lui octroiera des fonctions \u00e0 finalit\u00e9 \u00e9ducative dans les \u00e9coles de golf. La formation professionnelle permet ainsi d\u2019exercer le m\u00e9tier de coach sportif dans tout type de structures golfiques. <\/p>\n\n\n\n<\/div><div class=\"lames2\">\n\n\n\n<h2 class=\"wp-block-heading\">DEJEPS Halt\u00e9rophilie, musculation et force athl\u00e9tique<\/h2>\n\n\n\n<p>Le&nbsp;<a class=\"callAction\" href=\"https:\/\/www.coach-hunter.com\/content\/dejeps-halterophilie-musculation-et-force-athletique\/\">DEJEPS Halt\u00e9rophilie, musculation et force athl\u00e9tique<\/a>&nbsp;conf\u00e8re aux titulaires le r\u00f4le d\u2019entra\u00eeneur sportif et de manager. Il devra alors concevoir les programmes de perfectionnement sportif des pratiquants dont il a la charge. Il pourra aussi \u00eatre amen\u00e9 \u00e0 intervenir avec des publics comp\u00e9titeurs.<\/p>\n\n\n\n<\/div><div class=\"lames2\">\n\n\n\n<h2 class=\"wp-block-heading\">DEJEPS Tennis<\/h2>\n\n\n\n<p>Ainsi, le&nbsp;<a class=\"callAction\" href=\"https:\/\/www.coach-hunter.com\/content\/dejeps-tennis\/\">DEJEPS Tennis<\/a>&nbsp;octroie \u00e0 son d\u00e9tenteur le droit de prendre en charge les actions sportives et de d\u00e9veloppement du tennis. Il peut donc enseigner la discipline aupr\u00e8s d\u2019individuels et de groupes, \u00e0 tous niveaux. Lui seront aussi confi\u00e9s l\u2019organisation et le d\u00e9veloppement de sa structure sportive tennistique.<\/p>\n\n\n\n<\/div><div class=\"lames2\">\n\n\n\n<h2 class=\"wp-block-heading\">DEJEPS Tennis de table<\/h2>\n\n\n\n<p>Le&nbsp;<a class=\"callAction\" href=\"https:\/\/www.coach-hunter.com\/content\/dejeps-tennis-de-table\/\">DEJEPS Tennis de table<\/a>&nbsp;est un dipl\u00f4me qui permet \u00e0 ses titulaires d\u2019entra\u00eener un public principalement comp\u00e9titeur. Ils devront les accompagner avant et durant les comp\u00e9titions afin de les pr\u00e9parer, et de les conseiller. La FFTT a habilit\u00e9 3 centres de formation en France dans le but de former ces professionnels.<\/p>\n\n\n\n<\/div><\/div>\n\n\n\n<h2 class=\"wp-block-heading\">D&rsquo;autres mentions du DEJEPS ?<\/h2>\n\n\n\n<ul class=\"wp-block-list\"><li><a href=\"https:\/\/www.coach-hunter.com\/content\/dejeps-sports-de-combat\/\">DEJEPS Sports de combat<\/a><\/li><li><a href=\"https:\/\/www.coach-hunter.com\/content\/dejeps-gyms-douces\/\">DEJEPS Gyms douces<\/a><\/li><li><a href=\"https:\/\/www.coach-hunter.com\/content\/dejeps-sports-de-courses\/\">DEJEPS Sports de courses<\/a><\/li><li><a href=\"https:\/\/www.coach-hunter.com\/content\/dejeps-sports-collectifs\/\">DEJEPS Sports collectifs<\/a><\/li><\/ul>\n","protected":false},"excerpt":{"rendered":"<p>Le DEJEPS est aussi appel\u00e9 dipl\u00f4me d&rsquo;Etat de la jeunesse de l&rsquo; \u00e9ducation populaire et du sport. Il s&rsquo;agit ainsi d&rsquo;une formation permettant aux coachs sportifs de se sp\u00e9cialiser dans une discipline sp\u00e9cifique Ici, retrouvez toutes les DEJEPS autre mention ! DEJEPS Disciplines gymniques acrobatiques Le&nbsp;DEJEPS Disciplines gymniques acrobatiques&nbsp;est donc un dipl\u00f4me d\u2019Etat donnant acc\u00e8s &hellip; <a href=\"https:\/\/www.coach-hunter.com\/content\/dejeps-autre-mention\/\" class=\"more-link\">Continuer la lecture<span class=\"screen-reader-text\"> de &laquo;&nbsp;Coach Hunter et les DEJEPS dans une autre mention&nbsp;&raquo;<\/span><\/a><\/p>\n","protected":false},"author":5,"featured_media":0,"parent":0,"menu_order":0,"comment_status":"closed","ping_status":"closed","template":"","meta":{"footnotes":""},"class_list":["post-1384","page","type-page","status-publish","hentry"],"yoast_head":"<!-- This site is optimized with the Yoast SEO plugin v25.9 - https:\/\/yoast.com\/wordpress\/plugins\/seo\/ -->\n<title>DEJEPS autre mention : les autres sp\u00e9cialit\u00e9s pour devenir coach sportif<\/title>\n<meta name=\"description\" content=\"Coach Hunter vous pr\u00e9sente les DEJEPS dans une autre mention. De l&#039;escalade, de la gymnastique, du tennis... Trouvez ici celle qui vous correspond !\" \/>\n<meta name=\"robots\" content=\"index, follow, max-snippet:-1, max-image-preview:large, max-video-preview:-1\" \/>\n<link rel=\"canonical\" href=\"https:\/\/www.coach-hunter.com\/content\/dejeps-autre-mention\/\" \/>\n<meta property=\"og:locale\" content=\"fr_FR\" \/>\n<meta property=\"og:type\" content=\"article\" \/>\n<meta property=\"og:title\" content=\"DEJEPS autre mention : les autres sp\u00e9cialit\u00e9s pour devenir coach sportif\" \/>\n<meta property=\"og:description\" content=\"Coach Hunter vous pr\u00e9sente les DEJEPS dans une autre mention. De l&#039;escalade, de la gymnastique, du tennis... Trouvez ici celle qui vous correspond !\" \/>\n<meta property=\"og:url\" content=\"https:\/\/www.coach-hunter.com\/content\/dejeps-autre-mention\/\" \/>\n<meta property=\"og:site_name\" content=\"Blog Coach Hunter\" \/>\n<meta property=\"article:modified_time\" content=\"2020-09-07T13:31:52+00:00\" \/>\n<meta property=\"og:image\" content=\"https:\/\/www.coach-hunter.com\/content\/wp-content\/uploads\/2020\/09\/dejeps-autre-mention.jpg\" \/>\n\t<meta property=\"og:image:width\" content=\"626\" \/>\n\t<meta property=\"og:image:height\" content=\"417\" \/>\n\t<meta property=\"og:image:type\" content=\"image\/jpeg\" \/>\n<meta name=\"twitter:card\" content=\"summary_large_image\" \/>\n<meta name=\"twitter:label1\" content=\"Dur\u00e9e de lecture estim\u00e9e\" \/>\n\t<meta name=\"twitter:data1\" content=\"2 minutes\" \/>\n<script type=\"application\/ld+json\" class=\"yoast-schema-graph\">{\"@context\":\"https:\/\/schema.org\",\"@graph\":[{\"@type\":\"WebPage\",\"@id\":\"https:\/\/www.coach-hunter.com\/content\/dejeps-autre-mention\/\",\"url\":\"https:\/\/www.coach-hunter.com\/content\/dejeps-autre-mention\/\",\"name\":\"DEJEPS autre mention : les autres sp\u00e9cialit\u00e9s pour devenir coach sportif\",\"isPartOf\":{\"@id\":\"https:\/\/www.coach-hunter.com\/content\/#website\"},\"primaryImageOfPage\":{\"@id\":\"https:\/\/www.coach-hunter.com\/content\/dejeps-autre-mention\/#primaryimage\"},\"image\":{\"@id\":\"https:\/\/www.coach-hunter.com\/content\/dejeps-autre-mention\/#primaryimage\"},\"thumbnailUrl\":\"https:\/\/www.coach-hunter.com\/content\/wp-content\/uploads\/2020\/09\/dejeps-autre-mention.jpg\",\"datePublished\":\"2020-09-02T12:56:32+00:00\",\"dateModified\":\"2020-09-07T13:31:52+00:00\",\"description\":\"Coach Hunter vous pr\u00e9sente les DEJEPS dans une autre mention. De l'escalade, de la gymnastique, du tennis... Trouvez ici celle qui vous correspond !\",\"breadcrumb\":{\"@id\":\"https:\/\/www.coach-hunter.com\/content\/dejeps-autre-mention\/#breadcrumb\"},\"inLanguage\":\"fr-FR\",\"potentialAction\":[{\"@type\":\"ReadAction\",\"target\":[\"https:\/\/www.coach-hunter.com\/content\/dejeps-autre-mention\/\"]}]},{\"@type\":\"ImageObject\",\"inLanguage\":\"fr-FR\",\"@id\":\"https:\/\/www.coach-hunter.com\/content\/dejeps-autre-mention\/#primaryimage\",\"url\":\"https:\/\/www.coach-hunter.com\/content\/wp-content\/uploads\/2020\/09\/dejeps-autre-mention.jpg\",\"contentUrl\":\"https:\/\/www.coach-hunter.com\/content\/wp-content\/uploads\/2020\/09\/dejeps-autre-mention.jpg\",\"width\":626,\"height\":417},{\"@type\":\"BreadcrumbList\",\"@id\":\"https:\/\/www.coach-hunter.com\/content\/dejeps-autre-mention\/#breadcrumb\",\"itemListElement\":[{\"@type\":\"ListItem\",\"position\":1,\"name\":\"Accueil\",\"item\":\"https:\/\/www.coach-hunter.com\/content\/\"},{\"@type\":\"ListItem\",\"position\":2,\"name\":\"Coach Hunter et les DEJEPS dans une autre mention\"}]},{\"@type\":\"WebSite\",\"@id\":\"https:\/\/www.coach-hunter.com\/content\/#website\",\"url\":\"https:\/\/www.coach-hunter.com\/content\/\",\"name\":\"Blog Coach Hunter\",\"description\":\"\",\"potentialAction\":[{\"@type\":\"SearchAction\",\"target\":{\"@type\":\"EntryPoint\",\"urlTemplate\":\"https:\/\/www.coach-hunter.com\/content\/?s={search_term_string}\"},\"query-input\":{\"@type\":\"PropertyValueSpecification\",\"valueRequired\":true,\"valueName\":\"search_term_string\"}}],\"inLanguage\":\"fr-FR\"}]}<\/script>\n<!-- \/ Yoast SEO plugin. -->","yoast_head_json":{"title":"DEJEPS autre mention : les autres sp\u00e9cialit\u00e9s pour devenir coach sportif","description":"Coach Hunter vous pr\u00e9sente les DEJEPS dans une autre mention. De l'escalade, de la gymnastique, du tennis... Trouvez ici celle qui vous correspond !","robots":{"index":"index","follow":"follow","max-snippet":"max-snippet:-1","max-image-preview":"max-image-preview:large","max-video-preview":"max-video-preview:-1"},"canonical":"https:\/\/www.coach-hunter.com\/content\/dejeps-autre-mention\/","og_locale":"fr_FR","og_type":"article","og_title":"DEJEPS autre mention : les autres sp\u00e9cialit\u00e9s pour devenir coach sportif","og_description":"Coach Hunter vous pr\u00e9sente les DEJEPS dans une autre mention. De l'escalade, de la gymnastique, du tennis... Trouvez ici celle qui vous correspond !","og_url":"https:\/\/www.coach-hunter.com\/content\/dejeps-autre-mention\/","og_site_name":"Blog Coach Hunter","article_modified_time":"2020-09-07T13:31:52+00:00","og_image":[{"width":626,"height":417,"url":"https:\/\/www.coach-hunter.com\/content\/wp-content\/uploads\/2020\/09\/dejeps-autre-mention.jpg","type":"image\/jpeg"}],"twitter_card":"summary_large_image","twitter_misc":{"Dur\u00e9e de lecture estim\u00e9e":"2 minutes"},"schema":{"@context":"https:\/\/schema.org","@graph":[{"@type":"WebPage","@id":"https:\/\/www.coach-hunter.com\/content\/dejeps-autre-mention\/","url":"https:\/\/www.coach-hunter.com\/content\/dejeps-autre-mention\/","name":"DEJEPS autre mention : les autres sp\u00e9cialit\u00e9s pour devenir coach sportif","isPartOf":{"@id":"https:\/\/www.coach-hunter.com\/content\/#website"},"primaryImageOfPage":{"@id":"https:\/\/www.coach-hunter.com\/content\/dejeps-autre-mention\/#primaryimage"},"image":{"@id":"https:\/\/www.coach-hunter.com\/content\/dejeps-autre-mention\/#primaryimage"},"thumbnailUrl":"https:\/\/www.coach-hunter.com\/content\/wp-content\/uploads\/2020\/09\/dejeps-autre-mention.jpg","datePublished":"2020-09-02T12:56:32+00:00","dateModified":"2020-09-07T13:31:52+00:00","description":"Coach Hunter vous pr\u00e9sente les DEJEPS dans une autre mention. De l'escalade, de la gymnastique, du tennis... Trouvez ici celle qui vous correspond !","breadcrumb":{"@id":"https:\/\/www.coach-hunter.com\/content\/dejeps-autre-mention\/#breadcrumb"},"inLanguage":"fr-FR","potentialAction":[{"@type":"ReadAction","target":["https:\/\/www.coach-hunter.com\/content\/dejeps-autre-mention\/"]}]},{"@type":"ImageObject","inLanguage":"fr-FR","@id":"https:\/\/www.coach-hunter.com\/content\/dejeps-autre-mention\/#primaryimage","url":"https:\/\/www.coach-hunter.com\/content\/wp-content\/uploads\/2020\/09\/dejeps-autre-mention.jpg","contentUrl":"https:\/\/www.coach-hunter.com\/content\/wp-content\/uploads\/2020\/09\/dejeps-autre-mention.jpg","width":626,"height":417},{"@type":"BreadcrumbList","@id":"https:\/\/www.coach-hunter.com\/content\/dejeps-autre-mention\/#breadcrumb","itemListElement":[{"@type":"ListItem","position":1,"name":"Accueil","item":"https:\/\/www.coach-hunter.com\/content\/"},{"@type":"ListItem","position":2,"name":"Coach Hunter et les DEJEPS dans une autre mention"}]},{"@type":"WebSite","@id":"https:\/\/www.coach-hunter.com\/content\/#website","url":"https:\/\/www.coach-hunter.com\/content\/","name":"Blog Coach Hunter","description":"","potentialAction":[{"@type":"SearchAction","target":{"@type":"EntryPoint","urlTemplate":"https:\/\/www.coach-hunter.com\/content\/?s={search_term_string}"},"query-input":{"@type":"PropertyValueSpecification","valueRequired":true,"valueName":"search_term_string"}}],"inLanguage":"fr-FR"}]}},"_links":{"self":[{"href":"https:\/\/www.coach-hunter.com\/content\/wp-json\/wp\/v2\/pages\/1384","targetHints":{"allow":["GET"]}}],"collection":[{"href":"https:\/\/www.coach-hunter.com\/content\/wp-json\/wp\/v2\/pages"}],"about":[{"href":"https:\/\/www.coach-hunter.com\/content\/wp-json\/wp\/v2\/types\/page"}],"author":[{"embeddable":true,"href":"https:\/\/www.coach-hunter.com\/content\/wp-json\/wp\/v2\/users\/5"}],"replies":[{"embeddable":true,"href":"https:\/\/www.coach-hunter.com\/content\/wp-json\/wp\/v2\/comments?post=1384"}],"version-history":[{"count":6,"href":"https:\/\/www.coach-hunter.com\/content\/wp-json\/wp\/v2\/pages\/1384\/revisions"}],"predecessor-version":[{"id":1488,"href":"https:\/\/www.coach-hunter.com\/content\/wp-json\/wp\/v2\/pages\/1384\/revisions\/1488"}],"wp:attachment":[{"href":"https:\/\/www.coach-hunter.com\/content\/wp-json\/wp\/v2\/media?parent=1384"}],"curies":[{"name":"wp","href":"https:\/\/api.w.org\/{rel}","templated":true}]}}