{"id":1370,"date":"2020-09-02T13:11:06","date_gmt":"2020-09-02T13:11:06","guid":{"rendered":"https:\/\/www.coach-hunter.com\/content\/?page_id=1370"},"modified":"2020-09-09T11:59:00","modified_gmt":"2020-09-09T11:59:00","slug":"dejeps-sports-de-courses","status":"publish","type":"page","link":"https:\/\/www.coach-hunter.com\/content\/dejeps-sports-de-courses\/","title":{"rendered":"Tout sur les DEJEPS Sports de courses avec Coach Hunter"},"content":{"rendered":"\n<p>Les <a class=\"callAction\" href=\"https:\/\/www.coach-hunter.com\/content\/dejeps\/\">DEJEPS<\/a> Sp\u00e9cialit\u00e9 perfectionnement sportif sont des formations pour coach sportif. Ces <strong>dipl\u00f4mes d&rsquo; Etat de la jeunesse de l&rsquo; education populaire et du sport<\/strong> leur permettront ainsi de se sp\u00e9cialiser dans le sport de leur choix. Les d\u00e9tenteurs du dipl\u00f4me pourront alors encadrer la pratique sportive aupr\u00e8s de publics divers. Vous trouverez ici les <strong>DEJEPS Sports de courses<\/strong> ! <\/p>\n\n\n\n<div class=\"wp-block-image\"><figure class=\"aligncenter size-large\"><img loading=\"lazy\" decoding=\"async\" width=\"626\" height=\"417\" src=\"https:\/\/www.coach-hunter.com\/content\/wp-content\/uploads\/2020\/09\/DEJEPS-sports-de-courses-Copie.jpg\" alt=\"dejeps sports de courses\" class=\"wp-image-1379\" srcset=\"https:\/\/www.coach-hunter.com\/content\/wp-content\/uploads\/2020\/09\/DEJEPS-sports-de-courses-Copie.jpg 626w, https:\/\/www.coach-hunter.com\/content\/wp-content\/uploads\/2020\/09\/DEJEPS-sports-de-courses-Copie-300x200.jpg 300w\" sizes=\"auto, (max-width: 626px) 85vw, 626px\" \/><\/figure><\/div>\n\n\n\n<div class='flexo'><div class=\"lames2\">\n\n\n\n<h2 class=\"wp-block-heading\">DEJEPS Athl\u00e9tisme et disciplines associ\u00e9es<\/h2>\n\n\n\n<p>Le&nbsp;<a class=\"callAction\" href=\"https:\/\/www.coach-hunter.com\/content\/le-dejeps-athletisme-et-disciplines-associees\/\">DEJEPS Athl\u00e9tisme et disciplines associ\u00e9es<\/a>&nbsp;permet \u00e0 des titulaires d\u2019animer des cours de sport. Ils entra\u00eenent ainsi les pratiquants au sein de clubs affili\u00e9s \u00e0 la F\u00e9d\u00e9ration fran\u00e7aise d\u2019Athl\u00e9tisme, ou dans d\u2019autres structures sportives. La formation du DEJEPS contient plusieurs parcours : sp\u00e9cialit\u00e9 piste dans un stade, sp\u00e9cialit\u00e9 hors stade, sp\u00e9cialit\u00e9 athl\u00e9tisme de loisir.<\/p>\n\n\n\n<\/div><div class=\"lames2\">\n\n\n\n<h2 class=\"wp-block-heading\">DEJEPS Cyclisme traditionnel<\/h2>\n\n\n\n<p>Le&nbsp;<a class=\"callAction\" href=\"https:\/\/www.coach-hunter.com\/content\/dejeps-cyclisme-traditionnel\/\">DEJEPS Cyclisme traditionnel<\/a>&nbsp;est un des dipl\u00f4mes professionnels contribuant au d\u00e9veloppement des activit\u00e9s professionnelles cyclistes. Le titulaire du dipl\u00f4me peut exercer en tant que coach sportif aupr\u00e8s de particuliers, de structures priv\u00e9es et d\u2019associations sportives affili\u00e9es \u00e0 la F\u00e9d\u00e9ration fran\u00e7aise de cyclisme. L&rsquo;entr\u00e9e en formation est toutefois conditionn\u00e9es par des exigences pr\u00e9alables.<\/p>\n\n\n\n<\/div><div class=\"lames2\">\n\n\n\n<h2 class=\"wp-block-heading\">DEJEPS Natation<\/h2>\n\n\n\n<p>Le&nbsp;<a class=\"callAction\" href=\"https:\/\/www.coach-hunter.com\/content\/dejeps-natation\/\">DEJEPS Natation<\/a>&nbsp;propose trois parcours (course, natation synchronis\u00e9e, plongeon). Il donne alors acc\u00e8s aux fonctions d\u2019enseignement \u00e0 tous niveaux, des d\u00e9butants aux professionnels comp\u00e9titeurs. De plus, il devra coordonner la mise en oeuvre des projets sportifs de sa structure d&rsquo;accueil. <br>A noter que certaines formations accordent aussi un certificat de sauvetage et s\u00e9curit\u00e9. En outre, ceci permet \u00e0 leurs titulaires de surveiller tout type de baignades.<\/p>\n\n\n\n<\/div><div class=\"lames2\">\n\n\n\n<h2 class=\"wp-block-heading\">DEJEPS Triathlon<\/h2>\n\n\n\n<p>Le d\u00e9tenteur du&nbsp;<a class=\"callAction\" href=\"https:\/\/www.coach-hunter.com\/content\/dejeps-triathlon\/\">DEJEPS Triathlon<\/a>&nbsp;devra ma\u00eetriser les disciplines du triathlon, duathlon, aquathlon et bike and run, afin de perfectionner la pratique sportive des pratiquants dont il a la charge. Il devra donc concevoir des programmes d&rsquo;entrainement adapt\u00e9s aux objectifs de ses \u00e9l\u00e8ves. Il pourra aussi effectuer des actions de formation dans le but de titulariser d\u2019autres entra\u00eeneurs sportifs.<\/p>\n\n\n\n<\/div><div class=\"lames2\">\n\n\n\n<h2 class=\"wp-block-heading\">DEJEPS V\u00e9lo tout terrain<\/h2>\n\n\n\n<p>Le&nbsp;<a class=\"callAction\" href=\"https:\/\/www.coach-hunter.com\/content\/dejeps-velo-tout-terrain\/\">DEJEPS V\u00e9lo tout terrain<\/a>&nbsp;est un dipl\u00f4me d\u2019Etat permettant \u00e0 ses d\u00e9tenteurs de concevoir et mettre en oeuvre des actions d\u2019animation \u00e0 VTT. Le dipl\u00f4m\u00e9 assurera alors le suivi des athl\u00e8tes issus du secteur sportif professionnel. Il pourra aussi participer aux actions d\u2019initiation \u00e0 v\u00e9lo afin de promouvoir ces activit\u00e9s physiques. Enfin, il aura \u00e0 charge la v\u00e9rification du mat\u00e9riel et le respect des r\u00e8gles de s\u00e9curit\u00e9. <\/p>\n\n\n\n<\/div><\/div>\n\n\n\n<h2 class=\"wp-block-heading\">Qu&rsquo;entend-t-on par sports de courses ?<\/h2>\n\n\n\n<p>On parle de sports de courses pour d\u00e9signer toute <strong>discipline sportive<\/strong> o\u00f9 la performance est li\u00e9e \u00e0 un <strong>chronom\u00e9trage<\/strong>. Autrement dit, le sportif doit r\u00e9aliser un meilleur <strong>temps<\/strong>. Ici, vous trouverez donc essentiellement des sports o\u00f9 la <strong>vitesse <\/strong>est un facteur de performance. Qu&rsquo;il s&rsquo;agisse de la course \u00e0 pied, de la natation ou encore du cyclisme !<\/p>\n\n\n\n<h2 class=\"wp-block-heading\">Et en dehors des DEJEPS Sports de courses ?<\/h2>\n\n\n\n<ul class=\"wp-block-list\"><li><a href=\"https:\/\/www.coach-hunter.com\/content\/dejeps-sports-de-combat\/\">DEJEPS Sports de combat<\/a><\/li><li><a href=\"https:\/\/www.coach-hunter.com\/content\/dejeps-sports-collectifs\/\">DEJEPS Sports collectifs<\/a><\/li><li><a href=\"https:\/\/www.coach-hunter.com\/content\/dejeps-gyms-douces\/\">DEJEPS Gyms douces<\/a><\/li><li><a href=\"https:\/\/www.coach-hunter.com\/content\/dejeps-autre-mention\/\">DEJEPS autre mention<\/a><\/li><\/ul>\n","protected":false},"excerpt":{"rendered":"<p>Les DEJEPS Sp\u00e9cialit\u00e9 perfectionnement sportif sont des formations pour coach sportif. Ces dipl\u00f4mes d&rsquo; Etat de la jeunesse de l&rsquo; education populaire et du sport leur permettront ainsi de se sp\u00e9cialiser dans le sport de leur choix. Les d\u00e9tenteurs du dipl\u00f4me pourront alors encadrer la pratique sportive aupr\u00e8s de publics divers. Vous trouverez ici les &hellip; <a href=\"https:\/\/www.coach-hunter.com\/content\/dejeps-sports-de-courses\/\" class=\"more-link\">Continuer la lecture<span class=\"screen-reader-text\"> de &laquo;&nbsp;Tout sur les DEJEPS Sports de courses avec Coach Hunter&nbsp;&raquo;<\/span><\/a><\/p>\n","protected":false},"author":5,"featured_media":0,"parent":0,"menu_order":0,"comment_status":"closed","ping_status":"closed","template":"","meta":{"footnotes":""},"class_list":["post-1370","page","type-page","status-publish","hentry"],"yoast_head":"<!-- This site is optimized with the Yoast SEO plugin v25.9 - https:\/\/yoast.com\/wordpress\/plugins\/seo\/ -->\n<title>DEJEPS Sports de courses : devenez un coach sportif dipl\u00f4m\u00e9<\/title>\n<meta name=\"description\" content=\"D\u00e9couvrez l&#039;int\u00e9gralit\u00e9 des DEJEPS Sports de courses avec Coach Hunter ! Devenez un sp\u00e9cialiste en cyclisme, natation et triathlon.\" \/>\n<meta name=\"robots\" content=\"index, follow, max-snippet:-1, max-image-preview:large, max-video-preview:-1\" \/>\n<link rel=\"canonical\" href=\"https:\/\/www.coach-hunter.com\/content\/dejeps-sports-de-courses\/\" \/>\n<meta property=\"og:locale\" content=\"fr_FR\" \/>\n<meta property=\"og:type\" content=\"article\" \/>\n<meta property=\"og:title\" content=\"DEJEPS Sports de courses : devenez un coach sportif dipl\u00f4m\u00e9\" \/>\n<meta property=\"og:description\" content=\"D\u00e9couvrez l&#039;int\u00e9gralit\u00e9 des DEJEPS Sports de courses avec Coach Hunter ! Devenez un sp\u00e9cialiste en cyclisme, natation et triathlon.\" \/>\n<meta property=\"og:url\" content=\"https:\/\/www.coach-hunter.com\/content\/dejeps-sports-de-courses\/\" \/>\n<meta property=\"og:site_name\" content=\"Blog Coach Hunter\" \/>\n<meta property=\"article:modified_time\" content=\"2020-09-09T11:59:00+00:00\" \/>\n<meta property=\"og:image\" content=\"https:\/\/www.coach-hunter.com\/content\/wp-content\/uploads\/2020\/09\/DEJEPS-sports-de-courses-Copie.jpg\" \/>\n\t<meta property=\"og:image:width\" content=\"626\" \/>\n\t<meta property=\"og:image:height\" content=\"417\" \/>\n\t<meta property=\"og:image:type\" content=\"image\/jpeg\" \/>\n<meta name=\"twitter:card\" content=\"summary_large_image\" \/>\n<meta name=\"twitter:label1\" content=\"Dur\u00e9e de lecture estim\u00e9e\" \/>\n\t<meta name=\"twitter:data1\" content=\"3 minutes\" \/>\n<script type=\"application\/ld+json\" class=\"yoast-schema-graph\">{\"@context\":\"https:\/\/schema.org\",\"@graph\":[{\"@type\":\"WebPage\",\"@id\":\"https:\/\/www.coach-hunter.com\/content\/dejeps-sports-de-courses\/\",\"url\":\"https:\/\/www.coach-hunter.com\/content\/dejeps-sports-de-courses\/\",\"name\":\"DEJEPS Sports de courses : devenez un coach sportif dipl\u00f4m\u00e9\",\"isPartOf\":{\"@id\":\"https:\/\/www.coach-hunter.com\/content\/#website\"},\"primaryImageOfPage\":{\"@id\":\"https:\/\/www.coach-hunter.com\/content\/dejeps-sports-de-courses\/#primaryimage\"},\"image\":{\"@id\":\"https:\/\/www.coach-hunter.com\/content\/dejeps-sports-de-courses\/#primaryimage\"},\"thumbnailUrl\":\"https:\/\/www.coach-hunter.com\/content\/wp-content\/uploads\/2020\/09\/DEJEPS-sports-de-courses-Copie.jpg\",\"datePublished\":\"2020-09-02T13:11:06+00:00\",\"dateModified\":\"2020-09-09T11:59:00+00:00\",\"description\":\"D\u00e9couvrez l'int\u00e9gralit\u00e9 des DEJEPS Sports de courses avec Coach Hunter ! Devenez un sp\u00e9cialiste en cyclisme, natation et triathlon.\",\"breadcrumb\":{\"@id\":\"https:\/\/www.coach-hunter.com\/content\/dejeps-sports-de-courses\/#breadcrumb\"},\"inLanguage\":\"fr-FR\",\"potentialAction\":[{\"@type\":\"ReadAction\",\"target\":[\"https:\/\/www.coach-hunter.com\/content\/dejeps-sports-de-courses\/\"]}]},{\"@type\":\"ImageObject\",\"inLanguage\":\"fr-FR\",\"@id\":\"https:\/\/www.coach-hunter.com\/content\/dejeps-sports-de-courses\/#primaryimage\",\"url\":\"https:\/\/www.coach-hunter.com\/content\/wp-content\/uploads\/2020\/09\/DEJEPS-sports-de-courses-Copie.jpg\",\"contentUrl\":\"https:\/\/www.coach-hunter.com\/content\/wp-content\/uploads\/2020\/09\/DEJEPS-sports-de-courses-Copie.jpg\",\"width\":626,\"height\":417},{\"@type\":\"BreadcrumbList\",\"@id\":\"https:\/\/www.coach-hunter.com\/content\/dejeps-sports-de-courses\/#breadcrumb\",\"itemListElement\":[{\"@type\":\"ListItem\",\"position\":1,\"name\":\"Accueil\",\"item\":\"https:\/\/www.coach-hunter.com\/content\/\"},{\"@type\":\"ListItem\",\"position\":2,\"name\":\"Tout sur les DEJEPS Sports de courses avec Coach Hunter\"}]},{\"@type\":\"WebSite\",\"@id\":\"https:\/\/www.coach-hunter.com\/content\/#website\",\"url\":\"https:\/\/www.coach-hunter.com\/content\/\",\"name\":\"Blog Coach Hunter\",\"description\":\"\",\"potentialAction\":[{\"@type\":\"SearchAction\",\"target\":{\"@type\":\"EntryPoint\",\"urlTemplate\":\"https:\/\/www.coach-hunter.com\/content\/?s={search_term_string}\"},\"query-input\":{\"@type\":\"PropertyValueSpecification\",\"valueRequired\":true,\"valueName\":\"search_term_string\"}}],\"inLanguage\":\"fr-FR\"}]}<\/script>\n<!-- \/ Yoast SEO plugin. -->","yoast_head_json":{"title":"DEJEPS Sports de courses : devenez un coach sportif dipl\u00f4m\u00e9","description":"D\u00e9couvrez l'int\u00e9gralit\u00e9 des DEJEPS Sports de courses avec Coach Hunter ! Devenez un sp\u00e9cialiste en cyclisme, natation et triathlon.","robots":{"index":"index","follow":"follow","max-snippet":"max-snippet:-1","max-image-preview":"max-image-preview:large","max-video-preview":"max-video-preview:-1"},"canonical":"https:\/\/www.coach-hunter.com\/content\/dejeps-sports-de-courses\/","og_locale":"fr_FR","og_type":"article","og_title":"DEJEPS Sports de courses : devenez un coach sportif dipl\u00f4m\u00e9","og_description":"D\u00e9couvrez l'int\u00e9gralit\u00e9 des DEJEPS Sports de courses avec Coach Hunter ! Devenez un sp\u00e9cialiste en cyclisme, natation et triathlon.","og_url":"https:\/\/www.coach-hunter.com\/content\/dejeps-sports-de-courses\/","og_site_name":"Blog Coach Hunter","article_modified_time":"2020-09-09T11:59:00+00:00","og_image":[{"width":626,"height":417,"url":"https:\/\/www.coach-hunter.com\/content\/wp-content\/uploads\/2020\/09\/DEJEPS-sports-de-courses-Copie.jpg","type":"image\/jpeg"}],"twitter_card":"summary_large_image","twitter_misc":{"Dur\u00e9e de lecture estim\u00e9e":"3 minutes"},"schema":{"@context":"https:\/\/schema.org","@graph":[{"@type":"WebPage","@id":"https:\/\/www.coach-hunter.com\/content\/dejeps-sports-de-courses\/","url":"https:\/\/www.coach-hunter.com\/content\/dejeps-sports-de-courses\/","name":"DEJEPS Sports de courses : devenez un coach sportif dipl\u00f4m\u00e9","isPartOf":{"@id":"https:\/\/www.coach-hunter.com\/content\/#website"},"primaryImageOfPage":{"@id":"https:\/\/www.coach-hunter.com\/content\/dejeps-sports-de-courses\/#primaryimage"},"image":{"@id":"https:\/\/www.coach-hunter.com\/content\/dejeps-sports-de-courses\/#primaryimage"},"thumbnailUrl":"https:\/\/www.coach-hunter.com\/content\/wp-content\/uploads\/2020\/09\/DEJEPS-sports-de-courses-Copie.jpg","datePublished":"2020-09-02T13:11:06+00:00","dateModified":"2020-09-09T11:59:00+00:00","description":"D\u00e9couvrez l'int\u00e9gralit\u00e9 des DEJEPS Sports de courses avec Coach Hunter ! Devenez un sp\u00e9cialiste en cyclisme, natation et triathlon.","breadcrumb":{"@id":"https:\/\/www.coach-hunter.com\/content\/dejeps-sports-de-courses\/#breadcrumb"},"inLanguage":"fr-FR","potentialAction":[{"@type":"ReadAction","target":["https:\/\/www.coach-hunter.com\/content\/dejeps-sports-de-courses\/"]}]},{"@type":"ImageObject","inLanguage":"fr-FR","@id":"https:\/\/www.coach-hunter.com\/content\/dejeps-sports-de-courses\/#primaryimage","url":"https:\/\/www.coach-hunter.com\/content\/wp-content\/uploads\/2020\/09\/DEJEPS-sports-de-courses-Copie.jpg","contentUrl":"https:\/\/www.coach-hunter.com\/content\/wp-content\/uploads\/2020\/09\/DEJEPS-sports-de-courses-Copie.jpg","width":626,"height":417},{"@type":"BreadcrumbList","@id":"https:\/\/www.coach-hunter.com\/content\/dejeps-sports-de-courses\/#breadcrumb","itemListElement":[{"@type":"ListItem","position":1,"name":"Accueil","item":"https:\/\/www.coach-hunter.com\/content\/"},{"@type":"ListItem","position":2,"name":"Tout sur les DEJEPS Sports de courses avec Coach Hunter"}]},{"@type":"WebSite","@id":"https:\/\/www.coach-hunter.com\/content\/#website","url":"https:\/\/www.coach-hunter.com\/content\/","name":"Blog Coach Hunter","description":"","potentialAction":[{"@type":"SearchAction","target":{"@type":"EntryPoint","urlTemplate":"https:\/\/www.coach-hunter.com\/content\/?s={search_term_string}"},"query-input":{"@type":"PropertyValueSpecification","valueRequired":true,"valueName":"search_term_string"}}],"inLanguage":"fr-FR"}]}},"_links":{"self":[{"href":"https:\/\/www.coach-hunter.com\/content\/wp-json\/wp\/v2\/pages\/1370","targetHints":{"allow":["GET"]}}],"collection":[{"href":"https:\/\/www.coach-hunter.com\/content\/wp-json\/wp\/v2\/pages"}],"about":[{"href":"https:\/\/www.coach-hunter.com\/content\/wp-json\/wp\/v2\/types\/page"}],"author":[{"embeddable":true,"href":"https:\/\/www.coach-hunter.com\/content\/wp-json\/wp\/v2\/users\/5"}],"replies":[{"embeddable":true,"href":"https:\/\/www.coach-hunter.com\/content\/wp-json\/wp\/v2\/comments?post=1370"}],"version-history":[{"count":10,"href":"https:\/\/www.coach-hunter.com\/content\/wp-json\/wp\/v2\/pages\/1370\/revisions"}],"predecessor-version":[{"id":1561,"href":"https:\/\/www.coach-hunter.com\/content\/wp-json\/wp\/v2\/pages\/1370\/revisions\/1561"}],"wp:attachment":[{"href":"https:\/\/www.coach-hunter.com\/content\/wp-json\/wp\/v2\/media?parent=1370"}],"curies":[{"name":"wp","href":"https:\/\/api.w.org\/{rel}","templated":true}]}}