{"id":1369,"date":"2020-09-02T13:18:10","date_gmt":"2020-09-02T13:18:10","guid":{"rendered":"https:\/\/www.coach-hunter.com\/content\/?page_id=1369"},"modified":"2020-09-02T13:18:11","modified_gmt":"2020-09-02T13:18:11","slug":"dejeps-gyms-douces","status":"publish","type":"page","link":"https:\/\/www.coach-hunter.com\/content\/dejeps-gyms-douces\/","title":{"rendered":"D\u00e9couvrez les DEJEPS Gyms douces avec Coach Hunter !"},"content":{"rendered":"\n<p>Le <a class=\"callAction\" href=\"https:\/\/www.coach-hunter.com\/content\/dejeps\/\">DEJEPS<\/a>, autrement dit, le <strong>dipl\u00f4me d&rsquo; Etat de la jeunesse de l&rsquo; education populaire et du sport<\/strong> est une formation pour coach sportif. Celle-ci leur permettra de se sp\u00e9cialiser dans le sport de leur choix. Les d\u00e9tenteurs du dipl\u00f4me pourront alors encadrer la pratique sportive aupr\u00e8s de publics divers. Vous trouverez ici les <strong>DEJEPS Gyms douces<\/strong> ! <\/p>\n\n\n\n<div class=\"wp-block-image\"><figure class=\"aligncenter size-large\"><img loading=\"lazy\" decoding=\"async\" width=\"626\" height=\"417\" src=\"https:\/\/www.coach-hunter.com\/content\/wp-content\/uploads\/2020\/09\/DEJEPS-Gyms-douces-Copie.jpg\" alt=\"dejeps gyms douces\" class=\"wp-image-1372\" srcset=\"https:\/\/www.coach-hunter.com\/content\/wp-content\/uploads\/2020\/09\/DEJEPS-Gyms-douces-Copie.jpg 626w, https:\/\/www.coach-hunter.com\/content\/wp-content\/uploads\/2020\/09\/DEJEPS-Gyms-douces-Copie-300x200.jpg 300w\" sizes=\"auto, (max-width: 626px) 85vw, 626px\" \/><\/figure><\/div>\n\n\n\n<div class='flexo'><div class=\"lames2\">\n\n\n\n<h2 class=\"wp-block-heading\">DEJEPS Activit\u00e9s physiques et sportives adapt\u00e9es<\/h2>\n\n\n\n<p>Le\u00a0<a class=\"callAction\" href=\"https:\/\/www.coach-hunter.com\/content\/dejeps-activites-physiques-sportives-adaptees\/\">DEJEPS Activit\u00e9s physiques et sportives adapt\u00e9es<\/a>\u00a0forme des coach sportif capable de donner des <strong>cours d\u2019APA<\/strong>. En outre, ces derniers devront \u00eatre con\u00e7us en tenant compte des particularit\u00e9s du pratiquants. L\u2019<strong>enseignant APA<\/strong>\u00a0devra trouver des m\u00e9thodes d\u2019entrainement efficaces pour contourner certaines pathologies ou handicaps. Il s\u2019agit d\u2019une mention pens\u00e9e comme \u00ab\u00a0Sport Sant\u00e9\u00a0\u00bb. De ce fait, les professionnels dot\u00e9s de ce dipl\u00f4me peuvent exercer dans le cadre du <strong>sport sur ordonnance<\/strong>.<\/p>\n\n\n\n<\/div><div class=\"lames2\">\n\n\n\n<h2 class=\"wp-block-heading\">DEJEPS Arts \u00e9nerg\u00e9tiques chinois<\/h2>\n\n\n\n<p>Le\u00a0<a class=\"callAction\" href=\"https:\/\/www.coach-hunter.com\/content\/dejeps-arts-energetiques-chinois\/\">DEJEPS Arts \u00e9nerg\u00e9tiques chinois<\/a>, ou AEC, est un dipl\u00f4me formant des professeurs de <strong>Qi Gong<\/strong>. A l\u2019issue de la formation, le dipl\u00f4m\u00e9 pourra alors enseigner et former tout type de public aux arts \u00e9nerg\u00e9tiques chinois. La <strong>F\u00e9d\u00e9ration <\/strong>(<a rel=\"noreferrer noopener\" href=\"https:\/\/www.faemc.fr\/content\/les-arts-energetiques-chinois\" target=\"_blank\">FAEMC<\/a>) ajoute toutefois que le DEJEPS s\u2019adresse en priorit\u00e9 aux individus, titulaires d\u2019un CQP. Des exigences pr\u00e9alables sont donc requises pour entrer en formation.<\/p>\n\n\n\n<\/div><div class=\"lames2\">\n\n\n\n<h2 class=\"wp-block-heading\">DEJEPS Handisport<\/h2>\n\n\n\n<p>Le\u00a0<a class=\"callAction\" href=\"https:\/\/www.coach-hunter.com\/content\/dejeps-handisport\/\">DEJEPS Handisport<\/a>\u00a0est le dipl\u00f4me formant des entra\u00eeneur sportif capables d\u2019encadrer la pratiquer du handisport en toute s\u00e9curit\u00e9. Le titulaire conduira donc des <strong>enseignements<\/strong>, sp\u00e9cifiques aux personnes pr\u00e9sentant une d\u00e9ficience motrice, auditive ou visuelle. Selon son app\u00e9tence personnelle, il pourra se diriger vers un handisport sp\u00e9cifique (tennis ou basket fauteuil par exemple), ou rester polyvalent.<\/p>\n\n\n\n<\/div><\/div>\n\n\n\n<h2 class=\"wp-block-heading\">Comment d\u00e9termine-t-on une gym douce ?<\/h2>\n\n\n\n<p>On parle de <strong>gymnastique douce<\/strong> pour d\u00e9signer toutes les activit\u00e9s physiques permettant de renforcer le corps sans impact. Ici, il s&rsquo;agira donc de faire du sport tout en pr\u00e9servant les <strong>articulations<\/strong>. Ces disciplines sportives, ou <strong>activit\u00e9s gymniques<\/strong>, se destinent ainsi aux personnes n\u00e9cessitant une pratique sportive adapt\u00e9e \u00e0 leur handicap ou incapacit\u00e9s motrices. <br>Elles permettent une am\u00e9lioration de la condition physique gr\u00e2ce \u00e0 du renforcement musculaire doux. Enfin, elles entrent tout \u00e0 fait dans le cadre de la remise en forme avec un coach sportif \u00e0 domicile. La r\u00e9alisation des s\u00e9ances ne n\u00e9cessite en effet qu&rsquo;un mat\u00e9riel limit\u00e9.<\/p>\n\n\n\n<h2 class=\"wp-block-heading\">Et en dehors des DEJEPS Gyms douces ?<\/h2>\n\n\n\n<ul class=\"wp-block-list\"><li><a href=\"https:\/\/www.coach-hunter.com\/content\/dejeps-sports-de-combat\/\">DEJEPS Sports de combat<\/a><\/li><li><a href=\"https:\/\/www.coach-hunter.com\/content\/dejeps-sports-collectifs\/\">DEJEPS Sports collectifs<\/a><\/li><li><a href=\"https:\/\/www.coach-hunter.com\/content\/dejeps-sports-de-courses\/\">DEJEPS Sports de courses<\/a><\/li><li><a href=\"https:\/\/www.coach-hunter.com\/content\/dejeps-autre-mention\/\">DEJEPS autre mention<\/a><\/li><\/ul>\n","protected":false},"excerpt":{"rendered":"<p>Le DEJEPS, autrement dit, le dipl\u00f4me d&rsquo; Etat de la jeunesse de l&rsquo; education populaire et du sport est une formation pour coach sportif. Celle-ci leur permettra de se sp\u00e9cialiser dans le sport de leur choix. Les d\u00e9tenteurs du dipl\u00f4me pourront alors encadrer la pratique sportive aupr\u00e8s de publics divers. Vous trouverez ici les DEJEPS &hellip; <a href=\"https:\/\/www.coach-hunter.com\/content\/dejeps-gyms-douces\/\" class=\"more-link\">Continuer la lecture<span class=\"screen-reader-text\"> de &laquo;&nbsp;D\u00e9couvrez les DEJEPS Gyms douces avec Coach Hunter !&nbsp;&raquo;<\/span><\/a><\/p>\n","protected":false},"author":5,"featured_media":0,"parent":0,"menu_order":0,"comment_status":"closed","ping_status":"closed","template":"","meta":{"footnotes":""},"class_list":["post-1369","page","type-page","status-publish","hentry"],"yoast_head":"<!-- This site is optimized with the Yoast SEO plugin v25.9 - https:\/\/yoast.com\/wordpress\/plugins\/seo\/ -->\n<title>DEJEPS Gyms douces, pour coachs sportifs experts en activit\u00e9 adapt\u00e9e<\/title>\n<meta name=\"description\" content=\"Coach Hunter vous pr\u00e9sente les DEJEPS Gyms douces permettant de devenir personal trainer ! Une sp\u00e9cialisation en stretching et gymnastiques diverses.\" \/>\n<meta name=\"robots\" content=\"index, follow, max-snippet:-1, max-image-preview:large, max-video-preview:-1\" \/>\n<link rel=\"canonical\" href=\"https:\/\/www.coach-hunter.com\/content\/dejeps-gyms-douces\/\" \/>\n<meta property=\"og:locale\" content=\"fr_FR\" \/>\n<meta property=\"og:type\" content=\"article\" \/>\n<meta property=\"og:title\" content=\"DEJEPS Gyms douces, pour coachs sportifs experts en activit\u00e9 adapt\u00e9e\" \/>\n<meta property=\"og:description\" content=\"Coach Hunter vous pr\u00e9sente les DEJEPS Gyms douces permettant de devenir personal trainer ! Une sp\u00e9cialisation en stretching et gymnastiques diverses.\" \/>\n<meta property=\"og:url\" content=\"https:\/\/www.coach-hunter.com\/content\/dejeps-gyms-douces\/\" \/>\n<meta property=\"og:site_name\" content=\"Blog Coach Hunter\" \/>\n<meta property=\"article:modified_time\" content=\"2020-09-02T13:18:11+00:00\" \/>\n<meta property=\"og:image\" content=\"https:\/\/www.coach-hunter.com\/content\/wp-content\/uploads\/2020\/09\/DEJEPS-Gyms-douces-Copie.jpg\" \/>\n\t<meta property=\"og:image:width\" content=\"626\" \/>\n\t<meta property=\"og:image:height\" content=\"417\" \/>\n\t<meta property=\"og:image:type\" content=\"image\/jpeg\" \/>\n<meta name=\"twitter:card\" content=\"summary_large_image\" \/>\n<meta name=\"twitter:label1\" content=\"Dur\u00e9e de lecture estim\u00e9e\" \/>\n\t<meta name=\"twitter:data1\" content=\"2 minutes\" \/>\n<script type=\"application\/ld+json\" class=\"yoast-schema-graph\">{\"@context\":\"https:\/\/schema.org\",\"@graph\":[{\"@type\":\"WebPage\",\"@id\":\"https:\/\/www.coach-hunter.com\/content\/dejeps-gyms-douces\/\",\"url\":\"https:\/\/www.coach-hunter.com\/content\/dejeps-gyms-douces\/\",\"name\":\"DEJEPS Gyms douces, pour coachs sportifs experts en activit\u00e9 adapt\u00e9e\",\"isPartOf\":{\"@id\":\"https:\/\/www.coach-hunter.com\/content\/#website\"},\"primaryImageOfPage\":{\"@id\":\"https:\/\/www.coach-hunter.com\/content\/dejeps-gyms-douces\/#primaryimage\"},\"image\":{\"@id\":\"https:\/\/www.coach-hunter.com\/content\/dejeps-gyms-douces\/#primaryimage\"},\"thumbnailUrl\":\"https:\/\/www.coach-hunter.com\/content\/wp-content\/uploads\/2020\/09\/DEJEPS-Gyms-douces-Copie.jpg\",\"datePublished\":\"2020-09-02T13:18:10+00:00\",\"dateModified\":\"2020-09-02T13:18:11+00:00\",\"description\":\"Coach Hunter vous pr\u00e9sente les DEJEPS Gyms douces permettant de devenir personal trainer ! Une sp\u00e9cialisation en stretching et gymnastiques diverses.\",\"breadcrumb\":{\"@id\":\"https:\/\/www.coach-hunter.com\/content\/dejeps-gyms-douces\/#breadcrumb\"},\"inLanguage\":\"fr-FR\",\"potentialAction\":[{\"@type\":\"ReadAction\",\"target\":[\"https:\/\/www.coach-hunter.com\/content\/dejeps-gyms-douces\/\"]}]},{\"@type\":\"ImageObject\",\"inLanguage\":\"fr-FR\",\"@id\":\"https:\/\/www.coach-hunter.com\/content\/dejeps-gyms-douces\/#primaryimage\",\"url\":\"https:\/\/www.coach-hunter.com\/content\/wp-content\/uploads\/2020\/09\/DEJEPS-Gyms-douces-Copie.jpg\",\"contentUrl\":\"https:\/\/www.coach-hunter.com\/content\/wp-content\/uploads\/2020\/09\/DEJEPS-Gyms-douces-Copie.jpg\",\"width\":626,\"height\":417},{\"@type\":\"BreadcrumbList\",\"@id\":\"https:\/\/www.coach-hunter.com\/content\/dejeps-gyms-douces\/#breadcrumb\",\"itemListElement\":[{\"@type\":\"ListItem\",\"position\":1,\"name\":\"Accueil\",\"item\":\"https:\/\/www.coach-hunter.com\/content\/\"},{\"@type\":\"ListItem\",\"position\":2,\"name\":\"D\u00e9couvrez les DEJEPS Gyms douces avec Coach Hunter !\"}]},{\"@type\":\"WebSite\",\"@id\":\"https:\/\/www.coach-hunter.com\/content\/#website\",\"url\":\"https:\/\/www.coach-hunter.com\/content\/\",\"name\":\"Blog Coach Hunter\",\"description\":\"\",\"potentialAction\":[{\"@type\":\"SearchAction\",\"target\":{\"@type\":\"EntryPoint\",\"urlTemplate\":\"https:\/\/www.coach-hunter.com\/content\/?s={search_term_string}\"},\"query-input\":{\"@type\":\"PropertyValueSpecification\",\"valueRequired\":true,\"valueName\":\"search_term_string\"}}],\"inLanguage\":\"fr-FR\"}]}<\/script>\n<!-- \/ Yoast SEO plugin. -->","yoast_head_json":{"title":"DEJEPS Gyms douces, pour coachs sportifs experts en activit\u00e9 adapt\u00e9e","description":"Coach Hunter vous pr\u00e9sente les DEJEPS Gyms douces permettant de devenir personal trainer ! Une sp\u00e9cialisation en stretching et gymnastiques diverses.","robots":{"index":"index","follow":"follow","max-snippet":"max-snippet:-1","max-image-preview":"max-image-preview:large","max-video-preview":"max-video-preview:-1"},"canonical":"https:\/\/www.coach-hunter.com\/content\/dejeps-gyms-douces\/","og_locale":"fr_FR","og_type":"article","og_title":"DEJEPS Gyms douces, pour coachs sportifs experts en activit\u00e9 adapt\u00e9e","og_description":"Coach Hunter vous pr\u00e9sente les DEJEPS Gyms douces permettant de devenir personal trainer ! Une sp\u00e9cialisation en stretching et gymnastiques diverses.","og_url":"https:\/\/www.coach-hunter.com\/content\/dejeps-gyms-douces\/","og_site_name":"Blog Coach Hunter","article_modified_time":"2020-09-02T13:18:11+00:00","og_image":[{"width":626,"height":417,"url":"https:\/\/www.coach-hunter.com\/content\/wp-content\/uploads\/2020\/09\/DEJEPS-Gyms-douces-Copie.jpg","type":"image\/jpeg"}],"twitter_card":"summary_large_image","twitter_misc":{"Dur\u00e9e de lecture estim\u00e9e":"2 minutes"},"schema":{"@context":"https:\/\/schema.org","@graph":[{"@type":"WebPage","@id":"https:\/\/www.coach-hunter.com\/content\/dejeps-gyms-douces\/","url":"https:\/\/www.coach-hunter.com\/content\/dejeps-gyms-douces\/","name":"DEJEPS Gyms douces, pour coachs sportifs experts en activit\u00e9 adapt\u00e9e","isPartOf":{"@id":"https:\/\/www.coach-hunter.com\/content\/#website"},"primaryImageOfPage":{"@id":"https:\/\/www.coach-hunter.com\/content\/dejeps-gyms-douces\/#primaryimage"},"image":{"@id":"https:\/\/www.coach-hunter.com\/content\/dejeps-gyms-douces\/#primaryimage"},"thumbnailUrl":"https:\/\/www.coach-hunter.com\/content\/wp-content\/uploads\/2020\/09\/DEJEPS-Gyms-douces-Copie.jpg","datePublished":"2020-09-02T13:18:10+00:00","dateModified":"2020-09-02T13:18:11+00:00","description":"Coach Hunter vous pr\u00e9sente les DEJEPS Gyms douces permettant de devenir personal trainer ! Une sp\u00e9cialisation en stretching et gymnastiques diverses.","breadcrumb":{"@id":"https:\/\/www.coach-hunter.com\/content\/dejeps-gyms-douces\/#breadcrumb"},"inLanguage":"fr-FR","potentialAction":[{"@type":"ReadAction","target":["https:\/\/www.coach-hunter.com\/content\/dejeps-gyms-douces\/"]}]},{"@type":"ImageObject","inLanguage":"fr-FR","@id":"https:\/\/www.coach-hunter.com\/content\/dejeps-gyms-douces\/#primaryimage","url":"https:\/\/www.coach-hunter.com\/content\/wp-content\/uploads\/2020\/09\/DEJEPS-Gyms-douces-Copie.jpg","contentUrl":"https:\/\/www.coach-hunter.com\/content\/wp-content\/uploads\/2020\/09\/DEJEPS-Gyms-douces-Copie.jpg","width":626,"height":417},{"@type":"BreadcrumbList","@id":"https:\/\/www.coach-hunter.com\/content\/dejeps-gyms-douces\/#breadcrumb","itemListElement":[{"@type":"ListItem","position":1,"name":"Accueil","item":"https:\/\/www.coach-hunter.com\/content\/"},{"@type":"ListItem","position":2,"name":"D\u00e9couvrez les DEJEPS Gyms douces avec Coach Hunter !"}]},{"@type":"WebSite","@id":"https:\/\/www.coach-hunter.com\/content\/#website","url":"https:\/\/www.coach-hunter.com\/content\/","name":"Blog Coach Hunter","description":"","potentialAction":[{"@type":"SearchAction","target":{"@type":"EntryPoint","urlTemplate":"https:\/\/www.coach-hunter.com\/content\/?s={search_term_string}"},"query-input":{"@type":"PropertyValueSpecification","valueRequired":true,"valueName":"search_term_string"}}],"inLanguage":"fr-FR"}]}},"_links":{"self":[{"href":"https:\/\/www.coach-hunter.com\/content\/wp-json\/wp\/v2\/pages\/1369","targetHints":{"allow":["GET"]}}],"collection":[{"href":"https:\/\/www.coach-hunter.com\/content\/wp-json\/wp\/v2\/pages"}],"about":[{"href":"https:\/\/www.coach-hunter.com\/content\/wp-json\/wp\/v2\/types\/page"}],"author":[{"embeddable":true,"href":"https:\/\/www.coach-hunter.com\/content\/wp-json\/wp\/v2\/users\/5"}],"replies":[{"embeddable":true,"href":"https:\/\/www.coach-hunter.com\/content\/wp-json\/wp\/v2\/comments?post=1369"}],"version-history":[{"count":3,"href":"https:\/\/www.coach-hunter.com\/content\/wp-json\/wp\/v2\/pages\/1369\/revisions"}],"predecessor-version":[{"id":1408,"href":"https:\/\/www.coach-hunter.com\/content\/wp-json\/wp\/v2\/pages\/1369\/revisions\/1408"}],"wp:attachment":[{"href":"https:\/\/www.coach-hunter.com\/content\/wp-json\/wp\/v2\/media?parent=1369"}],"curies":[{"name":"wp","href":"https:\/\/api.w.org\/{rel}","templated":true}]}}