{"id":1359,"date":"2020-09-02T12:59:38","date_gmt":"2020-09-02T12:59:38","guid":{"rendered":"https:\/\/www.coach-hunter.com\/content\/?page_id=1359"},"modified":"2020-09-14T13:49:35","modified_gmt":"2020-09-14T13:49:35","slug":"dejeps-sports-collectifs","status":"publish","type":"page","link":"https:\/\/www.coach-hunter.com\/content\/dejeps-sports-collectifs\/","title":{"rendered":"Les DEJEPS Sports collectifs avec Coach Hunter"},"content":{"rendered":"\n<p>On appelle <a class=\"callAction\" href=\"https:\/\/www.coach-hunter.com\/content\/dejeps\/\">DEJEPS<\/a>, le <strong>dipl\u00f4me d&rsquo; Etat de la jeunesse de l&rsquo; education populaire et du sport<\/strong>. Ce dernier permet donc aux coachs personnels d&rsquo;encadrer des sportifs dans toute structure publique ou priv\u00e9e, affili\u00e9e ou non \u00e0 une f\u00e9d\u00e9ration donn\u00e9e. Ici, retrouvez tous les <strong>DEJEPS Sports collectifs<\/strong> ! Devenez un sp\u00e9cialiste dans une mention choisie !<\/p>\n\n\n\n<div class=\"wp-block-image\"><figure class=\"aligncenter size-large\"><img loading=\"lazy\" decoding=\"async\" width=\"626\" height=\"447\" src=\"https:\/\/www.coach-hunter.com\/content\/wp-content\/uploads\/2020\/08\/DEJEPS-Sports-collectifs-Copie-Copie.jpg\" alt=\"DEJEPS Sports collectifs\" class=\"wp-image-1362\" srcset=\"https:\/\/www.coach-hunter.com\/content\/wp-content\/uploads\/2020\/08\/DEJEPS-Sports-collectifs-Copie-Copie.jpg 626w, https:\/\/www.coach-hunter.com\/content\/wp-content\/uploads\/2020\/08\/DEJEPS-Sports-collectifs-Copie-Copie-300x214.jpg 300w\" sizes=\"auto, (max-width: 626px) 85vw, 626px\" \/><\/figure><\/div>\n\n\n\n<div class='flexo'><div class=\"lames2\">\n\n\n\n<h2 class=\"wp-block-heading\">DEJEPS Basket-ball<\/h2>\n\n\n\n<p>En outre, le&nbsp;<a class=\"callAction\" href=\"https:\/\/www.coach-hunter.com\/content\/dejeps-basket-ball\/\">DEJEPS Basket-ball<\/a>&nbsp;permet de devenir entra\u00eeneur sportif dans les structures et clubs de sports collectifs. La formation a ainsi pour objectif d\u2019apporter toutes les comp\u00e9tences et connaissances n\u00e9cessaires \u00e0 l\u2019encadrement des pratiques du basket-ball. Le DEJEPS donne aussi acc\u00e8s au Dipl\u00f4me d\u2019Entra\u00eeneur F\u00e9d\u00e9ral de Basket-Ball.<\/p>\n\n\n\n<\/div><div class=\"lames2\">\n\n\n\n<h2 class=\"wp-block-heading\">DEJEPS Handball<\/h2>\n\n\n\n<p>Le&nbsp;<a class=\"callAction\" href=\"https:\/\/www.coach-hunter.com\/content\/dejeps-handball\/\">DEJEPS Handball<\/a>&nbsp;permet donc \u00e0 son d\u00e9tenteur d\u2019encadrer les pratiques sportives en handball. Il devra alors participer au fonctionnement de la structure associative ou priv\u00e9e, dans laquelle il travaille. De plus, il pourra exercer son m\u00e9tier \u00e0 divers niveaux du secteur sportif. Il y d\u00e9veloppera aussi des projets d animation sportive.<\/p>\n\n\n\n<\/div><div class=\"lames2\">\n\n\n\n<h2 class=\"wp-block-heading\">DEJEPS Rugby<\/h2>\n\n\n\n<p>Le titulaire du&nbsp;<a class=\"callAction\" href=\"https:\/\/www.coach-hunter.com\/content\/dejeps-rugby\/\">DEJEPS Rugby<\/a>&nbsp;aura donc pour mission de conduire des cycles de perfectionnement et d\u2019animation en rugby \u00e0 XV. Il se verra ainsi attribuer les actions de formation pour les futurs entra\u00eeneurs sportifs. Il aura aussi un r\u00f4le r\u00e9f\u00e9rent dans la structure sportive.<\/p>\n\n\n\n<\/div><div class=\"lames2\">\n\n\n\n<h2 class=\"wp-block-heading\">DEJEPS Volley-ball<\/h2>\n\n\n\n<p>De fait, le <a class=\"callAction\" href=\"https:\/\/www.coach-hunter.com\/content\/dejeps-volley-ball\/\">DEJEPS Volley-ball<\/a>&nbsp;octroie \u00e0 son titulaire le droit d\u2019exercer une activit\u00e9 d\u2019encadrement dans une structure sportive publique ou priv\u00e9e. Il devra assurer les s\u00e9ances d\u2019entrainement, d\u2019initiation, de perfectionnement sportif. Tout en veillant \u00e0 s\u00e9curiser la pratique des activit\u00e9s physiques.<\/p>\n\n\n\n<\/div><div class=\"lames2\">\n\n\n\n<h2 class=\"wp-block-heading\">DEJEPS Water-polo<\/h2>\n\n\n\n<p>Le&nbsp;<a class=\"callAction\" href=\"https:\/\/www.coach-hunter.com\/content\/dejeps-water-polo\/\">DEJEPS Water-polo<\/a>&nbsp;est un dipl\u00f4me octroyant des fonctions d\u00e9l\u00e9gataires de la FFN (F\u00e9d\u00e9ration fran\u00e7aise de Natation). Le titulaire de ce dipl\u00f4me, en tant que cadre sportif, devra ainsi d\u00e9velopper la discipline au travers de projets sportifs. Il exercera alors ses activit\u00e9s professionnelles aupr\u00e8s de diff\u00e9rents publics.<\/p>\n\n\n\n<\/div><\/div>\n\n\n\n<h2 class=\"wp-block-heading\">Et en dehors des DEJEPS Sports collectifs ?<\/h2>\n\n\n\n<ul class=\"wp-block-list\"><li><a href=\"https:\/\/www.coach-hunter.com\/content\/dejeps-sports-de-combat\/\">DEJEPS Sports de combat<\/a><\/li><li><a href=\"https:\/\/www.coach-hunter.com\/content\/dejeps-gyms-douces\/\">DEJEPS Gyms douces<\/a><\/li><li><a href=\"https:\/\/www.coach-hunter.com\/content\/dejeps-sports-de-courses\/\">DEJEPS Sports de courses<\/a><\/li><li><a href=\"https:\/\/www.coach-hunter.com\/content\/dejeps-autre-mention\/\">DEJEPS autre mention<\/a><\/li><\/ul>\n","protected":false},"excerpt":{"rendered":"<p>On appelle DEJEPS, le dipl\u00f4me d&rsquo; Etat de la jeunesse de l&rsquo; education populaire et du sport. Ce dernier permet donc aux coachs personnels d&rsquo;encadrer des sportifs dans toute structure publique ou priv\u00e9e, affili\u00e9e ou non \u00e0 une f\u00e9d\u00e9ration donn\u00e9e. Ici, retrouvez tous les DEJEPS Sports collectifs ! Devenez un sp\u00e9cialiste dans une mention choisie &hellip; <a href=\"https:\/\/www.coach-hunter.com\/content\/dejeps-sports-collectifs\/\" class=\"more-link\">Continuer la lecture<span class=\"screen-reader-text\"> de &laquo;&nbsp;Les DEJEPS Sports collectifs avec Coach Hunter&nbsp;&raquo;<\/span><\/a><\/p>\n","protected":false},"author":5,"featured_media":0,"parent":0,"menu_order":0,"comment_status":"closed","ping_status":"closed","template":"","meta":{"footnotes":""},"class_list":["post-1359","page","type-page","status-publish","hentry"],"yoast_head":"<!-- This site is optimized with the Yoast SEO plugin v25.9 - https:\/\/yoast.com\/wordpress\/plugins\/seo\/ -->\n<title>DEJEPS Sports collectifs, pour coach sportif sp\u00e9cialiste en sports d&#039;\u00e9quipe<\/title>\n<meta name=\"description\" content=\"D\u00e9couvrez les DEJEPS Sports collectifs avec Coach Hunter ! Trouvez le dipl\u00f4me d&#039;\u00e9tat correspondant au sport d&#039;\u00e9quipe de votre choix !\" \/>\n<meta name=\"robots\" content=\"index, follow, max-snippet:-1, max-image-preview:large, max-video-preview:-1\" \/>\n<link rel=\"canonical\" href=\"https:\/\/www.coach-hunter.com\/content\/dejeps-sports-collectifs\/\" \/>\n<meta property=\"og:locale\" content=\"fr_FR\" \/>\n<meta property=\"og:type\" content=\"article\" \/>\n<meta property=\"og:title\" content=\"DEJEPS Sports collectifs, pour coach sportif sp\u00e9cialiste en sports d&#039;\u00e9quipe\" \/>\n<meta property=\"og:description\" content=\"D\u00e9couvrez les DEJEPS Sports collectifs avec Coach Hunter ! Trouvez le dipl\u00f4me d&#039;\u00e9tat correspondant au sport d&#039;\u00e9quipe de votre choix !\" \/>\n<meta property=\"og:url\" content=\"https:\/\/www.coach-hunter.com\/content\/dejeps-sports-collectifs\/\" \/>\n<meta property=\"og:site_name\" content=\"Blog Coach Hunter\" \/>\n<meta property=\"article:modified_time\" content=\"2020-09-14T13:49:35+00:00\" \/>\n<meta property=\"og:image\" content=\"https:\/\/www.coach-hunter.com\/content\/wp-content\/uploads\/2020\/08\/DEJEPS-Sports-collectifs-Copie-Copie.jpg\" \/>\n\t<meta property=\"og:image:width\" content=\"626\" \/>\n\t<meta property=\"og:image:height\" content=\"447\" \/>\n\t<meta property=\"og:image:type\" content=\"image\/jpeg\" \/>\n<meta name=\"twitter:card\" content=\"summary_large_image\" \/>\n<meta name=\"twitter:label1\" content=\"Dur\u00e9e de lecture estim\u00e9e\" \/>\n\t<meta name=\"twitter:data1\" content=\"2 minutes\" \/>\n<script type=\"application\/ld+json\" class=\"yoast-schema-graph\">{\"@context\":\"https:\/\/schema.org\",\"@graph\":[{\"@type\":\"WebPage\",\"@id\":\"https:\/\/www.coach-hunter.com\/content\/dejeps-sports-collectifs\/\",\"url\":\"https:\/\/www.coach-hunter.com\/content\/dejeps-sports-collectifs\/\",\"name\":\"DEJEPS Sports collectifs, pour coach sportif sp\u00e9cialiste en sports d'\u00e9quipe\",\"isPartOf\":{\"@id\":\"https:\/\/www.coach-hunter.com\/content\/#website\"},\"primaryImageOfPage\":{\"@id\":\"https:\/\/www.coach-hunter.com\/content\/dejeps-sports-collectifs\/#primaryimage\"},\"image\":{\"@id\":\"https:\/\/www.coach-hunter.com\/content\/dejeps-sports-collectifs\/#primaryimage\"},\"thumbnailUrl\":\"https:\/\/www.coach-hunter.com\/content\/wp-content\/uploads\/2020\/08\/DEJEPS-Sports-collectifs-Copie-Copie.jpg\",\"datePublished\":\"2020-09-02T12:59:38+00:00\",\"dateModified\":\"2020-09-14T13:49:35+00:00\",\"description\":\"D\u00e9couvrez les DEJEPS Sports collectifs avec Coach Hunter ! Trouvez le dipl\u00f4me d'\u00e9tat correspondant au sport d'\u00e9quipe de votre choix !\",\"breadcrumb\":{\"@id\":\"https:\/\/www.coach-hunter.com\/content\/dejeps-sports-collectifs\/#breadcrumb\"},\"inLanguage\":\"fr-FR\",\"potentialAction\":[{\"@type\":\"ReadAction\",\"target\":[\"https:\/\/www.coach-hunter.com\/content\/dejeps-sports-collectifs\/\"]}]},{\"@type\":\"ImageObject\",\"inLanguage\":\"fr-FR\",\"@id\":\"https:\/\/www.coach-hunter.com\/content\/dejeps-sports-collectifs\/#primaryimage\",\"url\":\"https:\/\/www.coach-hunter.com\/content\/wp-content\/uploads\/2020\/08\/DEJEPS-Sports-collectifs-Copie-Copie.jpg\",\"contentUrl\":\"https:\/\/www.coach-hunter.com\/content\/wp-content\/uploads\/2020\/08\/DEJEPS-Sports-collectifs-Copie-Copie.jpg\",\"width\":626,\"height\":447},{\"@type\":\"BreadcrumbList\",\"@id\":\"https:\/\/www.coach-hunter.com\/content\/dejeps-sports-collectifs\/#breadcrumb\",\"itemListElement\":[{\"@type\":\"ListItem\",\"position\":1,\"name\":\"Accueil\",\"item\":\"https:\/\/www.coach-hunter.com\/content\/\"},{\"@type\":\"ListItem\",\"position\":2,\"name\":\"Les DEJEPS Sports collectifs avec Coach Hunter\"}]},{\"@type\":\"WebSite\",\"@id\":\"https:\/\/www.coach-hunter.com\/content\/#website\",\"url\":\"https:\/\/www.coach-hunter.com\/content\/\",\"name\":\"Blog Coach Hunter\",\"description\":\"\",\"potentialAction\":[{\"@type\":\"SearchAction\",\"target\":{\"@type\":\"EntryPoint\",\"urlTemplate\":\"https:\/\/www.coach-hunter.com\/content\/?s={search_term_string}\"},\"query-input\":{\"@type\":\"PropertyValueSpecification\",\"valueRequired\":true,\"valueName\":\"search_term_string\"}}],\"inLanguage\":\"fr-FR\"}]}<\/script>\n<!-- \/ Yoast SEO plugin. -->","yoast_head_json":{"title":"DEJEPS Sports collectifs, pour coach sportif sp\u00e9cialiste en sports d'\u00e9quipe","description":"D\u00e9couvrez les DEJEPS Sports collectifs avec Coach Hunter ! Trouvez le dipl\u00f4me d'\u00e9tat correspondant au sport d'\u00e9quipe de votre choix !","robots":{"index":"index","follow":"follow","max-snippet":"max-snippet:-1","max-image-preview":"max-image-preview:large","max-video-preview":"max-video-preview:-1"},"canonical":"https:\/\/www.coach-hunter.com\/content\/dejeps-sports-collectifs\/","og_locale":"fr_FR","og_type":"article","og_title":"DEJEPS Sports collectifs, pour coach sportif sp\u00e9cialiste en sports d'\u00e9quipe","og_description":"D\u00e9couvrez les DEJEPS Sports collectifs avec Coach Hunter ! Trouvez le dipl\u00f4me d'\u00e9tat correspondant au sport d'\u00e9quipe de votre choix !","og_url":"https:\/\/www.coach-hunter.com\/content\/dejeps-sports-collectifs\/","og_site_name":"Blog Coach Hunter","article_modified_time":"2020-09-14T13:49:35+00:00","og_image":[{"width":626,"height":447,"url":"https:\/\/www.coach-hunter.com\/content\/wp-content\/uploads\/2020\/08\/DEJEPS-Sports-collectifs-Copie-Copie.jpg","type":"image\/jpeg"}],"twitter_card":"summary_large_image","twitter_misc":{"Dur\u00e9e de lecture estim\u00e9e":"2 minutes"},"schema":{"@context":"https:\/\/schema.org","@graph":[{"@type":"WebPage","@id":"https:\/\/www.coach-hunter.com\/content\/dejeps-sports-collectifs\/","url":"https:\/\/www.coach-hunter.com\/content\/dejeps-sports-collectifs\/","name":"DEJEPS Sports collectifs, pour coach sportif sp\u00e9cialiste en sports d'\u00e9quipe","isPartOf":{"@id":"https:\/\/www.coach-hunter.com\/content\/#website"},"primaryImageOfPage":{"@id":"https:\/\/www.coach-hunter.com\/content\/dejeps-sports-collectifs\/#primaryimage"},"image":{"@id":"https:\/\/www.coach-hunter.com\/content\/dejeps-sports-collectifs\/#primaryimage"},"thumbnailUrl":"https:\/\/www.coach-hunter.com\/content\/wp-content\/uploads\/2020\/08\/DEJEPS-Sports-collectifs-Copie-Copie.jpg","datePublished":"2020-09-02T12:59:38+00:00","dateModified":"2020-09-14T13:49:35+00:00","description":"D\u00e9couvrez les DEJEPS Sports collectifs avec Coach Hunter ! Trouvez le dipl\u00f4me d'\u00e9tat correspondant au sport d'\u00e9quipe de votre choix !","breadcrumb":{"@id":"https:\/\/www.coach-hunter.com\/content\/dejeps-sports-collectifs\/#breadcrumb"},"inLanguage":"fr-FR","potentialAction":[{"@type":"ReadAction","target":["https:\/\/www.coach-hunter.com\/content\/dejeps-sports-collectifs\/"]}]},{"@type":"ImageObject","inLanguage":"fr-FR","@id":"https:\/\/www.coach-hunter.com\/content\/dejeps-sports-collectifs\/#primaryimage","url":"https:\/\/www.coach-hunter.com\/content\/wp-content\/uploads\/2020\/08\/DEJEPS-Sports-collectifs-Copie-Copie.jpg","contentUrl":"https:\/\/www.coach-hunter.com\/content\/wp-content\/uploads\/2020\/08\/DEJEPS-Sports-collectifs-Copie-Copie.jpg","width":626,"height":447},{"@type":"BreadcrumbList","@id":"https:\/\/www.coach-hunter.com\/content\/dejeps-sports-collectifs\/#breadcrumb","itemListElement":[{"@type":"ListItem","position":1,"name":"Accueil","item":"https:\/\/www.coach-hunter.com\/content\/"},{"@type":"ListItem","position":2,"name":"Les DEJEPS Sports collectifs avec Coach Hunter"}]},{"@type":"WebSite","@id":"https:\/\/www.coach-hunter.com\/content\/#website","url":"https:\/\/www.coach-hunter.com\/content\/","name":"Blog Coach Hunter","description":"","potentialAction":[{"@type":"SearchAction","target":{"@type":"EntryPoint","urlTemplate":"https:\/\/www.coach-hunter.com\/content\/?s={search_term_string}"},"query-input":{"@type":"PropertyValueSpecification","valueRequired":true,"valueName":"search_term_string"}}],"inLanguage":"fr-FR"}]}},"_links":{"self":[{"href":"https:\/\/www.coach-hunter.com\/content\/wp-json\/wp\/v2\/pages\/1359","targetHints":{"allow":["GET"]}}],"collection":[{"href":"https:\/\/www.coach-hunter.com\/content\/wp-json\/wp\/v2\/pages"}],"about":[{"href":"https:\/\/www.coach-hunter.com\/content\/wp-json\/wp\/v2\/types\/page"}],"author":[{"embeddable":true,"href":"https:\/\/www.coach-hunter.com\/content\/wp-json\/wp\/v2\/users\/5"}],"replies":[{"embeddable":true,"href":"https:\/\/www.coach-hunter.com\/content\/wp-json\/wp\/v2\/comments?post=1359"}],"version-history":[{"count":12,"href":"https:\/\/www.coach-hunter.com\/content\/wp-json\/wp\/v2\/pages\/1359\/revisions"}],"predecessor-version":[{"id":1617,"href":"https:\/\/www.coach-hunter.com\/content\/wp-json\/wp\/v2\/pages\/1359\/revisions\/1617"}],"wp:attachment":[{"href":"https:\/\/www.coach-hunter.com\/content\/wp-json\/wp\/v2\/media?parent=1359"}],"curies":[{"name":"wp","href":"https:\/\/api.w.org\/{rel}","templated":true}]}}