{"id":1354,"date":"2020-09-02T13:02:42","date_gmt":"2020-09-02T13:02:42","guid":{"rendered":"https:\/\/www.coach-hunter.com\/content\/?page_id=1354"},"modified":"2020-09-02T13:18:36","modified_gmt":"2020-09-02T13:18:36","slug":"dejeps-sports-de-combat","status":"publish","type":"page","link":"https:\/\/www.coach-hunter.com\/content\/dejeps-sports-de-combat\/","title":{"rendered":"Trouvez le DEJEPS Sports de combat qui vous convient !"},"content":{"rendered":"\n<p>Le <a class=\"callAction\" href=\"https:\/\/www.coach-hunter.com\/content\/dejeps\/\">DEJEPS<\/a>, ou <strong>dipl\u00f4me d&rsquo;Etat de la jeunesse de l&rsquo;\u00e9ducation populaire et du sport<\/strong>, permet d&rsquo;exercer en tant que coach sportif professionnel. Ici vous retrouverez tous les <strong>DEJEPS Sports de combat<\/strong>. Diff\u00e9rentes mentions, diff\u00e9rentes disciplines&#8230; Trouvez celle qui vous correspond le mieux !<\/p>\n\n\n\n<div class=\"wp-block-image\"><figure class=\"aligncenter size-large\"><img loading=\"lazy\" decoding=\"async\" width=\"626\" height=\"417\" src=\"https:\/\/www.coach-hunter.com\/content\/wp-content\/uploads\/2020\/08\/dejeps-sports-de-combat-Copie.jpg\" alt=\"dejeps sports de combat\" class=\"wp-image-1357\" srcset=\"https:\/\/www.coach-hunter.com\/content\/wp-content\/uploads\/2020\/08\/dejeps-sports-de-combat-Copie.jpg 626w, https:\/\/www.coach-hunter.com\/content\/wp-content\/uploads\/2020\/08\/dejeps-sports-de-combat-Copie-300x200.jpg 300w\" sizes=\"auto, (max-width: 626px) 85vw, 626px\" \/><\/figure><\/div>\n\n\n\n<div class='flexo'><div class=\"lames2\">\n\n\n\n<h2 class=\"wp-block-heading\">DEJEPS Arts martiaux chinois<\/h2>\n\n\n\n<p>Les&nbsp;<a class=\"callAction\" href=\"https:\/\/www.coach-hunter.com\/content\/dejeps-arts-martiaux-chinois\/\">DEJEPS Arts martiaux chinois<\/a>&nbsp;(internes et externes, AMCI ou AMCX) sont donc deux formations d\u00e9livr\u00e9es par la F\u00e9d\u00e9ration des arts \u00e9nerg\u00e9tiques et martiaux chinois. Elles aboutissent ainsi \u00e0 l\u2019enseignement du Taichi Chuan et du Kung Fu en tant qu\u2019entra\u00eeneur sportif.<\/p>\n\n\n\n<\/div><div class=\"lames2\">\n\n\n\n<h2 class=\"wp-block-heading\">DEJEPS A\u00efkido, a\u00efkibudo et disciplines associ\u00e9es<\/h2>\n\n\n\n<p>Le&nbsp;<a class=\"callAction\" href=\"https:\/\/www.coach-hunter.com\/content\/dejeps-aikido-aikibudo-et-disciplines-associees\/\">DEJEPS A\u00efkido, a\u00efkibudo et disciplines associ\u00e9es<\/a>, issu de la sp\u00e9cialit\u00e9 \u00ab&nbsp;perfectionnement sportif&nbsp;\u00bb, permet donc d\u2019encadrer la pratique de l\u2019a\u00efkido dans une structure sportive. L\u2019<strong>entraineur sportif<\/strong>&nbsp;dipl\u00f4m\u00e9 devra alors concevoir un projet et des programmes sportifs respectant le cadre imposant par la direction f\u00e9d\u00e9rale.<\/p>\n\n\n\n<\/div><div class=\"lames2\">\n\n\n\n<h2 class=\"wp-block-heading\">DEJEPS Boxe<\/h2>\n\n\n\n<p>Le&nbsp;<a class=\"callAction\" href=\"https:\/\/www.coach-hunter.com\/content\/dejeps-boxe\/\">DEJEPS Boxe<\/a>&nbsp;donne ainsi acc\u00e8s aux fonctions d\u2019animation et d\u2019encadrement des activit\u00e9s de boxe. De ce fait, le coach sportif dipl\u00f4m\u00e9 devra assurer la s\u00e9curit\u00e9 des pratiquants dont il a la charge sur les lieux de pratique. Il devra \u00e9galement contribuer au d\u00e9veloppement des projets de la structure sportive. Ses m\u00e9thodes d\u2019entrainement respecteront aussi les recommandations de la direction nationale.<\/p>\n\n\n\n<\/div><div class=\"lames2\">\n\n\n\n<h2 class=\"wp-block-heading\">DEJEPS Boxe tha\u00ef-muay tha\u00ef<\/h2>\n\n\n\n<p>Le&nbsp;<a class=\"callAction\" href=\"https:\/\/www.coach-hunter.com\/content\/dejeps-boxe-thai-muay-thai\/\">DEJEPS Boxe tha\u00ef-muay tha\u00ef<\/a>&nbsp;forme ses futurs dipl\u00f4m\u00e9s \u00e0 l\u2019animation de cours de sport en petits groupes. A l\u2019issue de la formation, le titulaire saura piloter et \u00e9valuer un syst\u00e8me d\u2019entra\u00eenement. Il lui sera aussi demand\u00e9 de former les futurs entra\u00eeneurs de boxe tha\u00ef dans les centres de formation.<\/p>\n\n\n\n<\/div><div class=\"lames2\">\n\n\n\n<h2 class=\"wp-block-heading\">DEJEPS Full contact-boxe am\u00e9ricaine<\/h2>\n\n\n\n<p>Le&nbsp;<a class=\"callAction\" href=\"https:\/\/www.coach-hunter.com\/content\/dejeps-full-contact-boxe-americaine\/\">DEJEPS Full contact-boxe am\u00e9ricaine<\/a>&nbsp;apporte une certification des comp\u00e9tences du coach sportif en mati\u00e8re de perfectionnement des capacit\u00e9s sportives. Ce dipl\u00f4me vise \u00e0 former les futurs cadres f\u00e9d\u00e9raux ainsi que des entra\u00eeneurs sp\u00e9cialis\u00e9s. Ils auront pour fonction l\u2019encadrement de la pratique en boxe am\u00e9ricaine.<\/p>\n\n\n\n<\/div><div class=\"lames2\">\n\n\n\n<h2 class=\"wp-block-heading\">DEJEPS Judo-jujitsu<\/h2>\n\n\n\n<p>Le&nbsp;<a class=\"callAction\" href=\"https:\/\/www.coach-hunter.com\/content\/dejeps-judo-jujitsu\/\">DEJEPS Judo-jujitsu<\/a>&nbsp;permet aussi d\u2019acc\u00e9der aux fonctions de Directeur technique pour la FFJudo et d\u2019agent de d\u00e9veloppement du sport. Par ailleurs, les dipl\u00f4m\u00e9s pourront exercer en tant qu\u2019entra\u00eeneur sportif en judo, jujitsu, kendo, ou encore en sumo.<\/p>\n\n\n\n<\/div><div class=\"lames2\">\n\n\n\n<h2 class=\"wp-block-heading\">DEJEPS Karat\u00e9 et disciplines associ\u00e9es<\/h2>\n\n\n\n<p>Le&nbsp;<a class=\"callAction\" href=\"https:\/\/www.coach-hunter.com\/content\/dejeps-karate-et-disciplines-associees\/\">DEJEPS Karat\u00e9 et disciplines associ\u00e9es<\/a>&nbsp;permet \u00e0 ses titulaires d\u2019animer un club sportif et d\u2019entra\u00eener ses adh\u00e9rents. Il contribuera alors \u00e0 l\u2019apprentissage des techniques du karat\u00e9 et wushu par des m\u00e9thodes de formation p\u00e9dagogiques. Il participera aussi \u00e0 la gestion de la structure o\u00f9 il travaille.<\/p>\n\n\n\n<\/div><div class=\"lames2\">\n\n\n\n<h2 class=\"wp-block-heading\">DEJEPS Kick-boxing<\/h2>\n\n\n\n<p>Le&nbsp;<a class=\"callAction\" href=\"https:\/\/www.coach-hunter.com\/content\/dejeps-kick-boxing\/\">DEJEPS Kick-boxing<\/a>&nbsp;octroie donc \u00e0 ses d\u00e9tenteurs le droit d\u2019exercer comme entra\u00eeneur sportif dans les clubs affili\u00e9s FFKMDA (kick boxing, muaytha\u00ef et disciplines associ\u00e9es). Afin d&rsquo;obtenir ce dipl\u00f4me, le candidat devra passer un test de mise en situation p\u00e9dagogique. Il prouvera ainsi de ses comp\u00e9tences techniques et \u00e9ducatives dans le sport concern\u00e9.<\/p>\n\n\n\n<\/div><div class=\"lames2\">\n\n\n\n<h2 class=\"wp-block-heading\">DEJEPS Lutte et disciplines associ\u00e9es<\/h2>\n\n\n\n<p>Le&nbsp;<a class=\"callAction\" href=\"https:\/\/www.coach-hunter.com\/content\/dejeps-lutte-et-disciplines-associees\/\">DEJEPS Lutte et disciplines associ\u00e9es<\/a>&nbsp;est un dipl\u00f4me d\u2019Etat permettant d\u2019acc\u00e9der aux fonctions d\u2019encadrement. En outre, les titulaires pourront animer toute s\u00e9ance de sport dans laquelle on pratique la lutte. Le coach sportif dipl\u00f4m\u00e9 pourra \u00eatre amen\u00e9 \u00e0 g\u00e9rer les projets de la structure qui l\u2019accueille.<\/p>\n\n\n\n<\/div><div class=\"lames2\">\n\n\n\n<h2 class=\"wp-block-heading\">DEJEPS Savate boxe fran\u00e7aise<\/h2>\n\n\n\n<p>Le&nbsp;<a class=\"callAction\" href=\"https:\/\/www.coach-hunter.com\/content\/dejeps-savate-boxe-francaise\/\">DEJEPS Savate boxe fran\u00e7aise<\/a>&nbsp;est un dipl\u00f4me d\u2019Etat que l\u2019on acquiert aupr\u00e8s de la FFSavate. Il permet d\u2019exercer comme entra\u00eeneur sportif dans toutes les structures affil\u00e9es, ainsi qu\u2019aupr\u00e8s de particuliers en tant que personal trainer. Il devra aussi promouvoir la boxe fran\u00e7aise en tant que gestionnaire de la structure.<\/p>\n\n\n\n<\/div><div class=\"lames2\">\n\n\n\n<h2 class=\"wp-block-heading\">DEJEPS Taekwondo et disciplines associ\u00e9es<\/h2>\n\n\n\n<p>Le&nbsp;<a class=\"callAction\" href=\"https:\/\/www.coach-hunter.com\/content\/dejeps-taekwondo-et-disciplines-associees\/\">DEJEPS Taekwondo et disciplines associ\u00e9es<\/a>&nbsp;forme donc des coachs sportifs capables de coordonner les projets de perfectionnement sportifs dans leurs structure d\u2019accueil. Il auront alors pour mission d\u2019assurer la s\u00e9curit\u00e9 des pratiquants dont ils ont la charge et de leur apporter un contenu p\u00e9dagogique qualitatif.<\/p>\n\n\n\n<\/div><\/div>\n\n\n\n<h2 class=\"wp-block-heading\">Et en dehors des DEJEPS Sports de combat ?<\/h2>\n\n\n\n<ul class=\"wp-block-list\"><li><a href=\"https:\/\/www.coach-hunter.com\/content\/dejeps-sports-collectifs\/\">DEJEPS Sports collectifs<\/a><\/li><li><a href=\"https:\/\/www.coach-hunter.com\/content\/dejeps-sports-de-courses\/\">DEJEPS Sports de courses<\/a><\/li><li><a href=\"https:\/\/www.coach-hunter.com\/content\/dejeps-autre-mention\/\">DEJEPS autre mention<\/a><\/li><li><a href=\"https:\/\/www.coach-hunter.com\/content\/dejeps-gyms-douces\/\">DEJEPS Gyms douces<\/a><\/li><\/ul>\n","protected":false},"excerpt":{"rendered":"<p>Le DEJEPS, ou dipl\u00f4me d&rsquo;Etat de la jeunesse de l&rsquo;\u00e9ducation populaire et du sport, permet d&rsquo;exercer en tant que coach sportif professionnel. Ici vous retrouverez tous les DEJEPS Sports de combat. Diff\u00e9rentes mentions, diff\u00e9rentes disciplines&#8230; Trouvez celle qui vous correspond le mieux ! DEJEPS Arts martiaux chinois Les&nbsp;DEJEPS Arts martiaux chinois&nbsp;(internes et externes, AMCI ou &hellip; <a href=\"https:\/\/www.coach-hunter.com\/content\/dejeps-sports-de-combat\/\" class=\"more-link\">Continuer la lecture<span class=\"screen-reader-text\"> de &laquo;&nbsp;Trouvez le DEJEPS Sports de combat qui vous convient !&nbsp;&raquo;<\/span><\/a><\/p>\n","protected":false},"author":5,"featured_media":0,"parent":0,"menu_order":0,"comment_status":"closed","ping_status":"closed","template":"","meta":{"footnotes":""},"class_list":["post-1354","page","type-page","status-publish","hentry"],"yoast_head":"<!-- This site is optimized with the Yoast SEO plugin v25.9 - https:\/\/yoast.com\/wordpress\/plugins\/seo\/ -->\n<title>DEJEPS Sports de combat : votre sp\u00e9cialit\u00e9 avec Coach Hunter<\/title>\n<meta name=\"description\" content=\"Trouvez facilement le DEJEPS Sports de combat qui vous convient gr\u00e2ce \u00e0 Coach Hunter ! Devenez un professionnel du sport avec un dipl\u00f4me d&#039;Etat !\" \/>\n<meta name=\"robots\" content=\"index, follow, max-snippet:-1, max-image-preview:large, max-video-preview:-1\" \/>\n<link rel=\"canonical\" href=\"https:\/\/www.coach-hunter.com\/content\/dejeps-sports-de-combat\/\" \/>\n<meta property=\"og:locale\" content=\"fr_FR\" \/>\n<meta property=\"og:type\" content=\"article\" \/>\n<meta property=\"og:title\" content=\"DEJEPS Sports de combat : votre sp\u00e9cialit\u00e9 avec Coach Hunter\" \/>\n<meta property=\"og:description\" content=\"Trouvez facilement le DEJEPS Sports de combat qui vous convient gr\u00e2ce \u00e0 Coach Hunter ! Devenez un professionnel du sport avec un dipl\u00f4me d&#039;Etat !\" \/>\n<meta property=\"og:url\" content=\"https:\/\/www.coach-hunter.com\/content\/dejeps-sports-de-combat\/\" \/>\n<meta property=\"og:site_name\" content=\"Blog Coach Hunter\" \/>\n<meta property=\"article:modified_time\" content=\"2020-09-02T13:18:36+00:00\" \/>\n<meta property=\"og:image\" content=\"https:\/\/www.coach-hunter.com\/content\/wp-content\/uploads\/2020\/08\/dejeps-sports-de-combat-Copie.jpg\" \/>\n\t<meta property=\"og:image:width\" content=\"626\" \/>\n\t<meta property=\"og:image:height\" content=\"417\" \/>\n\t<meta property=\"og:image:type\" content=\"image\/jpeg\" \/>\n<meta name=\"twitter:card\" content=\"summary_large_image\" \/>\n<meta name=\"twitter:label1\" content=\"Dur\u00e9e de lecture estim\u00e9e\" \/>\n\t<meta name=\"twitter:data1\" content=\"4 minutes\" \/>\n<script type=\"application\/ld+json\" class=\"yoast-schema-graph\">{\"@context\":\"https:\/\/schema.org\",\"@graph\":[{\"@type\":\"WebPage\",\"@id\":\"https:\/\/www.coach-hunter.com\/content\/dejeps-sports-de-combat\/\",\"url\":\"https:\/\/www.coach-hunter.com\/content\/dejeps-sports-de-combat\/\",\"name\":\"DEJEPS Sports de combat : votre sp\u00e9cialit\u00e9 avec Coach Hunter\",\"isPartOf\":{\"@id\":\"https:\/\/www.coach-hunter.com\/content\/#website\"},\"primaryImageOfPage\":{\"@id\":\"https:\/\/www.coach-hunter.com\/content\/dejeps-sports-de-combat\/#primaryimage\"},\"image\":{\"@id\":\"https:\/\/www.coach-hunter.com\/content\/dejeps-sports-de-combat\/#primaryimage\"},\"thumbnailUrl\":\"https:\/\/www.coach-hunter.com\/content\/wp-content\/uploads\/2020\/08\/dejeps-sports-de-combat-Copie.jpg\",\"datePublished\":\"2020-09-02T13:02:42+00:00\",\"dateModified\":\"2020-09-02T13:18:36+00:00\",\"description\":\"Trouvez facilement le DEJEPS Sports de combat qui vous convient gr\u00e2ce \u00e0 Coach Hunter ! Devenez un professionnel du sport avec un dipl\u00f4me d'Etat !\",\"breadcrumb\":{\"@id\":\"https:\/\/www.coach-hunter.com\/content\/dejeps-sports-de-combat\/#breadcrumb\"},\"inLanguage\":\"fr-FR\",\"potentialAction\":[{\"@type\":\"ReadAction\",\"target\":[\"https:\/\/www.coach-hunter.com\/content\/dejeps-sports-de-combat\/\"]}]},{\"@type\":\"ImageObject\",\"inLanguage\":\"fr-FR\",\"@id\":\"https:\/\/www.coach-hunter.com\/content\/dejeps-sports-de-combat\/#primaryimage\",\"url\":\"https:\/\/www.coach-hunter.com\/content\/wp-content\/uploads\/2020\/08\/dejeps-sports-de-combat-Copie.jpg\",\"contentUrl\":\"https:\/\/www.coach-hunter.com\/content\/wp-content\/uploads\/2020\/08\/dejeps-sports-de-combat-Copie.jpg\",\"width\":626,\"height\":417},{\"@type\":\"BreadcrumbList\",\"@id\":\"https:\/\/www.coach-hunter.com\/content\/dejeps-sports-de-combat\/#breadcrumb\",\"itemListElement\":[{\"@type\":\"ListItem\",\"position\":1,\"name\":\"Accueil\",\"item\":\"https:\/\/www.coach-hunter.com\/content\/\"},{\"@type\":\"ListItem\",\"position\":2,\"name\":\"Trouvez le DEJEPS Sports de combat qui vous convient !\"}]},{\"@type\":\"WebSite\",\"@id\":\"https:\/\/www.coach-hunter.com\/content\/#website\",\"url\":\"https:\/\/www.coach-hunter.com\/content\/\",\"name\":\"Blog Coach Hunter\",\"description\":\"\",\"potentialAction\":[{\"@type\":\"SearchAction\",\"target\":{\"@type\":\"EntryPoint\",\"urlTemplate\":\"https:\/\/www.coach-hunter.com\/content\/?s={search_term_string}\"},\"query-input\":{\"@type\":\"PropertyValueSpecification\",\"valueRequired\":true,\"valueName\":\"search_term_string\"}}],\"inLanguage\":\"fr-FR\"}]}<\/script>\n<!-- \/ Yoast SEO plugin. -->","yoast_head_json":{"title":"DEJEPS Sports de combat : votre sp\u00e9cialit\u00e9 avec Coach Hunter","description":"Trouvez facilement le DEJEPS Sports de combat qui vous convient gr\u00e2ce \u00e0 Coach Hunter ! Devenez un professionnel du sport avec un dipl\u00f4me d'Etat !","robots":{"index":"index","follow":"follow","max-snippet":"max-snippet:-1","max-image-preview":"max-image-preview:large","max-video-preview":"max-video-preview:-1"},"canonical":"https:\/\/www.coach-hunter.com\/content\/dejeps-sports-de-combat\/","og_locale":"fr_FR","og_type":"article","og_title":"DEJEPS Sports de combat : votre sp\u00e9cialit\u00e9 avec Coach Hunter","og_description":"Trouvez facilement le DEJEPS Sports de combat qui vous convient gr\u00e2ce \u00e0 Coach Hunter ! Devenez un professionnel du sport avec un dipl\u00f4me d'Etat !","og_url":"https:\/\/www.coach-hunter.com\/content\/dejeps-sports-de-combat\/","og_site_name":"Blog Coach Hunter","article_modified_time":"2020-09-02T13:18:36+00:00","og_image":[{"width":626,"height":417,"url":"https:\/\/www.coach-hunter.com\/content\/wp-content\/uploads\/2020\/08\/dejeps-sports-de-combat-Copie.jpg","type":"image\/jpeg"}],"twitter_card":"summary_large_image","twitter_misc":{"Dur\u00e9e de lecture estim\u00e9e":"4 minutes"},"schema":{"@context":"https:\/\/schema.org","@graph":[{"@type":"WebPage","@id":"https:\/\/www.coach-hunter.com\/content\/dejeps-sports-de-combat\/","url":"https:\/\/www.coach-hunter.com\/content\/dejeps-sports-de-combat\/","name":"DEJEPS Sports de combat : votre sp\u00e9cialit\u00e9 avec Coach Hunter","isPartOf":{"@id":"https:\/\/www.coach-hunter.com\/content\/#website"},"primaryImageOfPage":{"@id":"https:\/\/www.coach-hunter.com\/content\/dejeps-sports-de-combat\/#primaryimage"},"image":{"@id":"https:\/\/www.coach-hunter.com\/content\/dejeps-sports-de-combat\/#primaryimage"},"thumbnailUrl":"https:\/\/www.coach-hunter.com\/content\/wp-content\/uploads\/2020\/08\/dejeps-sports-de-combat-Copie.jpg","datePublished":"2020-09-02T13:02:42+00:00","dateModified":"2020-09-02T13:18:36+00:00","description":"Trouvez facilement le DEJEPS Sports de combat qui vous convient gr\u00e2ce \u00e0 Coach Hunter ! Devenez un professionnel du sport avec un dipl\u00f4me d'Etat !","breadcrumb":{"@id":"https:\/\/www.coach-hunter.com\/content\/dejeps-sports-de-combat\/#breadcrumb"},"inLanguage":"fr-FR","potentialAction":[{"@type":"ReadAction","target":["https:\/\/www.coach-hunter.com\/content\/dejeps-sports-de-combat\/"]}]},{"@type":"ImageObject","inLanguage":"fr-FR","@id":"https:\/\/www.coach-hunter.com\/content\/dejeps-sports-de-combat\/#primaryimage","url":"https:\/\/www.coach-hunter.com\/content\/wp-content\/uploads\/2020\/08\/dejeps-sports-de-combat-Copie.jpg","contentUrl":"https:\/\/www.coach-hunter.com\/content\/wp-content\/uploads\/2020\/08\/dejeps-sports-de-combat-Copie.jpg","width":626,"height":417},{"@type":"BreadcrumbList","@id":"https:\/\/www.coach-hunter.com\/content\/dejeps-sports-de-combat\/#breadcrumb","itemListElement":[{"@type":"ListItem","position":1,"name":"Accueil","item":"https:\/\/www.coach-hunter.com\/content\/"},{"@type":"ListItem","position":2,"name":"Trouvez le DEJEPS Sports de combat qui vous convient !"}]},{"@type":"WebSite","@id":"https:\/\/www.coach-hunter.com\/content\/#website","url":"https:\/\/www.coach-hunter.com\/content\/","name":"Blog Coach Hunter","description":"","potentialAction":[{"@type":"SearchAction","target":{"@type":"EntryPoint","urlTemplate":"https:\/\/www.coach-hunter.com\/content\/?s={search_term_string}"},"query-input":{"@type":"PropertyValueSpecification","valueRequired":true,"valueName":"search_term_string"}}],"inLanguage":"fr-FR"}]}},"_links":{"self":[{"href":"https:\/\/www.coach-hunter.com\/content\/wp-json\/wp\/v2\/pages\/1354","targetHints":{"allow":["GET"]}}],"collection":[{"href":"https:\/\/www.coach-hunter.com\/content\/wp-json\/wp\/v2\/pages"}],"about":[{"href":"https:\/\/www.coach-hunter.com\/content\/wp-json\/wp\/v2\/types\/page"}],"author":[{"embeddable":true,"href":"https:\/\/www.coach-hunter.com\/content\/wp-json\/wp\/v2\/users\/5"}],"replies":[{"embeddable":true,"href":"https:\/\/www.coach-hunter.com\/content\/wp-json\/wp\/v2\/comments?post=1354"}],"version-history":[{"count":6,"href":"https:\/\/www.coach-hunter.com\/content\/wp-json\/wp\/v2\/pages\/1354\/revisions"}],"predecessor-version":[{"id":1411,"href":"https:\/\/www.coach-hunter.com\/content\/wp-json\/wp\/v2\/pages\/1354\/revisions\/1411"}],"wp:attachment":[{"href":"https:\/\/www.coach-hunter.com\/content\/wp-json\/wp\/v2\/media?parent=1354"}],"curies":[{"name":"wp","href":"https:\/\/api.w.org\/{rel}","templated":true}]}}