{"id":1217,"date":"2020-09-02T11:56:03","date_gmt":"2020-09-02T11:56:03","guid":{"rendered":"https:\/\/www.coach-hunter.com\/content\/?page_id=1217"},"modified":"2021-06-14T13:52:10","modified_gmt":"2021-06-14T13:52:10","slug":"dejeps-taekwondo-et-disciplines-associees","status":"publish","type":"page","link":"https:\/\/www.coach-hunter.com\/content\/dejeps-taekwondo-et-disciplines-associees\/","title":{"rendered":"Tout sur le DEJEPS Taekwondo et disciplines associ\u00e9es"},"content":{"rendered":"\n<p>Le <strong>dipl\u00f4me d&rsquo;\u00e9tat de la jeunesse, de l\u2019\u00e9ducation populaire et du sport<\/strong> est le cursus destin\u00e9 aux cadres sportifs. La mention Taekwondo appartient aux&nbsp;<a class=\"callAction\" href=\"https:\/\/www.coach-hunter.com\/content\/dejeps-sports-de-combat\/\">DEJEPS Sports de combat<\/a>.<br>En somme, les d\u00e9tenteurs du <strong>DEJEPS Taekwondo et disciplines associ\u00e9es<\/strong> pourront encadrer cette discipline. Il seront donc entra\u00eeneurs de taekwondo aupr\u00e8s de divers publics.<\/p>\n\n\n\n<div class=\"wp-block-image\"><figure class=\"aligncenter size-large\"><img loading=\"lazy\" decoding=\"async\" width=\"1024\" height=\"727\" src=\"https:\/\/www.coach-hunter.com\/content\/wp-content\/uploads\/2020\/07\/dejeps-taekwondo-et-disciplines-associ\u00e9es-Copie-1024x727.jpg\" alt=\"dejeps taewondo et disciplines associ\u00e9es\" class=\"wp-image-1218\" srcset=\"https:\/\/www.coach-hunter.com\/content\/wp-content\/uploads\/2020\/07\/dejeps-taekwondo-et-disciplines-associ\u00e9es-Copie-1024x727.jpg 1024w, https:\/\/www.coach-hunter.com\/content\/wp-content\/uploads\/2020\/07\/dejeps-taekwondo-et-disciplines-associ\u00e9es-Copie-300x213.jpg 300w, https:\/\/www.coach-hunter.com\/content\/wp-content\/uploads\/2020\/07\/dejeps-taekwondo-et-disciplines-associ\u00e9es-Copie-768x545.jpg 768w, https:\/\/www.coach-hunter.com\/content\/wp-content\/uploads\/2020\/07\/dejeps-taekwondo-et-disciplines-associ\u00e9es-Copie.jpg 1200w\" sizes=\"auto, (max-width: 709px) 85vw, (max-width: 909px) 67vw, (max-width: 1362px) 62vw, 840px\" \/><\/figure><\/div>\n\n\n\n<div class='flexo'><div class=\"lames2\">\n\n\n\n<h2 class=\"wp-block-heading\">Les objectifs du&nbsp;DEJEPS sp\u00e9cialit\u00e9 perfectionnement sportif mention Taekwondo et disciplines associ\u00e9es<\/h2>\n\n\n\n<p>En somme, le <strong>DEJEPS mention Taekwondo <\/strong>permet de former les entra\u00eeneurs sportifs encadrant la pratique du taekwondo. Cette discipline cor\u00e9enne est un sport \u00ab\u00a0plein contact\u00a0\u00bb. Son nom se traduit par d&rsquo;ailleurs \u00ab\u00a0<strong>La voie du pied et du poing<\/strong>\u00ab\u00a0. De ce fait, le professeur de sport devra enseigner \u00e0 ses \u00e9l\u00e8ves les r\u00e8gles de s\u00e9curit\u00e9 permettant une pratique sans encombre. <\/p>\n\n\n\n<p>De plus, les dipl\u00f4m\u00e9s devront conduire une <strong>d\u00e9marche de perfectionnement sportif<\/strong> dans un but d&rsquo;am\u00e9lioration de performances. Ils exerceront dans le cadre de projets p\u00e9dagogiques et techniques d\u00e9cid\u00e9s au sein de leur structure.<\/p>\n\n\n\n<p>Les <strong>d\u00e9tenteurs du DEJEPS Taekwondo<\/strong> devront aussi <strong>concevoir des projets d&rsquo;action<\/strong> pour d\u00e9velopper la pratique sportive de la mention. \u00c9ventuellement, il leur sera demand\u00e9 de <strong>participer au fonctionnement<\/strong> de leur structure d&rsquo;accueil.<\/p>\n\n\n\n<\/div><div class=\"lames2\">\n\n\n\n<h2 class=\"wp-block-heading\">Quel parcours pour obtenir le DEJEPS sp\u00e9cialit\u00e9 Taekwondo ?<\/h2>\n\n\n\n<p>Le<strong> DEJEPS Taekwondo et DA <\/strong>forme des professionnels capables de proposer des <strong>programmes d&rsquo;entrainement<\/strong> adapt\u00e9s au niveau et objectifs de leur public. Ils auront ainsi pour mission la <strong>mise en oeuvre d&rsquo;un projet d&rsquo;action<\/strong> relatif \u00e0 la performance sportive. <\/p>\n\n\n\n<p>Toutefois, les cadres techniques ont instaur\u00e9 un certain nombre d&rsquo; <strong>exigences pr\u00e9alables requises<\/strong> afin d&rsquo;acc\u00e9der \u00e0 cette formation. En outre, les candidats devront passer des <strong>tests de s\u00e9lection<\/strong> sous la forme d&rsquo;une <strong>d\u00e9monstration technique<\/strong> d&rsquo;un niveau 1er dan (<a href=\"https:\/\/grand-est.drdjscs.gouv.fr\/sites\/grand-est.drdjscs.gouv.fr\/IMG\/pdf\/Taekwondo.pdf\" target=\"_blank\" rel=\"noreferrer noopener\">en savoir plus<\/a>). Ce test sera compl\u00e9t\u00e9 par une pr\u00e9sentation orale relatant une <strong>exp\u00e9rience d&rsquo;encadrement en taekwondo<\/strong>.<\/p>\n\n\n\n<p><strong>Accessibilit\u00e9<\/strong> : Il faut \u00eatre titulaire du PSC1 ou d\u2019un dipl\u00f4me \u00e9quivalent.<br><strong>Dur\u00e9e de formation<\/strong>&nbsp;:&nbsp;1200 heures environ dont : 700 heures en centres de formation agr\u00e9\u00e9s, 500 heures en structure sportive<br><strong>Co\u00fbt de la formation<\/strong>&nbsp;:&nbsp;9 000 \u20ac environ<\/p>\n\n\n\n<\/div><\/div>\n\n\n\n<h2 class=\"wp-block-heading\">D\u2019autres DEJEPS Sports de combat :<\/h2>\n\n\n\n<ul class=\"wp-block-list\"><li><a href=\"https:\/\/www.coach-hunter.com\/content\/dejeps-arts-martiaux-chinois\/\">DEJEPS Arts martiaux chinois<\/a><\/li><li><a href=\"https:\/\/www.coach-hunter.com\/content\/dejeps-aikido-aikibudo-et-disciplines-associees\/\">DEJEPS A\u00efkido a\u00efkibudo et disciplines associ\u00e9es<\/a><\/li><li><a href=\"https:\/\/www.coach-hunter.com\/content\/dejeps-boxe\/\">DEJEPS Boxe<\/a><\/li><li><a href=\"https:\/\/www.coach-hunter.com\/content\/dejeps-boxe-thai-muay-thai\/\">DEJEPS Boxe tha\u00ef \u2013 muay tha\u00ef<\/a><\/li><li><a href=\"https:\/\/www.coach-hunter.com\/content\/dejeps-full-contact-boxe-americaine\/\">DEJEPS Full contact \u2013 Boxe am\u00e9ricaine<\/a><\/li><li><a href=\"https:\/\/www.coach-hunter.com\/content\/dejeps-judo-jujitsu\/\">DEJEPS Judo \u2013 Jujitsu<\/a><\/li><li><a href=\"https:\/\/www.coach-hunter.com\/content\/dejeps-karate-et-disciplines-associees\/\">DEJEPS Karat\u00e9 et disciplines associ\u00e9es<\/a><\/li><li><a href=\"https:\/\/www.coach-hunter.com\/content\/dejeps-kick-boxing\/\">DEJEPS Kick \u2013 boxing<\/a><\/li><li><a href=\"https:\/\/www.coach-hunter.com\/content\/dejeps-lutte-et-disciplines-associees\/\">DEJEPS Lutte et disciplines associ\u00e9es<\/a><\/li><li><a href=\"https:\/\/www.coach-hunter.com\/content\/dejeps-savate-boxe-francaise\/\">DEJEPS Savate Boxe Fran\u00e7aise<\/a><\/li><\/ul>\n","protected":false},"excerpt":{"rendered":"<p>Le dipl\u00f4me d&rsquo;\u00e9tat de la jeunesse, de l\u2019\u00e9ducation populaire et du sport est le cursus destin\u00e9 aux cadres sportifs. La mention Taekwondo appartient aux&nbsp;DEJEPS Sports de combat.En somme, les d\u00e9tenteurs du DEJEPS Taekwondo et disciplines associ\u00e9es pourront encadrer cette discipline. Il seront donc entra\u00eeneurs de taekwondo aupr\u00e8s de divers publics. Les objectifs du&nbsp;DEJEPS sp\u00e9cialit\u00e9 perfectionnement &hellip; <a href=\"https:\/\/www.coach-hunter.com\/content\/dejeps-taekwondo-et-disciplines-associees\/\" class=\"more-link\">Continuer la lecture<span class=\"screen-reader-text\"> de &laquo;&nbsp;Tout sur le DEJEPS Taekwondo et disciplines associ\u00e9es&nbsp;&raquo;<\/span><\/a><\/p>\n","protected":false},"author":5,"featured_media":0,"parent":0,"menu_order":0,"comment_status":"closed","ping_status":"closed","template":"","meta":{"footnotes":""},"class_list":["post-1217","page","type-page","status-publish","hentry"],"yoast_head":"<!-- This site is optimized with the Yoast SEO plugin v27.6 - https:\/\/yoast.com\/product\/yoast-seo-wordpress\/ -->\n<title>DEJEPS Taekwondo et disciplines associ\u00e9es : pour \u00eatre entra\u00eeneur sportif<\/title>\n<meta name=\"description\" content=\"Le DEJEPS Taekwondo et disciplines associ\u00e9es est le dipl\u00f4me d&#039;Etat permettant d&#039;exercer en tant que coach sportif enseignant le taekwondo.\" \/>\n<meta name=\"robots\" content=\"index, follow, max-snippet:-1, max-image-preview:large, max-video-preview:-1\" \/>\n<link rel=\"canonical\" href=\"https:\/\/www.coach-hunter.com\/content\/dejeps-taekwondo-et-disciplines-associees\/\" \/>\n<meta property=\"og:locale\" content=\"fr_FR\" \/>\n<meta property=\"og:type\" content=\"article\" \/>\n<meta property=\"og:title\" content=\"DEJEPS Taekwondo et disciplines associ\u00e9es : pour \u00eatre entra\u00eeneur sportif\" \/>\n<meta property=\"og:description\" content=\"Le DEJEPS Taekwondo et disciplines associ\u00e9es est le dipl\u00f4me d&#039;Etat permettant d&#039;exercer en tant que coach sportif enseignant le taekwondo.\" \/>\n<meta property=\"og:url\" content=\"https:\/\/www.coach-hunter.com\/content\/dejeps-taekwondo-et-disciplines-associees\/\" \/>\n<meta property=\"og:site_name\" content=\"Blog Coach Hunter\" \/>\n<meta property=\"article:modified_time\" content=\"2021-06-14T13:52:10+00:00\" \/>\n<meta name=\"twitter:card\" content=\"summary_large_image\" \/>\n<meta name=\"twitter:label1\" content=\"Dur\u00e9e de lecture estim\u00e9e\" \/>\n\t<meta name=\"twitter:data1\" content=\"2 minutes\" \/>\n<script type=\"application\/ld+json\" class=\"yoast-schema-graph\">{\"@context\":\"https:\\\/\\\/schema.org\",\"@graph\":[{\"@type\":\"WebPage\",\"@id\":\"https:\\\/\\\/www.coach-hunter.com\\\/content\\\/dejeps-taekwondo-et-disciplines-associees\\\/\",\"url\":\"https:\\\/\\\/www.coach-hunter.com\\\/content\\\/dejeps-taekwondo-et-disciplines-associees\\\/\",\"name\":\"DEJEPS Taekwondo et disciplines associ\u00e9es : pour \u00eatre entra\u00eeneur sportif\",\"isPartOf\":{\"@id\":\"https:\\\/\\\/www.coach-hunter.com\\\/content\\\/#website\"},\"datePublished\":\"2020-09-02T11:56:03+00:00\",\"dateModified\":\"2021-06-14T13:52:10+00:00\",\"description\":\"Le DEJEPS Taekwondo et disciplines associ\u00e9es est le dipl\u00f4me d'Etat permettant d'exercer en tant que coach sportif enseignant le taekwondo.\",\"breadcrumb\":{\"@id\":\"https:\\\/\\\/www.coach-hunter.com\\\/content\\\/dejeps-taekwondo-et-disciplines-associees\\\/#breadcrumb\"},\"inLanguage\":\"fr-FR\",\"potentialAction\":[{\"@type\":\"ReadAction\",\"target\":[\"https:\\\/\\\/www.coach-hunter.com\\\/content\\\/dejeps-taekwondo-et-disciplines-associees\\\/\"]}]},{\"@type\":\"BreadcrumbList\",\"@id\":\"https:\\\/\\\/www.coach-hunter.com\\\/content\\\/dejeps-taekwondo-et-disciplines-associees\\\/#breadcrumb\",\"itemListElement\":[{\"@type\":\"ListItem\",\"position\":1,\"name\":\"Accueil\",\"item\":\"https:\\\/\\\/www.coach-hunter.com\\\/content\\\/\"},{\"@type\":\"ListItem\",\"position\":2,\"name\":\"Tout sur le DEJEPS Taekwondo et disciplines associ\u00e9es\"}]},{\"@type\":\"WebSite\",\"@id\":\"https:\\\/\\\/www.coach-hunter.com\\\/content\\\/#website\",\"url\":\"https:\\\/\\\/www.coach-hunter.com\\\/content\\\/\",\"name\":\"Blog Coach Hunter\",\"description\":\"\",\"potentialAction\":[{\"@type\":\"SearchAction\",\"target\":{\"@type\":\"EntryPoint\",\"urlTemplate\":\"https:\\\/\\\/www.coach-hunter.com\\\/content\\\/?s={search_term_string}\"},\"query-input\":{\"@type\":\"PropertyValueSpecification\",\"valueRequired\":true,\"valueName\":\"search_term_string\"}}],\"inLanguage\":\"fr-FR\"}]}<\/script>\n<!-- \/ Yoast SEO plugin. -->","yoast_head_json":{"title":"DEJEPS Taekwondo et disciplines associ\u00e9es : pour \u00eatre entra\u00eeneur sportif","description":"Le DEJEPS Taekwondo et disciplines associ\u00e9es est le dipl\u00f4me d'Etat permettant d'exercer en tant que coach sportif enseignant le taekwondo.","robots":{"index":"index","follow":"follow","max-snippet":"max-snippet:-1","max-image-preview":"max-image-preview:large","max-video-preview":"max-video-preview:-1"},"canonical":"https:\/\/www.coach-hunter.com\/content\/dejeps-taekwondo-et-disciplines-associees\/","og_locale":"fr_FR","og_type":"article","og_title":"DEJEPS Taekwondo et disciplines associ\u00e9es : pour \u00eatre entra\u00eeneur sportif","og_description":"Le DEJEPS Taekwondo et disciplines associ\u00e9es est le dipl\u00f4me d'Etat permettant d'exercer en tant que coach sportif enseignant le taekwondo.","og_url":"https:\/\/www.coach-hunter.com\/content\/dejeps-taekwondo-et-disciplines-associees\/","og_site_name":"Blog Coach Hunter","article_modified_time":"2021-06-14T13:52:10+00:00","twitter_card":"summary_large_image","twitter_misc":{"Dur\u00e9e de lecture estim\u00e9e":"2 minutes"},"schema":{"@context":"https:\/\/schema.org","@graph":[{"@type":"WebPage","@id":"https:\/\/www.coach-hunter.com\/content\/dejeps-taekwondo-et-disciplines-associees\/","url":"https:\/\/www.coach-hunter.com\/content\/dejeps-taekwondo-et-disciplines-associees\/","name":"DEJEPS Taekwondo et disciplines associ\u00e9es : pour \u00eatre entra\u00eeneur sportif","isPartOf":{"@id":"https:\/\/www.coach-hunter.com\/content\/#website"},"datePublished":"2020-09-02T11:56:03+00:00","dateModified":"2021-06-14T13:52:10+00:00","description":"Le DEJEPS Taekwondo et disciplines associ\u00e9es est le dipl\u00f4me d'Etat permettant d'exercer en tant que coach sportif enseignant le taekwondo.","breadcrumb":{"@id":"https:\/\/www.coach-hunter.com\/content\/dejeps-taekwondo-et-disciplines-associees\/#breadcrumb"},"inLanguage":"fr-FR","potentialAction":[{"@type":"ReadAction","target":["https:\/\/www.coach-hunter.com\/content\/dejeps-taekwondo-et-disciplines-associees\/"]}]},{"@type":"BreadcrumbList","@id":"https:\/\/www.coach-hunter.com\/content\/dejeps-taekwondo-et-disciplines-associees\/#breadcrumb","itemListElement":[{"@type":"ListItem","position":1,"name":"Accueil","item":"https:\/\/www.coach-hunter.com\/content\/"},{"@type":"ListItem","position":2,"name":"Tout sur le DEJEPS Taekwondo et disciplines associ\u00e9es"}]},{"@type":"WebSite","@id":"https:\/\/www.coach-hunter.com\/content\/#website","url":"https:\/\/www.coach-hunter.com\/content\/","name":"Blog Coach Hunter","description":"","potentialAction":[{"@type":"SearchAction","target":{"@type":"EntryPoint","urlTemplate":"https:\/\/www.coach-hunter.com\/content\/?s={search_term_string}"},"query-input":{"@type":"PropertyValueSpecification","valueRequired":true,"valueName":"search_term_string"}}],"inLanguage":"fr-FR"}]}},"_links":{"self":[{"href":"https:\/\/www.coach-hunter.com\/content\/wp-json\/wp\/v2\/pages\/1217","targetHints":{"allow":["GET"]}}],"collection":[{"href":"https:\/\/www.coach-hunter.com\/content\/wp-json\/wp\/v2\/pages"}],"about":[{"href":"https:\/\/www.coach-hunter.com\/content\/wp-json\/wp\/v2\/types\/page"}],"author":[{"embeddable":true,"href":"https:\/\/www.coach-hunter.com\/content\/wp-json\/wp\/v2\/users\/5"}],"replies":[{"embeddable":true,"href":"https:\/\/www.coach-hunter.com\/content\/wp-json\/wp\/v2\/comments?post=1217"}],"version-history":[{"count":6,"href":"https:\/\/www.coach-hunter.com\/content\/wp-json\/wp\/v2\/pages\/1217\/revisions"}],"predecessor-version":[{"id":2050,"href":"https:\/\/www.coach-hunter.com\/content\/wp-json\/wp\/v2\/pages\/1217\/revisions\/2050"}],"wp:attachment":[{"href":"https:\/\/www.coach-hunter.com\/content\/wp-json\/wp\/v2\/media?parent=1217"}],"curies":[{"name":"wp","href":"https:\/\/api.w.org\/{rel}","templated":true}]}}